{"id":7875,"date":"2020-06-26T14:17:17","date_gmt":"2020-06-26T13:17:17","guid":{"rendered":"https:\/\/www.univ-mila.dz\/?page_id=7875"},"modified":"2021-04-21T15:12:38","modified_gmt":"2021-04-21T14:12:38","slug":"domaine-sciences-economiques-de-gestion-et-commerciales","status":"publish","type":"page","link":"https:\/\/www.univ-mila.dz\/?page_id=7875&lang=fr","title":{"rendered":"Domaine Sciences \u00c9conomiques, de Gestion et Commerciales"},"content":{"rendered":"<p>[vc_row][vc_column][vc_column_text]<\/p>\n<div style=\"text-align: center;\"><img loading=\"lazy\" decoding=\"async\" class=\"aligncenter wp-image-7778 size-thumb_100x100\" src=\"https:\/\/www.univ-mila.dz\/wp-content\/uploads\/2020\/06\/Economie-1-100x100.png\" alt=\"\" width=\"100\" height=\"100\" srcset=\"https:\/\/www.univ-mila.dz\/wp-content\/uploads\/2020\/06\/Economie-1-100x100.png 100w, https:\/\/www.univ-mila.dz\/wp-content\/uploads\/2020\/06\/Economie-1-150x150.png 150w, https:\/\/www.univ-mila.dz\/wp-content\/uploads\/2020\/06\/Economie-1-50x50.png 50w, https:\/\/www.univ-mila.dz\/wp-content\/uploads\/2020\/06\/Economie-1-80x80.png 80w, https:\/\/www.univ-mila.dz\/wp-content\/uploads\/2020\/06\/Economie-1.png 200w\" sizes=\"auto, (max-width: 100px) 100vw, 100px\" \/><br \/>\n<span style=\"color: #800000;\"><strong>Sciences \u00c9conomiques, de Gestion et Commerciales\u00a0<\/strong><\/span><\/div>\n<p>&nbsp;<\/p>\n<p class=\"textheader\">Formations en Licence<\/p>\n<p><strong>1. Fili\u00e8re des sciences de gestion : comprend 02 sp\u00e9cialit\u00e9s<\/strong><\/p>\n<ul>\n<li>Management financier (<em>licence acad\u00e9mique)<\/em>.<\/li>\n<li>Management (<em>licence acad\u00e9mique)<\/em>.<\/li>\n<\/ul>\n<p><strong>2. Fili\u00e8re des sciences commerciales : comprend 01 sp\u00e9cialit\u00e9<\/strong><\/p>\n<ul>\n<li><span style=\"color: #0000ff;\"><strong><a style=\"color: #0000ff;\" href=\"\/?page_id=15308&amp;lang=fr\">Marketing (<em>licence acad\u00e9mique)<\/em>.<\/a><\/strong><\/span><\/li>\n<\/ul>\n<p><strong>3. Fili\u00e8re des sciences financi\u00e8res et comptabilit\u00e9 : comprend 01 sp\u00e9cialit\u00e9<\/strong><\/p>\n<ul>\n<li>Comptabilit\u00e9 et fiscalit\u00e9 (<em>licence acad\u00e9mique)<\/em>.<\/li>\n<\/ul>\n<p><strong>4. Fili\u00e8re des sciences \u00e9conomiques :<\/strong><\/p>\n<ul>\n<li><strong><span style=\"color: #0000ff;\"><a style=\"color: #0000ff;\" href=\"\/?page_id=15319&amp;lang=fr\">Economie mon\u00e9taire et bancaire\u00a0(<em>licence acad\u00e9mique)<\/em>.<\/a><\/span><\/strong><\/li>\n<\/ul>\n<p class=\"textheader\">Formations en Master<\/p>\n<p><strong>1. Fili\u00e8re des sciences de gestion : comprend 02 sp\u00e9cialit\u00e9s<\/strong><\/p>\n<ul>\n<li><strong><span style=\"color: #0000ff;\"><a style=\"color: #0000ff;\" href=\"\/?page_id=15330&amp;lang=fr\">Management financier (<em>master acad\u00e9mique)<\/em>.<\/a><\/span><\/strong><\/li>\n<li><strong><span style=\"color: #0000ff;\"><a style=\"color: #0000ff;\" href=\"\/?page_id=15326&amp;lang=fr\">Management (<em>master acad\u00e9mique)<\/em>.<\/a><\/span><\/strong><\/li>\n<\/ul>\n<p><strong>2. Fili\u00e8re des sciences commerciales :<\/strong><\/p>\n<ul>\n<li>Marketing de services\u00a0(<em>master acad\u00e9mique)<\/em>.<\/li>\n<\/ul>\n<p><strong>3. Fili\u00e8re des finances et de la comptabilit\u00e9 : comprend 01 sp\u00e9cialit\u00e9<\/strong><\/p>\n<ul>\n<li><strong><span style=\"color: #0000ff;\"><a style=\"color: #0000ff;\" href=\"\/?page_id=15681&amp;lang=fr\">Finance d\u2019entreprise\u00a0(<em>master acad\u00e9mique)<\/em>.<\/a><\/span><\/strong><\/li>\n<\/ul>\n<p><strong>4. Fili\u00e8re des sciences \u00e9conomiques :<\/strong><\/p>\n<ul>\n<li>Economie mon\u00e9taire et bancaire\u00a0(<em>master acad\u00e9mique)<\/em>.<\/li>\n<\/ul>\n<p>[\/vc_column_text][\/vc_column][\/vc_row]<\/p>\n","protected":false},"excerpt":{"rendered":"<p>[vc_row][vc_column][vc_column_text] Sciences \u00c9conomiques, de Gestion et Commerciales\u00a0 &nbsp; Formations en Licence 1. Fili\u00e8re des sciences de gestion : comprend 02 sp\u00e9cialit\u00e9s Management financier (licence acad\u00e9mique). Management (licence acad\u00e9mique). 2. Fili\u00e8re des sciences commerciales : comprend 01 sp\u00e9cialit\u00e9 Marketing (licence acad\u00e9mique). 3. Fili\u00e8re des sciences financi\u00e8res et comptabilit\u00e9 : comprend 01 sp\u00e9cialit\u00e9 Comptabilit\u00e9 et fiscalit\u00e9 (licence [&hellip;]<\/p>\n","protected":false},"author":1,"featured_media":7780,"parent":7868,"menu_order":0,"comment_status":"closed","ping_status":"closed","template":"","meta":{"footnotes":""},"class_list":["post-7875","page","type-page","status-publish","has-post-thumbnail","hentry"],"yoast_head":"<!-- This site is optimized with the Yoast SEO plugin v26.3 - https:\/\/yoast.com\/wordpress\/plugins\/seo\/ -->\n<title>Domaine Sciences \u00c9conomiques, de Gestion et Commerciales - \u062c\u0627\u0645\u0639\u0629 \u0645\u064a\u0644\u0629<\/title>\n<meta name=\"robots\" content=\"index, follow, max-snippet:-1, max-image-preview:large, max-video-preview:-1\" \/>\n<link rel=\"canonical\" href=\"https:\/\/www.univ-mila.dz\/?page_id=7875&lang=fr\" \/>\n<meta property=\"og:locale\" content=\"ar_AR\" \/>\n<meta property=\"og:type\" content=\"article\" \/>\n<meta property=\"og:title\" content=\"Domaine Sciences \u00c9conomiques, de Gestion et Commerciales - \u062c\u0627\u0645\u0639\u0629 \u0645\u064a\u0644\u0629\" \/>\n<meta property=\"og:description\" content=\"[vc_row][vc_column][vc_column_text] Sciences \u00c9conomiques, de Gestion et Commerciales\u00a0 &nbsp; Formations en Licence 1. Fili\u00e8re des sciences de gestion : comprend 02 sp\u00e9cialit\u00e9s Management financier (licence acad\u00e9mique). Management (licence acad\u00e9mique). 2. Fili\u00e8re des sciences commerciales : comprend 01 sp\u00e9cialit\u00e9 Marketing (licence acad\u00e9mique). 3. Fili\u00e8re des sciences financi\u00e8res et comptabilit\u00e9 : comprend 01 sp\u00e9cialit\u00e9 Comptabilit\u00e9 et fiscalit\u00e9 (licence [&hellip;]\" \/>\n<meta property=\"og:url\" content=\"https:\/\/www.univ-mila.dz\/?page_id=7875&amp;lang=fr\" \/>\n<meta property=\"og:site_name\" content=\"\u062c\u0627\u0645\u0639\u0629 \u0645\u064a\u0644\u0629\" \/>\n<meta property=\"article:publisher\" content=\"https:\/\/www.facebook.com\/univmila\/\" \/>\n<meta property=\"article:modified_time\" content=\"2021-04-21T14:12:38+00:00\" \/>\n<meta property=\"og:image\" content=\"https:\/\/www.univ-mila.dz\/wp-content\/uploads\/2020\/06\/Economie-1.png\" \/>\n\t<meta property=\"og:image:width\" content=\"200\" \/>\n\t<meta property=\"og:image:height\" content=\"200\" \/>\n\t<meta property=\"og:image:type\" content=\"image\/png\" \/>\n<meta name=\"twitter:card\" content=\"summary_large_image\" \/>\n<meta name=\"twitter:site\" content=\"@univmila\" \/>\n<meta name=\"twitter:label1\" content=\"\u0648\u0642\u062a \u0627\u0644\u0642\u0631\u0627\u0621\u0629 \u0627\u0644\u0645\u064f\u0642\u062f\u0651\u0631\" \/>\n\t<meta name=\"twitter:data1\" content=\"1 \u062f\u0642\u064a\u0642\u0629\" \/>\n<script type=\"application\/ld+json\" class=\"yoast-schema-graph\">{\"@context\":\"https:\/\/schema.org\",\"@graph\":[{\"@type\":\"WebPage\",\"@id\":\"https:\/\/www.univ-mila.dz\/?page_id=7875&lang=fr\",\"url\":\"https:\/\/www.univ-mila.dz\/?page_id=7875&lang=fr\",\"name\":\"Domaine Sciences \u00c9conomiques, de Gestion et Commerciales - \u062c\u0627\u0645\u0639\u0629 \u0645\u064a\u0644\u0629\",\"isPartOf\":{\"@id\":\"https:\/\/www.univ-mila.dz\/#website\"},\"primaryImageOfPage\":{\"@id\":\"https:\/\/www.univ-mila.dz\/?page_id=7875&lang=fr#primaryimage\"},\"image\":{\"@id\":\"https:\/\/www.univ-mila.dz\/?page_id=7875&lang=fr#primaryimage\"},\"thumbnailUrl\":\"https:\/\/www.univ-mila.dz\/wp-content\/uploads\/2020\/06\/Economie-1.png\",\"datePublished\":\"2020-06-26T13:17:17+00:00\",\"dateModified\":\"2021-04-21T14:12:38+00:00\",\"breadcrumb\":{\"@id\":\"https:\/\/www.univ-mila.dz\/?page_id=7875&lang=fr#breadcrumb\"},\"inLanguage\":\"ar\",\"potentialAction\":[{\"@type\":\"ReadAction\",\"target\":[\"https:\/\/www.univ-mila.dz\/?page_id=7875&lang=fr\"]}]},{\"@type\":\"ImageObject\",\"inLanguage\":\"ar\",\"@id\":\"https:\/\/www.univ-mila.dz\/?page_id=7875&lang=fr#primaryimage\",\"url\":\"https:\/\/www.univ-mila.dz\/wp-content\/uploads\/2020\/06\/Economie-1.png\",\"contentUrl\":\"https:\/\/www.univ-mila.dz\/wp-content\/uploads\/2020\/06\/Economie-1.png\",\"width\":200,\"height\":200},{\"@type\":\"BreadcrumbList\",\"@id\":\"https:\/\/www.univ-mila.dz\/?page_id=7875&lang=fr#breadcrumb\",\"itemListElement\":[{\"@type\":\"ListItem\",\"position\":1,\"name\":\"Offres de formation\",\"item\":\"https:\/\/www.univ-mila.dz\/?page_id=7868&lang=fr\"},{\"@type\":\"ListItem\",\"position\":2,\"name\":\"Domaine Sciences \u00c9conomiques, de Gestion et Commerciales\"}]},{\"@type\":\"WebSite\",\"@id\":\"https:\/\/www.univ-mila.dz\/#website\",\"url\":\"https:\/\/www.univ-mila.dz\/\",\"name\":\"\u062c\u0627\u0645\u0639\u0629 \u0639\u0628\u062f \u0627\u0644\u062d\u0641\u064a\u0638 \u0628\u0648\u0627\u0644\u0635\u0648\u0641\",\"description\":\"\u0645\u064a\u0644\u0629\",\"publisher\":{\"@id\":\"https:\/\/www.univ-mila.dz\/#organization\"},\"potentialAction\":[{\"@type\":\"SearchAction\",\"target\":{\"@type\":\"EntryPoint\",\"urlTemplate\":\"https:\/\/www.univ-mila.dz\/?s={search_term_string}\"},\"query-input\":{\"@type\":\"PropertyValueSpecification\",\"valueRequired\":true,\"valueName\":\"search_term_string\"}}],\"inLanguage\":\"ar\"},{\"@type\":\"Organization\",\"@id\":\"https:\/\/www.univ-mila.dz\/#organization\",\"name\":\"\u062c\u0627\u0645\u0639\u0629 \u0639\u0628\u062f \u0627\u0644\u062d\u0641\u064a\u0638 \u0628\u0648\u0627\u0644\u0635\u0648\u0641 - \u0645\u064a\u0644\u0629\",\"url\":\"https:\/\/www.univ-mila.dz\/\",\"logo\":{\"@type\":\"ImageObject\",\"inLanguage\":\"ar\",\"@id\":\"https:\/\/www.univ-mila.dz\/#\/schema\/logo\/image\/\",\"url\":\"http:\/\/www.centre-univ-mila.dz\/wp-content\/uploads\/2019\/02\/1416395352cumtransparent.png\",\"contentUrl\":\"http:\/\/www.centre-univ-mila.dz\/wp-content\/uploads\/2019\/02\/1416395352cumtransparent.png\",\"width\":208,\"height\":268,\"caption\":\"\u062c\u0627\u0645\u0639\u0629 \u0639\u0628\u062f \u0627\u0644\u062d\u0641\u064a\u0638 \u0628\u0648\u0627\u0644\u0635\u0648\u0641 - \u0645\u064a\u0644\u0629\"},\"image\":{\"@id\":\"https:\/\/www.univ-mila.dz\/#\/schema\/logo\/image\/\"},\"sameAs\":[\"https:\/\/www.facebook.com\/univmila\/\",\"https:\/\/x.com\/univmila\",\"https:\/\/www.youtube.com\/channel\/UC9--lQO1WBvXm38B70e9u5w\"]}]}<\/script>\n<!-- \/ Yoast SEO plugin. -->","yoast_head_json":{"title":"Domaine Sciences \u00c9conomiques, de Gestion et Commerciales - \u062c\u0627\u0645\u0639\u0629 \u0645\u064a\u0644\u0629","robots":{"index":"index","follow":"follow","max-snippet":"max-snippet:-1","max-image-preview":"max-image-preview:large","max-video-preview":"max-video-preview:-1"},"canonical":"https:\/\/www.univ-mila.dz\/?page_id=7875&lang=fr","og_locale":"ar_AR","og_type":"article","og_title":"Domaine Sciences \u00c9conomiques, de Gestion et Commerciales - \u062c\u0627\u0645\u0639\u0629 \u0645\u064a\u0644\u0629","og_description":"[vc_row][vc_column][vc_column_text] Sciences \u00c9conomiques, de Gestion et Commerciales\u00a0 &nbsp; Formations en Licence 1. Fili\u00e8re des sciences de gestion : comprend 02 sp\u00e9cialit\u00e9s Management financier (licence acad\u00e9mique). Management (licence acad\u00e9mique). 2. Fili\u00e8re des sciences commerciales : comprend 01 sp\u00e9cialit\u00e9 Marketing (licence acad\u00e9mique). 3. Fili\u00e8re des sciences financi\u00e8res et comptabilit\u00e9 : comprend 01 sp\u00e9cialit\u00e9 Comptabilit\u00e9 et fiscalit\u00e9 (licence [&hellip;]","og_url":"https:\/\/www.univ-mila.dz\/?page_id=7875&lang=fr","og_site_name":"\u062c\u0627\u0645\u0639\u0629 \u0645\u064a\u0644\u0629","article_publisher":"https:\/\/www.facebook.com\/univmila\/","article_modified_time":"2021-04-21T14:12:38+00:00","og_image":[{"width":200,"height":200,"url":"https:\/\/www.univ-mila.dz\/wp-content\/uploads\/2020\/06\/Economie-1.png","type":"image\/png"}],"twitter_card":"summary_large_image","twitter_site":"@univmila","twitter_misc":{"\u0648\u0642\u062a \u0627\u0644\u0642\u0631\u0627\u0621\u0629 \u0627\u0644\u0645\u064f\u0642\u062f\u0651\u0631":"1 \u062f\u0642\u064a\u0642\u0629"},"schema":{"@context":"https:\/\/schema.org","@graph":[{"@type":"WebPage","@id":"https:\/\/www.univ-mila.dz\/?page_id=7875&lang=fr","url":"https:\/\/www.univ-mila.dz\/?page_id=7875&lang=fr","name":"Domaine Sciences \u00c9conomiques, de Gestion et Commerciales - \u062c\u0627\u0645\u0639\u0629 \u0645\u064a\u0644\u0629","isPartOf":{"@id":"https:\/\/www.univ-mila.dz\/#website"},"primaryImageOfPage":{"@id":"https:\/\/www.univ-mila.dz\/?page_id=7875&lang=fr#primaryimage"},"image":{"@id":"https:\/\/www.univ-mila.dz\/?page_id=7875&lang=fr#primaryimage"},"thumbnailUrl":"https:\/\/www.univ-mila.dz\/wp-content\/uploads\/2020\/06\/Economie-1.png","datePublished":"2020-06-26T13:17:17+00:00","dateModified":"2021-04-21T14:12:38+00:00","breadcrumb":{"@id":"https:\/\/www.univ-mila.dz\/?page_id=7875&lang=fr#breadcrumb"},"inLanguage":"ar","potentialAction":[{"@type":"ReadAction","target":["https:\/\/www.univ-mila.dz\/?page_id=7875&lang=fr"]}]},{"@type":"ImageObject","inLanguage":"ar","@id":"https:\/\/www.univ-mila.dz\/?page_id=7875&lang=fr#primaryimage","url":"https:\/\/www.univ-mila.dz\/wp-content\/uploads\/2020\/06\/Economie-1.png","contentUrl":"https:\/\/www.univ-mila.dz\/wp-content\/uploads\/2020\/06\/Economie-1.png","width":200,"height":200},{"@type":"BreadcrumbList","@id":"https:\/\/www.univ-mila.dz\/?page_id=7875&lang=fr#breadcrumb","itemListElement":[{"@type":"ListItem","position":1,"name":"Offres de formation","item":"https:\/\/www.univ-mila.dz\/?page_id=7868&lang=fr"},{"@type":"ListItem","position":2,"name":"Domaine Sciences \u00c9conomiques, de Gestion et Commerciales"}]},{"@type":"WebSite","@id":"https:\/\/www.univ-mila.dz\/#website","url":"https:\/\/www.univ-mila.dz\/","name":"\u062c\u0627\u0645\u0639\u0629 \u0639\u0628\u062f \u0627\u0644\u062d\u0641\u064a\u0638 \u0628\u0648\u0627\u0644\u0635\u0648\u0641","description":"\u0645\u064a\u0644\u0629","publisher":{"@id":"https:\/\/www.univ-mila.dz\/#organization"},"potentialAction":[{"@type":"SearchAction","target":{"@type":"EntryPoint","urlTemplate":"https:\/\/www.univ-mila.dz\/?s={search_term_string}"},"query-input":{"@type":"PropertyValueSpecification","valueRequired":true,"valueName":"search_term_string"}}],"inLanguage":"ar"},{"@type":"Organization","@id":"https:\/\/www.univ-mila.dz\/#organization","name":"\u062c\u0627\u0645\u0639\u0629 \u0639\u0628\u062f \u0627\u0644\u062d\u0641\u064a\u0638 \u0628\u0648\u0627\u0644\u0635\u0648\u0641 - \u0645\u064a\u0644\u0629","url":"https:\/\/www.univ-mila.dz\/","logo":{"@type":"ImageObject","inLanguage":"ar","@id":"https:\/\/www.univ-mila.dz\/#\/schema\/logo\/image\/","url":"http:\/\/www.centre-univ-mila.dz\/wp-content\/uploads\/2019\/02\/1416395352cumtransparent.png","contentUrl":"http:\/\/www.centre-univ-mila.dz\/wp-content\/uploads\/2019\/02\/1416395352cumtransparent.png","width":208,"height":268,"caption":"\u062c\u0627\u0645\u0639\u0629 \u0639\u0628\u062f \u0627\u0644\u062d\u0641\u064a\u0638 \u0628\u0648\u0627\u0644\u0635\u0648\u0641 - \u0645\u064a\u0644\u0629"},"image":{"@id":"https:\/\/www.univ-mila.dz\/#\/schema\/logo\/image\/"},"sameAs":["https:\/\/www.facebook.com\/univmila\/","https:\/\/x.com\/univmila","https:\/\/www.youtube.com\/channel\/UC9--lQO1WBvXm38B70e9u5w"]}]}},"_links":{"self":[{"href":"https:\/\/www.univ-mila.dz\/index.php?rest_route=\/wp\/v2\/pages\/7875","targetHints":{"allow":["GET"]}}],"collection":[{"href":"https:\/\/www.univ-mila.dz\/index.php?rest_route=\/wp\/v2\/pages"}],"about":[{"href":"https:\/\/www.univ-mila.dz\/index.php?rest_route=\/wp\/v2\/types\/page"}],"author":[{"embeddable":true,"href":"https:\/\/www.univ-mila.dz\/index.php?rest_route=\/wp\/v2\/users\/1"}],"replies":[{"embeddable":true,"href":"https:\/\/www.univ-mila.dz\/index.php?rest_route=%2Fwp%2Fv2%2Fcomments&post=7875"}],"version-history":[{"count":13,"href":"https:\/\/www.univ-mila.dz\/index.php?rest_route=\/wp\/v2\/pages\/7875\/revisions"}],"predecessor-version":[{"id":15693,"href":"https:\/\/www.univ-mila.dz\/index.php?rest_route=\/wp\/v2\/pages\/7875\/revisions\/15693"}],"up":[{"embeddable":true,"href":"https:\/\/www.univ-mila.dz\/index.php?rest_route=\/wp\/v2\/pages\/7868"}],"wp:featuredmedia":[{"embeddable":true,"href":"https:\/\/www.univ-mila.dz\/index.php?rest_route=\/wp\/v2\/media\/7780"}],"wp:attachment":[{"href":"https:\/\/www.univ-mila.dz\/index.php?rest_route=%2Fwp%2Fv2%2Fmedia&parent=7875"}],"curies":[{"name":"wp","href":"https:\/\/api.w.org\/{rel}","templated":true}]}}