{"id":676,"date":"2019-06-23T00:18:51","date_gmt":"2019-06-22T21:18:51","guid":{"rendered":"https:\/\/www.univ-mila.dz?page_id=676"},"modified":"2019-06-23T15:41:19","modified_gmt":"2019-06-23T12:41:19","slug":"%d8%a7%d9%84%d9%85%d8%af%d8%a7%d8%b1%d8%b3-%d8%a7%d9%84%d9%88%d8%b7%d9%86%d9%8a%d8%a9-%d8%a7%d9%84%d8%b9%d9%84%d9%8a%d8%a7","status":"publish","type":"page","link":"https:\/\/www.univ-mila.dz\/?page_id=676&lang=fr","title":{"rendered":"Ecoles Nationales Sup\u00e9rieures"},"content":{"rendered":"\n<table class=\"wp-block-table\"><tbody><tr><td><strong>R\u00e9gion :   Centre<\/strong>   <\/td><\/tr><tr><td>\n  <strong>\u2116<\/strong>\n  <\/td><td>\n  <strong>Ecole Nationale Sup\u00e9rieure<\/strong>\n  <\/td><td>\n  <strong>Lien<\/strong>\n  <\/td><\/tr><tr><td>\n  1\n  <\/td><td>\n  <a href=\"http:\/\/www.enp-oran.dz\/\" target=\"_blank\" rel=\"noreferrer noopener\">Ecole Nationale Polytechnique<\/a>\n  <\/td><td>\n  <a href=\"http:\/\/www.enp.edu.dz\/\">http:\/\/www.enp.edu.dz\/<\/a><strong><\/strong>\n  <\/td><\/tr><tr><td>\n  2\n  <\/td><td>\n  <a href=\"http:\/\/www.ensh.dz\/\" target=\"_blank\" rel=\"noreferrer noopener\">Ecole nationale sup\u00e9rieure d&#8217;hydraulique-Arbaoui\n  Abdellah<\/a>\n  <\/td><td>\n  <a href=\"https:\/\/www.ensh.dz\/\">https:\/\/www.ensh.dz\/<\/a><strong><\/strong>\n  <\/td><\/tr><tr><td>\n  3\n  <\/td><td>\n  <a href=\"http:\/\/www.entp.edu.dz\/\" target=\"_blank\" rel=\"noreferrer noopener\">Ecole nationale sup\u00e9rieure des\n  travaux publics &#8211;&nbsp;<\/a><a href=\"http:\/\/www.inps-alger.dz\/\" target=\"_blank\" rel=\"noreferrer noopener\">&nbsp;Francis\n  Jeanson<\/a>\n  <\/td><td>\n  <a href=\"http:\/\/www.entp.edu.dz\/\">http:\/\/www.entp.edu.dz\/<\/a><strong><\/strong>\n  <\/td><\/tr><tr><td>\n  4\n  <\/td><td>\n  <a href=\"http:\/\/www.ensv.dz\/\" target=\"_blank\" rel=\"noreferrer noopener\">Ecole nationale sup\u00e9rieure v\u00e9t\u00e9rinaire-Rabie\n  Bouchama<\/a>\n  <\/td><td>\n  <a href=\"http:\/\/www.ensv.dz\/\">http:\/\/www.ensv.dz\/<\/a><strong><\/strong>\n  <\/td><\/tr><tr><td>\n  5\n  <\/td><td>\n  <a href=\"http:\/\/www.epau-alger.edu.dz\/\" target=\"_blank\" rel=\"noreferrer noopener\">Ecole Polytechnique d&#8217;architecture\n  et d&#8217;Urbanisme-Hocine A\u00eft Ahmed<\/a>\n  <\/td><td>\n  <a href=\"http:\/\/www.epau-alger.edu.dz\/\" target=\"_blank\" rel=\"noreferrer noopener\">http:\/\/www.epau-alger.edu.dz\/<\/a><strong><\/strong>\n  <\/td><\/tr><tr><td>\n  6\n  <\/td><td>\n  <a href=\"http:\/\/www.ensa.dz\/\" target=\"_blank\" rel=\"noreferrer noopener\">Ecole nationale sup\u00e9rieure agronomique-Khalef\n  Abdellah alias Kasdi Merbah<\/a>\n  <\/td><td>\n  <a href=\"http:\/\/www.ensa.dz\/\">http:\/\/www.ensa.dz\/<\/a><strong><\/strong>\n  <\/td><\/tr><tr><td>\n  7\n  <\/td><td>\n  <a href=\"http:\/\/www.hec.dz\/\" target=\"_blank\" rel=\"noreferrer noopener\">Ecole des hautes \u00e9tudes commerciales<\/a>&#8211; Boualem Oussedik\n  <\/td><td>\n  <a href=\"http:\/\/www.hec.dz\/\" target=\"_blank\" rel=\"noreferrer noopener\">http:\/\/www.hec.dz\/<\/a><strong><\/strong>\n  <\/td><\/tr><tr><td>\n  8\n  <\/td><td>\n  <a href=\"http:\/\/www.esi.dz\/\" target=\"_blank\" rel=\"noreferrer noopener\">Ecole nationale sup\u00e9rieure d&#8217;informatique<\/a>\n  <\/td><td>\n  <a href=\"http:\/\/www.esi.dz\/\" target=\"_blank\" rel=\"noreferrer noopener\">http:\/\/www.esi.dz\/<\/a><strong><\/strong>\n  <\/td><\/tr><tr><td>\n  9\n  <\/td><td>\n  <a href=\"http:\/\/www.enssea.net\/\" target=\"_blank\" rel=\"noreferrer noopener\">Ecole nationale sup\u00e9rieure en\n  statistique et en \u00e9conomie appliqu\u00e9e<\/a>\n  <\/td><td>\n  <a href=\"http:\/\/www.enssea.net\/\" target=\"_blank\" rel=\"noreferrer noopener\">http:\/\/www.enssea.net\/<\/a><strong><\/strong>\n  <\/td><\/tr><tr><td>\n  10\n  <\/td><td>\n  <a href=\"http:\/\/www.esc-alger.dz\/\" target=\"_blank\" rel=\"noreferrer noopener\">Ecole Sup\u00e9rieure de\n  Commerce-Mouloud Kacem Na\u00eft Belkacem<\/a>\n  <\/td><td>\n  <a href=\"http:\/\/www.esc-alger.dz\/\" target=\"_blank\" rel=\"noreferrer noopener\">http:\/\/www.esc-alger.dz\/<\/a><strong><\/strong>\n  <\/td><\/tr><tr><td>\n  11\n  <\/td><td>\n  <a href=\"http:\/\/www.enssmal.dz\/\" target=\"_blank\" rel=\"noreferrer noopener\">Ecole nationale sup\u00e9rieure des\n  sciences de la mer et de l&#8217;am\u00e9nagement du littoral<\/a>\n  <\/td><td>\n  <a href=\"http:\/\/www.enssmal.dz\/\" target=\"_blank\" rel=\"noreferrer noopener\">http:\/\/www.enssmal.dz\/<\/a><strong><\/strong>\n  <\/td><\/tr><tr><td>\n  12\n  <\/td><td>\n  <a href=\"http:\/\/www.ensm.dz\/\" target=\"_blank\" rel=\"noreferrer noopener\">Ecole nationale sup\u00e9rieure de management<\/a>\n  <\/td><td>\n  <a href=\"http:\/\/www.ensm.dz\/\" target=\"_blank\" rel=\"noreferrer noopener\">http:\/\/www.ensm.dz\/<\/a><strong><\/strong>\n  <\/td><\/tr><tr><td>\n  13\n  <\/td><td>\n  <a href=\"http:\/\/www.enst.dz\/\" target=\"_blank\" rel=\"noreferrer noopener\">Ecole Nationale Sup\u00e9rieure de Technologie<\/a>\n  <\/td><td>\n  <a href=\"http:\/\/www.enst.dz\/\" target=\"_blank\" rel=\"noreferrer noopener\">http:\/\/www.enst.dz\/<\/a><strong><\/strong>\n  <\/td><\/tr><tr><td>\n  14\n  <\/td><td>\n  <a href=\"http:\/\/ensjsi-dz.com\/\" target=\"_blank\" rel=\"noreferrer noopener\">Ecole nationale sup\u00e9rieure de\n  journalisme et des sciences de l&#8217;information<\/a>\n  <\/td><td>\n  <a href=\"http:\/\/ensjsi-dz.com\/\" target=\"_blank\" rel=\"noreferrer noopener\">http:\/\/ensjsi-dz.com\/<\/a><strong><\/strong>\n  <\/td><\/tr><tr><td>\n  15\n  <\/td><td>\n  <a href=\"http:\/\/www.enssp.dz\/\" target=\"_blank\" rel=\"noreferrer noopener\">Ecole Nationale Sup\u00e9rieure des\n  sciences politiques<\/a>\n  <\/td><td>\n  <a href=\"http:\/\/www.enssp.dz\/\" target=\"_blank\" rel=\"noreferrer noopener\">http:\/\/www.enssp.dz\/<\/a><strong><\/strong>\n  <\/td><\/tr><tr><td>\n  16\n  <\/td><td>\n  <a href=\"http:\/\/www.essaia.dz\/\" target=\"_blank\" rel=\"noreferrer noopener\">Ecole Sup\u00e9rieure des Sciences de\n  l&#8217;Aliment et des Industries Agroalimentaires d&#8217;Alger<\/a>&nbsp;ex&nbsp;EP SNV Alger\n  <\/td><td>\n  <a href=\"http:\/\/www.essaia.dz\/\" target=\"_blank\" rel=\"noreferrer noopener\">http:\/\/www.essaia.dz<\/a><strong><\/strong>\n  <\/td><\/tr><tr><td>\n  17\n  <\/td><td>\n  <a href=\"http:\/\/www.essa-alger.dz\/\" target=\"_blank\" rel=\"noreferrer noopener\">Ecole Sup\u00e9rieure des Sciences\n  appliqu\u00e9es d&#8217;Alger ex EP ST Alger<\/a>\n  <\/td><td>\n  <a href=\"http:\/\/www.essa-alger.dz\/\" target=\"_blank\" rel=\"noreferrer noopener\">http:\/\/www.essa-alger.dz\/<\/a><strong><\/strong>\n  <\/td><\/tr><tr><td>\n  <strong>R\u00e9gion&nbsp;:\n  Est<\/strong>\n  <\/td><\/tr><tr><td>\n  <strong>\u2116<\/strong>\n  <\/td><td>\n  <strong>Ecole Nationale Sup\u00e9rieure<\/strong>\n  <\/td><td>\n  <strong>Lien<\/strong>\n  <\/td><\/tr><tr><td>\n  1\n  <\/td><td>\n  <a href=\"http:\/\/ensmm-annaba.dz\/\" target=\"_blank\" rel=\"noreferrer noopener\">Ecole nationale sup\u00e9rieure des\n  mines et de la m\u00e9tallurgie-Amar Laskri<\/a>\n  <\/td><td>\n  <a href=\"http:\/\/ensmm-annaba.dz\/\" target=\"_blank\" rel=\"noreferrer noopener\">http:\/\/ensmm-annaba.dz\/<\/a><strong><\/strong>\n  <\/td><\/tr><tr><td>\n  2\n  <\/td><td>\n  <a href=\"http:\/\/www.enp-constantine.dz\/\" target=\"_blank\" rel=\"noreferrer noopener\">Ecole Nationale Polytechnique de\n  Constantine-Malek Bennabi<\/a>\n  <\/td><td>\n  <a href=\"http:\/\/www.enp-constantine.dz\/\" target=\"_blank\" rel=\"noreferrer noopener\">http:\/\/www.enp-constantine.dz\/<\/a><strong><\/strong>\n  <\/td><\/tr><tr><td>\n  3\n  <\/td><td>\n  <a href=\"http:\/\/ensbiotech.edu.dz\/\" target=\"_blank\" rel=\"noreferrer noopener\">Ecole Nationale Sup\u00e9rieure de\n  Biotechnologie de Constantine &#8211; Tewfik Khaznadar-<\/a>\n  <\/td><td>\n  <a href=\"http:\/\/ensbiotech.edu.dz\/\" target=\"_blank\" rel=\"noreferrer noopener\">http:\/\/ensbiotech.edu.dz\/<\/a><strong><\/strong>\n  <\/td><\/tr><tr><td>\n  4\n  <\/td><td>\n  <a href=\"http:\/\/epseannaba.org\/\">Ecole Sup\u00e9rieure des Sciences de Gestion de Annaba ex&nbsp;<\/a><a href=\"http:\/\/epseannaba.org\/\">EPSECG\n  Annaba<\/a>\n  <\/td><td>\n  <a href=\"http:\/\/epseannaba.org\/\">http:\/\/epseannaba.org\/<\/a><strong><\/strong>\n  <\/td><\/tr><tr><td>\n  5\n  <\/td><td>\n  <a href=\"https:\/\/esti-annaba.dz\/\" target=\"_blank\" rel=\"noreferrer noopener\">Ecole Sup\u00e9rieure des Technologies\n  Industrielles de Annaba&nbsp;<\/a>ex EP ST Annaba\n  <\/td><td>\n  <a href=\"https:\/\/esti-annaba.dz\/\" target=\"_blank\" rel=\"noreferrer noopener\">https:\/\/esti-annaba.dz\/<\/a><strong><\/strong>\n  <\/td><\/tr><tr><td>\n  6\n  <\/td><td>\n  <a href=\"http:\/\/www.escf-constantine.dz\/\" target=\"_blank\" rel=\"noreferrer noopener\">Ecole Sup\u00e9rieure de Comptabilit\u00e9 et\n  de Finance de Constantine ex EPSECG Constantine<\/a>\n  <\/td><td>\n  <a href=\"http:\/\/www.escf-constantine.dz\/\" target=\"_blank\" rel=\"noreferrer noopener\">http:\/\/www.escf-constantine.dz\/<\/a><strong><\/strong>\n  <\/td><\/tr><tr><td>\n  <strong>R\u00e9gion&nbsp;:\n  Ouest<\/strong>\n  <\/td><\/tr><tr><td>\n  <strong>\u2116<\/strong>\n  <\/td><td>\n  <strong>Ecole Nationale Sup\u00e9rieure<\/strong>\n  <\/td><td>\n  <strong>Lien<\/strong>\n  <\/td><\/tr><tr><td>\n  1\n  <\/td><td>\n  <a href=\"http:\/\/www.enp-oran.dz\/\" target=\"_blank\" rel=\"noreferrer noopener\">Ecole Nationale Polytechnique\n  d&#8217;Oran &#8211; Maurice Audin<\/a>\n  <\/td><td>\n  <a href=\"http:\/\/www.enp-oran.dz\/\">http:\/\/www.enp-oran.dz\/<\/a><strong><\/strong>\n  <\/td><\/tr><tr><td>\n  2\n  <\/td><td>\n  <a href=\"http:\/\/www.esi-sba.dz\/\" target=\"_blank\" rel=\"noreferrer noopener\">Ecole&nbsp; Sup\u00e9rieure\n  d&#8217;Informatique (Sidi Bel Abbes)-<\/a><a href=\"http:\/\/www.esi-sba.dz\/\" target=\"_blank\" rel=\"noreferrer noopener\">08 Mai 1945<\/a>\n  <\/td><td>\n  <a href=\"http:\/\/www.esi-sba.dz\/\" target=\"_blank\" rel=\"noreferrer noopener\">http:\/\/www.esi-sba.dz<\/a><strong><\/strong>\n  <\/td><\/tr><tr><td>\n  3\n  <\/td><td>\n  <a href=\"http:\/\/www.essa-tlemcen.dz\/\" target=\"_blank\" rel=\"noreferrer noopener\">Ecole Sup\u00e9rieure des Sciences\n  Appliqu\u00e9es de Tlemcen ex EP ST Tlemcen<\/a>\n  <\/td><td>\n  <a href=\"http:\/\/www.essa-tlemcen.dz\/\" target=\"_blank\" rel=\"noreferrer noopener\">http:\/\/www.essa-tlemcen.dz\/<\/a><strong><\/strong>\n  <\/td><\/tr><tr><td>\n  4\n  <\/td><td>\n  <a href=\"http:\/\/www.epsecg-tlemcen.dz\/\" target=\"_blank\" rel=\"noreferrer noopener\">Ecole Sup\u00e9rieure de Management de\n  Tlemcen<\/a>&nbsp;ex&nbsp;EPSECG\n  Tlemcen\n  <\/td><td>\n  <a href=\"http:\/\/www.epsecg-tlemcen.dz\/\" target=\"_blank\" rel=\"noreferrer noopener\">\/www.epsecg-tlemcen.dz\/<\/a><strong><\/strong>\n  <\/td><\/tr><tr><td>\n  5\n  <\/td><td>\n  <a href=\"http:\/\/www.epsecg-oran.dz\/\" target=\"_blank\" rel=\"noreferrer noopener\">Ecole Sup\u00e9rieure d&#8217;Economie d&#8217;Oran<\/a><a href=\"http:\/\/www.epsecg-oran.dz\/\" target=\"_blank\" rel=\"noreferrer noopener\">&nbsp;<\/a>ex EPSECG Oran\n  <\/td><td>\n  <a href=\"http:\/\/www.epsecg-oran.dz\/\" target=\"_blank\" rel=\"noreferrer noopener\">http:\/\/www.epsecg-oran.dz<\/a><strong><\/strong>\n  <\/td><\/tr><tr><td>\n  6\n  <\/td><td>\n  <a href=\"http:\/\/www.epst-oran.dz\/\" target=\"_blank\" rel=\"noreferrer noopener\">Ecole Sup\u00e9rieure en G\u00e9nie\n  Electrique et Energ\u00e9tique d&#8217;Oran<\/a>&nbsp;ex&nbsp;EP ST Oran\n  <\/td><td>\n  <a href=\"http:\/\/www.epst-oran.dz\/\">http:\/\/www.epst-oran.dz\/<\/a><strong><\/strong>\n  <\/td><\/tr><tr><td>\n  7\n  <\/td><td>\n  <a href=\"https:\/\/www.univ-mosta.dz\/\" target=\"_blank\" rel=\"noreferrer noopener\">Ecole Sup\u00e9rieure Agronomique de\n  Mostaganem<\/a>&nbsp;ex&nbsp;EP\n  SNV Mostaganem\n  <\/td><td>\n  <a href=\"https:\/\/www.univ-mosta.dz\/\" target=\"_blank\" rel=\"noreferrer noopener\">https:\/\/www.univ-mosta.dz<\/a><strong><\/strong>\n  <\/td><\/tr><tr><td>\n  8\n  <\/td><td>\n  <a href=\"http:\/\/www.essb-oran.dz\/index.php\/fr\/\" target=\"_blank\" rel=\"noreferrer noopener\">Ecole Sup\u00e9rieure des sciences\n  Biologiques&nbsp; d&#8217; Oran ex EP SNV Oran<\/a>\n  <\/td><td>\n  <a href=\"http:\/\/www.essb-oran.dz\/index.php\/fr\/\" target=\"_blank\" rel=\"noreferrer noopener\">http:\/\/www.essb-oran.dz\/index.php\/fr\/<\/a><strong><\/strong>\n  <\/td><\/tr><\/tbody><\/table>\n","protected":false},"excerpt":{"rendered":"<p>R\u00e9gion : Centre \u2116 Ecole Nationale Sup\u00e9rieure Lien 1 Ecole Nationale Polytechnique http:\/\/www.enp.edu.dz\/ 2 Ecole nationale sup\u00e9rieure d&#8217;hydraulique-Arbaoui Abdellah https:\/\/www.ensh.dz\/ 3 Ecole nationale sup\u00e9rieure des travaux publics &#8211;&nbsp;&nbsp;Francis Jeanson http:\/\/www.entp.edu.dz\/ 4 Ecole nationale sup\u00e9rieure v\u00e9t\u00e9rinaire-Rabie Bouchama http:\/\/www.ensv.dz\/ 5 Ecole Polytechnique d&#8217;architecture et d&#8217;Urbanisme-Hocine A\u00eft Ahmed http:\/\/www.epau-alger.edu.dz\/ 6 Ecole nationale sup\u00e9rieure agronomique-Khalef Abdellah alias Kasdi Merbah [&hellip;]<\/p>\n","protected":false},"author":1,"featured_media":0,"parent":0,"menu_order":0,"comment_status":"closed","ping_status":"closed","template":"","meta":{"footnotes":""},"class_list":["post-676","page","type-page","status-publish","hentry"],"yoast_head":"<!-- This site is optimized with the Yoast SEO plugin v26.3 - https:\/\/yoast.com\/wordpress\/plugins\/seo\/ -->\n<title>Ecoles Nationales Sup\u00e9rieures - \u062c\u0627\u0645\u0639\u0629 \u0645\u064a\u0644\u0629<\/title>\n<meta name=\"robots\" content=\"index, follow, max-snippet:-1, max-image-preview:large, max-video-preview:-1\" \/>\n<link rel=\"canonical\" href=\"https:\/\/www.univ-mila.dz\/?page_id=679\" \/>\n<meta property=\"og:locale\" content=\"ar_AR\" \/>\n<meta property=\"og:type\" content=\"article\" \/>\n<meta property=\"og:title\" content=\"Ecoles Nationales Sup\u00e9rieures - \u062c\u0627\u0645\u0639\u0629 \u0645\u064a\u0644\u0629\" \/>\n<meta property=\"og:description\" content=\"R\u00e9gion : Centre \u2116 Ecole Nationale Sup\u00e9rieure Lien 1 Ecole Nationale Polytechnique http:\/\/www.enp.edu.dz\/ 2 Ecole nationale sup\u00e9rieure d&#8217;hydraulique-Arbaoui Abdellah https:\/\/www.ensh.dz\/ 3 Ecole nationale sup\u00e9rieure des travaux publics &#8211;&nbsp;&nbsp;Francis Jeanson http:\/\/www.entp.edu.dz\/ 4 Ecole nationale sup\u00e9rieure v\u00e9t\u00e9rinaire-Rabie Bouchama http:\/\/www.ensv.dz\/ 5 Ecole Polytechnique d&#8217;architecture et d&#8217;Urbanisme-Hocine A\u00eft Ahmed http:\/\/www.epau-alger.edu.dz\/ 6 Ecole nationale sup\u00e9rieure agronomique-Khalef Abdellah alias Kasdi Merbah [&hellip;]\" \/>\n<meta property=\"og:url\" content=\"https:\/\/www.univ-mila.dz\/?page_id=679\" \/>\n<meta property=\"og:site_name\" content=\"\u062c\u0627\u0645\u0639\u0629 \u0645\u064a\u0644\u0629\" \/>\n<meta property=\"article:publisher\" content=\"https:\/\/www.facebook.com\/univmila\/\" \/>\n<meta property=\"article:modified_time\" content=\"2019-06-23T12:41:19+00:00\" \/>\n<meta name=\"twitter:card\" content=\"summary_large_image\" \/>\n<meta name=\"twitter:site\" content=\"@univmila\" \/>\n<meta name=\"twitter:label1\" content=\"\u0648\u0642\u062a \u0627\u0644\u0642\u0631\u0627\u0621\u0629 \u0627\u0644\u0645\u064f\u0642\u062f\u0651\u0631\" \/>\n\t<meta name=\"twitter:data1\" content=\"\u062f\u0642\u064a\u0642\u062a\u0627\u0646\" \/>\n<script type=\"application\/ld+json\" class=\"yoast-schema-graph\">{\"@context\":\"https:\/\/schema.org\",\"@graph\":[{\"@type\":\"WebPage\",\"@id\":\"https:\/\/www.univ-mila.dz\/?page_id=679\",\"url\":\"https:\/\/www.univ-mila.dz\/?page_id=679\",\"name\":\"Ecoles Nationales Sup\u00e9rieures - \u062c\u0627\u0645\u0639\u0629 \u0645\u064a\u0644\u0629\",\"isPartOf\":{\"@id\":\"https:\/\/www.univ-mila.dz\/#website\"},\"datePublished\":\"2019-06-22T21:18:51+00:00\",\"dateModified\":\"2019-06-23T12:41:19+00:00\",\"inLanguage\":\"ar\",\"potentialAction\":[{\"@type\":\"ReadAction\",\"target\":[\"https:\/\/www.univ-mila.dz\/?page_id=679\"]}]},{\"@type\":\"WebSite\",\"@id\":\"https:\/\/www.univ-mila.dz\/#website\",\"url\":\"https:\/\/www.univ-mila.dz\/\",\"name\":\"\u062c\u0627\u0645\u0639\u0629 \u0639\u0628\u062f \u0627\u0644\u062d\u0641\u064a\u0638 \u0628\u0648\u0627\u0644\u0635\u0648\u0641\",\"description\":\"\u0645\u064a\u0644\u0629\",\"publisher\":{\"@id\":\"https:\/\/www.univ-mila.dz\/#organization\"},\"potentialAction\":[{\"@type\":\"SearchAction\",\"target\":{\"@type\":\"EntryPoint\",\"urlTemplate\":\"https:\/\/www.univ-mila.dz\/?s={search_term_string}\"},\"query-input\":{\"@type\":\"PropertyValueSpecification\",\"valueRequired\":true,\"valueName\":\"search_term_string\"}}],\"inLanguage\":\"ar\"},{\"@type\":\"Organization\",\"@id\":\"https:\/\/www.univ-mila.dz\/#organization\",\"name\":\"\u062c\u0627\u0645\u0639\u0629 \u0639\u0628\u062f \u0627\u0644\u062d\u0641\u064a\u0638 \u0628\u0648\u0627\u0644\u0635\u0648\u0641 - \u0645\u064a\u0644\u0629\",\"url\":\"https:\/\/www.univ-mila.dz\/\",\"logo\":{\"@type\":\"ImageObject\",\"inLanguage\":\"ar\",\"@id\":\"https:\/\/www.univ-mila.dz\/#\/schema\/logo\/image\/\",\"url\":\"http:\/\/www.centre-univ-mila.dz\/wp-content\/uploads\/2019\/02\/1416395352cumtransparent.png\",\"contentUrl\":\"http:\/\/www.centre-univ-mila.dz\/wp-content\/uploads\/2019\/02\/1416395352cumtransparent.png\",\"width\":208,\"height\":268,\"caption\":\"\u062c\u0627\u0645\u0639\u0629 \u0639\u0628\u062f \u0627\u0644\u062d\u0641\u064a\u0638 \u0628\u0648\u0627\u0644\u0635\u0648\u0641 - \u0645\u064a\u0644\u0629\"},\"image\":{\"@id\":\"https:\/\/www.univ-mila.dz\/#\/schema\/logo\/image\/\"},\"sameAs\":[\"https:\/\/www.facebook.com\/univmila\/\",\"https:\/\/x.com\/univmila\",\"https:\/\/www.youtube.com\/channel\/UC9--lQO1WBvXm38B70e9u5w\"]}]}<\/script>\n<!-- \/ Yoast SEO plugin. -->","yoast_head_json":{"title":"Ecoles Nationales Sup\u00e9rieures - \u062c\u0627\u0645\u0639\u0629 \u0645\u064a\u0644\u0629","robots":{"index":"index","follow":"follow","max-snippet":"max-snippet:-1","max-image-preview":"max-image-preview:large","max-video-preview":"max-video-preview:-1"},"canonical":"https:\/\/www.univ-mila.dz\/?page_id=679","og_locale":"ar_AR","og_type":"article","og_title":"Ecoles Nationales Sup\u00e9rieures - \u062c\u0627\u0645\u0639\u0629 \u0645\u064a\u0644\u0629","og_description":"R\u00e9gion : Centre \u2116 Ecole Nationale Sup\u00e9rieure Lien 1 Ecole Nationale Polytechnique http:\/\/www.enp.edu.dz\/ 2 Ecole nationale sup\u00e9rieure d&#8217;hydraulique-Arbaoui Abdellah https:\/\/www.ensh.dz\/ 3 Ecole nationale sup\u00e9rieure des travaux publics &#8211;&nbsp;&nbsp;Francis Jeanson http:\/\/www.entp.edu.dz\/ 4 Ecole nationale sup\u00e9rieure v\u00e9t\u00e9rinaire-Rabie Bouchama http:\/\/www.ensv.dz\/ 5 Ecole Polytechnique d&#8217;architecture et d&#8217;Urbanisme-Hocine A\u00eft Ahmed http:\/\/www.epau-alger.edu.dz\/ 6 Ecole nationale sup\u00e9rieure agronomique-Khalef Abdellah alias Kasdi Merbah [&hellip;]","og_url":"https:\/\/www.univ-mila.dz\/?page_id=679","og_site_name":"\u062c\u0627\u0645\u0639\u0629 \u0645\u064a\u0644\u0629","article_publisher":"https:\/\/www.facebook.com\/univmila\/","article_modified_time":"2019-06-23T12:41:19+00:00","twitter_card":"summary_large_image","twitter_site":"@univmila","twitter_misc":{"\u0648\u0642\u062a \u0627\u0644\u0642\u0631\u0627\u0621\u0629 \u0627\u0644\u0645\u064f\u0642\u062f\u0651\u0631":"\u062f\u0642\u064a\u0642\u062a\u0627\u0646"},"schema":{"@context":"https:\/\/schema.org","@graph":[{"@type":"WebPage","@id":"https:\/\/www.univ-mila.dz\/?page_id=679","url":"https:\/\/www.univ-mila.dz\/?page_id=679","name":"Ecoles Nationales Sup\u00e9rieures - \u062c\u0627\u0645\u0639\u0629 \u0645\u064a\u0644\u0629","isPartOf":{"@id":"https:\/\/www.univ-mila.dz\/#website"},"datePublished":"2019-06-22T21:18:51+00:00","dateModified":"2019-06-23T12:41:19+00:00","inLanguage":"ar","potentialAction":[{"@type":"ReadAction","target":["https:\/\/www.univ-mila.dz\/?page_id=679"]}]},{"@type":"WebSite","@id":"https:\/\/www.univ-mila.dz\/#website","url":"https:\/\/www.univ-mila.dz\/","name":"\u062c\u0627\u0645\u0639\u0629 \u0639\u0628\u062f \u0627\u0644\u062d\u0641\u064a\u0638 \u0628\u0648\u0627\u0644\u0635\u0648\u0641","description":"\u0645\u064a\u0644\u0629","publisher":{"@id":"https:\/\/www.univ-mila.dz\/#organization"},"potentialAction":[{"@type":"SearchAction","target":{"@type":"EntryPoint","urlTemplate":"https:\/\/www.univ-mila.dz\/?s={search_term_string}"},"query-input":{"@type":"PropertyValueSpecification","valueRequired":true,"valueName":"search_term_string"}}],"inLanguage":"ar"},{"@type":"Organization","@id":"https:\/\/www.univ-mila.dz\/#organization","name":"\u062c\u0627\u0645\u0639\u0629 \u0639\u0628\u062f \u0627\u0644\u062d\u0641\u064a\u0638 \u0628\u0648\u0627\u0644\u0635\u0648\u0641 - \u0645\u064a\u0644\u0629","url":"https:\/\/www.univ-mila.dz\/","logo":{"@type":"ImageObject","inLanguage":"ar","@id":"https:\/\/www.univ-mila.dz\/#\/schema\/logo\/image\/","url":"http:\/\/www.centre-univ-mila.dz\/wp-content\/uploads\/2019\/02\/1416395352cumtransparent.png","contentUrl":"http:\/\/www.centre-univ-mila.dz\/wp-content\/uploads\/2019\/02\/1416395352cumtransparent.png","width":208,"height":268,"caption":"\u062c\u0627\u0645\u0639\u0629 \u0639\u0628\u062f \u0627\u0644\u062d\u0641\u064a\u0638 \u0628\u0648\u0627\u0644\u0635\u0648\u0641 - \u0645\u064a\u0644\u0629"},"image":{"@id":"https:\/\/www.univ-mila.dz\/#\/schema\/logo\/image\/"},"sameAs":["https:\/\/www.facebook.com\/univmila\/","https:\/\/x.com\/univmila","https:\/\/www.youtube.com\/channel\/UC9--lQO1WBvXm38B70e9u5w"]}]}},"_links":{"self":[{"href":"https:\/\/www.univ-mila.dz\/index.php?rest_route=\/wp\/v2\/pages\/676","targetHints":{"allow":["GET"]}}],"collection":[{"href":"https:\/\/www.univ-mila.dz\/index.php?rest_route=\/wp\/v2\/pages"}],"about":[{"href":"https:\/\/www.univ-mila.dz\/index.php?rest_route=\/wp\/v2\/types\/page"}],"author":[{"embeddable":true,"href":"https:\/\/www.univ-mila.dz\/index.php?rest_route=\/wp\/v2\/users\/1"}],"replies":[{"embeddable":true,"href":"https:\/\/www.univ-mila.dz\/index.php?rest_route=%2Fwp%2Fv2%2Fcomments&post=676"}],"version-history":[{"count":2,"href":"https:\/\/www.univ-mila.dz\/index.php?rest_route=\/wp\/v2\/pages\/676\/revisions"}],"predecessor-version":[{"id":683,"href":"https:\/\/www.univ-mila.dz\/index.php?rest_route=\/wp\/v2\/pages\/676\/revisions\/683"}],"wp:attachment":[{"href":"https:\/\/www.univ-mila.dz\/index.php?rest_route=%2Fwp%2Fv2%2Fmedia&parent=676"}],"curies":[{"name":"wp","href":"https:\/\/api.w.org\/{rel}","templated":true}]}}