{"id":667,"date":"2019-06-22T23:40:54","date_gmt":"2019-06-22T20:40:54","guid":{"rendered":"https:\/\/www.univ-mila.dz?page_id=667"},"modified":"2019-06-22T23:41:01","modified_gmt":"2019-06-22T20:41:01","slug":"universites","status":"publish","type":"page","link":"https:\/\/www.univ-mila.dz\/?page_id=667&lang=fr","title":{"rendered":"Universit\u00e9s"},"content":{"rendered":"\n<table class=\"wp-block-table\"><tbody><tr><td>\n  <strong>R\u00e9gion&nbsp;:\n  Centre<\/strong>\n  <\/td><\/tr><tr><td>\n  <strong>\u2116<\/strong>\n  <\/td><td>\n  <strong>Universit\u00e9<\/strong>\n  <\/td><td>\n  <strong>Lien<\/strong>\n  <\/td><\/tr><tr><td>\n  1\n  <\/td><td>\n  Universit\u00e9&nbsp; de Bouira &#8211; Akli\n  Mohand Oulhadj\n  <\/td><td>\n  <a href=\"http:\/\/www.univ-bouira.dz\/\" target=\"_blank\" rel=\"noreferrer noopener\">http:\/\/www.univ-bouira.dz\/<\/a>\n  <\/td><\/tr><tr><td>\n  2\n  <\/td><td>\n  Universit\u00e9&nbsp; de Djelfa &#8211; Ziane\n  Achour\n  <\/td><td>\n  <a href=\"http:\/\/www.univ-djelfa.dz\/\" target=\"_blank\" rel=\"noreferrer noopener\">http:\/\/www.univ-djelfa.dz\/<\/a>\n  <\/td><\/tr><tr><td>\n  3\n  <\/td><td>\n  Universit\u00e9 de Ghardaia\n  <\/td><td>\n  <a href=\"http:\/\/www.univ-ghardaia.dz\/\" target=\"_blank\" rel=\"noreferrer noopener\">http:\/\/www.univ-ghardaia.dz<\/a>\n  <\/td><\/tr><tr><td>\n  4\n  <\/td><td>\n  Universit\u00e9&nbsp; de Khemis Miliana &#8211;\n  Djilali Bounaama\n  <\/td><td>\n  <a href=\"http:\/\/www.univ-km.dz\/\" target=\"_blank\" rel=\"noreferrer noopener\">http:\/\/www.univ-km.dz\/<\/a>\n  <\/td><\/tr><tr><td>\n  5\n  <\/td><td>\n  Universit\u00e9&nbsp; M\u00e9d\u00e9a &#8211; Yahia Far\u00e8s\n  <\/td><td>\n  <a href=\"http:\/\/www.univ-medea.dz\/\" target=\"_blank\" rel=\"noreferrer noopener\">http:\/\/www.univ-medea.dz\/<\/a>\n  <\/td><\/tr><tr><td>\n  6\n  <\/td><td>\n  Universit\u00e9 des sciences et de la technologie d&#8217;Alger, Houari\n  Boumedi\u00e8ne\n  <\/td><td>\n  <a href=\"http:\/\/www.usthb.dz\/\" target=\"_blank\" rel=\"noreferrer noopener\">http:\/\/www.usthb.dz\/<\/a>\n  <\/td><\/tr><tr><td>\n  7\n  <\/td><td>\n  Universit\u00e9 de B\u00e9jaia &#8211; Abderrahmane Mira\n  <\/td><td>\n  <a href=\"http:\/\/www.univ-bejaia.dz\/\" target=\"_blank\" rel=\"noreferrer noopener\">http:\/\/www.univ-bejaia.dz<\/a>\n  <\/td><\/tr><tr><td>\n  8\n  <\/td><td>\n  Universit\u00e9&nbsp; de Chlef &#8211; Hassiba\n  Benbouali\n  <\/td><td>\n  <a href=\"http:\/\/www.univ-chlef.dz\/\" target=\"_blank\" rel=\"noreferrer noopener\">http:\/\/www.univ-chlef.dz\/<\/a>\n  <\/td><\/tr><tr><td>\n  9\n  <\/td><td>\n  <a href=\"http:\/\/www.univ-boumerdes.dz\/\" target=\"_blank\" rel=\"noreferrer noopener\">Universit\u00e9&nbsp; de\n  Boumerd\u00e8s &#8211; M&#8217;hamed Bougara<\/a>\n  <\/td><td>\n  <a href=\"http:\/\/www.univ-boumerdes.dz\/\" target=\"_blank\" rel=\"noreferrer noopener\">http:\/\/www.univ-boumerdes.dz\/<\/a>\n  <\/td><\/tr><tr><td>\n  10\n  <\/td><td>\n  <a href=\"http:\/\/www.ummto.dz\/\" target=\"_blank\" rel=\"noreferrer noopener\">Universit\u00e9 de Tizi\n  Ouzou &#8211; Mouloud Maameri<\/a>\n  <\/td><td>\n  <a href=\"http:\/\/www.ummto.dz\/\" target=\"_blank\" rel=\"noreferrer noopener\">http:\/\/www.ummto.dz\/<\/a>\n  <\/td><\/tr><tr><td>\n  11\n  <\/td><td>\n  <a href=\"http:\/\/www.lagh-univ.dz\/\" target=\"_blank\" rel=\"noreferrer noopener\">Universit\u00e9&nbsp; de\n  Laghouat &#8211; Amar Telidji<\/a>\n  <\/td><td>\n  <a href=\"http:\/\/www.lagh-univ.dz\/\" target=\"_blank\" rel=\"noreferrer noopener\">http:\/\/www.lagh-univ.dz\/<\/a>\n  <\/td><\/tr><tr><td>\n  12\n  <\/td><td>\n  <a href=\"http:\/\/www.univ-blida.dz\/\" target=\"_blank\" rel=\"noreferrer noopener\">Universit\u00e9&nbsp; Blida\n  1 &#8211; Saad Dahlab<\/a>\n  <\/td><td>\n  <a href=\"http:\/\/www.univ-blida.dz\/\" target=\"_blank\" rel=\"noreferrer noopener\">http:\/\/www.univ-blida.dz\/<\/a>\n  <\/td><\/tr><tr><td>\n  13\n  <\/td><td>\n  <a href=\"http:\/\/www.univ-blida2.dz\/\" target=\"_blank\" rel=\"noreferrer noopener\">Universit\u00e9 de Blida 2 &#8211;\n  Lounici Ali<\/a>\n  <\/td><td>\n  <a href=\"http:\/\/www.univ-blida2.dz\/\" target=\"_blank\" rel=\"noreferrer noopener\">http:\/\/www.univ-blida2.dz\/<\/a>\n  <\/td><\/tr><tr><td>\n  14\n  <\/td><td>\n  <a href=\"http:\/\/www.univ-alger.dz\/\" target=\"_blank\" rel=\"noreferrer noopener\">Universit\u00e9 d&#8217;Alger 1 &#8211;\n  Benyoucef Benkhedda<\/a>\n  <\/td><td>\n  <a href=\"http:\/\/www.univ-alger.dz\/\" target=\"_blank\" rel=\"noreferrer noopener\">http:\/\/www.univ-alger.dz\/<\/a>\n  <\/td><\/tr><tr><td>\n  15\n  <\/td><td>\n  <a href=\"http:\/\/www.univ-alger2.dz\/\" target=\"_blank\" rel=\"noreferrer noopener\">Universit\u00e9 d&#8217;Alger 2 &#8211;\n  Abou el Kacem Sa\u00e2dallah<\/a>\n  <\/td><td>\n  <a href=\"http:\/\/www.univ-alger2.dz\/\" target=\"_blank\" rel=\"noreferrer noopener\">http:\/\/www.univ-alger2.dz<\/a>\n  <\/td><\/tr><tr><td>\n  16\n  <\/td><td>\n  <a href=\"http:\/\/www.univ-alger3.dz\/\" target=\"_blank\" rel=\"noreferrer noopener\">Universit\u00e9 d&#8217;Alger 3 &#8211;\n  Brahim Soltane Chaibout<\/a>\n  <\/td><td>\n  <a href=\"http:\/\/www.univ-alger3.dz\/\" target=\"_blank\" rel=\"noreferrer noopener\">http:\/\/www.univ-alger3.dz\/<\/a>\n  <\/td><\/tr><tr><td>\n  17\n  <\/td><td>\n  <a href=\"http:\/\/www.ufc.dz\/\" target=\"_blank\" rel=\"noreferrer noopener\">Universit\u00e9 de la Formation Continue<\/a>\n  <\/td><td>\n  <a href=\"http:\/\/www.ufc.dz\/\" target=\"_blank\" rel=\"noreferrer noopener\">http:\/\/www.ufc.dz\/<\/a>\n  <\/td><\/tr><tr><td>\n  <strong>R\u00e9gion&nbsp;:\n  Est<\/strong>\n  <\/td><\/tr><tr><td>\n  <strong>\u2116<\/strong>\n  <\/td><td>\n  <strong>Universit\u00e9<\/strong>\n  <\/td><td>\n  <strong>Lien<\/strong>\n  <\/td><\/tr><tr><td>\n  1\n  <\/td><td>\n  <a href=\"http:\/\/www.univ-jijel.dz\/\" target=\"_blank\" rel=\"noreferrer noopener\">Universit\u00e9&nbsp; de\n  Jijel &#8211; Mohammed Seddik Ben yahia<\/a>\n  <\/td><td>\n  <a href=\"http:\/\/www.univ-jijel.dz\/\">http:\/\/www.univ-jijel.dz\/<\/a>\n  <\/td><\/tr><tr><td>\n  2\n  <\/td><td>\n  <a href=\"http:\/\/www.univ-tebessa.dz\/\" target=\"_blank\" rel=\"noreferrer noopener\">Universit\u00e9 de T\u00e9bessa &#8211;\n  Larbi T\u00e9bessi<\/a>\n  <\/td><td>\n  <a href=\"http:\/\/www.univ-tebessa.dz\/\" target=\"_blank\" rel=\"noreferrer noopener\">http:\/\/www.univ-tebessa.dz\/<\/a>\n  <\/td><\/tr><tr><td>\n  3\n  <\/td><td>\n  <a href=\"http:\/\/www.univ-bba.dz\/\" target=\"_blank\" rel=\"noreferrer noopener\">Universit\u00e9 de Bordj Bou\n  Arr\u00e9ridj &#8211; Mohamed Bachir El Ibrahimi<\/a>\n  <\/td><td>\n  <a href=\"http:\/\/www.univ-bba.dz\/\" target=\"_blank\" rel=\"noreferrer noopener\">http:\/\/www.univ-bba.dz\/<\/a>\n  <\/td><\/tr><tr><td>\n  4\n  <\/td><td>\n  <a href=\"http:\/\/www.univ-eltarf.dz\/fr\/\" target=\"_blank\" rel=\"noreferrer noopener\">Universit\u00e9 d&#8217;El Tarf &#8211;\n  Chadli Bendjedid<\/a>\n  <\/td><td>\n  <a href=\"http:\/\/www.univ-eltarf.dz\/fr\/\" target=\"_blank\" rel=\"noreferrer noopener\">http:\/\/www.univ-eltarf.dz\/fr\/<\/a>\n  <\/td><\/tr><tr><td>\n  5\n  <\/td><td>\n  <a href=\"http:\/\/www.univ-khenchela.dz\/\" target=\"_blank\" rel=\"noreferrer noopener\">Universit\u00e9&nbsp; de\n  Khenchela &#8211; Abbas Laghrour<\/a>\n  <\/td><td>\n  <a href=\"http:\/\/www.univ-khenchela.dz\/\" target=\"_blank\" rel=\"noreferrer noopener\">http:\/\/www.univ-khenchela.dz<\/a>\n  <\/td><\/tr><tr><td>\n  6\n  <\/td><td>\n  <a href=\"http:\/\/www.univ-oeb.dz\/\" target=\"_blank\" rel=\"noreferrer noopener\">Universit\u00e9&nbsp; de Oum\n  El Bouaghi &#8211; Larbi Ben M&#8217;hidi<\/a>\n  <\/td><td>\n  <a href=\"http:\/\/www.univ-oeb.dz\/\" target=\"_blank\" rel=\"noreferrer noopener\">http:\/\/www.univ-oeb.dz\/<\/a>\n  <\/td><\/tr><tr><td>\n  7\n  <\/td><td>\n  Universit\u00e9 d&#8217;El Oued\n  &#8211; Hamma Lakhdar\n  <\/td><td>\n  <a href=\"http:\/\/www.univ-eloued.dz\/fr\/\" target=\"_blank\" rel=\"noreferrer noopener\">http:\/\/www.univ-eloued.dz\/fr\/<\/a>\n  <\/td><\/tr><tr><td>\n  8\n  <\/td><td>\n  <a href=\"http:\/\/www.univ-soukahras.dz\/fr\/\" target=\"_blank\" rel=\"noreferrer noopener\">Universit\u00e9 de Souk\n  Ahras &#8211; Mohammed-Ch\u00e9rif Messaadia<\/a>\n  <\/td><td>\n  <a href=\"http:\/\/www.univ-soukahras.dz\/fr\/\">http:\/\/www.univ-soukahras.dz\/fr\/<\/a>\n  <\/td><\/tr><tr><td>\n  9\n  <\/td><td>\n  <a href=\"http:\/\/www.univ-annaba.dz\/\" target=\"_blank\" rel=\"noreferrer noopener\">Universit\u00e9&nbsp; de\n  Annaba &#8211; Badji Mokhtar<\/a>\n  <\/td><td>\n  <a href=\"http:\/\/www.univ-annaba.dz\/\" target=\"_blank\" rel=\"noreferrer noopener\">http:\/\/www.univ-annaba.dz\/<\/a>\n  <\/td><\/tr><tr><td>\n  10\n  <\/td><td>\n  &nbsp;<a href=\"http:\/\/www.univ-skikda.dz\/\" target=\"_blank\" rel=\"noreferrer noopener\">Universit\u00e9&nbsp; du 20 Ao\u00fbt 1955 de\n  Skikda<\/a>\n  <\/td><td>\n  <a href=\"http:\/\/www.univ-skikda.dz\/\" target=\"_blank\" rel=\"noreferrer noopener\">http:\/\/www.univ-skikda.dz\/<\/a>\n  <\/td><\/tr><tr><td>\n  11\n  <\/td><td>\n  <a href=\"http:\/\/www.univ-guelma.dz\/\" target=\"_blank\" rel=\"noreferrer noopener\">Universit\u00e9&nbsp; 8 Mai\n  1945 de Guelma<\/a>\n  <\/td><td>\n  <a href=\"http:\/\/www.univ-guelma.dz\/\" target=\"_blank\" rel=\"noreferrer noopener\">http:\/\/www.univ-guelma.dz\/<\/a>\n  <\/td><\/tr><tr><td>\n  12\n  <\/td><td>\n  <a href=\"http:\/\/www.univ-batna.dz\/\" target=\"_blank\" rel=\"noreferrer noopener\">Universit\u00e9 de Batna 1 &#8211;\n  Hadj Lakhder<\/a>\n  <\/td><td>\n  <a href=\"http:\/\/www.univ-batna.dz\/\" target=\"_blank\" rel=\"noreferrer noopener\">http:\/\/www.univ-batna.dz\/<\/a>\n  <\/td><\/tr><tr><td>\n  13\n  <\/td><td>\n  <a href=\"http:\/\/www.univ-biskra.dz\/\" target=\"_blank\" rel=\"noreferrer noopener\">Universit\u00e9&nbsp; de\n  Biskra &#8211; Mohamed Khider<\/a>\n  <\/td><td>\n  <a href=\"http:\/\/www.univ-biskra.dz\/\" target=\"_blank\" rel=\"noreferrer noopener\">http:\/\/www.univ-biskra.dz\/<\/a>\n  <\/td><\/tr><tr><td>\n  14\n  <\/td><td>\n  <a href=\"http:\/\/www.univ-msila.dz\/\" target=\"_blank\" rel=\"noreferrer noopener\">Universit\u00e9&nbsp; de\n  M&#8217;sila &#8211; Mohamed Boudiaf<\/a>\n  <\/td><td>\n  <a href=\"http:\/\/www.univ-msila.dz\/\" target=\"_blank\" rel=\"noreferrer noopener\">http:\/\/www.univ-msila.dz\/<\/a>\n  <\/td><\/tr><tr><td>\n  15\n  <\/td><td>\n  <a href=\"http:\/\/www.univ-ouargla.dz\/\" target=\"_blank\" rel=\"noreferrer noopener\">Universit\u00e9&nbsp;\n  de Ouargla &#8211; Kasdi Merbah<\/a>&nbsp;&nbsp;&nbsp;&nbsp;&nbsp;&nbsp; \n  <\/td><td>\n  <a href=\"http:\/\/www.univ-ouargla.dz\/\" target=\"_blank\" rel=\"noreferrer noopener\">http:\/\/www.univ-ouargla.dz\/<\/a>\n  <\/td><\/tr><tr><td>\n  16\n  <\/td><td>\n  <a href=\"http:\/\/www.univ-emir.dz\/\" target=\"_blank\" rel=\"noreferrer noopener\">Universit\u00e9 des sciences\n  islamiques Emir Abdelkader de Constantine<\/a>\n  <\/td><td>\n  <a href=\"http:\/\/www.univ-emir.dz\/\" target=\"_blank\" rel=\"noreferrer noopener\">http:\/\/www.univ-emir.dz\/<\/a>\n  <\/td><\/tr><tr><td>\n  17\n  <\/td><td>\n  <a href=\"http:\/\/www.univ-setif.dz\/\" target=\"_blank\" rel=\"noreferrer noopener\">Universit\u00e9&nbsp; de\n  S\u00e9tif 1 &#8211; Ferhat Abbas<\/a>\n  <\/td><td>\n  <a href=\"http:\/\/www.univ-setif.dz\/\" target=\"_blank\" rel=\"noreferrer noopener\">http:\/\/www.univ-setif.dz\/<\/a>\n  <\/td><\/tr><tr><td>\n  18\n  <\/td><td>\n  <a href=\"http:\/\/www.univ-setif2.dz\/\" target=\"_blank\" rel=\"noreferrer noopener\">Universit\u00e9&nbsp; de\n  S\u00e9tif 2 &#8211; Mohamed Lamine Debaghine<\/a>\n  <\/td><td>\n  <a href=\"http:\/\/www.univ-setif2.dz\/\" target=\"_blank\" rel=\"noreferrer noopener\">http:\/\/www.univ-setif2.dz <\/a>\n  <\/td><\/tr><tr><td>\n  19\n  <\/td><td>\n  \n   \n    \n    <a href=\"http:\/\/www.umc.edu.dz\/\" target=\"_blank\" rel=\"noreferrer noopener\">Universit\u00e9&nbsp; de\n    Constantine 1 &#8211; Fr\u00e8res Mentouri<\/a>\n    \n    \n    &nbsp;\n    \n   \n  \n  \n  <\/td><td>\n  <a href=\"http:\/\/www.umc.edu.dz\/\" target=\"_blank\" rel=\"noreferrer noopener\">http:\/\/www.umc.edu.dz\/<\/a>\n  <\/td><\/tr><tr><td>\n  20\n  <\/td><td>\n  <a href=\"http:\/\/www.univ-constantine2.dz\/\" target=\"_blank\" rel=\"noreferrer noopener\">Universit\u00e9&nbsp; de\n  Constantine 2 &#8211; Abdelhamid Mehri<\/a>\n  <\/td><td>\n  <a href=\"http:\/\/www.univ-constantine2.dz\/\" target=\"_blank\" rel=\"noreferrer noopener\">http:\/\/www.univ-constantine2.dz\/<\/a>\n  <\/td><\/tr><tr><td>\n  21\n  <\/td><td>\n  Universit\u00e9 de Constantine\n  3 -Salah Boubnider\n  <\/td><td>\n  <a href=\"http:\/\/www.univ-constantine3.dz\/\" target=\"_blank\" rel=\"noreferrer noopener\">http:\/\/www.univ-constantine3.dz\/<\/a>\n  <\/td><\/tr><tr><td>\n  22\n  <\/td><td>\n  <a href=\"http:\/\/www.univ-batna2.dz\/\" target=\"_blank\" rel=\"noreferrer noopener\">Universit\u00e9 de Batna 2 &#8211; Mustapha Ben\n  Boulaid<\/a>&nbsp;\n  <\/td><td>\n  <a href=\"http:\/\/www.univ-batna2.dz\/\" target=\"_blank\" rel=\"noreferrer noopener\">http:\/\/www.univ-batna2.dz\/<\/a>\n  <\/td><\/tr><tr><td>\n  <strong>R\u00e9gion&nbsp;:\n  Ouest<\/strong>\n  <\/td><\/tr><tr><td>\n  <strong>\u2116<\/strong>\n  <\/td><td>\n  <strong>Universit\u00e9<\/strong>\n  <\/td><td>\n  <strong>Lien<\/strong>\n  <\/td><\/tr><tr><td>\n  1\n  <\/td><td>\n  <a href=\"http:\/\/www.univ-bechar.dz\/\" target=\"_blank\" rel=\"noreferrer noopener\">Universit\u00e9 de B\u00e9char &#8211;\n  Mohamed Tahri<\/a>\n  <\/td><td>\n  <a href=\"http:\/\/www.univ-bechar.dz\/\" target=\"_blank\" rel=\"noreferrer noopener\">http:\/\/www.univ-bechar.dz<\/a>\n  <\/td><\/tr><tr><td>\n  2\n  <\/td><td>\n  <a href=\"http:\/\/www.univ-mascara.dz\/\" target=\"_blank\" rel=\"noreferrer noopener\">Universit\u00e9&nbsp; de\n  Mascara &#8211; Mustapha Stambouli<\/a>\n  <\/td><td>\n  <a href=\"http:\/\/www.univ-mascara.dz\/\" target=\"_blank\" rel=\"noreferrer noopener\">http:\/\/www.univ-mascara.dz\/<\/a>\n  <\/td><\/tr><tr><td>\n  3\n  <\/td><td>\n  <a href=\"http:\/\/www.univ-saida.dz\/\" target=\"_blank\" rel=\"noreferrer noopener\">Universit\u00e9 de Saida &#8211;\n  Tahar Moulay<\/a>\n  <\/td><td>\n  <a href=\"http:\/\/www.univ-saida.dz\/\" target=\"_blank\" rel=\"noreferrer noopener\">http:\/\/www.univ-saida.dz\/<\/a>\n  <\/td><\/tr><tr><td>\n  4\n  <\/td><td>\n  <a href=\"http:\/\/www.univ-tlemcen.dz\/\" target=\"_blank\" rel=\"noreferrer noopener\">Universit\u00e9&nbsp; de\n  Tlemcen &#8211; Abou Bekr Belkaid<\/a>\n  <\/td><td>\n  <a href=\"http:\/\/www.univ-tlemcen.dz\/\" target=\"_blank\" rel=\"noreferrer noopener\">http:\/\/www.univ-tlemcen.dz<\/a>\n  <\/td><\/tr><tr><td>\n  5\n  <\/td><td>\n  <a href=\"http:\/\/www.univ-adrar.dz\/\" target=\"_blank\" rel=\"noreferrer noopener\">Universit\u00e9&nbsp;\n  d&#8217;Adrar &#8211; Ahmed Draya<\/a>\n  <\/td><td>\n  <a href=\"http:\/\/www.univ-adrar.dz\/\" target=\"_blank\" rel=\"noreferrer noopener\">http:\/\/www.univ-adrar.dz\/<\/a>\n  <\/td><\/tr><tr><td>\n  6\n  <\/td><td>\n  <a href=\"http:\/\/www.univ-tiaret.dz\/\" target=\"_blank\" rel=\"noreferrer noopener\">Universit\u00e9&nbsp; de\n  Tiaret &#8211; Ibn Khaldoun<\/a>\n  <\/td><td>\n  <a href=\"http:\/\/www.univ-tiaret.dz\/\" target=\"_blank\" rel=\"noreferrer noopener\">http:\/\/www.univ-tiaret.dz<\/a>\n  <\/td><\/tr><tr><td>\n  7\n  <\/td><td>\n  <a href=\"http:\/\/www.univ-sba.dz\/\" target=\"_blank\" rel=\"noreferrer noopener\">Universit\u00e9&nbsp; Sidi\n  Bel Abb\u00e8s &#8211; Djillali Liabes<\/a>\n  <\/td><td>\n  <a href=\"http:\/\/www.univ-sba.dz\/\" target=\"_blank\" rel=\"noreferrer noopener\">http:\/\/www.univ-sba.dz<\/a>\n  <\/td><\/tr><tr><td>\n  8\n  <\/td><td>\n  <a href=\"http:\/\/www.univ-mosta.dz\/\" target=\"_blank\" rel=\"noreferrer noopener\">Universit\u00e9 de\n  Mostaganem &#8211; Abdelhamid Ibn Badis<\/a>\n  <\/td><td>\n  <a href=\"http:\/\/www.univ-mosta.dz\/\" target=\"_blank\" rel=\"noreferrer noopener\">http:\/\/www.univ-mosta.dz<\/a>\n  <\/td><\/tr><tr><td>\n  9\n  <\/td><td>\n  <a href=\"http:\/\/www.univ-oran1.dz\/\" target=\"_blank\" rel=\"noreferrer noopener\">Universit\u00e9d&#8217;Oran1 &#8211;\n  Ahmed Ben Bella<\/a>\n  <\/td><td>\n  <a href=\"http:\/\/www.univ-oran1.dz\/\" target=\"_blank\" rel=\"noreferrer noopener\">http:\/\/www.univ-oran1.dz<\/a>\n  <\/td><\/tr><tr><td>\n  10\n  <\/td><td>\n  &nbsp;<a href=\"http:\/\/www.univ-usto.dz\/\" target=\"_blank\" rel=\"noreferrer noopener\">Universit\u00e9 Mohamed Boudiaf&nbsp; des sciences\n  et de la technologie &#8211; Mohamed Boudiaf&nbsp;<\/a><a href=\"http:\/\/www.univ-usto.dz\/\" target=\"_blank\" rel=\"noreferrer noopener\">d&#8217;Oran<\/a>\n  <\/td><td>\n  <a href=\"http:\/\/www.univ-usto.dz\/\" target=\"_blank\" rel=\"noreferrer noopener\">http:\/\/www.univ-usto.dz\/<\/a>\n  <\/td><\/tr><tr><td>\n  11\n  <\/td><td>\n  \n   \n    \n    <a href=\"http:\/\/www.univ-oran2.dz\/\" target=\"_blank\" rel=\"noreferrer noopener\">Universit\u00e9&nbsp; d&#8217;Oran 2 &#8211;\n    Mohamed Ben Ahmed<\/a>\n    \n   \n  \n  \n  <\/td><td>\n  <a href=\"http:\/\/www.univ-oran2.dz\/\" target=\"_blank\" rel=\"noreferrer noopener\">http:\/\/www.univ-oran2.dz<\/a>\n  <\/td><\/tr><\/tbody><\/table>\n","protected":false},"excerpt":{"rendered":"<p>R\u00e9gion&nbsp;: Centre \u2116 Universit\u00e9 Lien 1 Universit\u00e9&nbsp; de Bouira &#8211; Akli Mohand Oulhadj http:\/\/www.univ-bouira.dz\/ 2 Universit\u00e9&nbsp; de Djelfa &#8211; Ziane Achour http:\/\/www.univ-djelfa.dz\/ 3 Universit\u00e9 de Ghardaia http:\/\/www.univ-ghardaia.dz 4 Universit\u00e9&nbsp; de Khemis Miliana &#8211; Djilali Bounaama http:\/\/www.univ-km.dz\/ 5 Universit\u00e9&nbsp; M\u00e9d\u00e9a &#8211; Yahia Far\u00e8s http:\/\/www.univ-medea.dz\/ 6 Universit\u00e9 des sciences et de la technologie d&#8217;Alger, Houari Boumedi\u00e8ne http:\/\/www.usthb.dz\/ [&hellip;]<\/p>\n","protected":false},"author":1,"featured_media":0,"parent":0,"menu_order":0,"comment_status":"closed","ping_status":"closed","template":"","meta":{"footnotes":""},"class_list":["post-667","page","type-page","status-publish","hentry"],"yoast_head":"<!-- This site is optimized with the Yoast SEO plugin v26.3 - https:\/\/yoast.com\/wordpress\/plugins\/seo\/ -->\n<title>Universit\u00e9s - \u062c\u0627\u0645\u0639\u0629 \u0645\u064a\u0644\u0629<\/title>\n<meta name=\"robots\" content=\"index, follow, max-snippet:-1, max-image-preview:large, max-video-preview:-1\" \/>\n<link rel=\"canonical\" href=\"https:\/\/www.univ-mila.dz\/?page_id=667&lang=fr\" \/>\n<meta property=\"og:locale\" content=\"ar_AR\" \/>\n<meta property=\"og:type\" content=\"article\" \/>\n<meta property=\"og:title\" content=\"Universit\u00e9s - \u062c\u0627\u0645\u0639\u0629 \u0645\u064a\u0644\u0629\" \/>\n<meta property=\"og:description\" content=\"R\u00e9gion&nbsp;: Centre \u2116 Universit\u00e9 Lien 1 Universit\u00e9&nbsp; de Bouira &#8211; Akli Mohand Oulhadj http:\/\/www.univ-bouira.dz\/ 2 Universit\u00e9&nbsp; de Djelfa &#8211; Ziane Achour http:\/\/www.univ-djelfa.dz\/ 3 Universit\u00e9 de Ghardaia http:\/\/www.univ-ghardaia.dz 4 Universit\u00e9&nbsp; de Khemis Miliana &#8211; Djilali Bounaama http:\/\/www.univ-km.dz\/ 5 Universit\u00e9&nbsp; M\u00e9d\u00e9a &#8211; Yahia Far\u00e8s http:\/\/www.univ-medea.dz\/ 6 Universit\u00e9 des sciences et de la technologie d&#8217;Alger, Houari Boumedi\u00e8ne http:\/\/www.usthb.dz\/ [&hellip;]\" \/>\n<meta property=\"og:url\" content=\"https:\/\/www.univ-mila.dz\/?page_id=667&amp;lang=fr\" \/>\n<meta property=\"og:site_name\" content=\"\u062c\u0627\u0645\u0639\u0629 \u0645\u064a\u0644\u0629\" \/>\n<meta property=\"article:publisher\" content=\"https:\/\/www.facebook.com\/univmila\/\" \/>\n<meta property=\"article:modified_time\" content=\"2019-06-22T20:41:01+00:00\" \/>\n<meta name=\"twitter:card\" content=\"summary_large_image\" \/>\n<meta name=\"twitter:site\" content=\"@univmila\" \/>\n<meta name=\"twitter:label1\" content=\"\u0648\u0642\u062a \u0627\u0644\u0642\u0631\u0627\u0621\u0629 \u0627\u0644\u0645\u064f\u0642\u062f\u0651\u0631\" \/>\n\t<meta name=\"twitter:data1\" content=\"3 \u062f\u0642\u0627\u0626\u0642\" \/>\n<script type=\"application\/ld+json\" class=\"yoast-schema-graph\">{\"@context\":\"https:\/\/schema.org\",\"@graph\":[{\"@type\":\"WebPage\",\"@id\":\"https:\/\/www.univ-mila.dz\/?page_id=667&lang=fr\",\"url\":\"https:\/\/www.univ-mila.dz\/?page_id=667&lang=fr\",\"name\":\"Universit\u00e9s - \u062c\u0627\u0645\u0639\u0629 \u0645\u064a\u0644\u0629\",\"isPartOf\":{\"@id\":\"https:\/\/www.univ-mila.dz\/#website\"},\"datePublished\":\"2019-06-22T20:40:54+00:00\",\"dateModified\":\"2019-06-22T20:41:01+00:00\",\"inLanguage\":\"ar\",\"potentialAction\":[{\"@type\":\"ReadAction\",\"target\":[\"https:\/\/www.univ-mila.dz\/?page_id=667&lang=fr\"]}]},{\"@type\":\"WebSite\",\"@id\":\"https:\/\/www.univ-mila.dz\/#website\",\"url\":\"https:\/\/www.univ-mila.dz\/\",\"name\":\"\u062c\u0627\u0645\u0639\u0629 \u0639\u0628\u062f \u0627\u0644\u062d\u0641\u064a\u0638 \u0628\u0648\u0627\u0644\u0635\u0648\u0641\",\"description\":\"\u0645\u064a\u0644\u0629\",\"publisher\":{\"@id\":\"https:\/\/www.univ-mila.dz\/#organization\"},\"potentialAction\":[{\"@type\":\"SearchAction\",\"target\":{\"@type\":\"EntryPoint\",\"urlTemplate\":\"https:\/\/www.univ-mila.dz\/?s={search_term_string}\"},\"query-input\":{\"@type\":\"PropertyValueSpecification\",\"valueRequired\":true,\"valueName\":\"search_term_string\"}}],\"inLanguage\":\"ar\"},{\"@type\":\"Organization\",\"@id\":\"https:\/\/www.univ-mila.dz\/#organization\",\"name\":\"\u062c\u0627\u0645\u0639\u0629 \u0639\u0628\u062f \u0627\u0644\u062d\u0641\u064a\u0638 \u0628\u0648\u0627\u0644\u0635\u0648\u0641 - \u0645\u064a\u0644\u0629\",\"url\":\"https:\/\/www.univ-mila.dz\/\",\"logo\":{\"@type\":\"ImageObject\",\"inLanguage\":\"ar\",\"@id\":\"https:\/\/www.univ-mila.dz\/#\/schema\/logo\/image\/\",\"url\":\"http:\/\/www.centre-univ-mila.dz\/wp-content\/uploads\/2019\/02\/1416395352cumtransparent.png\",\"contentUrl\":\"http:\/\/www.centre-univ-mila.dz\/wp-content\/uploads\/2019\/02\/1416395352cumtransparent.png\",\"width\":208,\"height\":268,\"caption\":\"\u062c\u0627\u0645\u0639\u0629 \u0639\u0628\u062f \u0627\u0644\u062d\u0641\u064a\u0638 \u0628\u0648\u0627\u0644\u0635\u0648\u0641 - \u0645\u064a\u0644\u0629\"},\"image\":{\"@id\":\"https:\/\/www.univ-mila.dz\/#\/schema\/logo\/image\/\"},\"sameAs\":[\"https:\/\/www.facebook.com\/univmila\/\",\"https:\/\/x.com\/univmila\",\"https:\/\/www.youtube.com\/channel\/UC9--lQO1WBvXm38B70e9u5w\"]}]}<\/script>\n<!-- \/ Yoast SEO plugin. -->","yoast_head_json":{"title":"Universit\u00e9s - \u062c\u0627\u0645\u0639\u0629 \u0645\u064a\u0644\u0629","robots":{"index":"index","follow":"follow","max-snippet":"max-snippet:-1","max-image-preview":"max-image-preview:large","max-video-preview":"max-video-preview:-1"},"canonical":"https:\/\/www.univ-mila.dz\/?page_id=667&lang=fr","og_locale":"ar_AR","og_type":"article","og_title":"Universit\u00e9s - \u062c\u0627\u0645\u0639\u0629 \u0645\u064a\u0644\u0629","og_description":"R\u00e9gion&nbsp;: Centre \u2116 Universit\u00e9 Lien 1 Universit\u00e9&nbsp; de Bouira &#8211; Akli Mohand Oulhadj http:\/\/www.univ-bouira.dz\/ 2 Universit\u00e9&nbsp; de Djelfa &#8211; Ziane Achour http:\/\/www.univ-djelfa.dz\/ 3 Universit\u00e9 de Ghardaia http:\/\/www.univ-ghardaia.dz 4 Universit\u00e9&nbsp; de Khemis Miliana &#8211; Djilali Bounaama http:\/\/www.univ-km.dz\/ 5 Universit\u00e9&nbsp; M\u00e9d\u00e9a &#8211; Yahia Far\u00e8s http:\/\/www.univ-medea.dz\/ 6 Universit\u00e9 des sciences et de la technologie d&#8217;Alger, Houari Boumedi\u00e8ne http:\/\/www.usthb.dz\/ [&hellip;]","og_url":"https:\/\/www.univ-mila.dz\/?page_id=667&lang=fr","og_site_name":"\u062c\u0627\u0645\u0639\u0629 \u0645\u064a\u0644\u0629","article_publisher":"https:\/\/www.facebook.com\/univmila\/","article_modified_time":"2019-06-22T20:41:01+00:00","twitter_card":"summary_large_image","twitter_site":"@univmila","twitter_misc":{"\u0648\u0642\u062a \u0627\u0644\u0642\u0631\u0627\u0621\u0629 \u0627\u0644\u0645\u064f\u0642\u062f\u0651\u0631":"3 \u062f\u0642\u0627\u0626\u0642"},"schema":{"@context":"https:\/\/schema.org","@graph":[{"@type":"WebPage","@id":"https:\/\/www.univ-mila.dz\/?page_id=667&lang=fr","url":"https:\/\/www.univ-mila.dz\/?page_id=667&lang=fr","name":"Universit\u00e9s - \u062c\u0627\u0645\u0639\u0629 \u0645\u064a\u0644\u0629","isPartOf":{"@id":"https:\/\/www.univ-mila.dz\/#website"},"datePublished":"2019-06-22T20:40:54+00:00","dateModified":"2019-06-22T20:41:01+00:00","inLanguage":"ar","potentialAction":[{"@type":"ReadAction","target":["https:\/\/www.univ-mila.dz\/?page_id=667&lang=fr"]}]},{"@type":"WebSite","@id":"https:\/\/www.univ-mila.dz\/#website","url":"https:\/\/www.univ-mila.dz\/","name":"\u062c\u0627\u0645\u0639\u0629 \u0639\u0628\u062f \u0627\u0644\u062d\u0641\u064a\u0638 \u0628\u0648\u0627\u0644\u0635\u0648\u0641","description":"\u0645\u064a\u0644\u0629","publisher":{"@id":"https:\/\/www.univ-mila.dz\/#organization"},"potentialAction":[{"@type":"SearchAction","target":{"@type":"EntryPoint","urlTemplate":"https:\/\/www.univ-mila.dz\/?s={search_term_string}"},"query-input":{"@type":"PropertyValueSpecification","valueRequired":true,"valueName":"search_term_string"}}],"inLanguage":"ar"},{"@type":"Organization","@id":"https:\/\/www.univ-mila.dz\/#organization","name":"\u062c\u0627\u0645\u0639\u0629 \u0639\u0628\u062f \u0627\u0644\u062d\u0641\u064a\u0638 \u0628\u0648\u0627\u0644\u0635\u0648\u0641 - \u0645\u064a\u0644\u0629","url":"https:\/\/www.univ-mila.dz\/","logo":{"@type":"ImageObject","inLanguage":"ar","@id":"https:\/\/www.univ-mila.dz\/#\/schema\/logo\/image\/","url":"http:\/\/www.centre-univ-mila.dz\/wp-content\/uploads\/2019\/02\/1416395352cumtransparent.png","contentUrl":"http:\/\/www.centre-univ-mila.dz\/wp-content\/uploads\/2019\/02\/1416395352cumtransparent.png","width":208,"height":268,"caption":"\u062c\u0627\u0645\u0639\u0629 \u0639\u0628\u062f \u0627\u0644\u062d\u0641\u064a\u0638 \u0628\u0648\u0627\u0644\u0635\u0648\u0641 - \u0645\u064a\u0644\u0629"},"image":{"@id":"https:\/\/www.univ-mila.dz\/#\/schema\/logo\/image\/"},"sameAs":["https:\/\/www.facebook.com\/univmila\/","https:\/\/x.com\/univmila","https:\/\/www.youtube.com\/channel\/UC9--lQO1WBvXm38B70e9u5w"]}]}},"_links":{"self":[{"href":"https:\/\/www.univ-mila.dz\/index.php?rest_route=\/wp\/v2\/pages\/667","targetHints":{"allow":["GET"]}}],"collection":[{"href":"https:\/\/www.univ-mila.dz\/index.php?rest_route=\/wp\/v2\/pages"}],"about":[{"href":"https:\/\/www.univ-mila.dz\/index.php?rest_route=\/wp\/v2\/types\/page"}],"author":[{"embeddable":true,"href":"https:\/\/www.univ-mila.dz\/index.php?rest_route=\/wp\/v2\/users\/1"}],"replies":[{"embeddable":true,"href":"https:\/\/www.univ-mila.dz\/index.php?rest_route=%2Fwp%2Fv2%2Fcomments&post=667"}],"version-history":[{"count":1,"href":"https:\/\/www.univ-mila.dz\/index.php?rest_route=\/wp\/v2\/pages\/667\/revisions"}],"predecessor-version":[{"id":668,"href":"https:\/\/www.univ-mila.dz\/index.php?rest_route=\/wp\/v2\/pages\/667\/revisions\/668"}],"wp:attachment":[{"href":"https:\/\/www.univ-mila.dz\/index.php?rest_route=%2Fwp%2Fv2%2Fmedia&parent=667"}],"curies":[{"name":"wp","href":"https:\/\/api.w.org\/{rel}","templated":true}]}}