{"id":5167,"date":"2020-04-04T11:55:11","date_gmt":"2020-04-04T10:55:11","guid":{"rendered":"https:\/\/www.univ-mila.dz\/?page_id=5167"},"modified":"2025-04-09T15:40:36","modified_gmt":"2025-04-09T14:40:36","slug":"revues-scientifiques-2","status":"publish","type":"page","link":"https:\/\/www.univ-mila.dz\/?page_id=5167&lang=fr","title":{"rendered":"Revues Scientifiques"},"content":{"rendered":"<p>[vc_row][vc_column][vc_column_text]<img loading=\"lazy\" decoding=\"async\" class=\"aligncenter size-full wp-image-3940\" src=\"https:\/\/www.univ-mila.dz\/wp-content\/uploads\/2020\/02\/bannner.jpg\" alt=\"\" width=\"961\" height=\"190\" srcset=\"https:\/\/www.univ-mila.dz\/wp-content\/uploads\/2020\/02\/bannner.jpg 961w, https:\/\/www.univ-mila.dz\/wp-content\/uploads\/2020\/02\/bannner-300x59.jpg 300w, https:\/\/www.univ-mila.dz\/wp-content\/uploads\/2020\/02\/bannner-768x152.jpg 768w, https:\/\/www.univ-mila.dz\/wp-content\/uploads\/2020\/02\/bannner-255x50.jpg 255w\" sizes=\"auto, (max-width: 961px) 100vw, 961px\" \/><\/p>\n<p>&nbsp;<\/p>\n<ul>\n<li>\n<h4><span style=\"color: #000000;\"><a style=\"color: #000000;\" href=\"http:\/\/jmrs.centre-univ-mila.dz\/\" target=\"_blank\" rel=\"noopener noreferrer\">Revue Milev pour les recherches et les \u00e9tudes.<\/a><\/span><\/h4>\n<\/li>\n<li>\n<h4><span style=\"color: #000000;\"><a style=\"color: #000000;\" href=\"http:\/\/fbej.centre-univ-mila.dz\/\" target=\"_blank\" rel=\"noopener noreferrer\">Revue d&#8217;\u00e9conomie de finance et des affaire<\/a>s.<\/span><\/h4>\n<\/li>\n<li>\n<h4><span style=\"color: #000000;\"><a style=\"color: #000000;\" href=\"\/?page_id=16825\" target=\"_blank\" rel=\"noopener\">Revue kefaya pour la langue et la litt\u00e9rature.<\/a><\/span><\/h4>\n<\/li>\n<li>\n<h4><span style=\"color: #000000;\"><a class=\"is_text\" style=\"color: #000000;\" href=\"http:\/\/jiamcs.centre-univ-mila.dz\/index.php\/jiamcs\/index\">Journal of Innovative Applied Mathematics and Computational Sciences.<\/a> <\/span><\/h4>\n<\/li>\n<li>\n<h4><span style=\"color: #000000;\"><a class=\"is_text\" style=\"color: #000000;\" href=\"https:\/\/jiamcs.centre-univ-mila.dz\/index.php\/jbr\">Revue de la Charte des Droits<\/a><br \/>\n<\/span><\/h4>\n<\/li>\n<li>\n<h4><span style=\"color: #000000;\"><a class=\"is_text\" style=\"color: #000000;\" href=\"https:\/\/www.univ-mila.dz\/?page_id=21485\">Revue des Recherches Litt\u00e9raires et Critiques<\/a><br \/>\n<\/span><\/h4>\n<\/li>\n<\/ul>\n<p>[vc_row][vc_column][vc_column_text][\/vc_column_text][\/vc_column][\/vc_row][vc_row][vc_column width=&#8221;1\/3&#8243;][vc_wp_rss items=&#8221;10&#8243; options=&#8221;show_author,show_date&#8221; title=&#8221;Derniers articles JIMACS&#8221; url=&#8221;http:\/\/jiamcs.centre-univ-mila.dz\/index.php\/jiamcs\/gateway\/plugin\/WebFeedGatewayPlugin\/rss&#8221; el_class=&#8221;direction: ltr; text-align: left;&#8221;][\/vc_column][vc_column width=&#8221;1\/3&#8243;][vc_wp_rss items=&#8221;5&#8243; options=&#8221;show_author,show_date&#8221; title=&#8221;Derniers articles MJRS&#8221; url=&#8221;http:\/\/jiamcs.centre-univ-mila.dz\/index.php\/mjrs\/gateway\/plugin\/WebFeedGatewayPlugin\/rss&#8221; el_class=&#8221;direction: rtl; text-align: left;&#8221;][\/vc_column][vc_column width=&#8221;1\/3&#8243;][vc_wp_rss items=&#8221;5&#8243; options=&#8221;show_author,show_date&#8221; title=&#8221;Derniers articles FBER&#8221; url=&#8221;http:\/\/jiamcs.centre-univ-mila.dz\/index.php\/fber\/gateway\/plugin\/WebFeedGatewayPlugin\/rss&#8221; el_class=&#8221;direction: rtl; text-align: left;&#8221;][\/vc_column][\/vc_row]<\/p>\n","protected":false},"excerpt":{"rendered":"<p>[vc_row][vc_column][vc_column_text] &nbsp; Revue Milev pour les recherches et les \u00e9tudes. Revue d&#8217;\u00e9conomie de finance et des affaires. Revue kefaya pour la langue et la litt\u00e9rature. Journal of Innovative Applied Mathematics and Computational Sciences. Revue de la Charte des Droits Revue des Recherches Litt\u00e9raires et Critiques [vc_row][vc_column][vc_column_text][\/vc_column_text][\/vc_column][\/vc_row][vc_row][vc_column width=&#8221;1\/3&#8243;][vc_wp_rss items=&#8221;10&#8243; options=&#8221;show_author,show_date&#8221; title=&#8221;Derniers articles JIMACS&#8221; url=&#8221;http:\/\/jiamcs.centre-univ-mila.dz\/index.php\/jiamcs\/gateway\/plugin\/WebFeedGatewayPlugin\/rss&#8221; el_class=&#8221;direction: ltr; [&hellip;]<\/p>\n","protected":false},"author":1,"featured_media":0,"parent":0,"menu_order":0,"comment_status":"closed","ping_status":"closed","template":"","meta":{"footnotes":""},"class_list":["post-5167","page","type-page","status-publish","hentry"],"yoast_head":"<!-- This site is optimized with the Yoast SEO plugin v26.3 - https:\/\/yoast.com\/wordpress\/plugins\/seo\/ -->\n<title>Revues Scientifiques - \u062c\u0627\u0645\u0639\u0629 \u0645\u064a\u0644\u0629<\/title>\n<meta name=\"robots\" content=\"index, follow, max-snippet:-1, max-image-preview:large, max-video-preview:-1\" \/>\n<link rel=\"canonical\" href=\"https:\/\/www.univ-mila.dz\/?page_id=5167&lang=fr\" \/>\n<meta property=\"og:locale\" content=\"ar_AR\" \/>\n<meta property=\"og:type\" content=\"article\" \/>\n<meta property=\"og:title\" content=\"Revues Scientifiques - \u062c\u0627\u0645\u0639\u0629 \u0645\u064a\u0644\u0629\" \/>\n<meta property=\"og:description\" content=\"[vc_row][vc_column][vc_column_text] &nbsp; Revue Milev pour les recherches et les \u00e9tudes. Revue d&#8217;\u00e9conomie de finance et des affaires. Revue kefaya pour la langue et la litt\u00e9rature. Journal of Innovative Applied Mathematics and Computational Sciences. Revue de la Charte des Droits Revue des Recherches Litt\u00e9raires et Critiques [vc_row][vc_column][vc_column_text][\/vc_column_text][\/vc_column][\/vc_row][vc_row][vc_column width=&#8221;1\/3&#8243;][vc_wp_rss items=&#8221;10&#8243; options=&#8221;show_author,show_date&#8221; title=&#8221;Derniers articles JIMACS&#8221; url=&#8221;http:\/\/jiamcs.centre-univ-mila.dz\/index.php\/jiamcs\/gateway\/plugin\/WebFeedGatewayPlugin\/rss&#8221; el_class=&#8221;direction: ltr; [&hellip;]\" \/>\n<meta property=\"og:url\" content=\"https:\/\/www.univ-mila.dz\/?page_id=5167&amp;lang=fr\" \/>\n<meta property=\"og:site_name\" content=\"\u062c\u0627\u0645\u0639\u0629 \u0645\u064a\u0644\u0629\" \/>\n<meta property=\"article:publisher\" content=\"https:\/\/www.facebook.com\/univmila\/\" \/>\n<meta property=\"article:modified_time\" content=\"2025-04-09T14:40:36+00:00\" \/>\n<meta property=\"og:image\" content=\"https:\/\/www.univ-mila.dz\/wp-content\/uploads\/2020\/02\/bannner.jpg\" \/>\n<meta name=\"twitter:card\" content=\"summary_large_image\" \/>\n<meta name=\"twitter:site\" content=\"@univmila\" \/>\n<meta name=\"twitter:label1\" content=\"\u0648\u0642\u062a \u0627\u0644\u0642\u0631\u0627\u0621\u0629 \u0627\u0644\u0645\u064f\u0642\u062f\u0651\u0631\" \/>\n\t<meta name=\"twitter:data1\" content=\"1 \u062f\u0642\u064a\u0642\u0629\" \/>\n<script type=\"application\/ld+json\" class=\"yoast-schema-graph\">{\"@context\":\"https:\/\/schema.org\",\"@graph\":[{\"@type\":\"WebPage\",\"@id\":\"https:\/\/www.univ-mila.dz\/?page_id=5167&lang=fr\",\"url\":\"https:\/\/www.univ-mila.dz\/?page_id=5167&lang=fr\",\"name\":\"Revues Scientifiques - \u062c\u0627\u0645\u0639\u0629 \u0645\u064a\u0644\u0629\",\"isPartOf\":{\"@id\":\"https:\/\/www.univ-mila.dz\/#website\"},\"primaryImageOfPage\":{\"@id\":\"https:\/\/www.univ-mila.dz\/?page_id=5167&lang=fr#primaryimage\"},\"image\":{\"@id\":\"https:\/\/www.univ-mila.dz\/?page_id=5167&lang=fr#primaryimage\"},\"thumbnailUrl\":\"https:\/\/www.univ-mila.dz\/wp-content\/uploads\/2020\/02\/bannner.jpg\",\"datePublished\":\"2020-04-04T10:55:11+00:00\",\"dateModified\":\"2025-04-09T14:40:36+00:00\",\"inLanguage\":\"ar\",\"potentialAction\":[{\"@type\":\"ReadAction\",\"target\":[\"https:\/\/www.univ-mila.dz\/?page_id=5167&lang=fr\"]}]},{\"@type\":\"ImageObject\",\"inLanguage\":\"ar\",\"@id\":\"https:\/\/www.univ-mila.dz\/?page_id=5167&lang=fr#primaryimage\",\"url\":\"https:\/\/www.univ-mila.dz\/wp-content\/uploads\/2020\/02\/bannner.jpg\",\"contentUrl\":\"https:\/\/www.univ-mila.dz\/wp-content\/uploads\/2020\/02\/bannner.jpg\",\"width\":961,\"height\":190},{\"@type\":\"WebSite\",\"@id\":\"https:\/\/www.univ-mila.dz\/#website\",\"url\":\"https:\/\/www.univ-mila.dz\/\",\"name\":\"\u062c\u0627\u0645\u0639\u0629 \u0639\u0628\u062f \u0627\u0644\u062d\u0641\u064a\u0638 \u0628\u0648\u0627\u0644\u0635\u0648\u0641\",\"description\":\"\u0645\u064a\u0644\u0629\",\"publisher\":{\"@id\":\"https:\/\/www.univ-mila.dz\/#organization\"},\"potentialAction\":[{\"@type\":\"SearchAction\",\"target\":{\"@type\":\"EntryPoint\",\"urlTemplate\":\"https:\/\/www.univ-mila.dz\/?s={search_term_string}\"},\"query-input\":{\"@type\":\"PropertyValueSpecification\",\"valueRequired\":true,\"valueName\":\"search_term_string\"}}],\"inLanguage\":\"ar\"},{\"@type\":\"Organization\",\"@id\":\"https:\/\/www.univ-mila.dz\/#organization\",\"name\":\"\u062c\u0627\u0645\u0639\u0629 \u0639\u0628\u062f \u0627\u0644\u062d\u0641\u064a\u0638 \u0628\u0648\u0627\u0644\u0635\u0648\u0641 - \u0645\u064a\u0644\u0629\",\"url\":\"https:\/\/www.univ-mila.dz\/\",\"logo\":{\"@type\":\"ImageObject\",\"inLanguage\":\"ar\",\"@id\":\"https:\/\/www.univ-mila.dz\/#\/schema\/logo\/image\/\",\"url\":\"http:\/\/www.centre-univ-mila.dz\/wp-content\/uploads\/2019\/02\/1416395352cumtransparent.png\",\"contentUrl\":\"http:\/\/www.centre-univ-mila.dz\/wp-content\/uploads\/2019\/02\/1416395352cumtransparent.png\",\"width\":208,\"height\":268,\"caption\":\"\u062c\u0627\u0645\u0639\u0629 \u0639\u0628\u062f \u0627\u0644\u062d\u0641\u064a\u0638 \u0628\u0648\u0627\u0644\u0635\u0648\u0641 - \u0645\u064a\u0644\u0629\"},\"image\":{\"@id\":\"https:\/\/www.univ-mila.dz\/#\/schema\/logo\/image\/\"},\"sameAs\":[\"https:\/\/www.facebook.com\/univmila\/\",\"https:\/\/x.com\/univmila\",\"https:\/\/www.youtube.com\/channel\/UC9--lQO1WBvXm38B70e9u5w\"]}]}<\/script>\n<!-- \/ Yoast SEO plugin. -->","yoast_head_json":{"title":"Revues Scientifiques - \u062c\u0627\u0645\u0639\u0629 \u0645\u064a\u0644\u0629","robots":{"index":"index","follow":"follow","max-snippet":"max-snippet:-1","max-image-preview":"max-image-preview:large","max-video-preview":"max-video-preview:-1"},"canonical":"https:\/\/www.univ-mila.dz\/?page_id=5167&lang=fr","og_locale":"ar_AR","og_type":"article","og_title":"Revues Scientifiques - \u062c\u0627\u0645\u0639\u0629 \u0645\u064a\u0644\u0629","og_description":"[vc_row][vc_column][vc_column_text] &nbsp; Revue Milev pour les recherches et les \u00e9tudes. Revue d&#8217;\u00e9conomie de finance et des affaires. Revue kefaya pour la langue et la litt\u00e9rature. Journal of Innovative Applied Mathematics and Computational Sciences. Revue de la Charte des Droits Revue des Recherches Litt\u00e9raires et Critiques [vc_row][vc_column][vc_column_text][\/vc_column_text][\/vc_column][\/vc_row][vc_row][vc_column width=&#8221;1\/3&#8243;][vc_wp_rss items=&#8221;10&#8243; options=&#8221;show_author,show_date&#8221; title=&#8221;Derniers articles JIMACS&#8221; url=&#8221;http:\/\/jiamcs.centre-univ-mila.dz\/index.php\/jiamcs\/gateway\/plugin\/WebFeedGatewayPlugin\/rss&#8221; el_class=&#8221;direction: ltr; [&hellip;]","og_url":"https:\/\/www.univ-mila.dz\/?page_id=5167&lang=fr","og_site_name":"\u062c\u0627\u0645\u0639\u0629 \u0645\u064a\u0644\u0629","article_publisher":"https:\/\/www.facebook.com\/univmila\/","article_modified_time":"2025-04-09T14:40:36+00:00","og_image":[{"url":"https:\/\/www.univ-mila.dz\/wp-content\/uploads\/2020\/02\/bannner.jpg","type":"","width":"","height":""}],"twitter_card":"summary_large_image","twitter_site":"@univmila","twitter_misc":{"\u0648\u0642\u062a \u0627\u0644\u0642\u0631\u0627\u0621\u0629 \u0627\u0644\u0645\u064f\u0642\u062f\u0651\u0631":"1 \u062f\u0642\u064a\u0642\u0629"},"schema":{"@context":"https:\/\/schema.org","@graph":[{"@type":"WebPage","@id":"https:\/\/www.univ-mila.dz\/?page_id=5167&lang=fr","url":"https:\/\/www.univ-mila.dz\/?page_id=5167&lang=fr","name":"Revues Scientifiques - \u062c\u0627\u0645\u0639\u0629 \u0645\u064a\u0644\u0629","isPartOf":{"@id":"https:\/\/www.univ-mila.dz\/#website"},"primaryImageOfPage":{"@id":"https:\/\/www.univ-mila.dz\/?page_id=5167&lang=fr#primaryimage"},"image":{"@id":"https:\/\/www.univ-mila.dz\/?page_id=5167&lang=fr#primaryimage"},"thumbnailUrl":"https:\/\/www.univ-mila.dz\/wp-content\/uploads\/2020\/02\/bannner.jpg","datePublished":"2020-04-04T10:55:11+00:00","dateModified":"2025-04-09T14:40:36+00:00","inLanguage":"ar","potentialAction":[{"@type":"ReadAction","target":["https:\/\/www.univ-mila.dz\/?page_id=5167&lang=fr"]}]},{"@type":"ImageObject","inLanguage":"ar","@id":"https:\/\/www.univ-mila.dz\/?page_id=5167&lang=fr#primaryimage","url":"https:\/\/www.univ-mila.dz\/wp-content\/uploads\/2020\/02\/bannner.jpg","contentUrl":"https:\/\/www.univ-mila.dz\/wp-content\/uploads\/2020\/02\/bannner.jpg","width":961,"height":190},{"@type":"WebSite","@id":"https:\/\/www.univ-mila.dz\/#website","url":"https:\/\/www.univ-mila.dz\/","name":"\u062c\u0627\u0645\u0639\u0629 \u0639\u0628\u062f \u0627\u0644\u062d\u0641\u064a\u0638 \u0628\u0648\u0627\u0644\u0635\u0648\u0641","description":"\u0645\u064a\u0644\u0629","publisher":{"@id":"https:\/\/www.univ-mila.dz\/#organization"},"potentialAction":[{"@type":"SearchAction","target":{"@type":"EntryPoint","urlTemplate":"https:\/\/www.univ-mila.dz\/?s={search_term_string}"},"query-input":{"@type":"PropertyValueSpecification","valueRequired":true,"valueName":"search_term_string"}}],"inLanguage":"ar"},{"@type":"Organization","@id":"https:\/\/www.univ-mila.dz\/#organization","name":"\u062c\u0627\u0645\u0639\u0629 \u0639\u0628\u062f \u0627\u0644\u062d\u0641\u064a\u0638 \u0628\u0648\u0627\u0644\u0635\u0648\u0641 - \u0645\u064a\u0644\u0629","url":"https:\/\/www.univ-mila.dz\/","logo":{"@type":"ImageObject","inLanguage":"ar","@id":"https:\/\/www.univ-mila.dz\/#\/schema\/logo\/image\/","url":"http:\/\/www.centre-univ-mila.dz\/wp-content\/uploads\/2019\/02\/1416395352cumtransparent.png","contentUrl":"http:\/\/www.centre-univ-mila.dz\/wp-content\/uploads\/2019\/02\/1416395352cumtransparent.png","width":208,"height":268,"caption":"\u062c\u0627\u0645\u0639\u0629 \u0639\u0628\u062f \u0627\u0644\u062d\u0641\u064a\u0638 \u0628\u0648\u0627\u0644\u0635\u0648\u0641 - \u0645\u064a\u0644\u0629"},"image":{"@id":"https:\/\/www.univ-mila.dz\/#\/schema\/logo\/image\/"},"sameAs":["https:\/\/www.facebook.com\/univmila\/","https:\/\/x.com\/univmila","https:\/\/www.youtube.com\/channel\/UC9--lQO1WBvXm38B70e9u5w"]}]}},"_links":{"self":[{"href":"https:\/\/www.univ-mila.dz\/index.php?rest_route=\/wp\/v2\/pages\/5167","targetHints":{"allow":["GET"]}}],"collection":[{"href":"https:\/\/www.univ-mila.dz\/index.php?rest_route=\/wp\/v2\/pages"}],"about":[{"href":"https:\/\/www.univ-mila.dz\/index.php?rest_route=\/wp\/v2\/types\/page"}],"author":[{"embeddable":true,"href":"https:\/\/www.univ-mila.dz\/index.php?rest_route=\/wp\/v2\/users\/1"}],"replies":[{"embeddable":true,"href":"https:\/\/www.univ-mila.dz\/index.php?rest_route=%2Fwp%2Fv2%2Fcomments&post=5167"}],"version-history":[{"count":16,"href":"https:\/\/www.univ-mila.dz\/index.php?rest_route=\/wp\/v2\/pages\/5167\/revisions"}],"predecessor-version":[{"id":31023,"href":"https:\/\/www.univ-mila.dz\/index.php?rest_route=\/wp\/v2\/pages\/5167\/revisions\/31023"}],"wp:attachment":[{"href":"https:\/\/www.univ-mila.dz\/index.php?rest_route=%2Fwp%2Fv2%2Fmedia&parent=5167"}],"curies":[{"name":"wp","href":"https:\/\/api.w.org\/{rel}","templated":true}]}}