{"id":399,"date":"2019-04-24T12:31:47","date_gmt":"2019-04-24T09:31:47","guid":{"rendered":"https:\/\/www.univ-mila.dz?page_id=399"},"modified":"2020-10-04T11:08:44","modified_gmt":"2020-10-04T10:08:44","slug":"el-moudjahid-abdelhafid-boussof","status":"publish","type":"page","link":"https:\/\/www.univ-mila.dz\/?page_id=399&lang=fr","title":{"rendered":"Biographie du Moudjahid Abdelhafid Boussouf"},"content":{"rendered":"<p>[vc_row][vc_column][vc_column_text]<img loading=\"lazy\" decoding=\"async\" class=\"vc_single_image-img attachment-large alignright\" src=\"https:\/\/www.univ-mila.dz\/wp-content\/uploads\/2019\/09\/download.jpg\" alt=\"\" width=\"202\" height=\"250\" \/><\/p>\n<p style=\"text-align: center;\"><span style=\"color: #993300;\"><strong>Biographie du Moudjahid AbdElhafid Boussouf<\/strong><\/span><\/p>\n<p style=\"text-align: left;\"><span style=\"font-weight: 400;\">Est incontestablement le fondateur des services de renseignement alg\u00e9riens et le technocrate de l&#8217;ind\u00e9pendance. Par ses surnoms le fils brillant de Mila m\u00e9rite aussi, pour son r\u00f4le efficace tout au long de la lutte pour l\u2019ind\u00e9pendance, d\u2019\u00eatre parmi les grands hommes de la nation. Il a notamment, gr\u00e2ce \u00e0 ce r\u00f4le pu pr\u00f4ner les rangs pionniers, de l&#8217;Arm\u00e9e de Lib\u00e9ration Nationale (ALN), en somme, Boussouf a marqu\u00e9 l&#8217;histoire de l&#8217;Alg\u00e9rie, aux c\u00f4t\u00e9s de tous ceux qui se sont sacrifi\u00e9s pour sa lib\u00e9ration des jougs colonial, par une intelligence exceptionnelle et un sens visionnaire unique.<\/span><\/p>\n<p style=\"text-align: left;\"><span style=\"font-weight: 400;\">\u00a0<\/span><b>Biographie :<\/b><\/p>\n<p style=\"text-align: left;\"><span style=\"font-weight: 400;\">Le fils de Khalil et de Zahira Saoud, Abd elhafid Boussouf, alias \u00ab Si Mabrouk \u00bb ou \u00ab\u00a0l\u2019homme de la virgule\u00a0\u00bb est n\u00e9 le 17 ao\u00fbt 1926 dans le quartier Kouf \u00e0 Mila.<\/span><\/p>\n<p style=\"text-align: left;\"><span style=\"font-weight: 400;\">\u00a0Il poursuivit d\u00e8s 1934, \u00e0 l\u2019\u00e2ge de huit ans, ces \u00e9tudes au primaire \u00e0 l\u2019\u00e9cole fran\u00e7aise, apr\u00e8s les enseignements du Coran chez le Cheikh Bendakiche. Ensuite, il adh\u00e8re en 1941<\/span><b>,<\/b><span style=\"font-weight: 400;\"> au Parti du peuple alg\u00e9rien (PPA) \u00e0 Mila et fonda plusieurs cellules militantes, ces derni\u00e8res participeront au d\u00e9clenchement de la r\u00e9volution du premier novembre 1954.<\/span><\/p>\n<p style=\"text-align: left;\"><span style=\"font-weight: 400;\">Une fois ses \u00e9tudes achev\u00e9es, il d\u00e9m\u00e9nage en1944\u00a0\u00e0 Constantine, pour travailler et y acc\u00e9der au (PPA).\u00a0 C\u2019est \u00e0 cette p\u00e9riode qu\u2019il c\u00f4toya \u00a0 Boudiaf, Ben M\u2019hidi, Bentobal et bien d&#8217;autres. En 1947\u00a0il <\/span><span style=\"font-weight: 400;\">\u00a0devient un des membres les plus \u00e9minents de l<\/span><span style=\"font-weight: 400;\">&#8216;<\/span><a href=\"https:\/\/fr.wikipedia.org\/wiki\/Organisation_sp%C3%A9ciale_(Alg%C3%A9rie)\"><span style=\"font-weight: 400;\">Organisation sp\u00e9ciale<\/span><\/a><span style=\"font-weight: 400;\"> secr\u00e8te(OS) .<\/span><span style=\"font-weight: 400;\">\u00a0<\/span><\/p>\n<p style=\"text-align: left;\"><span style=\"font-weight: 400;\">Apr\u00e8s la\u00a0d\u00e9couverte de l\u2019OS en 1950\u00a0, Boussouf entre dans la clandestinit\u00e9 dans\u00a0 <\/span><span style=\"font-weight: 400;\">la ville de Skikda,<\/span> <span style=\"font-weight: 400;\">puis dans <\/span><span style=\"font-weight: 400;\">les environs<\/span><span style=\"font-weight: 400;\"> d&#8217;Oran ou il<\/span><span style=\"font-weight: 400;\"> devient responsable de la circonscription de\u00a0<\/span><a href=\"https:\/\/fr.wikipedia.org\/wiki\/Tlemcen\"><span style=\"font-weight: 400;\">Tlemcen<\/span><\/a><span style=\"font-weight: 400;\">.<\/span><\/p>\n<p style=\"text-align: left;\"><span style=\"font-weight: 400;\">En mars1954 il est appel\u00e9 au Comit\u00e9 r\u00e9volutionnaire d&#8217;unit\u00e9 et d&#8217;action (CRUA) et participe en juin de la m\u00eame ann\u00e9e, \u00e0 la r\u00e9union des vingt-deux dirigeants historiques.<\/span><\/p>\n<p style=\"text-align: left;\"><span style=\"font-weight: 400;\">Ce parcours militant mouvement\u00e9, avait octroy\u00e9 au moudjahid Abdelhafid Boussouf divers postes et lui a attribu\u00e9 d\u2019accomplir maintes missions, au centre de la r\u00e9volution.<\/span><\/p>\n<p style=\"text-align: left;\"><span style=\"font-weight: 400;\">\u00a0Il est au lancement de la r\u00e9volution, lieutenant de Larbi <\/span><span style=\"font-weight: 400;\">Ben M&#8217;hidi<\/span><span style=\"font-weight: 400;\"> dans la wilaya V (L\u2019Oranie),\u00a0charg\u00e9<\/span><span style=\"font-weight: 400;\"> de la r\u00e9gion de Tlemcen.<\/span><\/p>\n<p style=\"text-align: left;\"><span style=\"font-weight: 400;\">Il est membre du Conseil national de la r\u00e9volution Apr\u00e8s le congr\u00e8s de la Soummam Aout 1956 et promu en septembre, chef de la wilaya V au grade de colonel. Il participera aussi, \u00e0 la mise en place du r\u00e9seau de transmissions et renseignements dans la wilaya V puis dans le reste des wilayas<\/span><\/p>\n<p style=\"text-align: left;\"><span style=\"font-weight: 400;\">Il a \u00e9videmment cr\u00e9\u00e9 La \u00ab\u00a0<\/span><b>Voix de l\u2019Alg\u00e9rie libre et combattante\u00a0\u00bb<\/b><span style=\"font-weight: 400;\">, qui est le noyau de la radio alg\u00e9rienne actuelle, diffus\u00e9e,<\/span><span style=\"font-weight: 400;\"> d\u00e8s l\u2019ouest alg\u00e9rien, le 16 d\u00e9cembre1956, pour mettre en \u00e9chec la propagande coloniale.<\/span><\/p>\n<p style=\"text-align: left;\"><span style=\"font-weight: 400;\">En 1957\u00a0il est membre du Comit\u00e9 de coordination et d&#8217;ex\u00e9cution, son r\u00f4le est primordial dans la cr\u00e9ation des services de renseignements alg\u00e9riens, caract\u00e9ris\u00e9 par sa puissance et son efficacit\u00e9. Il a \u00e9galement particip\u00e9 \u00e0 la formation de ces cadres au sein du KGB.<\/span><span style=\"font-weight: 400;\">\u00a0<\/span><\/p>\n<p style=\"text-align: left;\"><span style=\"font-weight: 400;\">Les <\/span><b>Boussouf boys<\/b><span style=\"font-weight: 400;\">, ou les hommes de Boussouf, ont pu infiltrer beaucoup de services de renseignements inclus ceux de l\u2019arm\u00e9e fran\u00e7aise, ils ont r\u00e9ussi, aussi, a coop\u00e9r\u00e9 avec les services de renseignement des grandes puissances \u00e0 l\u2019\u00e9poque, entre autres, les \u00c9tats-Unis, l&#8217;Union sovi\u00e9tique, la Chine, et le Japon.<\/span><\/p>\n<p style=\"text-align: left;\"><span style=\"font-weight: 400;\">Le gouvernement<\/span> <span style=\"font-weight: 400;\">provisoire de la R\u00e9publique alg\u00e9rienne<\/span><b>, <\/b><span style=\"font-weight: 400;\">annonc\u00e9 en 1958\u00a0comptait Boussouf parmi ces ministres, il est alors ministre des Liaisons g\u00e9n\u00e9rales et des Communications dans le gouvernement et ministre de l&#8217;armement et du ravitaillement l\u2019ann\u00e9e 1961, d&#8217;abord alli\u00e9 \u00e0 Krim Belkacem, puis, au colonel Bentobal &#8211; ils sont surnomm\u00e9s les trois B, jusqu&#8217;en 1962<\/span><\/p>\n<p style=\"text-align: left;\"><span style=\"font-weight: 400;\">Boussouf quitta la sc\u00e8ne politique jusqu\u2019\u00e0 son d\u00e9c\u00e8s \u00e0 Paris le 31 d\u00e9cembre 1980 \u00e0 l\u2019issu d\u2019une crise cardiaque.\u00a0<\/span><\/p>\n<p style=\"text-align: left;\"><strong><span style=\"font-weight: 400;\">L\u2019histoire n\u2019effacera \u00e0 jamais les r\u00e9ussites qu\u2019un jeune service avait enregistr\u00e9es, sous la direction de Boussouf tel<\/span> <span style=\"font-weight: 400;\">le recrutement d\u2019agents pour espionner les communications entre les unit\u00e9s militaires fran\u00e7aises, cette infiltration a permis de r\u00e9v\u00e9ler de nombreux secrets de l&#8217;arm\u00e9e fran\u00e7aise. Par ailleurs, l\u2019efficacit\u00e9 de ses m\u00e9thodes, bas\u00e9es sur le secret, lui ont permis, aussi la d\u00e9couverte d\u2019un agent de renseignement am\u00e9ricain en Alg\u00e9rie pendant la r\u00e9volution, le d\u00e9mant\u00e8lement de l\u2019op\u00e9ration du navire grec, avec l\u2019op\u00e9ration de la secr\u00e9taire de l&#8217;OTAN et le recrutement de ministres fran\u00e7ais et d&#8217;autres personnalit\u00e9s, au profit de la r\u00e9volution alg\u00e9rienne. <\/span><\/strong><span style=\"text-align: left;\">ministres au sein du gouvernement fran\u00e7ais et d&#8217;autres personnalit\u00e9s li\u00e9es au gouvernement au profit de la r\u00e9volution alg\u00e9rienne.<\/span><\/p>\n<p>[\/vc_column_text][\/vc_column][\/vc_row]<\/p>\n","protected":false},"excerpt":{"rendered":"<p>[vc_row][vc_column][vc_column_text] Biographie du Moudjahid AbdElhafid Boussouf Est incontestablement le fondateur des services de renseignement alg\u00e9riens et le technocrate de l&#8217;ind\u00e9pendance. Par ses surnoms le fils brillant de Mila m\u00e9rite aussi, pour son r\u00f4le efficace tout au long de la lutte pour l\u2019ind\u00e9pendance, d\u2019\u00eatre parmi les grands hommes de la nation. Il a notamment, gr\u00e2ce \u00e0 [&hellip;]<\/p>\n","protected":false},"author":1,"featured_media":400,"parent":0,"menu_order":0,"comment_status":"closed","ping_status":"closed","template":"","meta":{"footnotes":""},"class_list":["post-399","page","type-page","status-publish","has-post-thumbnail","hentry"],"yoast_head":"<!-- This site is optimized with the Yoast SEO plugin v26.3 - https:\/\/yoast.com\/wordpress\/plugins\/seo\/ -->\n<title>Biographie du Moudjahid Abdelhafid Boussouf - \u062c\u0627\u0645\u0639\u0629 \u0645\u064a\u0644\u0629<\/title>\n<meta name=\"robots\" content=\"index, follow, max-snippet:-1, max-image-preview:large, max-video-preview:-1\" \/>\n<link rel=\"canonical\" href=\"https:\/\/www.univ-mila.dz\/?page_id=399&lang=fr\" \/>\n<meta property=\"og:locale\" content=\"ar_AR\" \/>\n<meta property=\"og:type\" content=\"article\" \/>\n<meta property=\"og:title\" content=\"Biographie du Moudjahid Abdelhafid Boussouf - \u062c\u0627\u0645\u0639\u0629 \u0645\u064a\u0644\u0629\" \/>\n<meta property=\"og:description\" content=\"[vc_row][vc_column][vc_column_text] Biographie du Moudjahid AbdElhafid Boussouf Est incontestablement le fondateur des services de renseignement alg\u00e9riens et le technocrate de l&#8217;ind\u00e9pendance. Par ses surnoms le fils brillant de Mila m\u00e9rite aussi, pour son r\u00f4le efficace tout au long de la lutte pour l\u2019ind\u00e9pendance, d\u2019\u00eatre parmi les grands hommes de la nation. Il a notamment, gr\u00e2ce \u00e0 [&hellip;]\" \/>\n<meta property=\"og:url\" content=\"https:\/\/www.univ-mila.dz\/?page_id=399&amp;lang=fr\" \/>\n<meta property=\"og:site_name\" content=\"\u062c\u0627\u0645\u0639\u0629 \u0645\u064a\u0644\u0629\" \/>\n<meta property=\"article:publisher\" content=\"https:\/\/www.facebook.com\/univmila\/\" \/>\n<meta property=\"article:modified_time\" content=\"2020-10-04T10:08:44+00:00\" \/>\n<meta property=\"og:image\" content=\"https:\/\/www.univ-mila.dz\/wp-content\/uploads\/2019\/04\/download.jpg\" \/>\n\t<meta property=\"og:image:width\" content=\"202\" \/>\n\t<meta property=\"og:image:height\" content=\"250\" \/>\n\t<meta property=\"og:image:type\" content=\"image\/jpeg\" \/>\n<meta name=\"twitter:card\" content=\"summary_large_image\" \/>\n<meta name=\"twitter:site\" content=\"@univmila\" \/>\n<meta name=\"twitter:label1\" content=\"\u0648\u0642\u062a \u0627\u0644\u0642\u0631\u0627\u0621\u0629 \u0627\u0644\u0645\u064f\u0642\u062f\u0651\u0631\" \/>\n\t<meta name=\"twitter:data1\" content=\"4 \u062f\u0642\u0627\u0626\u0642\" \/>\n<script type=\"application\/ld+json\" class=\"yoast-schema-graph\">{\"@context\":\"https:\/\/schema.org\",\"@graph\":[{\"@type\":\"WebPage\",\"@id\":\"https:\/\/www.univ-mila.dz\/?page_id=399&lang=fr\",\"url\":\"https:\/\/www.univ-mila.dz\/?page_id=399&lang=fr\",\"name\":\"Biographie du Moudjahid Abdelhafid Boussouf - \u062c\u0627\u0645\u0639\u0629 \u0645\u064a\u0644\u0629\",\"isPartOf\":{\"@id\":\"https:\/\/www.univ-mila.dz\/#website\"},\"primaryImageOfPage\":{\"@id\":\"https:\/\/www.univ-mila.dz\/?page_id=399&lang=fr#primaryimage\"},\"image\":{\"@id\":\"https:\/\/www.univ-mila.dz\/?page_id=399&lang=fr#primaryimage\"},\"thumbnailUrl\":\"https:\/\/www.univ-mila.dz\/wp-content\/uploads\/2019\/04\/download.jpg\",\"datePublished\":\"2019-04-24T09:31:47+00:00\",\"dateModified\":\"2020-10-04T10:08:44+00:00\",\"inLanguage\":\"ar\",\"potentialAction\":[{\"@type\":\"ReadAction\",\"target\":[\"https:\/\/www.univ-mila.dz\/?page_id=399&lang=fr\"]}]},{\"@type\":\"ImageObject\",\"inLanguage\":\"ar\",\"@id\":\"https:\/\/www.univ-mila.dz\/?page_id=399&lang=fr#primaryimage\",\"url\":\"https:\/\/www.univ-mila.dz\/wp-content\/uploads\/2019\/04\/download.jpg\",\"contentUrl\":\"https:\/\/www.univ-mila.dz\/wp-content\/uploads\/2019\/04\/download.jpg\",\"width\":202,\"height\":250,\"caption\":\"El Moudjahid Abdelhafid Boussof\"},{\"@type\":\"WebSite\",\"@id\":\"https:\/\/www.univ-mila.dz\/#website\",\"url\":\"https:\/\/www.univ-mila.dz\/\",\"name\":\"\u062c\u0627\u0645\u0639\u0629 \u0639\u0628\u062f \u0627\u0644\u062d\u0641\u064a\u0638 \u0628\u0648\u0627\u0644\u0635\u0648\u0641\",\"description\":\"\u0645\u064a\u0644\u0629\",\"publisher\":{\"@id\":\"https:\/\/www.univ-mila.dz\/#organization\"},\"potentialAction\":[{\"@type\":\"SearchAction\",\"target\":{\"@type\":\"EntryPoint\",\"urlTemplate\":\"https:\/\/www.univ-mila.dz\/?s={search_term_string}\"},\"query-input\":{\"@type\":\"PropertyValueSpecification\",\"valueRequired\":true,\"valueName\":\"search_term_string\"}}],\"inLanguage\":\"ar\"},{\"@type\":\"Organization\",\"@id\":\"https:\/\/www.univ-mila.dz\/#organization\",\"name\":\"\u062c\u0627\u0645\u0639\u0629 \u0639\u0628\u062f \u0627\u0644\u062d\u0641\u064a\u0638 \u0628\u0648\u0627\u0644\u0635\u0648\u0641 - \u0645\u064a\u0644\u0629\",\"url\":\"https:\/\/www.univ-mila.dz\/\",\"logo\":{\"@type\":\"ImageObject\",\"inLanguage\":\"ar\",\"@id\":\"https:\/\/www.univ-mila.dz\/#\/schema\/logo\/image\/\",\"url\":\"http:\/\/www.centre-univ-mila.dz\/wp-content\/uploads\/2019\/02\/1416395352cumtransparent.png\",\"contentUrl\":\"http:\/\/www.centre-univ-mila.dz\/wp-content\/uploads\/2019\/02\/1416395352cumtransparent.png\",\"width\":208,\"height\":268,\"caption\":\"\u062c\u0627\u0645\u0639\u0629 \u0639\u0628\u062f \u0627\u0644\u062d\u0641\u064a\u0638 \u0628\u0648\u0627\u0644\u0635\u0648\u0641 - \u0645\u064a\u0644\u0629\"},\"image\":{\"@id\":\"https:\/\/www.univ-mila.dz\/#\/schema\/logo\/image\/\"},\"sameAs\":[\"https:\/\/www.facebook.com\/univmila\/\",\"https:\/\/x.com\/univmila\",\"https:\/\/www.youtube.com\/channel\/UC9--lQO1WBvXm38B70e9u5w\"]}]}<\/script>\n<!-- \/ Yoast SEO plugin. -->","yoast_head_json":{"title":"Biographie du Moudjahid Abdelhafid Boussouf - \u062c\u0627\u0645\u0639\u0629 \u0645\u064a\u0644\u0629","robots":{"index":"index","follow":"follow","max-snippet":"max-snippet:-1","max-image-preview":"max-image-preview:large","max-video-preview":"max-video-preview:-1"},"canonical":"https:\/\/www.univ-mila.dz\/?page_id=399&lang=fr","og_locale":"ar_AR","og_type":"article","og_title":"Biographie du Moudjahid Abdelhafid Boussouf - \u062c\u0627\u0645\u0639\u0629 \u0645\u064a\u0644\u0629","og_description":"[vc_row][vc_column][vc_column_text] Biographie du Moudjahid AbdElhafid Boussouf Est incontestablement le fondateur des services de renseignement alg\u00e9riens et le technocrate de l&#8217;ind\u00e9pendance. Par ses surnoms le fils brillant de Mila m\u00e9rite aussi, pour son r\u00f4le efficace tout au long de la lutte pour l\u2019ind\u00e9pendance, d\u2019\u00eatre parmi les grands hommes de la nation. Il a notamment, gr\u00e2ce \u00e0 [&hellip;]","og_url":"https:\/\/www.univ-mila.dz\/?page_id=399&lang=fr","og_site_name":"\u062c\u0627\u0645\u0639\u0629 \u0645\u064a\u0644\u0629","article_publisher":"https:\/\/www.facebook.com\/univmila\/","article_modified_time":"2020-10-04T10:08:44+00:00","og_image":[{"width":202,"height":250,"url":"https:\/\/www.univ-mila.dz\/wp-content\/uploads\/2019\/04\/download.jpg","type":"image\/jpeg"}],"twitter_card":"summary_large_image","twitter_site":"@univmila","twitter_misc":{"\u0648\u0642\u062a \u0627\u0644\u0642\u0631\u0627\u0621\u0629 \u0627\u0644\u0645\u064f\u0642\u062f\u0651\u0631":"4 \u062f\u0642\u0627\u0626\u0642"},"schema":{"@context":"https:\/\/schema.org","@graph":[{"@type":"WebPage","@id":"https:\/\/www.univ-mila.dz\/?page_id=399&lang=fr","url":"https:\/\/www.univ-mila.dz\/?page_id=399&lang=fr","name":"Biographie du Moudjahid Abdelhafid Boussouf - \u062c\u0627\u0645\u0639\u0629 \u0645\u064a\u0644\u0629","isPartOf":{"@id":"https:\/\/www.univ-mila.dz\/#website"},"primaryImageOfPage":{"@id":"https:\/\/www.univ-mila.dz\/?page_id=399&lang=fr#primaryimage"},"image":{"@id":"https:\/\/www.univ-mila.dz\/?page_id=399&lang=fr#primaryimage"},"thumbnailUrl":"https:\/\/www.univ-mila.dz\/wp-content\/uploads\/2019\/04\/download.jpg","datePublished":"2019-04-24T09:31:47+00:00","dateModified":"2020-10-04T10:08:44+00:00","inLanguage":"ar","potentialAction":[{"@type":"ReadAction","target":["https:\/\/www.univ-mila.dz\/?page_id=399&lang=fr"]}]},{"@type":"ImageObject","inLanguage":"ar","@id":"https:\/\/www.univ-mila.dz\/?page_id=399&lang=fr#primaryimage","url":"https:\/\/www.univ-mila.dz\/wp-content\/uploads\/2019\/04\/download.jpg","contentUrl":"https:\/\/www.univ-mila.dz\/wp-content\/uploads\/2019\/04\/download.jpg","width":202,"height":250,"caption":"El Moudjahid Abdelhafid Boussof"},{"@type":"WebSite","@id":"https:\/\/www.univ-mila.dz\/#website","url":"https:\/\/www.univ-mila.dz\/","name":"\u062c\u0627\u0645\u0639\u0629 \u0639\u0628\u062f \u0627\u0644\u062d\u0641\u064a\u0638 \u0628\u0648\u0627\u0644\u0635\u0648\u0641","description":"\u0645\u064a\u0644\u0629","publisher":{"@id":"https:\/\/www.univ-mila.dz\/#organization"},"potentialAction":[{"@type":"SearchAction","target":{"@type":"EntryPoint","urlTemplate":"https:\/\/www.univ-mila.dz\/?s={search_term_string}"},"query-input":{"@type":"PropertyValueSpecification","valueRequired":true,"valueName":"search_term_string"}}],"inLanguage":"ar"},{"@type":"Organization","@id":"https:\/\/www.univ-mila.dz\/#organization","name":"\u062c\u0627\u0645\u0639\u0629 \u0639\u0628\u062f \u0627\u0644\u062d\u0641\u064a\u0638 \u0628\u0648\u0627\u0644\u0635\u0648\u0641 - \u0645\u064a\u0644\u0629","url":"https:\/\/www.univ-mila.dz\/","logo":{"@type":"ImageObject","inLanguage":"ar","@id":"https:\/\/www.univ-mila.dz\/#\/schema\/logo\/image\/","url":"http:\/\/www.centre-univ-mila.dz\/wp-content\/uploads\/2019\/02\/1416395352cumtransparent.png","contentUrl":"http:\/\/www.centre-univ-mila.dz\/wp-content\/uploads\/2019\/02\/1416395352cumtransparent.png","width":208,"height":268,"caption":"\u062c\u0627\u0645\u0639\u0629 \u0639\u0628\u062f \u0627\u0644\u062d\u0641\u064a\u0638 \u0628\u0648\u0627\u0644\u0635\u0648\u0641 - \u0645\u064a\u0644\u0629"},"image":{"@id":"https:\/\/www.univ-mila.dz\/#\/schema\/logo\/image\/"},"sameAs":["https:\/\/www.facebook.com\/univmila\/","https:\/\/x.com\/univmila","https:\/\/www.youtube.com\/channel\/UC9--lQO1WBvXm38B70e9u5w"]}]}},"_links":{"self":[{"href":"https:\/\/www.univ-mila.dz\/index.php?rest_route=\/wp\/v2\/pages\/399","targetHints":{"allow":["GET"]}}],"collection":[{"href":"https:\/\/www.univ-mila.dz\/index.php?rest_route=\/wp\/v2\/pages"}],"about":[{"href":"https:\/\/www.univ-mila.dz\/index.php?rest_route=\/wp\/v2\/types\/page"}],"author":[{"embeddable":true,"href":"https:\/\/www.univ-mila.dz\/index.php?rest_route=\/wp\/v2\/users\/1"}],"replies":[{"embeddable":true,"href":"https:\/\/www.univ-mila.dz\/index.php?rest_route=%2Fwp%2Fv2%2Fcomments&post=399"}],"version-history":[{"count":19,"href":"https:\/\/www.univ-mila.dz\/index.php?rest_route=\/wp\/v2\/pages\/399\/revisions"}],"predecessor-version":[{"id":9585,"href":"https:\/\/www.univ-mila.dz\/index.php?rest_route=\/wp\/v2\/pages\/399\/revisions\/9585"}],"wp:featuredmedia":[{"embeddable":true,"href":"https:\/\/www.univ-mila.dz\/index.php?rest_route=\/wp\/v2\/media\/400"}],"wp:attachment":[{"href":"https:\/\/www.univ-mila.dz\/index.php?rest_route=%2Fwp%2Fv2%2Fmedia&parent=399"}],"curies":[{"name":"wp","href":"https:\/\/api.w.org\/{rel}","templated":true}]}}