{"id":393,"date":"2019-04-24T11:45:25","date_gmt":"2019-04-24T08:45:25","guid":{"rendered":"https:\/\/www.univ-mila.dz?page_id=393"},"modified":"2026-01-25T10:21:57","modified_gmt":"2026-01-25T09:21:57","slug":"a-propos-du-universite","status":"publish","type":"page","link":"https:\/\/www.univ-mila.dz\/?page_id=393&lang=fr","title":{"rendered":"\u00c0 propos de l&#8217;universit\u00e9"},"content":{"rendered":"<p>[vc_row][vc_column][vc_single_image source=&#8221;external_link&#8221; external_img_size=&#8221;400&#215;700&#8243; alignment=&#8221;center&#8221; custom_src=&#8221;https:\/\/www.univ-mila.dz\/wp-content\/uploads\/2019\/02\/univmila.jpg&#8221;][vc_column_text]<\/p>\r\n<p data-start=\"40\" data-end=\"449\"><strong>L\u2019Universit\u00e9 de Mila<\/strong> est un \u00e9tablissement public \u00e0 caract\u00e8re scientifique, culturel et professionnel, jouissant de la personnalit\u00e9 morale et de l\u2019autonomie financi\u00e8re. Elle a \u00e9t\u00e9 cr\u00e9\u00e9e en tant que centre universitaire au d\u00e9but de l\u2019ann\u00e9e universitaire 2008-2009, accueillant plus de 1 000 \u00e9tudiants et marquant le lancement de l\u2019enseignement sup\u00e9rieur et de la recherche scientifique dans la wilaya de Mila.<\/p>\r\n<p data-start=\"451\" data-end=\"717\">Au fil des ann\u00e9es, l\u2019institution a connu une croissance constante tant au niveau de l\u2019offre de formation que des ressources humaines. Aujourd\u2019hui, elle accueille plus de 10 820 \u00e9tudiants, encadr\u00e9s par 529 enseignants et 478 personnels techniques et administratifs.<\/p>\r\n<p data-start=\"719\" data-end=\"961\">Dans le cadre du d\u00e9veloppement du syst\u00e8me d\u2019enseignement sup\u00e9rieur, le Centre universitaire de Mila a \u00e9t\u00e9 promu au rang d\u2019universit\u00e9 \u00e0 part enti\u00e8re par le d\u00e9cret ex\u00e9cutif n\u00b0 25-266 du 15 Rabie El Awwal 1447, correspondant au 7 octobre 2025.<\/p>\r\n<p data-start=\"963\" data-end=\"1206\">En hommage \u00e0 la m\u00e9moire nationale et en reconnaissance de l\u2019une des figures embl\u00e9matiques de la R\u00e9volution de Lib\u00e9ration alg\u00e9rienne, l\u2019\u00e9tablissement a \u00e9t\u00e9 officiellement renomm\u00e9 <strong data-start=\"1141\" data-end=\"1183\">Universit\u00e9 Abdelhafid Boussouf de Mila<\/strong> le 29 d\u00e9cembre 2025.<\/p>\r\n<p data-start=\"1208\" data-end=\"1640\">L\u2019Universit\u00e9 propose une large gamme de formations couvrant les trois cycles universitaires : Licence, Master et Doctorat. Ces formations englobent divers domaines scientifiques, technologiques, \u00e9conomiques, juridiques et litt\u00e9raires. Elles sont assur\u00e9es par une \u00e9quipe d\u2019experts hautement qualifi\u00e9s, charg\u00e9s de la formation acad\u00e9mique et de l\u2019encadrement des \u00e9tudiants. Elles sont r\u00e9parties au sein de six facult\u00e9s sp\u00e9cialis\u00e9es :<\/p>\r\n<ul>\r\n<li><span class=\"HwtZe\" lang=\"fr\"><span class=\"jCAhz ChMk0b\"><span class=\"ryNqvb\"><strong><span style=\"color: #0000ff;\"><a style=\"color: #0000ff;\" href=\"\/?page_id=1642&amp;lang=fr\">Facult\u00e9 des Sciences et Technologies<\/a><\/span>:<\/strong> Il comprend trois d\u00e9partements : D\u00e9partement de G\u00e9nie Civil et Hydraulique, G\u00e9nie M\u00e9canique et \u00c9lectrom\u00e9canique et G\u00e9nie des Proc\u00e9d\u00e9s.<\/span><\/span><\/span><\/li>\r\n<li><span class=\"HwtZe\" lang=\"fr\"><span class=\"jCAhz ChMk0b\"><span class=\"ryNqvb\"><strong><span style=\"color: #0000ff;\"><a style=\"color: #0000ff;\" href=\"\/?page_id=21820&amp;lang=fr\">Facult\u00e9 de Math\u00e9matiques et Informatique:<\/a><\/span><\/strong> Il comprend deux d\u00e9partements : Math\u00e9matiques et Informatique<br \/><\/span><\/span><\/span><\/li>\r\n<li><a href=\"\/?page_id=21855&amp;lang=fr\"><span style=\"color: #0000ff;\"><strong><span class=\"HwtZe\" lang=\"fr\"><span class=\"jCAhz ChMk0b\"><span class=\"ryNqvb\">Facult\u00e9<\/span><\/span><\/span><\/strong><\/span><span class=\"HwtZe\" lang=\"fr\"> <span class=\"jCAhz ChMk0b\"><span class=\"ryNqvb\"><span style=\"color: #0000ff;\"><strong>sciences naturelles et de la vie<\/strong>:<\/span><\/span><\/span><\/span><\/a> comprend quatre d\u00e9partements : Sciences de la Terre et de l&#8217;Univers,Biotechnologie, Sciences biologiques et agricoles, D\u00e9partement des science \u00e9cologie et environnement.<\/li>\r\n<li><span class=\"HwtZe\" lang=\"fr\"><span class=\"jCAhz ChMk0b\"><span class=\"ryNqvb\"><strong><a href=\"\/?page_id=1650&amp;lang=fr\"><span style=\"color: #0000ff;\">Facult\u00e9 des Sciences \u00c9conomiques, Commerciales et de Gestion:<\/span><\/a><\/strong> Il comprend quatre d\u00e9partements : sciences \u00e9conomiques, sciences de gestion, sciences financi\u00e8res et comptables et sciences commerciales.I<\/span><\/span><\/span><\/li>\r\n<li><span style=\"color: #0000ff;\"><a style=\"color: #0000ff;\" href=\"http:\/\/let.centre-univ-mila.dz\"><strong>Facult\u00e9 des lettres et des langues<\/strong><\/a>:<\/span> constitu\u00e9 de deux d\u00e9partements : D\u00e9partement de la langue arabe, et D\u00e9partement de langues \u00e9trang\u00e8res.<\/li>\r\n<li><span class=\"HwtZe\" lang=\"fr\"><span class=\"jCAhz ChMk0b\"><span class=\"ryNqvb\"><strong><span style=\"color: #0000ff;\">Facult\u00e9 de Droit:<\/span><\/strong> Il comprend un d\u00e9partement : Droit.<\/span><\/span><\/span><\/li>\r\n<li><strong><a href=\"\/?page_id=32865&amp;lang=fr\"><span style=\"color: #0000ff;\">Annexe de l\u2019\u00c9cole Normale Sup\u00e9rieure<\/span><\/a><\/strong><\/li>\r\n<\/ul>\r\n<p>Pour organiser et soutenir la recherche scientifique, l&#8217;Universit\u00e9 de Mila supervise <a href=\"\/?page_id=1630&amp;lang=fr\"><span style=\"color: #0000ff;\"><strong>sept laboratoires de recherche<\/strong><\/span><\/a> r\u00e9partis dans ses facult\u00e9s:<\/p>\r\n<h5>Facult\u00e9 des Sciences de la Nature et de la Vie<\/h5>\r\n<ul>\r\n<li>1- Laboratoire des Sciences Naturelles et des Mat\u00e9riaux<\/li>\r\n<\/ul>\r\n<h5>Facult\u00e9 d\u2019Informatique et de Math\u00e9matiques<\/h5>\r\n<ul>\r\n<li>2- Laboratoire de Math\u00e9matiques et ses Interactions<\/li>\r\n<li>3- Laboratoire d\u2019Informatique et Intelligence Artificielle<\/li>\r\n<\/ul>\r\n<h5>Facult\u00e9 des Sciences \u00c9conomiques, Commerciales et des Sciences de Gestion<\/h5>\r\n<ul>\r\n<li>4- Laboratoire des \u00c9tudes Strat\u00e9giques pour la Diversification \u00c9conomique et le D\u00e9veloppement Durable<\/li>\r\n<\/ul>\r\n<h5>Facult\u00e9 des Lettres et des Langues<\/h5>\r\n<ul>\r\n<li>5- Laboratoire des \u00c9tudes Litt\u00e9raires et Critiques<\/li>\r\n<li>6- Laboratoire de Linguistique Appliqu\u00e9e entre Science et Litt\u00e9rature<\/li>\r\n<\/ul>\r\n<h5>Facult\u00e9 des Sciences et Technologies<\/h5>\r\n<ul>\r\n<li>7- Laboratoire d\u2019Ing\u00e9nierie et Technologies Environnementales<\/li>\r\n<\/ul>\r\n<p>[\/vc_column_text][\/vc_column][\/vc_row][vc_row][vc_column][vc_gmaps link=&#8221;#E-8_JTNDaWZyYW1lJTIwc3JjJTNEJTIyaHR0cHMlM0ElMkYlMkZ3d3cuZ29vZ2xlLmNvbSUyRm1hcHMlMkZlbWJlZCUzRnBiJTNEJTIxMW0xNCUyMTFtOCUyMTFtMyUyMTFkMTI4MzUuMTUzNTU5MTAyNDMlMjEyZDYuMjE1MDMyOCUyMTNkMzYuNDYyNjY5OSUyMTNtMiUyMTFpMTAyNCUyMTJpNzY4JTIxNGYxMy4xJTIxM20zJTIxMW0yJTIxMXMweDAlMjUzQTB4NzBiZmYwMzE3MzVjZDBhZiUyMTJzQ2VudHJlJTJCVW5pdmVyc2l0YWlyZSUyQkFiZGVsaGFmaWQlMkJCb3Vzc291ZiUyMTVlMCUyMTNtMiUyMTFzZnIlMjEyc2R6JTIxNHYxNTYyNjE3OTIwMjMwJTIxNW0yJTIxMXNmciUyMTJzZHolMjIlMjB3aWR0aCUzRCUyMjYwMCUyMiUyMGhlaWdodCUzRCUyMjQ1MCUyMiUyMGZyYW1lYm9yZGVyJTNEJTIyMCUyMiUyMHN0eWxlJTNEJTIyYm9yZGVyJTNBMCUyMiUyMGFsbG93ZnVsbHNjcmVlbiUzRSUzQyUyRmlmcmFtZSUzRQ==&#8221;][\/vc_column][\/vc_row]<\/p>","protected":false},"excerpt":{"rendered":"<p>[vc_row][vc_column][vc_single_image source=&#8221;external_link&#8221; external_img_size=&#8221;400&#215;700&#8243; alignment=&#8221;center&#8221; custom_src=&#8221;https:\/\/www.univ-mila.dz\/wp-content\/uploads\/2019\/02\/univmila.jpg&#8221;][vc_column_text] L\u2019Universit\u00e9 de Mila est un \u00e9tablissement public \u00e0 caract\u00e8re scientifique, culturel et professionnel, jouissant de la personnalit\u00e9 morale et de l\u2019autonomie financi\u00e8re. Elle a \u00e9t\u00e9 cr\u00e9\u00e9e en tant que centre universitaire au d\u00e9but de l\u2019ann\u00e9e universitaire 2008-2009, accueillant plus de 1 000 \u00e9tudiants et marquant le lancement de l\u2019enseignement sup\u00e9rieur [&hellip;]<\/p>\n","protected":false},"author":1,"featured_media":395,"parent":0,"menu_order":0,"comment_status":"closed","ping_status":"closed","template":"","meta":{"footnotes":""},"class_list":["post-393","page","type-page","status-publish","has-post-thumbnail","hentry"],"yoast_head":"<!-- This site is optimized with the Yoast SEO plugin v26.3 - https:\/\/yoast.com\/wordpress\/plugins\/seo\/ -->\n<title>\u00c0 propos de l&#039;universit\u00e9 - \u062c\u0627\u0645\u0639\u0629 \u0645\u064a\u0644\u0629<\/title>\n<meta name=\"robots\" content=\"index, follow, max-snippet:-1, max-image-preview:large, max-video-preview:-1\" \/>\n<link rel=\"canonical\" href=\"https:\/\/www.univ-mila.dz\/?page_id=393&lang=fr\" \/>\n<meta property=\"og:locale\" content=\"ar_AR\" \/>\n<meta property=\"og:type\" content=\"article\" \/>\n<meta property=\"og:title\" content=\"\u00c0 propos de l&#039;universit\u00e9 - \u062c\u0627\u0645\u0639\u0629 \u0645\u064a\u0644\u0629\" \/>\n<meta property=\"og:description\" content=\"[vc_row][vc_column][vc_single_image source=&#8221;external_link&#8221; external_img_size=&#8221;400&#215;700&#8243; alignment=&#8221;center&#8221; custom_src=&#8221;https:\/\/www.univ-mila.dz\/wp-content\/uploads\/2019\/02\/univmila.jpg&#8221;][vc_column_text] L\u2019Universit\u00e9 de Mila est un \u00e9tablissement public \u00e0 caract\u00e8re scientifique, culturel et professionnel, jouissant de la personnalit\u00e9 morale et de l\u2019autonomie financi\u00e8re. Elle a \u00e9t\u00e9 cr\u00e9\u00e9e en tant que centre universitaire au d\u00e9but de l\u2019ann\u00e9e universitaire 2008-2009, accueillant plus de 1 000 \u00e9tudiants et marquant le lancement de l\u2019enseignement sup\u00e9rieur [&hellip;]\" \/>\n<meta property=\"og:url\" content=\"https:\/\/www.univ-mila.dz\/?page_id=393&amp;lang=fr\" \/>\n<meta property=\"og:site_name\" content=\"\u062c\u0627\u0645\u0639\u0629 \u0645\u064a\u0644\u0629\" \/>\n<meta property=\"article:publisher\" content=\"https:\/\/www.facebook.com\/univmila\/\" \/>\n<meta property=\"article:modified_time\" content=\"2026-01-25T09:21:57+00:00\" \/>\n<meta property=\"og:image\" content=\"https:\/\/www.univ-mila.dz\/wp-content\/uploads\/2019\/03\/photo.jpg\" \/>\n\t<meta property=\"og:image:width\" content=\"1024\" \/>\n\t<meta property=\"og:image:height\" content=\"445\" \/>\n\t<meta property=\"og:image:type\" content=\"image\/jpeg\" \/>\n<meta name=\"twitter:card\" content=\"summary_large_image\" \/>\n<meta name=\"twitter:site\" content=\"@univmila\" \/>\n<meta name=\"twitter:label1\" content=\"\u0648\u0642\u062a \u0627\u0644\u0642\u0631\u0627\u0621\u0629 \u0627\u0644\u0645\u064f\u0642\u062f\u0651\u0631\" \/>\n\t<meta name=\"twitter:data1\" content=\"4 \u062f\u0642\u0627\u0626\u0642\" \/>\n<script type=\"application\/ld+json\" class=\"yoast-schema-graph\">{\"@context\":\"https:\/\/schema.org\",\"@graph\":[{\"@type\":\"WebPage\",\"@id\":\"https:\/\/www.univ-mila.dz\/?page_id=393&lang=fr\",\"url\":\"https:\/\/www.univ-mila.dz\/?page_id=393&lang=fr\",\"name\":\"\u00c0 propos de l'universit\u00e9 - \u062c\u0627\u0645\u0639\u0629 \u0645\u064a\u0644\u0629\",\"isPartOf\":{\"@id\":\"https:\/\/www.univ-mila.dz\/#website\"},\"primaryImageOfPage\":{\"@id\":\"https:\/\/www.univ-mila.dz\/?page_id=393&lang=fr#primaryimage\"},\"image\":{\"@id\":\"https:\/\/www.univ-mila.dz\/?page_id=393&lang=fr#primaryimage\"},\"thumbnailUrl\":\"https:\/\/www.univ-mila.dz\/wp-content\/uploads\/2019\/03\/photo.jpg\",\"datePublished\":\"2019-04-24T08:45:25+00:00\",\"dateModified\":\"2026-01-25T09:21:57+00:00\",\"inLanguage\":\"ar\",\"potentialAction\":[{\"@type\":\"ReadAction\",\"target\":[\"https:\/\/www.univ-mila.dz\/?page_id=393&lang=fr\"]}]},{\"@type\":\"ImageObject\",\"inLanguage\":\"ar\",\"@id\":\"https:\/\/www.univ-mila.dz\/?page_id=393&lang=fr#primaryimage\",\"url\":\"https:\/\/www.univ-mila.dz\/wp-content\/uploads\/2019\/03\/photo.jpg\",\"contentUrl\":\"https:\/\/www.univ-mila.dz\/wp-content\/uploads\/2019\/03\/photo.jpg\",\"width\":1024,\"height\":445},{\"@type\":\"WebSite\",\"@id\":\"https:\/\/www.univ-mila.dz\/#website\",\"url\":\"https:\/\/www.univ-mila.dz\/\",\"name\":\"\u062c\u0627\u0645\u0639\u0629 \u0639\u0628\u062f \u0627\u0644\u062d\u0641\u064a\u0638 \u0628\u0648\u0627\u0644\u0635\u0648\u0641\",\"description\":\"\u0645\u064a\u0644\u0629\",\"publisher\":{\"@id\":\"https:\/\/www.univ-mila.dz\/#organization\"},\"potentialAction\":[{\"@type\":\"SearchAction\",\"target\":{\"@type\":\"EntryPoint\",\"urlTemplate\":\"https:\/\/www.univ-mila.dz\/?s={search_term_string}\"},\"query-input\":{\"@type\":\"PropertyValueSpecification\",\"valueRequired\":true,\"valueName\":\"search_term_string\"}}],\"inLanguage\":\"ar\"},{\"@type\":\"Organization\",\"@id\":\"https:\/\/www.univ-mila.dz\/#organization\",\"name\":\"\u062c\u0627\u0645\u0639\u0629 \u0639\u0628\u062f \u0627\u0644\u062d\u0641\u064a\u0638 \u0628\u0648\u0627\u0644\u0635\u0648\u0641 - \u0645\u064a\u0644\u0629\",\"url\":\"https:\/\/www.univ-mila.dz\/\",\"logo\":{\"@type\":\"ImageObject\",\"inLanguage\":\"ar\",\"@id\":\"https:\/\/www.univ-mila.dz\/#\/schema\/logo\/image\/\",\"url\":\"http:\/\/www.centre-univ-mila.dz\/wp-content\/uploads\/2019\/02\/1416395352cumtransparent.png\",\"contentUrl\":\"http:\/\/www.centre-univ-mila.dz\/wp-content\/uploads\/2019\/02\/1416395352cumtransparent.png\",\"width\":208,\"height\":268,\"caption\":\"\u062c\u0627\u0645\u0639\u0629 \u0639\u0628\u062f \u0627\u0644\u062d\u0641\u064a\u0638 \u0628\u0648\u0627\u0644\u0635\u0648\u0641 - \u0645\u064a\u0644\u0629\"},\"image\":{\"@id\":\"https:\/\/www.univ-mila.dz\/#\/schema\/logo\/image\/\"},\"sameAs\":[\"https:\/\/www.facebook.com\/univmila\/\",\"https:\/\/x.com\/univmila\",\"https:\/\/www.youtube.com\/channel\/UC9--lQO1WBvXm38B70e9u5w\"]}]}<\/script>\n<!-- \/ Yoast SEO plugin. -->","yoast_head_json":{"title":"\u00c0 propos de l'universit\u00e9 - \u062c\u0627\u0645\u0639\u0629 \u0645\u064a\u0644\u0629","robots":{"index":"index","follow":"follow","max-snippet":"max-snippet:-1","max-image-preview":"max-image-preview:large","max-video-preview":"max-video-preview:-1"},"canonical":"https:\/\/www.univ-mila.dz\/?page_id=393&lang=fr","og_locale":"ar_AR","og_type":"article","og_title":"\u00c0 propos de l'universit\u00e9 - \u062c\u0627\u0645\u0639\u0629 \u0645\u064a\u0644\u0629","og_description":"[vc_row][vc_column][vc_single_image source=&#8221;external_link&#8221; external_img_size=&#8221;400&#215;700&#8243; alignment=&#8221;center&#8221; custom_src=&#8221;https:\/\/www.univ-mila.dz\/wp-content\/uploads\/2019\/02\/univmila.jpg&#8221;][vc_column_text] L\u2019Universit\u00e9 de Mila est un \u00e9tablissement public \u00e0 caract\u00e8re scientifique, culturel et professionnel, jouissant de la personnalit\u00e9 morale et de l\u2019autonomie financi\u00e8re. Elle a \u00e9t\u00e9 cr\u00e9\u00e9e en tant que centre universitaire au d\u00e9but de l\u2019ann\u00e9e universitaire 2008-2009, accueillant plus de 1 000 \u00e9tudiants et marquant le lancement de l\u2019enseignement sup\u00e9rieur [&hellip;]","og_url":"https:\/\/www.univ-mila.dz\/?page_id=393&lang=fr","og_site_name":"\u062c\u0627\u0645\u0639\u0629 \u0645\u064a\u0644\u0629","article_publisher":"https:\/\/www.facebook.com\/univmila\/","article_modified_time":"2026-01-25T09:21:57+00:00","og_image":[{"width":1024,"height":445,"url":"https:\/\/www.univ-mila.dz\/wp-content\/uploads\/2019\/03\/photo.jpg","type":"image\/jpeg"}],"twitter_card":"summary_large_image","twitter_site":"@univmila","twitter_misc":{"\u0648\u0642\u062a \u0627\u0644\u0642\u0631\u0627\u0621\u0629 \u0627\u0644\u0645\u064f\u0642\u062f\u0651\u0631":"4 \u062f\u0642\u0627\u0626\u0642"},"schema":{"@context":"https:\/\/schema.org","@graph":[{"@type":"WebPage","@id":"https:\/\/www.univ-mila.dz\/?page_id=393&lang=fr","url":"https:\/\/www.univ-mila.dz\/?page_id=393&lang=fr","name":"\u00c0 propos de l'universit\u00e9 - \u062c\u0627\u0645\u0639\u0629 \u0645\u064a\u0644\u0629","isPartOf":{"@id":"https:\/\/www.univ-mila.dz\/#website"},"primaryImageOfPage":{"@id":"https:\/\/www.univ-mila.dz\/?page_id=393&lang=fr#primaryimage"},"image":{"@id":"https:\/\/www.univ-mila.dz\/?page_id=393&lang=fr#primaryimage"},"thumbnailUrl":"https:\/\/www.univ-mila.dz\/wp-content\/uploads\/2019\/03\/photo.jpg","datePublished":"2019-04-24T08:45:25+00:00","dateModified":"2026-01-25T09:21:57+00:00","inLanguage":"ar","potentialAction":[{"@type":"ReadAction","target":["https:\/\/www.univ-mila.dz\/?page_id=393&lang=fr"]}]},{"@type":"ImageObject","inLanguage":"ar","@id":"https:\/\/www.univ-mila.dz\/?page_id=393&lang=fr#primaryimage","url":"https:\/\/www.univ-mila.dz\/wp-content\/uploads\/2019\/03\/photo.jpg","contentUrl":"https:\/\/www.univ-mila.dz\/wp-content\/uploads\/2019\/03\/photo.jpg","width":1024,"height":445},{"@type":"WebSite","@id":"https:\/\/www.univ-mila.dz\/#website","url":"https:\/\/www.univ-mila.dz\/","name":"\u062c\u0627\u0645\u0639\u0629 \u0639\u0628\u062f \u0627\u0644\u062d\u0641\u064a\u0638 \u0628\u0648\u0627\u0644\u0635\u0648\u0641","description":"\u0645\u064a\u0644\u0629","publisher":{"@id":"https:\/\/www.univ-mila.dz\/#organization"},"potentialAction":[{"@type":"SearchAction","target":{"@type":"EntryPoint","urlTemplate":"https:\/\/www.univ-mila.dz\/?s={search_term_string}"},"query-input":{"@type":"PropertyValueSpecification","valueRequired":true,"valueName":"search_term_string"}}],"inLanguage":"ar"},{"@type":"Organization","@id":"https:\/\/www.univ-mila.dz\/#organization","name":"\u062c\u0627\u0645\u0639\u0629 \u0639\u0628\u062f \u0627\u0644\u062d\u0641\u064a\u0638 \u0628\u0648\u0627\u0644\u0635\u0648\u0641 - \u0645\u064a\u0644\u0629","url":"https:\/\/www.univ-mila.dz\/","logo":{"@type":"ImageObject","inLanguage":"ar","@id":"https:\/\/www.univ-mila.dz\/#\/schema\/logo\/image\/","url":"http:\/\/www.centre-univ-mila.dz\/wp-content\/uploads\/2019\/02\/1416395352cumtransparent.png","contentUrl":"http:\/\/www.centre-univ-mila.dz\/wp-content\/uploads\/2019\/02\/1416395352cumtransparent.png","width":208,"height":268,"caption":"\u062c\u0627\u0645\u0639\u0629 \u0639\u0628\u062f \u0627\u0644\u062d\u0641\u064a\u0638 \u0628\u0648\u0627\u0644\u0635\u0648\u0641 - \u0645\u064a\u0644\u0629"},"image":{"@id":"https:\/\/www.univ-mila.dz\/#\/schema\/logo\/image\/"},"sameAs":["https:\/\/www.facebook.com\/univmila\/","https:\/\/x.com\/univmila","https:\/\/www.youtube.com\/channel\/UC9--lQO1WBvXm38B70e9u5w"]}]}},"_links":{"self":[{"href":"https:\/\/www.univ-mila.dz\/index.php?rest_route=\/wp\/v2\/pages\/393","targetHints":{"allow":["GET"]}}],"collection":[{"href":"https:\/\/www.univ-mila.dz\/index.php?rest_route=\/wp\/v2\/pages"}],"about":[{"href":"https:\/\/www.univ-mila.dz\/index.php?rest_route=\/wp\/v2\/types\/page"}],"author":[{"embeddable":true,"href":"https:\/\/www.univ-mila.dz\/index.php?rest_route=\/wp\/v2\/users\/1"}],"replies":[{"embeddable":true,"href":"https:\/\/www.univ-mila.dz\/index.php?rest_route=%2Fwp%2Fv2%2Fcomments&post=393"}],"version-history":[{"count":39,"href":"https:\/\/www.univ-mila.dz\/index.php?rest_route=\/wp\/v2\/pages\/393\/revisions"}],"predecessor-version":[{"id":33335,"href":"https:\/\/www.univ-mila.dz\/index.php?rest_route=\/wp\/v2\/pages\/393\/revisions\/33335"}],"wp:featuredmedia":[{"embeddable":true,"href":"https:\/\/www.univ-mila.dz\/index.php?rest_route=\/wp\/v2\/media\/395"}],"wp:attachment":[{"href":"https:\/\/www.univ-mila.dz\/index.php?rest_route=%2Fwp%2Fv2%2Fmedia&parent=393"}],"curies":[{"name":"wp","href":"https:\/\/api.w.org\/{rel}","templated":true}]}}