{"id":372,"date":"2019-04-23T13:46:25","date_gmt":"2019-04-23T10:46:25","guid":{"rendered":"https:\/\/www.univ-mila.dz?page_id=372"},"modified":"2026-03-25T11:24:52","modified_gmt":"2026-03-25T10:24:52","slug":"vice-rectorat-de-la-formation-superieure-et-de-la-formation-continue-et-les-diplomes","status":"publish","type":"page","link":"https:\/\/www.univ-mila.dz\/?page_id=372&lang=fr","title":{"rendered":"Le Vice-Rectorat de la Formation Sup\u00e9rieure des Premier et Deuxi\u00e8me Cycles, de la Formation Continue, des Dipl\u00f4mes et de la Formation Sup\u00e9rieure de Graduation"},"content":{"rendered":"<p><span class=\"textheader\">Vice Recteur<\/span><\/p>\r\n<div class=\"noteright\">\r\n<p style=\"text-align: left;\" title=\"T\u00e9l\u00e9phone\"><i class=\"fa fa-phone\"><\/i>:<span style=\"color: #800000;\"><strong> 031450042<\/strong><\/span><\/p>\r\n<p style=\"text-align: left;\" title=\"Fax\"><i class=\"fa fa-fax\"><\/i>:<span style=\"color: #800000;\"><strong>03145XXXX<\/strong><\/span><\/p>\r\n<p style=\"text-align: left;\" title=\"Courriel\"><span style=\"color: #800000;\"><span style=\"color: #333333;\"><i class=\"fa fa-envelope\"><\/i>: <\/span><strong>m.boutellaa@centre-univ-mila.dz<\/strong><\/span><\/p>\r\n<\/div>\r\n<ul>\r\n<li><span style=\"color: #800000;\"><strong>Professeur Mohemed Boutellaa<\/strong><\/span><\/li>\r\n<\/ul>\r\n<p>&nbsp;<\/p>\r\n<p>[vc_row][vc_column][vc_column_text]<\/p>\r\n<p><span class=\"textheader\">Missions du Vice-Rectorat<\/span><\/p>\r\n<div class=\"noteright\">\r\n<p style=\"text-align: left;\" title=\"T\u00e9l\u00e9phone\"><i class=\"fa fa-phone\"><\/i>:<span style=\"color: #800000;\"><strong>031.45.00.<\/strong><strong>42<\/strong><\/span><\/p>\r\n<p style=\"text-align: left;\" title=\"Fax\"><i class=\"fa fa-fax\"><\/i>:<\/p>\r\n<p style=\"text-align: left;\" title=\"Courriel\"><span style=\"color: #800000;\"><span style=\"color: #333333;\"><a style=\"color: #333333;\" href=\"mailto:sd.etudes.grad@centre-univ-mila.dz\"><i class=\"fa fa-envelope\"><\/i>: <span style=\"color: #800000;\"><strong>sd.etudes.grad<\/strong><\/span><\/a><\/span><strong>@centre-univ-mila.dz<\/strong><\/span><\/p>\r\n<\/div>\r\n<p>Le vice-rectorat de la Formation Sup\u00e9rieure, de la Formation Continue, et des Dipl\u00f4mes est charg\u00e9 des questions relatives aux formations et \u00e0 la gestion de scolarit\u00e9. Les principales missions du vice-rectorat sont\u00a0:<br \/>Suivre les questions relatives \u00e0 la formation et aux stages offerts par l\u2019universit\u00e9.<\/p>\r\n<ul>\r\n<li>Assurer la compatibilit\u00e9 des offres de formation propos\u00e9es par les instituts avec le plan de d\u00e9veloppement de l\u2019universit\u00e9.<\/li>\r\n<li>Assurer le respect de la r\u00e8glementation en vigueur en mati\u00e8re d\u2019inscription, de r\u00e9inscription, de suivi des connaissances et de transfert des \u00e9tudiants.<\/li>\r\n<li>Suivre des activit\u00e9s de la formation \u00e0 distance, et promouvoir les activit\u00e9s de la formation continue.<\/li>\r\n<li>Veiller au respect de la r\u00e9glementation en vigueur et des proc\u00e9dures relatives \u00e0 la d\u00e9livrance de dipl\u00f4mes et d\u2019\u00e9quivalences.<\/li>\r\n<li>Assurer la tenue et la mise \u00e0 jour du fichier nominatif des \u00e9tudiants.<\/li>\r\n<\/ul>\r\n<p><span class=\"textheader\">Services<\/span><\/p>\r\n<p>Les t\u00e2ches administratives du vice-rectorat sont assur\u00e9es par 03 services :<\/p>\r\n<ul>\r\n<li><strong>Service de l\u2019enseignements, des stages et de l\u2019\u00e9valuation.<\/strong><\/li>\r\n<li><strong>Service de la formation continue.<\/strong><\/li>\r\n<li><strong>Service des dipl\u00f4mes et des \u00e9quivalences.<\/strong><\/li>\r\n<\/ul>\r\n<p>[\/vc_column_text][\/vc_column][\/vc_row]<\/p>","protected":false},"excerpt":{"rendered":"<p>Vice Recteur : 031450042 :03145XXXX : m.boutellaa@centre-univ-mila.dz Professeur Mohemed Boutellaa &nbsp; [vc_row][vc_column][vc_column_text] Missions du Vice-Rectorat :031.45.00.42 : : sd.etudes.grad@centre-univ-mila.dz Le vice-rectorat de la Formation Sup\u00e9rieure, de la Formation Continue, et des Dipl\u00f4mes est charg\u00e9 des questions relatives aux formations et \u00e0 la gestion de scolarit\u00e9. Les principales missions du vice-rectorat sont\u00a0:Suivre les questions relatives \u00e0 [&hellip;]<\/p>\n","protected":false},"author":1,"featured_media":737,"parent":0,"menu_order":0,"comment_status":"closed","ping_status":"closed","template":"","meta":{"footnotes":""},"class_list":["post-372","page","type-page","status-publish","has-post-thumbnail","hentry"],"yoast_head":"<!-- This site is optimized with the Yoast SEO plugin v26.3 - https:\/\/yoast.com\/wordpress\/plugins\/seo\/ -->\n<title>Le Vice-Rectorat de la Formation Sup\u00e9rieure des Premier et Deuxi\u00e8me Cycles, de la Formation Continue, des Dipl\u00f4mes et de la Formation Sup\u00e9rieure de Graduation - \u062c\u0627\u0645\u0639\u0629 \u0645\u064a\u0644\u0629<\/title>\n<meta name=\"robots\" content=\"index, follow, max-snippet:-1, max-image-preview:large, max-video-preview:-1\" \/>\n<link rel=\"canonical\" href=\"https:\/\/www.univ-mila.dz\/?page_id=372&lang=fr\" \/>\n<meta property=\"og:locale\" content=\"ar_AR\" \/>\n<meta property=\"og:type\" content=\"article\" \/>\n<meta property=\"og:title\" content=\"Le Vice-Rectorat de la Formation Sup\u00e9rieure des Premier et Deuxi\u00e8me Cycles, de la Formation Continue, des Dipl\u00f4mes et de la Formation Sup\u00e9rieure de Graduation - \u062c\u0627\u0645\u0639\u0629 \u0645\u064a\u0644\u0629\" \/>\n<meta property=\"og:description\" content=\"Vice Recteur : 031450042 :03145XXXX : m.boutellaa@centre-univ-mila.dz Professeur Mohemed Boutellaa &nbsp; [vc_row][vc_column][vc_column_text] Missions du Vice-Rectorat :031.45.00.42 : : sd.etudes.grad@centre-univ-mila.dz Le vice-rectorat de la Formation Sup\u00e9rieure, de la Formation Continue, et des Dipl\u00f4mes est charg\u00e9 des questions relatives aux formations et \u00e0 la gestion de scolarit\u00e9. Les principales missions du vice-rectorat sont\u00a0:Suivre les questions relatives \u00e0 [&hellip;]\" \/>\n<meta property=\"og:url\" content=\"https:\/\/www.univ-mila.dz\/?page_id=372&amp;lang=fr\" \/>\n<meta property=\"og:site_name\" content=\"\u062c\u0627\u0645\u0639\u0629 \u0645\u064a\u0644\u0629\" \/>\n<meta property=\"article:publisher\" content=\"https:\/\/www.facebook.com\/univmila\/\" \/>\n<meta property=\"article:modified_time\" content=\"2026-03-25T10:24:52+00:00\" \/>\n<meta property=\"og:image\" content=\"https:\/\/www.univ-mila.dz\/wp-content\/uploads\/2019\/03\/11183451_667343510060210_2284547084267344251_n.jpg\" \/>\n\t<meta property=\"og:image:width\" content=\"960\" \/>\n\t<meta property=\"og:image:height\" content=\"720\" \/>\n\t<meta property=\"og:image:type\" content=\"image\/jpeg\" \/>\n<meta name=\"twitter:card\" content=\"summary_large_image\" \/>\n<meta name=\"twitter:site\" content=\"@univmila\" \/>\n<meta name=\"twitter:label1\" content=\"\u0648\u0642\u062a \u0627\u0644\u0642\u0631\u0627\u0621\u0629 \u0627\u0644\u0645\u064f\u0642\u062f\u0651\u0631\" \/>\n\t<meta name=\"twitter:data1\" content=\"\u062f\u0642\u064a\u0642\u062a\u0627\u0646\" \/>\n<script type=\"application\/ld+json\" class=\"yoast-schema-graph\">{\"@context\":\"https:\/\/schema.org\",\"@graph\":[{\"@type\":\"WebPage\",\"@id\":\"https:\/\/www.univ-mila.dz\/?page_id=372&lang=fr\",\"url\":\"https:\/\/www.univ-mila.dz\/?page_id=372&lang=fr\",\"name\":\"Le Vice-Rectorat de la Formation Sup\u00e9rieure des Premier et Deuxi\u00e8me Cycles, de la Formation Continue, des Dipl\u00f4mes et de la Formation Sup\u00e9rieure de Graduation - \u062c\u0627\u0645\u0639\u0629 \u0645\u064a\u0644\u0629\",\"isPartOf\":{\"@id\":\"https:\/\/www.univ-mila.dz\/#website\"},\"primaryImageOfPage\":{\"@id\":\"https:\/\/www.univ-mila.dz\/?page_id=372&lang=fr#primaryimage\"},\"image\":{\"@id\":\"https:\/\/www.univ-mila.dz\/?page_id=372&lang=fr#primaryimage\"},\"thumbnailUrl\":\"https:\/\/www.univ-mila.dz\/wp-content\/uploads\/2019\/03\/11183451_667343510060210_2284547084267344251_n.jpg\",\"datePublished\":\"2019-04-23T10:46:25+00:00\",\"dateModified\":\"2026-03-25T10:24:52+00:00\",\"inLanguage\":\"ar\",\"potentialAction\":[{\"@type\":\"ReadAction\",\"target\":[\"https:\/\/www.univ-mila.dz\/?page_id=372&lang=fr\"]}]},{\"@type\":\"ImageObject\",\"inLanguage\":\"ar\",\"@id\":\"https:\/\/www.univ-mila.dz\/?page_id=372&lang=fr#primaryimage\",\"url\":\"https:\/\/www.univ-mila.dz\/wp-content\/uploads\/2019\/03\/11183451_667343510060210_2284547084267344251_n.jpg\",\"contentUrl\":\"https:\/\/www.univ-mila.dz\/wp-content\/uploads\/2019\/03\/11183451_667343510060210_2284547084267344251_n.jpg\",\"width\":960,\"height\":720},{\"@type\":\"WebSite\",\"@id\":\"https:\/\/www.univ-mila.dz\/#website\",\"url\":\"https:\/\/www.univ-mila.dz\/\",\"name\":\"\u062c\u0627\u0645\u0639\u0629 \u0639\u0628\u062f \u0627\u0644\u062d\u0641\u064a\u0638 \u0628\u0648\u0627\u0644\u0635\u0648\u0641\",\"description\":\"\u0645\u064a\u0644\u0629\",\"publisher\":{\"@id\":\"https:\/\/www.univ-mila.dz\/#organization\"},\"potentialAction\":[{\"@type\":\"SearchAction\",\"target\":{\"@type\":\"EntryPoint\",\"urlTemplate\":\"https:\/\/www.univ-mila.dz\/?s={search_term_string}\"},\"query-input\":{\"@type\":\"PropertyValueSpecification\",\"valueRequired\":true,\"valueName\":\"search_term_string\"}}],\"inLanguage\":\"ar\"},{\"@type\":\"Organization\",\"@id\":\"https:\/\/www.univ-mila.dz\/#organization\",\"name\":\"\u062c\u0627\u0645\u0639\u0629 \u0639\u0628\u062f \u0627\u0644\u062d\u0641\u064a\u0638 \u0628\u0648\u0627\u0644\u0635\u0648\u0641 - \u0645\u064a\u0644\u0629\",\"url\":\"https:\/\/www.univ-mila.dz\/\",\"logo\":{\"@type\":\"ImageObject\",\"inLanguage\":\"ar\",\"@id\":\"https:\/\/www.univ-mila.dz\/#\/schema\/logo\/image\/\",\"url\":\"http:\/\/www.centre-univ-mila.dz\/wp-content\/uploads\/2019\/02\/1416395352cumtransparent.png\",\"contentUrl\":\"http:\/\/www.centre-univ-mila.dz\/wp-content\/uploads\/2019\/02\/1416395352cumtransparent.png\",\"width\":208,\"height\":268,\"caption\":\"\u062c\u0627\u0645\u0639\u0629 \u0639\u0628\u062f \u0627\u0644\u062d\u0641\u064a\u0638 \u0628\u0648\u0627\u0644\u0635\u0648\u0641 - \u0645\u064a\u0644\u0629\"},\"image\":{\"@id\":\"https:\/\/www.univ-mila.dz\/#\/schema\/logo\/image\/\"},\"sameAs\":[\"https:\/\/www.facebook.com\/univmila\/\",\"https:\/\/x.com\/univmila\",\"https:\/\/www.youtube.com\/channel\/UC9--lQO1WBvXm38B70e9u5w\"]}]}<\/script>\n<!-- \/ Yoast SEO plugin. -->","yoast_head_json":{"title":"Le Vice-Rectorat de la Formation Sup\u00e9rieure des Premier et Deuxi\u00e8me Cycles, de la Formation Continue, des Dipl\u00f4mes et de la Formation Sup\u00e9rieure de Graduation - \u062c\u0627\u0645\u0639\u0629 \u0645\u064a\u0644\u0629","robots":{"index":"index","follow":"follow","max-snippet":"max-snippet:-1","max-image-preview":"max-image-preview:large","max-video-preview":"max-video-preview:-1"},"canonical":"https:\/\/www.univ-mila.dz\/?page_id=372&lang=fr","og_locale":"ar_AR","og_type":"article","og_title":"Le Vice-Rectorat de la Formation Sup\u00e9rieure des Premier et Deuxi\u00e8me Cycles, de la Formation Continue, des Dipl\u00f4mes et de la Formation Sup\u00e9rieure de Graduation - \u062c\u0627\u0645\u0639\u0629 \u0645\u064a\u0644\u0629","og_description":"Vice Recteur : 031450042 :03145XXXX : m.boutellaa@centre-univ-mila.dz Professeur Mohemed Boutellaa &nbsp; [vc_row][vc_column][vc_column_text] Missions du Vice-Rectorat :031.45.00.42 : : sd.etudes.grad@centre-univ-mila.dz Le vice-rectorat de la Formation Sup\u00e9rieure, de la Formation Continue, et des Dipl\u00f4mes est charg\u00e9 des questions relatives aux formations et \u00e0 la gestion de scolarit\u00e9. Les principales missions du vice-rectorat sont\u00a0:Suivre les questions relatives \u00e0 [&hellip;]","og_url":"https:\/\/www.univ-mila.dz\/?page_id=372&lang=fr","og_site_name":"\u062c\u0627\u0645\u0639\u0629 \u0645\u064a\u0644\u0629","article_publisher":"https:\/\/www.facebook.com\/univmila\/","article_modified_time":"2026-03-25T10:24:52+00:00","og_image":[{"width":960,"height":720,"url":"https:\/\/www.univ-mila.dz\/wp-content\/uploads\/2019\/03\/11183451_667343510060210_2284547084267344251_n.jpg","type":"image\/jpeg"}],"twitter_card":"summary_large_image","twitter_site":"@univmila","twitter_misc":{"\u0648\u0642\u062a \u0627\u0644\u0642\u0631\u0627\u0621\u0629 \u0627\u0644\u0645\u064f\u0642\u062f\u0651\u0631":"\u062f\u0642\u064a\u0642\u062a\u0627\u0646"},"schema":{"@context":"https:\/\/schema.org","@graph":[{"@type":"WebPage","@id":"https:\/\/www.univ-mila.dz\/?page_id=372&lang=fr","url":"https:\/\/www.univ-mila.dz\/?page_id=372&lang=fr","name":"Le Vice-Rectorat de la Formation Sup\u00e9rieure des Premier et Deuxi\u00e8me Cycles, de la Formation Continue, des Dipl\u00f4mes et de la Formation Sup\u00e9rieure de Graduation - \u062c\u0627\u0645\u0639\u0629 \u0645\u064a\u0644\u0629","isPartOf":{"@id":"https:\/\/www.univ-mila.dz\/#website"},"primaryImageOfPage":{"@id":"https:\/\/www.univ-mila.dz\/?page_id=372&lang=fr#primaryimage"},"image":{"@id":"https:\/\/www.univ-mila.dz\/?page_id=372&lang=fr#primaryimage"},"thumbnailUrl":"https:\/\/www.univ-mila.dz\/wp-content\/uploads\/2019\/03\/11183451_667343510060210_2284547084267344251_n.jpg","datePublished":"2019-04-23T10:46:25+00:00","dateModified":"2026-03-25T10:24:52+00:00","inLanguage":"ar","potentialAction":[{"@type":"ReadAction","target":["https:\/\/www.univ-mila.dz\/?page_id=372&lang=fr"]}]},{"@type":"ImageObject","inLanguage":"ar","@id":"https:\/\/www.univ-mila.dz\/?page_id=372&lang=fr#primaryimage","url":"https:\/\/www.univ-mila.dz\/wp-content\/uploads\/2019\/03\/11183451_667343510060210_2284547084267344251_n.jpg","contentUrl":"https:\/\/www.univ-mila.dz\/wp-content\/uploads\/2019\/03\/11183451_667343510060210_2284547084267344251_n.jpg","width":960,"height":720},{"@type":"WebSite","@id":"https:\/\/www.univ-mila.dz\/#website","url":"https:\/\/www.univ-mila.dz\/","name":"\u062c\u0627\u0645\u0639\u0629 \u0639\u0628\u062f \u0627\u0644\u062d\u0641\u064a\u0638 \u0628\u0648\u0627\u0644\u0635\u0648\u0641","description":"\u0645\u064a\u0644\u0629","publisher":{"@id":"https:\/\/www.univ-mila.dz\/#organization"},"potentialAction":[{"@type":"SearchAction","target":{"@type":"EntryPoint","urlTemplate":"https:\/\/www.univ-mila.dz\/?s={search_term_string}"},"query-input":{"@type":"PropertyValueSpecification","valueRequired":true,"valueName":"search_term_string"}}],"inLanguage":"ar"},{"@type":"Organization","@id":"https:\/\/www.univ-mila.dz\/#organization","name":"\u062c\u0627\u0645\u0639\u0629 \u0639\u0628\u062f \u0627\u0644\u062d\u0641\u064a\u0638 \u0628\u0648\u0627\u0644\u0635\u0648\u0641 - \u0645\u064a\u0644\u0629","url":"https:\/\/www.univ-mila.dz\/","logo":{"@type":"ImageObject","inLanguage":"ar","@id":"https:\/\/www.univ-mila.dz\/#\/schema\/logo\/image\/","url":"http:\/\/www.centre-univ-mila.dz\/wp-content\/uploads\/2019\/02\/1416395352cumtransparent.png","contentUrl":"http:\/\/www.centre-univ-mila.dz\/wp-content\/uploads\/2019\/02\/1416395352cumtransparent.png","width":208,"height":268,"caption":"\u062c\u0627\u0645\u0639\u0629 \u0639\u0628\u062f \u0627\u0644\u062d\u0641\u064a\u0638 \u0628\u0648\u0627\u0644\u0635\u0648\u0641 - \u0645\u064a\u0644\u0629"},"image":{"@id":"https:\/\/www.univ-mila.dz\/#\/schema\/logo\/image\/"},"sameAs":["https:\/\/www.facebook.com\/univmila\/","https:\/\/x.com\/univmila","https:\/\/www.youtube.com\/channel\/UC9--lQO1WBvXm38B70e9u5w"]}]}},"_links":{"self":[{"href":"https:\/\/www.univ-mila.dz\/index.php?rest_route=\/wp\/v2\/pages\/372","targetHints":{"allow":["GET"]}}],"collection":[{"href":"https:\/\/www.univ-mila.dz\/index.php?rest_route=\/wp\/v2\/pages"}],"about":[{"href":"https:\/\/www.univ-mila.dz\/index.php?rest_route=\/wp\/v2\/types\/page"}],"author":[{"embeddable":true,"href":"https:\/\/www.univ-mila.dz\/index.php?rest_route=\/wp\/v2\/users\/1"}],"replies":[{"embeddable":true,"href":"https:\/\/www.univ-mila.dz\/index.php?rest_route=%2Fwp%2Fv2%2Fcomments&post=372"}],"version-history":[{"count":24,"href":"https:\/\/www.univ-mila.dz\/index.php?rest_route=\/wp\/v2\/pages\/372\/revisions"}],"predecessor-version":[{"id":33756,"href":"https:\/\/www.univ-mila.dz\/index.php?rest_route=\/wp\/v2\/pages\/372\/revisions\/33756"}],"wp:featuredmedia":[{"embeddable":true,"href":"https:\/\/www.univ-mila.dz\/index.php?rest_route=\/wp\/v2\/media\/737"}],"wp:attachment":[{"href":"https:\/\/www.univ-mila.dz\/index.php?rest_route=%2Fwp%2Fv2%2Fmedia&parent=372"}],"curies":[{"name":"wp","href":"https:\/\/api.w.org\/{rel}","templated":true}]}}