{"id":33871,"date":"2026-04-22T14:17:14","date_gmt":"2026-04-22T13:17:14","guid":{"rendered":"https:\/\/www.univ-mila.dz\/?page_id=33871"},"modified":"2026-04-22T14:25:22","modified_gmt":"2026-04-22T13:25:22","slug":"vice-rectorat-des-relations-exterieures-et-de-la-cooperation-de-lanimation-et-des-manifestations-scientifiques","status":"publish","type":"page","link":"https:\/\/www.univ-mila.dz\/?page_id=33871&lang=fr","title":{"rendered":"Vice-rectorat des relations ext\u00e9rieures et de la coop\u00e9ration, de l\u2019animation et des manifestations scientifiques"},"content":{"rendered":"<p><span class=\"textheader\">Vice-recteur des relations ext\u00e9rieures, de la coop\u00e9ration, de l\u2019animation et des manifestations scientifiques<\/span><\/p>\n<div class=\"noteright\">\n<p style=\"text-align: left;\" title=\"T\u00e9l\u00e9phone\"><i class=\"fa fa-phone\"><\/i>:<span style=\"color: #800000;\"><strong>031.45.00.43<\/strong><\/span><\/p>\n<p style=\"text-align: left;\" title=\"Fax\"><i class=\"fa fa-fax\"><\/i>:<span style=\"color: #800000;\"><strong>&#8230;&#8230;&#8230;&#8230;&#8230;&#8230;..<\/strong><\/span><\/p>\n<p style=\"text-align: left;\" title=\"Courriel\"><span style=\"color: #800000;\"><span style=\"color: #333333;\"><i class=\"fa fa-envelope\"><\/i>:<\/span><strong> n.bouchemal@univ-mila.dz<\/strong><\/span><\/p>\n<\/div>\n<ul>\n<li><span style=\"color: #800000;\"><strong>Pr. Bouchemal Nardjes <\/strong><\/span><\/li>\n<\/ul>\n<p>&nbsp;<\/p>\n<p>&nbsp;<\/p>\n<p class=\"textheader\">Vice-rectorat des relations ext\u00e9rieures et de la coop\u00e9ration<\/p>\n<div class=\"noteright\">\n<p style=\"text-align: left;\" title=\"T\u00e9l\u00e9phone\"><i class=\"fa fa-phone\"><\/i>:<span style=\"color: #800000;\"><strong>031.45.00.43<\/strong><\/span><\/p>\n<p style=\"text-align: left;\" title=\"Fax\"><i class=\"fa fa-fax\"><\/i>:<span style=\"color: #800000;\"><strong>&#8230;&#8230;&#8230;&#8230;&#8230;&#8230;..<\/strong><\/span><\/p>\n<p style=\"text-align: left;\" title=\"Courriel\"><span style=\"color: #800000;\"><span style=\"color: #333333;\"><i class=\"fa fa-envelope\"><\/i>:<\/span><strong> vice-rectorat-relex@univ-mila.dz<\/strong><\/span><\/p>\n<\/div>\n<p>Le vice-rectorat des relations ext\u00e9rieures et de la coop\u00e9ration est charg\u00e9 de :<\/p>\n<ul>\n<li>Promouvoir les relations de l\u2019universit\u00e9 avec son environnement social et \u00e9conomique et initier des programmes de partenariat.<\/li>\n<li>Initier des activit\u00e9s favorisant les \u00e9changes avec d\u2019autres \u00e9tablissements d\u2019enseignement sup\u00e9rieur ainsi que des actions de coop\u00e9ration en enseignement et en recherche, et assurer la collecte et la diffusion des informations relatives aux activit\u00e9s de recherche de l\u2019universit\u00e9.<\/li>\n<li>Assurer le suivi des programmes d\u2019am\u00e9lioration du niveau des enseignants, la mise \u00e0 jour de leurs connaissances et veiller \u00e0 leur coh\u00e9rence.<\/li>\n<\/ul>\n<p class=\"textheader\">Les services<\/p>\n<p><strong>01. Service de la coop\u00e9ration et des \u00e9changes interuniversitaires et du partenariat :<\/strong><br \/>\nCe service est charg\u00e9 de promouvoir la coop\u00e9ration entre universit\u00e9s, de d\u00e9velopper les partenariats nationaux et internationaux et de renforcer les \u00e9changes scientifiques et acad\u00e9miques.<\/p>\n<p><strong>02. Service de l\u2019animation, de la communication et des manifestations scientifiques :<\/strong><br \/>\nCe service s\u2019occupe de l\u2019organisation des manifestations scientifiques, de la communication institutionnelle et de l\u2019animation scientifique au sein de l\u2019universit\u00e9.<\/p>\n<p>&nbsp;<\/p>\n","protected":false},"excerpt":{"rendered":"<p>Vice-recteur des relations ext\u00e9rieures, de la coop\u00e9ration, de l\u2019animation et des manifestations scientifiques :031.45.00.43 :&#8230;&#8230;&#8230;&#8230;&#8230;&#8230;.. : n.bouchemal@univ-mila.dz Pr. Bouchemal Nardjes &nbsp; &nbsp; Vice-rectorat des relations ext\u00e9rieures et de la coop\u00e9ration :031.45.00.43 :&#8230;&#8230;&#8230;&#8230;&#8230;&#8230;.. : vice-rectorat-relex@univ-mila.dz Le vice-rectorat des relations ext\u00e9rieures et de la coop\u00e9ration est charg\u00e9 de : Promouvoir les relations de l\u2019universit\u00e9 avec son environnement [&hellip;]<\/p>\n","protected":false},"author":4,"featured_media":746,"parent":0,"menu_order":0,"comment_status":"closed","ping_status":"closed","template":"","meta":{"footnotes":""},"class_list":["post-33871","page","type-page","status-publish","has-post-thumbnail","hentry"],"yoast_head":"<!-- This site is optimized with the Yoast SEO plugin v26.3 - https:\/\/yoast.com\/wordpress\/plugins\/seo\/ -->\n<title>Vice-rectorat des relations ext\u00e9rieures et de la coop\u00e9ration, de l\u2019animation et des manifestations scientifiques - \u062c\u0627\u0645\u0639\u0629 \u0645\u064a\u0644\u0629<\/title>\n<meta name=\"robots\" content=\"index, follow, max-snippet:-1, max-image-preview:large, max-video-preview:-1\" \/>\n<link rel=\"canonical\" href=\"https:\/\/www.univ-mila.dz\/?page_id=33871&lang=fr\" \/>\n<meta property=\"og:locale\" content=\"ar_AR\" \/>\n<meta property=\"og:type\" content=\"article\" \/>\n<meta property=\"og:title\" content=\"Vice-rectorat des relations ext\u00e9rieures et de la coop\u00e9ration, de l\u2019animation et des manifestations scientifiques - \u062c\u0627\u0645\u0639\u0629 \u0645\u064a\u0644\u0629\" \/>\n<meta property=\"og:description\" content=\"Vice-recteur des relations ext\u00e9rieures, de la coop\u00e9ration, de l\u2019animation et des manifestations scientifiques :031.45.00.43 :&#8230;&#8230;&#8230;&#8230;&#8230;&#8230;.. : n.bouchemal@univ-mila.dz Pr. Bouchemal Nardjes &nbsp; &nbsp; Vice-rectorat des relations ext\u00e9rieures et de la coop\u00e9ration :031.45.00.43 :&#8230;&#8230;&#8230;&#8230;&#8230;&#8230;.. : vice-rectorat-relex@univ-mila.dz Le vice-rectorat des relations ext\u00e9rieures et de la coop\u00e9ration est charg\u00e9 de : Promouvoir les relations de l\u2019universit\u00e9 avec son environnement [&hellip;]\" \/>\n<meta property=\"og:url\" content=\"https:\/\/www.univ-mila.dz\/?page_id=33871&amp;lang=fr\" \/>\n<meta property=\"og:site_name\" content=\"\u062c\u0627\u0645\u0639\u0629 \u0645\u064a\u0644\u0629\" \/>\n<meta property=\"article:publisher\" content=\"https:\/\/www.facebook.com\/univmila\/\" \/>\n<meta property=\"article:modified_time\" content=\"2026-04-22T13:25:22+00:00\" \/>\n<meta property=\"og:image\" content=\"https:\/\/www.univ-mila.dz\/wp-content\/uploads\/2019\/03\/IMG20190324131815-1024x768.jpg\" \/>\n\t<meta property=\"og:image:width\" content=\"1024\" \/>\n\t<meta property=\"og:image:height\" content=\"768\" \/>\n\t<meta property=\"og:image:type\" content=\"image\/jpeg\" \/>\n<meta name=\"twitter:card\" content=\"summary_large_image\" \/>\n<meta name=\"twitter:site\" content=\"@univmila\" \/>\n<meta name=\"twitter:label1\" content=\"\u0648\u0642\u062a \u0627\u0644\u0642\u0631\u0627\u0621\u0629 \u0627\u0644\u0645\u064f\u0642\u062f\u0651\u0631\" \/>\n\t<meta name=\"twitter:data1\" content=\"\u062f\u0642\u064a\u0642\u062a\u0627\u0646\" \/>\n<script type=\"application\/ld+json\" class=\"yoast-schema-graph\">{\"@context\":\"https:\/\/schema.org\",\"@graph\":[{\"@type\":\"WebPage\",\"@id\":\"https:\/\/www.univ-mila.dz\/?page_id=33871&lang=fr\",\"url\":\"https:\/\/www.univ-mila.dz\/?page_id=33871&lang=fr\",\"name\":\"Vice-rectorat des relations ext\u00e9rieures et de la coop\u00e9ration, de l\u2019animation et des manifestations scientifiques - \u062c\u0627\u0645\u0639\u0629 \u0645\u064a\u0644\u0629\",\"isPartOf\":{\"@id\":\"https:\/\/www.univ-mila.dz\/#website\"},\"primaryImageOfPage\":{\"@id\":\"https:\/\/www.univ-mila.dz\/?page_id=33871&lang=fr#primaryimage\"},\"image\":{\"@id\":\"https:\/\/www.univ-mila.dz\/?page_id=33871&lang=fr#primaryimage\"},\"thumbnailUrl\":\"https:\/\/www.univ-mila.dz\/wp-content\/uploads\/2019\/03\/IMG20190324131815.jpg\",\"datePublished\":\"2026-04-22T13:17:14+00:00\",\"dateModified\":\"2026-04-22T13:25:22+00:00\",\"inLanguage\":\"ar\",\"potentialAction\":[{\"@type\":\"ReadAction\",\"target\":[\"https:\/\/www.univ-mila.dz\/?page_id=33871&lang=fr\"]}]},{\"@type\":\"ImageObject\",\"inLanguage\":\"ar\",\"@id\":\"https:\/\/www.univ-mila.dz\/?page_id=33871&lang=fr#primaryimage\",\"url\":\"https:\/\/www.univ-mila.dz\/wp-content\/uploads\/2019\/03\/IMG20190324131815.jpg\",\"contentUrl\":\"https:\/\/www.univ-mila.dz\/wp-content\/uploads\/2019\/03\/IMG20190324131815.jpg\",\"width\":3264,\"height\":2448},{\"@type\":\"WebSite\",\"@id\":\"https:\/\/www.univ-mila.dz\/#website\",\"url\":\"https:\/\/www.univ-mila.dz\/\",\"name\":\"\u062c\u0627\u0645\u0639\u0629 \u0639\u0628\u062f \u0627\u0644\u062d\u0641\u064a\u0638 \u0628\u0648\u0627\u0644\u0635\u0648\u0641\",\"description\":\"\u0645\u064a\u0644\u0629\",\"publisher\":{\"@id\":\"https:\/\/www.univ-mila.dz\/#organization\"},\"potentialAction\":[{\"@type\":\"SearchAction\",\"target\":{\"@type\":\"EntryPoint\",\"urlTemplate\":\"https:\/\/www.univ-mila.dz\/?s={search_term_string}\"},\"query-input\":{\"@type\":\"PropertyValueSpecification\",\"valueRequired\":true,\"valueName\":\"search_term_string\"}}],\"inLanguage\":\"ar\"},{\"@type\":\"Organization\",\"@id\":\"https:\/\/www.univ-mila.dz\/#organization\",\"name\":\"\u062c\u0627\u0645\u0639\u0629 \u0639\u0628\u062f \u0627\u0644\u062d\u0641\u064a\u0638 \u0628\u0648\u0627\u0644\u0635\u0648\u0641 - \u0645\u064a\u0644\u0629\",\"url\":\"https:\/\/www.univ-mila.dz\/\",\"logo\":{\"@type\":\"ImageObject\",\"inLanguage\":\"ar\",\"@id\":\"https:\/\/www.univ-mila.dz\/#\/schema\/logo\/image\/\",\"url\":\"http:\/\/www.centre-univ-mila.dz\/wp-content\/uploads\/2019\/02\/1416395352cumtransparent.png\",\"contentUrl\":\"http:\/\/www.centre-univ-mila.dz\/wp-content\/uploads\/2019\/02\/1416395352cumtransparent.png\",\"width\":208,\"height\":268,\"caption\":\"\u062c\u0627\u0645\u0639\u0629 \u0639\u0628\u062f \u0627\u0644\u062d\u0641\u064a\u0638 \u0628\u0648\u0627\u0644\u0635\u0648\u0641 - \u0645\u064a\u0644\u0629\"},\"image\":{\"@id\":\"https:\/\/www.univ-mila.dz\/#\/schema\/logo\/image\/\"},\"sameAs\":[\"https:\/\/www.facebook.com\/univmila\/\",\"https:\/\/x.com\/univmila\",\"https:\/\/www.youtube.com\/channel\/UC9--lQO1WBvXm38B70e9u5w\"]}]}<\/script>\n<!-- \/ Yoast SEO plugin. -->","yoast_head_json":{"title":"Vice-rectorat des relations ext\u00e9rieures et de la coop\u00e9ration, de l\u2019animation et des manifestations scientifiques - \u062c\u0627\u0645\u0639\u0629 \u0645\u064a\u0644\u0629","robots":{"index":"index","follow":"follow","max-snippet":"max-snippet:-1","max-image-preview":"max-image-preview:large","max-video-preview":"max-video-preview:-1"},"canonical":"https:\/\/www.univ-mila.dz\/?page_id=33871&lang=fr","og_locale":"ar_AR","og_type":"article","og_title":"Vice-rectorat des relations ext\u00e9rieures et de la coop\u00e9ration, de l\u2019animation et des manifestations scientifiques - \u062c\u0627\u0645\u0639\u0629 \u0645\u064a\u0644\u0629","og_description":"Vice-recteur des relations ext\u00e9rieures, de la coop\u00e9ration, de l\u2019animation et des manifestations scientifiques :031.45.00.43 :&#8230;&#8230;&#8230;&#8230;&#8230;&#8230;.. : n.bouchemal@univ-mila.dz Pr. Bouchemal Nardjes &nbsp; &nbsp; Vice-rectorat des relations ext\u00e9rieures et de la coop\u00e9ration :031.45.00.43 :&#8230;&#8230;&#8230;&#8230;&#8230;&#8230;.. : vice-rectorat-relex@univ-mila.dz Le vice-rectorat des relations ext\u00e9rieures et de la coop\u00e9ration est charg\u00e9 de : Promouvoir les relations de l\u2019universit\u00e9 avec son environnement [&hellip;]","og_url":"https:\/\/www.univ-mila.dz\/?page_id=33871&lang=fr","og_site_name":"\u062c\u0627\u0645\u0639\u0629 \u0645\u064a\u0644\u0629","article_publisher":"https:\/\/www.facebook.com\/univmila\/","article_modified_time":"2026-04-22T13:25:22+00:00","og_image":[{"width":1024,"height":768,"url":"https:\/\/www.univ-mila.dz\/wp-content\/uploads\/2019\/03\/IMG20190324131815-1024x768.jpg","type":"image\/jpeg"}],"twitter_card":"summary_large_image","twitter_site":"@univmila","twitter_misc":{"\u0648\u0642\u062a \u0627\u0644\u0642\u0631\u0627\u0621\u0629 \u0627\u0644\u0645\u064f\u0642\u062f\u0651\u0631":"\u062f\u0642\u064a\u0642\u062a\u0627\u0646"},"schema":{"@context":"https:\/\/schema.org","@graph":[{"@type":"WebPage","@id":"https:\/\/www.univ-mila.dz\/?page_id=33871&lang=fr","url":"https:\/\/www.univ-mila.dz\/?page_id=33871&lang=fr","name":"Vice-rectorat des relations ext\u00e9rieures et de la coop\u00e9ration, de l\u2019animation et des manifestations scientifiques - \u062c\u0627\u0645\u0639\u0629 \u0645\u064a\u0644\u0629","isPartOf":{"@id":"https:\/\/www.univ-mila.dz\/#website"},"primaryImageOfPage":{"@id":"https:\/\/www.univ-mila.dz\/?page_id=33871&lang=fr#primaryimage"},"image":{"@id":"https:\/\/www.univ-mila.dz\/?page_id=33871&lang=fr#primaryimage"},"thumbnailUrl":"https:\/\/www.univ-mila.dz\/wp-content\/uploads\/2019\/03\/IMG20190324131815.jpg","datePublished":"2026-04-22T13:17:14+00:00","dateModified":"2026-04-22T13:25:22+00:00","inLanguage":"ar","potentialAction":[{"@type":"ReadAction","target":["https:\/\/www.univ-mila.dz\/?page_id=33871&lang=fr"]}]},{"@type":"ImageObject","inLanguage":"ar","@id":"https:\/\/www.univ-mila.dz\/?page_id=33871&lang=fr#primaryimage","url":"https:\/\/www.univ-mila.dz\/wp-content\/uploads\/2019\/03\/IMG20190324131815.jpg","contentUrl":"https:\/\/www.univ-mila.dz\/wp-content\/uploads\/2019\/03\/IMG20190324131815.jpg","width":3264,"height":2448},{"@type":"WebSite","@id":"https:\/\/www.univ-mila.dz\/#website","url":"https:\/\/www.univ-mila.dz\/","name":"\u062c\u0627\u0645\u0639\u0629 \u0639\u0628\u062f \u0627\u0644\u062d\u0641\u064a\u0638 \u0628\u0648\u0627\u0644\u0635\u0648\u0641","description":"\u0645\u064a\u0644\u0629","publisher":{"@id":"https:\/\/www.univ-mila.dz\/#organization"},"potentialAction":[{"@type":"SearchAction","target":{"@type":"EntryPoint","urlTemplate":"https:\/\/www.univ-mila.dz\/?s={search_term_string}"},"query-input":{"@type":"PropertyValueSpecification","valueRequired":true,"valueName":"search_term_string"}}],"inLanguage":"ar"},{"@type":"Organization","@id":"https:\/\/www.univ-mila.dz\/#organization","name":"\u062c\u0627\u0645\u0639\u0629 \u0639\u0628\u062f \u0627\u0644\u062d\u0641\u064a\u0638 \u0628\u0648\u0627\u0644\u0635\u0648\u0641 - \u0645\u064a\u0644\u0629","url":"https:\/\/www.univ-mila.dz\/","logo":{"@type":"ImageObject","inLanguage":"ar","@id":"https:\/\/www.univ-mila.dz\/#\/schema\/logo\/image\/","url":"http:\/\/www.centre-univ-mila.dz\/wp-content\/uploads\/2019\/02\/1416395352cumtransparent.png","contentUrl":"http:\/\/www.centre-univ-mila.dz\/wp-content\/uploads\/2019\/02\/1416395352cumtransparent.png","width":208,"height":268,"caption":"\u062c\u0627\u0645\u0639\u0629 \u0639\u0628\u062f \u0627\u0644\u062d\u0641\u064a\u0638 \u0628\u0648\u0627\u0644\u0635\u0648\u0641 - \u0645\u064a\u0644\u0629"},"image":{"@id":"https:\/\/www.univ-mila.dz\/#\/schema\/logo\/image\/"},"sameAs":["https:\/\/www.facebook.com\/univmila\/","https:\/\/x.com\/univmila","https:\/\/www.youtube.com\/channel\/UC9--lQO1WBvXm38B70e9u5w"]}]}},"_links":{"self":[{"href":"https:\/\/www.univ-mila.dz\/index.php?rest_route=\/wp\/v2\/pages\/33871","targetHints":{"allow":["GET"]}}],"collection":[{"href":"https:\/\/www.univ-mila.dz\/index.php?rest_route=\/wp\/v2\/pages"}],"about":[{"href":"https:\/\/www.univ-mila.dz\/index.php?rest_route=\/wp\/v2\/types\/page"}],"author":[{"embeddable":true,"href":"https:\/\/www.univ-mila.dz\/index.php?rest_route=\/wp\/v2\/users\/4"}],"replies":[{"embeddable":true,"href":"https:\/\/www.univ-mila.dz\/index.php?rest_route=%2Fwp%2Fv2%2Fcomments&post=33871"}],"version-history":[{"count":5,"href":"https:\/\/www.univ-mila.dz\/index.php?rest_route=\/wp\/v2\/pages\/33871\/revisions"}],"predecessor-version":[{"id":33877,"href":"https:\/\/www.univ-mila.dz\/index.php?rest_route=\/wp\/v2\/pages\/33871\/revisions\/33877"}],"wp:featuredmedia":[{"embeddable":true,"href":"https:\/\/www.univ-mila.dz\/index.php?rest_route=\/wp\/v2\/media\/746"}],"wp:attachment":[{"href":"https:\/\/www.univ-mila.dz\/index.php?rest_route=%2Fwp%2Fv2%2Fmedia&parent=33871"}],"curies":[{"name":"wp","href":"https:\/\/api.w.org\/{rel}","templated":true}]}}