{"id":32922,"date":"2025-11-06T14:50:57","date_gmt":"2025-11-06T13:50:57","guid":{"rendered":"https:\/\/www.univ-mila.dz\/?page_id=32922"},"modified":"2025-11-06T14:52:45","modified_gmt":"2025-11-06T13:52:45","slug":"bibliotheque-de-la-faculte-des-lettres-et-des-langues-etrangeres","status":"publish","type":"page","link":"https:\/\/www.univ-mila.dz\/?page_id=32922&lang=fr","title":{"rendered":"Biblioth\u00e8que de la Facult\u00e9 des Lettres et des Langues \u00c9trang\u00e8res"},"content":{"rendered":"<p class=\"textheader\">Pr\u00e9sentation de la Biblioth\u00e8que<\/p>\n<p><img loading=\"lazy\" decoding=\"async\" class=\"alignnone size-full wp-image-27830\" src=\"https:\/\/www.univ-mila.dz\/wp-content\/uploads\/2024\/10\/01.jpg\" alt=\"\" width=\"1280\" height=\"240\" srcset=\"https:\/\/www.univ-mila.dz\/wp-content\/uploads\/2024\/10\/01.jpg 1280w, https:\/\/www.univ-mila.dz\/wp-content\/uploads\/2024\/10\/01-300x56.jpg 300w, https:\/\/www.univ-mila.dz\/wp-content\/uploads\/2024\/10\/01-1024x192.jpg 1024w, https:\/\/www.univ-mila.dz\/wp-content\/uploads\/2024\/10\/01-768x144.jpg 768w, https:\/\/www.univ-mila.dz\/wp-content\/uploads\/2024\/10\/01-255x48.jpg 255w\" sizes=\"auto, (max-width: 1280px) 100vw, 1280px\" \/><br \/>\nLa biblioth\u00e8que de la Facult\u00e9 des Lettres et des Langues \u00c9trang\u00e8res &#8220;Moudjahid Ben Dekkir Mohamed Salah&#8221; est une biblioth\u00e8que universitaire sp\u00e9cialis\u00e9e en langue et litt\u00e9rature arabes et en langues \u00e9trang\u00e8res (fran\u00e7ais et anglais). Son \u00e9quipe travaille sous la supervision du responsable de la biblioth\u00e8que pour faciliter l&#8217;acc\u00e8s \u00e0 l&#8217;information aux usagers via le pr\u00eat, le traitement de divers types de documents de r\u00e9f\u00e9rence et leur mise \u00e0 disposition des usagers de diff\u00e9rentes cat\u00e9gories (\u00e9tudiants, enseignants et chercheurs) appartenant \u00e0 l&#8217;Universit\u00e9 de Mila ou \u00e0 d&#8217;autres universit\u00e9s dans le cadre de la coop\u00e9ration entre biblioth\u00e8ques et institutions universitaires. Ainsi, elle est consid\u00e9r\u00e9e comme l&#8217;un des piliers fondamentaux des programmes acad\u00e9miques et de recherche de la facult\u00e9.<\/p>\n<p>Elle a ouvert ses portes d\u00e9but 2011 avec une capacit\u00e9 d&#8217;accueil estim\u00e9e \u00e0 400 places. Elle comprend une salle internet r\u00e9serv\u00e9e aux \u00e9tudiants, \u00e9quip\u00e9e de 49 ordinateurs, et une salle de lecture r\u00e9serv\u00e9e aux enseignants, \u00e9quip\u00e9e de 5 ordinateurs. La biblioth\u00e8que dispose d&#8217;un fonds documentaire dans les sp\u00e9cialit\u00e9s de litt\u00e9rature arabe, langue anglaise et langue fran\u00e7aise.<\/p>\n<p class=\"textheader\">B\u00e2timent de la Biblioth\u00e8que<\/p>\n<p class=\"smallheader\">Rez-de-chauss\u00e9e<\/p>\n<p>&#8211; Salle Internet pour les Licences<br \/>\n&#8211; R\u00e9serve<br \/>\n&#8211; Guichets de Pr\u00eat et de Retour<br \/>\n<img loading=\"lazy\" decoding=\"async\" class=\"alignnone size-full wp-image-27824\" src=\"https:\/\/www.univ-mila.dz\/wp-content\/uploads\/2024\/10\/03.jpg\" alt=\"\" width=\"960\" height=\"240\" srcset=\"https:\/\/www.univ-mila.dz\/wp-content\/uploads\/2024\/10\/03.jpg 960w, https:\/\/www.univ-mila.dz\/wp-content\/uploads\/2024\/10\/03-300x75.jpg 300w, https:\/\/www.univ-mila.dz\/wp-content\/uploads\/2024\/10\/03-768x192.jpg 768w, https:\/\/www.univ-mila.dz\/wp-content\/uploads\/2024\/10\/03-255x64.jpg 255w\" sizes=\"auto, (max-width: 960px) 100vw, 960px\" \/><\/p>\n<p class=\"smallheader\">Premier \u00c9tage<\/p>\n<p>&#8211; Bureau du Responsable<br \/>\n&#8211; Service d&#8217;Orientation et de Recherche Bibliographique<br \/>\n&#8211; Service de Gestion du Fonds Documentaire<br \/>\n&#8211; Salle de Lecture<br \/>\n&#8211; Salle de Lecture pour les Enseignants<br \/>\n&#8211; Salle de Pr\u00eat Interne<br \/>\n<img loading=\"lazy\" decoding=\"async\" class=\"alignnone size-full wp-image-27821\" src=\"https:\/\/www.univ-mila.dz\/wp-content\/uploads\/2024\/10\/04.jpg\" alt=\"\" width=\"960\" height=\"240\" srcset=\"https:\/\/www.univ-mila.dz\/wp-content\/uploads\/2024\/10\/04.jpg 960w, https:\/\/www.univ-mila.dz\/wp-content\/uploads\/2024\/10\/04-300x75.jpg 300w, https:\/\/www.univ-mila.dz\/wp-content\/uploads\/2024\/10\/04-768x192.jpg 768w, https:\/\/www.univ-mila.dz\/wp-content\/uploads\/2024\/10\/04-255x64.jpg 255w\" sizes=\"auto, (max-width: 960px) 100vw, 960px\" \/><\/p>\n<p class=\"textheader\">Services de la Biblioth\u00e8que<\/p>\n<p class=\"smallheader\">Administration<\/p>\n<p>Elle est g\u00e9r\u00e9e par le responsable de la biblioth\u00e8que qui supervise toutes les op\u00e9rations relatives \u00e0 la biblioth\u00e8que, qu&#8217;elles soient administratives ou techniques, en coordination avec la direction de la facult\u00e9, telles que :<br \/>\n&#8211; Les nouvelles acquisitions<br \/>\n&#8211; Les relations ext\u00e9rieures<br \/>\n&#8211; L&#8217;accueil des \u00e9tudiants et l&#8217;\u00e9coute de leurs pr\u00e9occupations.<\/p>\n<p class=\"smallheader\">Section du Pr\u00eat<\/p>\n<p>Elle assure les t\u00e2ches suivantes :<br \/>\n&#8211; Suivi de l&#8217;inscription \u00e0 la biblioth\u00e8que pour les enseignants et les \u00e9tudiants.<br \/>\n&#8211; Suivi du pr\u00eat interne et externe pour les enseignants et les \u00e9tudiants.<br \/>\n&#8211; D\u00e9livrance de l&#8217;attestation de quitus pour les \u00e9tudiants dipl\u00f4m\u00e9s.<\/p>\n<p>Les cat\u00e9gories suivantes b\u00e9n\u00e9ficient du service de pr\u00eat :<br \/>\n&#8211; Les enseignants<br \/>\n&#8211; Les \u00e9tudiants de la Facult\u00e9 des Lettres et des Langues.<br \/>\n&#8211; Les \u00e9tudiants externes<\/p>\n<p>La biblioth\u00e8que comprend deux services principaux :<\/p>\n<p class=\"smallheader\">Service d&#8217;Orientation et de Recherche Bibliographique<\/p>\n<p>Parmi les missions et services du service :<br \/>\n&#8211; Assurer la recherche bibliographique pour les chercheurs et former les usagers \u00e0 l&#8217;utilisation des outils de la biblioth\u00e8que.<br \/>\n&#8211; Accueillir, orienter et guider les \u00e9tudiants et les enseignants.<br \/>\n&#8211; Informer sur le syst\u00e8me de pr\u00eat, le r\u00e8glement int\u00e9rieur.<br \/>\n&#8211; Recherche bibliographique : Le service dispose d&#8217;un catalogue informatis\u00e9, permettant aux \u00e9tudiants et enseignants d&#8217;effectuer des recherches bibliographiques selon les index (auteurs, titres, sujets).<br \/>\n&#8211; Encadrement des stagiaires et des \u00e9tudiants de la Facult\u00e9 de Documentation et des Biblioth\u00e8ques dans le cadre du stage pratique.<\/p>\n<p class=\"smallheader\">Service de Gestion du Fonds Documentaire<\/p>\n<p>Ce service coordonne entre les agents charg\u00e9s du traitement au niveau des r\u00e9serves pour d\u00e9terminer la liste des nouvelles acquisitions, les traiter puis les int\u00e9grer dans le processus de pr\u00eat. Ses principales caract\u00e9ristiques sont :<br \/>\n&#8211; Assurer les op\u00e9rations de catalogage de tous types.<br \/>\n&#8211; Saisie informatis\u00e9e des notices.<br \/>\n&#8211; Inventaire annuel des livres et ouvrages de r\u00e9f\u00e9rence.<\/p>\n<p class=\"smallheader\">Section de Num\u00e9risation<\/p>\n<p>Cette section a \u00e9t\u00e9 r\u00e9cemment ajout\u00e9e \u00e0 la biblioth\u00e8que pour suivre les \u00e9volutions scientifiques et technologiques et faciliter le processus de recherche pour les \u00e9tudiants et les enseignants. Elle collecte les livres au format PDF et les int\u00e8gre dans l&#8217;application de la biblioth\u00e8que num\u00e9rique pour faciliter la recherche et la consultation des r\u00e9f\u00e9rences num\u00e9riques dans la salle internet de la biblioth\u00e8que.<\/p>\n<p class=\"smallheader\">Services de la Biblioth\u00e8que<\/p>\n<p>Services offerts par la biblioth\u00e8que :<br \/>\n&#8211; Pr\u00eat interne et externe<br \/>\n&#8211; Recherche bibliographique informatis\u00e9e<br \/>\n&#8211; Recherche bibliographique via les diff\u00e9rents catalogues descriptifs.<br \/>\n&#8211; Catalogues descriptifs des m\u00e9moires et th\u00e8ses.<br \/>\n&#8211; Recherche informatis\u00e9e :<br \/>\n&#8211; Cela inclut l&#8217;utilisation des catalogues informatis\u00e9s de la biblioth\u00e8que pour rechercher des sources d&#8217;information \u00e0 l&#8217;int\u00e9rieur et \u00e0 l&#8217;ext\u00e9rieur de la biblioth\u00e8que. Les usagers peuvent effectuer des recherches informatis\u00e9es depuis l&#8217;int\u00e9rieur ou l&#8217;ext\u00e9rieur de la biblioth\u00e8que via Internet, en arabe et en fran\u00e7ais, sur l&#8217;ensemble des collections de la biblioth\u00e8que.<\/p>\n<p class=\"textheader\">Heures d&#8217;Ouverture de la Biblioth\u00e8que de la Facult\u00e9<\/p>\n<p>Du dimanche au jeudi de : 08:00 \u00e0 : 16:30, sauf les jours f\u00e9ri\u00e9s et les occasions religieuses et nationales.<\/p>\n<p>Service de permanence le samedi de : 08:00 \u00e0 15:30 sans interruption.<\/p>\n<p class=\"textheader\">Emprunt de Livres \u00e0 la Biblioth\u00e8que<\/p>\n<ul>\n<li>Pour emprunter des livres ou des catalogues, il est obligatoire de pr\u00e9senter la carte de la biblioth\u00e8que.<\/li>\n<li>Pr\u00e9sence personnelle du titulaire de la carte ou de son repr\u00e9sentant, sauf dans des cas exceptionnels.<\/li>\n<li>Pour les \u00e9tudiants, enseignants ou chercheurs d&#8217;autres universit\u00e9s, il est obligatoire de pr\u00e9senter la carte d&#8217;\u00e9tudiant ou tout autre document (carte d&#8217;identit\u00e9 ou permis de conduire par exemple) ainsi qu&#8217;une autorisation vis\u00e9e par l&#8217;institution d&#8217;envoi (lettre d&#8217;accueil).<\/li>\n<\/ul>\n<p><strong>Dur\u00e9e du pr\u00eat :<\/strong><br \/>\nLa dur\u00e9e du pr\u00eat varie selon les cat\u00e9gories d&#8217;usagers et doit \u00eatre respect\u00e9e :<\/p>\n<ol>\n<li>Enseignant : 04 livres pour un mois.<\/li>\n<li>\u00c9tudiants de troisi\u00e8me cycle (Master, Doctorat) : 04 livres pour un mois.<\/li>\n<li>\u00c9tudiants en Licence + Master (1 et 2) : 03 livres pour 10 jours.<\/li>\n<\/ol>\n<p>Remarque : L&#8217;\u00e9tudiant est autoris\u00e9 \u00e0 renouveler le pr\u00eat une seule fois pour une dur\u00e9e de 5 jours, \u00e0 l&#8217;exception des documents tr\u00e8s demand\u00e9s ou disponibles en petit nombre d&#8217;exemplaires (ils ne sont pas renouvelables).<\/p>\n<p><strong>Retard dans le retour des livres :<\/strong><br \/>\nEn cas de retard dans la restitution du document emprunt\u00e9 dans le d\u00e9lai imparti, son d\u00e9tenteur est passible d&#8217;une sanction de privation de pr\u00eat pour une dur\u00e9e \u00e9gale au double de la dur\u00e9e du retard. La sanction est doubl\u00e9e en cas de r\u00e9cidive.<\/p>\n<p class=\"textheader\">Contacter la Biblioth\u00e8que<\/p>\n<p>Pour toute question ou pr\u00e9occupation concernant la biblioth\u00e8que, vous pouvez nous contacter par e-mail ou via la page Facebook de la biblioth\u00e8que.<\/p>\n<p>E-mail : biblio.litterature@centre-univ-mila.dz<\/p>\n<p>&nbsp;<\/p>\n","protected":false},"excerpt":{"rendered":"<p>Pr\u00e9sentation de la Biblioth\u00e8que La biblioth\u00e8que de la Facult\u00e9 des Lettres et des Langues \u00c9trang\u00e8res &#8220;Moudjahid Ben Dekkir Mohamed Salah&#8221; est une biblioth\u00e8que universitaire sp\u00e9cialis\u00e9e en langue et litt\u00e9rature arabes et en langues \u00e9trang\u00e8res (fran\u00e7ais et anglais). Son \u00e9quipe travaille sous la supervision du responsable de la biblioth\u00e8que pour faciliter l&#8217;acc\u00e8s \u00e0 l&#8217;information aux usagers [&hellip;]<\/p>\n","protected":false},"author":4,"featured_media":0,"parent":0,"menu_order":0,"comment_status":"closed","ping_status":"closed","template":"","meta":{"footnotes":""},"class_list":["post-32922","page","type-page","status-publish","hentry"],"yoast_head":"<!-- This site is optimized with the Yoast SEO plugin v26.3 - https:\/\/yoast.com\/wordpress\/plugins\/seo\/ -->\n<title>Biblioth\u00e8que de la Facult\u00e9 des Lettres et des Langues \u00c9trang\u00e8res - \u062c\u0627\u0645\u0639\u0629 \u0645\u064a\u0644\u0629<\/title>\n<meta name=\"robots\" content=\"index, follow, max-snippet:-1, max-image-preview:large, max-video-preview:-1\" \/>\n<link rel=\"canonical\" href=\"https:\/\/www.univ-mila.dz\/?page_id=32922&lang=fr\" \/>\n<meta property=\"og:locale\" content=\"ar_AR\" \/>\n<meta property=\"og:type\" content=\"article\" \/>\n<meta property=\"og:title\" content=\"Biblioth\u00e8que de la Facult\u00e9 des Lettres et des Langues \u00c9trang\u00e8res - \u062c\u0627\u0645\u0639\u0629 \u0645\u064a\u0644\u0629\" \/>\n<meta property=\"og:description\" content=\"Pr\u00e9sentation de la Biblioth\u00e8que La biblioth\u00e8que de la Facult\u00e9 des Lettres et des Langues \u00c9trang\u00e8res &#8220;Moudjahid Ben Dekkir Mohamed Salah&#8221; est une biblioth\u00e8que universitaire sp\u00e9cialis\u00e9e en langue et litt\u00e9rature arabes et en langues \u00e9trang\u00e8res (fran\u00e7ais et anglais). Son \u00e9quipe travaille sous la supervision du responsable de la biblioth\u00e8que pour faciliter l&#8217;acc\u00e8s \u00e0 l&#8217;information aux usagers [&hellip;]\" \/>\n<meta property=\"og:url\" content=\"https:\/\/www.univ-mila.dz\/?page_id=32922&amp;lang=fr\" \/>\n<meta property=\"og:site_name\" content=\"\u062c\u0627\u0645\u0639\u0629 \u0645\u064a\u0644\u0629\" \/>\n<meta property=\"article:publisher\" content=\"https:\/\/www.facebook.com\/univmila\/\" \/>\n<meta property=\"article:modified_time\" content=\"2025-11-06T13:52:45+00:00\" \/>\n<meta property=\"og:image\" content=\"https:\/\/www.univ-mila.dz\/wp-content\/uploads\/2024\/10\/01.jpg\" \/>\n<meta name=\"twitter:card\" content=\"summary_large_image\" \/>\n<meta name=\"twitter:site\" content=\"@univmila\" \/>\n<meta name=\"twitter:label1\" content=\"\u0648\u0642\u062a \u0627\u0644\u0642\u0631\u0627\u0621\u0629 \u0627\u0644\u0645\u064f\u0642\u062f\u0651\u0631\" \/>\n\t<meta name=\"twitter:data1\" content=\"8 \u062f\u0642\u0627\u0626\u0642\" \/>\n<script type=\"application\/ld+json\" class=\"yoast-schema-graph\">{\"@context\":\"https:\/\/schema.org\",\"@graph\":[{\"@type\":\"WebPage\",\"@id\":\"https:\/\/www.univ-mila.dz\/?page_id=32922&lang=fr\",\"url\":\"https:\/\/www.univ-mila.dz\/?page_id=32922&lang=fr\",\"name\":\"Biblioth\u00e8que de la Facult\u00e9 des Lettres et des Langues \u00c9trang\u00e8res - \u062c\u0627\u0645\u0639\u0629 \u0645\u064a\u0644\u0629\",\"isPartOf\":{\"@id\":\"https:\/\/www.univ-mila.dz\/#website\"},\"primaryImageOfPage\":{\"@id\":\"https:\/\/www.univ-mila.dz\/?page_id=32922&lang=fr#primaryimage\"},\"image\":{\"@id\":\"https:\/\/www.univ-mila.dz\/?page_id=32922&lang=fr#primaryimage\"},\"thumbnailUrl\":\"https:\/\/www.univ-mila.dz\/wp-content\/uploads\/2024\/10\/01.jpg\",\"datePublished\":\"2025-11-06T13:50:57+00:00\",\"dateModified\":\"2025-11-06T13:52:45+00:00\",\"inLanguage\":\"ar\",\"potentialAction\":[{\"@type\":\"ReadAction\",\"target\":[\"https:\/\/www.univ-mila.dz\/?page_id=32922&lang=fr\"]}]},{\"@type\":\"ImageObject\",\"inLanguage\":\"ar\",\"@id\":\"https:\/\/www.univ-mila.dz\/?page_id=32922&lang=fr#primaryimage\",\"url\":\"https:\/\/www.univ-mila.dz\/wp-content\/uploads\/2024\/10\/01.jpg\",\"contentUrl\":\"https:\/\/www.univ-mila.dz\/wp-content\/uploads\/2024\/10\/01.jpg\",\"width\":1280,\"height\":240},{\"@type\":\"WebSite\",\"@id\":\"https:\/\/www.univ-mila.dz\/#website\",\"url\":\"https:\/\/www.univ-mila.dz\/\",\"name\":\"\u062c\u0627\u0645\u0639\u0629 \u0639\u0628\u062f \u0627\u0644\u062d\u0641\u064a\u0638 \u0628\u0648\u0627\u0644\u0635\u0648\u0641\",\"description\":\"\u0645\u064a\u0644\u0629\",\"publisher\":{\"@id\":\"https:\/\/www.univ-mila.dz\/#organization\"},\"potentialAction\":[{\"@type\":\"SearchAction\",\"target\":{\"@type\":\"EntryPoint\",\"urlTemplate\":\"https:\/\/www.univ-mila.dz\/?s={search_term_string}\"},\"query-input\":{\"@type\":\"PropertyValueSpecification\",\"valueRequired\":true,\"valueName\":\"search_term_string\"}}],\"inLanguage\":\"ar\"},{\"@type\":\"Organization\",\"@id\":\"https:\/\/www.univ-mila.dz\/#organization\",\"name\":\"\u062c\u0627\u0645\u0639\u0629 \u0639\u0628\u062f \u0627\u0644\u062d\u0641\u064a\u0638 \u0628\u0648\u0627\u0644\u0635\u0648\u0641 - \u0645\u064a\u0644\u0629\",\"url\":\"https:\/\/www.univ-mila.dz\/\",\"logo\":{\"@type\":\"ImageObject\",\"inLanguage\":\"ar\",\"@id\":\"https:\/\/www.univ-mila.dz\/#\/schema\/logo\/image\/\",\"url\":\"http:\/\/www.centre-univ-mila.dz\/wp-content\/uploads\/2019\/02\/1416395352cumtransparent.png\",\"contentUrl\":\"http:\/\/www.centre-univ-mila.dz\/wp-content\/uploads\/2019\/02\/1416395352cumtransparent.png\",\"width\":208,\"height\":268,\"caption\":\"\u062c\u0627\u0645\u0639\u0629 \u0639\u0628\u062f \u0627\u0644\u062d\u0641\u064a\u0638 \u0628\u0648\u0627\u0644\u0635\u0648\u0641 - \u0645\u064a\u0644\u0629\"},\"image\":{\"@id\":\"https:\/\/www.univ-mila.dz\/#\/schema\/logo\/image\/\"},\"sameAs\":[\"https:\/\/www.facebook.com\/univmila\/\",\"https:\/\/x.com\/univmila\",\"https:\/\/www.youtube.com\/channel\/UC9--lQO1WBvXm38B70e9u5w\"]}]}<\/script>\n<!-- \/ Yoast SEO plugin. -->","yoast_head_json":{"title":"Biblioth\u00e8que de la Facult\u00e9 des Lettres et des Langues \u00c9trang\u00e8res - \u062c\u0627\u0645\u0639\u0629 \u0645\u064a\u0644\u0629","robots":{"index":"index","follow":"follow","max-snippet":"max-snippet:-1","max-image-preview":"max-image-preview:large","max-video-preview":"max-video-preview:-1"},"canonical":"https:\/\/www.univ-mila.dz\/?page_id=32922&lang=fr","og_locale":"ar_AR","og_type":"article","og_title":"Biblioth\u00e8que de la Facult\u00e9 des Lettres et des Langues \u00c9trang\u00e8res - \u062c\u0627\u0645\u0639\u0629 \u0645\u064a\u0644\u0629","og_description":"Pr\u00e9sentation de la Biblioth\u00e8que La biblioth\u00e8que de la Facult\u00e9 des Lettres et des Langues \u00c9trang\u00e8res &#8220;Moudjahid Ben Dekkir Mohamed Salah&#8221; est une biblioth\u00e8que universitaire sp\u00e9cialis\u00e9e en langue et litt\u00e9rature arabes et en langues \u00e9trang\u00e8res (fran\u00e7ais et anglais). Son \u00e9quipe travaille sous la supervision du responsable de la biblioth\u00e8que pour faciliter l&#8217;acc\u00e8s \u00e0 l&#8217;information aux usagers [&hellip;]","og_url":"https:\/\/www.univ-mila.dz\/?page_id=32922&lang=fr","og_site_name":"\u062c\u0627\u0645\u0639\u0629 \u0645\u064a\u0644\u0629","article_publisher":"https:\/\/www.facebook.com\/univmila\/","article_modified_time":"2025-11-06T13:52:45+00:00","og_image":[{"url":"https:\/\/www.univ-mila.dz\/wp-content\/uploads\/2024\/10\/01.jpg","type":"","width":"","height":""}],"twitter_card":"summary_large_image","twitter_site":"@univmila","twitter_misc":{"\u0648\u0642\u062a \u0627\u0644\u0642\u0631\u0627\u0621\u0629 \u0627\u0644\u0645\u064f\u0642\u062f\u0651\u0631":"8 \u062f\u0642\u0627\u0626\u0642"},"schema":{"@context":"https:\/\/schema.org","@graph":[{"@type":"WebPage","@id":"https:\/\/www.univ-mila.dz\/?page_id=32922&lang=fr","url":"https:\/\/www.univ-mila.dz\/?page_id=32922&lang=fr","name":"Biblioth\u00e8que de la Facult\u00e9 des Lettres et des Langues \u00c9trang\u00e8res - \u062c\u0627\u0645\u0639\u0629 \u0645\u064a\u0644\u0629","isPartOf":{"@id":"https:\/\/www.univ-mila.dz\/#website"},"primaryImageOfPage":{"@id":"https:\/\/www.univ-mila.dz\/?page_id=32922&lang=fr#primaryimage"},"image":{"@id":"https:\/\/www.univ-mila.dz\/?page_id=32922&lang=fr#primaryimage"},"thumbnailUrl":"https:\/\/www.univ-mila.dz\/wp-content\/uploads\/2024\/10\/01.jpg","datePublished":"2025-11-06T13:50:57+00:00","dateModified":"2025-11-06T13:52:45+00:00","inLanguage":"ar","potentialAction":[{"@type":"ReadAction","target":["https:\/\/www.univ-mila.dz\/?page_id=32922&lang=fr"]}]},{"@type":"ImageObject","inLanguage":"ar","@id":"https:\/\/www.univ-mila.dz\/?page_id=32922&lang=fr#primaryimage","url":"https:\/\/www.univ-mila.dz\/wp-content\/uploads\/2024\/10\/01.jpg","contentUrl":"https:\/\/www.univ-mila.dz\/wp-content\/uploads\/2024\/10\/01.jpg","width":1280,"height":240},{"@type":"WebSite","@id":"https:\/\/www.univ-mila.dz\/#website","url":"https:\/\/www.univ-mila.dz\/","name":"\u062c\u0627\u0645\u0639\u0629 \u0639\u0628\u062f \u0627\u0644\u062d\u0641\u064a\u0638 \u0628\u0648\u0627\u0644\u0635\u0648\u0641","description":"\u0645\u064a\u0644\u0629","publisher":{"@id":"https:\/\/www.univ-mila.dz\/#organization"},"potentialAction":[{"@type":"SearchAction","target":{"@type":"EntryPoint","urlTemplate":"https:\/\/www.univ-mila.dz\/?s={search_term_string}"},"query-input":{"@type":"PropertyValueSpecification","valueRequired":true,"valueName":"search_term_string"}}],"inLanguage":"ar"},{"@type":"Organization","@id":"https:\/\/www.univ-mila.dz\/#organization","name":"\u062c\u0627\u0645\u0639\u0629 \u0639\u0628\u062f \u0627\u0644\u062d\u0641\u064a\u0638 \u0628\u0648\u0627\u0644\u0635\u0648\u0641 - \u0645\u064a\u0644\u0629","url":"https:\/\/www.univ-mila.dz\/","logo":{"@type":"ImageObject","inLanguage":"ar","@id":"https:\/\/www.univ-mila.dz\/#\/schema\/logo\/image\/","url":"http:\/\/www.centre-univ-mila.dz\/wp-content\/uploads\/2019\/02\/1416395352cumtransparent.png","contentUrl":"http:\/\/www.centre-univ-mila.dz\/wp-content\/uploads\/2019\/02\/1416395352cumtransparent.png","width":208,"height":268,"caption":"\u062c\u0627\u0645\u0639\u0629 \u0639\u0628\u062f \u0627\u0644\u062d\u0641\u064a\u0638 \u0628\u0648\u0627\u0644\u0635\u0648\u0641 - \u0645\u064a\u0644\u0629"},"image":{"@id":"https:\/\/www.univ-mila.dz\/#\/schema\/logo\/image\/"},"sameAs":["https:\/\/www.facebook.com\/univmila\/","https:\/\/x.com\/univmila","https:\/\/www.youtube.com\/channel\/UC9--lQO1WBvXm38B70e9u5w"]}]}},"_links":{"self":[{"href":"https:\/\/www.univ-mila.dz\/index.php?rest_route=\/wp\/v2\/pages\/32922","targetHints":{"allow":["GET"]}}],"collection":[{"href":"https:\/\/www.univ-mila.dz\/index.php?rest_route=\/wp\/v2\/pages"}],"about":[{"href":"https:\/\/www.univ-mila.dz\/index.php?rest_route=\/wp\/v2\/types\/page"}],"author":[{"embeddable":true,"href":"https:\/\/www.univ-mila.dz\/index.php?rest_route=\/wp\/v2\/users\/4"}],"replies":[{"embeddable":true,"href":"https:\/\/www.univ-mila.dz\/index.php?rest_route=%2Fwp%2Fv2%2Fcomments&post=32922"}],"version-history":[{"count":3,"href":"https:\/\/www.univ-mila.dz\/index.php?rest_route=\/wp\/v2\/pages\/32922\/revisions"}],"predecessor-version":[{"id":32925,"href":"https:\/\/www.univ-mila.dz\/index.php?rest_route=\/wp\/v2\/pages\/32922\/revisions\/32925"}],"wp:attachment":[{"href":"https:\/\/www.univ-mila.dz\/index.php?rest_route=%2Fwp%2Fv2%2Fmedia&parent=32922"}],"curies":[{"name":"wp","href":"https:\/\/api.w.org\/{rel}","templated":true}]}}