{"id":30253,"date":"2025-01-15T11:02:22","date_gmt":"2025-01-15T10:02:22","guid":{"rendered":"https:\/\/www.univ-mila.dz\/?page_id=30253"},"modified":"2025-01-15T11:02:22","modified_gmt":"2025-01-15T10:02:22","slug":"specialite-biotechnologie-et-pathologie-moleculaire","status":"publish","type":"page","link":"https:\/\/www.univ-mila.dz\/?page_id=30253&lang=fr","title":{"rendered":"Sp\u00e9cialit\u00e9: Biotechnologie et Pathologie Mol\u00e9culaire"},"content":{"rendered":"<p class=\"textheader\">Informations g\u00e9n\u00e9rales<\/p>\n<div class=\"noteright\">\n<p style=\"text-align: left;\" title=\"T\u00e9l\u00e9phone\"><i class=\"fa fa-phone\"><\/i>: <span style=\"color: #800000;\"><b>0793338452<\/b><\/span><\/p>\n<p style=\"text-align: left;\" title=\"Fax\"><i class=\"fa fa-fax\"><\/i>: <span style=\"color: #800000;\"><strong>\/\/\/\/\/<\/strong><\/span><\/p>\n<p style=\"text-align: left;\" title=\"Courriel\"><span style=\"color: #800000;\"><span style=\"color: #333333;\"><a style=\"color: #333333;\" href=\"mailto:f.talhi@centre-univ-mila.dz\"><i class=\"fa fa-envelope\"><\/i>: <span style=\"color: #800000;\"><strong>f.talhi<\/strong><\/span><\/a><\/span><strong>@centre-univ-mila.dz<\/strong><\/span><\/p>\n<\/div>\n<ul>\n<li><strong>Cycle<\/strong>: Master acad\u00e9mique.<\/li>\n<li><strong>Domaine<\/strong>: Science de la Nature et de la Vie.<\/li>\n<li><strong>Fili\u00e8re<\/strong>: Biotechnologie.<\/li>\n<li><strong>Sp\u00e9cialit\u00e9<\/strong> (Intitul\u00e9 de la formation): Biotechnologie et Pathologie Mol\u00e9culaire.<\/li>\n<li><strong>Dur\u00e9e de la formation<\/strong>: Deux ans.<\/li>\n<\/ul>\n<p class=\"textheader\">Pr\u00e9sentation de la formation<\/p>\n<p class=\"smallheader\">Objectif de la formation<\/p>\n<p>L\u2019objectif de cette formation est de former des cadres capables d\u2019appr\u00e9hender la complexit\u00e9 du monde de l\u2019industrie des biotechnologies et de s\u2019ins\u00e9rer dans des entreprises :<\/p>\n<ul>\n<li>D\u2019acqu\u00e9rir des comp\u00e9tences permettant aux dipl\u00f4m\u00e9s de travailler dans des laboratoires ou entreprises n\u00e9cessitant une expertise dans le domaine de la biotechnologie, dans les secteurs de la sant\u00e9\/pharmaceutique (en th\u00e9rapie et en diagnostic), de l\u2019environnement et des cosm\u00e9tiques.<\/li>\n<li>Comprendre les bases biologiques et ma\u00eetriser les aspects technologiques des divers secteurs des biotechnologies.<\/li>\n<li>Ma\u00eetriser les m\u00e9thodologies scientifiques, de la recherche et du d\u00e9veloppement et de la compr\u00e9hension mol\u00e9culaire.<\/li>\n<li>D\u00e9velopper un esprit de synth\u00e8se et d\u2019analyse pour mener \u00e0 bien les projets de recherche.<\/li>\n<li>En plus des mati\u00e8res de base enseign\u00e9es, qui donneront une compr\u00e9hension approfondie de la pathologie mol\u00e9culaire et des disciplines associ\u00e9es (la g\u00e9nomique et la bioinformatique appliqu\u00e9e), cet enseignement permet \u00e9galement de d\u00e9velopper l\u2019exp\u00e9rience et les comp\u00e9tences en mati\u00e8re d&#8217;investigation scientifique, de pens\u00e9e analytique et de critique scientifique.<\/li>\n<\/ul>\n<p class=\"smallheader\">Connaissances vis\u00e9es<\/p>\n<ul>\n<li>Savoir d\u00e9velopper son projet personnel et professionnel.<\/li>\n<li>Faire preuve de cr\u00e9ativit\u00e9, de polyvalence et d\u2019autonomie.<\/li>\n<li>\u00catre capable de s\u2019adapter rapidement aux \u00e9volutions et aux besoins des entreprises et des march\u00e9s.<\/li>\n<li>Savoir travailler en \u00e9quipe.<\/li>\n<li>Savoir communiquer ses objectifs et ses r\u00e9sultats.<\/li>\n<li>Savoir \u00e9tablir une analyse critique de ses r\u00e9sultats.<\/li>\n<li>Avoir une capacit\u00e9 d\u2019apprentissage et d\u2019adaptation.<\/li>\n<\/ul>\n<p class=\"smallheader\">Projets de fin d\u2019\u00e9tude<\/p>\n<p>Stage en entreprise sanctionn\u00e9 par un m\u00e9moire et une soutenance.<\/p>\n<p class=\"textheader\">Programme<\/p>\n<p><strong>Pour t\u00e9l\u00e9charger : <span style=\"color: #0000ff;\"><a style=\"color: #0000ff;\" href=\"https:\/\/www.univ-mila.dz\/wp-content\/uploads\/2025\/01\/Prg_MBioTecPath_FR.pdf\">cliquez ici<\/a><\/span><\/strong><\/p>\n<p class=\"textheader\">\u00c9tudes et d\u00e9bouch\u00e9s potentiels<\/p>\n<p class=\"smallheader\">Poursuite d&#8217;\u00e9tudes<\/p>\n<p>Poursuite de doctorat et passerelles avec tous les parcours de master en :<\/p>\n<ul>\n<li>Biotechnologie et sant\u00e9.<\/li>\n<li>Microbiologie m\u00e9dicale.<\/li>\n<li>\u00c9cologie Microbienne.<\/li>\n<li>Biochimie fondamentale et appliqu\u00e9e.<\/li>\n<li>Sant\u00e9, eau et environnement.<\/li>\n<li>Contr\u00f4le de qualit\u00e9 des produits alimentaires.<\/li>\n<\/ul>\n<p class=\"smallheader\">D\u00e9bouch\u00e9s professionnels<\/p>\n<p>Le master acad\u00e9mique sp\u00e9cialit\u00e9 \u00ab Biotechnologies et Pathologie Mol\u00e9culaire \u00bb r\u00e9pond \u00e0 une carence en mati\u00e8re d\u2019experts et de chercheurs sp\u00e9cialis\u00e9s dans le domaine des Biotechnologies li\u00e9 \u00e0 la sant\u00e9. Secteurs d&#8217;activit\u00e9 : Centres de Recherches et \u00c9tablissements Universitaires, Entreprises. Les cadres form\u00e9s dans ce domaine peuvent facilement \u00eatre ins\u00e9r\u00e9s au niveau :<\/p>\n<ul>\n<li>Laboratoire de recherche.<\/li>\n<li>Industrie pharmaceutique.<\/li>\n<li>Microbiologie m\u00e9dicale (H\u00f4pital, clinique publique et clinique priv\u00e9e).<\/li>\n<li>Industrie cosm\u00e9tique.<\/li>\n<li>Laboratoire d\u2019analyse.<\/li>\n<li>Laboratoire contr\u00f4le de qualit\u00e9.<\/li>\n<li>Enseignement.<\/li>\n<li>L\u2019Alg\u00e9rienne des eaux.<\/li>\n<li>Les stations d\u2019\u00e9puration des eaux.<\/li>\n<li>Industrie agroalimentaire.<\/li>\n<li>Directions de l\u2019environnement.<\/li>\n<li>Directions du commerce.<\/li>\n<li>Police scientifique.<\/li>\n<li>Douane.<\/li>\n<\/ul>\n","protected":false},"excerpt":{"rendered":"<p>Informations g\u00e9n\u00e9rales : 0793338452 : \/\/\/\/\/ : f.talhi@centre-univ-mila.dz Cycle: Master acad\u00e9mique. Domaine: Science de la Nature et de la Vie. Fili\u00e8re: Biotechnologie. Sp\u00e9cialit\u00e9 (Intitul\u00e9 de la formation): Biotechnologie et Pathologie Mol\u00e9culaire. Dur\u00e9e de la formation: Deux ans. Pr\u00e9sentation de la formation Objectif de la formation L\u2019objectif de cette formation est de former des cadres capables [&hellip;]<\/p>\n","protected":false},"author":4,"featured_media":7791,"parent":7892,"menu_order":0,"comment_status":"closed","ping_status":"closed","template":"","meta":{"footnotes":""},"class_list":["post-30253","page","type-page","status-publish","has-post-thumbnail","hentry"],"yoast_head":"<!-- This site is optimized with the Yoast SEO plugin v26.3 - https:\/\/yoast.com\/wordpress\/plugins\/seo\/ -->\n<title>Sp\u00e9cialit\u00e9: Biotechnologie et Pathologie Mol\u00e9culaire - \u062c\u0627\u0645\u0639\u0629 \u0645\u064a\u0644\u0629<\/title>\n<meta name=\"robots\" content=\"index, follow, max-snippet:-1, max-image-preview:large, max-video-preview:-1\" \/>\n<link rel=\"canonical\" href=\"https:\/\/www.univ-mila.dz\/?page_id=30253&lang=fr\" \/>\n<meta property=\"og:locale\" content=\"ar_AR\" \/>\n<meta property=\"og:type\" content=\"article\" \/>\n<meta property=\"og:title\" content=\"Sp\u00e9cialit\u00e9: Biotechnologie et Pathologie Mol\u00e9culaire - \u062c\u0627\u0645\u0639\u0629 \u0645\u064a\u0644\u0629\" \/>\n<meta property=\"og:description\" content=\"Informations g\u00e9n\u00e9rales : 0793338452 : \/\/\/\/\/ : f.talhi@centre-univ-mila.dz Cycle: Master acad\u00e9mique. Domaine: Science de la Nature et de la Vie. Fili\u00e8re: Biotechnologie. Sp\u00e9cialit\u00e9 (Intitul\u00e9 de la formation): Biotechnologie et Pathologie Mol\u00e9culaire. Dur\u00e9e de la formation: Deux ans. Pr\u00e9sentation de la formation Objectif de la formation L\u2019objectif de cette formation est de former des cadres capables [&hellip;]\" \/>\n<meta property=\"og:url\" content=\"https:\/\/www.univ-mila.dz\/?page_id=30253&amp;lang=fr\" \/>\n<meta property=\"og:site_name\" content=\"\u062c\u0627\u0645\u0639\u0629 \u0645\u064a\u0644\u0629\" \/>\n<meta property=\"article:publisher\" content=\"https:\/\/www.facebook.com\/univmila\/\" \/>\n<meta property=\"og:image\" content=\"https:\/\/www.univ-mila.dz\/wp-content\/uploads\/2020\/06\/Sciences-de-la-nature-et-de-la-vie-1.png\" \/>\n\t<meta property=\"og:image:width\" content=\"200\" \/>\n\t<meta property=\"og:image:height\" content=\"200\" \/>\n\t<meta property=\"og:image:type\" content=\"image\/png\" \/>\n<meta name=\"twitter:card\" content=\"summary_large_image\" \/>\n<meta name=\"twitter:site\" content=\"@univmila\" \/>\n<meta name=\"twitter:label1\" content=\"\u0648\u0642\u062a \u0627\u0644\u0642\u0631\u0627\u0621\u0629 \u0627\u0644\u0645\u064f\u0642\u062f\u0651\u0631\" \/>\n\t<meta name=\"twitter:data1\" content=\"3 \u062f\u0642\u0627\u0626\u0642\" \/>\n<script type=\"application\/ld+json\" class=\"yoast-schema-graph\">{\"@context\":\"https:\/\/schema.org\",\"@graph\":[{\"@type\":\"WebPage\",\"@id\":\"https:\/\/www.univ-mila.dz\/?page_id=30253&lang=fr\",\"url\":\"https:\/\/www.univ-mila.dz\/?page_id=30253&lang=fr\",\"name\":\"Sp\u00e9cialit\u00e9: Biotechnologie et Pathologie Mol\u00e9culaire - \u062c\u0627\u0645\u0639\u0629 \u0645\u064a\u0644\u0629\",\"isPartOf\":{\"@id\":\"https:\/\/www.univ-mila.dz\/#website\"},\"primaryImageOfPage\":{\"@id\":\"https:\/\/www.univ-mila.dz\/?page_id=30253&lang=fr#primaryimage\"},\"image\":{\"@id\":\"https:\/\/www.univ-mila.dz\/?page_id=30253&lang=fr#primaryimage\"},\"thumbnailUrl\":\"https:\/\/www.univ-mila.dz\/wp-content\/uploads\/2020\/06\/Sciences-de-la-nature-et-de-la-vie-1.png\",\"datePublished\":\"2025-01-15T10:02:22+00:00\",\"breadcrumb\":{\"@id\":\"https:\/\/www.univ-mila.dz\/?page_id=30253&lang=fr#breadcrumb\"},\"inLanguage\":\"ar\",\"potentialAction\":[{\"@type\":\"ReadAction\",\"target\":[\"https:\/\/www.univ-mila.dz\/?page_id=30253&lang=fr\"]}]},{\"@type\":\"ImageObject\",\"inLanguage\":\"ar\",\"@id\":\"https:\/\/www.univ-mila.dz\/?page_id=30253&lang=fr#primaryimage\",\"url\":\"https:\/\/www.univ-mila.dz\/wp-content\/uploads\/2020\/06\/Sciences-de-la-nature-et-de-la-vie-1.png\",\"contentUrl\":\"https:\/\/www.univ-mila.dz\/wp-content\/uploads\/2020\/06\/Sciences-de-la-nature-et-de-la-vie-1.png\",\"width\":200,\"height\":200},{\"@type\":\"BreadcrumbList\",\"@id\":\"https:\/\/www.univ-mila.dz\/?page_id=30253&lang=fr#breadcrumb\",\"itemListElement\":[{\"@type\":\"ListItem\",\"position\":1,\"name\":\"Offres de formation\",\"item\":\"https:\/\/www.univ-mila.dz\/?page_id=7868&lang=fr\"},{\"@type\":\"ListItem\",\"position\":2,\"name\":\"Domaine Sciences de la Nature et de la Vie\",\"item\":\"https:\/\/www.univ-mila.dz\/?page_id=7892&lang=fr\"},{\"@type\":\"ListItem\",\"position\":3,\"name\":\"Sp\u00e9cialit\u00e9: Biotechnologie et Pathologie Mol\u00e9culaire\"}]},{\"@type\":\"WebSite\",\"@id\":\"https:\/\/www.univ-mila.dz\/#website\",\"url\":\"https:\/\/www.univ-mila.dz\/\",\"name\":\"\u062c\u0627\u0645\u0639\u0629 \u0639\u0628\u062f \u0627\u0644\u062d\u0641\u064a\u0638 \u0628\u0648\u0627\u0644\u0635\u0648\u0641\",\"description\":\"\u0645\u064a\u0644\u0629\",\"publisher\":{\"@id\":\"https:\/\/www.univ-mila.dz\/#organization\"},\"potentialAction\":[{\"@type\":\"SearchAction\",\"target\":{\"@type\":\"EntryPoint\",\"urlTemplate\":\"https:\/\/www.univ-mila.dz\/?s={search_term_string}\"},\"query-input\":{\"@type\":\"PropertyValueSpecification\",\"valueRequired\":true,\"valueName\":\"search_term_string\"}}],\"inLanguage\":\"ar\"},{\"@type\":\"Organization\",\"@id\":\"https:\/\/www.univ-mila.dz\/#organization\",\"name\":\"\u062c\u0627\u0645\u0639\u0629 \u0639\u0628\u062f \u0627\u0644\u062d\u0641\u064a\u0638 \u0628\u0648\u0627\u0644\u0635\u0648\u0641 - \u0645\u064a\u0644\u0629\",\"url\":\"https:\/\/www.univ-mila.dz\/\",\"logo\":{\"@type\":\"ImageObject\",\"inLanguage\":\"ar\",\"@id\":\"https:\/\/www.univ-mila.dz\/#\/schema\/logo\/image\/\",\"url\":\"http:\/\/www.centre-univ-mila.dz\/wp-content\/uploads\/2019\/02\/1416395352cumtransparent.png\",\"contentUrl\":\"http:\/\/www.centre-univ-mila.dz\/wp-content\/uploads\/2019\/02\/1416395352cumtransparent.png\",\"width\":208,\"height\":268,\"caption\":\"\u062c\u0627\u0645\u0639\u0629 \u0639\u0628\u062f \u0627\u0644\u062d\u0641\u064a\u0638 \u0628\u0648\u0627\u0644\u0635\u0648\u0641 - \u0645\u064a\u0644\u0629\"},\"image\":{\"@id\":\"https:\/\/www.univ-mila.dz\/#\/schema\/logo\/image\/\"},\"sameAs\":[\"https:\/\/www.facebook.com\/univmila\/\",\"https:\/\/x.com\/univmila\",\"https:\/\/www.youtube.com\/channel\/UC9--lQO1WBvXm38B70e9u5w\"]}]}<\/script>\n<!-- \/ Yoast SEO plugin. -->","yoast_head_json":{"title":"Sp\u00e9cialit\u00e9: Biotechnologie et Pathologie Mol\u00e9culaire - \u062c\u0627\u0645\u0639\u0629 \u0645\u064a\u0644\u0629","robots":{"index":"index","follow":"follow","max-snippet":"max-snippet:-1","max-image-preview":"max-image-preview:large","max-video-preview":"max-video-preview:-1"},"canonical":"https:\/\/www.univ-mila.dz\/?page_id=30253&lang=fr","og_locale":"ar_AR","og_type":"article","og_title":"Sp\u00e9cialit\u00e9: Biotechnologie et Pathologie Mol\u00e9culaire - \u062c\u0627\u0645\u0639\u0629 \u0645\u064a\u0644\u0629","og_description":"Informations g\u00e9n\u00e9rales : 0793338452 : \/\/\/\/\/ : f.talhi@centre-univ-mila.dz Cycle: Master acad\u00e9mique. Domaine: Science de la Nature et de la Vie. Fili\u00e8re: Biotechnologie. Sp\u00e9cialit\u00e9 (Intitul\u00e9 de la formation): Biotechnologie et Pathologie Mol\u00e9culaire. Dur\u00e9e de la formation: Deux ans. Pr\u00e9sentation de la formation Objectif de la formation L\u2019objectif de cette formation est de former des cadres capables [&hellip;]","og_url":"https:\/\/www.univ-mila.dz\/?page_id=30253&lang=fr","og_site_name":"\u062c\u0627\u0645\u0639\u0629 \u0645\u064a\u0644\u0629","article_publisher":"https:\/\/www.facebook.com\/univmila\/","og_image":[{"width":200,"height":200,"url":"https:\/\/www.univ-mila.dz\/wp-content\/uploads\/2020\/06\/Sciences-de-la-nature-et-de-la-vie-1.png","type":"image\/png"}],"twitter_card":"summary_large_image","twitter_site":"@univmila","twitter_misc":{"\u0648\u0642\u062a \u0627\u0644\u0642\u0631\u0627\u0621\u0629 \u0627\u0644\u0645\u064f\u0642\u062f\u0651\u0631":"3 \u062f\u0642\u0627\u0626\u0642"},"schema":{"@context":"https:\/\/schema.org","@graph":[{"@type":"WebPage","@id":"https:\/\/www.univ-mila.dz\/?page_id=30253&lang=fr","url":"https:\/\/www.univ-mila.dz\/?page_id=30253&lang=fr","name":"Sp\u00e9cialit\u00e9: Biotechnologie et Pathologie Mol\u00e9culaire - \u062c\u0627\u0645\u0639\u0629 \u0645\u064a\u0644\u0629","isPartOf":{"@id":"https:\/\/www.univ-mila.dz\/#website"},"primaryImageOfPage":{"@id":"https:\/\/www.univ-mila.dz\/?page_id=30253&lang=fr#primaryimage"},"image":{"@id":"https:\/\/www.univ-mila.dz\/?page_id=30253&lang=fr#primaryimage"},"thumbnailUrl":"https:\/\/www.univ-mila.dz\/wp-content\/uploads\/2020\/06\/Sciences-de-la-nature-et-de-la-vie-1.png","datePublished":"2025-01-15T10:02:22+00:00","breadcrumb":{"@id":"https:\/\/www.univ-mila.dz\/?page_id=30253&lang=fr#breadcrumb"},"inLanguage":"ar","potentialAction":[{"@type":"ReadAction","target":["https:\/\/www.univ-mila.dz\/?page_id=30253&lang=fr"]}]},{"@type":"ImageObject","inLanguage":"ar","@id":"https:\/\/www.univ-mila.dz\/?page_id=30253&lang=fr#primaryimage","url":"https:\/\/www.univ-mila.dz\/wp-content\/uploads\/2020\/06\/Sciences-de-la-nature-et-de-la-vie-1.png","contentUrl":"https:\/\/www.univ-mila.dz\/wp-content\/uploads\/2020\/06\/Sciences-de-la-nature-et-de-la-vie-1.png","width":200,"height":200},{"@type":"BreadcrumbList","@id":"https:\/\/www.univ-mila.dz\/?page_id=30253&lang=fr#breadcrumb","itemListElement":[{"@type":"ListItem","position":1,"name":"Offres de formation","item":"https:\/\/www.univ-mila.dz\/?page_id=7868&lang=fr"},{"@type":"ListItem","position":2,"name":"Domaine Sciences de la Nature et de la Vie","item":"https:\/\/www.univ-mila.dz\/?page_id=7892&lang=fr"},{"@type":"ListItem","position":3,"name":"Sp\u00e9cialit\u00e9: Biotechnologie et Pathologie Mol\u00e9culaire"}]},{"@type":"WebSite","@id":"https:\/\/www.univ-mila.dz\/#website","url":"https:\/\/www.univ-mila.dz\/","name":"\u062c\u0627\u0645\u0639\u0629 \u0639\u0628\u062f \u0627\u0644\u062d\u0641\u064a\u0638 \u0628\u0648\u0627\u0644\u0635\u0648\u0641","description":"\u0645\u064a\u0644\u0629","publisher":{"@id":"https:\/\/www.univ-mila.dz\/#organization"},"potentialAction":[{"@type":"SearchAction","target":{"@type":"EntryPoint","urlTemplate":"https:\/\/www.univ-mila.dz\/?s={search_term_string}"},"query-input":{"@type":"PropertyValueSpecification","valueRequired":true,"valueName":"search_term_string"}}],"inLanguage":"ar"},{"@type":"Organization","@id":"https:\/\/www.univ-mila.dz\/#organization","name":"\u062c\u0627\u0645\u0639\u0629 \u0639\u0628\u062f \u0627\u0644\u062d\u0641\u064a\u0638 \u0628\u0648\u0627\u0644\u0635\u0648\u0641 - \u0645\u064a\u0644\u0629","url":"https:\/\/www.univ-mila.dz\/","logo":{"@type":"ImageObject","inLanguage":"ar","@id":"https:\/\/www.univ-mila.dz\/#\/schema\/logo\/image\/","url":"http:\/\/www.centre-univ-mila.dz\/wp-content\/uploads\/2019\/02\/1416395352cumtransparent.png","contentUrl":"http:\/\/www.centre-univ-mila.dz\/wp-content\/uploads\/2019\/02\/1416395352cumtransparent.png","width":208,"height":268,"caption":"\u062c\u0627\u0645\u0639\u0629 \u0639\u0628\u062f \u0627\u0644\u062d\u0641\u064a\u0638 \u0628\u0648\u0627\u0644\u0635\u0648\u0641 - \u0645\u064a\u0644\u0629"},"image":{"@id":"https:\/\/www.univ-mila.dz\/#\/schema\/logo\/image\/"},"sameAs":["https:\/\/www.facebook.com\/univmila\/","https:\/\/x.com\/univmila","https:\/\/www.youtube.com\/channel\/UC9--lQO1WBvXm38B70e9u5w"]}]}},"_links":{"self":[{"href":"https:\/\/www.univ-mila.dz\/index.php?rest_route=\/wp\/v2\/pages\/30253","targetHints":{"allow":["GET"]}}],"collection":[{"href":"https:\/\/www.univ-mila.dz\/index.php?rest_route=\/wp\/v2\/pages"}],"about":[{"href":"https:\/\/www.univ-mila.dz\/index.php?rest_route=\/wp\/v2\/types\/page"}],"author":[{"embeddable":true,"href":"https:\/\/www.univ-mila.dz\/index.php?rest_route=\/wp\/v2\/users\/4"}],"replies":[{"embeddable":true,"href":"https:\/\/www.univ-mila.dz\/index.php?rest_route=%2Fwp%2Fv2%2Fcomments&post=30253"}],"version-history":[{"count":1,"href":"https:\/\/www.univ-mila.dz\/index.php?rest_route=\/wp\/v2\/pages\/30253\/revisions"}],"predecessor-version":[{"id":30258,"href":"https:\/\/www.univ-mila.dz\/index.php?rest_route=\/wp\/v2\/pages\/30253\/revisions\/30258"}],"up":[{"embeddable":true,"href":"https:\/\/www.univ-mila.dz\/index.php?rest_route=\/wp\/v2\/pages\/7892"}],"wp:featuredmedia":[{"embeddable":true,"href":"https:\/\/www.univ-mila.dz\/index.php?rest_route=\/wp\/v2\/media\/7791"}],"wp:attachment":[{"href":"https:\/\/www.univ-mila.dz\/index.php?rest_route=%2Fwp%2Fv2%2Fmedia&parent=30253"}],"curies":[{"name":"wp","href":"https:\/\/api.w.org\/{rel}","templated":true}]}}