{"id":30219,"date":"2025-01-15T10:29:28","date_gmt":"2025-01-15T09:29:28","guid":{"rendered":"https:\/\/www.univ-mila.dz\/?page_id=30219"},"modified":"2025-01-15T11:20:27","modified_gmt":"2025-01-15T10:20:27","slug":"specialite-biodiversite-et-environnement","status":"publish","type":"page","link":"https:\/\/www.univ-mila.dz\/?page_id=30219&lang=fr","title":{"rendered":"Sp\u00e9cialit\u00e9:  Biodiversit\u00e9 et Environnement"},"content":{"rendered":"<p class=\"textheader\">Informations g\u00e9n\u00e9rales<\/p>\n<div class=\"noteright\">\n<p style=\"text-align: left;\" title=\"T\u00e9l\u00e9phone\"><i class=\"fa fa-phone\"><\/i>: <span style=\"color: #800000;\"><b>0666235715<\/b><\/span><\/p>\n<p style=\"text-align: left;\" title=\"Fax\"><i class=\"fa fa-fax\"><\/i>: <span style=\"color: #800000;\"><strong>\/<\/strong><\/span><\/p>\n<p style=\"text-align: left;\" title=\"Courriel\"><span style=\"color: #800000;\"><span style=\"color: #333333;\"><a style=\"color: #333333;\" href=\"mailto:ldouafer-univ-mila.dz@gmail.com\"><i class=\"fa fa-envelope\"><\/i>: <span style=\"color: #800000;\"><strong>ldouafer-univ-mila.dz<\/strong><\/span><\/a><\/span><strong>@gmail.com<\/strong><\/span><\/p>\n<\/div>\n<ul>\n<li><strong>Cycle<\/strong> : Master.<\/li>\n<li><strong>Domaine<\/strong> : Sciences de la Nature et de la Vie.<\/li>\n<li><strong>Fili\u00e8re<\/strong> : \u00c9cologie et Environnement.<\/li>\n<\/ul>\n<ul>\n<li><strong>Sp\u00e9cialit\u00e9<\/strong> (Intitul\u00e9 de la formation) : Biodiversit\u00e9 et Environnement.<\/li>\n<\/ul>\n<ul>\n<li><strong>Dur\u00e9e de la formation<\/strong> : 4 semestres (2 ans).<\/li>\n<\/ul>\n<p class=\"textheader\">Pr\u00e9sentation de la formation<\/p>\n<p class=\"smallheader\">Objectif de la formation<\/p>\n<p>Cette sp\u00e9cialit\u00e9 &#8220;Biodiversit\u00e9 et Environnement&#8221; propose aux \u00e9tudiants une formation pluridisciplinaire de niveau tr\u00e8s appr\u00e9ciable dans le domaine de l\u2019environnement, de la biodiversit\u00e9 et de l\u2019\u00e9cologie. Les \u00e9tudiants sont clairement orient\u00e9s vers le monde de la recherche ; ils acqui\u00e8rent des connaissances, des comp\u00e9tences, des ouvertures disciplinaires et un niveau d&#8217;autonomie permettant d\u2019aborder des probl\u00e9matiques li\u00e9es \u00e0 l\u2019individu, \u00e0 l\u2019esp\u00e8ce, aux populations, aux \u00e9cosyst\u00e8mes et aux paysages. Ils d\u00e9veloppent \u00e9galement des comp\u00e9tences en expertise, valorisation, gestion et conservation des \u00e9cosyst\u00e8mes et de la biodiversit\u00e9. Cette formation r\u00e9pond \u00e0 la demande du secteur socio-\u00e9conomique en orientant les connaissances fondamentales de l\u2019\u00e9tudiant vers des aspects pratiques et un savoir-faire, dans le but de participer pleinement et efficacement au d\u00e9veloppement durable sur le terrain. Elle vise \u00e0 garantir la fonction protectrice de notre environnement (\u00e9cosyst\u00e8mes) et de notre diversit\u00e9 biologique, \u00e0 cr\u00e9er une dynamique de recherche, et \u00e0 doter les futurs cadres des comp\u00e9tences requises pour comprendre et analyser l\u2019\u00e9volution des \u00e9cosyst\u00e8mes naturels.<\/p>\n<p class=\"smallheader\">Connaissances vis\u00e9es<\/p>\n<p><strong>La formation vise \u00e0 :<\/strong><\/p>\n<ul>\n<li>Ma\u00eetriser les concepts fondamentaux en \u00e9cologie, \u00e9cotoxicologie, environnement et biodiversit\u00e9.<\/li>\n<li>Analyser l\u2019\u00e9volution des \u00e9cosyst\u00e8mes naturels, assurer la conservation, la gestion et\/ou la restauration de la diversit\u00e9 biologique, des ressources naturelles et des \u00e9cosyst\u00e8mes naturels, ainsi qu\u2019\u00e0 d\u00e9velopper des strat\u00e9gies de gestion durable (valorisation et pr\u00e9servation).<\/li>\n<li>Permettre aux \u00e9tudiants d&#8217;acqu\u00e9rir des bases th\u00e9oriques et pratiques sur la diversit\u00e9 \u00e9cologique, la diversit\u00e9 des esp\u00e8ces et la diversit\u00e9 g\u00e9n\u00e9tique pour poursuivre des travaux de recherche.<\/li>\n<li>D\u00e9velopper des axes de recherche en collaboration avec des secteurs socio-\u00e9conomiques (\u00e9levage, environnement, agronomie, etc.) pour contribuer au d\u00e9veloppement durable du pays.<\/li>\n<\/ul>\n<p class=\"smallheader\">Projets de fin d\u2019\u00e9tude<\/p>\n<p>Les \u00e9tudiants r\u00e9alisent des stages pratiques et des projets (m\u00e9moires) ax\u00e9s sur des probl\u00e9matiques concernant la d\u00e9gradation de la qualit\u00e9 des \u00e9cosyst\u00e8mes et de l\u2019environnement, les menaces qui p\u00e8sent sur la biodiversit\u00e9 et la surexploitation des ressources naturelles. L&#8217;objectif est de trouver des solutions et des strat\u00e9gies de lutte contre ces menaces, de souligner une gestion durable pour la pr\u00e9servation de la biodiversit\u00e9 de la faune, de la flore et des \u00e9cosyst\u00e8mes, ainsi que de prot\u00e9ger l\u2019environnement de toute forme de d\u00e9gradation (pollution, toxicit\u00e9, etc.).<\/p>\n<p class=\"textheader\">Programme<\/p>\n<p><strong>Pour t\u00e9l\u00e9charger : <span style=\"color: #0000ff;\"><a style=\"color: #0000ff;\" href=\"https:\/\/www.univ-mila.dz\/wp-content\/uploads\/2025\/01\/Prg_MBioDE_FR.pdf\">Cliquez ici<\/a><\/span><\/strong><\/p>\n<p class=\"textheader\">Poursuite d&#8217;\u00e9tudes<\/p>\n<ul>\n<li>Doctorat dans le domaine de la biodiversit\u00e9 et de l\u2019environnement.<\/li>\n<\/ul>\n<p class=\"textheader\">D\u00e9bouch\u00e9s professionnels<\/p>\n<ul>\n<li>Enseignement et Recherche<\/li>\n<li>Enseignement secondaire<\/li>\n<li>\u00c9coles d\u2019ing\u00e9nieurs dans les domaines de la biologie, de l\u2019agronomie, de la foresterie ou de l\u2019environnement<\/li>\n<li>Minist\u00e8re de l\u2019Am\u00e9nagement du Territoire<\/li>\n<li>Minist\u00e8res de l\u2019environnement et de l\u2019agriculture<\/li>\n<li>M\u00e9tiers de la recherche dans les laboratoires de recherche et les centres de recherche li\u00e9s \u00e0 l\u2019environnement<\/li>\n<li>Bio-surveillance des zones \u00e0 risque environnemental<\/li>\n<li>Bureaux d\u2019\u00e9tudes, parcs nationaux, parcs naturels r\u00e9gionaux, r\u00e9serves naturelles, collectivit\u00e9s locales ou associatives, organismes de gestion de la flore et de la faune sauvage<\/li>\n<li>Services de protection de l\u2019environnement<\/li>\n<li>Secteurs des For\u00eats<\/li>\n<li>Direction de l\u2019environnement<\/li>\n<li>Direction des barrages<\/li>\n<li>Direction de l\u2019agriculture<\/li>\n<li>HCDS, Haut-commissariat de d\u00e9veloppement des steppes<\/li>\n<li>CRESTRA, Centre de recherche scientifique des zones arides<\/li>\n<li>BNEDER, Bureau national d\u2019\u00e9tude et d\u00e9veloppement rural<\/li>\n<li>INRF, Institut National de la Recherche Foresti\u00e8re<\/li>\n<\/ul>\n","protected":false},"excerpt":{"rendered":"<p>Informations g\u00e9n\u00e9rales : 0666235715 : \/ : ldouafer-univ-mila.dz@gmail.com Cycle : Master. Domaine : Sciences de la Nature et de la Vie. Fili\u00e8re : \u00c9cologie et Environnement. Sp\u00e9cialit\u00e9 (Intitul\u00e9 de la formation) : Biodiversit\u00e9 et Environnement. Dur\u00e9e de la formation : 4 semestres (2 ans). Pr\u00e9sentation de la formation Objectif de la formation Cette sp\u00e9cialit\u00e9 &#8220;Biodiversit\u00e9 [&hellip;]<\/p>\n","protected":false},"author":4,"featured_media":7791,"parent":7892,"menu_order":0,"comment_status":"closed","ping_status":"closed","template":"","meta":{"footnotes":""},"class_list":["post-30219","page","type-page","status-publish","has-post-thumbnail","hentry"],"yoast_head":"<!-- This site is optimized with the Yoast SEO plugin v26.3 - https:\/\/yoast.com\/wordpress\/plugins\/seo\/ -->\n<title>Sp\u00e9cialit\u00e9: Biodiversit\u00e9 et Environnement - \u062c\u0627\u0645\u0639\u0629 \u0645\u064a\u0644\u0629<\/title>\n<meta name=\"robots\" content=\"index, follow, max-snippet:-1, max-image-preview:large, max-video-preview:-1\" \/>\n<link rel=\"canonical\" href=\"https:\/\/www.univ-mila.dz\/?page_id=30219&lang=fr\" \/>\n<meta property=\"og:locale\" content=\"ar_AR\" \/>\n<meta property=\"og:type\" content=\"article\" \/>\n<meta property=\"og:title\" content=\"Sp\u00e9cialit\u00e9: Biodiversit\u00e9 et Environnement - \u062c\u0627\u0645\u0639\u0629 \u0645\u064a\u0644\u0629\" \/>\n<meta property=\"og:description\" content=\"Informations g\u00e9n\u00e9rales : 0666235715 : \/ : ldouafer-univ-mila.dz@gmail.com Cycle : Master. Domaine : Sciences de la Nature et de la Vie. Fili\u00e8re : \u00c9cologie et Environnement. Sp\u00e9cialit\u00e9 (Intitul\u00e9 de la formation) : Biodiversit\u00e9 et Environnement. Dur\u00e9e de la formation : 4 semestres (2 ans). Pr\u00e9sentation de la formation Objectif de la formation Cette sp\u00e9cialit\u00e9 &#8220;Biodiversit\u00e9 [&hellip;]\" \/>\n<meta property=\"og:url\" content=\"https:\/\/www.univ-mila.dz\/?page_id=30219&amp;lang=fr\" \/>\n<meta property=\"og:site_name\" content=\"\u062c\u0627\u0645\u0639\u0629 \u0645\u064a\u0644\u0629\" \/>\n<meta property=\"article:publisher\" content=\"https:\/\/www.facebook.com\/univmila\/\" \/>\n<meta property=\"article:modified_time\" content=\"2025-01-15T10:20:27+00:00\" \/>\n<meta property=\"og:image\" content=\"https:\/\/www.univ-mila.dz\/wp-content\/uploads\/2020\/06\/Sciences-de-la-nature-et-de-la-vie-1.png\" \/>\n\t<meta property=\"og:image:width\" content=\"200\" \/>\n\t<meta property=\"og:image:height\" content=\"200\" \/>\n\t<meta property=\"og:image:type\" content=\"image\/png\" \/>\n<meta name=\"twitter:card\" content=\"summary_large_image\" \/>\n<meta name=\"twitter:site\" content=\"@univmila\" \/>\n<meta name=\"twitter:label1\" content=\"\u0648\u0642\u062a \u0627\u0644\u0642\u0631\u0627\u0621\u0629 \u0627\u0644\u0645\u064f\u0642\u062f\u0651\u0631\" \/>\n\t<meta name=\"twitter:data1\" content=\"5 \u062f\u0642\u0627\u0626\u0642\" \/>\n<script type=\"application\/ld+json\" class=\"yoast-schema-graph\">{\"@context\":\"https:\/\/schema.org\",\"@graph\":[{\"@type\":\"WebPage\",\"@id\":\"https:\/\/www.univ-mila.dz\/?page_id=30219&lang=fr\",\"url\":\"https:\/\/www.univ-mila.dz\/?page_id=30219&lang=fr\",\"name\":\"Sp\u00e9cialit\u00e9: Biodiversit\u00e9 et Environnement - \u062c\u0627\u0645\u0639\u0629 \u0645\u064a\u0644\u0629\",\"isPartOf\":{\"@id\":\"https:\/\/www.univ-mila.dz\/#website\"},\"primaryImageOfPage\":{\"@id\":\"https:\/\/www.univ-mila.dz\/?page_id=30219&lang=fr#primaryimage\"},\"image\":{\"@id\":\"https:\/\/www.univ-mila.dz\/?page_id=30219&lang=fr#primaryimage\"},\"thumbnailUrl\":\"https:\/\/www.univ-mila.dz\/wp-content\/uploads\/2020\/06\/Sciences-de-la-nature-et-de-la-vie-1.png\",\"datePublished\":\"2025-01-15T09:29:28+00:00\",\"dateModified\":\"2025-01-15T10:20:27+00:00\",\"breadcrumb\":{\"@id\":\"https:\/\/www.univ-mila.dz\/?page_id=30219&lang=fr#breadcrumb\"},\"inLanguage\":\"ar\",\"potentialAction\":[{\"@type\":\"ReadAction\",\"target\":[\"https:\/\/www.univ-mila.dz\/?page_id=30219&lang=fr\"]}]},{\"@type\":\"ImageObject\",\"inLanguage\":\"ar\",\"@id\":\"https:\/\/www.univ-mila.dz\/?page_id=30219&lang=fr#primaryimage\",\"url\":\"https:\/\/www.univ-mila.dz\/wp-content\/uploads\/2020\/06\/Sciences-de-la-nature-et-de-la-vie-1.png\",\"contentUrl\":\"https:\/\/www.univ-mila.dz\/wp-content\/uploads\/2020\/06\/Sciences-de-la-nature-et-de-la-vie-1.png\",\"width\":200,\"height\":200},{\"@type\":\"BreadcrumbList\",\"@id\":\"https:\/\/www.univ-mila.dz\/?page_id=30219&lang=fr#breadcrumb\",\"itemListElement\":[{\"@type\":\"ListItem\",\"position\":1,\"name\":\"Offres de formation\",\"item\":\"https:\/\/www.univ-mila.dz\/?page_id=7868&lang=fr\"},{\"@type\":\"ListItem\",\"position\":2,\"name\":\"Domaine Sciences de la Nature et de la Vie\",\"item\":\"https:\/\/www.univ-mila.dz\/?page_id=7892&lang=fr\"},{\"@type\":\"ListItem\",\"position\":3,\"name\":\"Sp\u00e9cialit\u00e9: Biodiversit\u00e9 et Environnement\"}]},{\"@type\":\"WebSite\",\"@id\":\"https:\/\/www.univ-mila.dz\/#website\",\"url\":\"https:\/\/www.univ-mila.dz\/\",\"name\":\"\u062c\u0627\u0645\u0639\u0629 \u0639\u0628\u062f \u0627\u0644\u062d\u0641\u064a\u0638 \u0628\u0648\u0627\u0644\u0635\u0648\u0641\",\"description\":\"\u0645\u064a\u0644\u0629\",\"publisher\":{\"@id\":\"https:\/\/www.univ-mila.dz\/#organization\"},\"potentialAction\":[{\"@type\":\"SearchAction\",\"target\":{\"@type\":\"EntryPoint\",\"urlTemplate\":\"https:\/\/www.univ-mila.dz\/?s={search_term_string}\"},\"query-input\":{\"@type\":\"PropertyValueSpecification\",\"valueRequired\":true,\"valueName\":\"search_term_string\"}}],\"inLanguage\":\"ar\"},{\"@type\":\"Organization\",\"@id\":\"https:\/\/www.univ-mila.dz\/#organization\",\"name\":\"\u062c\u0627\u0645\u0639\u0629 \u0639\u0628\u062f \u0627\u0644\u062d\u0641\u064a\u0638 \u0628\u0648\u0627\u0644\u0635\u0648\u0641 - \u0645\u064a\u0644\u0629\",\"url\":\"https:\/\/www.univ-mila.dz\/\",\"logo\":{\"@type\":\"ImageObject\",\"inLanguage\":\"ar\",\"@id\":\"https:\/\/www.univ-mila.dz\/#\/schema\/logo\/image\/\",\"url\":\"http:\/\/www.centre-univ-mila.dz\/wp-content\/uploads\/2019\/02\/1416395352cumtransparent.png\",\"contentUrl\":\"http:\/\/www.centre-univ-mila.dz\/wp-content\/uploads\/2019\/02\/1416395352cumtransparent.png\",\"width\":208,\"height\":268,\"caption\":\"\u062c\u0627\u0645\u0639\u0629 \u0639\u0628\u062f \u0627\u0644\u062d\u0641\u064a\u0638 \u0628\u0648\u0627\u0644\u0635\u0648\u0641 - \u0645\u064a\u0644\u0629\"},\"image\":{\"@id\":\"https:\/\/www.univ-mila.dz\/#\/schema\/logo\/image\/\"},\"sameAs\":[\"https:\/\/www.facebook.com\/univmila\/\",\"https:\/\/x.com\/univmila\",\"https:\/\/www.youtube.com\/channel\/UC9--lQO1WBvXm38B70e9u5w\"]}]}<\/script>\n<!-- \/ Yoast SEO plugin. -->","yoast_head_json":{"title":"Sp\u00e9cialit\u00e9: Biodiversit\u00e9 et Environnement - \u062c\u0627\u0645\u0639\u0629 \u0645\u064a\u0644\u0629","robots":{"index":"index","follow":"follow","max-snippet":"max-snippet:-1","max-image-preview":"max-image-preview:large","max-video-preview":"max-video-preview:-1"},"canonical":"https:\/\/www.univ-mila.dz\/?page_id=30219&lang=fr","og_locale":"ar_AR","og_type":"article","og_title":"Sp\u00e9cialit\u00e9: Biodiversit\u00e9 et Environnement - \u062c\u0627\u0645\u0639\u0629 \u0645\u064a\u0644\u0629","og_description":"Informations g\u00e9n\u00e9rales : 0666235715 : \/ : ldouafer-univ-mila.dz@gmail.com Cycle : Master. Domaine : Sciences de la Nature et de la Vie. Fili\u00e8re : \u00c9cologie et Environnement. Sp\u00e9cialit\u00e9 (Intitul\u00e9 de la formation) : Biodiversit\u00e9 et Environnement. Dur\u00e9e de la formation : 4 semestres (2 ans). Pr\u00e9sentation de la formation Objectif de la formation Cette sp\u00e9cialit\u00e9 &#8220;Biodiversit\u00e9 [&hellip;]","og_url":"https:\/\/www.univ-mila.dz\/?page_id=30219&lang=fr","og_site_name":"\u062c\u0627\u0645\u0639\u0629 \u0645\u064a\u0644\u0629","article_publisher":"https:\/\/www.facebook.com\/univmila\/","article_modified_time":"2025-01-15T10:20:27+00:00","og_image":[{"width":200,"height":200,"url":"https:\/\/www.univ-mila.dz\/wp-content\/uploads\/2020\/06\/Sciences-de-la-nature-et-de-la-vie-1.png","type":"image\/png"}],"twitter_card":"summary_large_image","twitter_site":"@univmila","twitter_misc":{"\u0648\u0642\u062a \u0627\u0644\u0642\u0631\u0627\u0621\u0629 \u0627\u0644\u0645\u064f\u0642\u062f\u0651\u0631":"5 \u062f\u0642\u0627\u0626\u0642"},"schema":{"@context":"https:\/\/schema.org","@graph":[{"@type":"WebPage","@id":"https:\/\/www.univ-mila.dz\/?page_id=30219&lang=fr","url":"https:\/\/www.univ-mila.dz\/?page_id=30219&lang=fr","name":"Sp\u00e9cialit\u00e9: Biodiversit\u00e9 et Environnement - \u062c\u0627\u0645\u0639\u0629 \u0645\u064a\u0644\u0629","isPartOf":{"@id":"https:\/\/www.univ-mila.dz\/#website"},"primaryImageOfPage":{"@id":"https:\/\/www.univ-mila.dz\/?page_id=30219&lang=fr#primaryimage"},"image":{"@id":"https:\/\/www.univ-mila.dz\/?page_id=30219&lang=fr#primaryimage"},"thumbnailUrl":"https:\/\/www.univ-mila.dz\/wp-content\/uploads\/2020\/06\/Sciences-de-la-nature-et-de-la-vie-1.png","datePublished":"2025-01-15T09:29:28+00:00","dateModified":"2025-01-15T10:20:27+00:00","breadcrumb":{"@id":"https:\/\/www.univ-mila.dz\/?page_id=30219&lang=fr#breadcrumb"},"inLanguage":"ar","potentialAction":[{"@type":"ReadAction","target":["https:\/\/www.univ-mila.dz\/?page_id=30219&lang=fr"]}]},{"@type":"ImageObject","inLanguage":"ar","@id":"https:\/\/www.univ-mila.dz\/?page_id=30219&lang=fr#primaryimage","url":"https:\/\/www.univ-mila.dz\/wp-content\/uploads\/2020\/06\/Sciences-de-la-nature-et-de-la-vie-1.png","contentUrl":"https:\/\/www.univ-mila.dz\/wp-content\/uploads\/2020\/06\/Sciences-de-la-nature-et-de-la-vie-1.png","width":200,"height":200},{"@type":"BreadcrumbList","@id":"https:\/\/www.univ-mila.dz\/?page_id=30219&lang=fr#breadcrumb","itemListElement":[{"@type":"ListItem","position":1,"name":"Offres de formation","item":"https:\/\/www.univ-mila.dz\/?page_id=7868&lang=fr"},{"@type":"ListItem","position":2,"name":"Domaine Sciences de la Nature et de la Vie","item":"https:\/\/www.univ-mila.dz\/?page_id=7892&lang=fr"},{"@type":"ListItem","position":3,"name":"Sp\u00e9cialit\u00e9: Biodiversit\u00e9 et Environnement"}]},{"@type":"WebSite","@id":"https:\/\/www.univ-mila.dz\/#website","url":"https:\/\/www.univ-mila.dz\/","name":"\u062c\u0627\u0645\u0639\u0629 \u0639\u0628\u062f \u0627\u0644\u062d\u0641\u064a\u0638 \u0628\u0648\u0627\u0644\u0635\u0648\u0641","description":"\u0645\u064a\u0644\u0629","publisher":{"@id":"https:\/\/www.univ-mila.dz\/#organization"},"potentialAction":[{"@type":"SearchAction","target":{"@type":"EntryPoint","urlTemplate":"https:\/\/www.univ-mila.dz\/?s={search_term_string}"},"query-input":{"@type":"PropertyValueSpecification","valueRequired":true,"valueName":"search_term_string"}}],"inLanguage":"ar"},{"@type":"Organization","@id":"https:\/\/www.univ-mila.dz\/#organization","name":"\u062c\u0627\u0645\u0639\u0629 \u0639\u0628\u062f \u0627\u0644\u062d\u0641\u064a\u0638 \u0628\u0648\u0627\u0644\u0635\u0648\u0641 - \u0645\u064a\u0644\u0629","url":"https:\/\/www.univ-mila.dz\/","logo":{"@type":"ImageObject","inLanguage":"ar","@id":"https:\/\/www.univ-mila.dz\/#\/schema\/logo\/image\/","url":"http:\/\/www.centre-univ-mila.dz\/wp-content\/uploads\/2019\/02\/1416395352cumtransparent.png","contentUrl":"http:\/\/www.centre-univ-mila.dz\/wp-content\/uploads\/2019\/02\/1416395352cumtransparent.png","width":208,"height":268,"caption":"\u062c\u0627\u0645\u0639\u0629 \u0639\u0628\u062f \u0627\u0644\u062d\u0641\u064a\u0638 \u0628\u0648\u0627\u0644\u0635\u0648\u0641 - \u0645\u064a\u0644\u0629"},"image":{"@id":"https:\/\/www.univ-mila.dz\/#\/schema\/logo\/image\/"},"sameAs":["https:\/\/www.facebook.com\/univmila\/","https:\/\/x.com\/univmila","https:\/\/www.youtube.com\/channel\/UC9--lQO1WBvXm38B70e9u5w"]}]}},"_links":{"self":[{"href":"https:\/\/www.univ-mila.dz\/index.php?rest_route=\/wp\/v2\/pages\/30219","targetHints":{"allow":["GET"]}}],"collection":[{"href":"https:\/\/www.univ-mila.dz\/index.php?rest_route=\/wp\/v2\/pages"}],"about":[{"href":"https:\/\/www.univ-mila.dz\/index.php?rest_route=\/wp\/v2\/types\/page"}],"author":[{"embeddable":true,"href":"https:\/\/www.univ-mila.dz\/index.php?rest_route=\/wp\/v2\/users\/4"}],"replies":[{"embeddable":true,"href":"https:\/\/www.univ-mila.dz\/index.php?rest_route=%2Fwp%2Fv2%2Fcomments&post=30219"}],"version-history":[{"count":3,"href":"https:\/\/www.univ-mila.dz\/index.php?rest_route=\/wp\/v2\/pages\/30219\/revisions"}],"predecessor-version":[{"id":30275,"href":"https:\/\/www.univ-mila.dz\/index.php?rest_route=\/wp\/v2\/pages\/30219\/revisions\/30275"}],"up":[{"embeddable":true,"href":"https:\/\/www.univ-mila.dz\/index.php?rest_route=\/wp\/v2\/pages\/7892"}],"wp:featuredmedia":[{"embeddable":true,"href":"https:\/\/www.univ-mila.dz\/index.php?rest_route=\/wp\/v2\/media\/7791"}],"wp:attachment":[{"href":"https:\/\/www.univ-mila.dz\/index.php?rest_route=%2Fwp%2Fv2%2Fmedia&parent=30219"}],"curies":[{"name":"wp","href":"https:\/\/api.w.org\/{rel}","templated":true}]}}