{"id":30097,"date":"2025-01-13T10:56:37","date_gmt":"2025-01-13T09:56:37","guid":{"rendered":"https:\/\/www.univ-mila.dz\/?page_id=30097"},"modified":"2025-01-13T11:03:35","modified_gmt":"2025-01-13T10:03:35","slug":"specialite-agro-ecologie","status":"publish","type":"page","link":"https:\/\/www.univ-mila.dz\/?page_id=30097&lang=fr","title":{"rendered":"Sp\u00e9cialit\u00e9:  Agro-\u00c9cologie"},"content":{"rendered":"<p class=\"textheader\">Informations g\u00e9n\u00e9rales<\/p>\n<div class=\"noteright\">\n<p style=\"text-align: left;\" title=\"T\u00e9l\u00e9phone\"><i class=\"fa fa-phone\"><\/i>:<span style=\"color: #800000;\"><b>0697343092<\/b><\/span><\/p>\n<p style=\"text-align: left;\" title=\"Fax\"><i class=\"fa fa-fax\"><\/i>:<span style=\"color: #800000;\"><strong>\/<\/strong><\/span><\/p>\n<p style=\"text-align: left;\" title=\"Courriel\"><span style=\"color: #800000;\"><span style=\"color: #333333;\"><a style=\"color: #333333;\" href=\"mailto:h.brahmia@centre-univ-mila.dz\"><i class=\"fa fa-envelope\"><\/i>: <span style=\"color: #800000;\"><strong>h.brahmia<\/strong><\/span><\/a><\/span><strong>@centre-univ-mila.dz<\/strong><\/span><\/p>\n<\/div>\n<ul>\n<li><strong>Cycle<\/strong> : Licence.<\/li>\n<li><strong>Domaine<\/strong> : Sciences de la Nature et de la Vie.<\/li>\n<li><strong>Fili\u00e8re<\/strong> : \u00c9cologie et Environnement.<\/li>\n<li><strong>Sp\u00e9cialit\u00e9<\/strong> (Intitul\u00e9 de la formation) : Agro-\u00c9cologie.<\/li>\n<li><strong>Dur\u00e9e de la formation<\/strong> : 6 semestres (3 ans).<\/li>\n<\/ul>\n<p>&nbsp;<\/p>\n<p class=\"textheader\">Pr\u00e9sentation de la formation<\/p>\n<p class=\"smallheader\">Objectif de la formation<\/p>\n<p>Cette formation vise \u00e0 l\u2019acquisition des connaissances et des comp\u00e9tences n\u00e9cessaires permettant d\u2019effectuer une analyse et un diagnostic pour finalit\u00e9 la durabilit\u00e9 des productions agricoles en synergie avec les \u00e9cosyst\u00e8mes et la protection des espaces fragiles. Les \u00e9tudiants sont dot\u00e9s de comp\u00e9tences en mati\u00e8re de gestion du processus de transition et de d\u00e9veloppement d\u2019une agriculture respectant les \u00e9quilibres naturels. Ils acqui\u00e8rent une solide base interdisciplinaire pour leur permettre d\u2019int\u00e9grer une approche syst\u00e9mique dans leur pratique, notamment en croisant des disciplines souvent cloisonn\u00e9es (agronomie, \u00e9cologie, sociologie et \u00e9conomie). Les \u00e9tudiants apportent les connaissances et les capacit\u00e9s d\u2019innovation n\u00e9cessaires \u00e0 la r\u00e9orientation de l\u2019agriculture pour appr\u00e9hender les d\u00e9fis alimentaires, \u00e9cologiques et socio-\u00e9conomiques.<\/p>\n<p class=\"smallheader\">Connaissances vis\u00e9es<\/p>\n<p><strong>La formation vise \u00e0\u00a0:<\/strong><\/p>\n<ul>\n<li>Doter les \u00e9tudiants d\u2019une autonomie critique et l\u2019acquisition de capacit\u00e9s \u00e0 agir dans des \u00e9quipes interdisciplinaires.<\/li>\n<li>Comprendre la notion d\u2019agro-\u00e9cologie en s\u2019appuyant sur les processus \u00e9cologiques.<\/li>\n<li>L\u2019ensemble des enseignements (agronomie, \u00e9cologie, sociologie et \u00e9conomie) conf\u00e8rent aux futurs cadres un savoir-faire et une m\u00e9thodologie d\u2019approche leur permettant d\u2019assurer un certain nombre de t\u00e2ches, notamment :\n<ul>\n<li>Identifier et mobiliser les ressources naturelles.<\/li>\n<li>Concevoir et \u00e9laborer des plans de protection et de conservation des \u00e9cosyst\u00e8mes.<\/li>\n<li>Accompagner le monde agricole dans les mutations technico-\u00e9conomiques, soci\u00e9tales et environnementales.<\/li>\n<li>Assurer une gestion durable et respectueuse de l\u2019environnement.<\/li>\n<\/ul>\n<\/li>\n<li>Dans le domaine de l\u2019enseignement, les connaissances acquises en Agro-\u00c9cologie permettent \u00e0 l\u2019\u00e9tudiant d\u2019enseigner au secondaire ou dans la formation professionnelle.<\/li>\n<\/ul>\n<p class=\"smallheader\">Projets de fin d\u2019\u00e9tude<\/p>\n<p>Les \u00e9tudiants r\u00e9alisent des stages pratiques et des projets ax\u00e9s sur des probl\u00e9matiques d\u2019agro-\u00e9cologie, notamment l\u2019optimisation des rendements agricoles, l\u2019am\u00e9lioration des produits agricoles, ou le d\u00e9veloppement durable des exploitations.<\/p>\n<p class=\"textheader\">Programme<\/p>\n<p><strong>Pour t\u00e9l\u00e9charger :\u00a0 <span style=\"color: #0000ff;\"><a style=\"color: #0000ff;\" href=\"https:\/\/www.univ-mila.dz\/wp-content\/uploads\/2025\/01\/Prg_LAgr-Eco_FR.pdf\">cliquez ici<\/a><\/span><\/strong><\/p>\n<p class=\"textheader\">Poursuite d&#8217;\u00e9tudes<\/p>\n<ul>\n<li>Master 1 en Agro-\u00c9cologie<\/li>\n<li>Master 2 en Agro-\u00c9cologie<\/li>\n<\/ul>\n<p class=\"textheader\">D\u00e9bouch\u00e9s professionnels<\/p>\n<ul>\n<li>Industries agroalimentaires et pharmaceutiques<\/li>\n<li>Gestion des exploitations agricoles<\/li>\n<li>Laboratoires de recherche et d\u00e9veloppement<\/li>\n<li>Institutions publiques et priv\u00e9es (Directions agricoles, OAIC)<\/li>\n<li>Consultance en gestion de projets agricoles<\/li>\n<li>\u00c9ducation et sensibilisation<\/li>\n<li>Entrepreneuriat<\/li>\n<li>Organisations internationales<\/li>\n<\/ul>\n","protected":false},"excerpt":{"rendered":"<p>Informations g\u00e9n\u00e9rales :0697343092 :\/ : h.brahmia@centre-univ-mila.dz Cycle : Licence. Domaine : Sciences de la Nature et de la Vie. Fili\u00e8re : \u00c9cologie et Environnement. Sp\u00e9cialit\u00e9 (Intitul\u00e9 de la formation) : Agro-\u00c9cologie. Dur\u00e9e de la formation : 6 semestres (3 ans). &nbsp; Pr\u00e9sentation de la formation Objectif de la formation Cette formation vise \u00e0 l\u2019acquisition des [&hellip;]<\/p>\n","protected":false},"author":4,"featured_media":7791,"parent":7892,"menu_order":0,"comment_status":"closed","ping_status":"closed","template":"","meta":{"footnotes":""},"class_list":["post-30097","page","type-page","status-publish","has-post-thumbnail","hentry"],"yoast_head":"<!-- This site is optimized with the Yoast SEO plugin v26.3 - https:\/\/yoast.com\/wordpress\/plugins\/seo\/ -->\n<title>Sp\u00e9cialit\u00e9: Agro-\u00c9cologie - \u062c\u0627\u0645\u0639\u0629 \u0645\u064a\u0644\u0629<\/title>\n<meta name=\"robots\" content=\"index, follow, max-snippet:-1, max-image-preview:large, max-video-preview:-1\" \/>\n<link rel=\"canonical\" href=\"https:\/\/www.univ-mila.dz\/?page_id=30097&lang=fr\" \/>\n<meta property=\"og:locale\" content=\"ar_AR\" \/>\n<meta property=\"og:type\" content=\"article\" \/>\n<meta property=\"og:title\" content=\"Sp\u00e9cialit\u00e9: Agro-\u00c9cologie - \u062c\u0627\u0645\u0639\u0629 \u0645\u064a\u0644\u0629\" \/>\n<meta property=\"og:description\" content=\"Informations g\u00e9n\u00e9rales :0697343092 :\/ : h.brahmia@centre-univ-mila.dz Cycle : Licence. Domaine : Sciences de la Nature et de la Vie. Fili\u00e8re : \u00c9cologie et Environnement. Sp\u00e9cialit\u00e9 (Intitul\u00e9 de la formation) : Agro-\u00c9cologie. Dur\u00e9e de la formation : 6 semestres (3 ans). &nbsp; Pr\u00e9sentation de la formation Objectif de la formation Cette formation vise \u00e0 l\u2019acquisition des [&hellip;]\" \/>\n<meta property=\"og:url\" content=\"https:\/\/www.univ-mila.dz\/?page_id=30097&amp;lang=fr\" \/>\n<meta property=\"og:site_name\" content=\"\u062c\u0627\u0645\u0639\u0629 \u0645\u064a\u0644\u0629\" \/>\n<meta property=\"article:publisher\" content=\"https:\/\/www.facebook.com\/univmila\/\" \/>\n<meta property=\"article:modified_time\" content=\"2025-01-13T10:03:35+00:00\" \/>\n<meta property=\"og:image\" content=\"https:\/\/www.univ-mila.dz\/wp-content\/uploads\/2020\/06\/Sciences-de-la-nature-et-de-la-vie-1.png\" \/>\n\t<meta property=\"og:image:width\" content=\"200\" \/>\n\t<meta property=\"og:image:height\" content=\"200\" \/>\n\t<meta property=\"og:image:type\" content=\"image\/png\" \/>\n<meta name=\"twitter:card\" content=\"summary_large_image\" \/>\n<meta name=\"twitter:site\" content=\"@univmila\" \/>\n<meta name=\"twitter:label1\" content=\"\u0648\u0642\u062a \u0627\u0644\u0642\u0631\u0627\u0621\u0629 \u0627\u0644\u0645\u064f\u0642\u062f\u0651\u0631\" \/>\n\t<meta name=\"twitter:data1\" content=\"3 \u062f\u0642\u0627\u0626\u0642\" \/>\n<script type=\"application\/ld+json\" class=\"yoast-schema-graph\">{\"@context\":\"https:\/\/schema.org\",\"@graph\":[{\"@type\":\"WebPage\",\"@id\":\"https:\/\/www.univ-mila.dz\/?page_id=30097&lang=fr\",\"url\":\"https:\/\/www.univ-mila.dz\/?page_id=30097&lang=fr\",\"name\":\"Sp\u00e9cialit\u00e9: Agro-\u00c9cologie - \u062c\u0627\u0645\u0639\u0629 \u0645\u064a\u0644\u0629\",\"isPartOf\":{\"@id\":\"https:\/\/www.univ-mila.dz\/#website\"},\"primaryImageOfPage\":{\"@id\":\"https:\/\/www.univ-mila.dz\/?page_id=30097&lang=fr#primaryimage\"},\"image\":{\"@id\":\"https:\/\/www.univ-mila.dz\/?page_id=30097&lang=fr#primaryimage\"},\"thumbnailUrl\":\"https:\/\/www.univ-mila.dz\/wp-content\/uploads\/2020\/06\/Sciences-de-la-nature-et-de-la-vie-1.png\",\"datePublished\":\"2025-01-13T09:56:37+00:00\",\"dateModified\":\"2025-01-13T10:03:35+00:00\",\"breadcrumb\":{\"@id\":\"https:\/\/www.univ-mila.dz\/?page_id=30097&lang=fr#breadcrumb\"},\"inLanguage\":\"ar\",\"potentialAction\":[{\"@type\":\"ReadAction\",\"target\":[\"https:\/\/www.univ-mila.dz\/?page_id=30097&lang=fr\"]}]},{\"@type\":\"ImageObject\",\"inLanguage\":\"ar\",\"@id\":\"https:\/\/www.univ-mila.dz\/?page_id=30097&lang=fr#primaryimage\",\"url\":\"https:\/\/www.univ-mila.dz\/wp-content\/uploads\/2020\/06\/Sciences-de-la-nature-et-de-la-vie-1.png\",\"contentUrl\":\"https:\/\/www.univ-mila.dz\/wp-content\/uploads\/2020\/06\/Sciences-de-la-nature-et-de-la-vie-1.png\",\"width\":200,\"height\":200},{\"@type\":\"BreadcrumbList\",\"@id\":\"https:\/\/www.univ-mila.dz\/?page_id=30097&lang=fr#breadcrumb\",\"itemListElement\":[{\"@type\":\"ListItem\",\"position\":1,\"name\":\"Offres de formation\",\"item\":\"https:\/\/www.univ-mila.dz\/?page_id=7868&lang=fr\"},{\"@type\":\"ListItem\",\"position\":2,\"name\":\"Domaine Sciences de la Nature et de la Vie\",\"item\":\"https:\/\/www.univ-mila.dz\/?page_id=7892&lang=fr\"},{\"@type\":\"ListItem\",\"position\":3,\"name\":\"Sp\u00e9cialit\u00e9: Agro-\u00c9cologie\"}]},{\"@type\":\"WebSite\",\"@id\":\"https:\/\/www.univ-mila.dz\/#website\",\"url\":\"https:\/\/www.univ-mila.dz\/\",\"name\":\"\u062c\u0627\u0645\u0639\u0629 \u0639\u0628\u062f \u0627\u0644\u062d\u0641\u064a\u0638 \u0628\u0648\u0627\u0644\u0635\u0648\u0641\",\"description\":\"\u0645\u064a\u0644\u0629\",\"publisher\":{\"@id\":\"https:\/\/www.univ-mila.dz\/#organization\"},\"potentialAction\":[{\"@type\":\"SearchAction\",\"target\":{\"@type\":\"EntryPoint\",\"urlTemplate\":\"https:\/\/www.univ-mila.dz\/?s={search_term_string}\"},\"query-input\":{\"@type\":\"PropertyValueSpecification\",\"valueRequired\":true,\"valueName\":\"search_term_string\"}}],\"inLanguage\":\"ar\"},{\"@type\":\"Organization\",\"@id\":\"https:\/\/www.univ-mila.dz\/#organization\",\"name\":\"\u062c\u0627\u0645\u0639\u0629 \u0639\u0628\u062f \u0627\u0644\u062d\u0641\u064a\u0638 \u0628\u0648\u0627\u0644\u0635\u0648\u0641 - \u0645\u064a\u0644\u0629\",\"url\":\"https:\/\/www.univ-mila.dz\/\",\"logo\":{\"@type\":\"ImageObject\",\"inLanguage\":\"ar\",\"@id\":\"https:\/\/www.univ-mila.dz\/#\/schema\/logo\/image\/\",\"url\":\"http:\/\/www.centre-univ-mila.dz\/wp-content\/uploads\/2019\/02\/1416395352cumtransparent.png\",\"contentUrl\":\"http:\/\/www.centre-univ-mila.dz\/wp-content\/uploads\/2019\/02\/1416395352cumtransparent.png\",\"width\":208,\"height\":268,\"caption\":\"\u062c\u0627\u0645\u0639\u0629 \u0639\u0628\u062f \u0627\u0644\u062d\u0641\u064a\u0638 \u0628\u0648\u0627\u0644\u0635\u0648\u0641 - \u0645\u064a\u0644\u0629\"},\"image\":{\"@id\":\"https:\/\/www.univ-mila.dz\/#\/schema\/logo\/image\/\"},\"sameAs\":[\"https:\/\/www.facebook.com\/univmila\/\",\"https:\/\/x.com\/univmila\",\"https:\/\/www.youtube.com\/channel\/UC9--lQO1WBvXm38B70e9u5w\"]}]}<\/script>\n<!-- \/ Yoast SEO plugin. -->","yoast_head_json":{"title":"Sp\u00e9cialit\u00e9: Agro-\u00c9cologie - \u062c\u0627\u0645\u0639\u0629 \u0645\u064a\u0644\u0629","robots":{"index":"index","follow":"follow","max-snippet":"max-snippet:-1","max-image-preview":"max-image-preview:large","max-video-preview":"max-video-preview:-1"},"canonical":"https:\/\/www.univ-mila.dz\/?page_id=30097&lang=fr","og_locale":"ar_AR","og_type":"article","og_title":"Sp\u00e9cialit\u00e9: Agro-\u00c9cologie - \u062c\u0627\u0645\u0639\u0629 \u0645\u064a\u0644\u0629","og_description":"Informations g\u00e9n\u00e9rales :0697343092 :\/ : h.brahmia@centre-univ-mila.dz Cycle : Licence. Domaine : Sciences de la Nature et de la Vie. Fili\u00e8re : \u00c9cologie et Environnement. Sp\u00e9cialit\u00e9 (Intitul\u00e9 de la formation) : Agro-\u00c9cologie. Dur\u00e9e de la formation : 6 semestres (3 ans). &nbsp; Pr\u00e9sentation de la formation Objectif de la formation Cette formation vise \u00e0 l\u2019acquisition des [&hellip;]","og_url":"https:\/\/www.univ-mila.dz\/?page_id=30097&lang=fr","og_site_name":"\u062c\u0627\u0645\u0639\u0629 \u0645\u064a\u0644\u0629","article_publisher":"https:\/\/www.facebook.com\/univmila\/","article_modified_time":"2025-01-13T10:03:35+00:00","og_image":[{"width":200,"height":200,"url":"https:\/\/www.univ-mila.dz\/wp-content\/uploads\/2020\/06\/Sciences-de-la-nature-et-de-la-vie-1.png","type":"image\/png"}],"twitter_card":"summary_large_image","twitter_site":"@univmila","twitter_misc":{"\u0648\u0642\u062a \u0627\u0644\u0642\u0631\u0627\u0621\u0629 \u0627\u0644\u0645\u064f\u0642\u062f\u0651\u0631":"3 \u062f\u0642\u0627\u0626\u0642"},"schema":{"@context":"https:\/\/schema.org","@graph":[{"@type":"WebPage","@id":"https:\/\/www.univ-mila.dz\/?page_id=30097&lang=fr","url":"https:\/\/www.univ-mila.dz\/?page_id=30097&lang=fr","name":"Sp\u00e9cialit\u00e9: Agro-\u00c9cologie - \u062c\u0627\u0645\u0639\u0629 \u0645\u064a\u0644\u0629","isPartOf":{"@id":"https:\/\/www.univ-mila.dz\/#website"},"primaryImageOfPage":{"@id":"https:\/\/www.univ-mila.dz\/?page_id=30097&lang=fr#primaryimage"},"image":{"@id":"https:\/\/www.univ-mila.dz\/?page_id=30097&lang=fr#primaryimage"},"thumbnailUrl":"https:\/\/www.univ-mila.dz\/wp-content\/uploads\/2020\/06\/Sciences-de-la-nature-et-de-la-vie-1.png","datePublished":"2025-01-13T09:56:37+00:00","dateModified":"2025-01-13T10:03:35+00:00","breadcrumb":{"@id":"https:\/\/www.univ-mila.dz\/?page_id=30097&lang=fr#breadcrumb"},"inLanguage":"ar","potentialAction":[{"@type":"ReadAction","target":["https:\/\/www.univ-mila.dz\/?page_id=30097&lang=fr"]}]},{"@type":"ImageObject","inLanguage":"ar","@id":"https:\/\/www.univ-mila.dz\/?page_id=30097&lang=fr#primaryimage","url":"https:\/\/www.univ-mila.dz\/wp-content\/uploads\/2020\/06\/Sciences-de-la-nature-et-de-la-vie-1.png","contentUrl":"https:\/\/www.univ-mila.dz\/wp-content\/uploads\/2020\/06\/Sciences-de-la-nature-et-de-la-vie-1.png","width":200,"height":200},{"@type":"BreadcrumbList","@id":"https:\/\/www.univ-mila.dz\/?page_id=30097&lang=fr#breadcrumb","itemListElement":[{"@type":"ListItem","position":1,"name":"Offres de formation","item":"https:\/\/www.univ-mila.dz\/?page_id=7868&lang=fr"},{"@type":"ListItem","position":2,"name":"Domaine Sciences de la Nature et de la Vie","item":"https:\/\/www.univ-mila.dz\/?page_id=7892&lang=fr"},{"@type":"ListItem","position":3,"name":"Sp\u00e9cialit\u00e9: Agro-\u00c9cologie"}]},{"@type":"WebSite","@id":"https:\/\/www.univ-mila.dz\/#website","url":"https:\/\/www.univ-mila.dz\/","name":"\u062c\u0627\u0645\u0639\u0629 \u0639\u0628\u062f \u0627\u0644\u062d\u0641\u064a\u0638 \u0628\u0648\u0627\u0644\u0635\u0648\u0641","description":"\u0645\u064a\u0644\u0629","publisher":{"@id":"https:\/\/www.univ-mila.dz\/#organization"},"potentialAction":[{"@type":"SearchAction","target":{"@type":"EntryPoint","urlTemplate":"https:\/\/www.univ-mila.dz\/?s={search_term_string}"},"query-input":{"@type":"PropertyValueSpecification","valueRequired":true,"valueName":"search_term_string"}}],"inLanguage":"ar"},{"@type":"Organization","@id":"https:\/\/www.univ-mila.dz\/#organization","name":"\u062c\u0627\u0645\u0639\u0629 \u0639\u0628\u062f \u0627\u0644\u062d\u0641\u064a\u0638 \u0628\u0648\u0627\u0644\u0635\u0648\u0641 - \u0645\u064a\u0644\u0629","url":"https:\/\/www.univ-mila.dz\/","logo":{"@type":"ImageObject","inLanguage":"ar","@id":"https:\/\/www.univ-mila.dz\/#\/schema\/logo\/image\/","url":"http:\/\/www.centre-univ-mila.dz\/wp-content\/uploads\/2019\/02\/1416395352cumtransparent.png","contentUrl":"http:\/\/www.centre-univ-mila.dz\/wp-content\/uploads\/2019\/02\/1416395352cumtransparent.png","width":208,"height":268,"caption":"\u062c\u0627\u0645\u0639\u0629 \u0639\u0628\u062f \u0627\u0644\u062d\u0641\u064a\u0638 \u0628\u0648\u0627\u0644\u0635\u0648\u0641 - \u0645\u064a\u0644\u0629"},"image":{"@id":"https:\/\/www.univ-mila.dz\/#\/schema\/logo\/image\/"},"sameAs":["https:\/\/www.facebook.com\/univmila\/","https:\/\/x.com\/univmila","https:\/\/www.youtube.com\/channel\/UC9--lQO1WBvXm38B70e9u5w"]}]}},"_links":{"self":[{"href":"https:\/\/www.univ-mila.dz\/index.php?rest_route=\/wp\/v2\/pages\/30097","targetHints":{"allow":["GET"]}}],"collection":[{"href":"https:\/\/www.univ-mila.dz\/index.php?rest_route=\/wp\/v2\/pages"}],"about":[{"href":"https:\/\/www.univ-mila.dz\/index.php?rest_route=\/wp\/v2\/types\/page"}],"author":[{"embeddable":true,"href":"https:\/\/www.univ-mila.dz\/index.php?rest_route=\/wp\/v2\/users\/4"}],"replies":[{"embeddable":true,"href":"https:\/\/www.univ-mila.dz\/index.php?rest_route=%2Fwp%2Fv2%2Fcomments&post=30097"}],"version-history":[{"count":4,"href":"https:\/\/www.univ-mila.dz\/index.php?rest_route=\/wp\/v2\/pages\/30097\/revisions"}],"predecessor-version":[{"id":30104,"href":"https:\/\/www.univ-mila.dz\/index.php?rest_route=\/wp\/v2\/pages\/30097\/revisions\/30104"}],"up":[{"embeddable":true,"href":"https:\/\/www.univ-mila.dz\/index.php?rest_route=\/wp\/v2\/pages\/7892"}],"wp:featuredmedia":[{"embeddable":true,"href":"https:\/\/www.univ-mila.dz\/index.php?rest_route=\/wp\/v2\/media\/7791"}],"wp:attachment":[{"href":"https:\/\/www.univ-mila.dz\/index.php?rest_route=%2Fwp%2Fv2%2Fmedia&parent=30097"}],"curies":[{"name":"wp","href":"https:\/\/api.w.org\/{rel}","templated":true}]}}