{"id":29964,"date":"2024-12-18T11:29:13","date_gmt":"2024-12-18T10:29:13","guid":{"rendered":"https:\/\/www.univ-mila.dz\/?page_id=29964"},"modified":"2024-12-18T11:38:08","modified_gmt":"2024-12-18T10:38:08","slug":"mobilite-a-court-terme-a-letranger","status":"publish","type":"page","link":"https:\/\/www.univ-mila.dz\/?page_id=29964&lang=fr","title":{"rendered":"Mobilit\u00e9 \u00e0 court terme \u00e0 l&#8217;\u00e9tranger"},"content":{"rendered":"<p class=\"textheader\">Crit\u00e8res de s\u00e9lection pour l&#8217;admission au programme de mobilit\u00e9 de courte dur\u00e9e \u00e0 l&#8217;\u00e9tranger<\/p>\n<p>&#8211; Conform\u00e9ment au d\u00e9cret pr\u00e9sidentiel n\u00b0 14-196 du 08 Ramadan 1435 correspondant au 06 juillet 2014, portant organisation et gestion de la formation et de l&#8217;am\u00e9lioration des comp\u00e9tences \u00e0 l&#8217;\u00e9tranger (<a href=\"https:\/\/www.univ-mila.dz\/wp-content\/uploads\/2024\/12\/\u0645\u0631\u0633\u0648\u0645-\u0631\u0626\u0627\u0633\u064a-\u0631\u0642\u0645-14-196.pdf\"><img loading=\"lazy\" decoding=\"async\" class=\"alignnone wp-image-628\" src=\"https:\/\/www.univ-mila.dz\/wp-content\/uploads\/2019\/06\/pdf.png\" sizes=\"auto, (max-width: 32px) 100vw, 32px\" srcset=\"https:\/\/www.univ-mila.dz\/wp-content\/uploads\/2019\/06\/pdf.png 69w, https:\/\/www.univ-mila.dz\/wp-content\/uploads\/2019\/06\/pdf-50x50.png 50w\" alt=\"\" width=\"32\" height=\"32\" \/><\/a>)<br \/>\n&#8211; En vertu de l&#8217;arr\u00eat\u00e9 minist\u00e9riel n\u00b0 255 du 25 f\u00e9vrier 2024, d\u00e9finissant les crit\u00e8res de s\u00e9lection pour l&#8217;admission au programme de mobilit\u00e9 de courte dur\u00e9e et d&#8217;am\u00e9lioration des comp\u00e9tences \u00e0 l&#8217;\u00e9tranger (<a href=\"https:\/\/www.univ-mila.dz\/wp-content\/uploads\/2024\/12\/\u0642\u0631\u0627\u0631-\u0631\u0642\u0645-255-\u0627\u0644\u0645\u0624\u0631\u062e-\u0641\u064a-25-\u0641\u064a\u0641\u0631\u064a-2024-\u0627\u0644\u0630\u064a-\u064a\u062d\u062f\u062f-\u0645\u0639\u0627\u064a\u064a\u0631-\u0627\u0644\u0627\u0646\u062a\u0642\u0627\u0621-\u0644\u0644\u0642\u0628\u0648\u0644-\u0641\u064a-\u0628\u0631\u0646\u0627\u0645\u062c-\u0627\u0644\u062d\u0631\u0643\u064a\u0629-\u0642\u0635\u064a\u0631\u0629-\u0627\u0644\u0645\u062f\u0649-\u0641\u064a-\u0627\u0644\u062e\u0627\u0631\u062c-.pdf\"><img loading=\"lazy\" decoding=\"async\" class=\"alignnone wp-image-628\" src=\"https:\/\/www.univ-mila.dz\/wp-content\/uploads\/2019\/06\/pdf.png\" sizes=\"auto, (max-width: 32px) 100vw, 32px\" srcset=\"https:\/\/www.univ-mila.dz\/wp-content\/uploads\/2019\/06\/pdf.png 69w, https:\/\/www.univ-mila.dz\/wp-content\/uploads\/2019\/06\/pdf-50x50.png 50w\" alt=\"\" width=\"32\" height=\"32\" \/><\/a>)<\/p>\n<p class=\"textheader\">1- Stages d&#8217;am\u00e9lioration des comp\u00e9tences \u00e0 l&#8217;\u00e9tranger<\/p>\n<p>Pour la cat\u00e9gorie des ma\u00eetres assistants, des ma\u00eetres assistants hospitalo-universitaires, des doctorants non salari\u00e9s et des r\u00e9sidents en sciences m\u00e9dicales.<\/p>\n<p class=\"textheader\">2- S\u00e9jours scientifiques de courte dur\u00e9e de haut niveau \u00e0 l&#8217;\u00e9tranger<\/p>\n<p>Pour la cat\u00e9gorie des professeurs d&#8217;enseignement sup\u00e9rieur, des ma\u00eetres de conf\u00e9rences classes &#8220;A&#8221; et &#8220;B&#8221;.<\/p>\n<p class=\"textheader\">3- Manifestations scientifiques internationales class\u00e9es et index\u00e9es dans les bases de donn\u00e9es internationales<\/p>\n<p>Pour la cat\u00e9gorie des professeurs d&#8217;enseignement sup\u00e9rieur, des ma\u00eetres de conf\u00e9rences, des ma\u00eetres assistants, des doctorants non salari\u00e9s et des r\u00e9sidents en sciences m\u00e9dicales.<\/p>\n<p class=\"textheader\">Bar\u00e8me d&#8217;\u00e9valuation<\/p>\n<p>\u2022 Bar\u00e8me d&#8217;\u00e9valuation annex\u00e9 \u00e0 l&#8217;arr\u00eat\u00e9 255 d\u00e9finissant les crit\u00e8res de s\u00e9lection pour l&#8217;admission au programme d&#8217;am\u00e9lioration des comp\u00e9tences \u00e0 l&#8217;\u00e9tranger \u2013 r\u00e9serv\u00e9 \u00e0 la cat\u00e9gorie des fonctionnaires administratifs et techniques (<a href=\"https:\/\/www.univ-mila.dz\/wp-content\/uploads\/2024\/12\/\u0633\u0644\u0645-\u062a\u0642\u064a\u064a\u0645-\u0645\u062e\u0635\u0635-\u0644\u0641\u0626\u0629-\u0627\u0644\u0645\u0648\u0638\u0641\u064a\u0646-\u0627\u0644\u0625\u062f\u0627\u0631\u064a\u064a\u0646-\u0648\u0627\u0644\u062a\u0642\u0646\u064a\u064a\u0646-\u0628\u0627\u0644\u0645\u0624\u0633\u0633\u0627\u062a-\u0627\u0644\u062c\u0627\u0645\u0639\u064a\u0629-\u0648\u0627\u0644\u0645\u062f\u0627\u0631\u0633.pdf\"><img loading=\"lazy\" decoding=\"async\" class=\"alignnone wp-image-628\" src=\"https:\/\/www.univ-mila.dz\/wp-content\/uploads\/2019\/06\/pdf.png\" sizes=\"auto, (max-width: 32px) 100vw, 32px\" srcset=\"https:\/\/www.univ-mila.dz\/wp-content\/uploads\/2019\/06\/pdf.png 69w, https:\/\/www.univ-mila.dz\/wp-content\/uploads\/2019\/06\/pdf-50x50.png 50w\" alt=\"\" width=\"32\" height=\"32\" \/><\/a>)<br \/>\n\u2022 Bar\u00e8me d&#8217;\u00e9valuation annex\u00e9 \u00e0 l&#8217;arr\u00eat\u00e9 255 d\u00e9finissant les crit\u00e8res de s\u00e9lection pour l&#8217;admission au programme d&#8217;am\u00e9lioration des comp\u00e9tences \u00e0 l&#8217;\u00e9tranger \u2013 Stage d&#8217;am\u00e9lioration des comp\u00e9tences \u00e0 l&#8217;\u00e9tranger (<a href=\"https:\/\/www.univ-mila.dz\/wp-content\/uploads\/2024\/12\/\u0633\u0644\u0645-\u062a\u0642\u064a\u064a\u0645-\u062a\u0631\u0628\u0635-\u062a\u062d\u0633\u064a\u0646-\u0627\u0644\u0645\u0633\u062a\u0648\u0649-\u0628\u0627\u0644\u062e\u0627\u0631\u062c-\u062e\u0627\u0635-\u0628\u0627\u0644\u0645\u0624\u0633\u0633\u0627\u062a-\u0627\u0644\u062c\u0627\u0645\u0639\u064a\u0629-\u0648\u0627\u0644\u0645\u062f\u0627\u0631\u0633.pdf\"><img loading=\"lazy\" decoding=\"async\" class=\"alignnone wp-image-628\" src=\"https:\/\/www.univ-mila.dz\/wp-content\/uploads\/2019\/06\/pdf.png\" sizes=\"auto, (max-width: 32px) 100vw, 32px\" srcset=\"https:\/\/www.univ-mila.dz\/wp-content\/uploads\/2019\/06\/pdf.png 69w, https:\/\/www.univ-mila.dz\/wp-content\/uploads\/2019\/06\/pdf-50x50.png 50w\" alt=\"\" width=\"32\" height=\"32\" \/><\/a>)<br \/>\n\u2022 Bar\u00e8me d&#8217;\u00e9valuation annex\u00e9 \u00e0 l&#8217;arr\u00eat\u00e9 255 d\u00e9finissant les crit\u00e8res de s\u00e9lection pour l&#8217;admission au programme d&#8217;am\u00e9lioration des comp\u00e9tences \u00e0 l&#8217;\u00e9tranger \u2013 S\u00e9jour scientifique de courte dur\u00e9e de haut niveau (<a href=\"https:\/\/www.univ-mila.dz\/wp-content\/uploads\/2024\/12\/\u0633\u0644\u0645-\u062a\u0642\u064a\u064a\u0645-\u0627\u0644\u0627\u0642\u0627\u0645\u0629-\u0627\u0644\u0639\u0644\u0645\u064a\u0629-\u0642\u0635\u064a\u0631\u0629-\u0627\u0644\u0645\u062f\u0649-\u0630\u0627\u062a-\u0627\u0644\u0645\u0633\u062a\u0648\u0649-\u0627\u0644\u0639\u0627\u0644\u064a-\u062e\u0627\u0635-\u0628\u0627\u0644\u0645\u0624\u0633\u0633\u0627\u062a-\u0627\u0644\u062c\u0627\u0645\u0639\u064a\u0629-\u0648\u0627\u0644\u0645\u062f\u0627\u0631\u0633.pdf\"><img loading=\"lazy\" decoding=\"async\" class=\"alignnone wp-image-628\" src=\"https:\/\/www.univ-mila.dz\/wp-content\/uploads\/2019\/06\/pdf.png\" sizes=\"auto, (max-width: 32px) 100vw, 32px\" srcset=\"https:\/\/www.univ-mila.dz\/wp-content\/uploads\/2019\/06\/pdf.png 69w, https:\/\/www.univ-mila.dz\/wp-content\/uploads\/2019\/06\/pdf-50x50.png 50w\" alt=\"\" width=\"32\" height=\"32\" \/><\/a>)<br \/>\n\u2022 Bar\u00e8me d&#8217;\u00e9valuation annex\u00e9 \u00e0 l&#8217;arr\u00eat\u00e9 255 d\u00e9finissant les crit\u00e8res de s\u00e9lection pour l&#8217;admission au programme d&#8217;am\u00e9lioration des comp\u00e9tences \u00e0 l&#8217;\u00e9tranger \u2013 Participation aux manifestations scientifiques internationales (<a href=\"https:\/\/www.univ-mila.dz\/wp-content\/uploads\/2024\/12\/\u0633\u0644\u0645-\u062a\u0642\u064a\u064a\u0645-\u0644\u0644\u0645\u0634\u0627\u0631\u0643\u0629-\u0641\u064a-\u0627\u0644\u062a\u0638\u0627\u0647\u0631\u0627\u062a-\u0627\u0644\u0639\u0644\u0645\u064a\u0629-\u0627\u0644\u062f\u0648\u0644\u064a\u0629-\u062e\u0627\u0635-\u0628\u0627\u0644\u0645\u0624\u0633\u0633\u0627\u062a-\u0627\u0644\u062c\u0627\u0645\u0639\u064a\u0629-\u0648\u0627\u0644\u0645\u062f\u0627\u0631\u0633.pdf\"><img loading=\"lazy\" decoding=\"async\" class=\"alignnone wp-image-628\" src=\"https:\/\/www.univ-mila.dz\/wp-content\/uploads\/2019\/06\/pdf.png\" sizes=\"auto, (max-width: 32px) 100vw, 32px\" srcset=\"https:\/\/www.univ-mila.dz\/wp-content\/uploads\/2019\/06\/pdf.png 69w, https:\/\/www.univ-mila.dz\/wp-content\/uploads\/2019\/06\/pdf-50x50.png 50w\" alt=\"\" width=\"32\" height=\"32\" \/><\/a><\/p>\n","protected":false},"excerpt":{"rendered":"<p>Crit\u00e8res de s\u00e9lection pour l&#8217;admission au programme de mobilit\u00e9 de courte dur\u00e9e \u00e0 l&#8217;\u00e9tranger &#8211; Conform\u00e9ment au d\u00e9cret pr\u00e9sidentiel n\u00b0 14-196 du 08 Ramadan 1435 correspondant au 06 juillet 2014, portant organisation et gestion de la formation et de l&#8217;am\u00e9lioration des comp\u00e9tences \u00e0 l&#8217;\u00e9tranger () &#8211; En vertu de l&#8217;arr\u00eat\u00e9 minist\u00e9riel n\u00b0 255 du 25 [&hellip;]<\/p>\n","protected":false},"author":4,"featured_media":0,"parent":0,"menu_order":0,"comment_status":"closed","ping_status":"closed","template":"","meta":{"footnotes":""},"class_list":["post-29964","page","type-page","status-publish","hentry"],"yoast_head":"<!-- This site is optimized with the Yoast SEO plugin v26.3 - https:\/\/yoast.com\/wordpress\/plugins\/seo\/ -->\n<title>Mobilit\u00e9 \u00e0 court terme \u00e0 l&#039;\u00e9tranger - \u062c\u0627\u0645\u0639\u0629 \u0645\u064a\u0644\u0629<\/title>\n<meta name=\"robots\" content=\"index, follow, max-snippet:-1, max-image-preview:large, max-video-preview:-1\" \/>\n<link rel=\"canonical\" href=\"https:\/\/www.univ-mila.dz\/?page_id=29964&lang=fr\" \/>\n<meta property=\"og:locale\" content=\"ar_AR\" \/>\n<meta property=\"og:type\" content=\"article\" \/>\n<meta property=\"og:title\" content=\"Mobilit\u00e9 \u00e0 court terme \u00e0 l&#039;\u00e9tranger - \u062c\u0627\u0645\u0639\u0629 \u0645\u064a\u0644\u0629\" \/>\n<meta property=\"og:description\" content=\"Crit\u00e8res de s\u00e9lection pour l&#8217;admission au programme de mobilit\u00e9 de courte dur\u00e9e \u00e0 l&#8217;\u00e9tranger &#8211; Conform\u00e9ment au d\u00e9cret pr\u00e9sidentiel n\u00b0 14-196 du 08 Ramadan 1435 correspondant au 06 juillet 2014, portant organisation et gestion de la formation et de l&#8217;am\u00e9lioration des comp\u00e9tences \u00e0 l&#8217;\u00e9tranger () &#8211; En vertu de l&#8217;arr\u00eat\u00e9 minist\u00e9riel n\u00b0 255 du 25 [&hellip;]\" \/>\n<meta property=\"og:url\" content=\"https:\/\/www.univ-mila.dz\/?page_id=29964&amp;lang=fr\" \/>\n<meta property=\"og:site_name\" content=\"\u062c\u0627\u0645\u0639\u0629 \u0645\u064a\u0644\u0629\" \/>\n<meta property=\"article:publisher\" content=\"https:\/\/www.facebook.com\/univmila\/\" \/>\n<meta property=\"article:modified_time\" content=\"2024-12-18T10:38:08+00:00\" \/>\n<meta property=\"og:image\" content=\"https:\/\/www.univ-mila.dz\/wp-content\/uploads\/2019\/06\/pdf.png\" \/>\n<meta name=\"twitter:card\" content=\"summary_large_image\" \/>\n<meta name=\"twitter:site\" content=\"@univmila\" \/>\n<meta name=\"twitter:label1\" content=\"\u0648\u0642\u062a \u0627\u0644\u0642\u0631\u0627\u0621\u0629 \u0627\u0644\u0645\u064f\u0642\u062f\u0651\u0631\" \/>\n\t<meta name=\"twitter:data1\" content=\"4 \u062f\u0642\u0627\u0626\u0642\" \/>\n<script type=\"application\/ld+json\" class=\"yoast-schema-graph\">{\"@context\":\"https:\/\/schema.org\",\"@graph\":[{\"@type\":\"WebPage\",\"@id\":\"https:\/\/www.univ-mila.dz\/?page_id=29964&lang=fr\",\"url\":\"https:\/\/www.univ-mila.dz\/?page_id=29964&lang=fr\",\"name\":\"Mobilit\u00e9 \u00e0 court terme \u00e0 l'\u00e9tranger - \u062c\u0627\u0645\u0639\u0629 \u0645\u064a\u0644\u0629\",\"isPartOf\":{\"@id\":\"https:\/\/www.univ-mila.dz\/#website\"},\"primaryImageOfPage\":{\"@id\":\"https:\/\/www.univ-mila.dz\/?page_id=29964&lang=fr#primaryimage\"},\"image\":{\"@id\":\"https:\/\/www.univ-mila.dz\/?page_id=29964&lang=fr#primaryimage\"},\"thumbnailUrl\":\"https:\/\/www.univ-mila.dz\/wp-content\/uploads\/2019\/06\/pdf.png\",\"datePublished\":\"2024-12-18T10:29:13+00:00\",\"dateModified\":\"2024-12-18T10:38:08+00:00\",\"inLanguage\":\"ar\",\"potentialAction\":[{\"@type\":\"ReadAction\",\"target\":[\"https:\/\/www.univ-mila.dz\/?page_id=29964&lang=fr\"]}]},{\"@type\":\"ImageObject\",\"inLanguage\":\"ar\",\"@id\":\"https:\/\/www.univ-mila.dz\/?page_id=29964&lang=fr#primaryimage\",\"url\":\"https:\/\/www.univ-mila.dz\/wp-content\/uploads\/2019\/06\/pdf.png\",\"contentUrl\":\"https:\/\/www.univ-mila.dz\/wp-content\/uploads\/2019\/06\/pdf.png\",\"width\":69,\"height\":69},{\"@type\":\"WebSite\",\"@id\":\"https:\/\/www.univ-mila.dz\/#website\",\"url\":\"https:\/\/www.univ-mila.dz\/\",\"name\":\"\u062c\u0627\u0645\u0639\u0629 \u0639\u0628\u062f \u0627\u0644\u062d\u0641\u064a\u0638 \u0628\u0648\u0627\u0644\u0635\u0648\u0641\",\"description\":\"\u0645\u064a\u0644\u0629\",\"publisher\":{\"@id\":\"https:\/\/www.univ-mila.dz\/#organization\"},\"potentialAction\":[{\"@type\":\"SearchAction\",\"target\":{\"@type\":\"EntryPoint\",\"urlTemplate\":\"https:\/\/www.univ-mila.dz\/?s={search_term_string}\"},\"query-input\":{\"@type\":\"PropertyValueSpecification\",\"valueRequired\":true,\"valueName\":\"search_term_string\"}}],\"inLanguage\":\"ar\"},{\"@type\":\"Organization\",\"@id\":\"https:\/\/www.univ-mila.dz\/#organization\",\"name\":\"\u062c\u0627\u0645\u0639\u0629 \u0639\u0628\u062f \u0627\u0644\u062d\u0641\u064a\u0638 \u0628\u0648\u0627\u0644\u0635\u0648\u0641 - \u0645\u064a\u0644\u0629\",\"url\":\"https:\/\/www.univ-mila.dz\/\",\"logo\":{\"@type\":\"ImageObject\",\"inLanguage\":\"ar\",\"@id\":\"https:\/\/www.univ-mila.dz\/#\/schema\/logo\/image\/\",\"url\":\"http:\/\/www.centre-univ-mila.dz\/wp-content\/uploads\/2019\/02\/1416395352cumtransparent.png\",\"contentUrl\":\"http:\/\/www.centre-univ-mila.dz\/wp-content\/uploads\/2019\/02\/1416395352cumtransparent.png\",\"width\":208,\"height\":268,\"caption\":\"\u062c\u0627\u0645\u0639\u0629 \u0639\u0628\u062f \u0627\u0644\u062d\u0641\u064a\u0638 \u0628\u0648\u0627\u0644\u0635\u0648\u0641 - \u0645\u064a\u0644\u0629\"},\"image\":{\"@id\":\"https:\/\/www.univ-mila.dz\/#\/schema\/logo\/image\/\"},\"sameAs\":[\"https:\/\/www.facebook.com\/univmila\/\",\"https:\/\/x.com\/univmila\",\"https:\/\/www.youtube.com\/channel\/UC9--lQO1WBvXm38B70e9u5w\"]}]}<\/script>\n<!-- \/ Yoast SEO plugin. -->","yoast_head_json":{"title":"Mobilit\u00e9 \u00e0 court terme \u00e0 l'\u00e9tranger - \u062c\u0627\u0645\u0639\u0629 \u0645\u064a\u0644\u0629","robots":{"index":"index","follow":"follow","max-snippet":"max-snippet:-1","max-image-preview":"max-image-preview:large","max-video-preview":"max-video-preview:-1"},"canonical":"https:\/\/www.univ-mila.dz\/?page_id=29964&lang=fr","og_locale":"ar_AR","og_type":"article","og_title":"Mobilit\u00e9 \u00e0 court terme \u00e0 l'\u00e9tranger - \u062c\u0627\u0645\u0639\u0629 \u0645\u064a\u0644\u0629","og_description":"Crit\u00e8res de s\u00e9lection pour l&#8217;admission au programme de mobilit\u00e9 de courte dur\u00e9e \u00e0 l&#8217;\u00e9tranger &#8211; Conform\u00e9ment au d\u00e9cret pr\u00e9sidentiel n\u00b0 14-196 du 08 Ramadan 1435 correspondant au 06 juillet 2014, portant organisation et gestion de la formation et de l&#8217;am\u00e9lioration des comp\u00e9tences \u00e0 l&#8217;\u00e9tranger () &#8211; En vertu de l&#8217;arr\u00eat\u00e9 minist\u00e9riel n\u00b0 255 du 25 [&hellip;]","og_url":"https:\/\/www.univ-mila.dz\/?page_id=29964&lang=fr","og_site_name":"\u062c\u0627\u0645\u0639\u0629 \u0645\u064a\u0644\u0629","article_publisher":"https:\/\/www.facebook.com\/univmila\/","article_modified_time":"2024-12-18T10:38:08+00:00","og_image":[{"url":"https:\/\/www.univ-mila.dz\/wp-content\/uploads\/2019\/06\/pdf.png","type":"","width":"","height":""}],"twitter_card":"summary_large_image","twitter_site":"@univmila","twitter_misc":{"\u0648\u0642\u062a \u0627\u0644\u0642\u0631\u0627\u0621\u0629 \u0627\u0644\u0645\u064f\u0642\u062f\u0651\u0631":"4 \u062f\u0642\u0627\u0626\u0642"},"schema":{"@context":"https:\/\/schema.org","@graph":[{"@type":"WebPage","@id":"https:\/\/www.univ-mila.dz\/?page_id=29964&lang=fr","url":"https:\/\/www.univ-mila.dz\/?page_id=29964&lang=fr","name":"Mobilit\u00e9 \u00e0 court terme \u00e0 l'\u00e9tranger - \u062c\u0627\u0645\u0639\u0629 \u0645\u064a\u0644\u0629","isPartOf":{"@id":"https:\/\/www.univ-mila.dz\/#website"},"primaryImageOfPage":{"@id":"https:\/\/www.univ-mila.dz\/?page_id=29964&lang=fr#primaryimage"},"image":{"@id":"https:\/\/www.univ-mila.dz\/?page_id=29964&lang=fr#primaryimage"},"thumbnailUrl":"https:\/\/www.univ-mila.dz\/wp-content\/uploads\/2019\/06\/pdf.png","datePublished":"2024-12-18T10:29:13+00:00","dateModified":"2024-12-18T10:38:08+00:00","inLanguage":"ar","potentialAction":[{"@type":"ReadAction","target":["https:\/\/www.univ-mila.dz\/?page_id=29964&lang=fr"]}]},{"@type":"ImageObject","inLanguage":"ar","@id":"https:\/\/www.univ-mila.dz\/?page_id=29964&lang=fr#primaryimage","url":"https:\/\/www.univ-mila.dz\/wp-content\/uploads\/2019\/06\/pdf.png","contentUrl":"https:\/\/www.univ-mila.dz\/wp-content\/uploads\/2019\/06\/pdf.png","width":69,"height":69},{"@type":"WebSite","@id":"https:\/\/www.univ-mila.dz\/#website","url":"https:\/\/www.univ-mila.dz\/","name":"\u062c\u0627\u0645\u0639\u0629 \u0639\u0628\u062f \u0627\u0644\u062d\u0641\u064a\u0638 \u0628\u0648\u0627\u0644\u0635\u0648\u0641","description":"\u0645\u064a\u0644\u0629","publisher":{"@id":"https:\/\/www.univ-mila.dz\/#organization"},"potentialAction":[{"@type":"SearchAction","target":{"@type":"EntryPoint","urlTemplate":"https:\/\/www.univ-mila.dz\/?s={search_term_string}"},"query-input":{"@type":"PropertyValueSpecification","valueRequired":true,"valueName":"search_term_string"}}],"inLanguage":"ar"},{"@type":"Organization","@id":"https:\/\/www.univ-mila.dz\/#organization","name":"\u062c\u0627\u0645\u0639\u0629 \u0639\u0628\u062f \u0627\u0644\u062d\u0641\u064a\u0638 \u0628\u0648\u0627\u0644\u0635\u0648\u0641 - \u0645\u064a\u0644\u0629","url":"https:\/\/www.univ-mila.dz\/","logo":{"@type":"ImageObject","inLanguage":"ar","@id":"https:\/\/www.univ-mila.dz\/#\/schema\/logo\/image\/","url":"http:\/\/www.centre-univ-mila.dz\/wp-content\/uploads\/2019\/02\/1416395352cumtransparent.png","contentUrl":"http:\/\/www.centre-univ-mila.dz\/wp-content\/uploads\/2019\/02\/1416395352cumtransparent.png","width":208,"height":268,"caption":"\u062c\u0627\u0645\u0639\u0629 \u0639\u0628\u062f \u0627\u0644\u062d\u0641\u064a\u0638 \u0628\u0648\u0627\u0644\u0635\u0648\u0641 - \u0645\u064a\u0644\u0629"},"image":{"@id":"https:\/\/www.univ-mila.dz\/#\/schema\/logo\/image\/"},"sameAs":["https:\/\/www.facebook.com\/univmila\/","https:\/\/x.com\/univmila","https:\/\/www.youtube.com\/channel\/UC9--lQO1WBvXm38B70e9u5w"]}]}},"_links":{"self":[{"href":"https:\/\/www.univ-mila.dz\/index.php?rest_route=\/wp\/v2\/pages\/29964","targetHints":{"allow":["GET"]}}],"collection":[{"href":"https:\/\/www.univ-mila.dz\/index.php?rest_route=\/wp\/v2\/pages"}],"about":[{"href":"https:\/\/www.univ-mila.dz\/index.php?rest_route=\/wp\/v2\/types\/page"}],"author":[{"embeddable":true,"href":"https:\/\/www.univ-mila.dz\/index.php?rest_route=\/wp\/v2\/users\/4"}],"replies":[{"embeddable":true,"href":"https:\/\/www.univ-mila.dz\/index.php?rest_route=%2Fwp%2Fv2%2Fcomments&post=29964"}],"version-history":[{"count":8,"href":"https:\/\/www.univ-mila.dz\/index.php?rest_route=\/wp\/v2\/pages\/29964\/revisions"}],"predecessor-version":[{"id":29975,"href":"https:\/\/www.univ-mila.dz\/index.php?rest_route=\/wp\/v2\/pages\/29964\/revisions\/29975"}],"wp:attachment":[{"href":"https:\/\/www.univ-mila.dz\/index.php?rest_route=%2Fwp%2Fv2%2Fmedia&parent=29964"}],"curies":[{"name":"wp","href":"https:\/\/api.w.org\/{rel}","templated":true}]}}