{"id":29729,"date":"2024-12-08T10:10:06","date_gmt":"2024-12-08T09:10:06","guid":{"rendered":"https:\/\/www.univ-mila.dz\/?page_id=29729"},"modified":"2024-12-08T10:33:34","modified_gmt":"2024-12-08T09:33:34","slug":"specialite-mathematiques-appliquees","status":"publish","type":"page","link":"https:\/\/www.univ-mila.dz\/?page_id=29729&lang=fr","title":{"rendered":"Sp\u00e9cialit\u00e9: Mod\u00e9lisation math\u00e9matiques et technique de d\u00e9cision"},"content":{"rendered":"<p class=\"textheader\">Informations g\u00e9n\u00e9rales<\/p>\n<div class=\"noteright\">\n<p title=\"T\u00e9l\u00e9phone\"><i class=\"fa fa-phone\"><\/i><span style=\"color: #800000;\">:<strong>&#8230;&#8230;&#8230;&#8230;&#8230;&#8230;&#8230;&#8230;&#8230;&#8230;&#8230;&#8230;&#8230;&#8230;.<\/strong><\/span><\/p>\n<p title=\"Fax\"><i class=\"fa fa-fax\"><\/i><span style=\"color: #800000;\">:<strong>&#8230;&#8230;&#8230;&#8230;&#8230;&#8230;&#8230;&#8230;&#8230;&#8230;&#8230;&#8230;&#8230;&#8230;.<\/strong><\/span><\/p>\n<p title=\"Courriel\"><i class=\"fa fa-envelope\"><\/i><span style=\"color: #800000;\">:<strong>&#8230;&#8230;&#8230;&#8230;&#8230;&#8230;&#8230;&#8230;&#8230;&#8230;&#8230;&#8230;&#8230;&#8230;.<\/strong><\/span><\/p>\n<\/div>\n<ul>\n<li><strong>Cycle<\/strong> : Master.<\/li>\n<li><strong>Domaine<\/strong> : Math\u00e9matiques et Informatique.<\/li>\n<li><strong>Fili\u00e8re<\/strong> : Math\u00e9matiques Appliqu\u00e9es.<\/li>\n<li><strong>Sp\u00e9cialit\u00e9 (Intitul\u00e9 de la formation)<\/strong> : Mod\u00e9lisation math\u00e9matiques et technique de d\u00e9cision.<\/li>\n<li><strong>Dur\u00e9e de la formation<\/strong> : 4 semestres.<\/li>\n<\/ul>\n<p>&nbsp;<\/p>\n<p class=\"textheader\">Pr\u00e9sentation de la formation<\/p>\n<p class=\"smallheader\">Objectif de la formation<\/p>\n<p>L\u2019offre de formation Master en math\u00e9matiques appliqu\u00e9es s\u2019inscrit dans le cadre des r\u00e9formes engag\u00e9es en Alg\u00e9rie, qui s\u2019articule sur le d\u00e9veloppement des relations entre l\u2019enseignement sup\u00e9rieur, en particulier les math\u00e9matiques appliqu\u00e9es, et le secteur socio-\u00e9conomique.<br \/>\n\u2022 Ainsi, l\u2019enjeu majeur est concr\u00e9tiser l\u2019ad\u00e9quation formation-emploi.<br \/>\n\u2022 L\u2019\u00e9tudiant devra se familiariser et acqu\u00e9rir les notions de base en math\u00e9matiques appliqu\u00e9es sup\u00e9rieures n\u00e9cessaires pour pr\u00e9parer un doctorat ou pour enseigner.<br \/>\n\u2022 Outre ces comp\u00e9tences, l\u2019\u00e9tudiant devra acqu\u00e9rir une bonne ma\u00eetrise des outils d\u2019aide \u00e0 la d\u00e9cision avec une capacit\u00e9 \u00e0 mener des travaux \u00e0 caract\u00e8re pluridisciplinaire qui lui permettent d\u2019aborder une profession dans des services de gestion, \u00e9tudes statistiques et autres, ou la cr\u00e9ation des startups et des micro-entreprises sp\u00e9cialis\u00e9s, tels que les soci\u00e9t\u00e9s de conseils et bureaux d&#8217;\u00e9tudes, les soci\u00e9t\u00e9s de service notamment sp\u00e9cialis\u00e9es dans le d\u00e9cisionnel &#8230; etc.<br \/>\n\u2022 L\u2019enseignement est semestriel. L\u2019ann\u00e9e comporte donc deux semestres S1 et S2 de 15 semaines environ chacun.<br \/>\n\u2022 L\u2019\u00e9tudiant construit son ann\u00e9e \u00e0 partir des UE fondamentales, transversales et de d\u00e9couverte de telle sorte que chaque semestre repr\u00e9sente 30 cr\u00e9dits (ECTS).<\/p>\n<p class=\"smallheader\">Connaissances vis\u00e9es<\/p>\n<ul>\n<li>Manipuler des th\u00e9ories \u00e9labor\u00e9es en math\u00e9matiques appliqu\u00e9es, dans le but d&#8217;un approfondissement ult\u00e9rieur ou de leur<\/li>\n<li>transmission dans le cadre d&#8217;une situation professionnelle. Faire preuve d&#8217;intuition, d&#8217;imagination et d&#8217;opini\u00e2tret\u00e9 dans la r\u00e9solution des probl\u00e8mes.<\/li>\n<li>Construire et r\u00e9diger une d\u00e9monstration math\u00e9matique synth\u00e9tique et rigoureuse.<\/li>\n<li>\u00c9laborer et programmer des algorithmes fondamentaux de calcul scientifique.<\/li>\n<li>Manipuler les principaux mod\u00e8les math\u00e9matiques intervenant dans diff\u00e9rentes disciplines ou applications en sciences du vivant, en physique, en m\u00e9canique et en \u00e9conomie.<\/li>\n<li>R\u00e9fl\u00e9chir, raisonner, calculer, faire des hypoth\u00e8ses et les analyser rigoureusement.<\/li>\n<li>Comprendre les mod\u00e8les existants et en \u00e9laborer de nouveaux, en v\u00e9rifier la coh\u00e9rence interne et la pertinence, les appliquer.<\/li>\n<\/ul>\n<p class=\"smallheader\">Projets de fin d\u2019\u00e9tude<\/p>\n<p>Travail d\u2019initiation \u00e0 la recherche ou un Stage en entreprise sanctionn\u00e9 par un m\u00e9moire et une soutenance.<\/p>\n<p class=\"textheader\">Programme<\/p>\n<p><strong>Pour telecharger <span style=\"color: #800000;\">PDF<\/span>:\u00a0 <span style=\"color: #0000ff;\"><a style=\"color: #0000ff;\" href=\"https:\/\/www.univ-mila.dz\/wp-content\/uploads\/2020\/12\/Prg_MMA_FR.pdf\">cliquez ici<\/a><\/span><\/strong><\/p>\n<p class=\"textheader\">Etudes et d\u00e9bouch\u00e9s potentiels<\/p>\n<ul>\n<li>Doctorat en Math\u00e9matiques Appliqu\u00e9es<\/li>\n<li>Doctorat en Math\u00e9matiques Financi\u00e8re<\/li>\n<li>Doctorat en Math\u00e9matique<\/li>\n<\/ul>\n<p class=\"textheader\">D\u00e9bouch\u00e9s professionnels<\/p>\n<p>Outre le d\u00e9bouch\u00e9 professionnel traditionnel qui est l\u2019enseignement dans le secondaire, ce master ouvre les portes \u00e0 une formation en doctorat en math\u00e9matiques ou en math\u00e9matiques appliqu\u00e9es. Cette formation permettent aux dipl\u00f4m\u00e9s d\u2019aborder une profession dans des services de gestion, \u00e9tudes statistiques et autres, en outre elle va stimuler la cr\u00e9ation des startups et des micro-entreprises sp\u00e9cialis\u00e9s, tels que les soci\u00e9t\u00e9s de conseils et bureaux d&#8217;\u00e9tudes, les soci\u00e9t\u00e9s de service notamment sp\u00e9cialis\u00e9es dans le d\u00e9cisionnel &#8230; etc.<\/p>\n<p>&nbsp;<\/p>\n","protected":false},"excerpt":{"rendered":"<p>Informations g\u00e9n\u00e9rales :&#8230;&#8230;&#8230;&#8230;&#8230;&#8230;&#8230;&#8230;&#8230;&#8230;&#8230;&#8230;&#8230;&#8230;. :&#8230;&#8230;&#8230;&#8230;&#8230;&#8230;&#8230;&#8230;&#8230;&#8230;&#8230;&#8230;&#8230;&#8230;. :&#8230;&#8230;&#8230;&#8230;&#8230;&#8230;&#8230;&#8230;&#8230;&#8230;&#8230;&#8230;&#8230;&#8230;. Cycle : Master. Domaine : Math\u00e9matiques et Informatique. Fili\u00e8re : Math\u00e9matiques Appliqu\u00e9es. Sp\u00e9cialit\u00e9 (Intitul\u00e9 de la formation) : Mod\u00e9lisation math\u00e9matiques et technique de d\u00e9cision. Dur\u00e9e de la formation : 4 semestres. &nbsp; Pr\u00e9sentation de la formation Objectif de la formation L\u2019offre de formation Master en math\u00e9matiques appliqu\u00e9es s\u2019inscrit dans le [&hellip;]<\/p>\n","protected":false},"author":4,"featured_media":7785,"parent":0,"menu_order":0,"comment_status":"closed","ping_status":"closed","template":"","meta":{"footnotes":""},"class_list":["post-29729","page","type-page","status-publish","has-post-thumbnail","hentry"],"yoast_head":"<!-- This site is optimized with the Yoast SEO plugin v26.3 - https:\/\/yoast.com\/wordpress\/plugins\/seo\/ -->\n<title>Sp\u00e9cialit\u00e9: Mod\u00e9lisation math\u00e9matiques et technique de d\u00e9cision - \u062c\u0627\u0645\u0639\u0629 \u0645\u064a\u0644\u0629<\/title>\n<meta name=\"robots\" content=\"index, follow, max-snippet:-1, max-image-preview:large, max-video-preview:-1\" \/>\n<link rel=\"canonical\" href=\"https:\/\/www.univ-mila.dz\/?page_id=29729&lang=fr\" \/>\n<meta property=\"og:locale\" content=\"ar_AR\" \/>\n<meta property=\"og:type\" content=\"article\" \/>\n<meta property=\"og:title\" content=\"Sp\u00e9cialit\u00e9: Mod\u00e9lisation math\u00e9matiques et technique de d\u00e9cision - \u062c\u0627\u0645\u0639\u0629 \u0645\u064a\u0644\u0629\" \/>\n<meta property=\"og:description\" content=\"Informations g\u00e9n\u00e9rales :&#8230;&#8230;&#8230;&#8230;&#8230;&#8230;&#8230;&#8230;&#8230;&#8230;&#8230;&#8230;&#8230;&#8230;. :&#8230;&#8230;&#8230;&#8230;&#8230;&#8230;&#8230;&#8230;&#8230;&#8230;&#8230;&#8230;&#8230;&#8230;. :&#8230;&#8230;&#8230;&#8230;&#8230;&#8230;&#8230;&#8230;&#8230;&#8230;&#8230;&#8230;&#8230;&#8230;. Cycle : Master. Domaine : Math\u00e9matiques et Informatique. Fili\u00e8re : Math\u00e9matiques Appliqu\u00e9es. Sp\u00e9cialit\u00e9 (Intitul\u00e9 de la formation) : Mod\u00e9lisation math\u00e9matiques et technique de d\u00e9cision. Dur\u00e9e de la formation : 4 semestres. &nbsp; Pr\u00e9sentation de la formation Objectif de la formation L\u2019offre de formation Master en math\u00e9matiques appliqu\u00e9es s\u2019inscrit dans le [&hellip;]\" \/>\n<meta property=\"og:url\" content=\"https:\/\/www.univ-mila.dz\/?page_id=29729&amp;lang=fr\" \/>\n<meta property=\"og:site_name\" content=\"\u062c\u0627\u0645\u0639\u0629 \u0645\u064a\u0644\u0629\" \/>\n<meta property=\"article:publisher\" content=\"https:\/\/www.facebook.com\/univmila\/\" \/>\n<meta property=\"article:modified_time\" content=\"2024-12-08T09:33:34+00:00\" \/>\n<meta property=\"og:image\" content=\"https:\/\/www.univ-mila.dz\/wp-content\/uploads\/2020\/06\/Informatique-1.png\" \/>\n\t<meta property=\"og:image:width\" content=\"200\" \/>\n\t<meta property=\"og:image:height\" content=\"200\" \/>\n\t<meta property=\"og:image:type\" content=\"image\/png\" \/>\n<meta name=\"twitter:card\" content=\"summary_large_image\" \/>\n<meta name=\"twitter:site\" content=\"@univmila\" \/>\n<meta name=\"twitter:label1\" content=\"\u0648\u0642\u062a \u0627\u0644\u0642\u0631\u0627\u0621\u0629 \u0627\u0644\u0645\u064f\u0642\u062f\u0651\u0631\" \/>\n\t<meta name=\"twitter:data1\" content=\"4 \u062f\u0642\u0627\u0626\u0642\" \/>\n<script type=\"application\/ld+json\" class=\"yoast-schema-graph\">{\"@context\":\"https:\/\/schema.org\",\"@graph\":[{\"@type\":\"WebPage\",\"@id\":\"https:\/\/www.univ-mila.dz\/?page_id=29729&lang=fr\",\"url\":\"https:\/\/www.univ-mila.dz\/?page_id=29729&lang=fr\",\"name\":\"Sp\u00e9cialit\u00e9: Mod\u00e9lisation math\u00e9matiques et technique de d\u00e9cision - \u062c\u0627\u0645\u0639\u0629 \u0645\u064a\u0644\u0629\",\"isPartOf\":{\"@id\":\"https:\/\/www.univ-mila.dz\/#website\"},\"primaryImageOfPage\":{\"@id\":\"https:\/\/www.univ-mila.dz\/?page_id=29729&lang=fr#primaryimage\"},\"image\":{\"@id\":\"https:\/\/www.univ-mila.dz\/?page_id=29729&lang=fr#primaryimage\"},\"thumbnailUrl\":\"https:\/\/www.univ-mila.dz\/wp-content\/uploads\/2020\/06\/Informatique-1.png\",\"datePublished\":\"2024-12-08T09:10:06+00:00\",\"dateModified\":\"2024-12-08T09:33:34+00:00\",\"inLanguage\":\"ar\",\"potentialAction\":[{\"@type\":\"ReadAction\",\"target\":[\"https:\/\/www.univ-mila.dz\/?page_id=29729&lang=fr\"]}]},{\"@type\":\"ImageObject\",\"inLanguage\":\"ar\",\"@id\":\"https:\/\/www.univ-mila.dz\/?page_id=29729&lang=fr#primaryimage\",\"url\":\"https:\/\/www.univ-mila.dz\/wp-content\/uploads\/2020\/06\/Informatique-1.png\",\"contentUrl\":\"https:\/\/www.univ-mila.dz\/wp-content\/uploads\/2020\/06\/Informatique-1.png\",\"width\":200,\"height\":200},{\"@type\":\"WebSite\",\"@id\":\"https:\/\/www.univ-mila.dz\/#website\",\"url\":\"https:\/\/www.univ-mila.dz\/\",\"name\":\"\u062c\u0627\u0645\u0639\u0629 \u0639\u0628\u062f \u0627\u0644\u062d\u0641\u064a\u0638 \u0628\u0648\u0627\u0644\u0635\u0648\u0641\",\"description\":\"\u0645\u064a\u0644\u0629\",\"publisher\":{\"@id\":\"https:\/\/www.univ-mila.dz\/#organization\"},\"potentialAction\":[{\"@type\":\"SearchAction\",\"target\":{\"@type\":\"EntryPoint\",\"urlTemplate\":\"https:\/\/www.univ-mila.dz\/?s={search_term_string}\"},\"query-input\":{\"@type\":\"PropertyValueSpecification\",\"valueRequired\":true,\"valueName\":\"search_term_string\"}}],\"inLanguage\":\"ar\"},{\"@type\":\"Organization\",\"@id\":\"https:\/\/www.univ-mila.dz\/#organization\",\"name\":\"\u062c\u0627\u0645\u0639\u0629 \u0639\u0628\u062f \u0627\u0644\u062d\u0641\u064a\u0638 \u0628\u0648\u0627\u0644\u0635\u0648\u0641 - \u0645\u064a\u0644\u0629\",\"url\":\"https:\/\/www.univ-mila.dz\/\",\"logo\":{\"@type\":\"ImageObject\",\"inLanguage\":\"ar\",\"@id\":\"https:\/\/www.univ-mila.dz\/#\/schema\/logo\/image\/\",\"url\":\"http:\/\/www.centre-univ-mila.dz\/wp-content\/uploads\/2019\/02\/1416395352cumtransparent.png\",\"contentUrl\":\"http:\/\/www.centre-univ-mila.dz\/wp-content\/uploads\/2019\/02\/1416395352cumtransparent.png\",\"width\":208,\"height\":268,\"caption\":\"\u062c\u0627\u0645\u0639\u0629 \u0639\u0628\u062f \u0627\u0644\u062d\u0641\u064a\u0638 \u0628\u0648\u0627\u0644\u0635\u0648\u0641 - \u0645\u064a\u0644\u0629\"},\"image\":{\"@id\":\"https:\/\/www.univ-mila.dz\/#\/schema\/logo\/image\/\"},\"sameAs\":[\"https:\/\/www.facebook.com\/univmila\/\",\"https:\/\/x.com\/univmila\",\"https:\/\/www.youtube.com\/channel\/UC9--lQO1WBvXm38B70e9u5w\"]}]}<\/script>\n<!-- \/ Yoast SEO plugin. -->","yoast_head_json":{"title":"Sp\u00e9cialit\u00e9: Mod\u00e9lisation math\u00e9matiques et technique de d\u00e9cision - \u062c\u0627\u0645\u0639\u0629 \u0645\u064a\u0644\u0629","robots":{"index":"index","follow":"follow","max-snippet":"max-snippet:-1","max-image-preview":"max-image-preview:large","max-video-preview":"max-video-preview:-1"},"canonical":"https:\/\/www.univ-mila.dz\/?page_id=29729&lang=fr","og_locale":"ar_AR","og_type":"article","og_title":"Sp\u00e9cialit\u00e9: Mod\u00e9lisation math\u00e9matiques et technique de d\u00e9cision - \u062c\u0627\u0645\u0639\u0629 \u0645\u064a\u0644\u0629","og_description":"Informations g\u00e9n\u00e9rales :&#8230;&#8230;&#8230;&#8230;&#8230;&#8230;&#8230;&#8230;&#8230;&#8230;&#8230;&#8230;&#8230;&#8230;. :&#8230;&#8230;&#8230;&#8230;&#8230;&#8230;&#8230;&#8230;&#8230;&#8230;&#8230;&#8230;&#8230;&#8230;. :&#8230;&#8230;&#8230;&#8230;&#8230;&#8230;&#8230;&#8230;&#8230;&#8230;&#8230;&#8230;&#8230;&#8230;. Cycle : Master. Domaine : Math\u00e9matiques et Informatique. Fili\u00e8re : Math\u00e9matiques Appliqu\u00e9es. Sp\u00e9cialit\u00e9 (Intitul\u00e9 de la formation) : Mod\u00e9lisation math\u00e9matiques et technique de d\u00e9cision. Dur\u00e9e de la formation : 4 semestres. &nbsp; Pr\u00e9sentation de la formation Objectif de la formation L\u2019offre de formation Master en math\u00e9matiques appliqu\u00e9es s\u2019inscrit dans le [&hellip;]","og_url":"https:\/\/www.univ-mila.dz\/?page_id=29729&lang=fr","og_site_name":"\u062c\u0627\u0645\u0639\u0629 \u0645\u064a\u0644\u0629","article_publisher":"https:\/\/www.facebook.com\/univmila\/","article_modified_time":"2024-12-08T09:33:34+00:00","og_image":[{"width":200,"height":200,"url":"https:\/\/www.univ-mila.dz\/wp-content\/uploads\/2020\/06\/Informatique-1.png","type":"image\/png"}],"twitter_card":"summary_large_image","twitter_site":"@univmila","twitter_misc":{"\u0648\u0642\u062a \u0627\u0644\u0642\u0631\u0627\u0621\u0629 \u0627\u0644\u0645\u064f\u0642\u062f\u0651\u0631":"4 \u062f\u0642\u0627\u0626\u0642"},"schema":{"@context":"https:\/\/schema.org","@graph":[{"@type":"WebPage","@id":"https:\/\/www.univ-mila.dz\/?page_id=29729&lang=fr","url":"https:\/\/www.univ-mila.dz\/?page_id=29729&lang=fr","name":"Sp\u00e9cialit\u00e9: Mod\u00e9lisation math\u00e9matiques et technique de d\u00e9cision - \u062c\u0627\u0645\u0639\u0629 \u0645\u064a\u0644\u0629","isPartOf":{"@id":"https:\/\/www.univ-mila.dz\/#website"},"primaryImageOfPage":{"@id":"https:\/\/www.univ-mila.dz\/?page_id=29729&lang=fr#primaryimage"},"image":{"@id":"https:\/\/www.univ-mila.dz\/?page_id=29729&lang=fr#primaryimage"},"thumbnailUrl":"https:\/\/www.univ-mila.dz\/wp-content\/uploads\/2020\/06\/Informatique-1.png","datePublished":"2024-12-08T09:10:06+00:00","dateModified":"2024-12-08T09:33:34+00:00","inLanguage":"ar","potentialAction":[{"@type":"ReadAction","target":["https:\/\/www.univ-mila.dz\/?page_id=29729&lang=fr"]}]},{"@type":"ImageObject","inLanguage":"ar","@id":"https:\/\/www.univ-mila.dz\/?page_id=29729&lang=fr#primaryimage","url":"https:\/\/www.univ-mila.dz\/wp-content\/uploads\/2020\/06\/Informatique-1.png","contentUrl":"https:\/\/www.univ-mila.dz\/wp-content\/uploads\/2020\/06\/Informatique-1.png","width":200,"height":200},{"@type":"WebSite","@id":"https:\/\/www.univ-mila.dz\/#website","url":"https:\/\/www.univ-mila.dz\/","name":"\u062c\u0627\u0645\u0639\u0629 \u0639\u0628\u062f \u0627\u0644\u062d\u0641\u064a\u0638 \u0628\u0648\u0627\u0644\u0635\u0648\u0641","description":"\u0645\u064a\u0644\u0629","publisher":{"@id":"https:\/\/www.univ-mila.dz\/#organization"},"potentialAction":[{"@type":"SearchAction","target":{"@type":"EntryPoint","urlTemplate":"https:\/\/www.univ-mila.dz\/?s={search_term_string}"},"query-input":{"@type":"PropertyValueSpecification","valueRequired":true,"valueName":"search_term_string"}}],"inLanguage":"ar"},{"@type":"Organization","@id":"https:\/\/www.univ-mila.dz\/#organization","name":"\u062c\u0627\u0645\u0639\u0629 \u0639\u0628\u062f \u0627\u0644\u062d\u0641\u064a\u0638 \u0628\u0648\u0627\u0644\u0635\u0648\u0641 - \u0645\u064a\u0644\u0629","url":"https:\/\/www.univ-mila.dz\/","logo":{"@type":"ImageObject","inLanguage":"ar","@id":"https:\/\/www.univ-mila.dz\/#\/schema\/logo\/image\/","url":"http:\/\/www.centre-univ-mila.dz\/wp-content\/uploads\/2019\/02\/1416395352cumtransparent.png","contentUrl":"http:\/\/www.centre-univ-mila.dz\/wp-content\/uploads\/2019\/02\/1416395352cumtransparent.png","width":208,"height":268,"caption":"\u062c\u0627\u0645\u0639\u0629 \u0639\u0628\u062f \u0627\u0644\u062d\u0641\u064a\u0638 \u0628\u0648\u0627\u0644\u0635\u0648\u0641 - \u0645\u064a\u0644\u0629"},"image":{"@id":"https:\/\/www.univ-mila.dz\/#\/schema\/logo\/image\/"},"sameAs":["https:\/\/www.facebook.com\/univmila\/","https:\/\/x.com\/univmila","https:\/\/www.youtube.com\/channel\/UC9--lQO1WBvXm38B70e9u5w"]}]}},"_links":{"self":[{"href":"https:\/\/www.univ-mila.dz\/index.php?rest_route=\/wp\/v2\/pages\/29729","targetHints":{"allow":["GET"]}}],"collection":[{"href":"https:\/\/www.univ-mila.dz\/index.php?rest_route=\/wp\/v2\/pages"}],"about":[{"href":"https:\/\/www.univ-mila.dz\/index.php?rest_route=\/wp\/v2\/types\/page"}],"author":[{"embeddable":true,"href":"https:\/\/www.univ-mila.dz\/index.php?rest_route=\/wp\/v2\/users\/4"}],"replies":[{"embeddable":true,"href":"https:\/\/www.univ-mila.dz\/index.php?rest_route=%2Fwp%2Fv2%2Fcomments&post=29729"}],"version-history":[{"count":11,"href":"https:\/\/www.univ-mila.dz\/index.php?rest_route=\/wp\/v2\/pages\/29729\/revisions"}],"predecessor-version":[{"id":29743,"href":"https:\/\/www.univ-mila.dz\/index.php?rest_route=\/wp\/v2\/pages\/29729\/revisions\/29743"}],"wp:featuredmedia":[{"embeddable":true,"href":"https:\/\/www.univ-mila.dz\/index.php?rest_route=\/wp\/v2\/media\/7785"}],"wp:attachment":[{"href":"https:\/\/www.univ-mila.dz\/index.php?rest_route=%2Fwp%2Fv2%2Fmedia&parent=29729"}],"curies":[{"name":"wp","href":"https:\/\/api.w.org\/{rel}","templated":true}]}}