{"id":27856,"date":"2024-10-30T11:35:10","date_gmt":"2024-10-30T10:35:10","guid":{"rendered":"https:\/\/www.univ-mila.dz\/?page_id=27856"},"modified":"2024-10-30T11:46:19","modified_gmt":"2024-10-30T10:46:19","slug":"biographie-de-directeur","status":"publish","type":"page","link":"https:\/\/www.univ-mila.dz\/?page_id=27856&lang=fr","title":{"rendered":"Biographie de directeur"},"content":{"rendered":"<div class=\"avatar\"><a href=\"#\"><br \/>\n<img decoding=\"async\" class=\"avatarimg\" src=\"\/wp-content\/uploads\/2024\/10\/directeur.jpg\" alt=\"Avatar\" \/><br \/>\n\u0623.\u0628\u0648\u0634\u0644\u0627\u063a\u0645 \u0639\u0645\u064a\u0631\u0648\u0634<br \/>\n<\/a><\/div>\n<p style=\"text-align: left;\">N\u00e9 en 1964, Amirouche BOUCHELAGHEM est professeur des universit\u00e9s, il obtient sa licence en sciences \u00e9conomiques, branche sciences financi\u00e8res en 1992 \u00e0 l\u2019Universit\u00e9 Mentouri de Constantine. En 1998 il obtient son magister en sciences \u00e9conomiques, sp\u00e9cialit\u00e9 gestion des affaires \u00e0 l\u2019Universit\u00e9 Mentouri de Constantine. En 2015 il rehausse son parcours par un doctorat en sciences \u00e9conomiques, branche sciences financi\u00e8res \u00e0 l\u2019Universit\u00e9 Abdelhamid Mehri Constantine 2. Apr\u00e8s sa th\u00e8se de 3e cycle, il concr\u00e9tise son Habilitation universitaire (HDR) en sciences \u00e9conomiques en 2016 \u00e0 l\u2019Universit\u00e9 Abdelhamid Mehri Constantine 2.<br \/>\nSon profil qui verse directement dans la formation et la recherche lui permet d\u2019occuper plusieurs postes administratifs, chef de d\u00e9partement de la formation de courte dur\u00e9e de 2004 \u00e0 2006 \u00e0 la facult\u00e9 des sciences \u00e9conomiques et des sciences de gestion, \u00e0 l\u2019Universit\u00e9 de Constantine. De 2006 \u00e0 2009 il occupe le poste de chef de d\u00e9partement de la formation de base, responsable de licence et de Master, il enchaine par le poste de chef de d\u00e9partement de la formation de base, responsable du tronc commun. De la p\u00e9riode de 2015 \u00e0 2020 il est vice-recteur de relations ext\u00e9rieures de coop\u00e9ration de communication et des manifestations \u00e0 l\u2019Universit\u00e9 de Constantine. \u00c0 partir de 2019 jusqu\u2019\u00e0 ce jour il est \u00e9lu directeur du centre universitaire Abdelhafid Boussouf Mila.<br \/>\nCroisant les apports de la discipline \u00e9conomique avec ceux de la sant\u00e9, il est actuellement expert \u00e9conomiste de la sant\u00e9 et consacrera ses travaux de recherche sur le secteur de la sant\u00e9 par une vision \u00e9conomiste et prospective. Il est aussi expert et \u00e9valuateur et membre de comit\u00e9 \u00e9ditorial dans plusieurs revues scientifiques index\u00e9es. Il est chef du Projet de recherche PRFU F02N01UN250220190006 et membre de l\u2019\u00e9quipe de recherche sur la transition sanitaire et son impact sur les d\u00e9penses nationales de sant\u00e9, Laboratoire Economie et Gestion des Affaires. Il est l\u2019auteur d\u2019un ouvrage et de deux polycopi\u00e9es p\u00e9dagogiques et de plus d\u2019une quinzaine d\u2019articles dont un de cat\u00e9gorie A, deux de cat\u00e9gorie B et les autres de cat\u00e9gorie C ainsi que de chapitres d\u2019ouvrages publi\u00e9s. Il a enseign\u00e9 plus de neuf cours et trois travaux dirig\u00e9s durant sa carri\u00e8re acad\u00e9mique. Concernant l\u2019encadrement plus de dix th\u00e8ses de doctorat et une dizaine de masters ont \u00e9t\u00e9 encadr\u00e9s. Il a particip\u00e9 \u00e0 plusieurs s\u00e9minaires, workshops, conf\u00e9rences, et colloques nationaux et internationaux dans les sessions pl\u00e9ni\u00e8res, dans leur organisation et en tant que pr\u00e9sident. Il est initiateur et signataire de plusieurs partenariats et conventions nationales, notamment avec le Centre Hospitalier Universitaire de Constantine en 2021, et l\u2019h\u00f4pital psychiatrique Mahmoud Belaamri de Constantine. Et internationales- Erasmus+ Marenostrum 2020-2017, Universit\u00e9 de Algarve, Portugal. Erasmus+ LYON, 2020-2018, Association internationale pour la Formation, Lusofona. Universit\u00e9 de lusophone Erasmus+ 2027-2021, Portugal. WSB University, Erasmus+ 2027-2022, Pologne.<\/p>\n","protected":false},"excerpt":{"rendered":"<p>\u0623.\u0628\u0648\u0634\u0644\u0627\u063a\u0645 \u0639\u0645\u064a\u0631\u0648\u0634 N\u00e9 en 1964, Amirouche BOUCHELAGHEM est professeur des universit\u00e9s, il obtient sa licence en sciences \u00e9conomiques, branche sciences financi\u00e8res en 1992 \u00e0 l\u2019Universit\u00e9 Mentouri de Constantine. En 1998 il obtient son magister en sciences \u00e9conomiques, sp\u00e9cialit\u00e9 gestion des affaires \u00e0 l\u2019Universit\u00e9 Mentouri de Constantine. En 2015 il rehausse son parcours par un doctorat [&hellip;]<\/p>\n","protected":false},"author":4,"featured_media":0,"parent":0,"menu_order":0,"comment_status":"closed","ping_status":"closed","template":"","meta":{"footnotes":""},"class_list":["post-27856","page","type-page","status-publish","hentry"],"yoast_head":"<!-- This site is optimized with the Yoast SEO plugin v26.3 - https:\/\/yoast.com\/wordpress\/plugins\/seo\/ -->\n<title>Biographie de directeur - \u062c\u0627\u0645\u0639\u0629 \u0645\u064a\u0644\u0629<\/title>\n<meta name=\"robots\" content=\"index, follow, max-snippet:-1, max-image-preview:large, max-video-preview:-1\" \/>\n<link rel=\"canonical\" href=\"https:\/\/www.univ-mila.dz\/?page_id=27856&lang=fr\" \/>\n<meta property=\"og:locale\" content=\"ar_AR\" \/>\n<meta property=\"og:type\" content=\"article\" \/>\n<meta property=\"og:title\" content=\"Biographie de directeur - \u062c\u0627\u0645\u0639\u0629 \u0645\u064a\u0644\u0629\" \/>\n<meta property=\"og:description\" content=\"\u0623.\u0628\u0648\u0634\u0644\u0627\u063a\u0645 \u0639\u0645\u064a\u0631\u0648\u0634 N\u00e9 en 1964, Amirouche BOUCHELAGHEM est professeur des universit\u00e9s, il obtient sa licence en sciences \u00e9conomiques, branche sciences financi\u00e8res en 1992 \u00e0 l\u2019Universit\u00e9 Mentouri de Constantine. En 1998 il obtient son magister en sciences \u00e9conomiques, sp\u00e9cialit\u00e9 gestion des affaires \u00e0 l\u2019Universit\u00e9 Mentouri de Constantine. En 2015 il rehausse son parcours par un doctorat [&hellip;]\" \/>\n<meta property=\"og:url\" content=\"https:\/\/www.univ-mila.dz\/?page_id=27856&amp;lang=fr\" \/>\n<meta property=\"og:site_name\" content=\"\u062c\u0627\u0645\u0639\u0629 \u0645\u064a\u0644\u0629\" \/>\n<meta property=\"article:publisher\" content=\"https:\/\/www.facebook.com\/univmila\/\" \/>\n<meta property=\"article:modified_time\" content=\"2024-10-30T10:46:19+00:00\" \/>\n<meta name=\"twitter:card\" content=\"summary_large_image\" \/>\n<meta name=\"twitter:site\" content=\"@univmila\" \/>\n<meta name=\"twitter:label1\" content=\"\u0648\u0642\u062a \u0627\u0644\u0642\u0631\u0627\u0621\u0629 \u0627\u0644\u0645\u064f\u0642\u062f\u0651\u0631\" \/>\n\t<meta name=\"twitter:data1\" content=\"4 \u062f\u0642\u0627\u0626\u0642\" \/>\n<script type=\"application\/ld+json\" class=\"yoast-schema-graph\">{\"@context\":\"https:\/\/schema.org\",\"@graph\":[{\"@type\":\"WebPage\",\"@id\":\"https:\/\/www.univ-mila.dz\/?page_id=27856&lang=fr\",\"url\":\"https:\/\/www.univ-mila.dz\/?page_id=27856&lang=fr\",\"name\":\"Biographie de directeur - \u062c\u0627\u0645\u0639\u0629 \u0645\u064a\u0644\u0629\",\"isPartOf\":{\"@id\":\"https:\/\/www.univ-mila.dz\/#website\"},\"datePublished\":\"2024-10-30T10:35:10+00:00\",\"dateModified\":\"2024-10-30T10:46:19+00:00\",\"inLanguage\":\"ar\",\"potentialAction\":[{\"@type\":\"ReadAction\",\"target\":[\"https:\/\/www.univ-mila.dz\/?page_id=27856&lang=fr\"]}]},{\"@type\":\"WebSite\",\"@id\":\"https:\/\/www.univ-mila.dz\/#website\",\"url\":\"https:\/\/www.univ-mila.dz\/\",\"name\":\"\u062c\u0627\u0645\u0639\u0629 \u0639\u0628\u062f \u0627\u0644\u062d\u0641\u064a\u0638 \u0628\u0648\u0627\u0644\u0635\u0648\u0641\",\"description\":\"\u0645\u064a\u0644\u0629\",\"publisher\":{\"@id\":\"https:\/\/www.univ-mila.dz\/#organization\"},\"potentialAction\":[{\"@type\":\"SearchAction\",\"target\":{\"@type\":\"EntryPoint\",\"urlTemplate\":\"https:\/\/www.univ-mila.dz\/?s={search_term_string}\"},\"query-input\":{\"@type\":\"PropertyValueSpecification\",\"valueRequired\":true,\"valueName\":\"search_term_string\"}}],\"inLanguage\":\"ar\"},{\"@type\":\"Organization\",\"@id\":\"https:\/\/www.univ-mila.dz\/#organization\",\"name\":\"\u062c\u0627\u0645\u0639\u0629 \u0639\u0628\u062f \u0627\u0644\u062d\u0641\u064a\u0638 \u0628\u0648\u0627\u0644\u0635\u0648\u0641 - \u0645\u064a\u0644\u0629\",\"url\":\"https:\/\/www.univ-mila.dz\/\",\"logo\":{\"@type\":\"ImageObject\",\"inLanguage\":\"ar\",\"@id\":\"https:\/\/www.univ-mila.dz\/#\/schema\/logo\/image\/\",\"url\":\"http:\/\/www.centre-univ-mila.dz\/wp-content\/uploads\/2019\/02\/1416395352cumtransparent.png\",\"contentUrl\":\"http:\/\/www.centre-univ-mila.dz\/wp-content\/uploads\/2019\/02\/1416395352cumtransparent.png\",\"width\":208,\"height\":268,\"caption\":\"\u062c\u0627\u0645\u0639\u0629 \u0639\u0628\u062f \u0627\u0644\u062d\u0641\u064a\u0638 \u0628\u0648\u0627\u0644\u0635\u0648\u0641 - \u0645\u064a\u0644\u0629\"},\"image\":{\"@id\":\"https:\/\/www.univ-mila.dz\/#\/schema\/logo\/image\/\"},\"sameAs\":[\"https:\/\/www.facebook.com\/univmila\/\",\"https:\/\/x.com\/univmila\",\"https:\/\/www.youtube.com\/channel\/UC9--lQO1WBvXm38B70e9u5w\"]}]}<\/script>\n<!-- \/ Yoast SEO plugin. -->","yoast_head_json":{"title":"Biographie de directeur - \u062c\u0627\u0645\u0639\u0629 \u0645\u064a\u0644\u0629","robots":{"index":"index","follow":"follow","max-snippet":"max-snippet:-1","max-image-preview":"max-image-preview:large","max-video-preview":"max-video-preview:-1"},"canonical":"https:\/\/www.univ-mila.dz\/?page_id=27856&lang=fr","og_locale":"ar_AR","og_type":"article","og_title":"Biographie de directeur - \u062c\u0627\u0645\u0639\u0629 \u0645\u064a\u0644\u0629","og_description":"\u0623.\u0628\u0648\u0634\u0644\u0627\u063a\u0645 \u0639\u0645\u064a\u0631\u0648\u0634 N\u00e9 en 1964, Amirouche BOUCHELAGHEM est professeur des universit\u00e9s, il obtient sa licence en sciences \u00e9conomiques, branche sciences financi\u00e8res en 1992 \u00e0 l\u2019Universit\u00e9 Mentouri de Constantine. En 1998 il obtient son magister en sciences \u00e9conomiques, sp\u00e9cialit\u00e9 gestion des affaires \u00e0 l\u2019Universit\u00e9 Mentouri de Constantine. En 2015 il rehausse son parcours par un doctorat [&hellip;]","og_url":"https:\/\/www.univ-mila.dz\/?page_id=27856&lang=fr","og_site_name":"\u062c\u0627\u0645\u0639\u0629 \u0645\u064a\u0644\u0629","article_publisher":"https:\/\/www.facebook.com\/univmila\/","article_modified_time":"2024-10-30T10:46:19+00:00","twitter_card":"summary_large_image","twitter_site":"@univmila","twitter_misc":{"\u0648\u0642\u062a \u0627\u0644\u0642\u0631\u0627\u0621\u0629 \u0627\u0644\u0645\u064f\u0642\u062f\u0651\u0631":"4 \u062f\u0642\u0627\u0626\u0642"},"schema":{"@context":"https:\/\/schema.org","@graph":[{"@type":"WebPage","@id":"https:\/\/www.univ-mila.dz\/?page_id=27856&lang=fr","url":"https:\/\/www.univ-mila.dz\/?page_id=27856&lang=fr","name":"Biographie de directeur - \u062c\u0627\u0645\u0639\u0629 \u0645\u064a\u0644\u0629","isPartOf":{"@id":"https:\/\/www.univ-mila.dz\/#website"},"datePublished":"2024-10-30T10:35:10+00:00","dateModified":"2024-10-30T10:46:19+00:00","inLanguage":"ar","potentialAction":[{"@type":"ReadAction","target":["https:\/\/www.univ-mila.dz\/?page_id=27856&lang=fr"]}]},{"@type":"WebSite","@id":"https:\/\/www.univ-mila.dz\/#website","url":"https:\/\/www.univ-mila.dz\/","name":"\u062c\u0627\u0645\u0639\u0629 \u0639\u0628\u062f \u0627\u0644\u062d\u0641\u064a\u0638 \u0628\u0648\u0627\u0644\u0635\u0648\u0641","description":"\u0645\u064a\u0644\u0629","publisher":{"@id":"https:\/\/www.univ-mila.dz\/#organization"},"potentialAction":[{"@type":"SearchAction","target":{"@type":"EntryPoint","urlTemplate":"https:\/\/www.univ-mila.dz\/?s={search_term_string}"},"query-input":{"@type":"PropertyValueSpecification","valueRequired":true,"valueName":"search_term_string"}}],"inLanguage":"ar"},{"@type":"Organization","@id":"https:\/\/www.univ-mila.dz\/#organization","name":"\u062c\u0627\u0645\u0639\u0629 \u0639\u0628\u062f \u0627\u0644\u062d\u0641\u064a\u0638 \u0628\u0648\u0627\u0644\u0635\u0648\u0641 - \u0645\u064a\u0644\u0629","url":"https:\/\/www.univ-mila.dz\/","logo":{"@type":"ImageObject","inLanguage":"ar","@id":"https:\/\/www.univ-mila.dz\/#\/schema\/logo\/image\/","url":"http:\/\/www.centre-univ-mila.dz\/wp-content\/uploads\/2019\/02\/1416395352cumtransparent.png","contentUrl":"http:\/\/www.centre-univ-mila.dz\/wp-content\/uploads\/2019\/02\/1416395352cumtransparent.png","width":208,"height":268,"caption":"\u062c\u0627\u0645\u0639\u0629 \u0639\u0628\u062f \u0627\u0644\u062d\u0641\u064a\u0638 \u0628\u0648\u0627\u0644\u0635\u0648\u0641 - \u0645\u064a\u0644\u0629"},"image":{"@id":"https:\/\/www.univ-mila.dz\/#\/schema\/logo\/image\/"},"sameAs":["https:\/\/www.facebook.com\/univmila\/","https:\/\/x.com\/univmila","https:\/\/www.youtube.com\/channel\/UC9--lQO1WBvXm38B70e9u5w"]}]}},"_links":{"self":[{"href":"https:\/\/www.univ-mila.dz\/index.php?rest_route=\/wp\/v2\/pages\/27856","targetHints":{"allow":["GET"]}}],"collection":[{"href":"https:\/\/www.univ-mila.dz\/index.php?rest_route=\/wp\/v2\/pages"}],"about":[{"href":"https:\/\/www.univ-mila.dz\/index.php?rest_route=\/wp\/v2\/types\/page"}],"author":[{"embeddable":true,"href":"https:\/\/www.univ-mila.dz\/index.php?rest_route=\/wp\/v2\/users\/4"}],"replies":[{"embeddable":true,"href":"https:\/\/www.univ-mila.dz\/index.php?rest_route=%2Fwp%2Fv2%2Fcomments&post=27856"}],"version-history":[{"count":8,"href":"https:\/\/www.univ-mila.dz\/index.php?rest_route=\/wp\/v2\/pages\/27856\/revisions"}],"predecessor-version":[{"id":27870,"href":"https:\/\/www.univ-mila.dz\/index.php?rest_route=\/wp\/v2\/pages\/27856\/revisions\/27870"}],"wp:attachment":[{"href":"https:\/\/www.univ-mila.dz\/index.php?rest_route=%2Fwp%2Fv2%2Fmedia&parent=27856"}],"curies":[{"name":"wp","href":"https:\/\/api.w.org\/{rel}","templated":true}]}}