{"id":2535,"date":"2020-01-16T10:08:58","date_gmt":"2020-01-16T09:08:58","guid":{"rendered":"https:\/\/www.univ-mila.dz?page_id=2535"},"modified":"2025-10-27T14:19:53","modified_gmt":"2025-10-27T13:19:53","slug":"decrets-et-textes-dorganisation","status":"publish","type":"page","link":"https:\/\/www.univ-mila.dz\/?page_id=2535&lang=fr","title":{"rendered":"D\u00e9crets et textes d&#8217;organisation"},"content":{"rendered":"<p class=\"textheader\" style=\"text-align: left;\">D\u00e9crets et textes d\u2019organisation<\/p>\n<ul>\n<li>D\u00e9cret ex\u00e9cutif portant cr\u00e9ation de l\u2019Universit\u00e9 de Mila\u00a0\u00a0\u00a0<a href=\"https:\/\/www.univ-mila.dz\/wp-content\/uploads\/2025\/10\/A2025068.pdf\"><img loading=\"lazy\" decoding=\"async\" class=\"alignnone wp-image-2517 size-full\" src=\"https:\/\/www.univ-mila.dz\/wp-content\/uploads\/2020\/01\/pdfAR.png\" alt=\"\" width=\"35\" height=\"35\" \/><\/a><a href=\"https:\/\/www.univ-mila.dz\/wp-content\/uploads\/2025\/10\/F2025068.pdf\"><img loading=\"lazy\" decoding=\"async\" class=\"alignnone wp-image-2520 size-full\" src=\"https:\/\/www.univ-mila.dz\/wp-content\/uploads\/2020\/01\/pdfFR.png\" alt=\"\" width=\"35\" height=\"35\" \/><\/a><\/li>\n<li>Un d\u00e9cret ex\u00e9cutif portant cr\u00e9ation du Centre universitaire de Mila\u00a0\u00a0\u00a0 <a href=\"https:\/\/www.univ-mila.dz\/wp-content\/uploads\/2020\/01\/Creation_Cumila_Ar.pdf\"><img loading=\"lazy\" decoding=\"async\" class=\"alignnone size-full wp-image-2517\" src=\"https:\/\/www.univ-mila.dz\/wp-content\/uploads\/2020\/01\/pdfAR.png\" alt=\"\" width=\"35\" height=\"35\" \/><\/a>\u00a0 <a href=\"https:\/\/www.univ-mila.dz\/wp-content\/uploads\/2020\/01\/Creation_Cumila_Fr.pdf\"><img loading=\"lazy\" decoding=\"async\" class=\"alignnone size-medium wp-image-2520\" src=\"https:\/\/www.univ-mila.dz\/wp-content\/uploads\/2020\/01\/pdfFR.png\" alt=\"\" width=\"35\" height=\"35\" \/><\/a><\/li>\n<\/ul>\n<div class=\"u_row\">\n<div class=\"vc_row wpb_row vc_row-fluid\">\n<div class=\"wpb_column vc_column_container vc_col-sm-12\">\n<div class=\"vc_column-inner\">\n<div class=\"wpb_wrapper\">\n<div class=\"wpb_raw_code wpb_content_element wpb_raw_html\">\n<div class=\"wpb_wrapper\">\n<ul>\n<li style=\"text-align: left;\">Un d\u00e9cret ex\u00e9cutif qui comprend la loi fondamentale du chercheur\u00a0\u00a0 <a href=\"https:\/\/www.univ-mila.dz\/wp-content\/uploads\/2020\/01\/Jo_Statut_Ens_Mai2008-ar.pdf\"><img loading=\"lazy\" decoding=\"async\" class=\"alignnone size-full wp-image-2517\" src=\"https:\/\/www.univ-mila.dz\/wp-content\/uploads\/2020\/01\/pdfAR.png\" alt=\"\" width=\"35\" height=\"35\" \/><\/a>\u00a0 <a href=\"https:\/\/www.univ-mila.dz\/wp-content\/uploads\/2020\/01\/Jo_Statut_Ens_Mai2008-fr.pdf\"><img loading=\"lazy\" decoding=\"async\" class=\"alignnone size-medium wp-image-2520\" src=\"https:\/\/www.univ-mila.dz\/wp-content\/uploads\/2020\/01\/pdfFR.png\" alt=\"\" width=\"35\" height=\"35\" \/><\/a><\/li>\n<li style=\"text-align: left;\">Un d\u00e9cret ex\u00e9cutif pr\u00e9cisant les fonctions du centre universitaire et les r\u00e8gles de son organisation et de son fonctionnement\u00a0 <a href=\"https:\/\/www.univ-mila.dz\/wp-content\/uploads\/2020\/01\/Jo_Centre_Univ_Aout2005-ar.pdf\"><img loading=\"lazy\" decoding=\"async\" class=\"alignnone size-full wp-image-2517\" src=\"https:\/\/www.univ-mila.dz\/wp-content\/uploads\/2020\/01\/pdfAR.png\" alt=\"\" width=\"35\" height=\"35\" \/><\/a>\u00a0 <a href=\"https:\/\/www.univ-mila.dz\/wp-content\/uploads\/2020\/01\/Jo_Centre_Univ_Aout2005-fr.pdf\"><img loading=\"lazy\" decoding=\"async\" class=\"alignnone size-medium wp-image-2520\" src=\"https:\/\/www.univ-mila.dz\/wp-content\/uploads\/2020\/01\/pdfFR.png\" alt=\"\" width=\"35\" height=\"35\" \/><\/a><\/li>\n<li style=\"text-align: left;\">Une d\u00e9cision minist\u00e9rielle conjointe qui inclut la classification des postes sup\u00e9rieurs du centre universitaire \u00a0 <a href=\"https:\/\/www.univ-mila.dz\/wp-content\/uploads\/2020\/01\/Jo_Postes_CUniv_Janv2009-ar.pdf\"><img loading=\"lazy\" decoding=\"async\" class=\"alignnone size-full wp-image-2517\" src=\"https:\/\/www.univ-mila.dz\/wp-content\/uploads\/2020\/01\/pdfAR.png\" alt=\"\" width=\"35\" height=\"35\" \/><\/a>\u00a0 <a href=\"https:\/\/www.univ-mila.dz\/wp-content\/uploads\/2020\/01\/Jo_Postes_CUniv_Janv2009-fr.pdf\"><img loading=\"lazy\" decoding=\"async\" class=\"alignnone size-medium wp-image-2520\" src=\"https:\/\/www.univ-mila.dz\/wp-content\/uploads\/2020\/01\/pdfFR.png\" alt=\"\" width=\"35\" height=\"35\" \/><\/a><\/li>\n<li style=\"text-align: left;\">Une d\u00e9cision minist\u00e9rielle commune concernant l&#8217;organisation administrative du centre universitaire \u00a0 <a href=\"https:\/\/www.univ-mila.dz\/wp-content\/uploads\/2020\/01\/Oraganisation_centre_univ_Ar.pdf\"><img loading=\"lazy\" decoding=\"async\" class=\"alignnone size-full wp-image-2517\" src=\"https:\/\/www.univ-mila.dz\/wp-content\/uploads\/2020\/01\/pdfAR.png\" alt=\"\" width=\"35\" height=\"35\" \/><\/a>\u00a0 <a href=\"https:\/\/www.univ-mila.dz\/wp-content\/uploads\/2020\/01\/Oraganisation_centre_univ_Fr.pdf\"><img loading=\"lazy\" decoding=\"async\" class=\"alignnone size-medium wp-image-2520\" src=\"https:\/\/www.univ-mila.dz\/wp-content\/uploads\/2020\/01\/pdfFR.png\" alt=\"\" width=\"35\" height=\"35\" \/><\/a><\/li>\n<li><span class=\"HwtZe\" lang=\"fr\"><span class=\"jCAhz ChMk0b\"><span class=\"ryNqvb\">R\u00e8glement int\u00e9rieur du Centre universitaire Abdelhafidh Boussouf, Mila <a href=\"https:\/\/www.univ-mila.dz\/wp-content\/uploads\/2025\/04\/%D8%A7%D9%84%D9%82%D8%A7%D9%86%D9%88%D9%86-%D8%A7%D9%84%D8%AF%D8%A7%D8%AE%D9%84%D9%8A-%D9%84%D9%84%D8%AA%D8%B2%D9%83%D9%8A%D8%A9-%D9%81%D9%8A-%D9%85%D8%AC%D9%84%D8%B3-%D8%A7%D9%84%D8%A5%D8%AF%D8%A7%D8%B1%D8%A9.pdf\"><img loading=\"lazy\" decoding=\"async\" class=\"alignnone size-full wp-image-2517\" src=\"https:\/\/www.univ-mila.dz\/wp-content\/uploads\/2020\/01\/pdfAR.png\" alt=\"\" width=\"35\" height=\"35\" \/><\/a><br \/>\n<\/span><\/span><\/span><\/li>\n<\/ul>\n<\/div>\n<\/div>\n<\/div>\n<\/div>\n<\/div>\n<\/div>\n<\/div>\n","protected":false},"excerpt":{"rendered":"<p>D\u00e9crets et textes d\u2019organisation D\u00e9cret ex\u00e9cutif portant cr\u00e9ation de l\u2019Universit\u00e9 de Mila\u00a0\u00a0\u00a0 Un d\u00e9cret ex\u00e9cutif portant cr\u00e9ation du Centre universitaire de Mila\u00a0\u00a0\u00a0 \u00a0 Un d\u00e9cret ex\u00e9cutif qui comprend la loi fondamentale du chercheur\u00a0\u00a0 \u00a0 Un d\u00e9cret ex\u00e9cutif pr\u00e9cisant les fonctions du centre universitaire et les r\u00e8gles de son organisation et de son fonctionnement\u00a0 \u00a0 Une [&hellip;]<\/p>\n","protected":false},"author":1,"featured_media":0,"parent":0,"menu_order":0,"comment_status":"closed","ping_status":"closed","template":"","meta":{"footnotes":""},"class_list":["post-2535","page","type-page","status-publish","hentry"],"yoast_head":"<!-- This site is optimized with the Yoast SEO plugin v26.3 - https:\/\/yoast.com\/wordpress\/plugins\/seo\/ -->\n<title>D\u00e9crets et textes d&#039;organisation - \u062c\u0627\u0645\u0639\u0629 \u0645\u064a\u0644\u0629<\/title>\n<meta name=\"robots\" content=\"index, follow, max-snippet:-1, max-image-preview:large, max-video-preview:-1\" \/>\n<link rel=\"canonical\" href=\"https:\/\/www.univ-mila.dz\/?page_id=2535&lang=fr\" \/>\n<meta property=\"og:locale\" content=\"ar_AR\" \/>\n<meta property=\"og:type\" content=\"article\" \/>\n<meta property=\"og:title\" content=\"D\u00e9crets et textes d&#039;organisation - \u062c\u0627\u0645\u0639\u0629 \u0645\u064a\u0644\u0629\" \/>\n<meta property=\"og:description\" content=\"D\u00e9crets et textes d\u2019organisation D\u00e9cret ex\u00e9cutif portant cr\u00e9ation de l\u2019Universit\u00e9 de Mila\u00a0\u00a0\u00a0 Un d\u00e9cret ex\u00e9cutif portant cr\u00e9ation du Centre universitaire de Mila\u00a0\u00a0\u00a0 \u00a0 Un d\u00e9cret ex\u00e9cutif qui comprend la loi fondamentale du chercheur\u00a0\u00a0 \u00a0 Un d\u00e9cret ex\u00e9cutif pr\u00e9cisant les fonctions du centre universitaire et les r\u00e8gles de son organisation et de son fonctionnement\u00a0 \u00a0 Une [&hellip;]\" \/>\n<meta property=\"og:url\" content=\"https:\/\/www.univ-mila.dz\/?page_id=2535&amp;lang=fr\" \/>\n<meta property=\"og:site_name\" content=\"\u062c\u0627\u0645\u0639\u0629 \u0645\u064a\u0644\u0629\" \/>\n<meta property=\"article:publisher\" content=\"https:\/\/www.facebook.com\/univmila\/\" \/>\n<meta property=\"article:modified_time\" content=\"2025-10-27T13:19:53+00:00\" \/>\n<meta property=\"og:image\" content=\"https:\/\/www.univ-mila.dz\/wp-content\/uploads\/2020\/01\/pdfAR.png\" \/>\n<meta name=\"twitter:card\" content=\"summary_large_image\" \/>\n<meta name=\"twitter:site\" content=\"@univmila\" \/>\n<meta name=\"twitter:label1\" content=\"\u0648\u0642\u062a \u0627\u0644\u0642\u0631\u0627\u0621\u0629 \u0627\u0644\u0645\u064f\u0642\u062f\u0651\u0631\" \/>\n\t<meta name=\"twitter:data1\" content=\"4 \u062f\u0642\u0627\u0626\u0642\" \/>\n<script type=\"application\/ld+json\" class=\"yoast-schema-graph\">{\"@context\":\"https:\/\/schema.org\",\"@graph\":[{\"@type\":\"WebPage\",\"@id\":\"https:\/\/www.univ-mila.dz\/?page_id=2535&lang=fr\",\"url\":\"https:\/\/www.univ-mila.dz\/?page_id=2535&lang=fr\",\"name\":\"D\u00e9crets et textes d'organisation - \u062c\u0627\u0645\u0639\u0629 \u0645\u064a\u0644\u0629\",\"isPartOf\":{\"@id\":\"https:\/\/www.univ-mila.dz\/#website\"},\"primaryImageOfPage\":{\"@id\":\"https:\/\/www.univ-mila.dz\/?page_id=2535&lang=fr#primaryimage\"},\"image\":{\"@id\":\"https:\/\/www.univ-mila.dz\/?page_id=2535&lang=fr#primaryimage\"},\"thumbnailUrl\":\"https:\/\/www.univ-mila.dz\/wp-content\/uploads\/2020\/01\/pdfAR.png\",\"datePublished\":\"2020-01-16T09:08:58+00:00\",\"dateModified\":\"2025-10-27T13:19:53+00:00\",\"inLanguage\":\"ar\",\"potentialAction\":[{\"@type\":\"ReadAction\",\"target\":[\"https:\/\/www.univ-mila.dz\/?page_id=2535&lang=fr\"]}]},{\"@type\":\"ImageObject\",\"inLanguage\":\"ar\",\"@id\":\"https:\/\/www.univ-mila.dz\/?page_id=2535&lang=fr#primaryimage\",\"url\":\"https:\/\/www.univ-mila.dz\/wp-content\/uploads\/2020\/01\/pdfAR.png\",\"contentUrl\":\"https:\/\/www.univ-mila.dz\/wp-content\/uploads\/2020\/01\/pdfAR.png\",\"width\":35,\"height\":35},{\"@type\":\"WebSite\",\"@id\":\"https:\/\/www.univ-mila.dz\/#website\",\"url\":\"https:\/\/www.univ-mila.dz\/\",\"name\":\"\u062c\u0627\u0645\u0639\u0629 \u0639\u0628\u062f \u0627\u0644\u062d\u0641\u064a\u0638 \u0628\u0648\u0627\u0644\u0635\u0648\u0641\",\"description\":\"\u0645\u064a\u0644\u0629\",\"publisher\":{\"@id\":\"https:\/\/www.univ-mila.dz\/#organization\"},\"potentialAction\":[{\"@type\":\"SearchAction\",\"target\":{\"@type\":\"EntryPoint\",\"urlTemplate\":\"https:\/\/www.univ-mila.dz\/?s={search_term_string}\"},\"query-input\":{\"@type\":\"PropertyValueSpecification\",\"valueRequired\":true,\"valueName\":\"search_term_string\"}}],\"inLanguage\":\"ar\"},{\"@type\":\"Organization\",\"@id\":\"https:\/\/www.univ-mila.dz\/#organization\",\"name\":\"\u062c\u0627\u0645\u0639\u0629 \u0639\u0628\u062f \u0627\u0644\u062d\u0641\u064a\u0638 \u0628\u0648\u0627\u0644\u0635\u0648\u0641 - \u0645\u064a\u0644\u0629\",\"url\":\"https:\/\/www.univ-mila.dz\/\",\"logo\":{\"@type\":\"ImageObject\",\"inLanguage\":\"ar\",\"@id\":\"https:\/\/www.univ-mila.dz\/#\/schema\/logo\/image\/\",\"url\":\"http:\/\/www.centre-univ-mila.dz\/wp-content\/uploads\/2019\/02\/1416395352cumtransparent.png\",\"contentUrl\":\"http:\/\/www.centre-univ-mila.dz\/wp-content\/uploads\/2019\/02\/1416395352cumtransparent.png\",\"width\":208,\"height\":268,\"caption\":\"\u062c\u0627\u0645\u0639\u0629 \u0639\u0628\u062f \u0627\u0644\u062d\u0641\u064a\u0638 \u0628\u0648\u0627\u0644\u0635\u0648\u0641 - \u0645\u064a\u0644\u0629\"},\"image\":{\"@id\":\"https:\/\/www.univ-mila.dz\/#\/schema\/logo\/image\/\"},\"sameAs\":[\"https:\/\/www.facebook.com\/univmila\/\",\"https:\/\/x.com\/univmila\",\"https:\/\/www.youtube.com\/channel\/UC9--lQO1WBvXm38B70e9u5w\"]}]}<\/script>\n<!-- \/ Yoast SEO plugin. -->","yoast_head_json":{"title":"D\u00e9crets et textes d'organisation - \u062c\u0627\u0645\u0639\u0629 \u0645\u064a\u0644\u0629","robots":{"index":"index","follow":"follow","max-snippet":"max-snippet:-1","max-image-preview":"max-image-preview:large","max-video-preview":"max-video-preview:-1"},"canonical":"https:\/\/www.univ-mila.dz\/?page_id=2535&lang=fr","og_locale":"ar_AR","og_type":"article","og_title":"D\u00e9crets et textes d'organisation - \u062c\u0627\u0645\u0639\u0629 \u0645\u064a\u0644\u0629","og_description":"D\u00e9crets et textes d\u2019organisation D\u00e9cret ex\u00e9cutif portant cr\u00e9ation de l\u2019Universit\u00e9 de Mila\u00a0\u00a0\u00a0 Un d\u00e9cret ex\u00e9cutif portant cr\u00e9ation du Centre universitaire de Mila\u00a0\u00a0\u00a0 \u00a0 Un d\u00e9cret ex\u00e9cutif qui comprend la loi fondamentale du chercheur\u00a0\u00a0 \u00a0 Un d\u00e9cret ex\u00e9cutif pr\u00e9cisant les fonctions du centre universitaire et les r\u00e8gles de son organisation et de son fonctionnement\u00a0 \u00a0 Une [&hellip;]","og_url":"https:\/\/www.univ-mila.dz\/?page_id=2535&lang=fr","og_site_name":"\u062c\u0627\u0645\u0639\u0629 \u0645\u064a\u0644\u0629","article_publisher":"https:\/\/www.facebook.com\/univmila\/","article_modified_time":"2025-10-27T13:19:53+00:00","og_image":[{"url":"https:\/\/www.univ-mila.dz\/wp-content\/uploads\/2020\/01\/pdfAR.png","type":"","width":"","height":""}],"twitter_card":"summary_large_image","twitter_site":"@univmila","twitter_misc":{"\u0648\u0642\u062a \u0627\u0644\u0642\u0631\u0627\u0621\u0629 \u0627\u0644\u0645\u064f\u0642\u062f\u0651\u0631":"4 \u062f\u0642\u0627\u0626\u0642"},"schema":{"@context":"https:\/\/schema.org","@graph":[{"@type":"WebPage","@id":"https:\/\/www.univ-mila.dz\/?page_id=2535&lang=fr","url":"https:\/\/www.univ-mila.dz\/?page_id=2535&lang=fr","name":"D\u00e9crets et textes d'organisation - \u062c\u0627\u0645\u0639\u0629 \u0645\u064a\u0644\u0629","isPartOf":{"@id":"https:\/\/www.univ-mila.dz\/#website"},"primaryImageOfPage":{"@id":"https:\/\/www.univ-mila.dz\/?page_id=2535&lang=fr#primaryimage"},"image":{"@id":"https:\/\/www.univ-mila.dz\/?page_id=2535&lang=fr#primaryimage"},"thumbnailUrl":"https:\/\/www.univ-mila.dz\/wp-content\/uploads\/2020\/01\/pdfAR.png","datePublished":"2020-01-16T09:08:58+00:00","dateModified":"2025-10-27T13:19:53+00:00","inLanguage":"ar","potentialAction":[{"@type":"ReadAction","target":["https:\/\/www.univ-mila.dz\/?page_id=2535&lang=fr"]}]},{"@type":"ImageObject","inLanguage":"ar","@id":"https:\/\/www.univ-mila.dz\/?page_id=2535&lang=fr#primaryimage","url":"https:\/\/www.univ-mila.dz\/wp-content\/uploads\/2020\/01\/pdfAR.png","contentUrl":"https:\/\/www.univ-mila.dz\/wp-content\/uploads\/2020\/01\/pdfAR.png","width":35,"height":35},{"@type":"WebSite","@id":"https:\/\/www.univ-mila.dz\/#website","url":"https:\/\/www.univ-mila.dz\/","name":"\u062c\u0627\u0645\u0639\u0629 \u0639\u0628\u062f \u0627\u0644\u062d\u0641\u064a\u0638 \u0628\u0648\u0627\u0644\u0635\u0648\u0641","description":"\u0645\u064a\u0644\u0629","publisher":{"@id":"https:\/\/www.univ-mila.dz\/#organization"},"potentialAction":[{"@type":"SearchAction","target":{"@type":"EntryPoint","urlTemplate":"https:\/\/www.univ-mila.dz\/?s={search_term_string}"},"query-input":{"@type":"PropertyValueSpecification","valueRequired":true,"valueName":"search_term_string"}}],"inLanguage":"ar"},{"@type":"Organization","@id":"https:\/\/www.univ-mila.dz\/#organization","name":"\u062c\u0627\u0645\u0639\u0629 \u0639\u0628\u062f \u0627\u0644\u062d\u0641\u064a\u0638 \u0628\u0648\u0627\u0644\u0635\u0648\u0641 - \u0645\u064a\u0644\u0629","url":"https:\/\/www.univ-mila.dz\/","logo":{"@type":"ImageObject","inLanguage":"ar","@id":"https:\/\/www.univ-mila.dz\/#\/schema\/logo\/image\/","url":"http:\/\/www.centre-univ-mila.dz\/wp-content\/uploads\/2019\/02\/1416395352cumtransparent.png","contentUrl":"http:\/\/www.centre-univ-mila.dz\/wp-content\/uploads\/2019\/02\/1416395352cumtransparent.png","width":208,"height":268,"caption":"\u062c\u0627\u0645\u0639\u0629 \u0639\u0628\u062f \u0627\u0644\u062d\u0641\u064a\u0638 \u0628\u0648\u0627\u0644\u0635\u0648\u0641 - \u0645\u064a\u0644\u0629"},"image":{"@id":"https:\/\/www.univ-mila.dz\/#\/schema\/logo\/image\/"},"sameAs":["https:\/\/www.facebook.com\/univmila\/","https:\/\/x.com\/univmila","https:\/\/www.youtube.com\/channel\/UC9--lQO1WBvXm38B70e9u5w"]}]}},"_links":{"self":[{"href":"https:\/\/www.univ-mila.dz\/index.php?rest_route=\/wp\/v2\/pages\/2535","targetHints":{"allow":["GET"]}}],"collection":[{"href":"https:\/\/www.univ-mila.dz\/index.php?rest_route=\/wp\/v2\/pages"}],"about":[{"href":"https:\/\/www.univ-mila.dz\/index.php?rest_route=\/wp\/v2\/types\/page"}],"author":[{"embeddable":true,"href":"https:\/\/www.univ-mila.dz\/index.php?rest_route=\/wp\/v2\/users\/1"}],"replies":[{"embeddable":true,"href":"https:\/\/www.univ-mila.dz\/index.php?rest_route=%2Fwp%2Fv2%2Fcomments&post=2535"}],"version-history":[{"count":13,"href":"https:\/\/www.univ-mila.dz\/index.php?rest_route=\/wp\/v2\/pages\/2535\/revisions"}],"predecessor-version":[{"id":32736,"href":"https:\/\/www.univ-mila.dz\/index.php?rest_route=\/wp\/v2\/pages\/2535\/revisions\/32736"}],"wp:attachment":[{"href":"https:\/\/www.univ-mila.dz\/index.php?rest_route=%2Fwp%2Fv2%2Fmedia&parent=2535"}],"curies":[{"name":"wp","href":"https:\/\/api.w.org\/{rel}","templated":true}]}}