{"id":21820,"date":"2023-06-07T11:57:29","date_gmt":"2023-06-07T10:57:29","guid":{"rendered":"https:\/\/www.univ-mila.dz\/?page_id=21820"},"modified":"2025-11-02T11:06:23","modified_gmt":"2025-11-02T10:06:23","slug":"faculte-mathematiques-et-informatiques","status":"publish","type":"page","link":"https:\/\/www.univ-mila.dz\/?page_id=21820&lang=fr","title":{"rendered":"Facult\u00e9 de Math\u00e9matiques et informatique"},"content":{"rendered":"<p style=\"text-align: left;\">[vc_row][vc_column][vc_column_text]<\/p>\n<p class=\"textheader\" style=\"text-align: left;\">Missions de la facult\u00e9<\/p>\n<div class=\"noteright\" style=\"text-align: left;\">\n<p title=\"T\u00e9l\u00e9phone\"><i class=\"fa fa-phone\"><\/i>:<\/p>\n<p title=\"Fax\"><i class=\"fa fa-fax\"><\/i>:<\/p>\n<p title=\"Email\"><a href=\"mailto:inst.sc.tech@centre-univ-mila.dz\"><i class=\"fa fa-envelope\"><\/i>: <\/a><span style=\"color: #800000;\"><strong><a style=\"color: #800000;\" href=\"mailto:inst.mi@centre-univ-mila.dz\">inst.mi@centre-univ-mila.dz<\/a><\/strong><\/span><\/p>\n<p title=\"Facebook\"><i class=\"fa fa-facebook-official\"><\/i>:<a style=\"color: #800000;\" href=\"https:\/\/www.facebook.com\/UnivMilaMI\"><strong> facebook.com <\/strong><\/a><\/p>\n<\/div>\n<p style=\"text-align: left;\">La facult\u00e9 a \u00e9t\u00e9 \u00e9tabli en 2022 par le d\u00e9cret ex\u00e9cutif 22-394 en date du 21 novembre 2022, qui modifie le d\u00e9cret ex\u00e9cutif 08-204 en date du 9 juillet 2008. La mission de la facult\u00e9 est de fournir aux \u00e9tudiants une formation de haute qualit\u00e9 dans les domaines des math\u00e9matiques et de l&#8217;informatique. Cela facilite l&#8217;int\u00e9gration professionnelle des \u00e9tudiants et leur contribution efficace au d\u00e9veloppement du pays et de la r\u00e9gion dans ces domaines technologiques en rapide \u00e9volution.<\/p>\n<p class=\"textheader\" style=\"text-align: left;\">Gestion de la facult\u00e9<\/p>\n<ul style=\"text-align: left;\">\n<li><strong>Directeur de la facult\u00e9 :<\/strong> Professeur Mohammed Salah Abdelouahab <span class=\"C9DxTc \">(<span style=\"color: #800000;\"><strong>m.abdelouahab@centre-univ-mila.dz<\/strong><\/span>)<\/span><\/li>\n<li><strong>Directeur adjoint pour les \u00e9tudes de premier cycle :<\/strong> Mourad Guettiche Ma\u00eetre de Conf\u00e9rences classe A <span class=\"C9DxTc \"><span style=\"color: #800000;\">(<strong>m.guettiche@centre-univ-mila.dz<\/strong><\/span>)<\/span><\/li>\n<li><strong>Directeur adjoint pour les \u00e9tudes post-universitaires et la recherche scientifique :<\/strong> Salim Djaaboub Ma\u00eetre de Conf\u00e9rences classe B <span class=\"C9DxTc \">(<span style=\"color: #800000;\"><strong>s.djaaboub@centre-univ-mila.dz<\/strong><\/span>)<\/span><\/li>\n<li><strong>Directrice adjointe pour l&#8217;administration et les finances :<\/strong> Mademoiselle FENNOUR Samia <span class=\"C9DxTc \">(<span style=\"color: #800000;\"><strong>samia.fennour@centre-univ-mila.dz<\/strong><\/span>)<\/span><\/li>\n<\/ul>\n<p class=\"textheader\" style=\"text-align: left;\">D\u00e9partements<\/p>\n<p style=\"text-align: left;\">La facult\u00e9 comprend deux d\u00e9partements :<\/p>\n<ul style=\"text-align: left;\">\n<li>D\u00e9partement de Math\u00e9matiques.\n<p class=\"zfr3Q CDt4Ke \" dir=\"rtl\"><strong><span class=\"C9DxTc \">Chef du D\u00e9partement :<\/span><\/strong><span class=\"C9DxTc \"> Boukaf Samira Ma\u00eetre de Conf\u00e9rences classe A (<span style=\"color: #800000;\"><strong>s.boukaf@centre-univ-mila.dz<\/strong><\/span>)<br \/>\n<\/span><\/p>\n<\/li>\n<li>D\u00e9partement d&#8217;Informatique.\n<p class=\"zfr3Q CDt4Ke \" dir=\"rtl\"><strong><span class=\"C9DxTc \">Chef du D\u00e9partement : <\/span><\/strong><span class=\"C9DxTc \">Said Meghzili Ma\u00eetre de Conf\u00e9rences classe B (<strong><span style=\"color: #800000;\">s.meghzili@centre-univ-mila.dz<\/span><\/strong>)<br \/>\n<\/span><\/p>\n<\/li>\n<\/ul>\n<p class=\"textheader\" style=\"text-align: left;\">Offres de Formation<\/p>\n<p style=\"text-align: left;\">La facult\u00e9 de Math\u00e9matiques et d&#8217;Informatique offre une formation p\u00e9dagogique en Licence et Master dans toutes les sp\u00e9cialit\u00e9s des domaines des math\u00e9matiques et de l&#8217;informatique.<\/p>\n<p class=\"smallheader\" style=\"text-align: left;\">Programme de Licence<\/p>\n<p style=\"text-align: left;\"><strong>1- Fili\u00e8re Informatique<\/strong><\/p>\n<ul style=\"text-align: left;\">\n<li><span style=\"color: #0000ff;\"><strong><a style=\"color: #0000ff;\" href=\"https:\/\/www.univ-mila.dz\/?page_id=11571&amp;lang=fr\">Syst\u00e8mes informatiques (<em>licence acad\u00e9mique)<\/em><\/a><\/strong><\/span>.<\/li>\n<\/ul>\n<p style=\"text-align: left;\"><strong>2- Fili\u00e8re Math\u00e9matiques<\/strong><\/p>\n<ul style=\"text-align: left;\">\n<li><span style=\"color: #0000ff;\"><strong><a style=\"color: #0000ff;\" href=\"https:\/\/www.univ-mila.dz\/?page_id=12745&amp;lang=fr\">Math\u00e9matiques (<em>licence acad\u00e9mique)<\/em>.<\/a><\/strong><\/span><\/li>\n<\/ul>\n<p style=\"text-align: left;\"><strong>3- Fili\u00e8re Math\u00e9matiques Appliqu\u00e9es<\/strong><\/p>\n<ul style=\"text-align: left;\">\n<li><span style=\"color: #0000ff;\"><a style=\"color: #0000ff;\" href=\"https:\/\/www.univ-mila.dz\/?page_id=20559&amp;lang=fr\"><strong>Math\u00e9matiques appliqu\u00e9es (<em>licence acad\u00e9mique)<\/em>.<\/strong><\/a><\/span><\/li>\n<\/ul>\n<p class=\"smallheader\" style=\"text-align: left;\">Programme de Master<\/p>\n<p style=\"text-align: left;\"><strong>1- Fili\u00e8re Informatique<\/strong><\/p>\n<ul style=\"text-align: left;\">\n<li><span style=\"color: #0000ff;\"><strong><a style=\"color: #0000ff;\" href=\"https:\/\/www.univ-mila.dz\/?page_id=12724&amp;lang=fr\">Sciences et technologies de l\u2019information et de la communication (<em>master professionnel)<\/em>.<\/a><\/strong><\/span><\/li>\n<li><span style=\"color: #0000ff;\"><strong><a style=\"color: #0000ff;\" href=\"https:\/\/www.univ-mila.dz\/?page_id=20548&amp;lang=fr\">Intelligence Artificielle et ses Applications (<em>master <\/em><em>acad\u00e9mique)<\/em><\/a>.<\/strong><\/span><\/li>\n<\/ul>\n<p style=\"text-align: left;\"><strong>2- Fili\u00e8re Math\u00e9matiques<\/strong><\/p>\n<ul style=\"text-align: left;\">\n<li><span style=\"color: #0000ff;\"><strong><a style=\"color: #0000ff;\" href=\"https:\/\/www.univ-mila.dz\/?page_id=11588&amp;lang=fr\">Math\u00e9matiques appliqu\u00e9es (<em>master acad\u00e9mique)<\/em>.<\/a><\/strong><\/span><\/li>\n<li><span style=\"color: #0000ff;\"><strong><a style=\"color: #0000ff;\" href=\"https:\/\/www.univ-mila.dz\/?page_id=11621&amp;lang=fr\">Math\u00e9matiques fondamentales (<em>master acad\u00e9mique)<\/em>.<\/a><\/strong><\/span><\/li>\n<\/ul>\n<p style=\"text-align: left;\"><strong>3- Fili\u00e8re Math\u00e9matiques Appliqu\u00e9es<\/strong><\/p>\n<ul style=\"text-align: left;\">\n<li><span style=\"color: #0000ff;\"><a style=\"color: #0000ff;\" href=\"https:\/\/www.univ-mila.dz\/?page_id=29729&amp;lang=fr\"><strong>Mod\u00e9lisation Math\u00e9matique et Techniques de D\u00e9cision (Master acad\u00e9mique)<\/strong><\/a><\/span><\/li>\n<\/ul>\n<p class=\"smallheader\" style=\"text-align: left;\">Programme Doctoral<\/p>\n<p style=\"text-align: left;\">l&#8217;universit\u00e9 a \u00e9t\u00e9 accr\u00e9dit\u00e9 pour offrir une formation doctorale dans le d\u00e9partement de Math\u00e9matiques depuis 2016 et dans le d\u00e9partement d&#8217;Informatique depuis 2021.<\/p>\n<p class=\"textheader\" style=\"text-align: left;\">Recherche Scientifique<\/p>\n<p style=\"text-align: left;\">la facult\u00e9 de Math\u00e9matiques et d&#8217;Informatique comprend deux laboratoires de recherche :<\/p>\n<ul style=\"text-align: left;\">\n<li><span style=\"color: #0000ff;\"><strong><a style=\"color: #0000ff;\" href=\"http:\/\/melilab.centre-univ-mila.dz\/\" target=\"_blank\" rel=\"noopener noreferrer\">Laboratoire des Math\u00e9matiques et de ses Interactions<\/a><\/strong><\/span><\/li>\n<\/ul>\n<p style=\"text-align: left;\"><strong>Directeur du laboratoire :<\/strong> Professeur Nasr-eddine Hamri (<strong><span style=\"color: #800000;\">n.hamri@centre-univ-mila.dz<\/span><\/strong>)<\/p>\n<ul style=\"text-align: left;\">\n<li><span class=\"C9DxTc \">Laboratoire d&#8217;Informatique et d&#8217;Intelligence Artificielle<\/span><\/li>\n<\/ul>\n<p style=\"text-align: left;\"><strong>Directeur du laboratoire :<\/strong> Bouchemal Nardjes <span class=\"C9DxTc \">Ma\u00eetre de Conf\u00e9rences classe A<\/span> (<strong><span style=\"color: #800000;\">n.bouchemal@centre-univ-mila.dz<\/span><\/strong>)<\/p>\n<p class=\"textheader\">Informations de Contact<\/p>\n<p>Pour toute demande, veuillez nous contacter via les adresses email suivantes :<\/p>\n<ul>\n<li><span class=\"C9DxTc\">Scolarite de la facult\u00e9 :<\/span><strong><span class=\"C9DxTc\" style=\"color: #800000;\">scolarite.mi@centre-univ-mila.dz<\/span><\/strong><\/li>\n<\/ul>\n<ul>\n<li><span class=\"C9DxTc\"> Postgraduate et de la Recherche Scientifique :<\/span><strong><span style=\"color: #800000;\"><span class=\"C9DxTc\">sd.pg_rech.mi@centre-univ-mila.dz<\/span><\/span><\/strong><\/li>\n<\/ul>\n<p style=\"text-align: left;\">[vc_row][vc_column][vc_column_text]<\/p>\n","protected":false},"excerpt":{"rendered":"<p>[vc_row][vc_column][vc_column_text] Missions de la facult\u00e9 : : : inst.mi@centre-univ-mila.dz : facebook.com La facult\u00e9 a \u00e9t\u00e9 \u00e9tabli en 2022 par le d\u00e9cret ex\u00e9cutif 22-394 en date du 21 novembre 2022, qui modifie le d\u00e9cret ex\u00e9cutif 08-204 en date du 9 juillet 2008. La mission de la facult\u00e9 est de fournir aux \u00e9tudiants une formation de haute [&hellip;]<\/p>\n","protected":false},"author":4,"featured_media":736,"parent":0,"menu_order":0,"comment_status":"closed","ping_status":"closed","template":"","meta":{"footnotes":""},"class_list":["post-21820","page","type-page","status-publish","has-post-thumbnail","hentry"],"yoast_head":"<!-- This site is optimized with the Yoast SEO plugin v26.3 - https:\/\/yoast.com\/wordpress\/plugins\/seo\/ -->\n<title>Facult\u00e9 de Math\u00e9matiques et informatique - \u062c\u0627\u0645\u0639\u0629 \u0645\u064a\u0644\u0629<\/title>\n<meta name=\"robots\" content=\"index, follow, max-snippet:-1, max-image-preview:large, max-video-preview:-1\" \/>\n<link rel=\"canonical\" href=\"https:\/\/www.univ-mila.dz\/?page_id=21820&lang=fr\" \/>\n<meta property=\"og:locale\" content=\"ar_AR\" \/>\n<meta property=\"og:type\" content=\"article\" \/>\n<meta property=\"og:title\" content=\"Facult\u00e9 de Math\u00e9matiques et informatique - \u062c\u0627\u0645\u0639\u0629 \u0645\u064a\u0644\u0629\" \/>\n<meta property=\"og:description\" content=\"[vc_row][vc_column][vc_column_text] Missions de la facult\u00e9 : : : inst.mi@centre-univ-mila.dz : facebook.com La facult\u00e9 a \u00e9t\u00e9 \u00e9tabli en 2022 par le d\u00e9cret ex\u00e9cutif 22-394 en date du 21 novembre 2022, qui modifie le d\u00e9cret ex\u00e9cutif 08-204 en date du 9 juillet 2008. La mission de la facult\u00e9 est de fournir aux \u00e9tudiants une formation de haute [&hellip;]\" \/>\n<meta property=\"og:url\" content=\"https:\/\/www.univ-mila.dz\/?page_id=21820&amp;lang=fr\" \/>\n<meta property=\"og:site_name\" content=\"\u062c\u0627\u0645\u0639\u0629 \u0645\u064a\u0644\u0629\" \/>\n<meta property=\"article:publisher\" content=\"https:\/\/www.facebook.com\/univmila\/\" \/>\n<meta property=\"article:modified_time\" content=\"2025-11-02T10:06:23+00:00\" \/>\n<meta property=\"og:image\" content=\"https:\/\/www.univ-mila.dz\/wp-content\/uploads\/2019\/03\/20228821_1234267920034430_282399053964769760_n.jpg\" \/>\n\t<meta property=\"og:image:width\" content=\"640\" \/>\n\t<meta property=\"og:image:height\" content=\"480\" \/>\n\t<meta property=\"og:image:type\" content=\"image\/jpeg\" \/>\n<meta name=\"twitter:card\" content=\"summary_large_image\" \/>\n<meta name=\"twitter:site\" content=\"@univmila\" \/>\n<meta name=\"twitter:label1\" content=\"\u0648\u0642\u062a \u0627\u0644\u0642\u0631\u0627\u0621\u0629 \u0627\u0644\u0645\u064f\u0642\u062f\u0651\u0631\" \/>\n\t<meta name=\"twitter:data1\" content=\"3 \u062f\u0642\u0627\u0626\u0642\" \/>\n<script type=\"application\/ld+json\" class=\"yoast-schema-graph\">{\"@context\":\"https:\/\/schema.org\",\"@graph\":[{\"@type\":\"WebPage\",\"@id\":\"https:\/\/www.univ-mila.dz\/?page_id=21820&lang=fr\",\"url\":\"https:\/\/www.univ-mila.dz\/?page_id=21820&lang=fr\",\"name\":\"Facult\u00e9 de Math\u00e9matiques et informatique - \u062c\u0627\u0645\u0639\u0629 \u0645\u064a\u0644\u0629\",\"isPartOf\":{\"@id\":\"https:\/\/www.univ-mila.dz\/#website\"},\"primaryImageOfPage\":{\"@id\":\"https:\/\/www.univ-mila.dz\/?page_id=21820&lang=fr#primaryimage\"},\"image\":{\"@id\":\"https:\/\/www.univ-mila.dz\/?page_id=21820&lang=fr#primaryimage\"},\"thumbnailUrl\":\"https:\/\/www.univ-mila.dz\/wp-content\/uploads\/2019\/03\/20228821_1234267920034430_282399053964769760_n.jpg\",\"datePublished\":\"2023-06-07T10:57:29+00:00\",\"dateModified\":\"2025-11-02T10:06:23+00:00\",\"inLanguage\":\"ar\",\"potentialAction\":[{\"@type\":\"ReadAction\",\"target\":[\"https:\/\/www.univ-mila.dz\/?page_id=21820&lang=fr\"]}]},{\"@type\":\"ImageObject\",\"inLanguage\":\"ar\",\"@id\":\"https:\/\/www.univ-mila.dz\/?page_id=21820&lang=fr#primaryimage\",\"url\":\"https:\/\/www.univ-mila.dz\/wp-content\/uploads\/2019\/03\/20228821_1234267920034430_282399053964769760_n.jpg\",\"contentUrl\":\"https:\/\/www.univ-mila.dz\/wp-content\/uploads\/2019\/03\/20228821_1234267920034430_282399053964769760_n.jpg\",\"width\":640,\"height\":480},{\"@type\":\"WebSite\",\"@id\":\"https:\/\/www.univ-mila.dz\/#website\",\"url\":\"https:\/\/www.univ-mila.dz\/\",\"name\":\"\u062c\u0627\u0645\u0639\u0629 \u0639\u0628\u062f \u0627\u0644\u062d\u0641\u064a\u0638 \u0628\u0648\u0627\u0644\u0635\u0648\u0641\",\"description\":\"\u0645\u064a\u0644\u0629\",\"publisher\":{\"@id\":\"https:\/\/www.univ-mila.dz\/#organization\"},\"potentialAction\":[{\"@type\":\"SearchAction\",\"target\":{\"@type\":\"EntryPoint\",\"urlTemplate\":\"https:\/\/www.univ-mila.dz\/?s={search_term_string}\"},\"query-input\":{\"@type\":\"PropertyValueSpecification\",\"valueRequired\":true,\"valueName\":\"search_term_string\"}}],\"inLanguage\":\"ar\"},{\"@type\":\"Organization\",\"@id\":\"https:\/\/www.univ-mila.dz\/#organization\",\"name\":\"\u062c\u0627\u0645\u0639\u0629 \u0639\u0628\u062f \u0627\u0644\u062d\u0641\u064a\u0638 \u0628\u0648\u0627\u0644\u0635\u0648\u0641 - \u0645\u064a\u0644\u0629\",\"url\":\"https:\/\/www.univ-mila.dz\/\",\"logo\":{\"@type\":\"ImageObject\",\"inLanguage\":\"ar\",\"@id\":\"https:\/\/www.univ-mila.dz\/#\/schema\/logo\/image\/\",\"url\":\"http:\/\/www.centre-univ-mila.dz\/wp-content\/uploads\/2019\/02\/1416395352cumtransparent.png\",\"contentUrl\":\"http:\/\/www.centre-univ-mila.dz\/wp-content\/uploads\/2019\/02\/1416395352cumtransparent.png\",\"width\":208,\"height\":268,\"caption\":\"\u062c\u0627\u0645\u0639\u0629 \u0639\u0628\u062f \u0627\u0644\u062d\u0641\u064a\u0638 \u0628\u0648\u0627\u0644\u0635\u0648\u0641 - \u0645\u064a\u0644\u0629\"},\"image\":{\"@id\":\"https:\/\/www.univ-mila.dz\/#\/schema\/logo\/image\/\"},\"sameAs\":[\"https:\/\/www.facebook.com\/univmila\/\",\"https:\/\/x.com\/univmila\",\"https:\/\/www.youtube.com\/channel\/UC9--lQO1WBvXm38B70e9u5w\"]}]}<\/script>\n<!-- \/ Yoast SEO plugin. -->","yoast_head_json":{"title":"Facult\u00e9 de Math\u00e9matiques et informatique - \u062c\u0627\u0645\u0639\u0629 \u0645\u064a\u0644\u0629","robots":{"index":"index","follow":"follow","max-snippet":"max-snippet:-1","max-image-preview":"max-image-preview:large","max-video-preview":"max-video-preview:-1"},"canonical":"https:\/\/www.univ-mila.dz\/?page_id=21820&lang=fr","og_locale":"ar_AR","og_type":"article","og_title":"Facult\u00e9 de Math\u00e9matiques et informatique - \u062c\u0627\u0645\u0639\u0629 \u0645\u064a\u0644\u0629","og_description":"[vc_row][vc_column][vc_column_text] Missions de la facult\u00e9 : : : inst.mi@centre-univ-mila.dz : facebook.com La facult\u00e9 a \u00e9t\u00e9 \u00e9tabli en 2022 par le d\u00e9cret ex\u00e9cutif 22-394 en date du 21 novembre 2022, qui modifie le d\u00e9cret ex\u00e9cutif 08-204 en date du 9 juillet 2008. La mission de la facult\u00e9 est de fournir aux \u00e9tudiants une formation de haute [&hellip;]","og_url":"https:\/\/www.univ-mila.dz\/?page_id=21820&lang=fr","og_site_name":"\u062c\u0627\u0645\u0639\u0629 \u0645\u064a\u0644\u0629","article_publisher":"https:\/\/www.facebook.com\/univmila\/","article_modified_time":"2025-11-02T10:06:23+00:00","og_image":[{"width":640,"height":480,"url":"https:\/\/www.univ-mila.dz\/wp-content\/uploads\/2019\/03\/20228821_1234267920034430_282399053964769760_n.jpg","type":"image\/jpeg"}],"twitter_card":"summary_large_image","twitter_site":"@univmila","twitter_misc":{"\u0648\u0642\u062a \u0627\u0644\u0642\u0631\u0627\u0621\u0629 \u0627\u0644\u0645\u064f\u0642\u062f\u0651\u0631":"3 \u062f\u0642\u0627\u0626\u0642"},"schema":{"@context":"https:\/\/schema.org","@graph":[{"@type":"WebPage","@id":"https:\/\/www.univ-mila.dz\/?page_id=21820&lang=fr","url":"https:\/\/www.univ-mila.dz\/?page_id=21820&lang=fr","name":"Facult\u00e9 de Math\u00e9matiques et informatique - \u062c\u0627\u0645\u0639\u0629 \u0645\u064a\u0644\u0629","isPartOf":{"@id":"https:\/\/www.univ-mila.dz\/#website"},"primaryImageOfPage":{"@id":"https:\/\/www.univ-mila.dz\/?page_id=21820&lang=fr#primaryimage"},"image":{"@id":"https:\/\/www.univ-mila.dz\/?page_id=21820&lang=fr#primaryimage"},"thumbnailUrl":"https:\/\/www.univ-mila.dz\/wp-content\/uploads\/2019\/03\/20228821_1234267920034430_282399053964769760_n.jpg","datePublished":"2023-06-07T10:57:29+00:00","dateModified":"2025-11-02T10:06:23+00:00","inLanguage":"ar","potentialAction":[{"@type":"ReadAction","target":["https:\/\/www.univ-mila.dz\/?page_id=21820&lang=fr"]}]},{"@type":"ImageObject","inLanguage":"ar","@id":"https:\/\/www.univ-mila.dz\/?page_id=21820&lang=fr#primaryimage","url":"https:\/\/www.univ-mila.dz\/wp-content\/uploads\/2019\/03\/20228821_1234267920034430_282399053964769760_n.jpg","contentUrl":"https:\/\/www.univ-mila.dz\/wp-content\/uploads\/2019\/03\/20228821_1234267920034430_282399053964769760_n.jpg","width":640,"height":480},{"@type":"WebSite","@id":"https:\/\/www.univ-mila.dz\/#website","url":"https:\/\/www.univ-mila.dz\/","name":"\u062c\u0627\u0645\u0639\u0629 \u0639\u0628\u062f \u0627\u0644\u062d\u0641\u064a\u0638 \u0628\u0648\u0627\u0644\u0635\u0648\u0641","description":"\u0645\u064a\u0644\u0629","publisher":{"@id":"https:\/\/www.univ-mila.dz\/#organization"},"potentialAction":[{"@type":"SearchAction","target":{"@type":"EntryPoint","urlTemplate":"https:\/\/www.univ-mila.dz\/?s={search_term_string}"},"query-input":{"@type":"PropertyValueSpecification","valueRequired":true,"valueName":"search_term_string"}}],"inLanguage":"ar"},{"@type":"Organization","@id":"https:\/\/www.univ-mila.dz\/#organization","name":"\u062c\u0627\u0645\u0639\u0629 \u0639\u0628\u062f \u0627\u0644\u062d\u0641\u064a\u0638 \u0628\u0648\u0627\u0644\u0635\u0648\u0641 - \u0645\u064a\u0644\u0629","url":"https:\/\/www.univ-mila.dz\/","logo":{"@type":"ImageObject","inLanguage":"ar","@id":"https:\/\/www.univ-mila.dz\/#\/schema\/logo\/image\/","url":"http:\/\/www.centre-univ-mila.dz\/wp-content\/uploads\/2019\/02\/1416395352cumtransparent.png","contentUrl":"http:\/\/www.centre-univ-mila.dz\/wp-content\/uploads\/2019\/02\/1416395352cumtransparent.png","width":208,"height":268,"caption":"\u062c\u0627\u0645\u0639\u0629 \u0639\u0628\u062f \u0627\u0644\u062d\u0641\u064a\u0638 \u0628\u0648\u0627\u0644\u0635\u0648\u0641 - \u0645\u064a\u0644\u0629"},"image":{"@id":"https:\/\/www.univ-mila.dz\/#\/schema\/logo\/image\/"},"sameAs":["https:\/\/www.facebook.com\/univmila\/","https:\/\/x.com\/univmila","https:\/\/www.youtube.com\/channel\/UC9--lQO1WBvXm38B70e9u5w"]}]}},"_links":{"self":[{"href":"https:\/\/www.univ-mila.dz\/index.php?rest_route=\/wp\/v2\/pages\/21820","targetHints":{"allow":["GET"]}}],"collection":[{"href":"https:\/\/www.univ-mila.dz\/index.php?rest_route=\/wp\/v2\/pages"}],"about":[{"href":"https:\/\/www.univ-mila.dz\/index.php?rest_route=\/wp\/v2\/types\/page"}],"author":[{"embeddable":true,"href":"https:\/\/www.univ-mila.dz\/index.php?rest_route=\/wp\/v2\/users\/4"}],"replies":[{"embeddable":true,"href":"https:\/\/www.univ-mila.dz\/index.php?rest_route=%2Fwp%2Fv2%2Fcomments&post=21820"}],"version-history":[{"count":21,"href":"https:\/\/www.univ-mila.dz\/index.php?rest_route=\/wp\/v2\/pages\/21820\/revisions"}],"predecessor-version":[{"id":32832,"href":"https:\/\/www.univ-mila.dz\/index.php?rest_route=\/wp\/v2\/pages\/21820\/revisions\/32832"}],"wp:featuredmedia":[{"embeddable":true,"href":"https:\/\/www.univ-mila.dz\/index.php?rest_route=\/wp\/v2\/media\/736"}],"wp:attachment":[{"href":"https:\/\/www.univ-mila.dz\/index.php?rest_route=%2Fwp%2Fv2%2Fmedia&parent=21820"}],"curies":[{"name":"wp","href":"https:\/\/api.w.org\/{rel}","templated":true}]}}