{"id":21302,"date":"2023-03-27T11:38:38","date_gmt":"2023-03-27T10:38:38","guid":{"rendered":"https:\/\/www.univ-mila.dz\/?page_id=21302"},"modified":"2023-03-27T12:59:08","modified_gmt":"2023-03-27T11:59:08","slug":"toutes-les-specialite-dans-le-domaine-de-la-langue-et-de-la-litterature-arabes","status":"publish","type":"page","link":"https:\/\/www.univ-mila.dz\/?page_id=21302&lang=fr","title":{"rendered":"Toutes les Sp\u00e9cialit\u00e9 dans le domaine de la langue et de la litt\u00e9rature arabes"},"content":{"rendered":"<p class=\"textheader\">Informations g\u00e9n\u00e9rales<\/p>\n<div class=\"noteright\">\n<p style=\"text-align: left;\" title=\"T\u00e9l\u00e9phone\"><i class=\"fa fa-phone\"><\/i>: <span style=\"color: #800000;\"><b>&#8230;&#8230;&#8230;&#8230;&#8230;&#8230;&#8230;&#8230;&#8230;&#8230;&#8230;&#8230;&#8230;&#8230;&#8230;..<\/b><\/span><\/p>\n<p style=\"text-align: left;\" title=\"Fax\"><i class=\"fa fa-fax\"><\/i>: <strong><span style=\"color: #800000;\">&#8230;&#8230;&#8230;&#8230;.<b>&#8230;&#8230;&#8230;&#8230;&#8230;..<\/b>&#8230;&#8230;&#8230;&#8230;&#8230;..<\/span><\/strong><\/p>\n<p style=\"text-align: left;\" title=\"Courriel\"><span style=\"color: #800000;\"><span style=\"color: #333333;\"><a style=\"color: #333333;\" href=\"f.boulkroun@centre-univ-mila.dz\"><i class=\"fa fa-envelope\"><\/i>: <span style=\"color: #800000;\"><b>&#8230;&#8230;&#8230;&#8230;&#8230;&#8230;&#8230;&#8230;&#8230;&#8230;&#8230;&#8230;&#8230;&#8230;&#8230;..<\/b><\/span><\/a><\/span><\/span><\/p>\n<\/div>\n<ul>\n<li><strong>Cycle<\/strong> : Licence\/Master .<\/li>\n<li><strong>Domaine<\/strong> : Langue et litt\u00e9rature arabes.<\/li>\n<li><strong>Fili\u00e8re<\/strong> :\u00c9tudes litt\u00e9raires + \u00e9tudes linguistiques.<\/li>\n<li><strong>Sp\u00e9cialit\u00e9<\/strong> <strong>(Intitul\u00e9 de la formation)<\/strong> : \u2022 La Fili\u00e8re des \u00e9tudes litt\u00e9raires comprend\u00a0: &#8220;Le tronc commun de la litt\u00e9rature arabe, les deuxi\u00e8mes \u00e9tudes litt\u00e9raires, la troisi\u00e8me litt\u00e9rature arabe, master litt\u00e9rature arabe ancienne, master litt\u00e9rature moderne et contemporaine, master litt\u00e9rature alg\u00e9rienne&#8221;<br \/>\n\u2022 La Fili\u00e8re\u00a0des \u00e9tudes linguistiques comprend\u00a0: &#8220;Le tronc commun de la litt\u00e9rature arabe, deuxi\u00e8me \u00e9tudes de langues, troisi\u00e8me linguistique appliqu\u00e9e, master linguistique appliqu\u00e9e et master linguistique arabe&#8221;.<\/li>\n<li><strong>Dur\u00e9e de la formation<\/strong> : Licence: trois ans; Master: deux ans; Le total est cinq ans.<\/li>\n<\/ul>\n<p>&nbsp;<\/p>\n<p class=\"textheader\">Pr\u00e9sentation de la formation<\/p>\n<p class=\"smallheader\">Objectif de la formation<\/p>\n<p>\u00a0Ce projet vise \u00e0 cr\u00e9er l&#8217;\u00e9tudiant afin d&#8217;obtenir le premier dipl\u00f4me universitaire d\u00e9livr\u00e9 par le syst\u00e8me de L, M et D, qui est un baccalaur\u00e9at, de nature acad\u00e9mique, o\u00f9 il est obtenu apr\u00e8s une \u00e9tude de 03 ans = 06 semestres Les quatre premiers semestres sont un champ pour acqu\u00e9rir des connaissances de base en Le domaine de la langue et de la litt\u00e9rature arabes en g\u00e9n\u00e9ral, tandis que dans les six derniers, il se tourne vers la sp\u00e9cialisation et la distinction.<\/p>\n<p class=\"smallheader\">Connaissances vis\u00e9es<\/p>\n<p>\u00a0Fournir \u00e0 l&#8217;\u00e9tudiant un \u00e9quilibre des connaissances essentielles dans le domaine de la connaissance de la langue arabe, la familiarit\u00e9 avec sa litt\u00e9rature et l&#8217;apprentissage d&#8217;autres litt\u00e9ratures internationales, et afin d&#8217;acc\u00e9der \u00e0 un degr\u00e9 de comp\u00e9tences diff\u00e9rentes qui en b\u00e9n\u00e9ficient dans son avenir professionnel, d&#8217;autre part, et afin d&#8217;atteindre cet objectif, cette proposition se concentre sur les mat\u00e9riaux de nature Une m\u00e9thodologie n\u00e9cessite de fournir \u00e0 l&#8217;\u00e9tudiant des cl\u00e9s cognitives qui lui permettent d&#8217;acqu\u00e9rir des connaissances dans le domaine de son allocation avec son propre effort autonome dirig\u00e9 par le professeur, puis on peut conclure que la comp\u00e9tence de base que l&#8217;\u00e9tudiant acquiert est la capacit\u00e9 \u00e0 comprendre les textes, l&#8217;\u00e9dition et l&#8217;installation, et \u00e0 acqu\u00e9rir des m\u00e9canismes de critique.<\/p>\n<p class=\"smallheader\">Projets de fin d\u2019\u00e9tude<\/p>\n<ul>\n<li>Une th\u00e8se de fin d&#8217;\u00e9tudes pr\u00e9par\u00e9e par l&#8217;\u00e9tudiant \u00e0 la fin de la Troisi\u00e8me ann\u00e9e licence.<\/li>\n<li>Une th\u00e8se de fin d&#8217;\u00e9tudes pr\u00e9par\u00e9e par l&#8217;\u00e9tudiant \u00e0 la fin de deuxi\u00e8me ann\u00e9e Master.<\/li>\n<\/ul>\n<p class=\"textheader\">Programme<\/p>\n<p><span style=\"color: #0000ff;\"><strong><span style=\"color: #000000;\">Pour t\u00e9l\u00e9charger :<\/span><span style=\"color: #0000ff;\"><a style=\"color: #0000ff;\" href=\"https:\/\/www.univ-mila.dz\/wp-content\/uploads\/2023\/03\/ProgLangArAr.pdf\">Cliquez Ici<\/a><\/span><\/strong><\/span><\/p>\n<p class=\"textheader\">\u00c9tudes et d\u00e9bouch\u00e9s potentiels<\/p>\n<ul>\n<li>L&#8217;\u00e9ducation dans ses diff\u00e9rents domaines.<\/li>\n<li>l&#8217;enseignement sup\u00e9rieur.<\/li>\n<li>M\u00e9dias et presse.<\/li>\n<li>Administration publique.<\/li>\n<\/ul>\n<p>&nbsp;<\/p>\n","protected":false},"excerpt":{"rendered":"<p>Informations g\u00e9n\u00e9rales : &#8230;&#8230;&#8230;&#8230;&#8230;&#8230;&#8230;&#8230;&#8230;&#8230;&#8230;&#8230;&#8230;&#8230;&#8230;.. : &#8230;&#8230;&#8230;&#8230;.&#8230;&#8230;&#8230;&#8230;&#8230;..&#8230;&#8230;&#8230;&#8230;&#8230;.. : &#8230;&#8230;&#8230;&#8230;&#8230;&#8230;&#8230;&#8230;&#8230;&#8230;&#8230;&#8230;&#8230;&#8230;&#8230;.. Cycle : Licence\/Master . Domaine : Langue et litt\u00e9rature arabes. Fili\u00e8re :\u00c9tudes litt\u00e9raires + \u00e9tudes linguistiques. Sp\u00e9cialit\u00e9 (Intitul\u00e9 de la formation) : \u2022 La Fili\u00e8re des \u00e9tudes litt\u00e9raires comprend\u00a0: &#8220;Le tronc commun de la litt\u00e9rature arabe, les deuxi\u00e8mes \u00e9tudes litt\u00e9raires, la troisi\u00e8me litt\u00e9rature arabe, master litt\u00e9rature arabe [&hellip;]<\/p>\n","protected":false},"author":4,"featured_media":7762,"parent":7905,"menu_order":0,"comment_status":"closed","ping_status":"closed","template":"","meta":{"footnotes":""},"class_list":["post-21302","page","type-page","status-publish","has-post-thumbnail","hentry"],"yoast_head":"<!-- This site is optimized with the Yoast SEO plugin v26.3 - https:\/\/yoast.com\/wordpress\/plugins\/seo\/ -->\n<title>Toutes les Sp\u00e9cialit\u00e9 dans le domaine de la langue et de la litt\u00e9rature arabes - \u062c\u0627\u0645\u0639\u0629 \u0645\u064a\u0644\u0629<\/title>\n<meta name=\"robots\" content=\"index, follow, max-snippet:-1, max-image-preview:large, max-video-preview:-1\" \/>\n<link rel=\"canonical\" href=\"https:\/\/www.univ-mila.dz\/?page_id=21302&lang=fr\" \/>\n<meta property=\"og:locale\" content=\"ar_AR\" \/>\n<meta property=\"og:type\" content=\"article\" \/>\n<meta property=\"og:title\" content=\"Toutes les Sp\u00e9cialit\u00e9 dans le domaine de la langue et de la litt\u00e9rature arabes - \u062c\u0627\u0645\u0639\u0629 \u0645\u064a\u0644\u0629\" \/>\n<meta property=\"og:description\" content=\"Informations g\u00e9n\u00e9rales : &#8230;&#8230;&#8230;&#8230;&#8230;&#8230;&#8230;&#8230;&#8230;&#8230;&#8230;&#8230;&#8230;&#8230;&#8230;.. : &#8230;&#8230;&#8230;&#8230;.&#8230;&#8230;&#8230;&#8230;&#8230;..&#8230;&#8230;&#8230;&#8230;&#8230;.. : &#8230;&#8230;&#8230;&#8230;&#8230;&#8230;&#8230;&#8230;&#8230;&#8230;&#8230;&#8230;&#8230;&#8230;&#8230;.. Cycle : Licence\/Master . Domaine : Langue et litt\u00e9rature arabes. Fili\u00e8re :\u00c9tudes litt\u00e9raires + \u00e9tudes linguistiques. Sp\u00e9cialit\u00e9 (Intitul\u00e9 de la formation) : \u2022 La Fili\u00e8re des \u00e9tudes litt\u00e9raires comprend\u00a0: &#8220;Le tronc commun de la litt\u00e9rature arabe, les deuxi\u00e8mes \u00e9tudes litt\u00e9raires, la troisi\u00e8me litt\u00e9rature arabe, master litt\u00e9rature arabe [&hellip;]\" \/>\n<meta property=\"og:url\" content=\"https:\/\/www.univ-mila.dz\/?page_id=21302&amp;lang=fr\" \/>\n<meta property=\"og:site_name\" content=\"\u062c\u0627\u0645\u0639\u0629 \u0645\u064a\u0644\u0629\" \/>\n<meta property=\"article:publisher\" content=\"https:\/\/www.facebook.com\/univmila\/\" \/>\n<meta property=\"article:modified_time\" content=\"2023-03-27T11:59:08+00:00\" \/>\n<meta property=\"og:image\" content=\"https:\/\/www.univ-mila.dz\/wp-content\/uploads\/2020\/06\/Langues-\u00e9trangeres-1.png\" \/>\n\t<meta property=\"og:image:width\" content=\"200\" \/>\n\t<meta property=\"og:image:height\" content=\"200\" \/>\n\t<meta property=\"og:image:type\" content=\"image\/png\" \/>\n<meta name=\"twitter:card\" content=\"summary_large_image\" \/>\n<meta name=\"twitter:site\" content=\"@univmila\" \/>\n<meta name=\"twitter:label1\" content=\"\u0648\u0642\u062a \u0627\u0644\u0642\u0631\u0627\u0621\u0629 \u0627\u0644\u0645\u064f\u0642\u062f\u0651\u0631\" \/>\n\t<meta name=\"twitter:data1\" content=\"3 \u062f\u0642\u0627\u0626\u0642\" \/>\n<script type=\"application\/ld+json\" class=\"yoast-schema-graph\">{\"@context\":\"https:\/\/schema.org\",\"@graph\":[{\"@type\":\"WebPage\",\"@id\":\"https:\/\/www.univ-mila.dz\/?page_id=21302&lang=fr\",\"url\":\"https:\/\/www.univ-mila.dz\/?page_id=21302&lang=fr\",\"name\":\"Toutes les Sp\u00e9cialit\u00e9 dans le domaine de la langue et de la litt\u00e9rature arabes - \u062c\u0627\u0645\u0639\u0629 \u0645\u064a\u0644\u0629\",\"isPartOf\":{\"@id\":\"https:\/\/www.univ-mila.dz\/#website\"},\"primaryImageOfPage\":{\"@id\":\"https:\/\/www.univ-mila.dz\/?page_id=21302&lang=fr#primaryimage\"},\"image\":{\"@id\":\"https:\/\/www.univ-mila.dz\/?page_id=21302&lang=fr#primaryimage\"},\"thumbnailUrl\":\"https:\/\/www.univ-mila.dz\/wp-content\/uploads\/2020\/06\/Langues-\u00e9trangeres-1.png\",\"datePublished\":\"2023-03-27T10:38:38+00:00\",\"dateModified\":\"2023-03-27T11:59:08+00:00\",\"breadcrumb\":{\"@id\":\"https:\/\/www.univ-mila.dz\/?page_id=21302&lang=fr#breadcrumb\"},\"inLanguage\":\"ar\",\"potentialAction\":[{\"@type\":\"ReadAction\",\"target\":[\"https:\/\/www.univ-mila.dz\/?page_id=21302&lang=fr\"]}]},{\"@type\":\"ImageObject\",\"inLanguage\":\"ar\",\"@id\":\"https:\/\/www.univ-mila.dz\/?page_id=21302&lang=fr#primaryimage\",\"url\":\"https:\/\/www.univ-mila.dz\/wp-content\/uploads\/2020\/06\/Langues-\u00e9trangeres-1.png\",\"contentUrl\":\"https:\/\/www.univ-mila.dz\/wp-content\/uploads\/2020\/06\/Langues-\u00e9trangeres-1.png\",\"width\":200,\"height\":200},{\"@type\":\"BreadcrumbList\",\"@id\":\"https:\/\/www.univ-mila.dz\/?page_id=21302&lang=fr#breadcrumb\",\"itemListElement\":[{\"@type\":\"ListItem\",\"position\":1,\"name\":\"Offres de formation\",\"item\":\"https:\/\/www.univ-mila.dz\/?page_id=7868&lang=fr\"},{\"@type\":\"ListItem\",\"position\":2,\"name\":\"Domaine Langue et Litt\u00e9rature Arabes\",\"item\":\"https:\/\/www.univ-mila.dz\/?page_id=7905&lang=fr\"},{\"@type\":\"ListItem\",\"position\":3,\"name\":\"Toutes les Sp\u00e9cialit\u00e9 dans le domaine de la langue et de la litt\u00e9rature arabes\"}]},{\"@type\":\"WebSite\",\"@id\":\"https:\/\/www.univ-mila.dz\/#website\",\"url\":\"https:\/\/www.univ-mila.dz\/\",\"name\":\"\u062c\u0627\u0645\u0639\u0629 \u0639\u0628\u062f \u0627\u0644\u062d\u0641\u064a\u0638 \u0628\u0648\u0627\u0644\u0635\u0648\u0641\",\"description\":\"\u0645\u064a\u0644\u0629\",\"publisher\":{\"@id\":\"https:\/\/www.univ-mila.dz\/#organization\"},\"potentialAction\":[{\"@type\":\"SearchAction\",\"target\":{\"@type\":\"EntryPoint\",\"urlTemplate\":\"https:\/\/www.univ-mila.dz\/?s={search_term_string}\"},\"query-input\":{\"@type\":\"PropertyValueSpecification\",\"valueRequired\":true,\"valueName\":\"search_term_string\"}}],\"inLanguage\":\"ar\"},{\"@type\":\"Organization\",\"@id\":\"https:\/\/www.univ-mila.dz\/#organization\",\"name\":\"\u062c\u0627\u0645\u0639\u0629 \u0639\u0628\u062f \u0627\u0644\u062d\u0641\u064a\u0638 \u0628\u0648\u0627\u0644\u0635\u0648\u0641 - \u0645\u064a\u0644\u0629\",\"url\":\"https:\/\/www.univ-mila.dz\/\",\"logo\":{\"@type\":\"ImageObject\",\"inLanguage\":\"ar\",\"@id\":\"https:\/\/www.univ-mila.dz\/#\/schema\/logo\/image\/\",\"url\":\"http:\/\/www.centre-univ-mila.dz\/wp-content\/uploads\/2019\/02\/1416395352cumtransparent.png\",\"contentUrl\":\"http:\/\/www.centre-univ-mila.dz\/wp-content\/uploads\/2019\/02\/1416395352cumtransparent.png\",\"width\":208,\"height\":268,\"caption\":\"\u062c\u0627\u0645\u0639\u0629 \u0639\u0628\u062f \u0627\u0644\u062d\u0641\u064a\u0638 \u0628\u0648\u0627\u0644\u0635\u0648\u0641 - \u0645\u064a\u0644\u0629\"},\"image\":{\"@id\":\"https:\/\/www.univ-mila.dz\/#\/schema\/logo\/image\/\"},\"sameAs\":[\"https:\/\/www.facebook.com\/univmila\/\",\"https:\/\/x.com\/univmila\",\"https:\/\/www.youtube.com\/channel\/UC9--lQO1WBvXm38B70e9u5w\"]}]}<\/script>\n<!-- \/ Yoast SEO plugin. -->","yoast_head_json":{"title":"Toutes les Sp\u00e9cialit\u00e9 dans le domaine de la langue et de la litt\u00e9rature arabes - \u062c\u0627\u0645\u0639\u0629 \u0645\u064a\u0644\u0629","robots":{"index":"index","follow":"follow","max-snippet":"max-snippet:-1","max-image-preview":"max-image-preview:large","max-video-preview":"max-video-preview:-1"},"canonical":"https:\/\/www.univ-mila.dz\/?page_id=21302&lang=fr","og_locale":"ar_AR","og_type":"article","og_title":"Toutes les Sp\u00e9cialit\u00e9 dans le domaine de la langue et de la litt\u00e9rature arabes - \u062c\u0627\u0645\u0639\u0629 \u0645\u064a\u0644\u0629","og_description":"Informations g\u00e9n\u00e9rales : &#8230;&#8230;&#8230;&#8230;&#8230;&#8230;&#8230;&#8230;&#8230;&#8230;&#8230;&#8230;&#8230;&#8230;&#8230;.. : &#8230;&#8230;&#8230;&#8230;.&#8230;&#8230;&#8230;&#8230;&#8230;..&#8230;&#8230;&#8230;&#8230;&#8230;.. : &#8230;&#8230;&#8230;&#8230;&#8230;&#8230;&#8230;&#8230;&#8230;&#8230;&#8230;&#8230;&#8230;&#8230;&#8230;.. Cycle : Licence\/Master . Domaine : Langue et litt\u00e9rature arabes. Fili\u00e8re :\u00c9tudes litt\u00e9raires + \u00e9tudes linguistiques. Sp\u00e9cialit\u00e9 (Intitul\u00e9 de la formation) : \u2022 La Fili\u00e8re des \u00e9tudes litt\u00e9raires comprend\u00a0: &#8220;Le tronc commun de la litt\u00e9rature arabe, les deuxi\u00e8mes \u00e9tudes litt\u00e9raires, la troisi\u00e8me litt\u00e9rature arabe, master litt\u00e9rature arabe [&hellip;]","og_url":"https:\/\/www.univ-mila.dz\/?page_id=21302&lang=fr","og_site_name":"\u062c\u0627\u0645\u0639\u0629 \u0645\u064a\u0644\u0629","article_publisher":"https:\/\/www.facebook.com\/univmila\/","article_modified_time":"2023-03-27T11:59:08+00:00","og_image":[{"width":200,"height":200,"url":"https:\/\/www.univ-mila.dz\/wp-content\/uploads\/2020\/06\/Langues-\u00e9trangeres-1.png","type":"image\/png"}],"twitter_card":"summary_large_image","twitter_site":"@univmila","twitter_misc":{"\u0648\u0642\u062a \u0627\u0644\u0642\u0631\u0627\u0621\u0629 \u0627\u0644\u0645\u064f\u0642\u062f\u0651\u0631":"3 \u062f\u0642\u0627\u0626\u0642"},"schema":{"@context":"https:\/\/schema.org","@graph":[{"@type":"WebPage","@id":"https:\/\/www.univ-mila.dz\/?page_id=21302&lang=fr","url":"https:\/\/www.univ-mila.dz\/?page_id=21302&lang=fr","name":"Toutes les Sp\u00e9cialit\u00e9 dans le domaine de la langue et de la litt\u00e9rature arabes - \u062c\u0627\u0645\u0639\u0629 \u0645\u064a\u0644\u0629","isPartOf":{"@id":"https:\/\/www.univ-mila.dz\/#website"},"primaryImageOfPage":{"@id":"https:\/\/www.univ-mila.dz\/?page_id=21302&lang=fr#primaryimage"},"image":{"@id":"https:\/\/www.univ-mila.dz\/?page_id=21302&lang=fr#primaryimage"},"thumbnailUrl":"https:\/\/www.univ-mila.dz\/wp-content\/uploads\/2020\/06\/Langues-\u00e9trangeres-1.png","datePublished":"2023-03-27T10:38:38+00:00","dateModified":"2023-03-27T11:59:08+00:00","breadcrumb":{"@id":"https:\/\/www.univ-mila.dz\/?page_id=21302&lang=fr#breadcrumb"},"inLanguage":"ar","potentialAction":[{"@type":"ReadAction","target":["https:\/\/www.univ-mila.dz\/?page_id=21302&lang=fr"]}]},{"@type":"ImageObject","inLanguage":"ar","@id":"https:\/\/www.univ-mila.dz\/?page_id=21302&lang=fr#primaryimage","url":"https:\/\/www.univ-mila.dz\/wp-content\/uploads\/2020\/06\/Langues-\u00e9trangeres-1.png","contentUrl":"https:\/\/www.univ-mila.dz\/wp-content\/uploads\/2020\/06\/Langues-\u00e9trangeres-1.png","width":200,"height":200},{"@type":"BreadcrumbList","@id":"https:\/\/www.univ-mila.dz\/?page_id=21302&lang=fr#breadcrumb","itemListElement":[{"@type":"ListItem","position":1,"name":"Offres de formation","item":"https:\/\/www.univ-mila.dz\/?page_id=7868&lang=fr"},{"@type":"ListItem","position":2,"name":"Domaine Langue et Litt\u00e9rature Arabes","item":"https:\/\/www.univ-mila.dz\/?page_id=7905&lang=fr"},{"@type":"ListItem","position":3,"name":"Toutes les Sp\u00e9cialit\u00e9 dans le domaine de la langue et de la litt\u00e9rature arabes"}]},{"@type":"WebSite","@id":"https:\/\/www.univ-mila.dz\/#website","url":"https:\/\/www.univ-mila.dz\/","name":"\u062c\u0627\u0645\u0639\u0629 \u0639\u0628\u062f \u0627\u0644\u062d\u0641\u064a\u0638 \u0628\u0648\u0627\u0644\u0635\u0648\u0641","description":"\u0645\u064a\u0644\u0629","publisher":{"@id":"https:\/\/www.univ-mila.dz\/#organization"},"potentialAction":[{"@type":"SearchAction","target":{"@type":"EntryPoint","urlTemplate":"https:\/\/www.univ-mila.dz\/?s={search_term_string}"},"query-input":{"@type":"PropertyValueSpecification","valueRequired":true,"valueName":"search_term_string"}}],"inLanguage":"ar"},{"@type":"Organization","@id":"https:\/\/www.univ-mila.dz\/#organization","name":"\u062c\u0627\u0645\u0639\u0629 \u0639\u0628\u062f \u0627\u0644\u062d\u0641\u064a\u0638 \u0628\u0648\u0627\u0644\u0635\u0648\u0641 - \u0645\u064a\u0644\u0629","url":"https:\/\/www.univ-mila.dz\/","logo":{"@type":"ImageObject","inLanguage":"ar","@id":"https:\/\/www.univ-mila.dz\/#\/schema\/logo\/image\/","url":"http:\/\/www.centre-univ-mila.dz\/wp-content\/uploads\/2019\/02\/1416395352cumtransparent.png","contentUrl":"http:\/\/www.centre-univ-mila.dz\/wp-content\/uploads\/2019\/02\/1416395352cumtransparent.png","width":208,"height":268,"caption":"\u062c\u0627\u0645\u0639\u0629 \u0639\u0628\u062f \u0627\u0644\u062d\u0641\u064a\u0638 \u0628\u0648\u0627\u0644\u0635\u0648\u0641 - \u0645\u064a\u0644\u0629"},"image":{"@id":"https:\/\/www.univ-mila.dz\/#\/schema\/logo\/image\/"},"sameAs":["https:\/\/www.facebook.com\/univmila\/","https:\/\/x.com\/univmila","https:\/\/www.youtube.com\/channel\/UC9--lQO1WBvXm38B70e9u5w"]}]}},"_links":{"self":[{"href":"https:\/\/www.univ-mila.dz\/index.php?rest_route=\/wp\/v2\/pages\/21302","targetHints":{"allow":["GET"]}}],"collection":[{"href":"https:\/\/www.univ-mila.dz\/index.php?rest_route=\/wp\/v2\/pages"}],"about":[{"href":"https:\/\/www.univ-mila.dz\/index.php?rest_route=\/wp\/v2\/types\/page"}],"author":[{"embeddable":true,"href":"https:\/\/www.univ-mila.dz\/index.php?rest_route=\/wp\/v2\/users\/4"}],"replies":[{"embeddable":true,"href":"https:\/\/www.univ-mila.dz\/index.php?rest_route=%2Fwp%2Fv2%2Fcomments&post=21302"}],"version-history":[{"count":12,"href":"https:\/\/www.univ-mila.dz\/index.php?rest_route=\/wp\/v2\/pages\/21302\/revisions"}],"predecessor-version":[{"id":21321,"href":"https:\/\/www.univ-mila.dz\/index.php?rest_route=\/wp\/v2\/pages\/21302\/revisions\/21321"}],"up":[{"embeddable":true,"href":"https:\/\/www.univ-mila.dz\/index.php?rest_route=\/wp\/v2\/pages\/7905"}],"wp:featuredmedia":[{"embeddable":true,"href":"https:\/\/www.univ-mila.dz\/index.php?rest_route=\/wp\/v2\/media\/7762"}],"wp:attachment":[{"href":"https:\/\/www.univ-mila.dz\/index.php?rest_route=%2Fwp%2Fv2%2Fmedia&parent=21302"}],"curies":[{"name":"wp","href":"https:\/\/api.w.org\/{rel}","templated":true}]}}