{"id":20704,"date":"2023-01-11T15:18:29","date_gmt":"2023-01-11T14:18:29","guid":{"rendered":"https:\/\/www.univ-mila.dz\/?page_id=20704"},"modified":"2023-01-11T15:21:45","modified_gmt":"2023-01-11T14:21:45","slug":"specialite-microbiologie","status":"publish","type":"page","link":"https:\/\/www.univ-mila.dz\/?page_id=20704&lang=fr","title":{"rendered":"Sp\u00e9cialit\u00e9: Microbiologie"},"content":{"rendered":"<p class=\"textheader\">Informations g\u00e9n\u00e9rales<\/p>\n<div class=\"noteright\">\n<p style=\"text-align: left;\" title=\"T\u00e9l\u00e9phone\"><i class=\"fa fa-phone\"><\/i>:<span style=\"color: #800000;\"><b>&#8230;&#8230;&#8230;&#8230;&#8230;&#8230;&#8230;&#8230;&#8230;&#8230;<\/b><\/span><\/p>\n<p style=\"text-align: left;\" title=\"Fax\"><i class=\"fa fa-fax\"><\/i>:<span style=\"color: #800000;\"><strong>&#8230;&#8230;&#8230;&#8230;&#8230;&#8230;&#8230;&#8230;&#8230;..<\/strong><\/span><\/p>\n<p style=\"text-align: left;\" title=\"Courriel\"><span style=\"color: #800000;\"><span style=\"color: #333333;\"><a style=\"color: #333333;\" href=\"dept.snv@centre-univ-mila.dz\"><i class=\"fa fa-envelope\"><\/i>:<span style=\"color: #800000;\"><strong>Dept.snv@centre-univ-mila.dz<\/strong><\/span><\/a><\/span><\/span><\/p>\n<\/div>\n<ul>\n<li><strong>Cycle<\/strong> : Licence .<\/li>\n<li><strong>Domaine<\/strong> : SNV.<\/li>\n<li><strong>Fili\u00e8re<\/strong> : Sciences Biologique.s<\/li>\n<li><strong>Sp\u00e9cialit\u00e9<\/strong> <strong>(Intitul\u00e9 de la formation)<\/strong> : Microbiologie.<\/li>\n<li><strong>Dur\u00e9e de la formation<\/strong> : 3 Ans.<\/li>\n<\/ul>\n<p>&nbsp;<\/p>\n<p class=\"textheader\">Pr\u00e9sentation de la formation<\/p>\n<p>Objectif de la formation\u00a0Cette formation th\u00e9orique et pratique a pour but d&#8217;initier et de familiariser l&#8217;\u00e9tudiant au monde des micro-organismes, de montrer leur importance dans l\u2019environnement et leurs interventions quotidiennes dans les diff\u00e9rents domaines de la vie \u00e0 savoir entre autre :<\/p>\n<ul>\n<li>L\u2019intervention des micro-organismes dans l&#8217;environnement terrestre et aquatique et leur r\u00f4le dans le cycle de la vie, et leurs diff\u00e9rentes interactions avec les animaux et les plantes.<\/li>\n<li>Dans la sant\u00e9 humaine et animale, par le diagnostic, la surveillance et la lutte contre les maladies infectieuses. Ainsi que dans la th\u00e9rapie par la production de mol\u00e9cules int\u00e9r\u00eats pharmacologiques telles que les antibiotiques.<\/li>\n<li>\u00a0En agriculture par la protection des v\u00e9g\u00e9taux par la lutte contre les ravageurs des cultures par le billet de la lutte biologique \u00ab\u00a0Bio-insecticides\u00a0\u00bb, et l\u2019am\u00e9lioration de la production v\u00e9g\u00e9tale par biotechnologie.<\/li>\n<li>Dans la S\u00e9curit\u00e9 alimentaire, les micro-organismes interviennent comme contaminants mais aussi comme alli\u00e9s utiles en industrie Agroalimentaire.<\/li>\n<li>L\u2019enseignement de la microbiologie industrielle et le g\u00e9nie microbiologique qui permettent le contr\u00f4le et l\u2019usage des micro-organismes par l\u2019homme.<\/li>\n<\/ul>\n<p class=\"smallheader\">Connaissances vis\u00e9es<\/p>\n<p>\u00a0La formation en Microbiologie vise \u00e0 pr\u00e9parer l\u2019\u00e9tudiant au monde du travail et de la recherche scientifique et \u00e0 lui offrir de meilleures connaissances notamment\u00a0:<\/p>\n<ul>\n<li>Dans le secteur agro-alimentaire par la valorisation des sous produits agricoles tels que les d\u00e9chets de tomates, de dattes, d\u2019abricots, d\u2019olives, lactos\u00e9rum et autres. Ainsi que dans l\u2019industrie du lait et d\u00e9riv\u00e9s laitiers tels que les fromages, yaourt, camembert, etc.<\/li>\n<li>Dans la protection de l\u2019environnement par l\u2019\u00e9puration des eaux d\u2019origines urbaines, agricoles ou industrielles.<\/li>\n<li>Dans le secteur de la sant\u00e9 animale et humaine par la recherche de nouvelles mol\u00e9cules \u00e0 activit\u00e9 antimicrobienne dans les environnements extr\u00eames et leur production industrielles. Aussi, par l\u2019analyse et la surveillance des microorganismes pathog\u00e8nes en milieux hospitalier ou communautaire et dans le domaine v\u00e9t\u00e9rinaire.<\/li>\n<li>\u00a0Dans la s\u00e9curit\u00e9 alimentaire et la protection du consommateur par l\u2019analyse de la pr\u00e9sence de tous germes dangereux pour la sant\u00e9 de la population depuis la production jusqu\u2019aux \u00e9tag\u00e8res de vente, ainsi que le control des produits alimentaires import\u00e9s.<\/li>\n<li>Dans le domaine de l\u2019enseignement, les connaissances acquises en Microbiologie et Biologie permettent \u00e0 l\u2019\u00e9tudiant d\u2019enseigner au secondaire ou dans la formation professionnelle.<\/li>\n<\/ul>\n<p class=\"smallheader\">Projets de fin d\u2019\u00e9tude<\/p>\n<p>\u00a0Pour renforcer les connaissances des \u00e9tudiants et \u00e9tayer la qualit\u00e9 des enseignements dispens\u00e9s, un stage dans les Laboratoires m\u00e9dicales et de recherches, entreprises priv\u00e9es ou publiques ou des sorties de terrain est fortement recommand\u00e9 aux \u00e9tudiants et s\u2019av\u00e8re n\u00e9cessaire.<\/p>\n<p class=\"textheader\">Programme<\/p>\n<p><span style=\"color: #0000ff;\"><strong><span style=\"color: #000000;\">Pour telecharger <span style=\"color: #800000;\">PDF<\/span>:<\/span>\u00a0 <span style=\"color: #0000ff;\"><a style=\"color: #0000ff;\" href=\"https:\/\/www.univ-mila.dz\/wp-content\/uploads\/2023\/01\/ProfLMbfr.pdf\">Cliquez ICI<\/a><\/span><br \/>\n<\/strong><\/span><\/p>\n<p class=\"textheader\">Etudes et d\u00e9bouch\u00e9s potentiels<\/p>\n<p>Les \u00e9tudiants dipl\u00f4m\u00e9s en Licence poursuivront leurs \u00e9tudes dans le cadre d\u2019un Master acad\u00e9mique ou professionnelle dans les diff\u00e9rentes sp\u00e9cialit\u00e9s de la Microbiologie fondamentale ou appliqu\u00e9e. Des passerelles sont aussi possibles avec d\u2019autres sp\u00e9cialit\u00e9s de Master issues de la fili\u00e8re sciences biologique notamment la biochimie, la g\u00e9n\u00e9tique, ou la biotechnologie entre autres.<\/p>\n<p class=\"textheader\">D\u00e9bouch\u00e9s professionnels<\/p>\n<p>\u00a0Apr\u00e8s l\u2019obtention du dipl\u00f4me, beaucoup de d\u00e9bouch\u00e9s s\u2019offrent \u00e0 l\u2019\u00e9tudiant que ce soit dans les secteurs publics et priv\u00e9s \u00e0 savoir :<\/p>\n<ul>\n<li>Les H\u00f4pitaux (Laboratoires d&#8217;analyse, laboratoire de microbiologie, Centres de transfusion sanguine \u2026 etc.)<\/li>\n<li>Enseignement secondaire et formation professionnelle.<\/li>\n<li>Enseignement et recherche fondamentale.<\/li>\n<li>Activit\u00e9 professionnelle dans les et laboratoires d&#8217;hygi\u00e8nes.<\/li>\n<li>Activit\u00e9 dans les laboratoires de contr\u00f4le de qualit\u00e9.<\/li>\n<li>Activit\u00e9 dans les laboratoires des stations de traitement d&#8217;eau potable et us\u00e9e.<\/li>\n<li>Laboratoires d\u2019analyses priv\u00e9es (m\u00e9dicales et alimentaires).<\/li>\n<li>Employabilit\u00e9 dans l\u2019industrie agroalimentaire et pharmaceutique.<\/li>\n<li>Activit\u00e9 dans les centres de recherche.<\/li>\n<li>Laboratoires de la Police et gendarmerie scientifique.<\/li>\n<\/ul>\n<p>&nbsp;<\/p>\n<p>&nbsp;<\/p>\n","protected":false},"excerpt":{"rendered":"<p>Informations g\u00e9n\u00e9rales :&#8230;&#8230;&#8230;&#8230;&#8230;&#8230;&#8230;&#8230;&#8230;&#8230; :&#8230;&#8230;&#8230;&#8230;&#8230;&#8230;&#8230;&#8230;&#8230;.. :Dept.snv@centre-univ-mila.dz Cycle : Licence . Domaine : SNV. Fili\u00e8re : Sciences Biologique.s Sp\u00e9cialit\u00e9 (Intitul\u00e9 de la formation) : Microbiologie. Dur\u00e9e de la formation : 3 Ans. &nbsp; Pr\u00e9sentation de la formation Objectif de la formation\u00a0Cette formation th\u00e9orique et pratique a pour but d&#8217;initier et de familiariser l&#8217;\u00e9tudiant au monde des micro-organismes, [&hellip;]<\/p>\n","protected":false},"author":4,"featured_media":7791,"parent":7892,"menu_order":0,"comment_status":"closed","ping_status":"closed","template":"","meta":{"footnotes":""},"class_list":["post-20704","page","type-page","status-publish","has-post-thumbnail","hentry"],"yoast_head":"<!-- This site is optimized with the Yoast SEO plugin v26.3 - https:\/\/yoast.com\/wordpress\/plugins\/seo\/ -->\n<title>Sp\u00e9cialit\u00e9: Microbiologie - \u062c\u0627\u0645\u0639\u0629 \u0645\u064a\u0644\u0629<\/title>\n<meta name=\"robots\" content=\"index, follow, max-snippet:-1, max-image-preview:large, max-video-preview:-1\" \/>\n<link rel=\"canonical\" href=\"https:\/\/www.univ-mila.dz\/?page_id=20704&lang=fr\" \/>\n<meta property=\"og:locale\" content=\"ar_AR\" \/>\n<meta property=\"og:type\" content=\"article\" \/>\n<meta property=\"og:title\" content=\"3\" \/>\n<meta property=\"og:description\" content=\"Informations g\u00e9n\u00e9rales :&#8230;&#8230;&#8230;&#8230;&#8230;&#8230;&#8230;&#8230;&#8230;&#8230; :&#8230;&#8230;&#8230;&#8230;&#8230;&#8230;&#8230;&#8230;&#8230;.. :Dept.snv@centre-univ-mila.dz Cycle : Licence . Domaine : SNV. Fili\u00e8re : Sciences Biologique.s Sp\u00e9cialit\u00e9 (Intitul\u00e9 de la formation) : Microbiologie. Dur\u00e9e de la formation : 3 Ans. &nbsp; Pr\u00e9sentation de la formation Objectif de la formation\u00a0Cette formation th\u00e9orique et pratique a pour but d&#8217;initier et de familiariser l&#8217;\u00e9tudiant au monde des micro-organismes, [&hellip;]\" \/>\n<meta property=\"og:url\" content=\"https:\/\/www.univ-mila.dz\/?page_id=20704&amp;lang=fr\" \/>\n<meta property=\"og:site_name\" content=\"\u062c\u0627\u0645\u0639\u0629 \u0645\u064a\u0644\u0629\" \/>\n<meta property=\"article:publisher\" content=\"https:\/\/www.facebook.com\/univmila\/\" \/>\n<meta property=\"article:modified_time\" content=\"2023-01-11T14:21:45+00:00\" \/>\n<meta property=\"og:image\" content=\"https:\/\/www.univ-mila.dz\/wp-content\/uploads\/2020\/06\/Sciences-de-la-nature-et-de-la-vie-1.png\" \/>\n\t<meta property=\"og:image:width\" content=\"200\" \/>\n\t<meta property=\"og:image:height\" content=\"200\" \/>\n\t<meta property=\"og:image:type\" content=\"image\/png\" \/>\n<meta name=\"twitter:card\" content=\"summary_large_image\" \/>\n<meta name=\"twitter:site\" content=\"@univmila\" \/>\n<meta name=\"twitter:label1\" content=\"\u0648\u0642\u062a \u0627\u0644\u0642\u0631\u0627\u0621\u0629 \u0627\u0644\u0645\u064f\u0642\u062f\u0651\u0631\" \/>\n\t<meta name=\"twitter:data1\" content=\"5 \u062f\u0642\u0627\u0626\u0642\" \/>\n<script type=\"application\/ld+json\" class=\"yoast-schema-graph\">{\"@context\":\"https:\/\/schema.org\",\"@graph\":[{\"@type\":\"WebPage\",\"@id\":\"https:\/\/www.univ-mila.dz\/?page_id=20704&lang=fr\",\"url\":\"https:\/\/www.univ-mila.dz\/?page_id=20704&lang=fr\",\"name\":\"Sp\u00e9cialit\u00e9: Microbiologie - \u062c\u0627\u0645\u0639\u0629 \u0645\u064a\u0644\u0629\",\"isPartOf\":{\"@id\":\"https:\/\/www.univ-mila.dz\/#website\"},\"primaryImageOfPage\":{\"@id\":\"https:\/\/www.univ-mila.dz\/?page_id=20704&lang=fr#primaryimage\"},\"image\":{\"@id\":\"https:\/\/www.univ-mila.dz\/?page_id=20704&lang=fr#primaryimage\"},\"thumbnailUrl\":\"https:\/\/www.univ-mila.dz\/wp-content\/uploads\/2020\/06\/Sciences-de-la-nature-et-de-la-vie-1.png\",\"datePublished\":\"2023-01-11T14:18:29+00:00\",\"dateModified\":\"2023-01-11T14:21:45+00:00\",\"breadcrumb\":{\"@id\":\"https:\/\/www.univ-mila.dz\/?page_id=20704&lang=fr#breadcrumb\"},\"inLanguage\":\"ar\",\"potentialAction\":[{\"@type\":\"ReadAction\",\"target\":[\"https:\/\/www.univ-mila.dz\/?page_id=20704&lang=fr\"]}]},{\"@type\":\"ImageObject\",\"inLanguage\":\"ar\",\"@id\":\"https:\/\/www.univ-mila.dz\/?page_id=20704&lang=fr#primaryimage\",\"url\":\"https:\/\/www.univ-mila.dz\/wp-content\/uploads\/2020\/06\/Sciences-de-la-nature-et-de-la-vie-1.png\",\"contentUrl\":\"https:\/\/www.univ-mila.dz\/wp-content\/uploads\/2020\/06\/Sciences-de-la-nature-et-de-la-vie-1.png\",\"width\":200,\"height\":200},{\"@type\":\"BreadcrumbList\",\"@id\":\"https:\/\/www.univ-mila.dz\/?page_id=20704&lang=fr#breadcrumb\",\"itemListElement\":[{\"@type\":\"ListItem\",\"position\":1,\"name\":\"Offres de formation\",\"item\":\"https:\/\/www.univ-mila.dz\/?page_id=7868&lang=fr\"},{\"@type\":\"ListItem\",\"position\":2,\"name\":\"Domaine Sciences de la Nature et de la Vie\",\"item\":\"https:\/\/www.univ-mila.dz\/?page_id=7892&lang=fr\"},{\"@type\":\"ListItem\",\"position\":3,\"name\":\"Sp\u00e9cialit\u00e9: Microbiologie\"}]},{\"@type\":\"WebSite\",\"@id\":\"https:\/\/www.univ-mila.dz\/#website\",\"url\":\"https:\/\/www.univ-mila.dz\/\",\"name\":\"\u062c\u0627\u0645\u0639\u0629 \u0639\u0628\u062f \u0627\u0644\u062d\u0641\u064a\u0638 \u0628\u0648\u0627\u0644\u0635\u0648\u0641\",\"description\":\"\u0645\u064a\u0644\u0629\",\"publisher\":{\"@id\":\"https:\/\/www.univ-mila.dz\/#organization\"},\"potentialAction\":[{\"@type\":\"SearchAction\",\"target\":{\"@type\":\"EntryPoint\",\"urlTemplate\":\"https:\/\/www.univ-mila.dz\/?s={search_term_string}\"},\"query-input\":{\"@type\":\"PropertyValueSpecification\",\"valueRequired\":true,\"valueName\":\"search_term_string\"}}],\"inLanguage\":\"ar\"},{\"@type\":\"Organization\",\"@id\":\"https:\/\/www.univ-mila.dz\/#organization\",\"name\":\"\u062c\u0627\u0645\u0639\u0629 \u0639\u0628\u062f \u0627\u0644\u062d\u0641\u064a\u0638 \u0628\u0648\u0627\u0644\u0635\u0648\u0641 - \u0645\u064a\u0644\u0629\",\"url\":\"https:\/\/www.univ-mila.dz\/\",\"logo\":{\"@type\":\"ImageObject\",\"inLanguage\":\"ar\",\"@id\":\"https:\/\/www.univ-mila.dz\/#\/schema\/logo\/image\/\",\"url\":\"http:\/\/www.centre-univ-mila.dz\/wp-content\/uploads\/2019\/02\/1416395352cumtransparent.png\",\"contentUrl\":\"http:\/\/www.centre-univ-mila.dz\/wp-content\/uploads\/2019\/02\/1416395352cumtransparent.png\",\"width\":208,\"height\":268,\"caption\":\"\u062c\u0627\u0645\u0639\u0629 \u0639\u0628\u062f \u0627\u0644\u062d\u0641\u064a\u0638 \u0628\u0648\u0627\u0644\u0635\u0648\u0641 - \u0645\u064a\u0644\u0629\"},\"image\":{\"@id\":\"https:\/\/www.univ-mila.dz\/#\/schema\/logo\/image\/\"},\"sameAs\":[\"https:\/\/www.facebook.com\/univmila\/\",\"https:\/\/x.com\/univmila\",\"https:\/\/www.youtube.com\/channel\/UC9--lQO1WBvXm38B70e9u5w\"]}]}<\/script>\n<!-- \/ Yoast SEO plugin. -->","yoast_head_json":{"title":"Sp\u00e9cialit\u00e9: Microbiologie - \u062c\u0627\u0645\u0639\u0629 \u0645\u064a\u0644\u0629","robots":{"index":"index","follow":"follow","max-snippet":"max-snippet:-1","max-image-preview":"max-image-preview:large","max-video-preview":"max-video-preview:-1"},"canonical":"https:\/\/www.univ-mila.dz\/?page_id=20704&lang=fr","og_locale":"ar_AR","og_type":"article","og_title":"3","og_description":"Informations g\u00e9n\u00e9rales :&#8230;&#8230;&#8230;&#8230;&#8230;&#8230;&#8230;&#8230;&#8230;&#8230; :&#8230;&#8230;&#8230;&#8230;&#8230;&#8230;&#8230;&#8230;&#8230;.. :Dept.snv@centre-univ-mila.dz Cycle : Licence . Domaine : SNV. Fili\u00e8re : Sciences Biologique.s Sp\u00e9cialit\u00e9 (Intitul\u00e9 de la formation) : Microbiologie. Dur\u00e9e de la formation : 3 Ans. &nbsp; Pr\u00e9sentation de la formation Objectif de la formation\u00a0Cette formation th\u00e9orique et pratique a pour but d&#8217;initier et de familiariser l&#8217;\u00e9tudiant au monde des micro-organismes, [&hellip;]","og_url":"https:\/\/www.univ-mila.dz\/?page_id=20704&lang=fr","og_site_name":"\u062c\u0627\u0645\u0639\u0629 \u0645\u064a\u0644\u0629","article_publisher":"https:\/\/www.facebook.com\/univmila\/","article_modified_time":"2023-01-11T14:21:45+00:00","og_image":[{"width":200,"height":200,"url":"https:\/\/www.univ-mila.dz\/wp-content\/uploads\/2020\/06\/Sciences-de-la-nature-et-de-la-vie-1.png","type":"image\/png"}],"twitter_card":"summary_large_image","twitter_site":"@univmila","twitter_misc":{"\u0648\u0642\u062a \u0627\u0644\u0642\u0631\u0627\u0621\u0629 \u0627\u0644\u0645\u064f\u0642\u062f\u0651\u0631":"5 \u062f\u0642\u0627\u0626\u0642"},"schema":{"@context":"https:\/\/schema.org","@graph":[{"@type":"WebPage","@id":"https:\/\/www.univ-mila.dz\/?page_id=20704&lang=fr","url":"https:\/\/www.univ-mila.dz\/?page_id=20704&lang=fr","name":"Sp\u00e9cialit\u00e9: Microbiologie - \u062c\u0627\u0645\u0639\u0629 \u0645\u064a\u0644\u0629","isPartOf":{"@id":"https:\/\/www.univ-mila.dz\/#website"},"primaryImageOfPage":{"@id":"https:\/\/www.univ-mila.dz\/?page_id=20704&lang=fr#primaryimage"},"image":{"@id":"https:\/\/www.univ-mila.dz\/?page_id=20704&lang=fr#primaryimage"},"thumbnailUrl":"https:\/\/www.univ-mila.dz\/wp-content\/uploads\/2020\/06\/Sciences-de-la-nature-et-de-la-vie-1.png","datePublished":"2023-01-11T14:18:29+00:00","dateModified":"2023-01-11T14:21:45+00:00","breadcrumb":{"@id":"https:\/\/www.univ-mila.dz\/?page_id=20704&lang=fr#breadcrumb"},"inLanguage":"ar","potentialAction":[{"@type":"ReadAction","target":["https:\/\/www.univ-mila.dz\/?page_id=20704&lang=fr"]}]},{"@type":"ImageObject","inLanguage":"ar","@id":"https:\/\/www.univ-mila.dz\/?page_id=20704&lang=fr#primaryimage","url":"https:\/\/www.univ-mila.dz\/wp-content\/uploads\/2020\/06\/Sciences-de-la-nature-et-de-la-vie-1.png","contentUrl":"https:\/\/www.univ-mila.dz\/wp-content\/uploads\/2020\/06\/Sciences-de-la-nature-et-de-la-vie-1.png","width":200,"height":200},{"@type":"BreadcrumbList","@id":"https:\/\/www.univ-mila.dz\/?page_id=20704&lang=fr#breadcrumb","itemListElement":[{"@type":"ListItem","position":1,"name":"Offres de formation","item":"https:\/\/www.univ-mila.dz\/?page_id=7868&lang=fr"},{"@type":"ListItem","position":2,"name":"Domaine Sciences de la Nature et de la Vie","item":"https:\/\/www.univ-mila.dz\/?page_id=7892&lang=fr"},{"@type":"ListItem","position":3,"name":"Sp\u00e9cialit\u00e9: Microbiologie"}]},{"@type":"WebSite","@id":"https:\/\/www.univ-mila.dz\/#website","url":"https:\/\/www.univ-mila.dz\/","name":"\u062c\u0627\u0645\u0639\u0629 \u0639\u0628\u062f \u0627\u0644\u062d\u0641\u064a\u0638 \u0628\u0648\u0627\u0644\u0635\u0648\u0641","description":"\u0645\u064a\u0644\u0629","publisher":{"@id":"https:\/\/www.univ-mila.dz\/#organization"},"potentialAction":[{"@type":"SearchAction","target":{"@type":"EntryPoint","urlTemplate":"https:\/\/www.univ-mila.dz\/?s={search_term_string}"},"query-input":{"@type":"PropertyValueSpecification","valueRequired":true,"valueName":"search_term_string"}}],"inLanguage":"ar"},{"@type":"Organization","@id":"https:\/\/www.univ-mila.dz\/#organization","name":"\u062c\u0627\u0645\u0639\u0629 \u0639\u0628\u062f \u0627\u0644\u062d\u0641\u064a\u0638 \u0628\u0648\u0627\u0644\u0635\u0648\u0641 - \u0645\u064a\u0644\u0629","url":"https:\/\/www.univ-mila.dz\/","logo":{"@type":"ImageObject","inLanguage":"ar","@id":"https:\/\/www.univ-mila.dz\/#\/schema\/logo\/image\/","url":"http:\/\/www.centre-univ-mila.dz\/wp-content\/uploads\/2019\/02\/1416395352cumtransparent.png","contentUrl":"http:\/\/www.centre-univ-mila.dz\/wp-content\/uploads\/2019\/02\/1416395352cumtransparent.png","width":208,"height":268,"caption":"\u062c\u0627\u0645\u0639\u0629 \u0639\u0628\u062f \u0627\u0644\u062d\u0641\u064a\u0638 \u0628\u0648\u0627\u0644\u0635\u0648\u0641 - \u0645\u064a\u0644\u0629"},"image":{"@id":"https:\/\/www.univ-mila.dz\/#\/schema\/logo\/image\/"},"sameAs":["https:\/\/www.facebook.com\/univmila\/","https:\/\/x.com\/univmila","https:\/\/www.youtube.com\/channel\/UC9--lQO1WBvXm38B70e9u5w"]}]}},"_links":{"self":[{"href":"https:\/\/www.univ-mila.dz\/index.php?rest_route=\/wp\/v2\/pages\/20704","targetHints":{"allow":["GET"]}}],"collection":[{"href":"https:\/\/www.univ-mila.dz\/index.php?rest_route=\/wp\/v2\/pages"}],"about":[{"href":"https:\/\/www.univ-mila.dz\/index.php?rest_route=\/wp\/v2\/types\/page"}],"author":[{"embeddable":true,"href":"https:\/\/www.univ-mila.dz\/index.php?rest_route=\/wp\/v2\/users\/4"}],"replies":[{"embeddable":true,"href":"https:\/\/www.univ-mila.dz\/index.php?rest_route=%2Fwp%2Fv2%2Fcomments&post=20704"}],"version-history":[{"count":4,"href":"https:\/\/www.univ-mila.dz\/index.php?rest_route=\/wp\/v2\/pages\/20704\/revisions"}],"predecessor-version":[{"id":20714,"href":"https:\/\/www.univ-mila.dz\/index.php?rest_route=\/wp\/v2\/pages\/20704\/revisions\/20714"}],"up":[{"embeddable":true,"href":"https:\/\/www.univ-mila.dz\/index.php?rest_route=\/wp\/v2\/pages\/7892"}],"wp:featuredmedia":[{"embeddable":true,"href":"https:\/\/www.univ-mila.dz\/index.php?rest_route=\/wp\/v2\/media\/7791"}],"wp:attachment":[{"href":"https:\/\/www.univ-mila.dz\/index.php?rest_route=%2Fwp%2Fv2%2Fmedia&parent=20704"}],"curies":[{"name":"wp","href":"https:\/\/api.w.org\/{rel}","templated":true}]}}