{"id":20608,"date":"2023-01-08T11:30:08","date_gmt":"2023-01-08T10:30:08","guid":{"rendered":"https:\/\/www.univ-mila.dz\/?page_id=20608"},"modified":"2023-01-08T11:36:45","modified_gmt":"2023-01-08T10:36:45","slug":"specialite-genie-des-procedes","status":"publish","type":"page","link":"https:\/\/www.univ-mila.dz\/?page_id=20608&lang=fr","title":{"rendered":"Sp\u00e9cialit\u00e9: G\u00e9nie des proc\u00e9d\u00e9s"},"content":{"rendered":"<p class=\"textheader\">Informations g\u00e9n\u00e9rales<\/p>\n<div class=\"noteright\">\n<p title=\"T\u00e9l\u00e9phone\"><i class=\"fa fa-phone\"><\/i>:<strong><span style=\"color: #800000;\">0663953334<\/span><\/strong><\/p>\n<p title=\"Fax\"><i class=\"fa fa-fax\"><\/i>:<strong>&#8230;&#8230;&#8230;&#8230;&#8230;&#8230;&#8230;&#8230;&#8230;..<\/strong><\/p>\n<p title=\"Courriel\"><a href=\"m.koussa@centre-univ-mila.dz\"><i class=\"fa fa-envelope\"><\/i>:<strong><span style=\"color: #800000;\">m.koussa@centre-univ-mila.dz<\/span><\/strong><\/a><\/p>\n<\/div>\n<ul>\n<li><strong>Cycle<\/strong> : Licence .<\/li>\n<li><strong>Domaine<\/strong> : Sciences et technologie.<\/li>\n<li><strong>Fili\u00e8re<\/strong> : G\u00e9nie des proc\u00e9d\u00e9s.<\/li>\n<li><strong>Sp\u00e9cialit\u00e9<\/strong> <strong>(Intitul\u00e9 de la formation)<\/strong> : G\u00e9nie des proc\u00e9d\u00e9s.<\/li>\n<li><strong>Dur\u00e9e de la formation<\/strong> : 3 Ans.<\/li>\n<\/ul>\n<p>&nbsp;<\/p>\n<p class=\"textheader\">Pr\u00e9sentation de la formation<\/p>\n<p class=\"smallheader\">Objectif de la formation<\/p>\n<p>Le G\u00e9nie des Proc\u00e9d\u00e9s est une fili\u00e8re importante dans le domaine des sciences et technologies (Domaine ST). En effet, cette fili\u00e8re, qui s\u2019est d\u00e9velopp\u00e9e, au d\u00e9part, autour du G\u00e9nie Chimique fondamental regroupe un \u00e9ventail tr\u00e8s large de sp\u00e9cialit\u00e9s (G\u00e9nie Chimique, G\u00e9nie de l\u2019Environnement, G\u00e9nie des Mat\u00e9riaux, G\u00e9nie Pharmaceutique, G\u00e9nie \u00e9lectrochimique, Cryog\u00e9nie, \u00c9nerg\u00e9tique, Agro-alimentaire, etc.).<\/p>\n<p class=\"smallheader\">Connaissances vis\u00e9es<\/p>\n<p>Le G\u00e9nie des Proc\u00e9d\u00e9s intervient de mani\u00e8re essentielle dans tous les proc\u00e9d\u00e9s industriels de transformation de la mati\u00e8re et de l\u2019\u00e9nergie. A cet effet, il est capital de former des personnes capables de ma\u00eetriser les processus de transformation \u00e0 l\u2019\u00e9chelle industrielle. Cette licence, dont le cursus contient les mati\u00e8res fondamentales de la fili\u00e8re (chimie physique, op\u00e9rations unitaires, ph\u00e9nom\u00e8nes de transfert, r\u00e9acteurs, etc.) constitue une formation de base pour toutes les sp\u00e9cialit\u00e9s du G\u00e9nie des Proc\u00e9d\u00e9s.<br \/>\nA l\u2019issue de cette formation pluridisciplinaire, les dipl\u00f4m\u00e9s auront acquis des connaissances de base, non seulement en sciences fondamentales (Maths, Physique, Chimie), mais aussi en technologie et en proc\u00e9d\u00e9s industriels (R\u00e9acteurs, Process, Ph\u00e9nom\u00e8nes de Transfert, Instrumentations, Installations industrielles, etc.) qui sont n\u00e9cessaires \u00e0 la compr\u00e9hension du g\u00e9nie des proc\u00e9d\u00e9s et de ses diverses applications.<\/p>\n<p class=\"smallheader\">Projets de fin d\u2019\u00e9tude<\/p>\n<p>Le th\u00e8me du Projet de Fin de Cycle doit provenir d&#8217;un choix concert\u00e9 entre l&#8217;enseignant tuteur et un \u00e9tudiant (ou un groupe d\u2019\u00e9tudiants\u00a0: bin\u00f4me voire trin\u00f4me). Le fond du sujet doit obligatoirement cadrer avec les objectifs de la formation et les aptitudes r\u00e9elles de l\u2019\u00e9tudiant (niveau Licence). Il est par ailleurs pr\u00e9f\u00e9rable que ce th\u00e8me tienne en compte l\u2019environnement social et \u00e9conomique de l\u2019\u00e9tablissement. Lorsque la nature du projet le n\u00e9cessite, il peut \u00eatre subdivis\u00e9 en plusieurs parties. .<\/p>\n<p class=\"textheader\">Programme<\/p>\n<p><strong>Pour t\u00e9l\u00e9charger :<span style=\"color: #0000ff;\"><a style=\"color: #0000ff;\" href=\"https:\/\/www.univ-mila.dz\/wp-content\/uploads\/2023\/01\/ProgPeLfr.pdf\">Cliquez ici<\/a><\/span><\/strong><\/p>\n<p class=\"textheader\">Etudes et d\u00e9bouch\u00e9s potentiels<\/p>\n<p>Cette formation permet au dipl\u00f4m\u00e9 de poursuivre non seulement les \u00e9tudes et pr\u00e9parer diff\u00e9rents masters sp\u00e9cialis\u00e9s, mais \u00e9galement de s\u2019int\u00e9grer rapidement dans le secteur socio\u00e9conomique.<\/p>\n<p class=\"textheader\">D\u00e9bouch\u00e9s professionnels<\/p>\n<p>Les comp\u00e9tences acquises permettent d\u2019int\u00e9grer diff\u00e9rents secteurs industriels (Industries chimiques, pharmaceutiques, \u00e9lectrochimiques, agro-alimentaires, mat\u00e9riaux, cosm\u00e9tiques, le traitement des eaux, protection de l\u2019environnement, etc.), et de satisfaire le besoin du pays en cadres techniques<br \/>\nLe G\u00e9nie des Proc\u00e9d\u00e9s traite de l&#8217;industrialisation de la chimie et des proc\u00e9d\u00e9s de transformation et de purification de la mati\u00e8re. Les domaines d&#8217;application se succ\u00e8dent tout au long de la mise au point du proc\u00e9d\u00e9 de fabrication\u00a0: d\u00e9veloppement au laboratoire, \u00e9chelle<br \/>\npilote, dimensionnement des appareillages, construction de l&#8217;unit\u00e9 puis son exploitation.<\/p>\n<p>Ce parcours en g\u00e9nie des proc\u00e9d\u00e9s vise \u00e0 former des cadres polyvalents avec un savoir et un savoir-faire qui leur permettent de s\u2019ins\u00e9rer \u00e0 tous les niveaux du processus. Ils sont destin\u00e9s \u00e0 occuper des postes de Charg\u00e9 d\u2019Etudes, Charg\u00e9 de Projet, Technicien de process, etc.<\/p>\n<p>Ce parcours cible les grandes entreprises exer\u00e7ant dans les domaines des proc\u00e9d\u00e9s, de la chimie, de l\u2019\u00e9nergie et de l\u2019environnement \u00e0 l\u2019\u00e9chelle nationale, comme par exemple Sonatrach, Sonelgaz, ADE, les cimenteries, Saidal, etc. A l\u2019\u00e9chelle r\u00e9gionale, Il y a \u00e9galement un fort potentiel de d\u00e9bouch\u00e9s au niveau du tissu des PME-PMI ayant des activit\u00e9s de bureaux d\u2019\u00e9tudes, de cabinets d\u2019expertise, de transformation de mati\u00e8re et de traitement.<\/p>\n<p>Avec le cursus propos\u00e9 dans le cadre de cette licence, les dipl\u00f4m\u00e9s sont capables d\u2019int\u00e9grer diff\u00e9rents secteurs socio-\u00e9conomiques :<\/p>\n<ul>\n<li>\u00a0Enseignement technique dans le secondaire ;<\/li>\n<li>Les laboratoires de recherche\u00a0;<\/li>\n<li>Les organismes publics\u00a0;<\/li>\n<li>Les bureaux d\u2019\u00e9tudes\u00a0;<\/li>\n<li>Le secteur industriel.<\/li>\n<\/ul>\n<p>Pour ce dernier secteur, ces dipl\u00f4m\u00e9s constituent la colonne vert\u00e9brale de l\u2019encadrement dans les unit\u00e9s de productions (Industries Chimiques,P\u00e9trochimie, Raffinage, Cimenterie, Traitement des Eaux,Technologie de fabrication des m\u00e9dicaments,Agroalimentaire, etc.)<\/p>\n<p>&nbsp;<\/p>\n","protected":false},"excerpt":{"rendered":"<p>Informations g\u00e9n\u00e9rales :0663953334 :&#8230;&#8230;&#8230;&#8230;&#8230;&#8230;&#8230;&#8230;&#8230;.. :m.koussa@centre-univ-mila.dz Cycle : Licence . Domaine : Sciences et technologie. Fili\u00e8re : G\u00e9nie des proc\u00e9d\u00e9s. Sp\u00e9cialit\u00e9 (Intitul\u00e9 de la formation) : G\u00e9nie des proc\u00e9d\u00e9s. Dur\u00e9e de la formation : 3 Ans. &nbsp; Pr\u00e9sentation de la formation Objectif de la formation Le G\u00e9nie des Proc\u00e9d\u00e9s est une fili\u00e8re importante dans le domaine [&hellip;]<\/p>\n","protected":false},"author":4,"featured_media":7788,"parent":7896,"menu_order":0,"comment_status":"closed","ping_status":"closed","template":"","meta":{"footnotes":""},"class_list":["post-20608","page","type-page","status-publish","has-post-thumbnail","hentry"],"yoast_head":"<!-- This site is optimized with the Yoast SEO plugin v26.3 - https:\/\/yoast.com\/wordpress\/plugins\/seo\/ -->\n<title>Sp\u00e9cialit\u00e9: G\u00e9nie des proc\u00e9d\u00e9s - \u062c\u0627\u0645\u0639\u0629 \u0645\u064a\u0644\u0629<\/title>\n<meta name=\"robots\" content=\"index, follow, max-snippet:-1, max-image-preview:large, max-video-preview:-1\" \/>\n<link rel=\"canonical\" href=\"https:\/\/www.univ-mila.dz\/?page_id=20608&lang=fr\" \/>\n<meta property=\"og:locale\" content=\"ar_AR\" \/>\n<meta property=\"og:type\" content=\"article\" \/>\n<meta property=\"og:title\" content=\"Sp\u00e9cialit\u00e9: G\u00e9nie des proc\u00e9d\u00e9s - \u062c\u0627\u0645\u0639\u0629 \u0645\u064a\u0644\u0629\" \/>\n<meta property=\"og:description\" content=\"Informations g\u00e9n\u00e9rales :0663953334 :&#8230;&#8230;&#8230;&#8230;&#8230;&#8230;&#8230;&#8230;&#8230;.. :m.koussa@centre-univ-mila.dz Cycle : Licence . Domaine : Sciences et technologie. Fili\u00e8re : G\u00e9nie des proc\u00e9d\u00e9s. Sp\u00e9cialit\u00e9 (Intitul\u00e9 de la formation) : G\u00e9nie des proc\u00e9d\u00e9s. Dur\u00e9e de la formation : 3 Ans. &nbsp; Pr\u00e9sentation de la formation Objectif de la formation Le G\u00e9nie des Proc\u00e9d\u00e9s est une fili\u00e8re importante dans le domaine [&hellip;]\" \/>\n<meta property=\"og:url\" content=\"https:\/\/www.univ-mila.dz\/?page_id=20608&amp;lang=fr\" \/>\n<meta property=\"og:site_name\" content=\"\u062c\u0627\u0645\u0639\u0629 \u0645\u064a\u0644\u0629\" \/>\n<meta property=\"article:publisher\" content=\"https:\/\/www.facebook.com\/univmila\/\" \/>\n<meta property=\"article:modified_time\" content=\"2023-01-08T10:36:45+00:00\" \/>\n<meta property=\"og:image\" content=\"https:\/\/www.univ-mila.dz\/wp-content\/uploads\/2020\/06\/sciences-techniques-1.png\" \/>\n\t<meta property=\"og:image:width\" content=\"200\" \/>\n\t<meta property=\"og:image:height\" content=\"200\" \/>\n\t<meta property=\"og:image:type\" content=\"image\/png\" \/>\n<meta name=\"twitter:card\" content=\"summary_large_image\" \/>\n<meta name=\"twitter:site\" content=\"@univmila\" \/>\n<meta name=\"twitter:label1\" content=\"\u0648\u0642\u062a \u0627\u0644\u0642\u0631\u0627\u0621\u0629 \u0627\u0644\u0645\u064f\u0642\u062f\u0651\u0631\" \/>\n\t<meta name=\"twitter:data1\" content=\"5 \u062f\u0642\u0627\u0626\u0642\" \/>\n<script type=\"application\/ld+json\" class=\"yoast-schema-graph\">{\"@context\":\"https:\/\/schema.org\",\"@graph\":[{\"@type\":\"WebPage\",\"@id\":\"https:\/\/www.univ-mila.dz\/?page_id=20608&lang=fr\",\"url\":\"https:\/\/www.univ-mila.dz\/?page_id=20608&lang=fr\",\"name\":\"Sp\u00e9cialit\u00e9: G\u00e9nie des proc\u00e9d\u00e9s - \u062c\u0627\u0645\u0639\u0629 \u0645\u064a\u0644\u0629\",\"isPartOf\":{\"@id\":\"https:\/\/www.univ-mila.dz\/#website\"},\"primaryImageOfPage\":{\"@id\":\"https:\/\/www.univ-mila.dz\/?page_id=20608&lang=fr#primaryimage\"},\"image\":{\"@id\":\"https:\/\/www.univ-mila.dz\/?page_id=20608&lang=fr#primaryimage\"},\"thumbnailUrl\":\"https:\/\/www.univ-mila.dz\/wp-content\/uploads\/2020\/06\/sciences-techniques-1.png\",\"datePublished\":\"2023-01-08T10:30:08+00:00\",\"dateModified\":\"2023-01-08T10:36:45+00:00\",\"breadcrumb\":{\"@id\":\"https:\/\/www.univ-mila.dz\/?page_id=20608&lang=fr#breadcrumb\"},\"inLanguage\":\"ar\",\"potentialAction\":[{\"@type\":\"ReadAction\",\"target\":[\"https:\/\/www.univ-mila.dz\/?page_id=20608&lang=fr\"]}]},{\"@type\":\"ImageObject\",\"inLanguage\":\"ar\",\"@id\":\"https:\/\/www.univ-mila.dz\/?page_id=20608&lang=fr#primaryimage\",\"url\":\"https:\/\/www.univ-mila.dz\/wp-content\/uploads\/2020\/06\/sciences-techniques-1.png\",\"contentUrl\":\"https:\/\/www.univ-mila.dz\/wp-content\/uploads\/2020\/06\/sciences-techniques-1.png\",\"width\":200,\"height\":200},{\"@type\":\"BreadcrumbList\",\"@id\":\"https:\/\/www.univ-mila.dz\/?page_id=20608&lang=fr#breadcrumb\",\"itemListElement\":[{\"@type\":\"ListItem\",\"position\":1,\"name\":\"Offres de formation\",\"item\":\"https:\/\/www.univ-mila.dz\/?page_id=7868&lang=fr\"},{\"@type\":\"ListItem\",\"position\":2,\"name\":\"Domaine Sciences et Technologie\",\"item\":\"https:\/\/www.univ-mila.dz\/?page_id=7896&lang=fr\"},{\"@type\":\"ListItem\",\"position\":3,\"name\":\"Sp\u00e9cialit\u00e9: G\u00e9nie des proc\u00e9d\u00e9s\"}]},{\"@type\":\"WebSite\",\"@id\":\"https:\/\/www.univ-mila.dz\/#website\",\"url\":\"https:\/\/www.univ-mila.dz\/\",\"name\":\"\u062c\u0627\u0645\u0639\u0629 \u0639\u0628\u062f \u0627\u0644\u062d\u0641\u064a\u0638 \u0628\u0648\u0627\u0644\u0635\u0648\u0641\",\"description\":\"\u0645\u064a\u0644\u0629\",\"publisher\":{\"@id\":\"https:\/\/www.univ-mila.dz\/#organization\"},\"potentialAction\":[{\"@type\":\"SearchAction\",\"target\":{\"@type\":\"EntryPoint\",\"urlTemplate\":\"https:\/\/www.univ-mila.dz\/?s={search_term_string}\"},\"query-input\":{\"@type\":\"PropertyValueSpecification\",\"valueRequired\":true,\"valueName\":\"search_term_string\"}}],\"inLanguage\":\"ar\"},{\"@type\":\"Organization\",\"@id\":\"https:\/\/www.univ-mila.dz\/#organization\",\"name\":\"\u062c\u0627\u0645\u0639\u0629 \u0639\u0628\u062f \u0627\u0644\u062d\u0641\u064a\u0638 \u0628\u0648\u0627\u0644\u0635\u0648\u0641 - \u0645\u064a\u0644\u0629\",\"url\":\"https:\/\/www.univ-mila.dz\/\",\"logo\":{\"@type\":\"ImageObject\",\"inLanguage\":\"ar\",\"@id\":\"https:\/\/www.univ-mila.dz\/#\/schema\/logo\/image\/\",\"url\":\"http:\/\/www.centre-univ-mila.dz\/wp-content\/uploads\/2019\/02\/1416395352cumtransparent.png\",\"contentUrl\":\"http:\/\/www.centre-univ-mila.dz\/wp-content\/uploads\/2019\/02\/1416395352cumtransparent.png\",\"width\":208,\"height\":268,\"caption\":\"\u062c\u0627\u0645\u0639\u0629 \u0639\u0628\u062f \u0627\u0644\u062d\u0641\u064a\u0638 \u0628\u0648\u0627\u0644\u0635\u0648\u0641 - \u0645\u064a\u0644\u0629\"},\"image\":{\"@id\":\"https:\/\/www.univ-mila.dz\/#\/schema\/logo\/image\/\"},\"sameAs\":[\"https:\/\/www.facebook.com\/univmila\/\",\"https:\/\/x.com\/univmila\",\"https:\/\/www.youtube.com\/channel\/UC9--lQO1WBvXm38B70e9u5w\"]}]}<\/script>\n<!-- \/ Yoast SEO plugin. -->","yoast_head_json":{"title":"Sp\u00e9cialit\u00e9: G\u00e9nie des proc\u00e9d\u00e9s - \u062c\u0627\u0645\u0639\u0629 \u0645\u064a\u0644\u0629","robots":{"index":"index","follow":"follow","max-snippet":"max-snippet:-1","max-image-preview":"max-image-preview:large","max-video-preview":"max-video-preview:-1"},"canonical":"https:\/\/www.univ-mila.dz\/?page_id=20608&lang=fr","og_locale":"ar_AR","og_type":"article","og_title":"Sp\u00e9cialit\u00e9: G\u00e9nie des proc\u00e9d\u00e9s - \u062c\u0627\u0645\u0639\u0629 \u0645\u064a\u0644\u0629","og_description":"Informations g\u00e9n\u00e9rales :0663953334 :&#8230;&#8230;&#8230;&#8230;&#8230;&#8230;&#8230;&#8230;&#8230;.. :m.koussa@centre-univ-mila.dz Cycle : Licence . Domaine : Sciences et technologie. Fili\u00e8re : G\u00e9nie des proc\u00e9d\u00e9s. Sp\u00e9cialit\u00e9 (Intitul\u00e9 de la formation) : G\u00e9nie des proc\u00e9d\u00e9s. Dur\u00e9e de la formation : 3 Ans. &nbsp; Pr\u00e9sentation de la formation Objectif de la formation Le G\u00e9nie des Proc\u00e9d\u00e9s est une fili\u00e8re importante dans le domaine [&hellip;]","og_url":"https:\/\/www.univ-mila.dz\/?page_id=20608&lang=fr","og_site_name":"\u062c\u0627\u0645\u0639\u0629 \u0645\u064a\u0644\u0629","article_publisher":"https:\/\/www.facebook.com\/univmila\/","article_modified_time":"2023-01-08T10:36:45+00:00","og_image":[{"width":200,"height":200,"url":"https:\/\/www.univ-mila.dz\/wp-content\/uploads\/2020\/06\/sciences-techniques-1.png","type":"image\/png"}],"twitter_card":"summary_large_image","twitter_site":"@univmila","twitter_misc":{"\u0648\u0642\u062a \u0627\u0644\u0642\u0631\u0627\u0621\u0629 \u0627\u0644\u0645\u064f\u0642\u062f\u0651\u0631":"5 \u062f\u0642\u0627\u0626\u0642"},"schema":{"@context":"https:\/\/schema.org","@graph":[{"@type":"WebPage","@id":"https:\/\/www.univ-mila.dz\/?page_id=20608&lang=fr","url":"https:\/\/www.univ-mila.dz\/?page_id=20608&lang=fr","name":"Sp\u00e9cialit\u00e9: G\u00e9nie des proc\u00e9d\u00e9s - \u062c\u0627\u0645\u0639\u0629 \u0645\u064a\u0644\u0629","isPartOf":{"@id":"https:\/\/www.univ-mila.dz\/#website"},"primaryImageOfPage":{"@id":"https:\/\/www.univ-mila.dz\/?page_id=20608&lang=fr#primaryimage"},"image":{"@id":"https:\/\/www.univ-mila.dz\/?page_id=20608&lang=fr#primaryimage"},"thumbnailUrl":"https:\/\/www.univ-mila.dz\/wp-content\/uploads\/2020\/06\/sciences-techniques-1.png","datePublished":"2023-01-08T10:30:08+00:00","dateModified":"2023-01-08T10:36:45+00:00","breadcrumb":{"@id":"https:\/\/www.univ-mila.dz\/?page_id=20608&lang=fr#breadcrumb"},"inLanguage":"ar","potentialAction":[{"@type":"ReadAction","target":["https:\/\/www.univ-mila.dz\/?page_id=20608&lang=fr"]}]},{"@type":"ImageObject","inLanguage":"ar","@id":"https:\/\/www.univ-mila.dz\/?page_id=20608&lang=fr#primaryimage","url":"https:\/\/www.univ-mila.dz\/wp-content\/uploads\/2020\/06\/sciences-techniques-1.png","contentUrl":"https:\/\/www.univ-mila.dz\/wp-content\/uploads\/2020\/06\/sciences-techniques-1.png","width":200,"height":200},{"@type":"BreadcrumbList","@id":"https:\/\/www.univ-mila.dz\/?page_id=20608&lang=fr#breadcrumb","itemListElement":[{"@type":"ListItem","position":1,"name":"Offres de formation","item":"https:\/\/www.univ-mila.dz\/?page_id=7868&lang=fr"},{"@type":"ListItem","position":2,"name":"Domaine Sciences et Technologie","item":"https:\/\/www.univ-mila.dz\/?page_id=7896&lang=fr"},{"@type":"ListItem","position":3,"name":"Sp\u00e9cialit\u00e9: G\u00e9nie des proc\u00e9d\u00e9s"}]},{"@type":"WebSite","@id":"https:\/\/www.univ-mila.dz\/#website","url":"https:\/\/www.univ-mila.dz\/","name":"\u062c\u0627\u0645\u0639\u0629 \u0639\u0628\u062f \u0627\u0644\u062d\u0641\u064a\u0638 \u0628\u0648\u0627\u0644\u0635\u0648\u0641","description":"\u0645\u064a\u0644\u0629","publisher":{"@id":"https:\/\/www.univ-mila.dz\/#organization"},"potentialAction":[{"@type":"SearchAction","target":{"@type":"EntryPoint","urlTemplate":"https:\/\/www.univ-mila.dz\/?s={search_term_string}"},"query-input":{"@type":"PropertyValueSpecification","valueRequired":true,"valueName":"search_term_string"}}],"inLanguage":"ar"},{"@type":"Organization","@id":"https:\/\/www.univ-mila.dz\/#organization","name":"\u062c\u0627\u0645\u0639\u0629 \u0639\u0628\u062f \u0627\u0644\u062d\u0641\u064a\u0638 \u0628\u0648\u0627\u0644\u0635\u0648\u0641 - \u0645\u064a\u0644\u0629","url":"https:\/\/www.univ-mila.dz\/","logo":{"@type":"ImageObject","inLanguage":"ar","@id":"https:\/\/www.univ-mila.dz\/#\/schema\/logo\/image\/","url":"http:\/\/www.centre-univ-mila.dz\/wp-content\/uploads\/2019\/02\/1416395352cumtransparent.png","contentUrl":"http:\/\/www.centre-univ-mila.dz\/wp-content\/uploads\/2019\/02\/1416395352cumtransparent.png","width":208,"height":268,"caption":"\u062c\u0627\u0645\u0639\u0629 \u0639\u0628\u062f \u0627\u0644\u062d\u0641\u064a\u0638 \u0628\u0648\u0627\u0644\u0635\u0648\u0641 - \u0645\u064a\u0644\u0629"},"image":{"@id":"https:\/\/www.univ-mila.dz\/#\/schema\/logo\/image\/"},"sameAs":["https:\/\/www.facebook.com\/univmila\/","https:\/\/x.com\/univmila","https:\/\/www.youtube.com\/channel\/UC9--lQO1WBvXm38B70e9u5w"]}]}},"_links":{"self":[{"href":"https:\/\/www.univ-mila.dz\/index.php?rest_route=\/wp\/v2\/pages\/20608","targetHints":{"allow":["GET"]}}],"collection":[{"href":"https:\/\/www.univ-mila.dz\/index.php?rest_route=\/wp\/v2\/pages"}],"about":[{"href":"https:\/\/www.univ-mila.dz\/index.php?rest_route=\/wp\/v2\/types\/page"}],"author":[{"embeddable":true,"href":"https:\/\/www.univ-mila.dz\/index.php?rest_route=\/wp\/v2\/users\/4"}],"replies":[{"embeddable":true,"href":"https:\/\/www.univ-mila.dz\/index.php?rest_route=%2Fwp%2Fv2%2Fcomments&post=20608"}],"version-history":[{"count":7,"href":"https:\/\/www.univ-mila.dz\/index.php?rest_route=\/wp\/v2\/pages\/20608\/revisions"}],"predecessor-version":[{"id":20618,"href":"https:\/\/www.univ-mila.dz\/index.php?rest_route=\/wp\/v2\/pages\/20608\/revisions\/20618"}],"up":[{"embeddable":true,"href":"https:\/\/www.univ-mila.dz\/index.php?rest_route=\/wp\/v2\/pages\/7896"}],"wp:featuredmedia":[{"embeddable":true,"href":"https:\/\/www.univ-mila.dz\/index.php?rest_route=\/wp\/v2\/media\/7788"}],"wp:attachment":[{"href":"https:\/\/www.univ-mila.dz\/index.php?rest_route=%2Fwp%2Fv2%2Fmedia&parent=20608"}],"curies":[{"name":"wp","href":"https:\/\/api.w.org\/{rel}","templated":true}]}}