{"id":1650,"date":"2019-11-22T22:54:39","date_gmt":"2019-11-22T19:54:39","guid":{"rendered":"https:\/\/www.univ-mila.dz?page_id=1650"},"modified":"2025-11-02T14:39:09","modified_gmt":"2025-11-02T13:39:09","slug":"faculte-des-sciences-economiques-commerciales-et-de-gestion","status":"publish","type":"page","link":"https:\/\/www.univ-mila.dz\/?page_id=1650&lang=fr","title":{"rendered":"Facult\u00e9 des sciences \u00e9conomiques, commerciales et de gestion"},"content":{"rendered":"<p>[vc_row][vc_column][vc_column_text]<\/p>\n<p class=\"textheader\">Missions de La facult\u00e9<\/p>\n<div class=\"noteright\">\n<p style=\"text-align: left;\" title=\"T\u00e9l\u00e9phone\"><i class=\"fa fa-phone\"><\/i>:<\/p>\n<p style=\"text-align: left;\" title=\"Fax\"><i class=\"fa fa-fax\"><\/i>:<\/p>\n<p style=\"text-align: left;\" title=\"Courriel\"><span style=\"color: #800000;\"><span style=\"color: #333333;\"><a style=\"color: #333333;\" href=\"mailto:inst.sc.eco@centre-univ-mila.dz\"><i class=\"fa fa-envelope\"><\/i>: <\/a><span style=\"color: #800000;\"><strong><a style=\"color: #800000;\" href=\"mailto:inst.sc.eco@centre-univ-mila.dz\">inst.sc.eco@centre-univ-mila.dz<\/a><\/strong><\/span><\/span><\/span><\/p>\n<p title=\"Facebook\"><i class=\"fa fa-facebook-official\"><\/i>:<a style=\"color: #800000;\" href=\"https:\/\/www.facebook.com\/profile.php?id=100083620650067\"><strong> facebook.com <\/strong><\/a><\/p>\n<\/div>\n<p>La facult\u00e9 des sciences \u00e9conomiques, commerciales, et de gestion a \u00e9t\u00e9 cr\u00e9\u00e9 avec la cr\u00e9ation du l&#8217;universit\u00e9 en juillet 2008 par le d\u00e9cret ex\u00e9cutif n\u00b0 08-204 du 09 juillet 2008. Sa mission est la formation des \u00e9tudiants dans les diff\u00e9rentes disciplines \u00e9conomiques, commerciales, et le management. Au cours de l\u2019ann\u00e9e universitaire 2018\/2019, le nombre d&#8217;\u00e9tudiants de la facult\u00e9 a atteint 2816 \u00e9tudiants, encadr\u00e9s par 86 enseignants-chercheurs.<\/p>\n<p class=\"textheader\">D\u00e9partements<\/p>\n<p>Aujourd\u2019hui, La facult\u00e9 compte trois d\u00e9partements :<\/p>\n<ul>\n<li><strong>D\u00e9partement des sciences \u00e9conomiques,<\/strong><\/li>\n<li><strong>D\u00e9partement des sciences commerciales,<\/strong><\/li>\n<li><strong>D\u00e9partement des sciences de la gestion.<\/strong><\/li>\n<\/ul>\n<p class=\"textheader\">Offres de formation<\/p>\n<p>La facult\u00e9 des sciences \u00e9conomiques offre des formations qui couvre les trois cycles : Licence, Master et Doctorat.<br \/>\nEn premi\u00e8re ann\u00e9e universitaire, les \u00e9tudiant re\u00e7oivent une formation en tronc commun dans le domaine des sciences \u00e9conomiques, de la gestion et des sciences commerciales, et ceci, durant deux semestres (S1 et S2). A partir de la deuxi\u00e8me ann\u00e9e, l&#8217;\u00e9tudiant rejoint l&#8217;une des fili\u00e8res de La facult\u00e9\u00a0:<\/p>\n<p class=\"smallheader\">Formations en Licence<\/p>\n<p><strong>\u00a01. Fili\u00e8re des sciences de gestion : comprend 02 sp\u00e9cialit\u00e9s<\/strong><\/p>\n<ul>\n<li>Management,<\/li>\n<li>Management financier<\/li>\n<\/ul>\n<p><strong>2. Fili\u00e8re des finances et de la comptabilit\u00e9 : comprend 01 sp\u00e9cialit\u00e9<\/strong><\/p>\n<ul>\n<li>Comptabilit\u00e9 et fiscalit\u00e9<\/li>\n<\/ul>\n<p><strong>3. Fili\u00e8re des sciences \u00e9conomiques : comprend 02 sp\u00e9cialit\u00e9s<\/strong><\/p>\n<ul>\n<li><strong><span style=\"color: #0000ff;\"><a style=\"color: #0000ff;\" href=\"\/?page_id=15319&amp;lang=fr\">\u00c9conomie mon\u00e9taire et bancaire<\/a><\/span><\/strong><\/li>\n<li>Sciences commerciales.<\/li>\n<\/ul>\n<p><strong>4. Fili\u00e8re des sciences commerciales : <\/strong><\/p>\n<ul>\n<li><strong><span style=\"color: #0000ff;\"><a style=\"color: #0000ff;\" href=\"\/?page_id=15308&amp;lang=fr\">Marketing<\/a><\/span><\/strong>.<\/li>\n<\/ul>\n<p class=\"smallheader\">Formations en Master<\/p>\n<p><strong> 1. Fili\u00e8re des sciences de gestion : comprend 02 sp\u00e9cialit\u00e9s<\/strong><\/p>\n<ul>\n<li><span style=\"color: #0000ff;\"><strong><a style=\"color: #0000ff;\" href=\"\/?page_id=15326&amp;lang=fr\">Management,<\/a><\/strong><\/span><\/li>\n<li><strong><span style=\"color: #0000ff;\"><a style=\"color: #0000ff;\" href=\"\/?page_id=15330&amp;lang=fr\">Management financier<\/a><\/span><\/strong><\/li>\n<\/ul>\n<p><strong>2. Fili\u00e8re des finances et de la comptabilit\u00e9 : comprend 01 sp\u00e9cialit\u00e9<\/strong><\/p>\n<ul>\n<li><span style=\"color: #0000ff;\"><strong><a style=\"color: #0000ff;\" href=\"\/?page_id=15681&amp;lang=fr\">Finance d&#8217;entreprise<\/a><\/strong><\/span><\/li>\n<\/ul>\n<p><strong>3. Fili\u00e8re des sciences \u00e9conomiques : <\/strong><\/p>\n<ul>\n<li>Economie mon\u00e9taire et bancaire<\/li>\n<\/ul>\n<p><strong>4. Fili\u00e8re des sciences commerciales : <\/strong><\/p>\n<ul>\n<li>Marketing de services,<\/li>\n<\/ul>\n<p class=\"smallheader\">Formation en doctorat<\/p>\n<p>\u2022 Au cours de l\u2019ann\u00e9e universitaire 2017\/2018, 08 postes de doctorants ont \u00e9t\u00e9 ouverts dans la fili\u00e8re des sciences de gestion, sp\u00e9cialit\u00e9 de gestion financi\u00e8re.<br \/>\n\u2022 Au cours de l\u2019ann\u00e9e universitaire 2018\/2019, 09 postes ont \u00e9t\u00e9 ouverts dans la fili\u00e8re des sciences de gestion, fili\u00e8res\u00a0: gestion financi\u00e8re, gestion des ressources humaines, et administration des affaires.<\/p>\n<p class=\"textheader\">Recherche scientifique<\/p>\n<p>Lest activit\u00e9s de recherche des enseignants-chercheurs et des doctorants de La facult\u00e9 sont encadr\u00e9es et soutenues par le Laboratoire <strong>d&#8217;\u00e9tudes des strat\u00e9gies de diversification \u00e9conomique pour le d\u00e9veloppement durable<\/strong>.<\/p>\n<p>&nbsp;<\/p>\n<p>[\/vc_column_text][\/vc_column][\/vc_row]<\/p>\n","protected":false},"excerpt":{"rendered":"<p>[vc_row][vc_column][vc_column_text] Missions de La facult\u00e9 : : : inst.sc.eco@centre-univ-mila.dz : facebook.com La facult\u00e9 des sciences \u00e9conomiques, commerciales, et de gestion a \u00e9t\u00e9 cr\u00e9\u00e9 avec la cr\u00e9ation du l&#8217;universit\u00e9 en juillet 2008 par le d\u00e9cret ex\u00e9cutif n\u00b0 08-204 du 09 juillet 2008. Sa mission est la formation des \u00e9tudiants dans les diff\u00e9rentes disciplines \u00e9conomiques, commerciales, et [&hellip;]<\/p>\n","protected":false},"author":1,"featured_media":746,"parent":0,"menu_order":0,"comment_status":"closed","ping_status":"closed","template":"","meta":{"footnotes":""},"class_list":["post-1650","page","type-page","status-publish","has-post-thumbnail","hentry"],"yoast_head":"<!-- This site is optimized with the Yoast SEO plugin v26.3 - https:\/\/yoast.com\/wordpress\/plugins\/seo\/ -->\n<title>Facult\u00e9 des sciences \u00e9conomiques, commerciales et de gestion - \u062c\u0627\u0645\u0639\u0629 \u0645\u064a\u0644\u0629<\/title>\n<meta name=\"robots\" content=\"index, follow, max-snippet:-1, max-image-preview:large, max-video-preview:-1\" \/>\n<link rel=\"canonical\" href=\"https:\/\/www.univ-mila.dz\/?page_id=1650&lang=fr\" \/>\n<meta property=\"og:locale\" content=\"ar_AR\" \/>\n<meta property=\"og:type\" content=\"article\" \/>\n<meta property=\"og:title\" content=\"Facult\u00e9 des sciences \u00e9conomiques, commerciales et de gestion - \u062c\u0627\u0645\u0639\u0629 \u0645\u064a\u0644\u0629\" \/>\n<meta property=\"og:description\" content=\"[vc_row][vc_column][vc_column_text] Missions de La facult\u00e9 : : : inst.sc.eco@centre-univ-mila.dz : facebook.com La facult\u00e9 des sciences \u00e9conomiques, commerciales, et de gestion a \u00e9t\u00e9 cr\u00e9\u00e9 avec la cr\u00e9ation du l&#8217;universit\u00e9 en juillet 2008 par le d\u00e9cret ex\u00e9cutif n\u00b0 08-204 du 09 juillet 2008. Sa mission est la formation des \u00e9tudiants dans les diff\u00e9rentes disciplines \u00e9conomiques, commerciales, et [&hellip;]\" \/>\n<meta property=\"og:url\" content=\"https:\/\/www.univ-mila.dz\/?page_id=1650&amp;lang=fr\" \/>\n<meta property=\"og:site_name\" content=\"\u062c\u0627\u0645\u0639\u0629 \u0645\u064a\u0644\u0629\" \/>\n<meta property=\"article:publisher\" content=\"https:\/\/www.facebook.com\/univmila\/\" \/>\n<meta property=\"article:modified_time\" content=\"2025-11-02T13:39:09+00:00\" \/>\n<meta property=\"og:image\" content=\"https:\/\/www.univ-mila.dz\/wp-content\/uploads\/2019\/03\/IMG20190324131815-1024x768.jpg\" \/>\n\t<meta property=\"og:image:width\" content=\"1024\" \/>\n\t<meta property=\"og:image:height\" content=\"768\" \/>\n\t<meta property=\"og:image:type\" content=\"image\/jpeg\" \/>\n<meta name=\"twitter:card\" content=\"summary_large_image\" \/>\n<meta name=\"twitter:site\" content=\"@univmila\" \/>\n<meta name=\"twitter:label1\" content=\"\u0648\u0642\u062a \u0627\u0644\u0642\u0631\u0627\u0621\u0629 \u0627\u0644\u0645\u064f\u0642\u062f\u0651\u0631\" \/>\n\t<meta name=\"twitter:data1\" content=\"\u062f\u0642\u064a\u0642\u062a\u0627\u0646\" \/>\n<script type=\"application\/ld+json\" class=\"yoast-schema-graph\">{\"@context\":\"https:\/\/schema.org\",\"@graph\":[{\"@type\":\"WebPage\",\"@id\":\"https:\/\/www.univ-mila.dz\/?page_id=1650&lang=fr\",\"url\":\"https:\/\/www.univ-mila.dz\/?page_id=1650&lang=fr\",\"name\":\"Facult\u00e9 des sciences \u00e9conomiques, commerciales et de gestion - \u062c\u0627\u0645\u0639\u0629 \u0645\u064a\u0644\u0629\",\"isPartOf\":{\"@id\":\"https:\/\/www.univ-mila.dz\/#website\"},\"primaryImageOfPage\":{\"@id\":\"https:\/\/www.univ-mila.dz\/?page_id=1650&lang=fr#primaryimage\"},\"image\":{\"@id\":\"https:\/\/www.univ-mila.dz\/?page_id=1650&lang=fr#primaryimage\"},\"thumbnailUrl\":\"https:\/\/www.univ-mila.dz\/wp-content\/uploads\/2019\/03\/IMG20190324131815.jpg\",\"datePublished\":\"2019-11-22T19:54:39+00:00\",\"dateModified\":\"2025-11-02T13:39:09+00:00\",\"inLanguage\":\"ar\",\"potentialAction\":[{\"@type\":\"ReadAction\",\"target\":[\"https:\/\/www.univ-mila.dz\/?page_id=1650&lang=fr\"]}]},{\"@type\":\"ImageObject\",\"inLanguage\":\"ar\",\"@id\":\"https:\/\/www.univ-mila.dz\/?page_id=1650&lang=fr#primaryimage\",\"url\":\"https:\/\/www.univ-mila.dz\/wp-content\/uploads\/2019\/03\/IMG20190324131815.jpg\",\"contentUrl\":\"https:\/\/www.univ-mila.dz\/wp-content\/uploads\/2019\/03\/IMG20190324131815.jpg\",\"width\":3264,\"height\":2448},{\"@type\":\"WebSite\",\"@id\":\"https:\/\/www.univ-mila.dz\/#website\",\"url\":\"https:\/\/www.univ-mila.dz\/\",\"name\":\"\u062c\u0627\u0645\u0639\u0629 \u0639\u0628\u062f \u0627\u0644\u062d\u0641\u064a\u0638 \u0628\u0648\u0627\u0644\u0635\u0648\u0641\",\"description\":\"\u0645\u064a\u0644\u0629\",\"publisher\":{\"@id\":\"https:\/\/www.univ-mila.dz\/#organization\"},\"potentialAction\":[{\"@type\":\"SearchAction\",\"target\":{\"@type\":\"EntryPoint\",\"urlTemplate\":\"https:\/\/www.univ-mila.dz\/?s={search_term_string}\"},\"query-input\":{\"@type\":\"PropertyValueSpecification\",\"valueRequired\":true,\"valueName\":\"search_term_string\"}}],\"inLanguage\":\"ar\"},{\"@type\":\"Organization\",\"@id\":\"https:\/\/www.univ-mila.dz\/#organization\",\"name\":\"\u062c\u0627\u0645\u0639\u0629 \u0639\u0628\u062f \u0627\u0644\u062d\u0641\u064a\u0638 \u0628\u0648\u0627\u0644\u0635\u0648\u0641 - \u0645\u064a\u0644\u0629\",\"url\":\"https:\/\/www.univ-mila.dz\/\",\"logo\":{\"@type\":\"ImageObject\",\"inLanguage\":\"ar\",\"@id\":\"https:\/\/www.univ-mila.dz\/#\/schema\/logo\/image\/\",\"url\":\"http:\/\/www.centre-univ-mila.dz\/wp-content\/uploads\/2019\/02\/1416395352cumtransparent.png\",\"contentUrl\":\"http:\/\/www.centre-univ-mila.dz\/wp-content\/uploads\/2019\/02\/1416395352cumtransparent.png\",\"width\":208,\"height\":268,\"caption\":\"\u062c\u0627\u0645\u0639\u0629 \u0639\u0628\u062f \u0627\u0644\u062d\u0641\u064a\u0638 \u0628\u0648\u0627\u0644\u0635\u0648\u0641 - \u0645\u064a\u0644\u0629\"},\"image\":{\"@id\":\"https:\/\/www.univ-mila.dz\/#\/schema\/logo\/image\/\"},\"sameAs\":[\"https:\/\/www.facebook.com\/univmila\/\",\"https:\/\/x.com\/univmila\",\"https:\/\/www.youtube.com\/channel\/UC9--lQO1WBvXm38B70e9u5w\"]}]}<\/script>\n<!-- \/ Yoast SEO plugin. -->","yoast_head_json":{"title":"Facult\u00e9 des sciences \u00e9conomiques, commerciales et de gestion - \u062c\u0627\u0645\u0639\u0629 \u0645\u064a\u0644\u0629","robots":{"index":"index","follow":"follow","max-snippet":"max-snippet:-1","max-image-preview":"max-image-preview:large","max-video-preview":"max-video-preview:-1"},"canonical":"https:\/\/www.univ-mila.dz\/?page_id=1650&lang=fr","og_locale":"ar_AR","og_type":"article","og_title":"Facult\u00e9 des sciences \u00e9conomiques, commerciales et de gestion - \u062c\u0627\u0645\u0639\u0629 \u0645\u064a\u0644\u0629","og_description":"[vc_row][vc_column][vc_column_text] Missions de La facult\u00e9 : : : inst.sc.eco@centre-univ-mila.dz : facebook.com La facult\u00e9 des sciences \u00e9conomiques, commerciales, et de gestion a \u00e9t\u00e9 cr\u00e9\u00e9 avec la cr\u00e9ation du l&#8217;universit\u00e9 en juillet 2008 par le d\u00e9cret ex\u00e9cutif n\u00b0 08-204 du 09 juillet 2008. Sa mission est la formation des \u00e9tudiants dans les diff\u00e9rentes disciplines \u00e9conomiques, commerciales, et [&hellip;]","og_url":"https:\/\/www.univ-mila.dz\/?page_id=1650&lang=fr","og_site_name":"\u062c\u0627\u0645\u0639\u0629 \u0645\u064a\u0644\u0629","article_publisher":"https:\/\/www.facebook.com\/univmila\/","article_modified_time":"2025-11-02T13:39:09+00:00","og_image":[{"width":1024,"height":768,"url":"https:\/\/www.univ-mila.dz\/wp-content\/uploads\/2019\/03\/IMG20190324131815-1024x768.jpg","type":"image\/jpeg"}],"twitter_card":"summary_large_image","twitter_site":"@univmila","twitter_misc":{"\u0648\u0642\u062a \u0627\u0644\u0642\u0631\u0627\u0621\u0629 \u0627\u0644\u0645\u064f\u0642\u062f\u0651\u0631":"\u062f\u0642\u064a\u0642\u062a\u0627\u0646"},"schema":{"@context":"https:\/\/schema.org","@graph":[{"@type":"WebPage","@id":"https:\/\/www.univ-mila.dz\/?page_id=1650&lang=fr","url":"https:\/\/www.univ-mila.dz\/?page_id=1650&lang=fr","name":"Facult\u00e9 des sciences \u00e9conomiques, commerciales et de gestion - \u062c\u0627\u0645\u0639\u0629 \u0645\u064a\u0644\u0629","isPartOf":{"@id":"https:\/\/www.univ-mila.dz\/#website"},"primaryImageOfPage":{"@id":"https:\/\/www.univ-mila.dz\/?page_id=1650&lang=fr#primaryimage"},"image":{"@id":"https:\/\/www.univ-mila.dz\/?page_id=1650&lang=fr#primaryimage"},"thumbnailUrl":"https:\/\/www.univ-mila.dz\/wp-content\/uploads\/2019\/03\/IMG20190324131815.jpg","datePublished":"2019-11-22T19:54:39+00:00","dateModified":"2025-11-02T13:39:09+00:00","inLanguage":"ar","potentialAction":[{"@type":"ReadAction","target":["https:\/\/www.univ-mila.dz\/?page_id=1650&lang=fr"]}]},{"@type":"ImageObject","inLanguage":"ar","@id":"https:\/\/www.univ-mila.dz\/?page_id=1650&lang=fr#primaryimage","url":"https:\/\/www.univ-mila.dz\/wp-content\/uploads\/2019\/03\/IMG20190324131815.jpg","contentUrl":"https:\/\/www.univ-mila.dz\/wp-content\/uploads\/2019\/03\/IMG20190324131815.jpg","width":3264,"height":2448},{"@type":"WebSite","@id":"https:\/\/www.univ-mila.dz\/#website","url":"https:\/\/www.univ-mila.dz\/","name":"\u062c\u0627\u0645\u0639\u0629 \u0639\u0628\u062f \u0627\u0644\u062d\u0641\u064a\u0638 \u0628\u0648\u0627\u0644\u0635\u0648\u0641","description":"\u0645\u064a\u0644\u0629","publisher":{"@id":"https:\/\/www.univ-mila.dz\/#organization"},"potentialAction":[{"@type":"SearchAction","target":{"@type":"EntryPoint","urlTemplate":"https:\/\/www.univ-mila.dz\/?s={search_term_string}"},"query-input":{"@type":"PropertyValueSpecification","valueRequired":true,"valueName":"search_term_string"}}],"inLanguage":"ar"},{"@type":"Organization","@id":"https:\/\/www.univ-mila.dz\/#organization","name":"\u062c\u0627\u0645\u0639\u0629 \u0639\u0628\u062f \u0627\u0644\u062d\u0641\u064a\u0638 \u0628\u0648\u0627\u0644\u0635\u0648\u0641 - \u0645\u064a\u0644\u0629","url":"https:\/\/www.univ-mila.dz\/","logo":{"@type":"ImageObject","inLanguage":"ar","@id":"https:\/\/www.univ-mila.dz\/#\/schema\/logo\/image\/","url":"http:\/\/www.centre-univ-mila.dz\/wp-content\/uploads\/2019\/02\/1416395352cumtransparent.png","contentUrl":"http:\/\/www.centre-univ-mila.dz\/wp-content\/uploads\/2019\/02\/1416395352cumtransparent.png","width":208,"height":268,"caption":"\u062c\u0627\u0645\u0639\u0629 \u0639\u0628\u062f \u0627\u0644\u062d\u0641\u064a\u0638 \u0628\u0648\u0627\u0644\u0635\u0648\u0641 - \u0645\u064a\u0644\u0629"},"image":{"@id":"https:\/\/www.univ-mila.dz\/#\/schema\/logo\/image\/"},"sameAs":["https:\/\/www.facebook.com\/univmila\/","https:\/\/x.com\/univmila","https:\/\/www.youtube.com\/channel\/UC9--lQO1WBvXm38B70e9u5w"]}]}},"_links":{"self":[{"href":"https:\/\/www.univ-mila.dz\/index.php?rest_route=\/wp\/v2\/pages\/1650","targetHints":{"allow":["GET"]}}],"collection":[{"href":"https:\/\/www.univ-mila.dz\/index.php?rest_route=\/wp\/v2\/pages"}],"about":[{"href":"https:\/\/www.univ-mila.dz\/index.php?rest_route=\/wp\/v2\/types\/page"}],"author":[{"embeddable":true,"href":"https:\/\/www.univ-mila.dz\/index.php?rest_route=\/wp\/v2\/users\/1"}],"replies":[{"embeddable":true,"href":"https:\/\/www.univ-mila.dz\/index.php?rest_route=%2Fwp%2Fv2%2Fcomments&post=1650"}],"version-history":[{"count":21,"href":"https:\/\/www.univ-mila.dz\/index.php?rest_route=\/wp\/v2\/pages\/1650\/revisions"}],"predecessor-version":[{"id":32837,"href":"https:\/\/www.univ-mila.dz\/index.php?rest_route=\/wp\/v2\/pages\/1650\/revisions\/32837"}],"wp:featuredmedia":[{"embeddable":true,"href":"https:\/\/www.univ-mila.dz\/index.php?rest_route=\/wp\/v2\/media\/746"}],"wp:attachment":[{"href":"https:\/\/www.univ-mila.dz\/index.php?rest_route=%2Fwp%2Fv2%2Fmedia&parent=1650"}],"curies":[{"name":"wp","href":"https:\/\/api.w.org\/{rel}","templated":true}]}}