{"id":1642,"date":"2019-11-22T22:43:52","date_gmt":"2019-11-22T19:43:52","guid":{"rendered":"https:\/\/www.univ-mila.dz?page_id=1642"},"modified":"2025-11-02T10:35:39","modified_gmt":"2025-11-02T09:35:39","slug":"faculte-des-sciences-et-de-la-technologie","status":"publish","type":"page","link":"https:\/\/www.univ-mila.dz\/?page_id=1642&lang=fr","title":{"rendered":"Facult\u00e9 des Sciences et de la Technologie"},"content":{"rendered":"<p class=\"textheader\">Missions de La facult\u00e9<\/p>\n<div class=\"noteright\">\n<p style=\"text-align: left;\" title=\"T\u00e9l\u00e9phone\"><i class=\"fa fa-phone\"><\/i>:<\/p>\n<p style=\"text-align: left;\" title=\"Fax\"><i class=\"fa fa-fax\"><\/i>:<\/p>\n<p style=\"text-align: left;\" title=\"Courriel\"><span style=\"color: #800000;\"><span style=\"color: #333333;\"><a style=\"color: #333333;\" href=\"mailto:inst.sc.tech@centre-univ-mila.dz\"><i class=\"fa fa-envelope\"><\/i>: <\/a><span style=\"color: #800000;\"><strong><a style=\"color: #800000;\" href=\"mailto:inst.sc.tech@centre-univ-mila.dz\">inst.sc.tech@centre-univ-mila.dz<\/a><\/strong><\/span><\/span><\/span><\/p>\n<p title=\"Facebook\"><i class=\"fa fa-facebook-official\"><\/i>:<a style=\"color: #800000;\" href=\"https:\/\/www.facebook.com\/43UnivMilaST\"><strong> facebook.com <\/strong><\/a><\/p>\n<\/div>\n<p>La facult\u00e9 des sciences et de la technologie a pour mission de fournir aux \u00e9tudiants des formations qualitatives dans les domaines de math\u00e9matiques, informatique, et technologiques. Des formations qui pr\u00e9parent les \u00e9tudiants \u00e0 une insertion\u00a0professionnelle, et \u00e0 une contribution efficace au d\u00e9veloppement du pays et de la r\u00e9gion dans ces domaines technologiques qui sont en plein essor.<\/p>\n<p>&nbsp;<\/p>\n<p class=\"textheader\">D\u00e9partements<\/p>\n<p>Aujourd\u2019hui, La facult\u00e9 compte trois d\u00e9partements :<\/p>\n<ul>\n<li><strong>D\u00e9partement de<span class=\"HwtZe\" lang=\"fr\"><span class=\"jCAhz ChMk0b\"><span class=\"ryNqvb\"> G\u00e9nie des Proc\u00e9d\u00e9s<\/span><\/span><\/span><br \/>\n<\/strong><\/li>\n<li><strong>D\u00e9partement de G\u00e9nie Civil et Hydraulique.<\/strong><\/li>\n<li><strong>D\u00e9partement de G\u00e9nie M\u00e9canique et \u00c9lectrom\u00e9canique.<\/strong><\/li>\n<\/ul>\n<p class=\"textheader\">Offres de formation<\/p>\n<p>La facult\u00e9 \u00a0des sciences et technologies propose des formations en Licence, et en Master dans toutes les fili\u00e8res de domaine : sciences techniques.<\/p>\n<p class=\"smallheader\">Formations en Licence<\/p>\n<p><strong>1. Fili\u00e8re Hydraulique : comprend 01 sp\u00e9cialit\u00e9<\/strong><\/p>\n<ul>\n<li><span style=\"color: #0000ff;\"><strong><a style=\"color: #0000ff;\" href=\"https:\/\/www.univ-mila.dz\/?page_id=11984&amp;lang=fr\"><span style=\"color: #0000ff;\">Hydraulique (<em>licence acad\u00e9mique)<\/em>.<\/span><\/a><\/strong><\/span><\/li>\n<\/ul>\n<p><strong>2. Fili\u00e8re \u00c9lectrom\u00e9canique : comprend 01 sp\u00e9cialit\u00e9<\/strong><\/p>\n<ul>\n<li><span style=\"color: #0000ff;\"><strong><a style=\"color: #0000ff;\" href=\"https:\/\/www.univ-mila.dz\/?page_id=11995&amp;lang=fr\"><span style=\"color: #0000ff;\">\u00c9lectrom\u00e9canique (<em>licence acad\u00e9mique)<\/em>.<\/span><\/a><\/strong><\/span><\/li>\n<\/ul>\n<p><strong>3. Fili\u00e8re G\u00e9nie Civil : comprend 01 sp\u00e9cialit\u00e9<\/strong><\/p>\n<ul>\n<li><span style=\"color: #0000ff;\"><strong><a style=\"color: #0000ff;\" href=\"https:\/\/www.univ-mila.dz\/?page_id=12001&amp;lang=fr\"><span style=\"color: #0000ff;\">G\u00e9nie Civil (<em>licence acad\u00e9mique)<\/em>.<\/span><\/a><\/strong><\/span><\/li>\n<\/ul>\n<p><strong>4. Fili\u00e8re G\u00e9nie M\u00e9canique : comprend 01 sp\u00e9cialit\u00e9<\/strong><\/p>\n<ul>\n<li><span style=\"color: #0000ff;\"><strong><a style=\"color: #0000ff;\" href=\"https:\/\/www.univ-mila.dz\/?page_id=12007&amp;lang=fr\"><span style=\"color: #0000ff;\">\u00c9nerg\u00e9tique (<em>licence acad\u00e9mique)<\/em>.<\/span><\/a><\/strong><\/span><\/li>\n<\/ul>\n<p><strong>5. Fili\u00e8re G\u00e9nie des Proc\u00e9d\u00e9s : comprend 01 sp\u00e9cialit\u00e9<\/strong><\/p>\n<ul>\n<li><span style=\"color: #0000ff;\"><strong><a style=\"color: #0000ff;\" href=\"https:\/\/www.univ-mila.dz\/?page_id=20608&amp;lang=fr\">G\u00e9nie des Proc\u00e9d\u00e9s (<em>licence acad\u00e9mique)<\/em><\/a>.<\/strong><\/span><\/li>\n<\/ul>\n<p class=\"smallheader\">Formations en Master<\/p>\n<p><strong>1. Fili\u00e8re Hydraulique : comprend 01 sp\u00e9cialit\u00e9<\/strong><\/p>\n<ul>\n<li><strong><a href=\"https:\/\/www.univ-mila.dz\/?page_id=12031&amp;lang=fr\"><span style=\"color: #0000ff;\">Hydraulique urbaine (<em>master acad\u00e9mique)<\/em>.<\/span><\/a><\/strong><\/li>\n<\/ul>\n<p><strong>2. Fili\u00e8re \u00c9lectrom\u00e9canique : comprend 01 sp\u00e9cialit\u00e9<\/strong><\/p>\n<ul>\n<li><strong><a href=\"https:\/\/www.univ-mila.dz\/?page_id=12043&amp;lang=fr\"><span style=\"color: #0000ff;\">\u00c9lectrom\u00e9canique (<em>master<\/em><em>\u00a0acad\u00e9mique)<\/em>.<\/span><\/a><\/strong><\/li>\n<\/ul>\n<p><strong>3. Fili\u00e8re G\u00e9nie Civil : comprend 01 sp\u00e9cialit\u00e9<\/strong><\/p>\n<ul>\n<li><strong><a href=\"https:\/\/www.univ-mila.dz\/?page_id=12049&amp;lang=fr\"><span style=\"color: #0000ff;\">Structures (<em>master<\/em><em>\u00a0acad\u00e9mique)<\/em>.<\/span><\/a><\/strong><\/li>\n<\/ul>\n<p><strong>4. Fili\u00e8re G\u00e9nie M\u00e9canique : comprend 01 sp\u00e9cialit\u00e9<\/strong><\/p>\n<ul>\n<li><strong><a href=\"https:\/\/www.univ-mila.dz\/?page_id=12062&amp;lang=fr\"><span style=\"color: #0000ff;\">\u00c9nerg\u00e9tique (<em>master<\/em><em>\u00a0acad\u00e9mique)<\/em>.<\/span><\/a><\/strong><\/li>\n<\/ul>\n<p class=\"smallheader\">Formation en doctorat<\/p>\n<p>Il existe un programme de doctorat dans les domaines des Sciences et Technologie, offrant ainsi une formation dans les trois cycles..<\/p>\n<p class=\"textheader\">Recherche scientifique<\/p>\n<p>Les enseignants-chercheurs et les doctorants de La facult\u00e9 sont rattach\u00e9s \u00e0 des laboratoires de recherche \u00e0 l\u2019universit\u00e9 de Mila, et \u00e0 des laboratoires dans d\u2019autres universit\u00e9s nationales.<\/p>\n<p>Les enseignants-chercheurs de La facult\u00e9 sont actifs dans de nombreux projets de recherche.<\/p>\n<p>&nbsp;<\/p>\n","protected":false},"excerpt":{"rendered":"<p>Missions de La facult\u00e9 : : : inst.sc.tech@centre-univ-mila.dz : facebook.com La facult\u00e9 des sciences et de la technologie a pour mission de fournir aux \u00e9tudiants des formations qualitatives dans les domaines de math\u00e9matiques, informatique, et technologiques. Des formations qui pr\u00e9parent les \u00e9tudiants \u00e0 une insertion\u00a0professionnelle, et \u00e0 une contribution efficace au d\u00e9veloppement du pays et [&hellip;]<\/p>\n","protected":false},"author":1,"featured_media":736,"parent":0,"menu_order":0,"comment_status":"closed","ping_status":"closed","template":"","meta":{"footnotes":""},"class_list":["post-1642","page","type-page","status-publish","has-post-thumbnail","hentry"],"yoast_head":"<!-- This site is optimized with the Yoast SEO plugin v26.3 - https:\/\/yoast.com\/wordpress\/plugins\/seo\/ -->\n<title>Facult\u00e9 des Sciences et de la Technologie - \u062c\u0627\u0645\u0639\u0629 \u0645\u064a\u0644\u0629<\/title>\n<meta name=\"robots\" content=\"index, follow, max-snippet:-1, max-image-preview:large, max-video-preview:-1\" \/>\n<link rel=\"canonical\" href=\"https:\/\/www.univ-mila.dz\/?page_id=1642&lang=fr\" \/>\n<meta property=\"og:locale\" content=\"ar_AR\" \/>\n<meta property=\"og:type\" content=\"article\" \/>\n<meta property=\"og:title\" content=\"Facult\u00e9 des Sciences et de la Technologie - \u062c\u0627\u0645\u0639\u0629 \u0645\u064a\u0644\u0629\" \/>\n<meta property=\"og:description\" content=\"Missions de La facult\u00e9 : : : inst.sc.tech@centre-univ-mila.dz : facebook.com La facult\u00e9 des sciences et de la technologie a pour mission de fournir aux \u00e9tudiants des formations qualitatives dans les domaines de math\u00e9matiques, informatique, et technologiques. Des formations qui pr\u00e9parent les \u00e9tudiants \u00e0 une insertion\u00a0professionnelle, et \u00e0 une contribution efficace au d\u00e9veloppement du pays et [&hellip;]\" \/>\n<meta property=\"og:url\" content=\"https:\/\/www.univ-mila.dz\/?page_id=1642&amp;lang=fr\" \/>\n<meta property=\"og:site_name\" content=\"\u062c\u0627\u0645\u0639\u0629 \u0645\u064a\u0644\u0629\" \/>\n<meta property=\"article:publisher\" content=\"https:\/\/www.facebook.com\/univmila\/\" \/>\n<meta property=\"article:modified_time\" content=\"2025-11-02T09:35:39+00:00\" \/>\n<meta property=\"og:image\" content=\"https:\/\/www.univ-mila.dz\/wp-content\/uploads\/2019\/03\/20228821_1234267920034430_282399053964769760_n.jpg\" \/>\n\t<meta property=\"og:image:width\" content=\"640\" \/>\n\t<meta property=\"og:image:height\" content=\"480\" \/>\n\t<meta property=\"og:image:type\" content=\"image\/jpeg\" \/>\n<meta name=\"twitter:card\" content=\"summary_large_image\" \/>\n<meta name=\"twitter:site\" content=\"@univmila\" \/>\n<meta name=\"twitter:label1\" content=\"\u0648\u0642\u062a \u0627\u0644\u0642\u0631\u0627\u0621\u0629 \u0627\u0644\u0645\u064f\u0642\u062f\u0651\u0631\" \/>\n\t<meta name=\"twitter:data1\" content=\"3 \u062f\u0642\u0627\u0626\u0642\" \/>\n<script type=\"application\/ld+json\" class=\"yoast-schema-graph\">{\"@context\":\"https:\/\/schema.org\",\"@graph\":[{\"@type\":\"WebPage\",\"@id\":\"https:\/\/www.univ-mila.dz\/?page_id=1642&lang=fr\",\"url\":\"https:\/\/www.univ-mila.dz\/?page_id=1642&lang=fr\",\"name\":\"Facult\u00e9 des Sciences et de la Technologie - \u062c\u0627\u0645\u0639\u0629 \u0645\u064a\u0644\u0629\",\"isPartOf\":{\"@id\":\"https:\/\/www.univ-mila.dz\/#website\"},\"primaryImageOfPage\":{\"@id\":\"https:\/\/www.univ-mila.dz\/?page_id=1642&lang=fr#primaryimage\"},\"image\":{\"@id\":\"https:\/\/www.univ-mila.dz\/?page_id=1642&lang=fr#primaryimage\"},\"thumbnailUrl\":\"https:\/\/www.univ-mila.dz\/wp-content\/uploads\/2019\/03\/20228821_1234267920034430_282399053964769760_n.jpg\",\"datePublished\":\"2019-11-22T19:43:52+00:00\",\"dateModified\":\"2025-11-02T09:35:39+00:00\",\"inLanguage\":\"ar\",\"potentialAction\":[{\"@type\":\"ReadAction\",\"target\":[\"https:\/\/www.univ-mila.dz\/?page_id=1642&lang=fr\"]}]},{\"@type\":\"ImageObject\",\"inLanguage\":\"ar\",\"@id\":\"https:\/\/www.univ-mila.dz\/?page_id=1642&lang=fr#primaryimage\",\"url\":\"https:\/\/www.univ-mila.dz\/wp-content\/uploads\/2019\/03\/20228821_1234267920034430_282399053964769760_n.jpg\",\"contentUrl\":\"https:\/\/www.univ-mila.dz\/wp-content\/uploads\/2019\/03\/20228821_1234267920034430_282399053964769760_n.jpg\",\"width\":640,\"height\":480},{\"@type\":\"WebSite\",\"@id\":\"https:\/\/www.univ-mila.dz\/#website\",\"url\":\"https:\/\/www.univ-mila.dz\/\",\"name\":\"\u062c\u0627\u0645\u0639\u0629 \u0639\u0628\u062f \u0627\u0644\u062d\u0641\u064a\u0638 \u0628\u0648\u0627\u0644\u0635\u0648\u0641\",\"description\":\"\u0645\u064a\u0644\u0629\",\"publisher\":{\"@id\":\"https:\/\/www.univ-mila.dz\/#organization\"},\"potentialAction\":[{\"@type\":\"SearchAction\",\"target\":{\"@type\":\"EntryPoint\",\"urlTemplate\":\"https:\/\/www.univ-mila.dz\/?s={search_term_string}\"},\"query-input\":{\"@type\":\"PropertyValueSpecification\",\"valueRequired\":true,\"valueName\":\"search_term_string\"}}],\"inLanguage\":\"ar\"},{\"@type\":\"Organization\",\"@id\":\"https:\/\/www.univ-mila.dz\/#organization\",\"name\":\"\u062c\u0627\u0645\u0639\u0629 \u0639\u0628\u062f \u0627\u0644\u062d\u0641\u064a\u0638 \u0628\u0648\u0627\u0644\u0635\u0648\u0641 - \u0645\u064a\u0644\u0629\",\"url\":\"https:\/\/www.univ-mila.dz\/\",\"logo\":{\"@type\":\"ImageObject\",\"inLanguage\":\"ar\",\"@id\":\"https:\/\/www.univ-mila.dz\/#\/schema\/logo\/image\/\",\"url\":\"http:\/\/www.centre-univ-mila.dz\/wp-content\/uploads\/2019\/02\/1416395352cumtransparent.png\",\"contentUrl\":\"http:\/\/www.centre-univ-mila.dz\/wp-content\/uploads\/2019\/02\/1416395352cumtransparent.png\",\"width\":208,\"height\":268,\"caption\":\"\u062c\u0627\u0645\u0639\u0629 \u0639\u0628\u062f \u0627\u0644\u062d\u0641\u064a\u0638 \u0628\u0648\u0627\u0644\u0635\u0648\u0641 - \u0645\u064a\u0644\u0629\"},\"image\":{\"@id\":\"https:\/\/www.univ-mila.dz\/#\/schema\/logo\/image\/\"},\"sameAs\":[\"https:\/\/www.facebook.com\/univmila\/\",\"https:\/\/x.com\/univmila\",\"https:\/\/www.youtube.com\/channel\/UC9--lQO1WBvXm38B70e9u5w\"]}]}<\/script>\n<!-- \/ Yoast SEO plugin. -->","yoast_head_json":{"title":"Facult\u00e9 des Sciences et de la Technologie - \u062c\u0627\u0645\u0639\u0629 \u0645\u064a\u0644\u0629","robots":{"index":"index","follow":"follow","max-snippet":"max-snippet:-1","max-image-preview":"max-image-preview:large","max-video-preview":"max-video-preview:-1"},"canonical":"https:\/\/www.univ-mila.dz\/?page_id=1642&lang=fr","og_locale":"ar_AR","og_type":"article","og_title":"Facult\u00e9 des Sciences et de la Technologie - \u062c\u0627\u0645\u0639\u0629 \u0645\u064a\u0644\u0629","og_description":"Missions de La facult\u00e9 : : : inst.sc.tech@centre-univ-mila.dz : facebook.com La facult\u00e9 des sciences et de la technologie a pour mission de fournir aux \u00e9tudiants des formations qualitatives dans les domaines de math\u00e9matiques, informatique, et technologiques. Des formations qui pr\u00e9parent les \u00e9tudiants \u00e0 une insertion\u00a0professionnelle, et \u00e0 une contribution efficace au d\u00e9veloppement du pays et [&hellip;]","og_url":"https:\/\/www.univ-mila.dz\/?page_id=1642&lang=fr","og_site_name":"\u062c\u0627\u0645\u0639\u0629 \u0645\u064a\u0644\u0629","article_publisher":"https:\/\/www.facebook.com\/univmila\/","article_modified_time":"2025-11-02T09:35:39+00:00","og_image":[{"width":640,"height":480,"url":"https:\/\/www.univ-mila.dz\/wp-content\/uploads\/2019\/03\/20228821_1234267920034430_282399053964769760_n.jpg","type":"image\/jpeg"}],"twitter_card":"summary_large_image","twitter_site":"@univmila","twitter_misc":{"\u0648\u0642\u062a \u0627\u0644\u0642\u0631\u0627\u0621\u0629 \u0627\u0644\u0645\u064f\u0642\u062f\u0651\u0631":"3 \u062f\u0642\u0627\u0626\u0642"},"schema":{"@context":"https:\/\/schema.org","@graph":[{"@type":"WebPage","@id":"https:\/\/www.univ-mila.dz\/?page_id=1642&lang=fr","url":"https:\/\/www.univ-mila.dz\/?page_id=1642&lang=fr","name":"Facult\u00e9 des Sciences et de la Technologie - \u062c\u0627\u0645\u0639\u0629 \u0645\u064a\u0644\u0629","isPartOf":{"@id":"https:\/\/www.univ-mila.dz\/#website"},"primaryImageOfPage":{"@id":"https:\/\/www.univ-mila.dz\/?page_id=1642&lang=fr#primaryimage"},"image":{"@id":"https:\/\/www.univ-mila.dz\/?page_id=1642&lang=fr#primaryimage"},"thumbnailUrl":"https:\/\/www.univ-mila.dz\/wp-content\/uploads\/2019\/03\/20228821_1234267920034430_282399053964769760_n.jpg","datePublished":"2019-11-22T19:43:52+00:00","dateModified":"2025-11-02T09:35:39+00:00","inLanguage":"ar","potentialAction":[{"@type":"ReadAction","target":["https:\/\/www.univ-mila.dz\/?page_id=1642&lang=fr"]}]},{"@type":"ImageObject","inLanguage":"ar","@id":"https:\/\/www.univ-mila.dz\/?page_id=1642&lang=fr#primaryimage","url":"https:\/\/www.univ-mila.dz\/wp-content\/uploads\/2019\/03\/20228821_1234267920034430_282399053964769760_n.jpg","contentUrl":"https:\/\/www.univ-mila.dz\/wp-content\/uploads\/2019\/03\/20228821_1234267920034430_282399053964769760_n.jpg","width":640,"height":480},{"@type":"WebSite","@id":"https:\/\/www.univ-mila.dz\/#website","url":"https:\/\/www.univ-mila.dz\/","name":"\u062c\u0627\u0645\u0639\u0629 \u0639\u0628\u062f \u0627\u0644\u062d\u0641\u064a\u0638 \u0628\u0648\u0627\u0644\u0635\u0648\u0641","description":"\u0645\u064a\u0644\u0629","publisher":{"@id":"https:\/\/www.univ-mila.dz\/#organization"},"potentialAction":[{"@type":"SearchAction","target":{"@type":"EntryPoint","urlTemplate":"https:\/\/www.univ-mila.dz\/?s={search_term_string}"},"query-input":{"@type":"PropertyValueSpecification","valueRequired":true,"valueName":"search_term_string"}}],"inLanguage":"ar"},{"@type":"Organization","@id":"https:\/\/www.univ-mila.dz\/#organization","name":"\u062c\u0627\u0645\u0639\u0629 \u0639\u0628\u062f \u0627\u0644\u062d\u0641\u064a\u0638 \u0628\u0648\u0627\u0644\u0635\u0648\u0641 - \u0645\u064a\u0644\u0629","url":"https:\/\/www.univ-mila.dz\/","logo":{"@type":"ImageObject","inLanguage":"ar","@id":"https:\/\/www.univ-mila.dz\/#\/schema\/logo\/image\/","url":"http:\/\/www.centre-univ-mila.dz\/wp-content\/uploads\/2019\/02\/1416395352cumtransparent.png","contentUrl":"http:\/\/www.centre-univ-mila.dz\/wp-content\/uploads\/2019\/02\/1416395352cumtransparent.png","width":208,"height":268,"caption":"\u062c\u0627\u0645\u0639\u0629 \u0639\u0628\u062f \u0627\u0644\u062d\u0641\u064a\u0638 \u0628\u0648\u0627\u0644\u0635\u0648\u0641 - \u0645\u064a\u0644\u0629"},"image":{"@id":"https:\/\/www.univ-mila.dz\/#\/schema\/logo\/image\/"},"sameAs":["https:\/\/www.facebook.com\/univmila\/","https:\/\/x.com\/univmila","https:\/\/www.youtube.com\/channel\/UC9--lQO1WBvXm38B70e9u5w"]}]}},"_links":{"self":[{"href":"https:\/\/www.univ-mila.dz\/index.php?rest_route=\/wp\/v2\/pages\/1642","targetHints":{"allow":["GET"]}}],"collection":[{"href":"https:\/\/www.univ-mila.dz\/index.php?rest_route=\/wp\/v2\/pages"}],"about":[{"href":"https:\/\/www.univ-mila.dz\/index.php?rest_route=\/wp\/v2\/types\/page"}],"author":[{"embeddable":true,"href":"https:\/\/www.univ-mila.dz\/index.php?rest_route=\/wp\/v2\/users\/1"}],"replies":[{"embeddable":true,"href":"https:\/\/www.univ-mila.dz\/index.php?rest_route=%2Fwp%2Fv2%2Fcomments&post=1642"}],"version-history":[{"count":30,"href":"https:\/\/www.univ-mila.dz\/index.php?rest_route=\/wp\/v2\/pages\/1642\/revisions"}],"predecessor-version":[{"id":32854,"href":"https:\/\/www.univ-mila.dz\/index.php?rest_route=\/wp\/v2\/pages\/1642\/revisions\/32854"}],"wp:featuredmedia":[{"embeddable":true,"href":"https:\/\/www.univ-mila.dz\/index.php?rest_route=\/wp\/v2\/media\/736"}],"wp:attachment":[{"href":"https:\/\/www.univ-mila.dz\/index.php?rest_route=%2Fwp%2Fv2%2Fmedia&parent=1642"}],"curies":[{"name":"wp","href":"https:\/\/api.w.org\/{rel}","templated":true}]}}