{"id":1616,"date":"2019-11-22T18:48:58","date_gmt":"2019-11-22T15:48:58","guid":{"rendered":"https:\/\/www.univ-mila.dz?page_id=1616"},"modified":"2020-05-29T14:43:30","modified_gmt":"2020-05-29T13:43:30","slug":"habilitation-universitaire","status":"publish","type":"page","link":"https:\/\/www.univ-mila.dz\/?page_id=1616&lang=fr","title":{"rendered":"Habilitation Universitaire"},"content":{"rendered":"<p>[vc_row][vc_column][vc_column_text]<\/p>\n<p class=\"textheader\">Habilitation Universitaire<\/p>\n<p><strong>\u00a0<\/strong>L\u2019Habilitation Universitaire permet \u00e0 son titulaire :<\/p>\n<ul>\n<li>D\u2019acqu\u00e9rirle grade de Maitre de Conf\u00e9rences classe A, et d\u2019acc\u00e9der ainsi au rang magistral ;<\/li>\n<li>D\u2019encadrer des m\u00e9moires de magist\u00e8re et des th\u00e8ses de doctorat,<\/li>\n<li>De diriger des projets de recherche\u00a0;<\/li>\n<li>De diriger une \u00e9quipe de recherche\u00a0;<\/li>\n<li>De postuler \u00e0 une promotion au grade \u00ab Professeur \u00bb.<\/li>\n<\/ul>\n<p class=\"textheader\">Conditions de candidature \u00e0 l\u2019habilitation universitaire<\/p>\n<p>Le candidat \u00e0 l\u2019Habilitation Universitaire doit remplir les conditions suivantes\u00a0:<\/p>\n<ol>\n<li>Etre enseignant chercheur, en position d\u2019activit\u00e9 permanente dans son \u00e9tablissement d\u2019exercice\u00a0;<\/li>\n<li>Etre titulaire dans le grade occup\u00e9\u00a0;<\/li>\n<li>Avoir au moins une ann\u00e9e \u00e0 compter de la date de l&#8217;obtention du dipl\u00f4me de doctorat.<\/li>\n<\/ol>\n<p class=\"textheader\">Conditions de candidature \u00e0 l\u2019habilitation universitaire<\/p>\n<p>Le dossier de candidature de l&#8217;enseignant chercheur \u00e0 l&#8217;Habilitation Universitaire doit comprendre :<\/p>\n<ol>\n<li>Une demande manuscrite ;<\/li>\n<li>Une copie de la d\u00e9cision de titularisation dans le grade ;<\/li>\n<li>Une attestation de fonction r\u00e9cente ;<\/li>\n<li>Une copie des dipl\u00f4mes universitaires obtenus ;<\/li>\n<li>Un exemplaire de la th\u00e8se de doctorat ;<\/li>\n<li>Un curriculum vitae, retra\u00e7ant les diff\u00e9rentes \u00e9tapes de la carri\u00e8re du postulant ;<\/li>\n<li>Les documents portant sur l&#8217;ensemble des travaux du postulant \u00e0 l&#8217;habilitation universitaire, notamment :\n<ul>\n<li>Un article et\/ou publications scientifiques publi\u00e9s dans une revue scientifique reconnue avec comit\u00e9 de lecture, r\u00e9alis\u00e9s apr\u00e8s la soutenance de doctorat ;<\/li>\n<li>La production p\u00e9dagogique r\u00e9alis\u00e9e (ouvrages, polycopi\u00e9s, cours en ligne, etc.), et justifi\u00e9e par au moins un polycopi\u00e9 ;<\/li>\n<li>Autres articles scientifiques, s&#8217;il y a lieu, publi\u00e9s dans des revues scientifiques reconnues avec comit\u00e9 de lecture ;<\/li>\n<li>Les communications scientifiques dans des conf\u00e9rence et colloques scientifiques, s&#8217;il y a lieu, accompagn\u00e9es d&#8217;une attestation de participation ;<\/li>\n<li>Les ouvrages scientifiques, s&#8217;il y a lieu ;<\/li>\n<li>Les brevets d&#8217;invention, s&#8217;il y a lieu ;<\/li>\n<li>Une synth\u00e8se de cinq (5) \u00e0 dix (10) pages mettant en exergue l&#8217;ensemble des travaux scientifiques et p\u00e9dagogiques.<\/li>\n<\/ul>\n<\/li>\n<\/ol>\n<p>L&#8217;enseignant chercheur doit d\u00e9poser son dossier de candidature, en huit (08) exemplaires, aupr\u00e8s de la sous-direction charg\u00e9e de la poste graduation, de la recherche scientifique et des relations ext\u00e9rieures qui lui d\u00e9livre sur place un r\u00e9c\u00e9piss\u00e9 de d\u00e9p\u00f4t apr\u00e8s contr\u00f4le de la conformit\u00e9 r\u00e9glementaire du dossier et transmet dans un d\u00e9lai de huit jours, au terme de chacune des sessions de d\u00e9p\u00f4t cit\u00e9s ci-dessus, le dossier de candidature \u00e0 un \u00e9tablissement universitaire habilit\u00e9 dans la sp\u00e9cialit\u00e9 du candidat, de pr\u00e9f\u00e9rence le plus proche, et en tenir inform\u00e9 le candidat.<\/p>\n<p>Pour plus d\u2019informations, voir l\u2019arr\u00eat\u00e9 521 du 05 septembre 2013, fixant les modalit\u00e9s de mise en \u0153uvre des dispositions relatives \u00e0 l\u2019Habilitation Universitaire.<\/p>\n<p class=\"textheader\">Sessions de d\u00e9p\u00f4t des dossiers<\/p>\n<p>Deux sessions de d\u00e9p\u00f4t des dossiers de candidatures\u00a0durant l\u2019ann\u00e9e universitaire :<\/p>\n<ul>\n<li><span style=\"font-size: 12pt;\"><strong>Session 1\u00a0: <span style=\"color: #800000;\">du 15 au 30 Septembre<\/span><\/strong>.<\/span><\/li>\n<li><strong>Session 2\u00a0: <span style=\"color: #800000;\">du 15 au 30 Janvier<\/span><\/strong>.<\/li>\n<\/ul>\n<p>[\/vc_column_text][\/vc_column][\/vc_row]<\/p>\n","protected":false},"excerpt":{"rendered":"<p>[vc_row][vc_column][vc_column_text] Habilitation Universitaire \u00a0L\u2019Habilitation Universitaire permet \u00e0 son titulaire : D\u2019acqu\u00e9rirle grade de Maitre de Conf\u00e9rences classe A, et d\u2019acc\u00e9der ainsi au rang magistral ; D\u2019encadrer des m\u00e9moires de magist\u00e8re et des th\u00e8ses de doctorat, De diriger des projets de recherche\u00a0; De diriger une \u00e9quipe de recherche\u00a0; De postuler \u00e0 une promotion au grade \u00ab [&hellip;]<\/p>\n","protected":false},"author":1,"featured_media":0,"parent":0,"menu_order":0,"comment_status":"closed","ping_status":"closed","template":"","meta":{"footnotes":""},"class_list":["post-1616","page","type-page","status-publish","hentry"],"yoast_head":"<!-- This site is optimized with the Yoast SEO plugin v26.3 - https:\/\/yoast.com\/wordpress\/plugins\/seo\/ -->\n<title>Habilitation Universitaire - \u062c\u0627\u0645\u0639\u0629 \u0645\u064a\u0644\u0629<\/title>\n<meta name=\"robots\" content=\"index, follow, max-snippet:-1, max-image-preview:large, max-video-preview:-1\" \/>\n<link rel=\"canonical\" href=\"https:\/\/www.univ-mila.dz\/?page_id=1616&lang=fr\" \/>\n<meta property=\"og:locale\" content=\"ar_AR\" \/>\n<meta property=\"og:type\" content=\"article\" \/>\n<meta property=\"og:title\" content=\"Habilitation Universitaire - \u062c\u0627\u0645\u0639\u0629 \u0645\u064a\u0644\u0629\" \/>\n<meta property=\"og:description\" content=\"[vc_row][vc_column][vc_column_text] Habilitation Universitaire \u00a0L\u2019Habilitation Universitaire permet \u00e0 son titulaire : D\u2019acqu\u00e9rirle grade de Maitre de Conf\u00e9rences classe A, et d\u2019acc\u00e9der ainsi au rang magistral ; D\u2019encadrer des m\u00e9moires de magist\u00e8re et des th\u00e8ses de doctorat, De diriger des projets de recherche\u00a0; De diriger une \u00e9quipe de recherche\u00a0; De postuler \u00e0 une promotion au grade \u00ab [&hellip;]\" \/>\n<meta property=\"og:url\" content=\"https:\/\/www.univ-mila.dz\/?page_id=1616&amp;lang=fr\" \/>\n<meta property=\"og:site_name\" content=\"\u062c\u0627\u0645\u0639\u0629 \u0645\u064a\u0644\u0629\" \/>\n<meta property=\"article:publisher\" content=\"https:\/\/www.facebook.com\/univmila\/\" \/>\n<meta property=\"article:modified_time\" content=\"2020-05-29T13:43:30+00:00\" \/>\n<meta name=\"twitter:card\" content=\"summary_large_image\" \/>\n<meta name=\"twitter:site\" content=\"@univmila\" \/>\n<meta name=\"twitter:label1\" content=\"\u0648\u0642\u062a \u0627\u0644\u0642\u0631\u0627\u0621\u0629 \u0627\u0644\u0645\u064f\u0642\u062f\u0651\u0631\" \/>\n\t<meta name=\"twitter:data1\" content=\"\u062f\u0642\u064a\u0642\u062a\u0627\u0646\" \/>\n<script type=\"application\/ld+json\" class=\"yoast-schema-graph\">{\"@context\":\"https:\/\/schema.org\",\"@graph\":[{\"@type\":\"WebPage\",\"@id\":\"https:\/\/www.univ-mila.dz\/?page_id=1616&lang=fr\",\"url\":\"https:\/\/www.univ-mila.dz\/?page_id=1616&lang=fr\",\"name\":\"Habilitation Universitaire - \u062c\u0627\u0645\u0639\u0629 \u0645\u064a\u0644\u0629\",\"isPartOf\":{\"@id\":\"https:\/\/www.univ-mila.dz\/#website\"},\"datePublished\":\"2019-11-22T15:48:58+00:00\",\"dateModified\":\"2020-05-29T13:43:30+00:00\",\"inLanguage\":\"ar\",\"potentialAction\":[{\"@type\":\"ReadAction\",\"target\":[\"https:\/\/www.univ-mila.dz\/?page_id=1616&lang=fr\"]}]},{\"@type\":\"WebSite\",\"@id\":\"https:\/\/www.univ-mila.dz\/#website\",\"url\":\"https:\/\/www.univ-mila.dz\/\",\"name\":\"\u062c\u0627\u0645\u0639\u0629 \u0639\u0628\u062f \u0627\u0644\u062d\u0641\u064a\u0638 \u0628\u0648\u0627\u0644\u0635\u0648\u0641\",\"description\":\"\u0645\u064a\u0644\u0629\",\"publisher\":{\"@id\":\"https:\/\/www.univ-mila.dz\/#organization\"},\"potentialAction\":[{\"@type\":\"SearchAction\",\"target\":{\"@type\":\"EntryPoint\",\"urlTemplate\":\"https:\/\/www.univ-mila.dz\/?s={search_term_string}\"},\"query-input\":{\"@type\":\"PropertyValueSpecification\",\"valueRequired\":true,\"valueName\":\"search_term_string\"}}],\"inLanguage\":\"ar\"},{\"@type\":\"Organization\",\"@id\":\"https:\/\/www.univ-mila.dz\/#organization\",\"name\":\"\u062c\u0627\u0645\u0639\u0629 \u0639\u0628\u062f \u0627\u0644\u062d\u0641\u064a\u0638 \u0628\u0648\u0627\u0644\u0635\u0648\u0641 - \u0645\u064a\u0644\u0629\",\"url\":\"https:\/\/www.univ-mila.dz\/\",\"logo\":{\"@type\":\"ImageObject\",\"inLanguage\":\"ar\",\"@id\":\"https:\/\/www.univ-mila.dz\/#\/schema\/logo\/image\/\",\"url\":\"http:\/\/www.centre-univ-mila.dz\/wp-content\/uploads\/2019\/02\/1416395352cumtransparent.png\",\"contentUrl\":\"http:\/\/www.centre-univ-mila.dz\/wp-content\/uploads\/2019\/02\/1416395352cumtransparent.png\",\"width\":208,\"height\":268,\"caption\":\"\u062c\u0627\u0645\u0639\u0629 \u0639\u0628\u062f \u0627\u0644\u062d\u0641\u064a\u0638 \u0628\u0648\u0627\u0644\u0635\u0648\u0641 - \u0645\u064a\u0644\u0629\"},\"image\":{\"@id\":\"https:\/\/www.univ-mila.dz\/#\/schema\/logo\/image\/\"},\"sameAs\":[\"https:\/\/www.facebook.com\/univmila\/\",\"https:\/\/x.com\/univmila\",\"https:\/\/www.youtube.com\/channel\/UC9--lQO1WBvXm38B70e9u5w\"]}]}<\/script>\n<!-- \/ Yoast SEO plugin. -->","yoast_head_json":{"title":"Habilitation Universitaire - \u062c\u0627\u0645\u0639\u0629 \u0645\u064a\u0644\u0629","robots":{"index":"index","follow":"follow","max-snippet":"max-snippet:-1","max-image-preview":"max-image-preview:large","max-video-preview":"max-video-preview:-1"},"canonical":"https:\/\/www.univ-mila.dz\/?page_id=1616&lang=fr","og_locale":"ar_AR","og_type":"article","og_title":"Habilitation Universitaire - \u062c\u0627\u0645\u0639\u0629 \u0645\u064a\u0644\u0629","og_description":"[vc_row][vc_column][vc_column_text] Habilitation Universitaire \u00a0L\u2019Habilitation Universitaire permet \u00e0 son titulaire : D\u2019acqu\u00e9rirle grade de Maitre de Conf\u00e9rences classe A, et d\u2019acc\u00e9der ainsi au rang magistral ; D\u2019encadrer des m\u00e9moires de magist\u00e8re et des th\u00e8ses de doctorat, De diriger des projets de recherche\u00a0; De diriger une \u00e9quipe de recherche\u00a0; De postuler \u00e0 une promotion au grade \u00ab [&hellip;]","og_url":"https:\/\/www.univ-mila.dz\/?page_id=1616&lang=fr","og_site_name":"\u062c\u0627\u0645\u0639\u0629 \u0645\u064a\u0644\u0629","article_publisher":"https:\/\/www.facebook.com\/univmila\/","article_modified_time":"2020-05-29T13:43:30+00:00","twitter_card":"summary_large_image","twitter_site":"@univmila","twitter_misc":{"\u0648\u0642\u062a \u0627\u0644\u0642\u0631\u0627\u0621\u0629 \u0627\u0644\u0645\u064f\u0642\u062f\u0651\u0631":"\u062f\u0642\u064a\u0642\u062a\u0627\u0646"},"schema":{"@context":"https:\/\/schema.org","@graph":[{"@type":"WebPage","@id":"https:\/\/www.univ-mila.dz\/?page_id=1616&lang=fr","url":"https:\/\/www.univ-mila.dz\/?page_id=1616&lang=fr","name":"Habilitation Universitaire - \u062c\u0627\u0645\u0639\u0629 \u0645\u064a\u0644\u0629","isPartOf":{"@id":"https:\/\/www.univ-mila.dz\/#website"},"datePublished":"2019-11-22T15:48:58+00:00","dateModified":"2020-05-29T13:43:30+00:00","inLanguage":"ar","potentialAction":[{"@type":"ReadAction","target":["https:\/\/www.univ-mila.dz\/?page_id=1616&lang=fr"]}]},{"@type":"WebSite","@id":"https:\/\/www.univ-mila.dz\/#website","url":"https:\/\/www.univ-mila.dz\/","name":"\u062c\u0627\u0645\u0639\u0629 \u0639\u0628\u062f \u0627\u0644\u062d\u0641\u064a\u0638 \u0628\u0648\u0627\u0644\u0635\u0648\u0641","description":"\u0645\u064a\u0644\u0629","publisher":{"@id":"https:\/\/www.univ-mila.dz\/#organization"},"potentialAction":[{"@type":"SearchAction","target":{"@type":"EntryPoint","urlTemplate":"https:\/\/www.univ-mila.dz\/?s={search_term_string}"},"query-input":{"@type":"PropertyValueSpecification","valueRequired":true,"valueName":"search_term_string"}}],"inLanguage":"ar"},{"@type":"Organization","@id":"https:\/\/www.univ-mila.dz\/#organization","name":"\u062c\u0627\u0645\u0639\u0629 \u0639\u0628\u062f \u0627\u0644\u062d\u0641\u064a\u0638 \u0628\u0648\u0627\u0644\u0635\u0648\u0641 - \u0645\u064a\u0644\u0629","url":"https:\/\/www.univ-mila.dz\/","logo":{"@type":"ImageObject","inLanguage":"ar","@id":"https:\/\/www.univ-mila.dz\/#\/schema\/logo\/image\/","url":"http:\/\/www.centre-univ-mila.dz\/wp-content\/uploads\/2019\/02\/1416395352cumtransparent.png","contentUrl":"http:\/\/www.centre-univ-mila.dz\/wp-content\/uploads\/2019\/02\/1416395352cumtransparent.png","width":208,"height":268,"caption":"\u062c\u0627\u0645\u0639\u0629 \u0639\u0628\u062f \u0627\u0644\u062d\u0641\u064a\u0638 \u0628\u0648\u0627\u0644\u0635\u0648\u0641 - \u0645\u064a\u0644\u0629"},"image":{"@id":"https:\/\/www.univ-mila.dz\/#\/schema\/logo\/image\/"},"sameAs":["https:\/\/www.facebook.com\/univmila\/","https:\/\/x.com\/univmila","https:\/\/www.youtube.com\/channel\/UC9--lQO1WBvXm38B70e9u5w"]}]}},"_links":{"self":[{"href":"https:\/\/www.univ-mila.dz\/index.php?rest_route=\/wp\/v2\/pages\/1616","targetHints":{"allow":["GET"]}}],"collection":[{"href":"https:\/\/www.univ-mila.dz\/index.php?rest_route=\/wp\/v2\/pages"}],"about":[{"href":"https:\/\/www.univ-mila.dz\/index.php?rest_route=\/wp\/v2\/types\/page"}],"author":[{"embeddable":true,"href":"https:\/\/www.univ-mila.dz\/index.php?rest_route=\/wp\/v2\/users\/1"}],"replies":[{"embeddable":true,"href":"https:\/\/www.univ-mila.dz\/index.php?rest_route=%2Fwp%2Fv2%2Fcomments&post=1616"}],"version-history":[{"count":24,"href":"https:\/\/www.univ-mila.dz\/index.php?rest_route=\/wp\/v2\/pages\/1616\/revisions"}],"predecessor-version":[{"id":6832,"href":"https:\/\/www.univ-mila.dz\/index.php?rest_route=\/wp\/v2\/pages\/1616\/revisions\/6832"}],"wp:attachment":[{"href":"https:\/\/www.univ-mila.dz\/index.php?rest_route=%2Fwp%2Fv2%2Fmedia&parent=1616"}],"curies":[{"name":"wp","href":"https:\/\/api.w.org\/{rel}","templated":true}]}}