{"id":15984,"date":"2021-02-02T15:13:47","date_gmt":"2021-02-02T15:13:47","guid":{"rendered":"https:\/\/www.univ-mila.dz\/?page_id=15984"},"modified":"2025-10-29T15:01:50","modified_gmt":"2025-10-29T14:01:50","slug":"%d8%a7%d9%84%d8%ac%d8%a7%d9%85%d8%b9%d8%a9-%d9%81%d9%8a-%d8%a3%d8%b1%d9%82%d8%a7%d9%85","status":"publish","type":"page","link":"https:\/\/www.univ-mila.dz\/?page_id=15984&lang=fr","title":{"rendered":"Universit\u00e9 en chiffres"},"content":{"rendered":"<p>[vc_row][vc_column][vc_column_text]<span class=\"textheader\">Universit\u00e9 en chiffres<\/span><br \/>\n[\/vc_column_text][\/vc_column][\/vc_row][vc_row][vc_column width=&#8221;1\/2&#8243;][vc_line_chart x_values=&#8221;&#8221; values=&#8221;%5B%7B%22title%22%3A%22Langue%20Arabe%22%2C%22y_values%22%3A%22926%22%2C%22color%22%3A%22blue%22%2C%22custom_color%22%3A%22%2350485b%22%7D%2C%7B%22title%22%3A%22Langues%20%C3%A9trang%C3%A8res%22%2C%22y_values%22%3A%221422%22%2C%22color%22%3A%22turquoise%22%2C%22custom_color%22%3A%22%2350485b%22%7D%2C%7B%22title%22%3A%22Droits%22%2C%22y_values%22%3A%221964%22%2C%22color%22%3A%22juicy-pink%22%2C%22custom_color%22%3A%22%2350485b%22%7D%2C%7B%22title%22%3A%22SECG%22%2C%22y_values%22%3A%222823%22%2C%22color%22%3A%22purple%22%2C%22custom_color%22%3A%22%2350485b%22%7D%2C%7B%22title%22%3A%22Math%C3%A9matiques%20et%20informatique%22%2C%22y_values%22%3A%221227%22%2C%22color%22%3A%22orange%22%2C%22custom_color%22%3A%22%2350485b%22%7D%2C%7B%22title%22%3A%22Sciences%20de%20la%20nature%20et%20de%20la%20vie%22%2C%22y_values%22%3A%221286%22%2C%22color%22%3A%22chino%22%2C%22custom_color%22%3A%22%2350485b%22%7D%2C%7B%22title%22%3A%22Science%20et%20technologie%22%2C%22y_values%22%3A%22764%22%2C%22color%22%3A%22vista-blue%22%2C%22custom_color%22%3A%22%2350485b%22%7D%2C%7B%22title%22%3A%22Sciences%20de%20la%20Terre%20et%20de%20l&#8217;univers%22%2C%22y_values%22%3A%2224%22%2C%22color%22%3A%22sandy-brown%22%2C%22custom_color%22%3A%22%23fe6c61%22%7D%5D&#8221; title=&#8221;\u00c9tudiants en Licence et Master (Total 10436)&#8221;][\/vc_column][vc_column width=&#8221;1\/2&#8243;][vc_line_chart x_values=&#8221;&#8221; values=&#8221;%5B%7B%22title%22%3A%22Langue%20Arabe%22%2C%22y_values%22%3A%2249%22%2C%22color%22%3A%22blue%22%2C%22custom_color%22%3A%22%2350485b%22%7D%2C%7B%22title%22%3A%22Langues%20%C3%A9trang%C3%A8res%22%2C%22y_values%22%3A%226%22%2C%22color%22%3A%22turquoise%22%2C%22custom_color%22%3A%22%2350485b%22%7D%2C%7B%22title%22%3A%22SECG%22%2C%22y_values%22%3A%22102%22%2C%22color%22%3A%22purple%22%2C%22custom_color%22%3A%22%2350485b%22%7D%2C%7B%22title%22%3A%22Math%C3%A9matiques%20et%20informatique%22%2C%22y_values%22%3A%2243%22%2C%22color%22%3A%22orange%22%2C%22custom_color%22%3A%22%2350485b%22%7D%2C%7B%22title%22%3A%22Sciences%20de%20la%20nature%20et%20de%20la%20vie%22%2C%22y_values%22%3A%2224%22%2C%22color%22%3A%22chino%22%2C%22custom_color%22%3A%22%2350485b%22%7D%2C%7B%22title%22%3A%22Science%20et%20technologie%22%2C%22y_values%22%3A%224%22%2C%22color%22%3A%22vista-blue%22%2C%22custom_color%22%3A%22%2350485b%22%7D%5D&#8221; title=&#8221;Statistiques des \u00e9tudiants post graduation (total 228)&#8221;][\/vc_column][\/vc_row][vc_row][vc_column][vc_column_text]<\/p>\n<hr \/>\n<p>[\/vc_column_text][\/vc_column][\/vc_row][vc_row][vc_column width=&#8221;1\/2&#8243;][vc_round_chart type=&#8221;doughnut&#8221; stroke_width=&#8221;2&#8243; values=&#8221;%5B%7B%22title%22%3A%22Professeur%20d&#8217;enseignement%20sup%C3%A9rieur%22%2C%22value%22%3A%2244%22%2C%22color%22%3A%22turquoise%22%7D%2C%7B%22title%22%3A%22Ma%C3%AEtre%20de%20Conf%C3%A9rences%20Classe%20%C2%ABA%C2%BB%22%2C%22value%22%3A%22172%22%2C%22color%22%3A%22vista-blue%22%7D%2C%7B%22title%22%3A%22Ma%C3%AEtre%20de%20Conf%C3%A9rences%20Classe%20%C2%ABB%C2%BB%22%2C%22value%22%3A%22196%22%2C%22color%22%3A%22mulled-wine%22%2C%22custom_color%22%3A%22%23f79468%22%7D%2C%7B%22title%22%3A%22Ma%C3%AEtre%20Assistant%20Classe%20%C2%ABA%C2%BB%22%2C%22value%22%3A%2278%22%2C%22color%22%3A%22orange%22%2C%22custom_color%22%3A%22%23f79468%22%7D%2C%7B%22title%22%3A%22Ma%C3%AEtre%20Assistant%20Classe%20%C2%ABB%C2%BB%22%2C%22value%22%3A%2213%22%2C%22color%22%3A%22juicy-pink%22%2C%22custom_color%22%3A%22%23f79468%22%7D%2C%7B%22title%22%3A%22Ma%C3%AEtre%20Assistant%22%2C%22value%22%3A%2214%22%2C%22color%22%3A%22chino%22%2C%22custom_color%22%3A%22%23f79468%22%7D%5D&#8221; title=&#8221;Cadre p\u00e9dagogique (Total 517)&#8221;][\/vc_column][vc_column width=&#8221;1\/2&#8243;][\/vc_column][\/vc_row][vc_row][vc_column][vc_column_text]<\/p>\n<hr \/>\n<p>[\/vc_column_text][\/vc_column][\/vc_row][vc_row][vc_column][\/vc_column][\/vc_row][vc_row][vc_column][vc_column_text]<br \/>\n<span class=\"textheader\">Structures p\u00e9dagogiques<\/span><br \/>\nLa capacit\u00e9 th\u00e9orique de l&#8217;universit\u00e9 est de 8 000 places d&#8217;enseignement, dont 14 auditoriums et 96 salles d&#8217;enseignement, en plus des salles d&#8217;application et des laboratoires de langues.<br \/>\nLe taux d&#8217;utilisation des ouvrages est estim\u00e9 \u00e0 135%.<br \/>\nEn plus de:<\/p>\n<ul>\n<li>Gestion centralis\u00e9e<\/li>\n<li>Trois biblioth\u00e8ques d&#8217;instituts priv\u00e9s<\/li>\n<li>Biblioth\u00e8que centrale<\/li>\n<\/ul>\n<p>[\/vc_column_text][\/vc_column][\/vc_row]<\/p>\n","protected":false},"excerpt":{"rendered":"<p>[vc_row][vc_column][vc_column_text]Universit\u00e9 en chiffres [\/vc_column_text][\/vc_column][\/vc_row][vc_row][vc_column width=&#8221;1\/2&#8243;][vc_line_chart x_values=&#8221;&#8221; values=&#8221;%5B%7B%22title%22%3A%22Langue%20Arabe%22%2C%22y_values%22%3A%22926%22%2C%22color%22%3A%22blue%22%2C%22custom_color%22%3A%22%2350485b%22%7D%2C%7B%22title%22%3A%22Langues%20%C3%A9trang%C3%A8res%22%2C%22y_values%22%3A%221422%22%2C%22color%22%3A%22turquoise%22%2C%22custom_color%22%3A%22%2350485b%22%7D%2C%7B%22title%22%3A%22Droits%22%2C%22y_values%22%3A%221964%22%2C%22color%22%3A%22juicy-pink%22%2C%22custom_color%22%3A%22%2350485b%22%7D%2C%7B%22title%22%3A%22SECG%22%2C%22y_values%22%3A%222823%22%2C%22color%22%3A%22purple%22%2C%22custom_color%22%3A%22%2350485b%22%7D%2C%7B%22title%22%3A%22Math%C3%A9matiques%20et%20informatique%22%2C%22y_values%22%3A%221227%22%2C%22color%22%3A%22orange%22%2C%22custom_color%22%3A%22%2350485b%22%7D%2C%7B%22title%22%3A%22Sciences%20de%20la%20nature%20et%20de%20la%20vie%22%2C%22y_values%22%3A%221286%22%2C%22color%22%3A%22chino%22%2C%22custom_color%22%3A%22%2350485b%22%7D%2C%7B%22title%22%3A%22Science%20et%20technologie%22%2C%22y_values%22%3A%22764%22%2C%22color%22%3A%22vista-blue%22%2C%22custom_color%22%3A%22%2350485b%22%7D%2C%7B%22title%22%3A%22Sciences%20de%20la%20Terre%20et%20de%20l&#8217;univers%22%2C%22y_values%22%3A%2224%22%2C%22color%22%3A%22sandy-brown%22%2C%22custom_color%22%3A%22%23fe6c61%22%7D%5D&#8221; title=&#8221;\u00c9tudiants en Licence et Master (Total 10436)&#8221;][\/vc_column][vc_column width=&#8221;1\/2&#8243;][vc_line_chart x_values=&#8221;&#8221; values=&#8221;%5B%7B%22title%22%3A%22Langue%20Arabe%22%2C%22y_values%22%3A%2249%22%2C%22color%22%3A%22blue%22%2C%22custom_color%22%3A%22%2350485b%22%7D%2C%7B%22title%22%3A%22Langues%20%C3%A9trang%C3%A8res%22%2C%22y_values%22%3A%226%22%2C%22color%22%3A%22turquoise%22%2C%22custom_color%22%3A%22%2350485b%22%7D%2C%7B%22title%22%3A%22SECG%22%2C%22y_values%22%3A%22102%22%2C%22color%22%3A%22purple%22%2C%22custom_color%22%3A%22%2350485b%22%7D%2C%7B%22title%22%3A%22Math%C3%A9matiques%20et%20informatique%22%2C%22y_values%22%3A%2243%22%2C%22color%22%3A%22orange%22%2C%22custom_color%22%3A%22%2350485b%22%7D%2C%7B%22title%22%3A%22Sciences%20de%20la%20nature%20et%20de%20la%20vie%22%2C%22y_values%22%3A%2224%22%2C%22color%22%3A%22chino%22%2C%22custom_color%22%3A%22%2350485b%22%7D%2C%7B%22title%22%3A%22Science%20et%20technologie%22%2C%22y_values%22%3A%224%22%2C%22color%22%3A%22vista-blue%22%2C%22custom_color%22%3A%22%2350485b%22%7D%5D&#8221; title=&#8221;Statistiques des \u00e9tudiants post graduation (total 228)&#8221;][\/vc_column][\/vc_row][vc_row][vc_column][vc_column_text] [\/vc_column_text][\/vc_column][\/vc_row][vc_row][vc_column width=&#8221;1\/2&#8243;][vc_round_chart type=&#8221;doughnut&#8221; stroke_width=&#8221;2&#8243; values=&#8221;%5B%7B%22title%22%3A%22Professeur%20d&#8217;enseignement%20sup%C3%A9rieur%22%2C%22value%22%3A%2244%22%2C%22color%22%3A%22turquoise%22%7D%2C%7B%22title%22%3A%22Ma%C3%AEtre%20de%20Conf%C3%A9rences%20Classe%20%C2%ABA%C2%BB%22%2C%22value%22%3A%22172%22%2C%22color%22%3A%22vista-blue%22%7D%2C%7B%22title%22%3A%22Ma%C3%AEtre%20de%20Conf%C3%A9rences%20Classe%20%C2%ABB%C2%BB%22%2C%22value%22%3A%22196%22%2C%22color%22%3A%22mulled-wine%22%2C%22custom_color%22%3A%22%23f79468%22%7D%2C%7B%22title%22%3A%22Ma%C3%AEtre%20Assistant%20Classe%20%C2%ABA%C2%BB%22%2C%22value%22%3A%2278%22%2C%22color%22%3A%22orange%22%2C%22custom_color%22%3A%22%23f79468%22%7D%2C%7B%22title%22%3A%22Ma%C3%AEtre%20Assistant%20Classe%20%C2%ABB%C2%BB%22%2C%22value%22%3A%2213%22%2C%22color%22%3A%22juicy-pink%22%2C%22custom_color%22%3A%22%23f79468%22%7D%2C%7B%22title%22%3A%22Ma%C3%AEtre%20Assistant%22%2C%22value%22%3A%2214%22%2C%22color%22%3A%22chino%22%2C%22custom_color%22%3A%22%23f79468%22%7D%5D&#8221; title=&#8221;Cadre p\u00e9dagogique (Total 517)&#8221;][\/vc_column][vc_column width=&#8221;1\/2&#8243;][\/vc_column][\/vc_row][vc_row][vc_column][vc_column_text] [\/vc_column_text][\/vc_column][\/vc_row][vc_row][vc_column][\/vc_column][\/vc_row][vc_row][vc_column][vc_column_text] Structures p\u00e9dagogiques La capacit\u00e9 th\u00e9orique de l&#8217;universit\u00e9 est de 8 000 places d&#8217;enseignement, dont 14 auditoriums et 96 salles d&#8217;enseignement, [&hellip;]<\/p>\n","protected":false},"author":1,"featured_media":0,"parent":0,"menu_order":0,"comment_status":"closed","ping_status":"closed","template":"","meta":{"footnotes":""},"class_list":["post-15984","page","type-page","status-publish","hentry"],"yoast_head":"<!-- This site is optimized with the Yoast SEO plugin v26.3 - https:\/\/yoast.com\/wordpress\/plugins\/seo\/ -->\n<title>Universit\u00e9 en chiffres - \u062c\u0627\u0645\u0639\u0629 \u0645\u064a\u0644\u0629<\/title>\n<meta name=\"robots\" content=\"index, follow, max-snippet:-1, max-image-preview:large, max-video-preview:-1\" \/>\n<link rel=\"canonical\" href=\"https:\/\/www.univ-mila.dz\/?page_id=15984&lang=fr\" \/>\n<meta property=\"og:locale\" content=\"ar_AR\" \/>\n<meta property=\"og:type\" content=\"article\" \/>\n<meta property=\"og:title\" content=\"Universit\u00e9 en chiffres - \u062c\u0627\u0645\u0639\u0629 \u0645\u064a\u0644\u0629\" \/>\n<meta property=\"og:description\" content=\"[vc_row][vc_column][vc_column_text]Universit\u00e9 en chiffres [\/vc_column_text][\/vc_column][\/vc_row][vc_row][vc_column width=&#8221;1\/2&#8243;][vc_line_chart x_values=&#8221;&#8221; values=&#8221;%5B%7B%22title%22%3A%22Langue%20Arabe%22%2C%22y_values%22%3A%22926%22%2C%22color%22%3A%22blue%22%2C%22custom_color%22%3A%22%2350485b%22%7D%2C%7B%22title%22%3A%22Langues%20%C3%A9trang%C3%A8res%22%2C%22y_values%22%3A%221422%22%2C%22color%22%3A%22turquoise%22%2C%22custom_color%22%3A%22%2350485b%22%7D%2C%7B%22title%22%3A%22Droits%22%2C%22y_values%22%3A%221964%22%2C%22color%22%3A%22juicy-pink%22%2C%22custom_color%22%3A%22%2350485b%22%7D%2C%7B%22title%22%3A%22SECG%22%2C%22y_values%22%3A%222823%22%2C%22color%22%3A%22purple%22%2C%22custom_color%22%3A%22%2350485b%22%7D%2C%7B%22title%22%3A%22Math%C3%A9matiques%20et%20informatique%22%2C%22y_values%22%3A%221227%22%2C%22color%22%3A%22orange%22%2C%22custom_color%22%3A%22%2350485b%22%7D%2C%7B%22title%22%3A%22Sciences%20de%20la%20nature%20et%20de%20la%20vie%22%2C%22y_values%22%3A%221286%22%2C%22color%22%3A%22chino%22%2C%22custom_color%22%3A%22%2350485b%22%7D%2C%7B%22title%22%3A%22Science%20et%20technologie%22%2C%22y_values%22%3A%22764%22%2C%22color%22%3A%22vista-blue%22%2C%22custom_color%22%3A%22%2350485b%22%7D%2C%7B%22title%22%3A%22Sciences%20de%20la%20Terre%20et%20de%20l&#8217;univers%22%2C%22y_values%22%3A%2224%22%2C%22color%22%3A%22sandy-brown%22%2C%22custom_color%22%3A%22%23fe6c61%22%7D%5D&#8221; title=&#8221;\u00c9tudiants en Licence et Master (Total 10436)&#8221;][\/vc_column][vc_column width=&#8221;1\/2&#8243;][vc_line_chart x_values=&#8221;&#8221; values=&#8221;%5B%7B%22title%22%3A%22Langue%20Arabe%22%2C%22y_values%22%3A%2249%22%2C%22color%22%3A%22blue%22%2C%22custom_color%22%3A%22%2350485b%22%7D%2C%7B%22title%22%3A%22Langues%20%C3%A9trang%C3%A8res%22%2C%22y_values%22%3A%226%22%2C%22color%22%3A%22turquoise%22%2C%22custom_color%22%3A%22%2350485b%22%7D%2C%7B%22title%22%3A%22SECG%22%2C%22y_values%22%3A%22102%22%2C%22color%22%3A%22purple%22%2C%22custom_color%22%3A%22%2350485b%22%7D%2C%7B%22title%22%3A%22Math%C3%A9matiques%20et%20informatique%22%2C%22y_values%22%3A%2243%22%2C%22color%22%3A%22orange%22%2C%22custom_color%22%3A%22%2350485b%22%7D%2C%7B%22title%22%3A%22Sciences%20de%20la%20nature%20et%20de%20la%20vie%22%2C%22y_values%22%3A%2224%22%2C%22color%22%3A%22chino%22%2C%22custom_color%22%3A%22%2350485b%22%7D%2C%7B%22title%22%3A%22Science%20et%20technologie%22%2C%22y_values%22%3A%224%22%2C%22color%22%3A%22vista-blue%22%2C%22custom_color%22%3A%22%2350485b%22%7D%5D&#8221; title=&#8221;Statistiques des \u00e9tudiants post graduation (total 228)&#8221;][\/vc_column][\/vc_row][vc_row][vc_column][vc_column_text] [\/vc_column_text][\/vc_column][\/vc_row][vc_row][vc_column width=&#8221;1\/2&#8243;][vc_round_chart type=&#8221;doughnut&#8221; stroke_width=&#8221;2&#8243; values=&#8221;%5B%7B%22title%22%3A%22Professeur%20d&#8217;enseignement%20sup%C3%A9rieur%22%2C%22value%22%3A%2244%22%2C%22color%22%3A%22turquoise%22%7D%2C%7B%22title%22%3A%22Ma%C3%AEtre%20de%20Conf%C3%A9rences%20Classe%20%C2%ABA%C2%BB%22%2C%22value%22%3A%22172%22%2C%22color%22%3A%22vista-blue%22%7D%2C%7B%22title%22%3A%22Ma%C3%AEtre%20de%20Conf%C3%A9rences%20Classe%20%C2%ABB%C2%BB%22%2C%22value%22%3A%22196%22%2C%22color%22%3A%22mulled-wine%22%2C%22custom_color%22%3A%22%23f79468%22%7D%2C%7B%22title%22%3A%22Ma%C3%AEtre%20Assistant%20Classe%20%C2%ABA%C2%BB%22%2C%22value%22%3A%2278%22%2C%22color%22%3A%22orange%22%2C%22custom_color%22%3A%22%23f79468%22%7D%2C%7B%22title%22%3A%22Ma%C3%AEtre%20Assistant%20Classe%20%C2%ABB%C2%BB%22%2C%22value%22%3A%2213%22%2C%22color%22%3A%22juicy-pink%22%2C%22custom_color%22%3A%22%23f79468%22%7D%2C%7B%22title%22%3A%22Ma%C3%AEtre%20Assistant%22%2C%22value%22%3A%2214%22%2C%22color%22%3A%22chino%22%2C%22custom_color%22%3A%22%23f79468%22%7D%5D&#8221; title=&#8221;Cadre p\u00e9dagogique (Total 517)&#8221;][\/vc_column][vc_column width=&#8221;1\/2&#8243;][\/vc_column][\/vc_row][vc_row][vc_column][vc_column_text] [\/vc_column_text][\/vc_column][\/vc_row][vc_row][vc_column][\/vc_column][\/vc_row][vc_row][vc_column][vc_column_text] Structures p\u00e9dagogiques La capacit\u00e9 th\u00e9orique de l&#8217;universit\u00e9 est de 8 000 places d&#8217;enseignement, dont 14 auditoriums et 96 salles d&#8217;enseignement, [&hellip;]\" \/>\n<meta property=\"og:url\" content=\"https:\/\/www.univ-mila.dz\/?page_id=15984&amp;lang=fr\" \/>\n<meta property=\"og:site_name\" content=\"\u062c\u0627\u0645\u0639\u0629 \u0645\u064a\u0644\u0629\" \/>\n<meta property=\"article:publisher\" content=\"https:\/\/www.facebook.com\/univmila\/\" \/>\n<meta property=\"article:modified_time\" content=\"2025-10-29T14:01:50+00:00\" \/>\n<meta name=\"twitter:card\" content=\"summary_large_image\" \/>\n<meta name=\"twitter:site\" content=\"@univmila\" \/>\n<meta name=\"twitter:label1\" content=\"\u0648\u0642\u062a \u0627\u0644\u0642\u0631\u0627\u0621\u0629 \u0627\u0644\u0645\u064f\u0642\u062f\u0651\u0631\" \/>\n\t<meta name=\"twitter:data1\" content=\"1 \u062f\u0642\u064a\u0642\u0629\" \/>\n<script type=\"application\/ld+json\" class=\"yoast-schema-graph\">{\"@context\":\"https:\/\/schema.org\",\"@graph\":[{\"@type\":\"WebPage\",\"@id\":\"https:\/\/www.univ-mila.dz\/?page_id=15984&lang=fr\",\"url\":\"https:\/\/www.univ-mila.dz\/?page_id=15984&lang=fr\",\"name\":\"Universit\u00e9 en chiffres - \u062c\u0627\u0645\u0639\u0629 \u0645\u064a\u0644\u0629\",\"isPartOf\":{\"@id\":\"https:\/\/www.univ-mila.dz\/#website\"},\"datePublished\":\"2021-02-02T15:13:47+00:00\",\"dateModified\":\"2025-10-29T14:01:50+00:00\",\"inLanguage\":\"ar\",\"potentialAction\":[{\"@type\":\"ReadAction\",\"target\":[\"https:\/\/www.univ-mila.dz\/?page_id=15984&lang=fr\"]}]},{\"@type\":\"WebSite\",\"@id\":\"https:\/\/www.univ-mila.dz\/#website\",\"url\":\"https:\/\/www.univ-mila.dz\/\",\"name\":\"\u062c\u0627\u0645\u0639\u0629 \u0639\u0628\u062f \u0627\u0644\u062d\u0641\u064a\u0638 \u0628\u0648\u0627\u0644\u0635\u0648\u0641\",\"description\":\"\u0645\u064a\u0644\u0629\",\"publisher\":{\"@id\":\"https:\/\/www.univ-mila.dz\/#organization\"},\"potentialAction\":[{\"@type\":\"SearchAction\",\"target\":{\"@type\":\"EntryPoint\",\"urlTemplate\":\"https:\/\/www.univ-mila.dz\/?s={search_term_string}\"},\"query-input\":{\"@type\":\"PropertyValueSpecification\",\"valueRequired\":true,\"valueName\":\"search_term_string\"}}],\"inLanguage\":\"ar\"},{\"@type\":\"Organization\",\"@id\":\"https:\/\/www.univ-mila.dz\/#organization\",\"name\":\"\u062c\u0627\u0645\u0639\u0629 \u0639\u0628\u062f \u0627\u0644\u062d\u0641\u064a\u0638 \u0628\u0648\u0627\u0644\u0635\u0648\u0641 - \u0645\u064a\u0644\u0629\",\"url\":\"https:\/\/www.univ-mila.dz\/\",\"logo\":{\"@type\":\"ImageObject\",\"inLanguage\":\"ar\",\"@id\":\"https:\/\/www.univ-mila.dz\/#\/schema\/logo\/image\/\",\"url\":\"http:\/\/www.centre-univ-mila.dz\/wp-content\/uploads\/2019\/02\/1416395352cumtransparent.png\",\"contentUrl\":\"http:\/\/www.centre-univ-mila.dz\/wp-content\/uploads\/2019\/02\/1416395352cumtransparent.png\",\"width\":208,\"height\":268,\"caption\":\"\u062c\u0627\u0645\u0639\u0629 \u0639\u0628\u062f \u0627\u0644\u062d\u0641\u064a\u0638 \u0628\u0648\u0627\u0644\u0635\u0648\u0641 - \u0645\u064a\u0644\u0629\"},\"image\":{\"@id\":\"https:\/\/www.univ-mila.dz\/#\/schema\/logo\/image\/\"},\"sameAs\":[\"https:\/\/www.facebook.com\/univmila\/\",\"https:\/\/x.com\/univmila\",\"https:\/\/www.youtube.com\/channel\/UC9--lQO1WBvXm38B70e9u5w\"]}]}<\/script>\n<!-- \/ Yoast SEO plugin. -->","yoast_head_json":{"title":"Universit\u00e9 en chiffres - \u062c\u0627\u0645\u0639\u0629 \u0645\u064a\u0644\u0629","robots":{"index":"index","follow":"follow","max-snippet":"max-snippet:-1","max-image-preview":"max-image-preview:large","max-video-preview":"max-video-preview:-1"},"canonical":"https:\/\/www.univ-mila.dz\/?page_id=15984&lang=fr","og_locale":"ar_AR","og_type":"article","og_title":"Universit\u00e9 en chiffres - \u062c\u0627\u0645\u0639\u0629 \u0645\u064a\u0644\u0629","og_description":"[vc_row][vc_column][vc_column_text]Universit\u00e9 en chiffres [\/vc_column_text][\/vc_column][\/vc_row][vc_row][vc_column width=&#8221;1\/2&#8243;][vc_line_chart x_values=&#8221;&#8221; values=&#8221;%5B%7B%22title%22%3A%22Langue%20Arabe%22%2C%22y_values%22%3A%22926%22%2C%22color%22%3A%22blue%22%2C%22custom_color%22%3A%22%2350485b%22%7D%2C%7B%22title%22%3A%22Langues%20%C3%A9trang%C3%A8res%22%2C%22y_values%22%3A%221422%22%2C%22color%22%3A%22turquoise%22%2C%22custom_color%22%3A%22%2350485b%22%7D%2C%7B%22title%22%3A%22Droits%22%2C%22y_values%22%3A%221964%22%2C%22color%22%3A%22juicy-pink%22%2C%22custom_color%22%3A%22%2350485b%22%7D%2C%7B%22title%22%3A%22SECG%22%2C%22y_values%22%3A%222823%22%2C%22color%22%3A%22purple%22%2C%22custom_color%22%3A%22%2350485b%22%7D%2C%7B%22title%22%3A%22Math%C3%A9matiques%20et%20informatique%22%2C%22y_values%22%3A%221227%22%2C%22color%22%3A%22orange%22%2C%22custom_color%22%3A%22%2350485b%22%7D%2C%7B%22title%22%3A%22Sciences%20de%20la%20nature%20et%20de%20la%20vie%22%2C%22y_values%22%3A%221286%22%2C%22color%22%3A%22chino%22%2C%22custom_color%22%3A%22%2350485b%22%7D%2C%7B%22title%22%3A%22Science%20et%20technologie%22%2C%22y_values%22%3A%22764%22%2C%22color%22%3A%22vista-blue%22%2C%22custom_color%22%3A%22%2350485b%22%7D%2C%7B%22title%22%3A%22Sciences%20de%20la%20Terre%20et%20de%20l&#8217;univers%22%2C%22y_values%22%3A%2224%22%2C%22color%22%3A%22sandy-brown%22%2C%22custom_color%22%3A%22%23fe6c61%22%7D%5D&#8221; title=&#8221;\u00c9tudiants en Licence et Master (Total 10436)&#8221;][\/vc_column][vc_column width=&#8221;1\/2&#8243;][vc_line_chart x_values=&#8221;&#8221; values=&#8221;%5B%7B%22title%22%3A%22Langue%20Arabe%22%2C%22y_values%22%3A%2249%22%2C%22color%22%3A%22blue%22%2C%22custom_color%22%3A%22%2350485b%22%7D%2C%7B%22title%22%3A%22Langues%20%C3%A9trang%C3%A8res%22%2C%22y_values%22%3A%226%22%2C%22color%22%3A%22turquoise%22%2C%22custom_color%22%3A%22%2350485b%22%7D%2C%7B%22title%22%3A%22SECG%22%2C%22y_values%22%3A%22102%22%2C%22color%22%3A%22purple%22%2C%22custom_color%22%3A%22%2350485b%22%7D%2C%7B%22title%22%3A%22Math%C3%A9matiques%20et%20informatique%22%2C%22y_values%22%3A%2243%22%2C%22color%22%3A%22orange%22%2C%22custom_color%22%3A%22%2350485b%22%7D%2C%7B%22title%22%3A%22Sciences%20de%20la%20nature%20et%20de%20la%20vie%22%2C%22y_values%22%3A%2224%22%2C%22color%22%3A%22chino%22%2C%22custom_color%22%3A%22%2350485b%22%7D%2C%7B%22title%22%3A%22Science%20et%20technologie%22%2C%22y_values%22%3A%224%22%2C%22color%22%3A%22vista-blue%22%2C%22custom_color%22%3A%22%2350485b%22%7D%5D&#8221; title=&#8221;Statistiques des \u00e9tudiants post graduation (total 228)&#8221;][\/vc_column][\/vc_row][vc_row][vc_column][vc_column_text] [\/vc_column_text][\/vc_column][\/vc_row][vc_row][vc_column width=&#8221;1\/2&#8243;][vc_round_chart type=&#8221;doughnut&#8221; stroke_width=&#8221;2&#8243; values=&#8221;%5B%7B%22title%22%3A%22Professeur%20d&#8217;enseignement%20sup%C3%A9rieur%22%2C%22value%22%3A%2244%22%2C%22color%22%3A%22turquoise%22%7D%2C%7B%22title%22%3A%22Ma%C3%AEtre%20de%20Conf%C3%A9rences%20Classe%20%C2%ABA%C2%BB%22%2C%22value%22%3A%22172%22%2C%22color%22%3A%22vista-blue%22%7D%2C%7B%22title%22%3A%22Ma%C3%AEtre%20de%20Conf%C3%A9rences%20Classe%20%C2%ABB%C2%BB%22%2C%22value%22%3A%22196%22%2C%22color%22%3A%22mulled-wine%22%2C%22custom_color%22%3A%22%23f79468%22%7D%2C%7B%22title%22%3A%22Ma%C3%AEtre%20Assistant%20Classe%20%C2%ABA%C2%BB%22%2C%22value%22%3A%2278%22%2C%22color%22%3A%22orange%22%2C%22custom_color%22%3A%22%23f79468%22%7D%2C%7B%22title%22%3A%22Ma%C3%AEtre%20Assistant%20Classe%20%C2%ABB%C2%BB%22%2C%22value%22%3A%2213%22%2C%22color%22%3A%22juicy-pink%22%2C%22custom_color%22%3A%22%23f79468%22%7D%2C%7B%22title%22%3A%22Ma%C3%AEtre%20Assistant%22%2C%22value%22%3A%2214%22%2C%22color%22%3A%22chino%22%2C%22custom_color%22%3A%22%23f79468%22%7D%5D&#8221; title=&#8221;Cadre p\u00e9dagogique (Total 517)&#8221;][\/vc_column][vc_column width=&#8221;1\/2&#8243;][\/vc_column][\/vc_row][vc_row][vc_column][vc_column_text] [\/vc_column_text][\/vc_column][\/vc_row][vc_row][vc_column][\/vc_column][\/vc_row][vc_row][vc_column][vc_column_text] Structures p\u00e9dagogiques La capacit\u00e9 th\u00e9orique de l&#8217;universit\u00e9 est de 8 000 places d&#8217;enseignement, dont 14 auditoriums et 96 salles d&#8217;enseignement, [&hellip;]","og_url":"https:\/\/www.univ-mila.dz\/?page_id=15984&lang=fr","og_site_name":"\u062c\u0627\u0645\u0639\u0629 \u0645\u064a\u0644\u0629","article_publisher":"https:\/\/www.facebook.com\/univmila\/","article_modified_time":"2025-10-29T14:01:50+00:00","twitter_card":"summary_large_image","twitter_site":"@univmila","twitter_misc":{"\u0648\u0642\u062a \u0627\u0644\u0642\u0631\u0627\u0621\u0629 \u0627\u0644\u0645\u064f\u0642\u062f\u0651\u0631":"1 \u062f\u0642\u064a\u0642\u0629"},"schema":{"@context":"https:\/\/schema.org","@graph":[{"@type":"WebPage","@id":"https:\/\/www.univ-mila.dz\/?page_id=15984&lang=fr","url":"https:\/\/www.univ-mila.dz\/?page_id=15984&lang=fr","name":"Universit\u00e9 en chiffres - \u062c\u0627\u0645\u0639\u0629 \u0645\u064a\u0644\u0629","isPartOf":{"@id":"https:\/\/www.univ-mila.dz\/#website"},"datePublished":"2021-02-02T15:13:47+00:00","dateModified":"2025-10-29T14:01:50+00:00","inLanguage":"ar","potentialAction":[{"@type":"ReadAction","target":["https:\/\/www.univ-mila.dz\/?page_id=15984&lang=fr"]}]},{"@type":"WebSite","@id":"https:\/\/www.univ-mila.dz\/#website","url":"https:\/\/www.univ-mila.dz\/","name":"\u062c\u0627\u0645\u0639\u0629 \u0639\u0628\u062f \u0627\u0644\u062d\u0641\u064a\u0638 \u0628\u0648\u0627\u0644\u0635\u0648\u0641","description":"\u0645\u064a\u0644\u0629","publisher":{"@id":"https:\/\/www.univ-mila.dz\/#organization"},"potentialAction":[{"@type":"SearchAction","target":{"@type":"EntryPoint","urlTemplate":"https:\/\/www.univ-mila.dz\/?s={search_term_string}"},"query-input":{"@type":"PropertyValueSpecification","valueRequired":true,"valueName":"search_term_string"}}],"inLanguage":"ar"},{"@type":"Organization","@id":"https:\/\/www.univ-mila.dz\/#organization","name":"\u062c\u0627\u0645\u0639\u0629 \u0639\u0628\u062f \u0627\u0644\u062d\u0641\u064a\u0638 \u0628\u0648\u0627\u0644\u0635\u0648\u0641 - \u0645\u064a\u0644\u0629","url":"https:\/\/www.univ-mila.dz\/","logo":{"@type":"ImageObject","inLanguage":"ar","@id":"https:\/\/www.univ-mila.dz\/#\/schema\/logo\/image\/","url":"http:\/\/www.centre-univ-mila.dz\/wp-content\/uploads\/2019\/02\/1416395352cumtransparent.png","contentUrl":"http:\/\/www.centre-univ-mila.dz\/wp-content\/uploads\/2019\/02\/1416395352cumtransparent.png","width":208,"height":268,"caption":"\u062c\u0627\u0645\u0639\u0629 \u0639\u0628\u062f \u0627\u0644\u062d\u0641\u064a\u0638 \u0628\u0648\u0627\u0644\u0635\u0648\u0641 - \u0645\u064a\u0644\u0629"},"image":{"@id":"https:\/\/www.univ-mila.dz\/#\/schema\/logo\/image\/"},"sameAs":["https:\/\/www.facebook.com\/univmila\/","https:\/\/x.com\/univmila","https:\/\/www.youtube.com\/channel\/UC9--lQO1WBvXm38B70e9u5w"]}]}},"_links":{"self":[{"href":"https:\/\/www.univ-mila.dz\/index.php?rest_route=\/wp\/v2\/pages\/15984","targetHints":{"allow":["GET"]}}],"collection":[{"href":"https:\/\/www.univ-mila.dz\/index.php?rest_route=\/wp\/v2\/pages"}],"about":[{"href":"https:\/\/www.univ-mila.dz\/index.php?rest_route=\/wp\/v2\/types\/page"}],"author":[{"embeddable":true,"href":"https:\/\/www.univ-mila.dz\/index.php?rest_route=\/wp\/v2\/users\/1"}],"replies":[{"embeddable":true,"href":"https:\/\/www.univ-mila.dz\/index.php?rest_route=%2Fwp%2Fv2%2Fcomments&post=15984"}],"version-history":[{"count":36,"href":"https:\/\/www.univ-mila.dz\/index.php?rest_route=\/wp\/v2\/pages\/15984\/revisions"}],"predecessor-version":[{"id":32820,"href":"https:\/\/www.univ-mila.dz\/index.php?rest_route=\/wp\/v2\/pages\/15984\/revisions\/32820"}],"wp:attachment":[{"href":"https:\/\/www.univ-mila.dz\/index.php?rest_route=%2Fwp%2Fv2%2Fmedia&parent=15984"}],"curies":[{"name":"wp","href":"https:\/\/api.w.org\/{rel}","templated":true}]}}