{"id":15681,"date":"2021-04-21T14:59:28","date_gmt":"2021-04-21T13:59:28","guid":{"rendered":"https:\/\/www.univ-mila.dz\/?page_id=15681"},"modified":"2021-04-21T15:09:44","modified_gmt":"2021-04-21T14:09:44","slug":"specialite-finance-dentreprise","status":"publish","type":"page","link":"https:\/\/www.univ-mila.dz\/?page_id=15681&lang=fr","title":{"rendered":"Sp\u00e9cialit\u00e9 Finance d\u2019Entreprise"},"content":{"rendered":"<p class=\"textheader\">Informations g\u00e9n\u00e9rales<\/p>\n<div class=\"noteright\">\n<p style=\"text-align: left;\" title=\"T\u00e9l\u00e9phone\"><i class=\"fa fa-phone\"><\/i>: <span style=\"color: #800000;\"><strong>0660372665<\/strong><\/span><\/p>\n<p style=\"text-align: left;\" title=\"Fax\"><i class=\"fa fa-fax\"><\/i>: <span style=\"color: #800000;\"><strong>031450040<\/strong><\/span><\/p>\n<p style=\"text-align: left;\" title=\"Courriel\"><span style=\"color: #800000;\"><span style=\"color: #333333;\"><i class=\"fa fa-envelope\"><\/i>:<span style=\"color: #800000;\"><strong> r.harid@centre-univ-mila.dz<\/strong><\/span><\/span><\/span><\/p>\n<\/div>\n<ul>\n<li><strong>Cycle<\/strong> : Master .<\/li>\n<li><strong>Domaine<\/strong> : Sciences \u00e9conomiques, commerciales Et sciences de gestion.<\/li>\n<li><strong>Fili\u00e8re<\/strong> : Sciences Financi\u00e8res et Comptabilit\u00e9.<\/li>\n<li><strong>Sp\u00e9cialit\u00e9<\/strong> <strong>(Intitul\u00e9 de la formation)<\/strong> : Finance d\u2019Entreprise<\/li>\n<li><strong>Dur\u00e9e de la formation<\/strong> : 2 Ans.<\/li>\n<\/ul>\n<p>&nbsp;<\/p>\n<p class=\"textheader\">Pr\u00e9sentation de la formation<\/p>\n<p class=\"smallheader\">Objectif de la formation<\/p>\n<p class=\"\">Cette sp\u00e9cialit\u00e9 vise \u00e0 fournir aux \u00e9tudiants des bases th\u00e9oriques et des techniques appliqu\u00e9es dans le domaine de la finance, en ce qui concerne en particulier: l&#8217;analyse financi\u00e8re, les principes fondamentaux du financement des entreprises, les crit\u00e8res d&#8217;\u00e9tudes de faisabilit\u00e9 des projets, les techniques de financement sp\u00e9cialis\u00e9es, les techniques bancaires et d&#8217;assurance, les techniques d&#8217;\u00e9valuation des entreprises et les titres financiers, la comptabilit\u00e9 des groupes et normes comptables internationales. En vue d&#8217;approfondir les diff\u00e9rentes connaissances financi\u00e8res en constante \u00e9volution, et de relier les connaissances acquises \u00e0 la r\u00e9alit\u00e9 pratique de l&#8217;entreprise et \u00e0 la dynamique des march\u00e9s financiers.<\/p>\n<p class=\"smallheader\">Connaissances vis\u00e9es<\/p>\n<p>Les dipl\u00f4m\u00e9s de cette sp\u00e9cialit\u00e9 sont qualifi\u00e9s efficacement pour exercer les fonctions financi\u00e8res suivantes:<\/p>\n<ul>\n<li>diagnostiquer la situation financi\u00e8re de l&#8217;entreprise;<\/li>\n<li>Prendre des d\u00e9cisions financi\u00e8res \u00e0 long terme;<\/li>\n<li>\u00c9laborer des plans financiers futurs;<\/li>\n<li>Dessiner la strat\u00e9gie financi\u00e8re de l\u2019entreprise;<\/li>\n<li>Management de la tr\u00e9sorerie et les risques financiers;<\/li>\n<li>Gestion de portefeuille et de fonds d&#8217;investissement;<\/li>\n<li>Pr\u00e9parer des \u00e9tudes financi\u00e8res ind\u00e9pendantes et impartiales sur les diff\u00e9rents secteurs \u00e9conomiques;<\/li>\n<li>Fournir des conseils financiers aux particuliers et aux entreprises.<\/li>\n<\/ul>\n<p class=\"smallheader\">Projets de fin d\u2019\u00e9tude<\/p>\n<p>\u00a0L\u2019\u00e9tudiant doit choisir le sujet de son projet de fin d\u2019\u00e9tudes parmi les th\u00e8mes li\u00e9s aux finances d\u2019entreprise, et il est oblig\u00e9 d\u2019effectuer un stage dans une entreprise \u00e9conomique (publique ou priv\u00e9e), ou une institution financi\u00e8re (Banques, Soci\u00e9t\u00e9 d\u2019assurances, Soci\u00e9t\u00e9s financi\u00e8res sp\u00e9cialis\u00e9es &#8230;), qui se termine par la pr\u00e9paration d\u2019un m\u00e9moire soutenu devant un jury compos\u00e9 du directeur, un pr\u00e9sident et un examinateur.<\/p>\n<p class=\"textheader\">Programme<\/p>\n<ul>\n<li><strong>Pour t\u00e9l\u00e9charger : <span style=\"color: #0000ff;\"><a style=\"color: #0000ff;\" href=\"https:\/\/www.univ-mila.dz\/wp-content\/uploads\/2021\/04\/Fin_Ent_ProgMFr.pdf\">Cliquez ici<\/a><\/span><\/strong><\/li>\n<\/ul>\n<p class=\"textheader\">\u00c9tudes et d\u00e9bouch\u00e9s potentiels<\/p>\n<p>Cette sp\u00e9cialit\u00e9 fournit des bases scientifiques solides et approfondit la formation acad\u00e9mique pour les \u00e9tudiants qui ont l\u2019envie de poursuivre leurs \u00e9tudes sup\u00e9rieures afin d&#8217;obtenir un doctorat en finance d\u2019entreprise.<\/p>\n<p class=\"textheader\">D\u00e9bouch\u00e9s professionnels<\/p>\n<p>La sp\u00e9cialit\u00e9 &#8220;finance d\u2019entreprise&#8221; vise \u00e0 pr\u00e9parer et \u00e0 qualifier les dipl\u00f4m\u00e9s pour occuper des postes financiers au niveau de l&#8217;entreprise que ce soit priv\u00e9s ou publics, ou au niveau des entit\u00e9s financi\u00e8res suivantes: Banques, Institutions financi\u00e8res, Cabinets de conseil financier, Cabinets d&#8217;expertise comptable&#8230;<\/p>\n<p>&nbsp;<\/p>\n","protected":false},"excerpt":{"rendered":"<p>Informations g\u00e9n\u00e9rales : 0660372665 : 031450040 : r.harid@centre-univ-mila.dz Cycle : Master . Domaine : Sciences \u00e9conomiques, commerciales Et sciences de gestion. Fili\u00e8re : Sciences Financi\u00e8res et Comptabilit\u00e9. Sp\u00e9cialit\u00e9 (Intitul\u00e9 de la formation) : Finance d\u2019Entreprise Dur\u00e9e de la formation : 2 Ans. &nbsp; Pr\u00e9sentation de la formation Objectif de la formation Cette sp\u00e9cialit\u00e9 vise \u00e0 [&hellip;]<\/p>\n","protected":false},"author":1,"featured_media":7780,"parent":7875,"menu_order":0,"comment_status":"closed","ping_status":"closed","template":"","meta":{"footnotes":""},"class_list":["post-15681","page","type-page","status-publish","has-post-thumbnail","hentry"],"yoast_head":"<!-- This site is optimized with the Yoast SEO plugin v26.3 - https:\/\/yoast.com\/wordpress\/plugins\/seo\/ -->\n<title>Sp\u00e9cialit\u00e9 Finance d\u2019Entreprise - \u062c\u0627\u0645\u0639\u0629 \u0645\u064a\u0644\u0629<\/title>\n<meta name=\"robots\" content=\"index, follow, max-snippet:-1, max-image-preview:large, max-video-preview:-1\" \/>\n<link rel=\"canonical\" href=\"https:\/\/www.univ-mila.dz\/?page_id=15681&lang=fr\" \/>\n<meta property=\"og:locale\" content=\"ar_AR\" \/>\n<meta property=\"og:type\" content=\"article\" \/>\n<meta property=\"og:title\" content=\"30\" \/>\n<meta property=\"og:description\" content=\"false\" \/>\n<meta property=\"og:url\" content=\"https:\/\/www.univ-mila.dz\/?page_id=15681&amp;lang=fr\" \/>\n<meta property=\"og:site_name\" content=\"\u062c\u0627\u0645\u0639\u0629 \u0645\u064a\u0644\u0629\" \/>\n<meta property=\"article:publisher\" content=\"https:\/\/www.facebook.com\/univmila\/\" \/>\n<meta property=\"article:modified_time\" content=\"2021-04-21T14:09:44+00:00\" \/>\n<meta property=\"og:image\" content=\"https:\/\/www.univ-mila.dz\/wp-content\/uploads\/2020\/06\/Economie-1.png\" \/>\n\t<meta property=\"og:image:width\" content=\"200\" \/>\n\t<meta property=\"og:image:height\" content=\"200\" \/>\n\t<meta property=\"og:image:type\" content=\"image\/png\" \/>\n<meta name=\"twitter:card\" content=\"summary_large_image\" \/>\n<meta name=\"twitter:site\" content=\"@univmila\" \/>\n<meta name=\"twitter:label1\" content=\"\u0648\u0642\u062a \u0627\u0644\u0642\u0631\u0627\u0621\u0629 \u0627\u0644\u0645\u064f\u0642\u062f\u0651\u0631\" \/>\n\t<meta name=\"twitter:data1\" content=\"\u062f\u0642\u064a\u0642\u062a\u0627\u0646\" \/>\n<script type=\"application\/ld+json\" class=\"yoast-schema-graph\">{\"@context\":\"https:\/\/schema.org\",\"@graph\":[{\"@type\":\"WebPage\",\"@id\":\"https:\/\/www.univ-mila.dz\/?page_id=15681&lang=fr\",\"url\":\"https:\/\/www.univ-mila.dz\/?page_id=15681&lang=fr\",\"name\":\"Sp\u00e9cialit\u00e9 Finance d\u2019Entreprise - \u062c\u0627\u0645\u0639\u0629 \u0645\u064a\u0644\u0629\",\"isPartOf\":{\"@id\":\"https:\/\/www.univ-mila.dz\/#website\"},\"primaryImageOfPage\":{\"@id\":\"https:\/\/www.univ-mila.dz\/?page_id=15681&lang=fr#primaryimage\"},\"image\":{\"@id\":\"https:\/\/www.univ-mila.dz\/?page_id=15681&lang=fr#primaryimage\"},\"thumbnailUrl\":\"https:\/\/www.univ-mila.dz\/wp-content\/uploads\/2020\/06\/Economie-1.png\",\"datePublished\":\"2021-04-21T13:59:28+00:00\",\"dateModified\":\"2021-04-21T14:09:44+00:00\",\"breadcrumb\":{\"@id\":\"https:\/\/www.univ-mila.dz\/?page_id=15681&lang=fr#breadcrumb\"},\"inLanguage\":\"ar\",\"potentialAction\":[{\"@type\":\"ReadAction\",\"target\":[\"https:\/\/www.univ-mila.dz\/?page_id=15681&lang=fr\"]}]},{\"@type\":\"ImageObject\",\"inLanguage\":\"ar\",\"@id\":\"https:\/\/www.univ-mila.dz\/?page_id=15681&lang=fr#primaryimage\",\"url\":\"https:\/\/www.univ-mila.dz\/wp-content\/uploads\/2020\/06\/Economie-1.png\",\"contentUrl\":\"https:\/\/www.univ-mila.dz\/wp-content\/uploads\/2020\/06\/Economie-1.png\",\"width\":200,\"height\":200},{\"@type\":\"BreadcrumbList\",\"@id\":\"https:\/\/www.univ-mila.dz\/?page_id=15681&lang=fr#breadcrumb\",\"itemListElement\":[{\"@type\":\"ListItem\",\"position\":1,\"name\":\"Offres de formation\",\"item\":\"https:\/\/www.univ-mila.dz\/?page_id=7868&lang=fr\"},{\"@type\":\"ListItem\",\"position\":2,\"name\":\"Domaine Sciences \u00c9conomiques, de Gestion et Commerciales\",\"item\":\"https:\/\/www.univ-mila.dz\/?page_id=7875&lang=fr\"},{\"@type\":\"ListItem\",\"position\":3,\"name\":\"Sp\u00e9cialit\u00e9 Finance d\u2019Entreprise\"}]},{\"@type\":\"WebSite\",\"@id\":\"https:\/\/www.univ-mila.dz\/#website\",\"url\":\"https:\/\/www.univ-mila.dz\/\",\"name\":\"\u062c\u0627\u0645\u0639\u0629 \u0639\u0628\u062f \u0627\u0644\u062d\u0641\u064a\u0638 \u0628\u0648\u0627\u0644\u0635\u0648\u0641\",\"description\":\"\u0645\u064a\u0644\u0629\",\"publisher\":{\"@id\":\"https:\/\/www.univ-mila.dz\/#organization\"},\"potentialAction\":[{\"@type\":\"SearchAction\",\"target\":{\"@type\":\"EntryPoint\",\"urlTemplate\":\"https:\/\/www.univ-mila.dz\/?s={search_term_string}\"},\"query-input\":{\"@type\":\"PropertyValueSpecification\",\"valueRequired\":true,\"valueName\":\"search_term_string\"}}],\"inLanguage\":\"ar\"},{\"@type\":\"Organization\",\"@id\":\"https:\/\/www.univ-mila.dz\/#organization\",\"name\":\"\u062c\u0627\u0645\u0639\u0629 \u0639\u0628\u062f \u0627\u0644\u062d\u0641\u064a\u0638 \u0628\u0648\u0627\u0644\u0635\u0648\u0641 - \u0645\u064a\u0644\u0629\",\"url\":\"https:\/\/www.univ-mila.dz\/\",\"logo\":{\"@type\":\"ImageObject\",\"inLanguage\":\"ar\",\"@id\":\"https:\/\/www.univ-mila.dz\/#\/schema\/logo\/image\/\",\"url\":\"http:\/\/www.centre-univ-mila.dz\/wp-content\/uploads\/2019\/02\/1416395352cumtransparent.png\",\"contentUrl\":\"http:\/\/www.centre-univ-mila.dz\/wp-content\/uploads\/2019\/02\/1416395352cumtransparent.png\",\"width\":208,\"height\":268,\"caption\":\"\u062c\u0627\u0645\u0639\u0629 \u0639\u0628\u062f \u0627\u0644\u062d\u0641\u064a\u0638 \u0628\u0648\u0627\u0644\u0635\u0648\u0641 - \u0645\u064a\u0644\u0629\"},\"image\":{\"@id\":\"https:\/\/www.univ-mila.dz\/#\/schema\/logo\/image\/\"},\"sameAs\":[\"https:\/\/www.facebook.com\/univmila\/\",\"https:\/\/x.com\/univmila\",\"https:\/\/www.youtube.com\/channel\/UC9--lQO1WBvXm38B70e9u5w\"]}]}<\/script>\n<!-- \/ Yoast SEO plugin. -->","yoast_head_json":{"title":"Sp\u00e9cialit\u00e9 Finance d\u2019Entreprise - \u062c\u0627\u0645\u0639\u0629 \u0645\u064a\u0644\u0629","robots":{"index":"index","follow":"follow","max-snippet":"max-snippet:-1","max-image-preview":"max-image-preview:large","max-video-preview":"max-video-preview:-1"},"canonical":"https:\/\/www.univ-mila.dz\/?page_id=15681&lang=fr","og_locale":"ar_AR","og_type":"article","og_title":"30","og_description":"false","og_url":"https:\/\/www.univ-mila.dz\/?page_id=15681&lang=fr","og_site_name":"\u062c\u0627\u0645\u0639\u0629 \u0645\u064a\u0644\u0629","article_publisher":"https:\/\/www.facebook.com\/univmila\/","article_modified_time":"2021-04-21T14:09:44+00:00","og_image":[{"width":200,"height":200,"url":"https:\/\/www.univ-mila.dz\/wp-content\/uploads\/2020\/06\/Economie-1.png","type":"image\/png"}],"twitter_card":"summary_large_image","twitter_site":"@univmila","twitter_misc":{"\u0648\u0642\u062a \u0627\u0644\u0642\u0631\u0627\u0621\u0629 \u0627\u0644\u0645\u064f\u0642\u062f\u0651\u0631":"\u062f\u0642\u064a\u0642\u062a\u0627\u0646"},"schema":{"@context":"https:\/\/schema.org","@graph":[{"@type":"WebPage","@id":"https:\/\/www.univ-mila.dz\/?page_id=15681&lang=fr","url":"https:\/\/www.univ-mila.dz\/?page_id=15681&lang=fr","name":"Sp\u00e9cialit\u00e9 Finance d\u2019Entreprise - \u062c\u0627\u0645\u0639\u0629 \u0645\u064a\u0644\u0629","isPartOf":{"@id":"https:\/\/www.univ-mila.dz\/#website"},"primaryImageOfPage":{"@id":"https:\/\/www.univ-mila.dz\/?page_id=15681&lang=fr#primaryimage"},"image":{"@id":"https:\/\/www.univ-mila.dz\/?page_id=15681&lang=fr#primaryimage"},"thumbnailUrl":"https:\/\/www.univ-mila.dz\/wp-content\/uploads\/2020\/06\/Economie-1.png","datePublished":"2021-04-21T13:59:28+00:00","dateModified":"2021-04-21T14:09:44+00:00","breadcrumb":{"@id":"https:\/\/www.univ-mila.dz\/?page_id=15681&lang=fr#breadcrumb"},"inLanguage":"ar","potentialAction":[{"@type":"ReadAction","target":["https:\/\/www.univ-mila.dz\/?page_id=15681&lang=fr"]}]},{"@type":"ImageObject","inLanguage":"ar","@id":"https:\/\/www.univ-mila.dz\/?page_id=15681&lang=fr#primaryimage","url":"https:\/\/www.univ-mila.dz\/wp-content\/uploads\/2020\/06\/Economie-1.png","contentUrl":"https:\/\/www.univ-mila.dz\/wp-content\/uploads\/2020\/06\/Economie-1.png","width":200,"height":200},{"@type":"BreadcrumbList","@id":"https:\/\/www.univ-mila.dz\/?page_id=15681&lang=fr#breadcrumb","itemListElement":[{"@type":"ListItem","position":1,"name":"Offres de formation","item":"https:\/\/www.univ-mila.dz\/?page_id=7868&lang=fr"},{"@type":"ListItem","position":2,"name":"Domaine Sciences \u00c9conomiques, de Gestion et Commerciales","item":"https:\/\/www.univ-mila.dz\/?page_id=7875&lang=fr"},{"@type":"ListItem","position":3,"name":"Sp\u00e9cialit\u00e9 Finance d\u2019Entreprise"}]},{"@type":"WebSite","@id":"https:\/\/www.univ-mila.dz\/#website","url":"https:\/\/www.univ-mila.dz\/","name":"\u062c\u0627\u0645\u0639\u0629 \u0639\u0628\u062f \u0627\u0644\u062d\u0641\u064a\u0638 \u0628\u0648\u0627\u0644\u0635\u0648\u0641","description":"\u0645\u064a\u0644\u0629","publisher":{"@id":"https:\/\/www.univ-mila.dz\/#organization"},"potentialAction":[{"@type":"SearchAction","target":{"@type":"EntryPoint","urlTemplate":"https:\/\/www.univ-mila.dz\/?s={search_term_string}"},"query-input":{"@type":"PropertyValueSpecification","valueRequired":true,"valueName":"search_term_string"}}],"inLanguage":"ar"},{"@type":"Organization","@id":"https:\/\/www.univ-mila.dz\/#organization","name":"\u062c\u0627\u0645\u0639\u0629 \u0639\u0628\u062f \u0627\u0644\u062d\u0641\u064a\u0638 \u0628\u0648\u0627\u0644\u0635\u0648\u0641 - \u0645\u064a\u0644\u0629","url":"https:\/\/www.univ-mila.dz\/","logo":{"@type":"ImageObject","inLanguage":"ar","@id":"https:\/\/www.univ-mila.dz\/#\/schema\/logo\/image\/","url":"http:\/\/www.centre-univ-mila.dz\/wp-content\/uploads\/2019\/02\/1416395352cumtransparent.png","contentUrl":"http:\/\/www.centre-univ-mila.dz\/wp-content\/uploads\/2019\/02\/1416395352cumtransparent.png","width":208,"height":268,"caption":"\u062c\u0627\u0645\u0639\u0629 \u0639\u0628\u062f \u0627\u0644\u062d\u0641\u064a\u0638 \u0628\u0648\u0627\u0644\u0635\u0648\u0641 - \u0645\u064a\u0644\u0629"},"image":{"@id":"https:\/\/www.univ-mila.dz\/#\/schema\/logo\/image\/"},"sameAs":["https:\/\/www.facebook.com\/univmila\/","https:\/\/x.com\/univmila","https:\/\/www.youtube.com\/channel\/UC9--lQO1WBvXm38B70e9u5w"]}]}},"_links":{"self":[{"href":"https:\/\/www.univ-mila.dz\/index.php?rest_route=\/wp\/v2\/pages\/15681","targetHints":{"allow":["GET"]}}],"collection":[{"href":"https:\/\/www.univ-mila.dz\/index.php?rest_route=\/wp\/v2\/pages"}],"about":[{"href":"https:\/\/www.univ-mila.dz\/index.php?rest_route=\/wp\/v2\/types\/page"}],"author":[{"embeddable":true,"href":"https:\/\/www.univ-mila.dz\/index.php?rest_route=\/wp\/v2\/users\/1"}],"replies":[{"embeddable":true,"href":"https:\/\/www.univ-mila.dz\/index.php?rest_route=%2Fwp%2Fv2%2Fcomments&post=15681"}],"version-history":[{"count":6,"href":"https:\/\/www.univ-mila.dz\/index.php?rest_route=\/wp\/v2\/pages\/15681\/revisions"}],"predecessor-version":[{"id":15690,"href":"https:\/\/www.univ-mila.dz\/index.php?rest_route=\/wp\/v2\/pages\/15681\/revisions\/15690"}],"up":[{"embeddable":true,"href":"https:\/\/www.univ-mila.dz\/index.php?rest_route=\/wp\/v2\/pages\/7875"}],"wp:featuredmedia":[{"embeddable":true,"href":"https:\/\/www.univ-mila.dz\/index.php?rest_route=\/wp\/v2\/media\/7780"}],"wp:attachment":[{"href":"https:\/\/www.univ-mila.dz\/index.php?rest_route=%2Fwp%2Fv2%2Fmedia&parent=15681"}],"curies":[{"name":"wp","href":"https:\/\/api.w.org\/{rel}","templated":true}]}}