{"id":1539,"date":"2019-11-21T15:53:20","date_gmt":"2019-11-21T12:53:20","guid":{"rendered":"https:\/\/www.univ-mila.dz?page_id=1539"},"modified":"2025-10-29T12:10:43","modified_gmt":"2025-10-29T11:10:43","slug":"les-manifestations-scientifiques","status":"publish","type":"page","link":"https:\/\/www.univ-mila.dz\/?page_id=1539&lang=fr","title":{"rendered":"Manifestations scientifiques"},"content":{"rendered":"<p class=\"textheader\">Manifestations scientifiques \u00e0 l&#8217;universit\u00e9<\/p>\n<p style=\"text-align: left;\">Les manifestations scientifiques constituent une activit\u00e9 de recherche importante. L&#8217;universit\u00e9 de Mila organise des colloques, des ateliers, des journ\u00e9es et des s\u00e9minaires pour renforcer son r\u00f4le scientifique en tant que centre de rayonnement cognitif.<\/p>\n<p class=\"textheader\">Concepts li\u00e9s aux manifestations<\/p>\n<ul>\n<li><strong>Journ\u00e9es d&#8217;\u00e9tudes :<\/strong> Ce sont des rencontres scientifiques sur un sujet sp\u00e9cifique qui durent g\u00e9n\u00e9ralement une journ\u00e9e.<\/li>\n<li><strong>Ateliers :<\/strong> Des ateliers de travail permettant d&#8217;\u00e9changer des exp\u00e9riences sur un th\u00e8me pr\u00e9alablement choisi.<\/li>\n<li><strong>Colloque :<\/strong> (international\/national) Une r\u00e9union scientifique entre plusieurs professionnels visant \u00e0 comparer et publier des r\u00e9sultats de recherche. Cette manifestation peut durer plusieurs jours.<\/li>\n<li><strong>S\u00e9minaire :<\/strong> Une pratique d&#8217;enseignement sup\u00e9rieur, organis\u00e9e dans une universit\u00e9 ou une institution.<\/li>\n<\/ul>\n<p class=\"textheader\">Proc\u00e9dures d&#8217;organisation d&#8217;une manifestation scientifique<\/p>\n<p>Les instituts re\u00e7oivent deux fois par an une correspondance pour la programmation des manifestations scientifiques, envoy\u00e9e par la vice-rectorat des \u00e9tudes post-gradu\u00e9es, de la recherche scientifique et des relations ext\u00e9rieures. La premi\u00e8re correspondance est envoy\u00e9e en d\u00e9cembre et la seconde en avril.<\/p>\n<p>Le dossier de la manifestation scientifique (colloque, journ\u00e9e d&#8217;\u00e9tude ou s\u00e9minaire) doit \u00eatre d\u00e9pos\u00e9 au niveau de la facult\u00e9s. Il est valid\u00e9 par le conseil scientifique de la facult\u00e9s avant d&#8217;\u00eatre soumis au conseil scientifique de l&#8217;universit\u00e9 pour avis.<\/p>\n<p>Pour les colloques internationaux, les dossiers doivent \u00eatre envoy\u00e9s au moins six mois avant l&#8217;\u00e9v\u00e9nement pour obtenir l&#8217;approbation du Minist\u00e8re de l&#8217;Enseignement Sup\u00e9rieur et de la Recherche Scientifique.<\/p>\n<p class=\"smallheader\">Le dossier de la manifestation doit contenir :<\/p>\n<ol>\n<li><strong>Cahier des charges.<\/strong><\/li>\n<li><strong>Lettre de justification :<\/strong> Une lettre expliquant l&#8217;importance de la manifestation et justifiant le sujet propos\u00e9.<\/li>\n<li><strong>Comit\u00e9 d&#8217;organisation :<\/strong> Une liste des membres du comit\u00e9 d&#8217;organisation, comprenant un nombre limit\u00e9 de personnes et pr\u00e9cisant le pr\u00e9sident responsable.<\/li>\n<li><strong>Comit\u00e9 scientifique :<\/strong> Une liste des membres du comit\u00e9 scientifique.<\/li>\n<li><strong>Sujet et objectifs :<\/strong> Une description pr\u00e9cise des th\u00e8mes et des objectifs de la manifestation.<\/li>\n<li><strong>Participants :<\/strong> Une estimation du nombre de participants et d&#8217;intervenants.<\/li>\n<\/ol>\n<p>Une copie du dossier final doit \u00eatre envoy\u00e9e au moins un mois avant la date pr\u00e9vue de la manifestation au service des relations ext\u00e9rieures relevant de la vice-rectorat des \u00e9tudes post-gradu\u00e9es, de la recherche scientifique et des relations ext\u00e9rieures.<\/p>\n<p class=\"smallheader\">Le dossier final doit inclure :<\/p>\n<ul>\n<li>Une liste nominative des invit\u00e9s nationaux et internationaux avec leurs titres. Pour les invit\u00e9s internationaux, la liste doit \u00eatre envoy\u00e9e au moins six mois avant la manifestation pour les d\u00e9marches administratives n\u00e9cessaires.<\/li>\n<li>Le programme d\u00e9taill\u00e9 de la manifestation, incluant les noms des intervenants, les dates et les horaires des interventions.<\/li>\n<li>L&#8217;annonce de la manifestation \u00e0 publier sur le site de l&#8217;universit\u00e9.<\/li>\n<li>La fiche technique sign\u00e9e par le chef de d\u00e9partement, le vice-doyen charg\u00e9 des relations ext\u00e9rieures, et le doyen de la facult\u00e9.<\/li>\n<\/ul>\n<p>Cette fiche technique doit inclure les d\u00e9tails du budget :<\/p>\n<ul>\n<li>Allocation financi\u00e8re pour chaque jour,<\/li>\n<li>H\u00e9bergement et restauration,<\/li>\n<li>Transport,<\/li>\n<li>Pause-caf\u00e9,<\/li>\n<li>Impression et reproduction,<\/li>\n<li>Total des d\u00e9penses (en DZD).<\/li>\n<\/ul>\n<p>Apr\u00e8s la cl\u00f4ture de la manifestation scientifique, l&#8217;organisateur doit soumettre un rapport final (<strong>proceeding<\/strong>) accompagn\u00e9 d&#8217;un CD-ROM au service des relations ext\u00e9rieures et des manifestations scientifiques pour suivi et publication sur le site de l&#8217;universit\u00e9.<\/p>\n","protected":false},"excerpt":{"rendered":"<p>Manifestations scientifiques \u00e0 l&#8217;universit\u00e9 Les manifestations scientifiques constituent une activit\u00e9 de recherche importante. L&#8217;universit\u00e9 de Mila organise des colloques, des ateliers, des journ\u00e9es et des s\u00e9minaires pour renforcer son r\u00f4le scientifique en tant que centre de rayonnement cognitif. Concepts li\u00e9s aux manifestations Journ\u00e9es d&#8217;\u00e9tudes : Ce sont des rencontres scientifiques sur un sujet sp\u00e9cifique qui [&hellip;]<\/p>\n","protected":false},"author":1,"featured_media":0,"parent":0,"menu_order":0,"comment_status":"closed","ping_status":"closed","template":"","meta":{"footnotes":""},"class_list":["post-1539","page","type-page","status-publish","hentry"],"yoast_head":"<!-- This site is optimized with the Yoast SEO plugin v26.3 - https:\/\/yoast.com\/wordpress\/plugins\/seo\/ -->\n<title>Manifestations scientifiques - \u062c\u0627\u0645\u0639\u0629 \u0645\u064a\u0644\u0629<\/title>\n<meta name=\"robots\" content=\"index, follow, max-snippet:-1, max-image-preview:large, max-video-preview:-1\" \/>\n<link rel=\"canonical\" href=\"https:\/\/www.univ-mila.dz\/?page_id=1539&lang=fr\" \/>\n<meta property=\"og:locale\" content=\"ar_AR\" \/>\n<meta property=\"og:type\" content=\"article\" \/>\n<meta property=\"og:title\" content=\"Manifestations scientifiques - \u062c\u0627\u0645\u0639\u0629 \u0645\u064a\u0644\u0629\" \/>\n<meta property=\"og:description\" content=\"Manifestations scientifiques \u00e0 l&#8217;universit\u00e9 Les manifestations scientifiques constituent une activit\u00e9 de recherche importante. L&#8217;universit\u00e9 de Mila organise des colloques, des ateliers, des journ\u00e9es et des s\u00e9minaires pour renforcer son r\u00f4le scientifique en tant que centre de rayonnement cognitif. Concepts li\u00e9s aux manifestations Journ\u00e9es d&#8217;\u00e9tudes : Ce sont des rencontres scientifiques sur un sujet sp\u00e9cifique qui [&hellip;]\" \/>\n<meta property=\"og:url\" content=\"https:\/\/www.univ-mila.dz\/?page_id=1539&amp;lang=fr\" \/>\n<meta property=\"og:site_name\" content=\"\u062c\u0627\u0645\u0639\u0629 \u0645\u064a\u0644\u0629\" \/>\n<meta property=\"article:publisher\" content=\"https:\/\/www.facebook.com\/univmila\/\" \/>\n<meta property=\"article:modified_time\" content=\"2025-10-29T11:10:43+00:00\" \/>\n<meta name=\"twitter:card\" content=\"summary_large_image\" \/>\n<meta name=\"twitter:site\" content=\"@univmila\" \/>\n<meta name=\"twitter:label1\" content=\"\u0648\u0642\u062a \u0627\u0644\u0642\u0631\u0627\u0621\u0629 \u0627\u0644\u0645\u064f\u0642\u062f\u0651\u0631\" \/>\n\t<meta name=\"twitter:data1\" content=\"4 \u062f\u0642\u0627\u0626\u0642\" \/>\n<script type=\"application\/ld+json\" class=\"yoast-schema-graph\">{\"@context\":\"https:\/\/schema.org\",\"@graph\":[{\"@type\":\"WebPage\",\"@id\":\"https:\/\/www.univ-mila.dz\/?page_id=1539&lang=fr\",\"url\":\"https:\/\/www.univ-mila.dz\/?page_id=1539&lang=fr\",\"name\":\"Manifestations scientifiques - \u062c\u0627\u0645\u0639\u0629 \u0645\u064a\u0644\u0629\",\"isPartOf\":{\"@id\":\"https:\/\/www.univ-mila.dz\/#website\"},\"datePublished\":\"2019-11-21T12:53:20+00:00\",\"dateModified\":\"2025-10-29T11:10:43+00:00\",\"inLanguage\":\"ar\",\"potentialAction\":[{\"@type\":\"ReadAction\",\"target\":[\"https:\/\/www.univ-mila.dz\/?page_id=1539&lang=fr\"]}]},{\"@type\":\"WebSite\",\"@id\":\"https:\/\/www.univ-mila.dz\/#website\",\"url\":\"https:\/\/www.univ-mila.dz\/\",\"name\":\"\u062c\u0627\u0645\u0639\u0629 \u0639\u0628\u062f \u0627\u0644\u062d\u0641\u064a\u0638 \u0628\u0648\u0627\u0644\u0635\u0648\u0641\",\"description\":\"\u0645\u064a\u0644\u0629\",\"publisher\":{\"@id\":\"https:\/\/www.univ-mila.dz\/#organization\"},\"potentialAction\":[{\"@type\":\"SearchAction\",\"target\":{\"@type\":\"EntryPoint\",\"urlTemplate\":\"https:\/\/www.univ-mila.dz\/?s={search_term_string}\"},\"query-input\":{\"@type\":\"PropertyValueSpecification\",\"valueRequired\":true,\"valueName\":\"search_term_string\"}}],\"inLanguage\":\"ar\"},{\"@type\":\"Organization\",\"@id\":\"https:\/\/www.univ-mila.dz\/#organization\",\"name\":\"\u062c\u0627\u0645\u0639\u0629 \u0639\u0628\u062f \u0627\u0644\u062d\u0641\u064a\u0638 \u0628\u0648\u0627\u0644\u0635\u0648\u0641 - \u0645\u064a\u0644\u0629\",\"url\":\"https:\/\/www.univ-mila.dz\/\",\"logo\":{\"@type\":\"ImageObject\",\"inLanguage\":\"ar\",\"@id\":\"https:\/\/www.univ-mila.dz\/#\/schema\/logo\/image\/\",\"url\":\"http:\/\/www.centre-univ-mila.dz\/wp-content\/uploads\/2019\/02\/1416395352cumtransparent.png\",\"contentUrl\":\"http:\/\/www.centre-univ-mila.dz\/wp-content\/uploads\/2019\/02\/1416395352cumtransparent.png\",\"width\":208,\"height\":268,\"caption\":\"\u062c\u0627\u0645\u0639\u0629 \u0639\u0628\u062f \u0627\u0644\u062d\u0641\u064a\u0638 \u0628\u0648\u0627\u0644\u0635\u0648\u0641 - \u0645\u064a\u0644\u0629\"},\"image\":{\"@id\":\"https:\/\/www.univ-mila.dz\/#\/schema\/logo\/image\/\"},\"sameAs\":[\"https:\/\/www.facebook.com\/univmila\/\",\"https:\/\/x.com\/univmila\",\"https:\/\/www.youtube.com\/channel\/UC9--lQO1WBvXm38B70e9u5w\"]}]}<\/script>\n<!-- \/ Yoast SEO plugin. -->","yoast_head_json":{"title":"Manifestations scientifiques - \u062c\u0627\u0645\u0639\u0629 \u0645\u064a\u0644\u0629","robots":{"index":"index","follow":"follow","max-snippet":"max-snippet:-1","max-image-preview":"max-image-preview:large","max-video-preview":"max-video-preview:-1"},"canonical":"https:\/\/www.univ-mila.dz\/?page_id=1539&lang=fr","og_locale":"ar_AR","og_type":"article","og_title":"Manifestations scientifiques - \u062c\u0627\u0645\u0639\u0629 \u0645\u064a\u0644\u0629","og_description":"Manifestations scientifiques \u00e0 l&#8217;universit\u00e9 Les manifestations scientifiques constituent une activit\u00e9 de recherche importante. L&#8217;universit\u00e9 de Mila organise des colloques, des ateliers, des journ\u00e9es et des s\u00e9minaires pour renforcer son r\u00f4le scientifique en tant que centre de rayonnement cognitif. Concepts li\u00e9s aux manifestations Journ\u00e9es d&#8217;\u00e9tudes : Ce sont des rencontres scientifiques sur un sujet sp\u00e9cifique qui [&hellip;]","og_url":"https:\/\/www.univ-mila.dz\/?page_id=1539&lang=fr","og_site_name":"\u062c\u0627\u0645\u0639\u0629 \u0645\u064a\u0644\u0629","article_publisher":"https:\/\/www.facebook.com\/univmila\/","article_modified_time":"2025-10-29T11:10:43+00:00","twitter_card":"summary_large_image","twitter_site":"@univmila","twitter_misc":{"\u0648\u0642\u062a \u0627\u0644\u0642\u0631\u0627\u0621\u0629 \u0627\u0644\u0645\u064f\u0642\u062f\u0651\u0631":"4 \u062f\u0642\u0627\u0626\u0642"},"schema":{"@context":"https:\/\/schema.org","@graph":[{"@type":"WebPage","@id":"https:\/\/www.univ-mila.dz\/?page_id=1539&lang=fr","url":"https:\/\/www.univ-mila.dz\/?page_id=1539&lang=fr","name":"Manifestations scientifiques - \u062c\u0627\u0645\u0639\u0629 \u0645\u064a\u0644\u0629","isPartOf":{"@id":"https:\/\/www.univ-mila.dz\/#website"},"datePublished":"2019-11-21T12:53:20+00:00","dateModified":"2025-10-29T11:10:43+00:00","inLanguage":"ar","potentialAction":[{"@type":"ReadAction","target":["https:\/\/www.univ-mila.dz\/?page_id=1539&lang=fr"]}]},{"@type":"WebSite","@id":"https:\/\/www.univ-mila.dz\/#website","url":"https:\/\/www.univ-mila.dz\/","name":"\u062c\u0627\u0645\u0639\u0629 \u0639\u0628\u062f \u0627\u0644\u062d\u0641\u064a\u0638 \u0628\u0648\u0627\u0644\u0635\u0648\u0641","description":"\u0645\u064a\u0644\u0629","publisher":{"@id":"https:\/\/www.univ-mila.dz\/#organization"},"potentialAction":[{"@type":"SearchAction","target":{"@type":"EntryPoint","urlTemplate":"https:\/\/www.univ-mila.dz\/?s={search_term_string}"},"query-input":{"@type":"PropertyValueSpecification","valueRequired":true,"valueName":"search_term_string"}}],"inLanguage":"ar"},{"@type":"Organization","@id":"https:\/\/www.univ-mila.dz\/#organization","name":"\u062c\u0627\u0645\u0639\u0629 \u0639\u0628\u062f \u0627\u0644\u062d\u0641\u064a\u0638 \u0628\u0648\u0627\u0644\u0635\u0648\u0641 - \u0645\u064a\u0644\u0629","url":"https:\/\/www.univ-mila.dz\/","logo":{"@type":"ImageObject","inLanguage":"ar","@id":"https:\/\/www.univ-mila.dz\/#\/schema\/logo\/image\/","url":"http:\/\/www.centre-univ-mila.dz\/wp-content\/uploads\/2019\/02\/1416395352cumtransparent.png","contentUrl":"http:\/\/www.centre-univ-mila.dz\/wp-content\/uploads\/2019\/02\/1416395352cumtransparent.png","width":208,"height":268,"caption":"\u062c\u0627\u0645\u0639\u0629 \u0639\u0628\u062f \u0627\u0644\u062d\u0641\u064a\u0638 \u0628\u0648\u0627\u0644\u0635\u0648\u0641 - \u0645\u064a\u0644\u0629"},"image":{"@id":"https:\/\/www.univ-mila.dz\/#\/schema\/logo\/image\/"},"sameAs":["https:\/\/www.facebook.com\/univmila\/","https:\/\/x.com\/univmila","https:\/\/www.youtube.com\/channel\/UC9--lQO1WBvXm38B70e9u5w"]}]}},"_links":{"self":[{"href":"https:\/\/www.univ-mila.dz\/index.php?rest_route=\/wp\/v2\/pages\/1539","targetHints":{"allow":["GET"]}}],"collection":[{"href":"https:\/\/www.univ-mila.dz\/index.php?rest_route=\/wp\/v2\/pages"}],"about":[{"href":"https:\/\/www.univ-mila.dz\/index.php?rest_route=\/wp\/v2\/types\/page"}],"author":[{"embeddable":true,"href":"https:\/\/www.univ-mila.dz\/index.php?rest_route=\/wp\/v2\/users\/1"}],"replies":[{"embeddable":true,"href":"https:\/\/www.univ-mila.dz\/index.php?rest_route=%2Fwp%2Fv2%2Fcomments&post=1539"}],"version-history":[{"count":17,"href":"https:\/\/www.univ-mila.dz\/index.php?rest_route=\/wp\/v2\/pages\/1539\/revisions"}],"predecessor-version":[{"id":32787,"href":"https:\/\/www.univ-mila.dz\/index.php?rest_route=\/wp\/v2\/pages\/1539\/revisions\/32787"}],"wp:attachment":[{"href":"https:\/\/www.univ-mila.dz\/index.php?rest_route=%2Fwp%2Fv2%2Fmedia&parent=1539"}],"curies":[{"name":"wp","href":"https:\/\/api.w.org\/{rel}","templated":true}]}}