{"id":15330,"date":"2021-04-15T12:50:16","date_gmt":"2021-04-15T11:50:16","guid":{"rendered":"https:\/\/www.univ-mila.dz\/?page_id=15330"},"modified":"2021-04-15T12:50:16","modified_gmt":"2021-04-15T11:50:16","slug":"specialite-gestion-financiere","status":"publish","type":"page","link":"https:\/\/www.univ-mila.dz\/?page_id=15330&lang=fr","title":{"rendered":"Sp\u00e9cialit\u00e9 Gestion financi\u00e8re"},"content":{"rendered":"<p class=\"textheader\">Informations g\u00e9n\u00e9rales<\/p>\n<div class=\"noteright\">\n<p style=\"text-align: left;\" title=\"T\u00e9l\u00e9phone\"><i class=\"fa fa-phone\"><\/i>: <span style=\"color: #800000;\"><strong>0674724447<\/strong><\/span><\/p>\n<p style=\"text-align: left;\" title=\"Fax\"><i class=\"fa fa-fax\"><\/i>:<span style=\"color: #800000;\"><strong>&#8230;&#8230;&#8230;&#8230;&#8230;&#8230;&#8230;&#8230;&#8230;..<\/strong><\/span><\/p>\n<p style=\"text-align: left;\" title=\"Courriel\"><span style=\"color: #800000;\"><span style=\"color: #333333;\"><i class=\"fa fa-envelope\"><\/i>: <strong><span style=\"color: #800000;\">m.borni@centre-univ-mila.dz<\/span><\/strong><\/span><\/span><\/p>\n<\/div>\n<ul>\n<li><strong>Cycle<\/strong> : Master .<\/li>\n<li><strong>Domaine<\/strong> : Sciences \u00e9conomiques, commerciales Et sciences de gestion.<\/li>\n<li><strong>Fili\u00e8re<\/strong> : Science de gestion.<\/li>\n<li><strong>Sp\u00e9cialit\u00e9<\/strong> <strong>(Intitul\u00e9 de la formation)<\/strong> : Gestion financi\u00e8re (Master)<\/li>\n<li><strong>Dur\u00e9e de la formation<\/strong> : 2 Ans.<\/li>\n<\/ul>\n<p>&nbsp;<\/p>\n<p class=\"textheader\">Pr\u00e9sentation de la formation<\/p>\n<p class=\"smallheader\">Objectif de la formation<\/p>\n<p>Cette formation vise \u00e0 l&#8217;universit\u00e9 alg\u00e9rienne de r\u00e9pondre aux aspirations de la soci\u00e9t\u00e9 et de s&#8217;adapter progressivement au syst\u00e8me international d&#8217;enseignement sup\u00e9rieur.Les objectifs de ce Master peuvent \u00eatre divis\u00e9s en objectifs g\u00e9n\u00e9raux et objectifs sp\u00e9ciaux.<br \/>\n<strong>Objectifs g\u00e9n\u00e9raux:<\/strong><\/p>\n<ul>\n<li>Assurer une formation qualitative qui tienne compte de la satisfaction de la demande sociale dans le domaine des inscriptions dans l&#8217;enseignement sup\u00e9rieur;<\/li>\n<li>Atteindre un effet mutuel et r\u00e9el avec l&#8217;environnement social et \u00e9conomique, en d\u00e9veloppant toutes les interactions possibles entre l&#8217;universit\u00e9 et le monde qui l&#8217;entoure;<\/li>\n<li>D\u00e9veloppement de m\u00e9canismes d&#8217;adaptation continue au d\u00e9veloppement des m\u00e9tiers;<\/li>\n<li>\u00c9tablir des fondations de gestion bas\u00e9es sur la consultation et la participation;<\/li>\n<li>Permettre \u00e0 l&#8217;Universit\u00e9 alg\u00e9rienne et aux \u00e9tudiants universitaires de s&#8217;ouvrir au d\u00e9veloppement mondial, notamment dans le domaine de la science et de la technologie;<\/li>\n<li>Soutenir et promouvoir les valeurs culturelles \u00e0 l&#8217;Universit\u00e9 alg\u00e9rienne &#8230;<\/li>\n<\/ul>\n<p><strong>Objectifs sp\u00e9ciaux:<\/strong><\/p>\n<ul>\n<li>Permettre \u00e0 l&#8217;\u00e9tudiant d&#8217;acqu\u00e9rir les comp\u00e9tences li\u00e9es \u00e0 la gestion financi\u00e8re et comptable et aux co\u00fbts.<\/li>\n<li>\u00c9tudier les besoins des institutions financi\u00e8res et les planifier efficacement.<\/li>\n<li>Choisir les meilleures opportunit\u00e9s pour traiter avec les banques et les diff\u00e9rents march\u00e9s financiers.<\/li>\n<li>\u00catre capable de comprendre les fondements de la pr\u00e9paration du budget, ses avantages et ses inconv\u00e9nients, et ses probl\u00e8mes les plus importants.<\/li>\n<li>\u00c9tudier les diff\u00e9rentes sources de financement, les cash-flows et les moyens d&#8217;investissement en tout genre.<\/li>\n<li>\u00c9tudier les comptes commerciaux des entreprises et comprendre les sources de d\u00e9termination de la situation financi\u00e8re des entreprises.<\/li>\n<li>Comprendre les types de co\u00fbts, les \u00e9tats des r\u00e9sultats, la comptabilit\u00e9 analytique, ses avantages et la cha\u00eene de valeur.<\/li>\n<li>\u00c9tude et analyse des \u00e9tats financiers, de la structure du capital, des ratios de rentabilit\u00e9 et des transactions sur actions.<\/li>\n<li>Comprendre les \u00e9tapes des budgets d&#8217;investissement, l&#8217;inflation, les types de risques et les m\u00e9thodes de tarification.<\/li>\n<\/ul>\n<p>&nbsp;<\/p>\n<p class=\"smallheader\">Connaissances vis\u00e9es<\/p>\n<p>Une sp\u00e9cialisation en gestion financi\u00e8re rel\u00e8ve de la Division des sciences de la gestion de l&#8217;Institut des sciences \u00e9conomiques, commerciales et de gestion, et c&#8217;est l&#8217;une des sp\u00e9cialisations qui adoptent le c\u00f4t\u00e9 appliqu\u00e9 autant que cela d\u00e9pend du c\u00f4t\u00e9 th\u00e9orique, et nous nous attendons donc \u00e0 ce que le dipl\u00f4m\u00e9 soit capable d&#8217;entrer dans le domaine du travail dans les banques et les march\u00e9s financiers internes et mondiaux, ou poursuivre la recherche acad\u00e9mique et travailler dans le domaine de l&#8217;enseignement dans l&#8217;enseignement sup\u00e9rieur, qui souffre actuellement d&#8217;un d\u00e9ficit humain important avec un sp\u00e9cialiste hautement qualifi\u00e9 dans le domaine du secteur des ressources financi\u00e8res.<\/p>\n<p class=\"smallheader\">Projets de fin d\u2019\u00e9tude<\/p>\n<p>un stagiaire dans une institution qui aboutit \u00e0 une note de discussion.<\/p>\n<p class=\"textheader\">Programme<\/p>\n<ul>\n<li><strong>Pour t\u00e9l\u00e9charger : <span style=\"color: #0000ff;\"><a style=\"color: #0000ff;\" href=\"https:\/\/www.univ-mila.dz\/wp-content\/uploads\/2021\/04\/FinEntMProgFr.pdf\">Cliquez ici<\/a><\/span><\/strong><\/li>\n<\/ul>\n<p class=\"textheader\">\u00c9tudes et d\u00e9bouch\u00e9s potentiels<\/p>\n<p>Poursuivre la recherche acad\u00e9mique et le travail dans le domaine de l&#8217;enseignement dans le secteur de l&#8217;enseignement sup\u00e9rieur, qui souffre actuellement d&#8217;une p\u00e9nurie importante de ressources humaines hautement qualifi\u00e9es sp\u00e9cialis\u00e9es dans le domaine financier.<\/p>\n<p class=\"textheader\">D\u00e9bouch\u00e9s professionnels<\/p>\n<p>Nous\u00a0 attendons \u00e0 ce que le dipl\u00f4m\u00e9 puisse entrer dans le domaine du travail dans les banques et les march\u00e9s financiers internes et internationaux.<\/p>\n<p>&nbsp;<\/p>\n","protected":false},"excerpt":{"rendered":"<p>Informations g\u00e9n\u00e9rales : 0674724447 :&#8230;&#8230;&#8230;&#8230;&#8230;&#8230;&#8230;&#8230;&#8230;.. : m.borni@centre-univ-mila.dz Cycle : Master . Domaine : Sciences \u00e9conomiques, commerciales Et sciences de gestion. Fili\u00e8re : Science de gestion. Sp\u00e9cialit\u00e9 (Intitul\u00e9 de la formation) : Gestion financi\u00e8re (Master) Dur\u00e9e de la formation : 2 Ans. &nbsp; Pr\u00e9sentation de la formation Objectif de la formation Cette formation vise \u00e0 l&#8217;universit\u00e9 [&hellip;]<\/p>\n","protected":false},"author":1,"featured_media":7780,"parent":7875,"menu_order":0,"comment_status":"closed","ping_status":"closed","template":"","meta":{"footnotes":""},"class_list":["post-15330","page","type-page","status-publish","has-post-thumbnail","hentry"],"yoast_head":"<!-- This site is optimized with the Yoast SEO plugin v26.3 - https:\/\/yoast.com\/wordpress\/plugins\/seo\/ -->\n<title>Sp\u00e9cialit\u00e9 Gestion financi\u00e8re - \u062c\u0627\u0645\u0639\u0629 \u0645\u064a\u0644\u0629<\/title>\n<meta name=\"robots\" content=\"index, follow, max-snippet:-1, max-image-preview:large, max-video-preview:-1\" \/>\n<link rel=\"canonical\" href=\"https:\/\/www.univ-mila.dz\/?page_id=15330&lang=fr\" \/>\n<meta property=\"og:locale\" content=\"ar_AR\" \/>\n<meta property=\"og:type\" content=\"article\" \/>\n<meta property=\"og:title\" content=\"30\" \/>\n<meta property=\"og:description\" content=\"false\" \/>\n<meta property=\"og:url\" content=\"https:\/\/www.univ-mila.dz\/?page_id=15330&amp;lang=fr\" \/>\n<meta property=\"og:site_name\" content=\"\u062c\u0627\u0645\u0639\u0629 \u0645\u064a\u0644\u0629\" \/>\n<meta property=\"article:publisher\" content=\"https:\/\/www.facebook.com\/univmila\/\" \/>\n<meta property=\"og:image\" content=\"https:\/\/www.univ-mila.dz\/wp-content\/uploads\/2020\/06\/Economie-1.png\" \/>\n\t<meta property=\"og:image:width\" content=\"200\" \/>\n\t<meta property=\"og:image:height\" content=\"200\" \/>\n\t<meta property=\"og:image:type\" content=\"image\/png\" \/>\n<meta name=\"twitter:card\" content=\"summary_large_image\" \/>\n<meta name=\"twitter:site\" content=\"@univmila\" \/>\n<meta name=\"twitter:label1\" content=\"\u0648\u0642\u062a \u0627\u0644\u0642\u0631\u0627\u0621\u0629 \u0627\u0644\u0645\u064f\u0642\u062f\u0651\u0631\" \/>\n\t<meta name=\"twitter:data1\" content=\"3 \u062f\u0642\u0627\u0626\u0642\" \/>\n<script type=\"application\/ld+json\" class=\"yoast-schema-graph\">{\"@context\":\"https:\/\/schema.org\",\"@graph\":[{\"@type\":\"WebPage\",\"@id\":\"https:\/\/www.univ-mila.dz\/?page_id=15330&lang=fr\",\"url\":\"https:\/\/www.univ-mila.dz\/?page_id=15330&lang=fr\",\"name\":\"Sp\u00e9cialit\u00e9 Gestion financi\u00e8re - \u062c\u0627\u0645\u0639\u0629 \u0645\u064a\u0644\u0629\",\"isPartOf\":{\"@id\":\"https:\/\/www.univ-mila.dz\/#website\"},\"primaryImageOfPage\":{\"@id\":\"https:\/\/www.univ-mila.dz\/?page_id=15330&lang=fr#primaryimage\"},\"image\":{\"@id\":\"https:\/\/www.univ-mila.dz\/?page_id=15330&lang=fr#primaryimage\"},\"thumbnailUrl\":\"https:\/\/www.univ-mila.dz\/wp-content\/uploads\/2020\/06\/Economie-1.png\",\"datePublished\":\"2021-04-15T11:50:16+00:00\",\"breadcrumb\":{\"@id\":\"https:\/\/www.univ-mila.dz\/?page_id=15330&lang=fr#breadcrumb\"},\"inLanguage\":\"ar\",\"potentialAction\":[{\"@type\":\"ReadAction\",\"target\":[\"https:\/\/www.univ-mila.dz\/?page_id=15330&lang=fr\"]}]},{\"@type\":\"ImageObject\",\"inLanguage\":\"ar\",\"@id\":\"https:\/\/www.univ-mila.dz\/?page_id=15330&lang=fr#primaryimage\",\"url\":\"https:\/\/www.univ-mila.dz\/wp-content\/uploads\/2020\/06\/Economie-1.png\",\"contentUrl\":\"https:\/\/www.univ-mila.dz\/wp-content\/uploads\/2020\/06\/Economie-1.png\",\"width\":200,\"height\":200},{\"@type\":\"BreadcrumbList\",\"@id\":\"https:\/\/www.univ-mila.dz\/?page_id=15330&lang=fr#breadcrumb\",\"itemListElement\":[{\"@type\":\"ListItem\",\"position\":1,\"name\":\"Offres de formation\",\"item\":\"https:\/\/www.univ-mila.dz\/?page_id=7868&lang=fr\"},{\"@type\":\"ListItem\",\"position\":2,\"name\":\"Domaine Sciences \u00c9conomiques, de Gestion et Commerciales\",\"item\":\"https:\/\/www.univ-mila.dz\/?page_id=7875&lang=fr\"},{\"@type\":\"ListItem\",\"position\":3,\"name\":\"Sp\u00e9cialit\u00e9 Gestion financi\u00e8re\"}]},{\"@type\":\"WebSite\",\"@id\":\"https:\/\/www.univ-mila.dz\/#website\",\"url\":\"https:\/\/www.univ-mila.dz\/\",\"name\":\"\u062c\u0627\u0645\u0639\u0629 \u0639\u0628\u062f \u0627\u0644\u062d\u0641\u064a\u0638 \u0628\u0648\u0627\u0644\u0635\u0648\u0641\",\"description\":\"\u0645\u064a\u0644\u0629\",\"publisher\":{\"@id\":\"https:\/\/www.univ-mila.dz\/#organization\"},\"potentialAction\":[{\"@type\":\"SearchAction\",\"target\":{\"@type\":\"EntryPoint\",\"urlTemplate\":\"https:\/\/www.univ-mila.dz\/?s={search_term_string}\"},\"query-input\":{\"@type\":\"PropertyValueSpecification\",\"valueRequired\":true,\"valueName\":\"search_term_string\"}}],\"inLanguage\":\"ar\"},{\"@type\":\"Organization\",\"@id\":\"https:\/\/www.univ-mila.dz\/#organization\",\"name\":\"\u062c\u0627\u0645\u0639\u0629 \u0639\u0628\u062f \u0627\u0644\u062d\u0641\u064a\u0638 \u0628\u0648\u0627\u0644\u0635\u0648\u0641 - \u0645\u064a\u0644\u0629\",\"url\":\"https:\/\/www.univ-mila.dz\/\",\"logo\":{\"@type\":\"ImageObject\",\"inLanguage\":\"ar\",\"@id\":\"https:\/\/www.univ-mila.dz\/#\/schema\/logo\/image\/\",\"url\":\"http:\/\/www.centre-univ-mila.dz\/wp-content\/uploads\/2019\/02\/1416395352cumtransparent.png\",\"contentUrl\":\"http:\/\/www.centre-univ-mila.dz\/wp-content\/uploads\/2019\/02\/1416395352cumtransparent.png\",\"width\":208,\"height\":268,\"caption\":\"\u062c\u0627\u0645\u0639\u0629 \u0639\u0628\u062f \u0627\u0644\u062d\u0641\u064a\u0638 \u0628\u0648\u0627\u0644\u0635\u0648\u0641 - \u0645\u064a\u0644\u0629\"},\"image\":{\"@id\":\"https:\/\/www.univ-mila.dz\/#\/schema\/logo\/image\/\"},\"sameAs\":[\"https:\/\/www.facebook.com\/univmila\/\",\"https:\/\/x.com\/univmila\",\"https:\/\/www.youtube.com\/channel\/UC9--lQO1WBvXm38B70e9u5w\"]}]}<\/script>\n<!-- \/ Yoast SEO plugin. -->","yoast_head_json":{"title":"Sp\u00e9cialit\u00e9 Gestion financi\u00e8re - \u062c\u0627\u0645\u0639\u0629 \u0645\u064a\u0644\u0629","robots":{"index":"index","follow":"follow","max-snippet":"max-snippet:-1","max-image-preview":"max-image-preview:large","max-video-preview":"max-video-preview:-1"},"canonical":"https:\/\/www.univ-mila.dz\/?page_id=15330&lang=fr","og_locale":"ar_AR","og_type":"article","og_title":"30","og_description":"false","og_url":"https:\/\/www.univ-mila.dz\/?page_id=15330&lang=fr","og_site_name":"\u062c\u0627\u0645\u0639\u0629 \u0645\u064a\u0644\u0629","article_publisher":"https:\/\/www.facebook.com\/univmila\/","og_image":[{"width":200,"height":200,"url":"https:\/\/www.univ-mila.dz\/wp-content\/uploads\/2020\/06\/Economie-1.png","type":"image\/png"}],"twitter_card":"summary_large_image","twitter_site":"@univmila","twitter_misc":{"\u0648\u0642\u062a \u0627\u0644\u0642\u0631\u0627\u0621\u0629 \u0627\u0644\u0645\u064f\u0642\u062f\u0651\u0631":"3 \u062f\u0642\u0627\u0626\u0642"},"schema":{"@context":"https:\/\/schema.org","@graph":[{"@type":"WebPage","@id":"https:\/\/www.univ-mila.dz\/?page_id=15330&lang=fr","url":"https:\/\/www.univ-mila.dz\/?page_id=15330&lang=fr","name":"Sp\u00e9cialit\u00e9 Gestion financi\u00e8re - \u062c\u0627\u0645\u0639\u0629 \u0645\u064a\u0644\u0629","isPartOf":{"@id":"https:\/\/www.univ-mila.dz\/#website"},"primaryImageOfPage":{"@id":"https:\/\/www.univ-mila.dz\/?page_id=15330&lang=fr#primaryimage"},"image":{"@id":"https:\/\/www.univ-mila.dz\/?page_id=15330&lang=fr#primaryimage"},"thumbnailUrl":"https:\/\/www.univ-mila.dz\/wp-content\/uploads\/2020\/06\/Economie-1.png","datePublished":"2021-04-15T11:50:16+00:00","breadcrumb":{"@id":"https:\/\/www.univ-mila.dz\/?page_id=15330&lang=fr#breadcrumb"},"inLanguage":"ar","potentialAction":[{"@type":"ReadAction","target":["https:\/\/www.univ-mila.dz\/?page_id=15330&lang=fr"]}]},{"@type":"ImageObject","inLanguage":"ar","@id":"https:\/\/www.univ-mila.dz\/?page_id=15330&lang=fr#primaryimage","url":"https:\/\/www.univ-mila.dz\/wp-content\/uploads\/2020\/06\/Economie-1.png","contentUrl":"https:\/\/www.univ-mila.dz\/wp-content\/uploads\/2020\/06\/Economie-1.png","width":200,"height":200},{"@type":"BreadcrumbList","@id":"https:\/\/www.univ-mila.dz\/?page_id=15330&lang=fr#breadcrumb","itemListElement":[{"@type":"ListItem","position":1,"name":"Offres de formation","item":"https:\/\/www.univ-mila.dz\/?page_id=7868&lang=fr"},{"@type":"ListItem","position":2,"name":"Domaine Sciences \u00c9conomiques, de Gestion et Commerciales","item":"https:\/\/www.univ-mila.dz\/?page_id=7875&lang=fr"},{"@type":"ListItem","position":3,"name":"Sp\u00e9cialit\u00e9 Gestion financi\u00e8re"}]},{"@type":"WebSite","@id":"https:\/\/www.univ-mila.dz\/#website","url":"https:\/\/www.univ-mila.dz\/","name":"\u062c\u0627\u0645\u0639\u0629 \u0639\u0628\u062f \u0627\u0644\u062d\u0641\u064a\u0638 \u0628\u0648\u0627\u0644\u0635\u0648\u0641","description":"\u0645\u064a\u0644\u0629","publisher":{"@id":"https:\/\/www.univ-mila.dz\/#organization"},"potentialAction":[{"@type":"SearchAction","target":{"@type":"EntryPoint","urlTemplate":"https:\/\/www.univ-mila.dz\/?s={search_term_string}"},"query-input":{"@type":"PropertyValueSpecification","valueRequired":true,"valueName":"search_term_string"}}],"inLanguage":"ar"},{"@type":"Organization","@id":"https:\/\/www.univ-mila.dz\/#organization","name":"\u062c\u0627\u0645\u0639\u0629 \u0639\u0628\u062f \u0627\u0644\u062d\u0641\u064a\u0638 \u0628\u0648\u0627\u0644\u0635\u0648\u0641 - \u0645\u064a\u0644\u0629","url":"https:\/\/www.univ-mila.dz\/","logo":{"@type":"ImageObject","inLanguage":"ar","@id":"https:\/\/www.univ-mila.dz\/#\/schema\/logo\/image\/","url":"http:\/\/www.centre-univ-mila.dz\/wp-content\/uploads\/2019\/02\/1416395352cumtransparent.png","contentUrl":"http:\/\/www.centre-univ-mila.dz\/wp-content\/uploads\/2019\/02\/1416395352cumtransparent.png","width":208,"height":268,"caption":"\u062c\u0627\u0645\u0639\u0629 \u0639\u0628\u062f \u0627\u0644\u062d\u0641\u064a\u0638 \u0628\u0648\u0627\u0644\u0635\u0648\u0641 - \u0645\u064a\u0644\u0629"},"image":{"@id":"https:\/\/www.univ-mila.dz\/#\/schema\/logo\/image\/"},"sameAs":["https:\/\/www.facebook.com\/univmila\/","https:\/\/x.com\/univmila","https:\/\/www.youtube.com\/channel\/UC9--lQO1WBvXm38B70e9u5w"]}]}},"_links":{"self":[{"href":"https:\/\/www.univ-mila.dz\/index.php?rest_route=\/wp\/v2\/pages\/15330","targetHints":{"allow":["GET"]}}],"collection":[{"href":"https:\/\/www.univ-mila.dz\/index.php?rest_route=\/wp\/v2\/pages"}],"about":[{"href":"https:\/\/www.univ-mila.dz\/index.php?rest_route=\/wp\/v2\/types\/page"}],"author":[{"embeddable":true,"href":"https:\/\/www.univ-mila.dz\/index.php?rest_route=\/wp\/v2\/users\/1"}],"replies":[{"embeddable":true,"href":"https:\/\/www.univ-mila.dz\/index.php?rest_route=%2Fwp%2Fv2%2Fcomments&post=15330"}],"version-history":[{"count":2,"href":"https:\/\/www.univ-mila.dz\/index.php?rest_route=\/wp\/v2\/pages\/15330\/revisions"}],"predecessor-version":[{"id":15335,"href":"https:\/\/www.univ-mila.dz\/index.php?rest_route=\/wp\/v2\/pages\/15330\/revisions\/15335"}],"up":[{"embeddable":true,"href":"https:\/\/www.univ-mila.dz\/index.php?rest_route=\/wp\/v2\/pages\/7875"}],"wp:featuredmedia":[{"embeddable":true,"href":"https:\/\/www.univ-mila.dz\/index.php?rest_route=\/wp\/v2\/media\/7780"}],"wp:attachment":[{"href":"https:\/\/www.univ-mila.dz\/index.php?rest_route=%2Fwp%2Fv2%2Fmedia&parent=15330"}],"curies":[{"name":"wp","href":"https:\/\/api.w.org\/{rel}","templated":true}]}}