{"id":15319,"date":"2021-04-15T10:50:09","date_gmt":"2021-04-15T09:50:09","guid":{"rendered":"https:\/\/www.univ-mila.dz\/?page_id=15319"},"modified":"2021-04-15T10:51:18","modified_gmt":"2021-04-15T09:51:18","slug":"specialite-economie-monetaire-et-bancaire","status":"publish","type":"page","link":"https:\/\/www.univ-mila.dz\/?page_id=15319&lang=fr","title":{"rendered":"Sp\u00e9cialit\u00e9 \u00c9conomie mon\u00e9taire et bancaire"},"content":{"rendered":"<p class=\"textheader\">Informations g\u00e9n\u00e9rales<\/p>\n<div class=\"noteright\">\n<p style=\"text-align: left;\" title=\"T\u00e9l\u00e9phone\"><i class=\"fa fa-phone\"><\/i>:<span style=\"color: #800000;\"><strong>0556467657<\/strong><\/span><\/p>\n<p style=\"text-align: left;\" title=\"Fax\"><i class=\"fa fa-fax\"><\/i>:<span style=\"color: #800000;\"><strong>&#8230;&#8230;&#8230;&#8230;&#8230;&#8230;&#8230;&#8230;&#8230;..<\/strong><\/span><\/p>\n<p style=\"text-align: left;\" title=\"Courriel\"><span style=\"color: #800000;\"><span style=\"color: #333333;\"><i class=\"fa fa-envelope\"><\/i>:<span style=\"color: #800000;\"><strong>f.mecheri@centre-univ-mila.dz<\/strong><\/span><\/span><\/span><\/p>\n<\/div>\n<ul>\n<li><strong>Cycle<\/strong> : Licence .<\/li>\n<li><strong>Domaine<\/strong> : Sciences \u00e9conomiques, commerciales Et sciences de gestion.<\/li>\n<li><strong>Fili\u00e8re<\/strong> : sciences \u00e9conomiques.<\/li>\n<li><strong>Sp\u00e9cialit\u00e9<\/strong> <strong>(Intitul\u00e9 de la formation)<\/strong> : \u00c9conomie mon\u00e9taire et bancaire<\/li>\n<li><strong>Dur\u00e9e de la formation<\/strong> : 3 Ans.<\/li>\n<\/ul>\n<p>&nbsp;<\/p>\n<p class=\"textheader\">Pr\u00e9sentation de la formation<\/p>\n<p class=\"smallheader\">Objectif de la formation<\/p>\n<p>Cette formation inscrite dans le cadre du syst\u00e8me de certification LMD, permet \u00e0 l&#8217;\u00e9tudiant d&#8217;acqu\u00e9rir d&#8217;importantes connaissances th\u00e9oriques en \u00e9conomie en esp\u00e8ces et en banque, ce qui permet la formation d&#8217;\u00e9tudiants sp\u00e9cialis\u00e9s dans divers travaux et technologies li\u00e9s \u00e0 l&#8217;aspect financier en g\u00e9n\u00e9ral et bancaire en particulier afin d&#8217;enrichir le r\u00f4le positif de l&#8217;\u00e9tudiant ainsi que Faire conna\u00eetre la banque dans la soci\u00e9t\u00e9; En cr\u00e9ant une pleine connaissance du syst\u00e8me financier, de ses composants et de ses m\u00e9canismes de travail, avec l&#8217;aide de diverses institutions financi\u00e8res actives, qu&#8217;il s&#8217;agisse des \u00e9tablissements de cr\u00e9dit sur le march\u00e9 mon\u00e9taire, en particulier des banques ou d&#8217;autres institutions financi\u00e8res sur les march\u00e9s financiers.<\/p>\n<p class=\"smallheader\">Connaissances vis\u00e9es<\/p>\n<ul>\n<li>Contr\u00f4le dans le domaine des sciences financi\u00e8res et bancaires.<\/li>\n<li>Contr\u00f4ler les domaines li\u00e9s aux finances de la facult\u00e9sion, aux march\u00e9s financiers internationaux et au syst\u00e8me financier international.<\/li>\n<li>Fournir \u00e0 l&#8217;\u00e9tudiant des connaissances et des outils avanc\u00e9s dans le domaine de la gestion bancaire et de l&#8217;administration et de la gestion financi\u00e8re.<\/li>\n<li>La capacit\u00e9 de contr\u00f4ler les technologies bancaires modernes, notamment en ce qui concerne les activit\u00e9s bancaires \u00e9lectroniques et les m\u00e9thodes d&#8217;analyse des \u00e9tats financiers des institutions financi\u00e8res et bancaires.<\/li>\n<li>La capacit\u00e9 d&#8217;exercer des professions li\u00e9es aux institutions financi\u00e8res et bancaires.<\/li>\n<li>La capacit\u00e9 de g\u00e9rer les risques financiers et les crises.<\/li>\n<\/ul>\n<p>&nbsp;<\/p>\n<p class=\"smallheader\">Projets de fin d\u2019\u00e9tude<\/p>\n<p>Le projet de fin d&#8217;\u00e9tude est un rapport de formation r\u00e9alis\u00e9 par l&#8217;\u00e9tudiant au niveau d&#8217;une des institutions financi\u00e8res et bancaires op\u00e9rant en Alg\u00e9rie, dans le but de permettre \u00e0 l&#8217;\u00e9tudiant de tester son acquisitions scientifique en pratique.<\/p>\n<p class=\"textheader\">Programme<\/p>\n<p><span style=\"color: #0000ff;\"><strong><span style=\"color: #000000;\">Pour t\u00e9l\u00e9charger :<\/span> <span style=\"color: #0000ff;\"><a style=\"color: #0000ff;\" href=\"https:\/\/www.univ-mila.dz\/wp-content\/uploads\/2021\/04\/Fin_Bank_ProgLFr.pdf\">Cliquez ici<\/a><\/span><br \/>\n<\/strong><\/span><\/p>\n<p class=\"textheader\">\u00c9tudes et d\u00e9bouch\u00e9s potentiels<\/p>\n<p>Les \u00e9tudiants titulaires d&#8217;un BA en \u00e9conomie mon\u00e9taire et bancaire peuvent poursuivre leur formation et leurs r\u00e9sultats acad\u00e9miques (ma\u00eetrise, doctorat) dans d&#8217;autres disciplines telles que: banque et assurance, finance d&#8217;entreprise et \u00e9conomie islamique.<\/p>\n<p class=\"textheader\">D\u00e9bouch\u00e9s professionnels<\/p>\n<ol>\n<li>Fournir aux secteurs public et priv\u00e9 le personnel \u00e9ligible des cadres sup\u00e9rieurs et sp\u00e9cialis\u00e9s des banques et le financement du processus de d\u00e9veloppement;<\/li>\n<li>D\u00e9velopper les comp\u00e9tences manag\u00e9riales des inscrits en mettant l&#8217;accent sur les fondements th\u00e9oriques et les m\u00e9thodes appliqu\u00e9es modernes dans le domaine bancaire;<\/li>\n<li>Approfondir le parcours acad\u00e9mique de ceux qui souhaitent s&#8217;inscrire pour poursuivre leurs \u00e9tudes sup\u00e9rieures d\u00e9veloppement.<\/li>\n<\/ol>\n<p>&nbsp;<\/p>\n","protected":false},"excerpt":{"rendered":"<p>Informations g\u00e9n\u00e9rales :0556467657 :&#8230;&#8230;&#8230;&#8230;&#8230;&#8230;&#8230;&#8230;&#8230;.. :f.mecheri@centre-univ-mila.dz Cycle : Licence . Domaine : Sciences \u00e9conomiques, commerciales Et sciences de gestion. Fili\u00e8re : sciences \u00e9conomiques. Sp\u00e9cialit\u00e9 (Intitul\u00e9 de la formation) : \u00c9conomie mon\u00e9taire et bancaire Dur\u00e9e de la formation : 3 Ans. &nbsp; Pr\u00e9sentation de la formation Objectif de la formation Cette formation inscrite dans le cadre du [&hellip;]<\/p>\n","protected":false},"author":1,"featured_media":7780,"parent":7875,"menu_order":0,"comment_status":"closed","ping_status":"closed","template":"","meta":{"footnotes":""},"class_list":["post-15319","page","type-page","status-publish","has-post-thumbnail","hentry"],"yoast_head":"<!-- This site is optimized with the Yoast SEO plugin v26.3 - https:\/\/yoast.com\/wordpress\/plugins\/seo\/ -->\n<title>Sp\u00e9cialit\u00e9 \u00c9conomie mon\u00e9taire et bancaire - \u062c\u0627\u0645\u0639\u0629 \u0645\u064a\u0644\u0629<\/title>\n<meta name=\"robots\" content=\"index, follow, max-snippet:-1, max-image-preview:large, max-video-preview:-1\" \/>\n<link rel=\"canonical\" href=\"https:\/\/www.univ-mila.dz\/?page_id=15319&lang=fr\" \/>\n<meta property=\"og:locale\" content=\"ar_AR\" \/>\n<meta property=\"og:type\" content=\"article\" \/>\n<meta property=\"og:title\" content=\"30\" \/>\n<meta property=\"og:description\" content=\"false\" \/>\n<meta property=\"og:url\" content=\"https:\/\/www.univ-mila.dz\/?page_id=15319&amp;lang=fr\" \/>\n<meta property=\"og:site_name\" content=\"\u062c\u0627\u0645\u0639\u0629 \u0645\u064a\u0644\u0629\" \/>\n<meta property=\"article:publisher\" content=\"https:\/\/www.facebook.com\/univmila\/\" \/>\n<meta property=\"article:modified_time\" content=\"2021-04-15T09:51:18+00:00\" \/>\n<meta property=\"og:image\" content=\"https:\/\/www.univ-mila.dz\/wp-content\/uploads\/2020\/06\/Economie-1.png\" \/>\n\t<meta property=\"og:image:width\" content=\"200\" \/>\n\t<meta property=\"og:image:height\" content=\"200\" \/>\n\t<meta property=\"og:image:type\" content=\"image\/png\" \/>\n<meta name=\"twitter:card\" content=\"summary_large_image\" \/>\n<meta name=\"twitter:site\" content=\"@univmila\" \/>\n<meta name=\"twitter:label1\" content=\"\u0648\u0642\u062a \u0627\u0644\u0642\u0631\u0627\u0621\u0629 \u0627\u0644\u0645\u064f\u0642\u062f\u0651\u0631\" \/>\n\t<meta name=\"twitter:data1\" content=\"\u062f\u0642\u064a\u0642\u062a\u0627\u0646\" \/>\n<script type=\"application\/ld+json\" class=\"yoast-schema-graph\">{\"@context\":\"https:\/\/schema.org\",\"@graph\":[{\"@type\":\"WebPage\",\"@id\":\"https:\/\/www.univ-mila.dz\/?page_id=15319&lang=fr\",\"url\":\"https:\/\/www.univ-mila.dz\/?page_id=15319&lang=fr\",\"name\":\"Sp\u00e9cialit\u00e9 \u00c9conomie mon\u00e9taire et bancaire - \u062c\u0627\u0645\u0639\u0629 \u0645\u064a\u0644\u0629\",\"isPartOf\":{\"@id\":\"https:\/\/www.univ-mila.dz\/#website\"},\"primaryImageOfPage\":{\"@id\":\"https:\/\/www.univ-mila.dz\/?page_id=15319&lang=fr#primaryimage\"},\"image\":{\"@id\":\"https:\/\/www.univ-mila.dz\/?page_id=15319&lang=fr#primaryimage\"},\"thumbnailUrl\":\"https:\/\/www.univ-mila.dz\/wp-content\/uploads\/2020\/06\/Economie-1.png\",\"datePublished\":\"2021-04-15T09:50:09+00:00\",\"dateModified\":\"2021-04-15T09:51:18+00:00\",\"breadcrumb\":{\"@id\":\"https:\/\/www.univ-mila.dz\/?page_id=15319&lang=fr#breadcrumb\"},\"inLanguage\":\"ar\",\"potentialAction\":[{\"@type\":\"ReadAction\",\"target\":[\"https:\/\/www.univ-mila.dz\/?page_id=15319&lang=fr\"]}]},{\"@type\":\"ImageObject\",\"inLanguage\":\"ar\",\"@id\":\"https:\/\/www.univ-mila.dz\/?page_id=15319&lang=fr#primaryimage\",\"url\":\"https:\/\/www.univ-mila.dz\/wp-content\/uploads\/2020\/06\/Economie-1.png\",\"contentUrl\":\"https:\/\/www.univ-mila.dz\/wp-content\/uploads\/2020\/06\/Economie-1.png\",\"width\":200,\"height\":200},{\"@type\":\"BreadcrumbList\",\"@id\":\"https:\/\/www.univ-mila.dz\/?page_id=15319&lang=fr#breadcrumb\",\"itemListElement\":[{\"@type\":\"ListItem\",\"position\":1,\"name\":\"Offres de formation\",\"item\":\"https:\/\/www.univ-mila.dz\/?page_id=7868&lang=fr\"},{\"@type\":\"ListItem\",\"position\":2,\"name\":\"Domaine Sciences \u00c9conomiques, de Gestion et Commerciales\",\"item\":\"https:\/\/www.univ-mila.dz\/?page_id=7875&lang=fr\"},{\"@type\":\"ListItem\",\"position\":3,\"name\":\"Sp\u00e9cialit\u00e9 \u00c9conomie mon\u00e9taire et bancaire\"}]},{\"@type\":\"WebSite\",\"@id\":\"https:\/\/www.univ-mila.dz\/#website\",\"url\":\"https:\/\/www.univ-mila.dz\/\",\"name\":\"\u062c\u0627\u0645\u0639\u0629 \u0639\u0628\u062f \u0627\u0644\u062d\u0641\u064a\u0638 \u0628\u0648\u0627\u0644\u0635\u0648\u0641\",\"description\":\"\u0645\u064a\u0644\u0629\",\"publisher\":{\"@id\":\"https:\/\/www.univ-mila.dz\/#organization\"},\"potentialAction\":[{\"@type\":\"SearchAction\",\"target\":{\"@type\":\"EntryPoint\",\"urlTemplate\":\"https:\/\/www.univ-mila.dz\/?s={search_term_string}\"},\"query-input\":{\"@type\":\"PropertyValueSpecification\",\"valueRequired\":true,\"valueName\":\"search_term_string\"}}],\"inLanguage\":\"ar\"},{\"@type\":\"Organization\",\"@id\":\"https:\/\/www.univ-mila.dz\/#organization\",\"name\":\"\u062c\u0627\u0645\u0639\u0629 \u0639\u0628\u062f \u0627\u0644\u062d\u0641\u064a\u0638 \u0628\u0648\u0627\u0644\u0635\u0648\u0641 - \u0645\u064a\u0644\u0629\",\"url\":\"https:\/\/www.univ-mila.dz\/\",\"logo\":{\"@type\":\"ImageObject\",\"inLanguage\":\"ar\",\"@id\":\"https:\/\/www.univ-mila.dz\/#\/schema\/logo\/image\/\",\"url\":\"http:\/\/www.centre-univ-mila.dz\/wp-content\/uploads\/2019\/02\/1416395352cumtransparent.png\",\"contentUrl\":\"http:\/\/www.centre-univ-mila.dz\/wp-content\/uploads\/2019\/02\/1416395352cumtransparent.png\",\"width\":208,\"height\":268,\"caption\":\"\u062c\u0627\u0645\u0639\u0629 \u0639\u0628\u062f \u0627\u0644\u062d\u0641\u064a\u0638 \u0628\u0648\u0627\u0644\u0635\u0648\u0641 - \u0645\u064a\u0644\u0629\"},\"image\":{\"@id\":\"https:\/\/www.univ-mila.dz\/#\/schema\/logo\/image\/\"},\"sameAs\":[\"https:\/\/www.facebook.com\/univmila\/\",\"https:\/\/x.com\/univmila\",\"https:\/\/www.youtube.com\/channel\/UC9--lQO1WBvXm38B70e9u5w\"]}]}<\/script>\n<!-- \/ Yoast SEO plugin. -->","yoast_head_json":{"title":"Sp\u00e9cialit\u00e9 \u00c9conomie mon\u00e9taire et bancaire - \u062c\u0627\u0645\u0639\u0629 \u0645\u064a\u0644\u0629","robots":{"index":"index","follow":"follow","max-snippet":"max-snippet:-1","max-image-preview":"max-image-preview:large","max-video-preview":"max-video-preview:-1"},"canonical":"https:\/\/www.univ-mila.dz\/?page_id=15319&lang=fr","og_locale":"ar_AR","og_type":"article","og_title":"30","og_description":"false","og_url":"https:\/\/www.univ-mila.dz\/?page_id=15319&lang=fr","og_site_name":"\u062c\u0627\u0645\u0639\u0629 \u0645\u064a\u0644\u0629","article_publisher":"https:\/\/www.facebook.com\/univmila\/","article_modified_time":"2021-04-15T09:51:18+00:00","og_image":[{"width":200,"height":200,"url":"https:\/\/www.univ-mila.dz\/wp-content\/uploads\/2020\/06\/Economie-1.png","type":"image\/png"}],"twitter_card":"summary_large_image","twitter_site":"@univmila","twitter_misc":{"\u0648\u0642\u062a \u0627\u0644\u0642\u0631\u0627\u0621\u0629 \u0627\u0644\u0645\u064f\u0642\u062f\u0651\u0631":"\u062f\u0642\u064a\u0642\u062a\u0627\u0646"},"schema":{"@context":"https:\/\/schema.org","@graph":[{"@type":"WebPage","@id":"https:\/\/www.univ-mila.dz\/?page_id=15319&lang=fr","url":"https:\/\/www.univ-mila.dz\/?page_id=15319&lang=fr","name":"Sp\u00e9cialit\u00e9 \u00c9conomie mon\u00e9taire et bancaire - \u062c\u0627\u0645\u0639\u0629 \u0645\u064a\u0644\u0629","isPartOf":{"@id":"https:\/\/www.univ-mila.dz\/#website"},"primaryImageOfPage":{"@id":"https:\/\/www.univ-mila.dz\/?page_id=15319&lang=fr#primaryimage"},"image":{"@id":"https:\/\/www.univ-mila.dz\/?page_id=15319&lang=fr#primaryimage"},"thumbnailUrl":"https:\/\/www.univ-mila.dz\/wp-content\/uploads\/2020\/06\/Economie-1.png","datePublished":"2021-04-15T09:50:09+00:00","dateModified":"2021-04-15T09:51:18+00:00","breadcrumb":{"@id":"https:\/\/www.univ-mila.dz\/?page_id=15319&lang=fr#breadcrumb"},"inLanguage":"ar","potentialAction":[{"@type":"ReadAction","target":["https:\/\/www.univ-mila.dz\/?page_id=15319&lang=fr"]}]},{"@type":"ImageObject","inLanguage":"ar","@id":"https:\/\/www.univ-mila.dz\/?page_id=15319&lang=fr#primaryimage","url":"https:\/\/www.univ-mila.dz\/wp-content\/uploads\/2020\/06\/Economie-1.png","contentUrl":"https:\/\/www.univ-mila.dz\/wp-content\/uploads\/2020\/06\/Economie-1.png","width":200,"height":200},{"@type":"BreadcrumbList","@id":"https:\/\/www.univ-mila.dz\/?page_id=15319&lang=fr#breadcrumb","itemListElement":[{"@type":"ListItem","position":1,"name":"Offres de formation","item":"https:\/\/www.univ-mila.dz\/?page_id=7868&lang=fr"},{"@type":"ListItem","position":2,"name":"Domaine Sciences \u00c9conomiques, de Gestion et Commerciales","item":"https:\/\/www.univ-mila.dz\/?page_id=7875&lang=fr"},{"@type":"ListItem","position":3,"name":"Sp\u00e9cialit\u00e9 \u00c9conomie mon\u00e9taire et bancaire"}]},{"@type":"WebSite","@id":"https:\/\/www.univ-mila.dz\/#website","url":"https:\/\/www.univ-mila.dz\/","name":"\u062c\u0627\u0645\u0639\u0629 \u0639\u0628\u062f \u0627\u0644\u062d\u0641\u064a\u0638 \u0628\u0648\u0627\u0644\u0635\u0648\u0641","description":"\u0645\u064a\u0644\u0629","publisher":{"@id":"https:\/\/www.univ-mila.dz\/#organization"},"potentialAction":[{"@type":"SearchAction","target":{"@type":"EntryPoint","urlTemplate":"https:\/\/www.univ-mila.dz\/?s={search_term_string}"},"query-input":{"@type":"PropertyValueSpecification","valueRequired":true,"valueName":"search_term_string"}}],"inLanguage":"ar"},{"@type":"Organization","@id":"https:\/\/www.univ-mila.dz\/#organization","name":"\u062c\u0627\u0645\u0639\u0629 \u0639\u0628\u062f \u0627\u0644\u062d\u0641\u064a\u0638 \u0628\u0648\u0627\u0644\u0635\u0648\u0641 - \u0645\u064a\u0644\u0629","url":"https:\/\/www.univ-mila.dz\/","logo":{"@type":"ImageObject","inLanguage":"ar","@id":"https:\/\/www.univ-mila.dz\/#\/schema\/logo\/image\/","url":"http:\/\/www.centre-univ-mila.dz\/wp-content\/uploads\/2019\/02\/1416395352cumtransparent.png","contentUrl":"http:\/\/www.centre-univ-mila.dz\/wp-content\/uploads\/2019\/02\/1416395352cumtransparent.png","width":208,"height":268,"caption":"\u062c\u0627\u0645\u0639\u0629 \u0639\u0628\u062f \u0627\u0644\u062d\u0641\u064a\u0638 \u0628\u0648\u0627\u0644\u0635\u0648\u0641 - \u0645\u064a\u0644\u0629"},"image":{"@id":"https:\/\/www.univ-mila.dz\/#\/schema\/logo\/image\/"},"sameAs":["https:\/\/www.facebook.com\/univmila\/","https:\/\/x.com\/univmila","https:\/\/www.youtube.com\/channel\/UC9--lQO1WBvXm38B70e9u5w"]}]}},"_links":{"self":[{"href":"https:\/\/www.univ-mila.dz\/index.php?rest_route=\/wp\/v2\/pages\/15319","targetHints":{"allow":["GET"]}}],"collection":[{"href":"https:\/\/www.univ-mila.dz\/index.php?rest_route=\/wp\/v2\/pages"}],"about":[{"href":"https:\/\/www.univ-mila.dz\/index.php?rest_route=\/wp\/v2\/types\/page"}],"author":[{"embeddable":true,"href":"https:\/\/www.univ-mila.dz\/index.php?rest_route=\/wp\/v2\/users\/1"}],"replies":[{"embeddable":true,"href":"https:\/\/www.univ-mila.dz\/index.php?rest_route=%2Fwp%2Fv2%2Fcomments&post=15319"}],"version-history":[{"count":2,"href":"https:\/\/www.univ-mila.dz\/index.php?rest_route=\/wp\/v2\/pages\/15319\/revisions"}],"predecessor-version":[{"id":15324,"href":"https:\/\/www.univ-mila.dz\/index.php?rest_route=\/wp\/v2\/pages\/15319\/revisions\/15324"}],"up":[{"embeddable":true,"href":"https:\/\/www.univ-mila.dz\/index.php?rest_route=\/wp\/v2\/pages\/7875"}],"wp:featuredmedia":[{"embeddable":true,"href":"https:\/\/www.univ-mila.dz\/index.php?rest_route=\/wp\/v2\/media\/7780"}],"wp:attachment":[{"href":"https:\/\/www.univ-mila.dz\/index.php?rest_route=%2Fwp%2Fv2%2Fmedia&parent=15319"}],"curies":[{"name":"wp","href":"https:\/\/api.w.org\/{rel}","templated":true}]}}