{"id":1531,"date":"2019-11-21T13:49:15","date_gmt":"2019-11-21T10:49:15","guid":{"rendered":"https:\/\/www.univ-mila.dz?page_id=1531"},"modified":"2025-10-27T14:55:43","modified_gmt":"2025-10-27T13:55:43","slug":"service-des-relations-exterieures-2","status":"publish","type":"page","link":"https:\/\/www.univ-mila.dz\/?page_id=1531&lang=fr","title":{"rendered":"Service des relations ext\u00e9rieures"},"content":{"rendered":"<p class=\"textheader\">T\u00e2ches du service des relations ext\u00e9rieures<\/p>\r\n<div class=\"noteright\">\r\n<p style=\"text-align: left;\" title=\"T\u00e9l\u00e9phone\"><i class=\"fa fa-phone\"><\/i>:<span style=\"color: #800000;\"><strong>&#8230;&#8230;&#8230;&#8230;&#8230;&#8230;&#8230;&#8230;<\/strong><\/span><\/p>\r\n<p style=\"text-align: left;\" title=\"Fax\"><i class=\"fa fa-fax\"><\/i>:<span style=\"color: #800000;\"><strong>&#8230;&#8230;&#8230;&#8230;&#8230;&#8230;&#8230;&#8230;<\/strong><\/span><\/p>\r\n<p style=\"text-align: left;\" title=\"Courriel\"><span style=\"color: #800000;\"><span style=\"color: #333333;\"><a style=\"color: #333333;\" href=\"mailto:relex.cooperation@centre-univ-mila.dz\"><i class=\"fa fa-envelope\"><\/i>: <span style=\"color: #800000;\"><strong>relex.cooperation@centre-univ-mila.dz<\/strong><\/span><\/a><\/span><\/span><\/p>\r\n<\/div>\r\n<ul>\r\n<li>Le Service des relations ext\u00e9rieures est responsable du suivi des diff\u00e9rentes t\u00e2ches fondamentales li\u00e9es au partenariat entre les universit\u00e9s nationales et internationales dans les domaines de l\u2019enseignement sup\u00e9rieur et de la recherche scientifique.<\/li>\r\n<li>proc\u00e9dures relatives aux r\u00e9seaux de communication li\u00e9s au universit\u00e9 .<\/li>\r\n<li>Assurer l\u2019organisation et la promotion d\u2019\u00e9v\u00e9nements scientifiques au universitaire.<\/li>\r\n<li>Organiser, mettre en \u0153uvre et suivre des programmes de formation et am\u00e9liorer le niveau au niveau \u00e0 l\u2019\u00e9tranger.<\/li>\r\n<li>\u00a0Bourses \u00e0 l\u2019\u00e9tranger Conclure et renouveler les accords locaux Initier des actions pour promouvoir la coop\u00e9ration entre les universit\u00e9s nationales et internationales.<\/li>\r\n<\/ul>\r\n<p class=\"textheader\">Initiatives<\/p>\r\n<p><strong>Initiatives pour impliquer L&#8217;universit\u00e9 de Mila dans des programmes de coop\u00e9ration avec les secteurs social et \u00e9conomique.<\/strong><\/p>\r\n\r\n<p>&nbsp;<\/p>\r\n<p>&nbsp;<\/p>","protected":false},"excerpt":{"rendered":"<p>T\u00e2ches du service des relations ext\u00e9rieures :&#8230;&#8230;&#8230;&#8230;&#8230;&#8230;&#8230;&#8230; :&#8230;&#8230;&#8230;&#8230;&#8230;&#8230;&#8230;&#8230; : relex.cooperation@centre-univ-mila.dz Le Service des relations ext\u00e9rieures est responsable du suivi des diff\u00e9rentes t\u00e2ches fondamentales li\u00e9es au partenariat entre les universit\u00e9s nationales et internationales dans les domaines de l\u2019enseignement sup\u00e9rieur et de la recherche scientifique. proc\u00e9dures relatives aux r\u00e9seaux de communication li\u00e9s au universit\u00e9 . Assurer l\u2019organisation [&hellip;]<\/p>\n","protected":false},"author":1,"featured_media":0,"parent":0,"menu_order":0,"comment_status":"closed","ping_status":"closed","template":"","meta":{"footnotes":""},"class_list":["post-1531","page","type-page","status-publish","hentry"],"yoast_head":"<!-- This site is optimized with the Yoast SEO plugin v26.3 - https:\/\/yoast.com\/wordpress\/plugins\/seo\/ -->\n<title>Service des relations ext\u00e9rieures - \u062c\u0627\u0645\u0639\u0629 \u0645\u064a\u0644\u0629<\/title>\n<meta name=\"robots\" content=\"index, follow, max-snippet:-1, max-image-preview:large, max-video-preview:-1\" \/>\n<link rel=\"canonical\" href=\"https:\/\/www.univ-mila.dz\/?page_id=1531&lang=fr\" \/>\n<meta property=\"og:locale\" content=\"ar_AR\" \/>\n<meta property=\"og:type\" content=\"article\" \/>\n<meta property=\"og:title\" content=\"Service des relations ext\u00e9rieures - \u062c\u0627\u0645\u0639\u0629 \u0645\u064a\u0644\u0629\" \/>\n<meta property=\"og:description\" content=\"T\u00e2ches du service des relations ext\u00e9rieures :&#8230;&#8230;&#8230;&#8230;&#8230;&#8230;&#8230;&#8230; :&#8230;&#8230;&#8230;&#8230;&#8230;&#8230;&#8230;&#8230; : relex.cooperation@centre-univ-mila.dz Le Service des relations ext\u00e9rieures est responsable du suivi des diff\u00e9rentes t\u00e2ches fondamentales li\u00e9es au partenariat entre les universit\u00e9s nationales et internationales dans les domaines de l\u2019enseignement sup\u00e9rieur et de la recherche scientifique. proc\u00e9dures relatives aux r\u00e9seaux de communication li\u00e9s au universit\u00e9 . Assurer l\u2019organisation [&hellip;]\" \/>\n<meta property=\"og:url\" content=\"https:\/\/www.univ-mila.dz\/?page_id=1531&amp;lang=fr\" \/>\n<meta property=\"og:site_name\" content=\"\u062c\u0627\u0645\u0639\u0629 \u0645\u064a\u0644\u0629\" \/>\n<meta property=\"article:publisher\" content=\"https:\/\/www.facebook.com\/univmila\/\" \/>\n<meta property=\"article:modified_time\" content=\"2025-10-27T13:55:43+00:00\" \/>\n<meta name=\"twitter:card\" content=\"summary_large_image\" \/>\n<meta name=\"twitter:site\" content=\"@univmila\" \/>\n<meta name=\"twitter:label1\" content=\"\u0648\u0642\u062a \u0627\u0644\u0642\u0631\u0627\u0621\u0629 \u0627\u0644\u0645\u064f\u0642\u062f\u0651\u0631\" \/>\n\t<meta name=\"twitter:data1\" content=\"1 \u062f\u0642\u064a\u0642\u0629\" \/>\n<script type=\"application\/ld+json\" class=\"yoast-schema-graph\">{\"@context\":\"https:\/\/schema.org\",\"@graph\":[{\"@type\":\"WebPage\",\"@id\":\"https:\/\/www.univ-mila.dz\/?page_id=1531&lang=fr\",\"url\":\"https:\/\/www.univ-mila.dz\/?page_id=1531&lang=fr\",\"name\":\"Service des relations ext\u00e9rieures - \u062c\u0627\u0645\u0639\u0629 \u0645\u064a\u0644\u0629\",\"isPartOf\":{\"@id\":\"https:\/\/www.univ-mila.dz\/#website\"},\"datePublished\":\"2019-11-21T10:49:15+00:00\",\"dateModified\":\"2025-10-27T13:55:43+00:00\",\"inLanguage\":\"ar\",\"potentialAction\":[{\"@type\":\"ReadAction\",\"target\":[\"https:\/\/www.univ-mila.dz\/?page_id=1531&lang=fr\"]}]},{\"@type\":\"WebSite\",\"@id\":\"https:\/\/www.univ-mila.dz\/#website\",\"url\":\"https:\/\/www.univ-mila.dz\/\",\"name\":\"\u062c\u0627\u0645\u0639\u0629 \u0639\u0628\u062f \u0627\u0644\u062d\u0641\u064a\u0638 \u0628\u0648\u0627\u0644\u0635\u0648\u0641\",\"description\":\"\u0645\u064a\u0644\u0629\",\"publisher\":{\"@id\":\"https:\/\/www.univ-mila.dz\/#organization\"},\"potentialAction\":[{\"@type\":\"SearchAction\",\"target\":{\"@type\":\"EntryPoint\",\"urlTemplate\":\"https:\/\/www.univ-mila.dz\/?s={search_term_string}\"},\"query-input\":{\"@type\":\"PropertyValueSpecification\",\"valueRequired\":true,\"valueName\":\"search_term_string\"}}],\"inLanguage\":\"ar\"},{\"@type\":\"Organization\",\"@id\":\"https:\/\/www.univ-mila.dz\/#organization\",\"name\":\"\u062c\u0627\u0645\u0639\u0629 \u0639\u0628\u062f \u0627\u0644\u062d\u0641\u064a\u0638 \u0628\u0648\u0627\u0644\u0635\u0648\u0641 - \u0645\u064a\u0644\u0629\",\"url\":\"https:\/\/www.univ-mila.dz\/\",\"logo\":{\"@type\":\"ImageObject\",\"inLanguage\":\"ar\",\"@id\":\"https:\/\/www.univ-mila.dz\/#\/schema\/logo\/image\/\",\"url\":\"http:\/\/www.centre-univ-mila.dz\/wp-content\/uploads\/2019\/02\/1416395352cumtransparent.png\",\"contentUrl\":\"http:\/\/www.centre-univ-mila.dz\/wp-content\/uploads\/2019\/02\/1416395352cumtransparent.png\",\"width\":208,\"height\":268,\"caption\":\"\u062c\u0627\u0645\u0639\u0629 \u0639\u0628\u062f \u0627\u0644\u062d\u0641\u064a\u0638 \u0628\u0648\u0627\u0644\u0635\u0648\u0641 - \u0645\u064a\u0644\u0629\"},\"image\":{\"@id\":\"https:\/\/www.univ-mila.dz\/#\/schema\/logo\/image\/\"},\"sameAs\":[\"https:\/\/www.facebook.com\/univmila\/\",\"https:\/\/x.com\/univmila\",\"https:\/\/www.youtube.com\/channel\/UC9--lQO1WBvXm38B70e9u5w\"]}]}<\/script>\n<!-- \/ Yoast SEO plugin. -->","yoast_head_json":{"title":"Service des relations ext\u00e9rieures - \u062c\u0627\u0645\u0639\u0629 \u0645\u064a\u0644\u0629","robots":{"index":"index","follow":"follow","max-snippet":"max-snippet:-1","max-image-preview":"max-image-preview:large","max-video-preview":"max-video-preview:-1"},"canonical":"https:\/\/www.univ-mila.dz\/?page_id=1531&lang=fr","og_locale":"ar_AR","og_type":"article","og_title":"Service des relations ext\u00e9rieures - \u062c\u0627\u0645\u0639\u0629 \u0645\u064a\u0644\u0629","og_description":"T\u00e2ches du service des relations ext\u00e9rieures :&#8230;&#8230;&#8230;&#8230;&#8230;&#8230;&#8230;&#8230; :&#8230;&#8230;&#8230;&#8230;&#8230;&#8230;&#8230;&#8230; : relex.cooperation@centre-univ-mila.dz Le Service des relations ext\u00e9rieures est responsable du suivi des diff\u00e9rentes t\u00e2ches fondamentales li\u00e9es au partenariat entre les universit\u00e9s nationales et internationales dans les domaines de l\u2019enseignement sup\u00e9rieur et de la recherche scientifique. proc\u00e9dures relatives aux r\u00e9seaux de communication li\u00e9s au universit\u00e9 . Assurer l\u2019organisation [&hellip;]","og_url":"https:\/\/www.univ-mila.dz\/?page_id=1531&lang=fr","og_site_name":"\u062c\u0627\u0645\u0639\u0629 \u0645\u064a\u0644\u0629","article_publisher":"https:\/\/www.facebook.com\/univmila\/","article_modified_time":"2025-10-27T13:55:43+00:00","twitter_card":"summary_large_image","twitter_site":"@univmila","twitter_misc":{"\u0648\u0642\u062a \u0627\u0644\u0642\u0631\u0627\u0621\u0629 \u0627\u0644\u0645\u064f\u0642\u062f\u0651\u0631":"1 \u062f\u0642\u064a\u0642\u0629"},"schema":{"@context":"https:\/\/schema.org","@graph":[{"@type":"WebPage","@id":"https:\/\/www.univ-mila.dz\/?page_id=1531&lang=fr","url":"https:\/\/www.univ-mila.dz\/?page_id=1531&lang=fr","name":"Service des relations ext\u00e9rieures - \u062c\u0627\u0645\u0639\u0629 \u0645\u064a\u0644\u0629","isPartOf":{"@id":"https:\/\/www.univ-mila.dz\/#website"},"datePublished":"2019-11-21T10:49:15+00:00","dateModified":"2025-10-27T13:55:43+00:00","inLanguage":"ar","potentialAction":[{"@type":"ReadAction","target":["https:\/\/www.univ-mila.dz\/?page_id=1531&lang=fr"]}]},{"@type":"WebSite","@id":"https:\/\/www.univ-mila.dz\/#website","url":"https:\/\/www.univ-mila.dz\/","name":"\u062c\u0627\u0645\u0639\u0629 \u0639\u0628\u062f \u0627\u0644\u062d\u0641\u064a\u0638 \u0628\u0648\u0627\u0644\u0635\u0648\u0641","description":"\u0645\u064a\u0644\u0629","publisher":{"@id":"https:\/\/www.univ-mila.dz\/#organization"},"potentialAction":[{"@type":"SearchAction","target":{"@type":"EntryPoint","urlTemplate":"https:\/\/www.univ-mila.dz\/?s={search_term_string}"},"query-input":{"@type":"PropertyValueSpecification","valueRequired":true,"valueName":"search_term_string"}}],"inLanguage":"ar"},{"@type":"Organization","@id":"https:\/\/www.univ-mila.dz\/#organization","name":"\u062c\u0627\u0645\u0639\u0629 \u0639\u0628\u062f \u0627\u0644\u062d\u0641\u064a\u0638 \u0628\u0648\u0627\u0644\u0635\u0648\u0641 - \u0645\u064a\u0644\u0629","url":"https:\/\/www.univ-mila.dz\/","logo":{"@type":"ImageObject","inLanguage":"ar","@id":"https:\/\/www.univ-mila.dz\/#\/schema\/logo\/image\/","url":"http:\/\/www.centre-univ-mila.dz\/wp-content\/uploads\/2019\/02\/1416395352cumtransparent.png","contentUrl":"http:\/\/www.centre-univ-mila.dz\/wp-content\/uploads\/2019\/02\/1416395352cumtransparent.png","width":208,"height":268,"caption":"\u062c\u0627\u0645\u0639\u0629 \u0639\u0628\u062f \u0627\u0644\u062d\u0641\u064a\u0638 \u0628\u0648\u0627\u0644\u0635\u0648\u0641 - \u0645\u064a\u0644\u0629"},"image":{"@id":"https:\/\/www.univ-mila.dz\/#\/schema\/logo\/image\/"},"sameAs":["https:\/\/www.facebook.com\/univmila\/","https:\/\/x.com\/univmila","https:\/\/www.youtube.com\/channel\/UC9--lQO1WBvXm38B70e9u5w"]}]}},"_links":{"self":[{"href":"https:\/\/www.univ-mila.dz\/index.php?rest_route=\/wp\/v2\/pages\/1531","targetHints":{"allow":["GET"]}}],"collection":[{"href":"https:\/\/www.univ-mila.dz\/index.php?rest_route=\/wp\/v2\/pages"}],"about":[{"href":"https:\/\/www.univ-mila.dz\/index.php?rest_route=\/wp\/v2\/types\/page"}],"author":[{"embeddable":true,"href":"https:\/\/www.univ-mila.dz\/index.php?rest_route=\/wp\/v2\/users\/1"}],"replies":[{"embeddable":true,"href":"https:\/\/www.univ-mila.dz\/index.php?rest_route=%2Fwp%2Fv2%2Fcomments&post=1531"}],"version-history":[{"count":10,"href":"https:\/\/www.univ-mila.dz\/index.php?rest_route=\/wp\/v2\/pages\/1531\/revisions"}],"predecessor-version":[{"id":32758,"href":"https:\/\/www.univ-mila.dz\/index.php?rest_route=\/wp\/v2\/pages\/1531\/revisions\/32758"}],"wp:attachment":[{"href":"https:\/\/www.univ-mila.dz\/index.php?rest_route=%2Fwp%2Fv2%2Fmedia&parent=1531"}],"curies":[{"name":"wp","href":"https:\/\/api.w.org\/{rel}","templated":true}]}}