{"id":15308,"date":"2021-04-15T10:34:01","date_gmt":"2021-04-15T09:34:01","guid":{"rendered":"https:\/\/www.univ-mila.dz\/?page_id=15308"},"modified":"2021-04-15T10:40:11","modified_gmt":"2021-04-15T09:40:11","slug":"specialite-marketing","status":"publish","type":"page","link":"https:\/\/www.univ-mila.dz\/?page_id=15308&lang=fr","title":{"rendered":"Sp\u00e9cialit\u00e9 Marketing"},"content":{"rendered":"<p class=\"textheader\">Informations g\u00e9n\u00e9rales<\/p>\n<div class=\"noteright\">\n<p style=\"text-align: left;\" title=\"T\u00e9l\u00e9phone\"><i class=\"fa fa-phone\"><\/i>:<span style=\"color: #800000;\"><b>0772070393<\/b><\/span><\/p>\n<p style=\"text-align: left;\" title=\"Fax\"><i class=\"fa fa-fax\"><\/i>:<span style=\"color: #800000;\"><strong>&#8230;&#8230;&#8230;&#8230;&#8230;&#8230;&#8230;&#8230;&#8230;..<\/strong><\/span><\/p>\n<p style=\"text-align: left;\" title=\"Courriel\"><span style=\"color: #800000;\"><span style=\"color: #333333;\"><a style=\"color: #333333;\" href=\"t.belhadj@centre-univ-mila.dz\"><i class=\"fa fa-envelope\"><\/i>:<span style=\"color: #800000;\"><strong>t.belhadj@centre-univ-mila.dz<\/strong><\/span><\/a><\/span><\/span><\/p>\n<\/div>\n<ul>\n<li><strong>Cycle<\/strong> : Licence .<\/li>\n<li><strong>Domaine<\/strong> : Sciences \u00e9conomiques, commerciales Et sciences de gestion.<\/li>\n<li><strong>Fili\u00e8re<\/strong> : Sciences commerciales.<\/li>\n<li><strong>Sp\u00e9cialit\u00e9<\/strong> <strong>(Intitul\u00e9 de la formation)<\/strong> : Marketing<\/li>\n<li><strong>Dur\u00e9e de la formation<\/strong> : 3 Ans.<\/li>\n<\/ul>\n<p>&nbsp;<\/p>\n<p class=\"textheader\">Pr\u00e9sentation de la formation<\/p>\n<p class=\"smallheader\">Objectif de la formation<\/p>\n<p>Cette formation pr\u00e9sente les grands principes du marketing en accordant une attention particuli\u00e8re au consommateur et \u00e0 son comportement avec une concentration sur l&#8217;aspect strat\u00e9gique et l&#8217;aspect op\u00e9rationnel du marketing.<br \/>\nLa formation a pour but d&#8217;acqu\u00e9rir les notions essentielles sur le marketing, la mani\u00e8re dont l&#8217;entreprise g\u00e8re ses relations avec les consommateurs et dessine son offre de fa\u00e7on \u00e0 optimiser sa position dans l&#8217;univers concurrentiel. Il vise \u00e0 faire comprendre et \u00e0 aider \u00e0 d\u00e9velopper un plan marketing, en amenant les \u00e9tudiants \u00e0 ma\u00eetriser les composantes du marketing mix, \u00e0 en saisir les interactions et \u00e0 prendre des d\u00e9cisions dans un environnement complexe.<br \/>\nl&#8217;offre de formation en marketing se base sur les concepts fondateurs de la discipline et sur les enseignements tir\u00e9s des traveaux dirig\u00e9s. Il constitue le socle indispensable aux enseignements sp\u00e9cifiques de 1\u00e8me ann\u00e9e Master relatifs \u00e0 la sp\u00e9cialit\u00e9 du marketing.<\/p>\n<p class=\"smallheader\">Connaissances vis\u00e9es<\/p>\n<p>Ce cours vous aidera \u00e0 d\u00e9velopper une meilleure appr\u00e9ciation et compr\u00e9hension du r\u00f4le du marketing dans une organisation commerciale en particulier et dans notre soci\u00e9t\u00e9 en g\u00e9n\u00e9ral.<br \/>\n\u00c0 la fin de ce cours, vous pourrez:<\/p>\n<ul>\n<li>Acqu\u00e9rir une solide compr\u00e9hension des concepts et comp\u00e9tences cl\u00e9s en marketing.<\/li>\n<li>Effectuer une analyse de situation pour \u00e9valuer les opportunit\u00e9s de march\u00e9.<\/li>\n<li>Recueillir, analyser et tirer des conclusions des donn\u00e9es du march\u00e9 et de l&#8217;environnement.<\/li>\n<li>D\u00e9velopper des strat\u00e9gies marketing (Segmentation, ciblage et positionnement) pour atteindre les objectifs de l&#8217;entreprise.<\/li>\n<li>Utilisez l&#8217;approche du marketing mix pour aider \u00e0 d\u00e9finir les \u00e9l\u00e9ments n\u00e9cessaires \u00e0 une strat\u00e9gie marketing r\u00e9ussie.<\/li>\n<li>Elaborer un plan marketing efficace.<\/li>\n<\/ul>\n<p class=\"smallheader\">Projets de fin d\u2019\u00e9tude<\/p>\n<p>\u00a0Rapport de stage\u00a0du\u00a0fin d&#8217;\u00e9tude constitue une \u00e9tape importante du cursus universitaire. C&#8217;est une activit\u00e9 p\u00e9dagogique structur\u00e9e et supervis\u00e9e, r\u00e9alis\u00e9e dans un milieu de pratique o\u00f9 l&#8217;\u00e9tudiant peut d\u00e9velopper les connaissances, habilet\u00e9s et attitudes requises pour \u00e9voluer dans le domaine du Marketing. Au cours de cette \u00e9tape, l&#8217;\u00e9tudiant pourra mettre en pratique ses apprentissages affin\u00e9 par les cours suivis dans le cadre de sa formation. Il s\u2019agit de s\u2019inscrire dans une logique d\u2019observation participante pour, d\u2019une part, effectuer un travail de terrain et, d\u2019autre part, communiquer \u00e0 l\u2019\u00e9crit pour rendre compte de cette exp\u00e9rience de mani\u00e8re professionnelle.<\/p>\n<p class=\"textheader\">Programme<\/p>\n<p><span style=\"color: #0000ff;\"><strong><span style=\"color: #000000;\">Pour t\u00e9l\u00e9charger :<\/span> <a href=\"https:\/\/www.univ-mila.dz\/wp-content\/uploads\/2021\/04\/ProgMarketingLFr.pdf\"><span style=\"color: #0000ff;\">Cliquez ici<\/span><\/a><br \/>\n<\/strong><\/span><\/p>\n<p class=\"textheader\">\u00c9tudes et d\u00e9bouch\u00e9s potentiels<\/p>\n<p>Les dipl\u00f4m\u00e9s en marketing qui souhaitent poursuivre leurs \u00e9tudes peuvent choisir d&#8217;\u00e9tudier une Master en: Marketing des Services; Gestion d&#8217;entreprise; Commerce international et logistique; Marketing international; Gestion h\u00f4teli\u00e8re et touristique &#8230;.<\/p>\n<p class=\"textheader\">D\u00e9bouch\u00e9s professionnels<\/p>\n<p>Les dipl\u00f4m\u00e9s en marketing sont bien pr\u00e9par\u00e9s pour des carri\u00e8res comme:<br \/>\ndirecteur de la publicit\u00e9, sp\u00e9cialiste du marketing num\u00e9rique, chercheur de march\u00e9, directeur du marketing, directeur des relations publiques, responsable des relations publiques, directeur de la promotion des ventes, gestionnaire des m\u00e9dias sociaux, conseiller commercial, gestionnaire de contenu Web<\/p>\n<p>&nbsp;<\/p>\n","protected":false},"excerpt":{"rendered":"<p>Informations g\u00e9n\u00e9rales :0772070393 :&#8230;&#8230;&#8230;&#8230;&#8230;&#8230;&#8230;&#8230;&#8230;.. :t.belhadj@centre-univ-mila.dz Cycle : Licence . Domaine : Sciences \u00e9conomiques, commerciales Et sciences de gestion. Fili\u00e8re : Sciences commerciales. Sp\u00e9cialit\u00e9 (Intitul\u00e9 de la formation) : Marketing Dur\u00e9e de la formation : 3 Ans. &nbsp; Pr\u00e9sentation de la formation Objectif de la formation Cette formation pr\u00e9sente les grands principes du marketing en accordant [&hellip;]<\/p>\n","protected":false},"author":1,"featured_media":7780,"parent":7875,"menu_order":0,"comment_status":"closed","ping_status":"closed","template":"","meta":{"footnotes":""},"class_list":["post-15308","page","type-page","status-publish","has-post-thumbnail","hentry"],"yoast_head":"<!-- This site is optimized with the Yoast SEO plugin v26.3 - https:\/\/yoast.com\/wordpress\/plugins\/seo\/ -->\n<title>Sp\u00e9cialit\u00e9 Marketing - \u062c\u0627\u0645\u0639\u0629 \u0645\u064a\u0644\u0629<\/title>\n<meta name=\"robots\" content=\"index, follow, max-snippet:-1, max-image-preview:large, max-video-preview:-1\" \/>\n<link rel=\"canonical\" href=\"https:\/\/www.univ-mila.dz\/?page_id=15308&lang=fr\" \/>\n<meta property=\"og:locale\" content=\"ar_AR\" \/>\n<meta property=\"og:type\" content=\"article\" \/>\n<meta property=\"og:title\" content=\"Sp\u00e9cialit\u00e9 Marketing - \u062c\u0627\u0645\u0639\u0629 \u0645\u064a\u0644\u0629\" \/>\n<meta property=\"og:description\" content=\"Informations g\u00e9n\u00e9rales :0772070393 :&#8230;&#8230;&#8230;&#8230;&#8230;&#8230;&#8230;&#8230;&#8230;.. :t.belhadj@centre-univ-mila.dz Cycle : Licence . Domaine : Sciences \u00e9conomiques, commerciales Et sciences de gestion. Fili\u00e8re : Sciences commerciales. Sp\u00e9cialit\u00e9 (Intitul\u00e9 de la formation) : Marketing Dur\u00e9e de la formation : 3 Ans. &nbsp; Pr\u00e9sentation de la formation Objectif de la formation Cette formation pr\u00e9sente les grands principes du marketing en accordant [&hellip;]\" \/>\n<meta property=\"og:url\" content=\"https:\/\/www.univ-mila.dz\/?page_id=15308&amp;lang=fr\" \/>\n<meta property=\"og:site_name\" content=\"\u062c\u0627\u0645\u0639\u0629 \u0645\u064a\u0644\u0629\" \/>\n<meta property=\"article:publisher\" content=\"https:\/\/www.facebook.com\/univmila\/\" \/>\n<meta property=\"article:modified_time\" content=\"2021-04-15T09:40:11+00:00\" \/>\n<meta property=\"og:image\" content=\"https:\/\/www.univ-mila.dz\/wp-content\/uploads\/2020\/06\/Economie-1.png\" \/>\n\t<meta property=\"og:image:width\" content=\"200\" \/>\n\t<meta property=\"og:image:height\" content=\"200\" \/>\n\t<meta property=\"og:image:type\" content=\"image\/png\" \/>\n<meta name=\"twitter:card\" content=\"summary_large_image\" \/>\n<meta name=\"twitter:site\" content=\"@univmila\" \/>\n<meta name=\"twitter:label1\" content=\"\u0648\u0642\u062a \u0627\u0644\u0642\u0631\u0627\u0621\u0629 \u0627\u0644\u0645\u064f\u0642\u062f\u0651\u0631\" \/>\n\t<meta name=\"twitter:data1\" content=\"3 \u062f\u0642\u0627\u0626\u0642\" \/>\n<script type=\"application\/ld+json\" class=\"yoast-schema-graph\">{\"@context\":\"https:\/\/schema.org\",\"@graph\":[{\"@type\":\"WebPage\",\"@id\":\"https:\/\/www.univ-mila.dz\/?page_id=15308&lang=fr\",\"url\":\"https:\/\/www.univ-mila.dz\/?page_id=15308&lang=fr\",\"name\":\"Sp\u00e9cialit\u00e9 Marketing - \u062c\u0627\u0645\u0639\u0629 \u0645\u064a\u0644\u0629\",\"isPartOf\":{\"@id\":\"https:\/\/www.univ-mila.dz\/#website\"},\"primaryImageOfPage\":{\"@id\":\"https:\/\/www.univ-mila.dz\/?page_id=15308&lang=fr#primaryimage\"},\"image\":{\"@id\":\"https:\/\/www.univ-mila.dz\/?page_id=15308&lang=fr#primaryimage\"},\"thumbnailUrl\":\"https:\/\/www.univ-mila.dz\/wp-content\/uploads\/2020\/06\/Economie-1.png\",\"datePublished\":\"2021-04-15T09:34:01+00:00\",\"dateModified\":\"2021-04-15T09:40:11+00:00\",\"breadcrumb\":{\"@id\":\"https:\/\/www.univ-mila.dz\/?page_id=15308&lang=fr#breadcrumb\"},\"inLanguage\":\"ar\",\"potentialAction\":[{\"@type\":\"ReadAction\",\"target\":[\"https:\/\/www.univ-mila.dz\/?page_id=15308&lang=fr\"]}]},{\"@type\":\"ImageObject\",\"inLanguage\":\"ar\",\"@id\":\"https:\/\/www.univ-mila.dz\/?page_id=15308&lang=fr#primaryimage\",\"url\":\"https:\/\/www.univ-mila.dz\/wp-content\/uploads\/2020\/06\/Economie-1.png\",\"contentUrl\":\"https:\/\/www.univ-mila.dz\/wp-content\/uploads\/2020\/06\/Economie-1.png\",\"width\":200,\"height\":200},{\"@type\":\"BreadcrumbList\",\"@id\":\"https:\/\/www.univ-mila.dz\/?page_id=15308&lang=fr#breadcrumb\",\"itemListElement\":[{\"@type\":\"ListItem\",\"position\":1,\"name\":\"Offres de formation\",\"item\":\"https:\/\/www.univ-mila.dz\/?page_id=7868&lang=fr\"},{\"@type\":\"ListItem\",\"position\":2,\"name\":\"Domaine Sciences \u00c9conomiques, de Gestion et Commerciales\",\"item\":\"https:\/\/www.univ-mila.dz\/?page_id=7875&lang=fr\"},{\"@type\":\"ListItem\",\"position\":3,\"name\":\"Sp\u00e9cialit\u00e9 Marketing\"}]},{\"@type\":\"WebSite\",\"@id\":\"https:\/\/www.univ-mila.dz\/#website\",\"url\":\"https:\/\/www.univ-mila.dz\/\",\"name\":\"\u062c\u0627\u0645\u0639\u0629 \u0639\u0628\u062f \u0627\u0644\u062d\u0641\u064a\u0638 \u0628\u0648\u0627\u0644\u0635\u0648\u0641\",\"description\":\"\u0645\u064a\u0644\u0629\",\"publisher\":{\"@id\":\"https:\/\/www.univ-mila.dz\/#organization\"},\"potentialAction\":[{\"@type\":\"SearchAction\",\"target\":{\"@type\":\"EntryPoint\",\"urlTemplate\":\"https:\/\/www.univ-mila.dz\/?s={search_term_string}\"},\"query-input\":{\"@type\":\"PropertyValueSpecification\",\"valueRequired\":true,\"valueName\":\"search_term_string\"}}],\"inLanguage\":\"ar\"},{\"@type\":\"Organization\",\"@id\":\"https:\/\/www.univ-mila.dz\/#organization\",\"name\":\"\u062c\u0627\u0645\u0639\u0629 \u0639\u0628\u062f \u0627\u0644\u062d\u0641\u064a\u0638 \u0628\u0648\u0627\u0644\u0635\u0648\u0641 - \u0645\u064a\u0644\u0629\",\"url\":\"https:\/\/www.univ-mila.dz\/\",\"logo\":{\"@type\":\"ImageObject\",\"inLanguage\":\"ar\",\"@id\":\"https:\/\/www.univ-mila.dz\/#\/schema\/logo\/image\/\",\"url\":\"http:\/\/www.centre-univ-mila.dz\/wp-content\/uploads\/2019\/02\/1416395352cumtransparent.png\",\"contentUrl\":\"http:\/\/www.centre-univ-mila.dz\/wp-content\/uploads\/2019\/02\/1416395352cumtransparent.png\",\"width\":208,\"height\":268,\"caption\":\"\u062c\u0627\u0645\u0639\u0629 \u0639\u0628\u062f \u0627\u0644\u062d\u0641\u064a\u0638 \u0628\u0648\u0627\u0644\u0635\u0648\u0641 - \u0645\u064a\u0644\u0629\"},\"image\":{\"@id\":\"https:\/\/www.univ-mila.dz\/#\/schema\/logo\/image\/\"},\"sameAs\":[\"https:\/\/www.facebook.com\/univmila\/\",\"https:\/\/x.com\/univmila\",\"https:\/\/www.youtube.com\/channel\/UC9--lQO1WBvXm38B70e9u5w\"]}]}<\/script>\n<!-- \/ Yoast SEO plugin. -->","yoast_head_json":{"title":"Sp\u00e9cialit\u00e9 Marketing - \u062c\u0627\u0645\u0639\u0629 \u0645\u064a\u0644\u0629","robots":{"index":"index","follow":"follow","max-snippet":"max-snippet:-1","max-image-preview":"max-image-preview:large","max-video-preview":"max-video-preview:-1"},"canonical":"https:\/\/www.univ-mila.dz\/?page_id=15308&lang=fr","og_locale":"ar_AR","og_type":"article","og_title":"Sp\u00e9cialit\u00e9 Marketing - \u062c\u0627\u0645\u0639\u0629 \u0645\u064a\u0644\u0629","og_description":"Informations g\u00e9n\u00e9rales :0772070393 :&#8230;&#8230;&#8230;&#8230;&#8230;&#8230;&#8230;&#8230;&#8230;.. :t.belhadj@centre-univ-mila.dz Cycle : Licence . Domaine : Sciences \u00e9conomiques, commerciales Et sciences de gestion. Fili\u00e8re : Sciences commerciales. Sp\u00e9cialit\u00e9 (Intitul\u00e9 de la formation) : Marketing Dur\u00e9e de la formation : 3 Ans. &nbsp; Pr\u00e9sentation de la formation Objectif de la formation Cette formation pr\u00e9sente les grands principes du marketing en accordant [&hellip;]","og_url":"https:\/\/www.univ-mila.dz\/?page_id=15308&lang=fr","og_site_name":"\u062c\u0627\u0645\u0639\u0629 \u0645\u064a\u0644\u0629","article_publisher":"https:\/\/www.facebook.com\/univmila\/","article_modified_time":"2021-04-15T09:40:11+00:00","og_image":[{"width":200,"height":200,"url":"https:\/\/www.univ-mila.dz\/wp-content\/uploads\/2020\/06\/Economie-1.png","type":"image\/png"}],"twitter_card":"summary_large_image","twitter_site":"@univmila","twitter_misc":{"\u0648\u0642\u062a \u0627\u0644\u0642\u0631\u0627\u0621\u0629 \u0627\u0644\u0645\u064f\u0642\u062f\u0651\u0631":"3 \u062f\u0642\u0627\u0626\u0642"},"schema":{"@context":"https:\/\/schema.org","@graph":[{"@type":"WebPage","@id":"https:\/\/www.univ-mila.dz\/?page_id=15308&lang=fr","url":"https:\/\/www.univ-mila.dz\/?page_id=15308&lang=fr","name":"Sp\u00e9cialit\u00e9 Marketing - \u062c\u0627\u0645\u0639\u0629 \u0645\u064a\u0644\u0629","isPartOf":{"@id":"https:\/\/www.univ-mila.dz\/#website"},"primaryImageOfPage":{"@id":"https:\/\/www.univ-mila.dz\/?page_id=15308&lang=fr#primaryimage"},"image":{"@id":"https:\/\/www.univ-mila.dz\/?page_id=15308&lang=fr#primaryimage"},"thumbnailUrl":"https:\/\/www.univ-mila.dz\/wp-content\/uploads\/2020\/06\/Economie-1.png","datePublished":"2021-04-15T09:34:01+00:00","dateModified":"2021-04-15T09:40:11+00:00","breadcrumb":{"@id":"https:\/\/www.univ-mila.dz\/?page_id=15308&lang=fr#breadcrumb"},"inLanguage":"ar","potentialAction":[{"@type":"ReadAction","target":["https:\/\/www.univ-mila.dz\/?page_id=15308&lang=fr"]}]},{"@type":"ImageObject","inLanguage":"ar","@id":"https:\/\/www.univ-mila.dz\/?page_id=15308&lang=fr#primaryimage","url":"https:\/\/www.univ-mila.dz\/wp-content\/uploads\/2020\/06\/Economie-1.png","contentUrl":"https:\/\/www.univ-mila.dz\/wp-content\/uploads\/2020\/06\/Economie-1.png","width":200,"height":200},{"@type":"BreadcrumbList","@id":"https:\/\/www.univ-mila.dz\/?page_id=15308&lang=fr#breadcrumb","itemListElement":[{"@type":"ListItem","position":1,"name":"Offres de formation","item":"https:\/\/www.univ-mila.dz\/?page_id=7868&lang=fr"},{"@type":"ListItem","position":2,"name":"Domaine Sciences \u00c9conomiques, de Gestion et Commerciales","item":"https:\/\/www.univ-mila.dz\/?page_id=7875&lang=fr"},{"@type":"ListItem","position":3,"name":"Sp\u00e9cialit\u00e9 Marketing"}]},{"@type":"WebSite","@id":"https:\/\/www.univ-mila.dz\/#website","url":"https:\/\/www.univ-mila.dz\/","name":"\u062c\u0627\u0645\u0639\u0629 \u0639\u0628\u062f \u0627\u0644\u062d\u0641\u064a\u0638 \u0628\u0648\u0627\u0644\u0635\u0648\u0641","description":"\u0645\u064a\u0644\u0629","publisher":{"@id":"https:\/\/www.univ-mila.dz\/#organization"},"potentialAction":[{"@type":"SearchAction","target":{"@type":"EntryPoint","urlTemplate":"https:\/\/www.univ-mila.dz\/?s={search_term_string}"},"query-input":{"@type":"PropertyValueSpecification","valueRequired":true,"valueName":"search_term_string"}}],"inLanguage":"ar"},{"@type":"Organization","@id":"https:\/\/www.univ-mila.dz\/#organization","name":"\u062c\u0627\u0645\u0639\u0629 \u0639\u0628\u062f \u0627\u0644\u062d\u0641\u064a\u0638 \u0628\u0648\u0627\u0644\u0635\u0648\u0641 - \u0645\u064a\u0644\u0629","url":"https:\/\/www.univ-mila.dz\/","logo":{"@type":"ImageObject","inLanguage":"ar","@id":"https:\/\/www.univ-mila.dz\/#\/schema\/logo\/image\/","url":"http:\/\/www.centre-univ-mila.dz\/wp-content\/uploads\/2019\/02\/1416395352cumtransparent.png","contentUrl":"http:\/\/www.centre-univ-mila.dz\/wp-content\/uploads\/2019\/02\/1416395352cumtransparent.png","width":208,"height":268,"caption":"\u062c\u0627\u0645\u0639\u0629 \u0639\u0628\u062f \u0627\u0644\u062d\u0641\u064a\u0638 \u0628\u0648\u0627\u0644\u0635\u0648\u0641 - \u0645\u064a\u0644\u0629"},"image":{"@id":"https:\/\/www.univ-mila.dz\/#\/schema\/logo\/image\/"},"sameAs":["https:\/\/www.facebook.com\/univmila\/","https:\/\/x.com\/univmila","https:\/\/www.youtube.com\/channel\/UC9--lQO1WBvXm38B70e9u5w"]}]}},"_links":{"self":[{"href":"https:\/\/www.univ-mila.dz\/index.php?rest_route=\/wp\/v2\/pages\/15308","targetHints":{"allow":["GET"]}}],"collection":[{"href":"https:\/\/www.univ-mila.dz\/index.php?rest_route=\/wp\/v2\/pages"}],"about":[{"href":"https:\/\/www.univ-mila.dz\/index.php?rest_route=\/wp\/v2\/types\/page"}],"author":[{"embeddable":true,"href":"https:\/\/www.univ-mila.dz\/index.php?rest_route=\/wp\/v2\/users\/1"}],"replies":[{"embeddable":true,"href":"https:\/\/www.univ-mila.dz\/index.php?rest_route=%2Fwp%2Fv2%2Fcomments&post=15308"}],"version-history":[{"count":4,"href":"https:\/\/www.univ-mila.dz\/index.php?rest_route=\/wp\/v2\/pages\/15308\/revisions"}],"predecessor-version":[{"id":15317,"href":"https:\/\/www.univ-mila.dz\/index.php?rest_route=\/wp\/v2\/pages\/15308\/revisions\/15317"}],"up":[{"embeddable":true,"href":"https:\/\/www.univ-mila.dz\/index.php?rest_route=\/wp\/v2\/pages\/7875"}],"wp:featuredmedia":[{"embeddable":true,"href":"https:\/\/www.univ-mila.dz\/index.php?rest_route=\/wp\/v2\/media\/7780"}],"wp:attachment":[{"href":"https:\/\/www.univ-mila.dz\/index.php?rest_route=%2Fwp%2Fv2%2Fmedia&parent=15308"}],"curies":[{"name":"wp","href":"https:\/\/api.w.org\/{rel}","templated":true}]}}