{"id":1419,"date":"2019-11-17T22:55:25","date_gmt":"2019-11-17T19:55:25","guid":{"rendered":"https:\/\/www.univ-mila.dz?page_id=1419"},"modified":"2025-10-27T14:26:04","modified_gmt":"2025-10-27T13:26:04","slug":"procedures-administratives-et-pedagogiques","status":"publish","type":"page","link":"https:\/\/www.univ-mila.dz\/?page_id=1419&lang=fr","title":{"rendered":"Proc\u00e9dures administratives et p\u00e9dagogiques"},"content":{"rendered":"<p>[vc_row][vc_column][vc_column_text]<p>[\/vc_column_text][\/vc_column][\/vc_row][vc_tta_tour style=&#8221;modern&#8221; color=&#8221;sky&#8221; active_section=&#8221;1&#8243; title=&#8221;Proc\u00e9dures administratives et p\u00e9dagogiques&#8221;][vc_tta_section title=&#8221;Inscriptions des nouveaux bachelier&#8221; tab_id=&#8221;1&#8243;][vc_column_text]Inscriptions des nouveaux bacheliers: Constitution de dossier &#8211; Attestation d\u2019affectation. &#8211; Formulaire d\u2019information &#8211; Relev\u00e9 de note originale du Baccalaur\u00e9at. &#8211; 02 Copies de relev\u00e9 de note du Baccalaur\u00e9at. &#8211; 02 Extraits de naissance. &#8211; 02 Photos d\u2019identit\u00e9 r\u00e9centes. &#8211; Quittance des droits d&#8217;inscriptions 200DA. Inscriptions avec un bac ant\u00e9rieur non utilis\u00e9 Constitution de dossier &#8211; Formulaire de demande d\u2019inscription &#8211; 01Copie de relev\u00e9 de note du Baccalaur\u00e9at. Dossier \u00e0 compl\u00e9ter si l\u2019avis est favorable -Formulaire d\u2019information &#8211; Relev\u00e9 de note originale du Baccalaur\u00e9at + 02 Copies. &#8211; 02 Extraits de naissance. &#8211; 04 Photos d\u2019identit\u00e9 r\u00e9centes. &#8211; Quittance des droits d&#8217;inscriptions 200DA.[\/vc_column_text][\/vc_tta_section][vc_tta_section title=&#8221;Inscriptions apr\u00e8s cong\u00e9 ou R\u00e9int\u00e9gration&#8221; tab_id=&#8221;2&#8243;][vc_column_text]Inscriptions apr\u00e8s cong\u00e9 acad\u00e9mique : Constitution de dossier -03 Copies de demande d\u2019inscription -01 Copie de l\u2019attestation de cong\u00e9 acad\u00e9mique. &#8211; 02 Photos d\u2019identit\u00e9 r\u00e9centes. -Quittance des droits d&#8217;inscriptions 200DA. R\u00e9int\u00e9gration apr\u00e8s l&#8217;interruption: Constitution de dossier -03 Copies de la demande de r\u00e9int\u00e9gration &#8211; Justification de l&#8217;interruption(tout document jug\u00e9 n\u00e9cessaire par l&#8217;\u00e9tudiant). &#8211; Quitus(biblioth\u00e8que) + 01 Copie de la carte Etudiant. Dossier \u00e0 compl\u00e9ter si l\u2019avis est favorable &#8211; 02 Photos d\u2019identit\u00e9 r\u00e9centes+ Carte Etudiant originale. -Quittance des droits d&#8217;inscriptions 200DA.[\/vc_column_text][\/vc_tta_section][vc_tta_section title=&#8221;Transfert interne ou externe&#8221; tab_id=&#8221;3&#8243;][vc_column_text]Transfert interne (entre instituts ou entre d\u00e9partements) : Constitution de dossier -03 Copies de la demande de transfert interne &#8211; 01 Copie de l\u2019attestation d\u2019inscription de l\u2019ann\u00e9e en cours. &#8211; 01 Copie de relev\u00e9 de note du Baccalaur\u00e9at. &#8211; Quitus (biblioth\u00e8que). Dossier \u00e0 compl\u00e9ter si l\u2019avis est favorable &#8211; 01 Extrait de naissance. &#8211; 02 Photos d\u2019identit\u00e9 r\u00e9centes. &#8211; Carte Etudiant +certificat scolarit\u00e9 (originaux). Transfert vers l&#8217;universit\u00e9 Abdelhafid boussouf \u2013 Mila : Constitution de dossier &#8211; 03 Copies de la demande de transfert &#8211; 01 Copie de l\u2019attestation d\u2019inscription de l\u2019ann\u00e9e en cours. &#8211; 01 Copie de relev\u00e9 de note du Baccalaur\u00e9at. &#8211; 01 Copie de relev\u00e9 de note pour toutes les ann\u00e9es d&#8217;\u00e9tudes. &#8211; Justification du transfert (tout document jug\u00e9 n\u00e9cessaire par l&#8217;\u00e9tudiant). Dossier \u00e0 compl\u00e9ter si l\u2019avis est favorable -Formulaire d\u2019information &#8211; Formulaire de la demande de transfert sign\u00e9 et cach\u00e9 par l\u2019\u00e9tablissement d\u2019origine et par l\u2019\u00e9tablissement d\u2019accueil. &#8211; 02 Extraits de naissance. &#8211; Relev\u00e9 de note originale du Baccalaur\u00e9at + 02 copies. -01 Copie de l\u2019attestation d\u2019inscription de l\u2019ann\u00e9e en cours. -01 Copie de relev\u00e9 de note pour toutes les ann\u00e9es d&#8217;\u00e9tudes. -04 Photos d\u2019identit\u00e9. -Quittance des droits d&#8217;inscriptions 200DA.[\/vc_column_text][\/vc_tta_section][vc_tta_section title=&#8221;R\u00e9orientation&#8221; tab_id=&#8221;4&#8243;][vc_column_text]R\u00e9orientation vers l&#8217;universit\u00e9 Abdelhafid boussouf \u2013 Mila : Constitution de dossier &#8211; L\u2019originale de la d\u00e9cision de r\u00e9orientation (sign\u00e9 par le pr\u00e9sident de la conf\u00e9rence r\u00e9gionale des universit\u00e9s de l&#8217;Est + 02 copies. &#8211; Relev\u00e9 de note originale du Baccalaur\u00e9at + 02 copies. &#8211; 02Copies de relev\u00e9 de note pour toutes les ann\u00e9es d&#8217;\u00e9tudes. &#8211; Formulaire d\u2019information &#8211; 02 Extraits de naissance. &#8211; 04 Photos d\u2019identit\u00e9 r\u00e9centes. &#8211; Quittance des droits d&#8217;inscriptions 200DA (Seulement si l\u2019avis et favorable). Transfert vers d\u2019autres \u00e9tablissements universitaires : Constituer le dossier suivant et d\u00e9pos\u00e9e le \u00e0 l\u2019\u00e9tablissement d\u2019accueil. &#8211; 03 Copies de la demande de transfert &#8211; 01 Copie de l\u2019attestation d\u2019inscription de l\u2019ann\u00e9e en cours. &#8211; 01 Copie de relev\u00e9 de note du Baccalaur\u00e9at. &#8211; 01 Copie de relev\u00e9 de note pour toutes les ann\u00e9es d&#8217;\u00e9tudes. &#8211; 01 Copie de Relev\u00e9 de Note pour des ann\u00e9es d&#8217;\u00e9tudes. -Justification du transfert: tout document jug\u00e9 n\u00e9cessaire par l&#8217;\u00e9tudiant. Si l\u2019avis est favorable Constituer le dossier suivant et d\u00e9pos\u00e9e le \u00e0 l\u2019\u00e9tablissement d\u2019origine. &#8211; les 03 Copies de la demande de transfert sign\u00e9 par l\u2019\u00e9tablissement d\u2019accueil. &#8211; Quitus Etudiant: \u00e0 renseigner et faire signer par les diff\u00e9rents services de l\u2019universit\u00e9 et de la direction des \u0153uvres universitaires. &#8211; Carte Etudiant + certificat scolarit\u00e9(originaux).[\/vc_column_text][\/vc_tta_section][vc_tta_section title=&#8221;L\u2019obtention d\u2019un cong\u00e9 acad\u00e9mique&#8221; tab_id=&#8221;5&#8243;][vc_column_text]Constitution de dossier &#8211; Formulaire de la demande de cong\u00e9a cad\u00e9mique &#8211; 01 Copie de l\u2019attestation d\u2019inscription de l\u2019ann\u00e9e en cours. -Justification de la demande de cong\u00e9 acad\u00e9mique:tout document jug\u00e9 n\u00e9cessaire par l&#8217;\u00e9tudiant. Dossier \u00e0 compl\u00e9ter si l\u2019avis est favorable -Quitus Etudiant : \u00e0 renseigner et faire signer par les diff\u00e9rents services de l\u2019universit\u00e9 et de la direction des \u0153uvres universitaires. &#8211; Carte Etudiant + certificat scolarit\u00e9(originaux).[\/vc_column_text][\/vc_tta_section][vc_tta_section title=&#8221;Retrait de relev\u00e9 de note du Baccalaur\u00e9at&#8221; tab_id=&#8221;6&#8243;][vc_column_text]Constitution de dossier (Annulationd&#8217;inscription) -Demande de retrait &#8211; Bon de r\u00e9ception de relev\u00e9 de note du Baccalaur\u00e9at originale (Sign\u00e9 Par L\u2019APC &#8211; Quitus \u00c9tudiant: \u00e0 renseigner et faire sign\u00e9 par les diff\u00e9rents services de l\u2019universit\u00e9 et de la direction des \u0153uvresuniversitaires. &#8211; Carte Etudiant originale. 1.Casdes dipl\u00f4m\u00e9s &#8211; D\u00e9claration sur l\u2019honneur \u00e9galis\u00e9e par l\u2019APC -01 Copie des dipl\u00f4mes obtenus.[\/vc_column_text][\/vc_tta_section][vc_tta_section title=&#8221;Retrait de dossier d\u2019Inscription en master&#8221; tab_id=&#8221;7&#8243;][vc_column_text]Retrait de dossier d\u2019Inscription en master : &#8211; Bon de r\u00e9ception (sign\u00e9par L\u2019APC &#8211; Quitus Etudiant: \u00e0 renseigner et faire sign\u00e9 par les diff\u00e9rents services de l\u2019universit\u00e9 et de la Direction des \u0153uvresuniversitaires. &#8211; Carte Etudiant originale.[\/vc_column_text][\/vc_tta_section][vc_tta_section 0=&#8221;title=&#8220;`{`vc_tta_section&#8221; title=&#8221;Correction de relev\u00e9 de note du Baccalaur\u00e9at&#8221; tab_id=&#8221;8&#8243;][vc_column_text]Constitution de dossier &#8211; Bon de r\u00e9ception de relev\u00e9 de note du Baccalaur\u00e9at originale (Sign\u00e9 Par L\u2019APC) &#8211; Attestation du Baccalaur\u00e9at originale. &#8211; 01 Copie de l\u2019extrait de Naissance S12. &#8211; 01 Extrait de naissance N\u00b007 ou N\u00b014. &#8211; Attestation d\u2019inscription de l\u2019ann\u00e9e en cours. &#8211; Copie \u00e9galis\u00e9e de la d\u00e9cision du tribunal (optionel). &#8211; Copie \u00e9galis\u00e9e de la correction administrative (optionel).[\/vc_column_text][\/vc_tta_section][vc_tta_section 0=&#8221;title=&#8220;`{`vc_tta_section&#8221; title=&#8221;Fin d\u2019\u00e9tudes pour les dipl\u00f4m\u00e9s&#8221; tab_id=&#8221;9&#8243;][vc_column_text]- Demande manuscrite licence -Quitus final pour les dipl\u00f4m\u00e9s &#8211; licence &#8211; Demande manuscrite pour les dipl\u00f4m\u00e9s -master &#8211; Quitus final pour les dipl\u00f4m\u00e9s &#8211; master &#8211; D\u00e9claration sur l\u2019honneur pour les dipl\u00f4m\u00e9s &#8211; master -01 Copie de relev\u00e9 de note du Baccalaur\u00e9at. -01 Extrait de naissance originale. -Carte Etudiant originale.[\/vc_column_text][\/vc_tta_section][\/vc_tta_tour][vc_row][vc_column][vc_column_text]<\/p>\n[\/vc_column_text][\/vc_column][\/vc_row]<\/p>","protected":false},"excerpt":{"rendered":"<p>[vc_row][vc_column][vc_column_text][\/vc_column_text][\/vc_column][\/vc_row]<\/p>\n","protected":false},"author":1,"featured_media":0,"parent":0,"menu_order":0,"comment_status":"closed","ping_status":"closed","template":"","meta":{"footnotes":""},"class_list":["post-1419","page","type-page","status-publish","hentry"],"yoast_head":"<!-- This site is optimized with the Yoast SEO plugin v26.3 - https:\/\/yoast.com\/wordpress\/plugins\/seo\/ -->\n<title>Proc\u00e9dures administratives et p\u00e9dagogiques - \u062c\u0627\u0645\u0639\u0629 \u0645\u064a\u0644\u0629<\/title>\n<meta name=\"robots\" content=\"index, follow, max-snippet:-1, max-image-preview:large, max-video-preview:-1\" \/>\n<link rel=\"canonical\" href=\"https:\/\/www.univ-mila.dz\/?page_id=1419&lang=fr\" \/>\n<meta property=\"og:locale\" content=\"ar_AR\" \/>\n<meta property=\"og:type\" content=\"article\" \/>\n<meta property=\"og:title\" content=\"Proc\u00e9dures administratives et p\u00e9dagogiques - \u062c\u0627\u0645\u0639\u0629 \u0645\u064a\u0644\u0629\" \/>\n<meta property=\"og:description\" content=\"[vc_row][vc_column][vc_column_text][\/vc_column_text][\/vc_column][\/vc_row]\" \/>\n<meta property=\"og:url\" content=\"https:\/\/www.univ-mila.dz\/?page_id=1419&amp;lang=fr\" \/>\n<meta property=\"og:site_name\" content=\"\u062c\u0627\u0645\u0639\u0629 \u0645\u064a\u0644\u0629\" \/>\n<meta property=\"article:publisher\" content=\"https:\/\/www.facebook.com\/univmila\/\" \/>\n<meta property=\"article:modified_time\" content=\"2025-10-27T13:26:04+00:00\" \/>\n<meta name=\"twitter:card\" content=\"summary_large_image\" \/>\n<meta name=\"twitter:site\" content=\"@univmila\" \/>\n<meta name=\"twitter:label1\" content=\"\u0648\u0642\u062a \u0627\u0644\u0642\u0631\u0627\u0621\u0629 \u0627\u0644\u0645\u064f\u0642\u062f\u0651\u0631\" \/>\n\t<meta name=\"twitter:data1\" content=\"6 \u062f\u0642\u0627\u0626\u0642\" \/>\n<script type=\"application\/ld+json\" class=\"yoast-schema-graph\">{\"@context\":\"https:\/\/schema.org\",\"@graph\":[{\"@type\":\"WebPage\",\"@id\":\"https:\/\/www.univ-mila.dz\/?page_id=1419&lang=fr\",\"url\":\"https:\/\/www.univ-mila.dz\/?page_id=1419&lang=fr\",\"name\":\"Proc\u00e9dures administratives et p\u00e9dagogiques - \u062c\u0627\u0645\u0639\u0629 \u0645\u064a\u0644\u0629\",\"isPartOf\":{\"@id\":\"https:\/\/www.univ-mila.dz\/#website\"},\"datePublished\":\"2019-11-17T19:55:25+00:00\",\"dateModified\":\"2025-10-27T13:26:04+00:00\",\"inLanguage\":\"ar\",\"potentialAction\":[{\"@type\":\"ReadAction\",\"target\":[\"https:\/\/www.univ-mila.dz\/?page_id=1419&lang=fr\"]}]},{\"@type\":\"WebSite\",\"@id\":\"https:\/\/www.univ-mila.dz\/#website\",\"url\":\"https:\/\/www.univ-mila.dz\/\",\"name\":\"\u062c\u0627\u0645\u0639\u0629 \u0639\u0628\u062f \u0627\u0644\u062d\u0641\u064a\u0638 \u0628\u0648\u0627\u0644\u0635\u0648\u0641\",\"description\":\"\u0645\u064a\u0644\u0629\",\"publisher\":{\"@id\":\"https:\/\/www.univ-mila.dz\/#organization\"},\"potentialAction\":[{\"@type\":\"SearchAction\",\"target\":{\"@type\":\"EntryPoint\",\"urlTemplate\":\"https:\/\/www.univ-mila.dz\/?s={search_term_string}\"},\"query-input\":{\"@type\":\"PropertyValueSpecification\",\"valueRequired\":true,\"valueName\":\"search_term_string\"}}],\"inLanguage\":\"ar\"},{\"@type\":\"Organization\",\"@id\":\"https:\/\/www.univ-mila.dz\/#organization\",\"name\":\"\u062c\u0627\u0645\u0639\u0629 \u0639\u0628\u062f \u0627\u0644\u062d\u0641\u064a\u0638 \u0628\u0648\u0627\u0644\u0635\u0648\u0641 - \u0645\u064a\u0644\u0629\",\"url\":\"https:\/\/www.univ-mila.dz\/\",\"logo\":{\"@type\":\"ImageObject\",\"inLanguage\":\"ar\",\"@id\":\"https:\/\/www.univ-mila.dz\/#\/schema\/logo\/image\/\",\"url\":\"http:\/\/www.centre-univ-mila.dz\/wp-content\/uploads\/2019\/02\/1416395352cumtransparent.png\",\"contentUrl\":\"http:\/\/www.centre-univ-mila.dz\/wp-content\/uploads\/2019\/02\/1416395352cumtransparent.png\",\"width\":208,\"height\":268,\"caption\":\"\u062c\u0627\u0645\u0639\u0629 \u0639\u0628\u062f \u0627\u0644\u062d\u0641\u064a\u0638 \u0628\u0648\u0627\u0644\u0635\u0648\u0641 - \u0645\u064a\u0644\u0629\"},\"image\":{\"@id\":\"https:\/\/www.univ-mila.dz\/#\/schema\/logo\/image\/\"},\"sameAs\":[\"https:\/\/www.facebook.com\/univmila\/\",\"https:\/\/x.com\/univmila\",\"https:\/\/www.youtube.com\/channel\/UC9--lQO1WBvXm38B70e9u5w\"]}]}<\/script>\n<!-- \/ Yoast SEO plugin. -->","yoast_head_json":{"title":"Proc\u00e9dures administratives et p\u00e9dagogiques - \u062c\u0627\u0645\u0639\u0629 \u0645\u064a\u0644\u0629","robots":{"index":"index","follow":"follow","max-snippet":"max-snippet:-1","max-image-preview":"max-image-preview:large","max-video-preview":"max-video-preview:-1"},"canonical":"https:\/\/www.univ-mila.dz\/?page_id=1419&lang=fr","og_locale":"ar_AR","og_type":"article","og_title":"Proc\u00e9dures administratives et p\u00e9dagogiques - \u062c\u0627\u0645\u0639\u0629 \u0645\u064a\u0644\u0629","og_description":"[vc_row][vc_column][vc_column_text][\/vc_column_text][\/vc_column][\/vc_row]","og_url":"https:\/\/www.univ-mila.dz\/?page_id=1419&lang=fr","og_site_name":"\u062c\u0627\u0645\u0639\u0629 \u0645\u064a\u0644\u0629","article_publisher":"https:\/\/www.facebook.com\/univmila\/","article_modified_time":"2025-10-27T13:26:04+00:00","twitter_card":"summary_large_image","twitter_site":"@univmila","twitter_misc":{"\u0648\u0642\u062a \u0627\u0644\u0642\u0631\u0627\u0621\u0629 \u0627\u0644\u0645\u064f\u0642\u062f\u0651\u0631":"6 \u062f\u0642\u0627\u0626\u0642"},"schema":{"@context":"https:\/\/schema.org","@graph":[{"@type":"WebPage","@id":"https:\/\/www.univ-mila.dz\/?page_id=1419&lang=fr","url":"https:\/\/www.univ-mila.dz\/?page_id=1419&lang=fr","name":"Proc\u00e9dures administratives et p\u00e9dagogiques - \u062c\u0627\u0645\u0639\u0629 \u0645\u064a\u0644\u0629","isPartOf":{"@id":"https:\/\/www.univ-mila.dz\/#website"},"datePublished":"2019-11-17T19:55:25+00:00","dateModified":"2025-10-27T13:26:04+00:00","inLanguage":"ar","potentialAction":[{"@type":"ReadAction","target":["https:\/\/www.univ-mila.dz\/?page_id=1419&lang=fr"]}]},{"@type":"WebSite","@id":"https:\/\/www.univ-mila.dz\/#website","url":"https:\/\/www.univ-mila.dz\/","name":"\u062c\u0627\u0645\u0639\u0629 \u0639\u0628\u062f \u0627\u0644\u062d\u0641\u064a\u0638 \u0628\u0648\u0627\u0644\u0635\u0648\u0641","description":"\u0645\u064a\u0644\u0629","publisher":{"@id":"https:\/\/www.univ-mila.dz\/#organization"},"potentialAction":[{"@type":"SearchAction","target":{"@type":"EntryPoint","urlTemplate":"https:\/\/www.univ-mila.dz\/?s={search_term_string}"},"query-input":{"@type":"PropertyValueSpecification","valueRequired":true,"valueName":"search_term_string"}}],"inLanguage":"ar"},{"@type":"Organization","@id":"https:\/\/www.univ-mila.dz\/#organization","name":"\u062c\u0627\u0645\u0639\u0629 \u0639\u0628\u062f \u0627\u0644\u062d\u0641\u064a\u0638 \u0628\u0648\u0627\u0644\u0635\u0648\u0641 - \u0645\u064a\u0644\u0629","url":"https:\/\/www.univ-mila.dz\/","logo":{"@type":"ImageObject","inLanguage":"ar","@id":"https:\/\/www.univ-mila.dz\/#\/schema\/logo\/image\/","url":"http:\/\/www.centre-univ-mila.dz\/wp-content\/uploads\/2019\/02\/1416395352cumtransparent.png","contentUrl":"http:\/\/www.centre-univ-mila.dz\/wp-content\/uploads\/2019\/02\/1416395352cumtransparent.png","width":208,"height":268,"caption":"\u062c\u0627\u0645\u0639\u0629 \u0639\u0628\u062f \u0627\u0644\u062d\u0641\u064a\u0638 \u0628\u0648\u0627\u0644\u0635\u0648\u0641 - \u0645\u064a\u0644\u0629"},"image":{"@id":"https:\/\/www.univ-mila.dz\/#\/schema\/logo\/image\/"},"sameAs":["https:\/\/www.facebook.com\/univmila\/","https:\/\/x.com\/univmila","https:\/\/www.youtube.com\/channel\/UC9--lQO1WBvXm38B70e9u5w"]}]}},"_links":{"self":[{"href":"https:\/\/www.univ-mila.dz\/index.php?rest_route=\/wp\/v2\/pages\/1419","targetHints":{"allow":["GET"]}}],"collection":[{"href":"https:\/\/www.univ-mila.dz\/index.php?rest_route=\/wp\/v2\/pages"}],"about":[{"href":"https:\/\/www.univ-mila.dz\/index.php?rest_route=\/wp\/v2\/types\/page"}],"author":[{"embeddable":true,"href":"https:\/\/www.univ-mila.dz\/index.php?rest_route=\/wp\/v2\/users\/1"}],"replies":[{"embeddable":true,"href":"https:\/\/www.univ-mila.dz\/index.php?rest_route=%2Fwp%2Fv2%2Fcomments&post=1419"}],"version-history":[{"count":26,"href":"https:\/\/www.univ-mila.dz\/index.php?rest_route=\/wp\/v2\/pages\/1419\/revisions"}],"predecessor-version":[{"id":32740,"href":"https:\/\/www.univ-mila.dz\/index.php?rest_route=\/wp\/v2\/pages\/1419\/revisions\/32740"}],"wp:attachment":[{"href":"https:\/\/www.univ-mila.dz\/index.php?rest_route=%2Fwp%2Fv2%2Fmedia&parent=1419"}],"curies":[{"name":"wp","href":"https:\/\/api.w.org\/{rel}","templated":true}]}}