{"id":1361,"date":"2019-11-15T22:22:03","date_gmt":"2019-11-15T19:22:03","guid":{"rendered":"https:\/\/www.univ-mila.dz?page_id=1361"},"modified":"2025-10-27T12:08:00","modified_gmt":"2025-10-27T11:08:00","slug":"maison","status":"publish","type":"page","link":"https:\/\/www.univ-mila.dz\/?page_id=1361&lang=fr","title":{"rendered":"Maison Entrepreneuriat"},"content":{"rendered":"<p>[vc_column][\/vc_column][vc_row][vc_column][vc_single_image image=&#8221;2862&#8243; img_size=&#8221;&#8221; alignment=&#8221;center&#8221; style=&#8221;vc_box_shadow_border_circle&#8221;][vc_column_text]<\/p>\n<div class=\"noteright\">\n<p style=\"text-align: left;\" title=\"Si\u00e8ge\">[wp-svg-icons icon=&#8221;office&#8221; wrap=&#8221;span&#8221;]: <span style=\"color: #800000;\"><strong>Rectorat 4\u00e8me \u00e9tage<\/strong><\/span><\/p>\n<p style=\"text-align: left;\" title=\"Courriel\"><span style=\"color: #800000;\"><span style=\"color: #333333;\"><a style=\"color: #333333;\" href=\"mailto:maison.entreprenariat@centre-univ-mila.dz\"><i class=\"fa fa-envelope\"><\/i>: <\/a><\/span><strong style=\"color: #800000;\"><a style=\"color: #800000;\" href=\"mailto:maison.entreprenariat@centre-univ-mila.dz\">maison.entreprenariat@centre-univ-mila.dz<\/a><\/strong><\/span><\/p>\n<p style=\"text-align: left;\" title=\"Facebook\">[wp-svg-icons icon=&#8221;facebook&#8221; wrap=&#8221;span&#8221;]: <a href=\"http:\/\/www.facebook.com\/maison_delentrepreneuriat43\"><span style=\"color: #800000;\"><strong>www.facebook.com\/maison_delentrepreneuriat43<\/strong><\/span><\/a><\/p>\n<p style=\"text-align: left;\" title=\"Twitter\">[wp-svg-icons icon=&#8221;twitter&#8221; wrap=&#8221;span&#8221;]: <a href=\"http:\/\/www.twitter.com\/mais_entrepreun\"><span style=\"color: #800000;\"><strong>www.twitter.com\/mais_entrepreun<\/strong><\/span><\/a><\/p>\n<\/div>\n<p>L\u2019Alg\u00e9rie compte des dizaines de p\u00f4les universitaires repartis sur l\u2019ensemble du territoire national, au sein desquels sont dispens\u00e9s des enseignements dans diverses sp\u00e9cialit\u00e9s, \u00e0 1.300.000 \u00e9tudiants.<\/p>\n<p>Ce riche potentiel m\u00e9rite d\u2019\u00eatre mobilis\u00e9 pour une participation active au d\u00e9veloppement \u00e9conomique et social du pays.<\/p>\n<p>Dans cette perspective, la voie qui s\u2019impose de plus en plus, s\u2019av\u00e8re \u00eatre la cr\u00e9ation d\u2019entreprises.<\/p>\n<p class=\"textheader\">La maison de l\u2019entrepreneuriat, c\u2019est quoi ? et d\u2019abord, pourquoi le choix du terme \u00ab maison \u00bb ?<\/p>\n<p>Le mot \u00ab maison \u00bb se d\u00e9marque de celui de centre ou d\u2019institut qui renvoient beaucoup plus \u00e0 des structures acad\u00e9miques, d\u2019enseignement traditionnel.<\/p>\n<p>Le mot maison \u00e9voque une structure conviviale, o\u00f9 l\u2019ambiance est agr\u00e9able et propice \u00e0 l\u2019\u00e9change d\u2019id\u00e9es et au d\u00e9veloppement de l\u2019esprit d\u2019initiative.<\/p>\n<p class=\"textheader\">Fonctions de la maison de l\u2019entrepreneuriat<\/p>\n<p>La premi\u00e8re fonction de la maison de l\u2019entrepreneuriat est donc la sensibilisation \u00e0 l\u2019entrepreneuriat. Elle a pour but d\u2019activer l\u2019intention entrepreneuriale des \u00e9tudiants \u00e0 travers des programmes de sensibilisation et de diffusion de la culture entrepreneuriale.<\/p>\n<p>La deuxi\u00e8me fonction de la maison de l\u2019entrepreneuriat consiste dans le pr\u00e9-accompagnement des \u00e9tudiants et des chercheurs porteurs d\u2019id\u00e9es de projets.<\/p>\n<p>Cette fonction permet de pr\u00e9parer les \u00e9tudiants \u00e0 franchir le pas vers la cr\u00e9ation de leur propre micro-entreprise, \u00e0 travers le dispositif de l\u2019ANSEJ.<\/p>\n<p class=\"textheader\">Activit\u00e9s de la maison de l\u2019entrepreneuriat<\/p>\n<p>Les actions r\u00e9alis\u00e9es par la maison de l\u2019entrepreneuriat s\u2019appuient sur un programme annuel d\u00e9clin\u00e9 ainsi :<\/p>\n<ul>\n<li>journ\u00e9es d\u2019information et de sensibilisation, \u00e0 caract\u00e8re g\u00e9n\u00e9ral ;<\/li>\n<li>journ\u00e9es d\u2019\u00e9tudes organis\u00e9es par facult\u00e9 ;<\/li>\n<li>universit\u00e9s d\u2019\u00e9t\u00e9 : cursus sur la cr\u00e9ation d\u2019entreprise, avec la participation des partenaires de l\u2019ANSEJ ;<\/li>\n<li>tables rondes th\u00e9matiques ;<\/li>\n<li>modules sur la d\u00e9marche entrepreneuriale et le business plan ;<\/li>\n<li>concours des meilleurs business plan.<\/li>\n<\/ul>\n<p class=\"textheader\">Organisation de la maison de l\u2019entrepreneuriat<\/p>\n<p>L\u2019organisation de la maison de l\u2019entrepreneuriat s\u2019articule autour d\u2019un comit\u00e9 de pilotage comprenant, un directeur universitaire et deux animateurs dont deux enseignants universitaires et un accompagnateur de l\u2019ANSEJ.<\/p>\n<p class=\"textheader\">G\u00e9n\u00e9ralisation du concept<\/p>\n<p>La premi\u00e8re maison de l\u2019entrepreneuriat a \u00e9t\u00e9 cr\u00e9\u00e9e, en 2007, \u00e0 l\u2019universit\u00e9 de Constantine.<\/p>\n<p>L\u2019ann\u00e9e 2014 a connu la g\u00e9n\u00e9ralisation du concept de maison de l\u2019entrepreneuriat, au niveau des universit\u00e9s et des Grandes Ecoles, \u00e0 travers le territoire national.<\/p>\n<p class=\"textheader\">Partenariat<\/p>\n<p>Des passerelles sont jet\u00e9es entre les maisons de l\u2019entrepreneuriat et d\u2019autres organismes d\u2019aide aux projets innovants (parcs technologiques, incubateurs, cellules de valorisation des r\u00e9sultats de la recherche et du d\u00e9veloppement technologique), pour la cr\u00e9ation d\u2019un maillage territorial favorisant et accompagnant une dynamique de d\u00e9veloppement local.<\/p>\n<p>[\/vc_column_text][\/vc_column][\/vc_row]<\/p>\n","protected":false},"excerpt":{"rendered":"<p>[vc_column][\/vc_column][vc_row][vc_column][vc_single_image image=&#8221;2862&#8243; img_size=&#8221;&#8221; alignment=&#8221;center&#8221; style=&#8221;vc_box_shadow_border_circle&#8221;][vc_column_text] [wp-svg-icons icon=&#8221;office&#8221; wrap=&#8221;span&#8221;]: Rectorat 4\u00e8me \u00e9tage : maison.entreprenariat@centre-univ-mila.dz [wp-svg-icons icon=&#8221;facebook&#8221; wrap=&#8221;span&#8221;]: www.facebook.com\/maison_delentrepreneuriat43 [wp-svg-icons icon=&#8221;twitter&#8221; wrap=&#8221;span&#8221;]: www.twitter.com\/mais_entrepreun L\u2019Alg\u00e9rie compte des dizaines de p\u00f4les universitaires repartis sur l\u2019ensemble du territoire national, au sein desquels sont dispens\u00e9s des enseignements dans diverses sp\u00e9cialit\u00e9s, \u00e0 1.300.000 \u00e9tudiants. Ce riche potentiel m\u00e9rite d\u2019\u00eatre mobilis\u00e9 pour une [&hellip;]<\/p>\n","protected":false},"author":1,"featured_media":0,"parent":0,"menu_order":0,"comment_status":"closed","ping_status":"closed","template":"","meta":{"footnotes":""},"class_list":["post-1361","page","type-page","status-publish","hentry"],"yoast_head":"<!-- This site is optimized with the Yoast SEO plugin v26.3 - https:\/\/yoast.com\/wordpress\/plugins\/seo\/ -->\n<title>Maison Entrepreneuriat - \u062c\u0627\u0645\u0639\u0629 \u0645\u064a\u0644\u0629<\/title>\n<meta name=\"robots\" content=\"index, follow, max-snippet:-1, max-image-preview:large, max-video-preview:-1\" \/>\n<link rel=\"canonical\" href=\"https:\/\/www.univ-mila.dz\/?page_id=1361&lang=fr\" \/>\n<meta property=\"og:locale\" content=\"ar_AR\" \/>\n<meta property=\"og:type\" content=\"article\" \/>\n<meta property=\"og:title\" content=\"Maison Entrepreneuriat - \u062c\u0627\u0645\u0639\u0629 \u0645\u064a\u0644\u0629\" \/>\n<meta property=\"og:description\" content=\"[vc_column][\/vc_column][vc_row][vc_column][vc_single_image image=&#8221;2862&#8243; img_size=&#8221;&#8221; alignment=&#8221;center&#8221; style=&#8221;vc_box_shadow_border_circle&#8221;][vc_column_text] [wp-svg-icons icon=&#8221;office&#8221; wrap=&#8221;span&#8221;]: Rectorat 4\u00e8me \u00e9tage : maison.entreprenariat@centre-univ-mila.dz [wp-svg-icons icon=&#8221;facebook&#8221; wrap=&#8221;span&#8221;]: www.facebook.com\/maison_delentrepreneuriat43 [wp-svg-icons icon=&#8221;twitter&#8221; wrap=&#8221;span&#8221;]: www.twitter.com\/mais_entrepreun L\u2019Alg\u00e9rie compte des dizaines de p\u00f4les universitaires repartis sur l\u2019ensemble du territoire national, au sein desquels sont dispens\u00e9s des enseignements dans diverses sp\u00e9cialit\u00e9s, \u00e0 1.300.000 \u00e9tudiants. Ce riche potentiel m\u00e9rite d\u2019\u00eatre mobilis\u00e9 pour une [&hellip;]\" \/>\n<meta property=\"og:url\" content=\"https:\/\/www.univ-mila.dz\/?page_id=1361&amp;lang=fr\" \/>\n<meta property=\"og:site_name\" content=\"\u062c\u0627\u0645\u0639\u0629 \u0645\u064a\u0644\u0629\" \/>\n<meta property=\"article:publisher\" content=\"https:\/\/www.facebook.com\/univmila\/\" \/>\n<meta property=\"article:modified_time\" content=\"2025-10-27T11:08:00+00:00\" \/>\n<meta name=\"twitter:card\" content=\"summary_large_image\" \/>\n<meta name=\"twitter:site\" content=\"@univmila\" \/>\n<meta name=\"twitter:label1\" content=\"\u0648\u0642\u062a \u0627\u0644\u0642\u0631\u0627\u0621\u0629 \u0627\u0644\u0645\u064f\u0642\u062f\u0651\u0631\" \/>\n\t<meta name=\"twitter:data1\" content=\"3 \u062f\u0642\u0627\u0626\u0642\" \/>\n<script type=\"application\/ld+json\" class=\"yoast-schema-graph\">{\"@context\":\"https:\/\/schema.org\",\"@graph\":[{\"@type\":\"WebPage\",\"@id\":\"https:\/\/www.univ-mila.dz\/?page_id=1361&lang=fr\",\"url\":\"https:\/\/www.univ-mila.dz\/?page_id=1361&lang=fr\",\"name\":\"Maison Entrepreneuriat - \u062c\u0627\u0645\u0639\u0629 \u0645\u064a\u0644\u0629\",\"isPartOf\":{\"@id\":\"https:\/\/www.univ-mila.dz\/#website\"},\"datePublished\":\"2019-11-15T19:22:03+00:00\",\"dateModified\":\"2025-10-27T11:08:00+00:00\",\"inLanguage\":\"ar\",\"potentialAction\":[{\"@type\":\"ReadAction\",\"target\":[\"https:\/\/www.univ-mila.dz\/?page_id=1361&lang=fr\"]}]},{\"@type\":\"WebSite\",\"@id\":\"https:\/\/www.univ-mila.dz\/#website\",\"url\":\"https:\/\/www.univ-mila.dz\/\",\"name\":\"\u062c\u0627\u0645\u0639\u0629 \u0639\u0628\u062f \u0627\u0644\u062d\u0641\u064a\u0638 \u0628\u0648\u0627\u0644\u0635\u0648\u0641\",\"description\":\"\u0645\u064a\u0644\u0629\",\"publisher\":{\"@id\":\"https:\/\/www.univ-mila.dz\/#organization\"},\"potentialAction\":[{\"@type\":\"SearchAction\",\"target\":{\"@type\":\"EntryPoint\",\"urlTemplate\":\"https:\/\/www.univ-mila.dz\/?s={search_term_string}\"},\"query-input\":{\"@type\":\"PropertyValueSpecification\",\"valueRequired\":true,\"valueName\":\"search_term_string\"}}],\"inLanguage\":\"ar\"},{\"@type\":\"Organization\",\"@id\":\"https:\/\/www.univ-mila.dz\/#organization\",\"name\":\"\u062c\u0627\u0645\u0639\u0629 \u0639\u0628\u062f \u0627\u0644\u062d\u0641\u064a\u0638 \u0628\u0648\u0627\u0644\u0635\u0648\u0641 - \u0645\u064a\u0644\u0629\",\"url\":\"https:\/\/www.univ-mila.dz\/\",\"logo\":{\"@type\":\"ImageObject\",\"inLanguage\":\"ar\",\"@id\":\"https:\/\/www.univ-mila.dz\/#\/schema\/logo\/image\/\",\"url\":\"http:\/\/www.centre-univ-mila.dz\/wp-content\/uploads\/2019\/02\/1416395352cumtransparent.png\",\"contentUrl\":\"http:\/\/www.centre-univ-mila.dz\/wp-content\/uploads\/2019\/02\/1416395352cumtransparent.png\",\"width\":208,\"height\":268,\"caption\":\"\u062c\u0627\u0645\u0639\u0629 \u0639\u0628\u062f \u0627\u0644\u062d\u0641\u064a\u0638 \u0628\u0648\u0627\u0644\u0635\u0648\u0641 - \u0645\u064a\u0644\u0629\"},\"image\":{\"@id\":\"https:\/\/www.univ-mila.dz\/#\/schema\/logo\/image\/\"},\"sameAs\":[\"https:\/\/www.facebook.com\/univmila\/\",\"https:\/\/x.com\/univmila\",\"https:\/\/www.youtube.com\/channel\/UC9--lQO1WBvXm38B70e9u5w\"]}]}<\/script>\n<!-- \/ Yoast SEO plugin. -->","yoast_head_json":{"title":"Maison Entrepreneuriat - \u062c\u0627\u0645\u0639\u0629 \u0645\u064a\u0644\u0629","robots":{"index":"index","follow":"follow","max-snippet":"max-snippet:-1","max-image-preview":"max-image-preview:large","max-video-preview":"max-video-preview:-1"},"canonical":"https:\/\/www.univ-mila.dz\/?page_id=1361&lang=fr","og_locale":"ar_AR","og_type":"article","og_title":"Maison Entrepreneuriat - \u062c\u0627\u0645\u0639\u0629 \u0645\u064a\u0644\u0629","og_description":"[vc_column][\/vc_column][vc_row][vc_column][vc_single_image image=&#8221;2862&#8243; img_size=&#8221;&#8221; alignment=&#8221;center&#8221; style=&#8221;vc_box_shadow_border_circle&#8221;][vc_column_text] [wp-svg-icons icon=&#8221;office&#8221; wrap=&#8221;span&#8221;]: Rectorat 4\u00e8me \u00e9tage : maison.entreprenariat@centre-univ-mila.dz [wp-svg-icons icon=&#8221;facebook&#8221; wrap=&#8221;span&#8221;]: www.facebook.com\/maison_delentrepreneuriat43 [wp-svg-icons icon=&#8221;twitter&#8221; wrap=&#8221;span&#8221;]: www.twitter.com\/mais_entrepreun L\u2019Alg\u00e9rie compte des dizaines de p\u00f4les universitaires repartis sur l\u2019ensemble du territoire national, au sein desquels sont dispens\u00e9s des enseignements dans diverses sp\u00e9cialit\u00e9s, \u00e0 1.300.000 \u00e9tudiants. Ce riche potentiel m\u00e9rite d\u2019\u00eatre mobilis\u00e9 pour une [&hellip;]","og_url":"https:\/\/www.univ-mila.dz\/?page_id=1361&lang=fr","og_site_name":"\u062c\u0627\u0645\u0639\u0629 \u0645\u064a\u0644\u0629","article_publisher":"https:\/\/www.facebook.com\/univmila\/","article_modified_time":"2025-10-27T11:08:00+00:00","twitter_card":"summary_large_image","twitter_site":"@univmila","twitter_misc":{"\u0648\u0642\u062a \u0627\u0644\u0642\u0631\u0627\u0621\u0629 \u0627\u0644\u0645\u064f\u0642\u062f\u0651\u0631":"3 \u062f\u0642\u0627\u0626\u0642"},"schema":{"@context":"https:\/\/schema.org","@graph":[{"@type":"WebPage","@id":"https:\/\/www.univ-mila.dz\/?page_id=1361&lang=fr","url":"https:\/\/www.univ-mila.dz\/?page_id=1361&lang=fr","name":"Maison Entrepreneuriat - \u062c\u0627\u0645\u0639\u0629 \u0645\u064a\u0644\u0629","isPartOf":{"@id":"https:\/\/www.univ-mila.dz\/#website"},"datePublished":"2019-11-15T19:22:03+00:00","dateModified":"2025-10-27T11:08:00+00:00","inLanguage":"ar","potentialAction":[{"@type":"ReadAction","target":["https:\/\/www.univ-mila.dz\/?page_id=1361&lang=fr"]}]},{"@type":"WebSite","@id":"https:\/\/www.univ-mila.dz\/#website","url":"https:\/\/www.univ-mila.dz\/","name":"\u062c\u0627\u0645\u0639\u0629 \u0639\u0628\u062f \u0627\u0644\u062d\u0641\u064a\u0638 \u0628\u0648\u0627\u0644\u0635\u0648\u0641","description":"\u0645\u064a\u0644\u0629","publisher":{"@id":"https:\/\/www.univ-mila.dz\/#organization"},"potentialAction":[{"@type":"SearchAction","target":{"@type":"EntryPoint","urlTemplate":"https:\/\/www.univ-mila.dz\/?s={search_term_string}"},"query-input":{"@type":"PropertyValueSpecification","valueRequired":true,"valueName":"search_term_string"}}],"inLanguage":"ar"},{"@type":"Organization","@id":"https:\/\/www.univ-mila.dz\/#organization","name":"\u062c\u0627\u0645\u0639\u0629 \u0639\u0628\u062f \u0627\u0644\u062d\u0641\u064a\u0638 \u0628\u0648\u0627\u0644\u0635\u0648\u0641 - \u0645\u064a\u0644\u0629","url":"https:\/\/www.univ-mila.dz\/","logo":{"@type":"ImageObject","inLanguage":"ar","@id":"https:\/\/www.univ-mila.dz\/#\/schema\/logo\/image\/","url":"http:\/\/www.centre-univ-mila.dz\/wp-content\/uploads\/2019\/02\/1416395352cumtransparent.png","contentUrl":"http:\/\/www.centre-univ-mila.dz\/wp-content\/uploads\/2019\/02\/1416395352cumtransparent.png","width":208,"height":268,"caption":"\u062c\u0627\u0645\u0639\u0629 \u0639\u0628\u062f \u0627\u0644\u062d\u0641\u064a\u0638 \u0628\u0648\u0627\u0644\u0635\u0648\u0641 - \u0645\u064a\u0644\u0629"},"image":{"@id":"https:\/\/www.univ-mila.dz\/#\/schema\/logo\/image\/"},"sameAs":["https:\/\/www.facebook.com\/univmila\/","https:\/\/x.com\/univmila","https:\/\/www.youtube.com\/channel\/UC9--lQO1WBvXm38B70e9u5w"]}]}},"_links":{"self":[{"href":"https:\/\/www.univ-mila.dz\/index.php?rest_route=\/wp\/v2\/pages\/1361","targetHints":{"allow":["GET"]}}],"collection":[{"href":"https:\/\/www.univ-mila.dz\/index.php?rest_route=\/wp\/v2\/pages"}],"about":[{"href":"https:\/\/www.univ-mila.dz\/index.php?rest_route=\/wp\/v2\/types\/page"}],"author":[{"embeddable":true,"href":"https:\/\/www.univ-mila.dz\/index.php?rest_route=\/wp\/v2\/users\/1"}],"replies":[{"embeddable":true,"href":"https:\/\/www.univ-mila.dz\/index.php?rest_route=%2Fwp%2Fv2%2Fcomments&post=1361"}],"version-history":[{"count":22,"href":"https:\/\/www.univ-mila.dz\/index.php?rest_route=\/wp\/v2\/pages\/1361\/revisions"}],"predecessor-version":[{"id":32726,"href":"https:\/\/www.univ-mila.dz\/index.php?rest_route=\/wp\/v2\/pages\/1361\/revisions\/32726"}],"wp:attachment":[{"href":"https:\/\/www.univ-mila.dz\/index.php?rest_route=%2Fwp%2Fv2%2Fmedia&parent=1361"}],"curies":[{"name":"wp","href":"https:\/\/api.w.org\/{rel}","templated":true}]}}