{"id":1338,"date":"2019-11-15T20:32:23","date_gmt":"2019-11-15T17:32:23","guid":{"rendered":"https:\/\/www.univ-mila.dz?page_id=1338"},"modified":"2025-10-27T12:01:53","modified_gmt":"2025-10-27T11:01:53","slug":"cellule-dassurance-qualite","status":"publish","type":"page","link":"https:\/\/www.univ-mila.dz\/?page_id=1338&lang=fr","title":{"rendered":"Cellule d&#8217;assurance qualit\u00e9"},"content":{"rendered":"<p class=\"textheader\">D\u00e9finition de la cellule d&#8217;assurance qualit\u00e9<\/p>\n<div class=\"noteright\">\n<p style=\"text-align: left;\" title=\"T\u00e9l\u00e9phone\"><i class=\"fa fa-phone\"><\/i>: <span style=\"color: #800000;\"><strong>\u2026\u2026\u2026\u2026\u2026\u2026..<\/strong><\/span><\/p>\n<p style=\"text-align: left;\" title=\"Fax\"><i class=\"fa fa-fax\"><\/i>:<span style=\"color: #800000;\"><strong>\u2026\u2026\u2026\u2026\u2026\u2026..<\/strong><\/span><\/p>\n<p style=\"text-align: left;\" title=\"Courriel\"><span style=\"color: #800000;\"><span style=\"color: #333333;\"><i class=\"fa fa-envelope\"><\/i>: <span style=\"color: #800000;\"><strong>cellule.qualite<\/strong><strong>@centre-univ-mila.dz<\/strong><\/span><\/span><\/span><\/p>\n<\/div>\n<p>La Cellule d&#8217;Assurance Qualit\u00e9 (CAQ) La Cellule d&#8217;Assurance Qualit\u00e9 est un organe compos\u00e9 du responsable de la cellule et de membres repr\u00e9sentant tous les instituts de l&#8217;\u00e9tablissement, et la cellule supervise de mani\u00e8re centralis\u00e9e la mise en \u0153uvre du syst\u00e8me d&#8217;assurance qualit\u00e9 au l&#8217;universit\u00e9, et est directement affili\u00e9e au directeur de l&#8217;universit\u00e9. Cellule d&#8217;assurance qualit\u00e9.<\/p>\n<p class=\"textheader\">R\u00f4les des cellules d&#8217;assurance qualit\u00e9<\/p>\n<ol>\n<li>Ses r\u00f4les peuvent \u00eatre r\u00e9sum\u00e9s dans le processus d&#8217;\u00e9valuation interne, d&#8217;information et de communication sur les t\u00e2ches du syst\u00e8me d&#8217;application de la qualit\u00e9, de formation<\/li>\n<li>Il diffuse la culture du management de la qualit\u00e9 dans l&#8217;organisation.<\/li>\n<li>Dirige la gestion de la qualit\u00e9 de l&#8217;entreprise.<\/li>\n<li>Des unit\u00e9s de qualit\u00e9 accompagnent toutes les activit\u00e9s.<\/li>\n<li>Formation de fonctionnaires de qualit\u00e9.<\/li>\n<li>Communiquer et informer toutes les autorit\u00e9s concern\u00e9es des informations et statistiques pertinentes n\u00e9cessaires.<\/li>\n<li>G\u00e9rer l&#8217;auto-\u00e9valuation et la revue interne pour assurer l&#8217;application des normes de qualit\u00e9.<\/li>\n<li>Cr\u00e9er le plan strat\u00e9gique g\u00e9n\u00e9ral et les plans op\u00e9rationnels de l&#8217;universit\u00e9.<\/li>\n<li>Mise en \u0153uvre de normes nationales de r\u00e9f\u00e9rence pour l&#8217;assurance qualit\u00e9 dans l&#8217;enseignement sup\u00e9rieur.<\/li>\n<li>Appliquer le syst\u00e8me interne d&#8217;\u00e9valuation de la qualit\u00e9.<\/li>\n<li>La cellule est l&#8217;interface entre le l&#8217;universit\u00e9 et les organismes nationaux d&#8217;\u00e9valuation.<\/li>\n<li>Assure le suivi du programme d&#8217;action national \u00e0 la lumi\u00e8re de l&#8217;am\u00e9lioration continue de la qualit\u00e9 des programmes de formation.<\/li>\n<li>Organiser des processus d&#8217;information et de formation concernant ses t\u00e2ches et les r\u00e9sultats attendus de la mise en \u0153uvre du syst\u00e8me qualit\u00e9<\/li>\n<\/ol>\n<p>&nbsp;<\/p>\n","protected":false},"excerpt":{"rendered":"<p>D\u00e9finition de la cellule d&#8217;assurance qualit\u00e9 : \u2026\u2026\u2026\u2026\u2026\u2026.. :\u2026\u2026\u2026\u2026\u2026\u2026.. : cellule.qualite@centre-univ-mila.dz La Cellule d&#8217;Assurance Qualit\u00e9 (CAQ) La Cellule d&#8217;Assurance Qualit\u00e9 est un organe compos\u00e9 du responsable de la cellule et de membres repr\u00e9sentant tous les instituts de l&#8217;\u00e9tablissement, et la cellule supervise de mani\u00e8re centralis\u00e9e la mise en \u0153uvre du syst\u00e8me d&#8217;assurance qualit\u00e9 au l&#8217;universit\u00e9, [&hellip;]<\/p>\n","protected":false},"author":1,"featured_media":0,"parent":0,"menu_order":0,"comment_status":"closed","ping_status":"closed","template":"","meta":{"footnotes":""},"class_list":["post-1338","page","type-page","status-publish","hentry"],"yoast_head":"<!-- This site is optimized with the Yoast SEO plugin v26.3 - https:\/\/yoast.com\/wordpress\/plugins\/seo\/ -->\n<title>Cellule d&#039;assurance qualit\u00e9 - \u062c\u0627\u0645\u0639\u0629 \u0645\u064a\u0644\u0629<\/title>\n<meta name=\"robots\" content=\"index, follow, max-snippet:-1, max-image-preview:large, max-video-preview:-1\" \/>\n<link rel=\"canonical\" href=\"https:\/\/www.univ-mila.dz\/?page_id=1338&lang=fr\" \/>\n<meta property=\"og:locale\" content=\"ar_AR\" \/>\n<meta property=\"og:type\" content=\"article\" \/>\n<meta property=\"og:title\" content=\"Cellule d&#039;assurance qualit\u00e9 - \u062c\u0627\u0645\u0639\u0629 \u0645\u064a\u0644\u0629\" \/>\n<meta property=\"og:description\" content=\"D\u00e9finition de la cellule d&#8217;assurance qualit\u00e9 : \u2026\u2026\u2026\u2026\u2026\u2026.. :\u2026\u2026\u2026\u2026\u2026\u2026.. : cellule.qualite@centre-univ-mila.dz La Cellule d&#8217;Assurance Qualit\u00e9 (CAQ) La Cellule d&#8217;Assurance Qualit\u00e9 est un organe compos\u00e9 du responsable de la cellule et de membres repr\u00e9sentant tous les instituts de l&#8217;\u00e9tablissement, et la cellule supervise de mani\u00e8re centralis\u00e9e la mise en \u0153uvre du syst\u00e8me d&#8217;assurance qualit\u00e9 au l&#8217;universit\u00e9, [&hellip;]\" \/>\n<meta property=\"og:url\" content=\"https:\/\/www.univ-mila.dz\/?page_id=1338&amp;lang=fr\" \/>\n<meta property=\"og:site_name\" content=\"\u062c\u0627\u0645\u0639\u0629 \u0645\u064a\u0644\u0629\" \/>\n<meta property=\"article:publisher\" content=\"https:\/\/www.facebook.com\/univmila\/\" \/>\n<meta property=\"article:modified_time\" content=\"2025-10-27T11:01:53+00:00\" \/>\n<meta name=\"twitter:card\" content=\"summary_large_image\" \/>\n<meta name=\"twitter:site\" content=\"@univmila\" \/>\n<meta name=\"twitter:label1\" content=\"\u0648\u0642\u062a \u0627\u0644\u0642\u0631\u0627\u0621\u0629 \u0627\u0644\u0645\u064f\u0642\u062f\u0651\u0631\" \/>\n\t<meta name=\"twitter:data1\" content=\"\u062f\u0642\u064a\u0642\u062a\u0627\u0646\" \/>\n<script type=\"application\/ld+json\" class=\"yoast-schema-graph\">{\"@context\":\"https:\/\/schema.org\",\"@graph\":[{\"@type\":\"WebPage\",\"@id\":\"https:\/\/www.univ-mila.dz\/?page_id=1338&lang=fr\",\"url\":\"https:\/\/www.univ-mila.dz\/?page_id=1338&lang=fr\",\"name\":\"Cellule d'assurance qualit\u00e9 - \u062c\u0627\u0645\u0639\u0629 \u0645\u064a\u0644\u0629\",\"isPartOf\":{\"@id\":\"https:\/\/www.univ-mila.dz\/#website\"},\"datePublished\":\"2019-11-15T17:32:23+00:00\",\"dateModified\":\"2025-10-27T11:01:53+00:00\",\"inLanguage\":\"ar\",\"potentialAction\":[{\"@type\":\"ReadAction\",\"target\":[\"https:\/\/www.univ-mila.dz\/?page_id=1338&lang=fr\"]}]},{\"@type\":\"WebSite\",\"@id\":\"https:\/\/www.univ-mila.dz\/#website\",\"url\":\"https:\/\/www.univ-mila.dz\/\",\"name\":\"\u062c\u0627\u0645\u0639\u0629 \u0639\u0628\u062f \u0627\u0644\u062d\u0641\u064a\u0638 \u0628\u0648\u0627\u0644\u0635\u0648\u0641\",\"description\":\"\u0645\u064a\u0644\u0629\",\"publisher\":{\"@id\":\"https:\/\/www.univ-mila.dz\/#organization\"},\"potentialAction\":[{\"@type\":\"SearchAction\",\"target\":{\"@type\":\"EntryPoint\",\"urlTemplate\":\"https:\/\/www.univ-mila.dz\/?s={search_term_string}\"},\"query-input\":{\"@type\":\"PropertyValueSpecification\",\"valueRequired\":true,\"valueName\":\"search_term_string\"}}],\"inLanguage\":\"ar\"},{\"@type\":\"Organization\",\"@id\":\"https:\/\/www.univ-mila.dz\/#organization\",\"name\":\"\u062c\u0627\u0645\u0639\u0629 \u0639\u0628\u062f \u0627\u0644\u062d\u0641\u064a\u0638 \u0628\u0648\u0627\u0644\u0635\u0648\u0641 - \u0645\u064a\u0644\u0629\",\"url\":\"https:\/\/www.univ-mila.dz\/\",\"logo\":{\"@type\":\"ImageObject\",\"inLanguage\":\"ar\",\"@id\":\"https:\/\/www.univ-mila.dz\/#\/schema\/logo\/image\/\",\"url\":\"http:\/\/www.centre-univ-mila.dz\/wp-content\/uploads\/2019\/02\/1416395352cumtransparent.png\",\"contentUrl\":\"http:\/\/www.centre-univ-mila.dz\/wp-content\/uploads\/2019\/02\/1416395352cumtransparent.png\",\"width\":208,\"height\":268,\"caption\":\"\u062c\u0627\u0645\u0639\u0629 \u0639\u0628\u062f \u0627\u0644\u062d\u0641\u064a\u0638 \u0628\u0648\u0627\u0644\u0635\u0648\u0641 - \u0645\u064a\u0644\u0629\"},\"image\":{\"@id\":\"https:\/\/www.univ-mila.dz\/#\/schema\/logo\/image\/\"},\"sameAs\":[\"https:\/\/www.facebook.com\/univmila\/\",\"https:\/\/x.com\/univmila\",\"https:\/\/www.youtube.com\/channel\/UC9--lQO1WBvXm38B70e9u5w\"]}]}<\/script>\n<!-- \/ Yoast SEO plugin. -->","yoast_head_json":{"title":"Cellule d'assurance qualit\u00e9 - \u062c\u0627\u0645\u0639\u0629 \u0645\u064a\u0644\u0629","robots":{"index":"index","follow":"follow","max-snippet":"max-snippet:-1","max-image-preview":"max-image-preview:large","max-video-preview":"max-video-preview:-1"},"canonical":"https:\/\/www.univ-mila.dz\/?page_id=1338&lang=fr","og_locale":"ar_AR","og_type":"article","og_title":"Cellule d'assurance qualit\u00e9 - \u062c\u0627\u0645\u0639\u0629 \u0645\u064a\u0644\u0629","og_description":"D\u00e9finition de la cellule d&#8217;assurance qualit\u00e9 : \u2026\u2026\u2026\u2026\u2026\u2026.. :\u2026\u2026\u2026\u2026\u2026\u2026.. : cellule.qualite@centre-univ-mila.dz La Cellule d&#8217;Assurance Qualit\u00e9 (CAQ) La Cellule d&#8217;Assurance Qualit\u00e9 est un organe compos\u00e9 du responsable de la cellule et de membres repr\u00e9sentant tous les instituts de l&#8217;\u00e9tablissement, et la cellule supervise de mani\u00e8re centralis\u00e9e la mise en \u0153uvre du syst\u00e8me d&#8217;assurance qualit\u00e9 au l&#8217;universit\u00e9, [&hellip;]","og_url":"https:\/\/www.univ-mila.dz\/?page_id=1338&lang=fr","og_site_name":"\u062c\u0627\u0645\u0639\u0629 \u0645\u064a\u0644\u0629","article_publisher":"https:\/\/www.facebook.com\/univmila\/","article_modified_time":"2025-10-27T11:01:53+00:00","twitter_card":"summary_large_image","twitter_site":"@univmila","twitter_misc":{"\u0648\u0642\u062a \u0627\u0644\u0642\u0631\u0627\u0621\u0629 \u0627\u0644\u0645\u064f\u0642\u062f\u0651\u0631":"\u062f\u0642\u064a\u0642\u062a\u0627\u0646"},"schema":{"@context":"https:\/\/schema.org","@graph":[{"@type":"WebPage","@id":"https:\/\/www.univ-mila.dz\/?page_id=1338&lang=fr","url":"https:\/\/www.univ-mila.dz\/?page_id=1338&lang=fr","name":"Cellule d'assurance qualit\u00e9 - \u062c\u0627\u0645\u0639\u0629 \u0645\u064a\u0644\u0629","isPartOf":{"@id":"https:\/\/www.univ-mila.dz\/#website"},"datePublished":"2019-11-15T17:32:23+00:00","dateModified":"2025-10-27T11:01:53+00:00","inLanguage":"ar","potentialAction":[{"@type":"ReadAction","target":["https:\/\/www.univ-mila.dz\/?page_id=1338&lang=fr"]}]},{"@type":"WebSite","@id":"https:\/\/www.univ-mila.dz\/#website","url":"https:\/\/www.univ-mila.dz\/","name":"\u062c\u0627\u0645\u0639\u0629 \u0639\u0628\u062f \u0627\u0644\u062d\u0641\u064a\u0638 \u0628\u0648\u0627\u0644\u0635\u0648\u0641","description":"\u0645\u064a\u0644\u0629","publisher":{"@id":"https:\/\/www.univ-mila.dz\/#organization"},"potentialAction":[{"@type":"SearchAction","target":{"@type":"EntryPoint","urlTemplate":"https:\/\/www.univ-mila.dz\/?s={search_term_string}"},"query-input":{"@type":"PropertyValueSpecification","valueRequired":true,"valueName":"search_term_string"}}],"inLanguage":"ar"},{"@type":"Organization","@id":"https:\/\/www.univ-mila.dz\/#organization","name":"\u062c\u0627\u0645\u0639\u0629 \u0639\u0628\u062f \u0627\u0644\u062d\u0641\u064a\u0638 \u0628\u0648\u0627\u0644\u0635\u0648\u0641 - \u0645\u064a\u0644\u0629","url":"https:\/\/www.univ-mila.dz\/","logo":{"@type":"ImageObject","inLanguage":"ar","@id":"https:\/\/www.univ-mila.dz\/#\/schema\/logo\/image\/","url":"http:\/\/www.centre-univ-mila.dz\/wp-content\/uploads\/2019\/02\/1416395352cumtransparent.png","contentUrl":"http:\/\/www.centre-univ-mila.dz\/wp-content\/uploads\/2019\/02\/1416395352cumtransparent.png","width":208,"height":268,"caption":"\u062c\u0627\u0645\u0639\u0629 \u0639\u0628\u062f \u0627\u0644\u062d\u0641\u064a\u0638 \u0628\u0648\u0627\u0644\u0635\u0648\u0641 - \u0645\u064a\u0644\u0629"},"image":{"@id":"https:\/\/www.univ-mila.dz\/#\/schema\/logo\/image\/"},"sameAs":["https:\/\/www.facebook.com\/univmila\/","https:\/\/x.com\/univmila","https:\/\/www.youtube.com\/channel\/UC9--lQO1WBvXm38B70e9u5w"]}]}},"_links":{"self":[{"href":"https:\/\/www.univ-mila.dz\/index.php?rest_route=\/wp\/v2\/pages\/1338","targetHints":{"allow":["GET"]}}],"collection":[{"href":"https:\/\/www.univ-mila.dz\/index.php?rest_route=\/wp\/v2\/pages"}],"about":[{"href":"https:\/\/www.univ-mila.dz\/index.php?rest_route=\/wp\/v2\/types\/page"}],"author":[{"embeddable":true,"href":"https:\/\/www.univ-mila.dz\/index.php?rest_route=\/wp\/v2\/users\/1"}],"replies":[{"embeddable":true,"href":"https:\/\/www.univ-mila.dz\/index.php?rest_route=%2Fwp%2Fv2%2Fcomments&post=1338"}],"version-history":[{"count":15,"href":"https:\/\/www.univ-mila.dz\/index.php?rest_route=\/wp\/v2\/pages\/1338\/revisions"}],"predecessor-version":[{"id":32718,"href":"https:\/\/www.univ-mila.dz\/index.php?rest_route=\/wp\/v2\/pages\/1338\/revisions\/32718"}],"wp:attachment":[{"href":"https:\/\/www.univ-mila.dz\/index.php?rest_route=%2Fwp%2Fv2%2Fmedia&parent=1338"}],"curies":[{"name":"wp","href":"https:\/\/api.w.org\/{rel}","templated":true}]}}