{"id":12724,"date":"2021-01-17T10:31:34","date_gmt":"2021-01-17T10:31:34","guid":{"rendered":"https:\/\/www.univ-mila.dz\/?page_id=12724"},"modified":"2023-01-08T10:08:54","modified_gmt":"2023-01-08T09:08:54","slug":"specialite-sciences-et-technologies-de-linformation-et-de-la-communication-stic","status":"publish","type":"page","link":"https:\/\/www.univ-mila.dz\/?page_id=12724&lang=fr","title":{"rendered":"Sp\u00e9cialit\u00e9: Sciences et technologies de l&#8217;information et de la communication (STIC)"},"content":{"rendered":"<p class=\"textheader\">Informations g\u00e9n\u00e9rales<\/p>\n<div class=\"noteright\">\n<p style=\"text-align: left;\" title=\"T\u00e9l\u00e9phone\"><i class=\"fa fa-phone\"><\/i>:<span style=\"color: #800000;\"><strong>&#8230;&#8230;&#8230;&#8230;&#8230;&#8230;&#8230;&#8230;&#8230;..<\/strong><\/span><\/p>\n<p style=\"text-align: left;\" title=\"Fax\"><i class=\"fa fa-fax\"><\/i>:<span style=\"color: #800000;\"><strong>&#8230;&#8230;&#8230;&#8230;&#8230;&#8230;&#8230;&#8230;&#8230;..<\/strong><\/span><\/p>\n<p style=\"text-align: left;\" title=\"Courriel\"><span style=\"color: #800000;\"><span style=\"color: #333333;\"><a style=\"color: #333333;\" href=\"smailkaouache@gmail.com\"><i class=\"fa fa-envelope\"><\/i>:<\/a><span style=\"color: #800000;\"><b><strong>&#8230;&#8230;&#8230;&#8230;&#8230;&#8230;&#8230;&#8230;&#8230;..<\/strong><\/b><\/span><\/span><\/span><\/p>\n<\/div>\n<ul>\n<li><strong>Cycle<\/strong> : Master.<\/li>\n<li><strong>Domaine<\/strong> : Math\u00e9matiques et Informatique.<\/li>\n<li><strong>Fili\u00e8re<\/strong> : Informatique.<\/li>\n<li><strong>Sp\u00e9cialit\u00e9 (Intitul\u00e9 de la formation)<\/strong> : Sciences et technologies de l&#8217;information et de la communication (STIC).<\/li>\n<li><strong>Dur\u00e9e de la formation<\/strong> : 4 semestres.<\/li>\n<\/ul>\n<p>&nbsp;<\/p>\n<p class=\"textheader\">Pr\u00e9sentation de la formation<\/p>\n<p class=\"smallheader\">Objectif de la formation<\/p>\n<p>Le Master Sciences et Technologie de l\u2019Information et de la Communication (STIC) est un enseignement scientifique de deuxi\u00e8me cycle universitaire \u00e0 finalit\u00e9 professionnelle. Cette formation vise une insertion professionnelle des dipl\u00f4m\u00e9s sous l\u2019angle du d\u00e9veloppement et de la gestion de projets NTIC. Ce domaine recouvre plusieurs sp\u00e9cialit\u00e9s : concepteur\/ d\u00e9veloppeur web, infographiste Internet, webmaster, graphiste multim\u00e9dia, ing\u00e9nieur des \u00e9tudes web ou multim\u00e9dia, administrateur r\u00e9seaux, sp\u00e9cialiste de traitement d\u2019images, etc.<br \/>\nL\u2019objectif global de ce Master, est de permettre aux candidats titulaires de ce master de pouvoir \u00eatre apte \u00e0 r\u00e9soudre des probl\u00e8mes des STIC d\u2019une organisation. D\u2019une autre part L\u2019enseignement permet aux \u00e9tudiants, de donner une formation en sp\u00e9cifiant( d\u2019avoir ou de donner\u00a0???, les aspects relatifs \u00e0 la science d\u2019information (aussi bien au sens image, que son et vid\u00e9o) et de la technologie de l\u2019information et de la communication (R\u00e9seaux, Web, internet, intranet, etc.).<\/p>\n<p>&nbsp;<\/p>\n<p class=\"smallheader\">Connaissances vis\u00e9es<\/p>\n<p>L\u2019enseignement de l\u2019informatique en Master STIC est une introduction et un approfondissement d\u2019aspects pratiques et fondamentaux, de la discipline informatique en sciences et technologie de l\u2019information et de la communication. Il met l\u2019accent sur la mod\u00e9lisation de probl\u00e8mes et l\u2019activit\u00e9 de conception de programmes, en se centralisant sur la n\u00e9cessit\u00e9 d\u2019une m\u00e9thodologie rigoureuse. Ainsi, tous les dipl\u00f4m\u00e9s de Master STIC universitaire, auront en premier lieu, acquis des connaissances de base en informatique et auront pris en deuxi\u00e8me lieu, conscience des m\u00e9thodes de r\u00e9solution des probl\u00e8mes mat\u00e9riels et logiciels, qui font partie du domaine de l\u2019informatique en sciences et technologie de l\u2019information et de la communication tel que\u00a0: la mod\u00e9lisation et le d\u00e9veloppement des applications web, l\u2019administration des r\u00e9seaux, le Cloud computing, la r\u00e9solution distribu\u00e9 des probl\u00e8mes, l\u2019infographie et le traitement d\u2019images, etc.<\/p>\n<p class=\"smallheader\">Projets de fin d\u2019\u00e9tude<\/p>\n<p>En son 4 semestre, l\u2019\u00e9tudiant doit r\u00e9aliser le projet de fin d\u2019\u00e9tude et accomplir un stage dans une entreprise qui le pr\u00e9pare \u00e0 la vie professionnelle. Il r\u00e9digera aussi, \u00e0 la fin de son projet, un m\u00e9moire qu\u2019il exposera devant un jury.<\/p>\n<p class=\"textheader\">Programme<\/p>\n<p><span style=\"color: #0000ff;\"><strong><span style=\"color: #000000;\">Pour telecharger <span style=\"color: #800000;\">PDF<\/span>:<\/span>\u00a0 <span style=\"color: #0000ff;\"><a style=\"color: #0000ff;\" href=\"\/wp-content\/uploads\/2020\/12\/Prg_MSTIC_FR.pdf\">cliquez ici<\/a><\/span><\/strong><\/span><\/p>\n<p class=\"textheader\">Etudes et d\u00e9bouch\u00e9s potentiels<\/p>\n<ul>\n<li>Doctorat LMD.<\/li>\n<\/ul>\n<p class=\"textheader\">D\u00e9bouch\u00e9s professionnels<\/p>\n<p>Les perspectives d\u2019emploi potentielles pour un dipl\u00f4m\u00e9 de Master STIC comprennent :<\/p>\n<ul>\n<li>Concepteur et d\u00e9veloppeur d\u2019applications mobiles et d\u2019applications Web avanc\u00e9s.<\/li>\n<li>Concepteur\/Programmeur dans les projets logiciels.<\/li>\n<li>Ing\u00e9nieur des syst\u00e8mes d&#8217;information.<\/li>\n<li>Ing\u00e9nieur et administrateur r\u00e9seau.<\/li>\n<li>Fondateur d\u2019une boite d\u00e9veloppement ou d\u2019une startup.<\/li>\n<\/ul>\n<p>&nbsp;<\/p>\n","protected":false},"excerpt":{"rendered":"<p>Informations g\u00e9n\u00e9rales :&#8230;&#8230;&#8230;&#8230;&#8230;&#8230;&#8230;&#8230;&#8230;.. :&#8230;&#8230;&#8230;&#8230;&#8230;&#8230;&#8230;&#8230;&#8230;.. :&#8230;&#8230;&#8230;&#8230;&#8230;&#8230;&#8230;&#8230;&#8230;.. Cycle : Master. Domaine : Math\u00e9matiques et Informatique. Fili\u00e8re : Informatique. Sp\u00e9cialit\u00e9 (Intitul\u00e9 de la formation) : Sciences et technologies de l&#8217;information et de la communication (STIC). Dur\u00e9e de la formation : 4 semestres. &nbsp; Pr\u00e9sentation de la formation Objectif de la formation Le Master Sciences et Technologie de l\u2019Information [&hellip;]<\/p>\n","protected":false},"author":1,"featured_media":7785,"parent":7889,"menu_order":0,"comment_status":"closed","ping_status":"closed","template":"","meta":{"footnotes":""},"class_list":["post-12724","page","type-page","status-publish","has-post-thumbnail","hentry"],"yoast_head":"<!-- This site is optimized with the Yoast SEO plugin v26.3 - https:\/\/yoast.com\/wordpress\/plugins\/seo\/ -->\n<title>Sp\u00e9cialit\u00e9: Sciences et technologies de l&#039;information et de la communication (STIC) - \u062c\u0627\u0645\u0639\u0629 \u0645\u064a\u0644\u0629<\/title>\n<meta name=\"robots\" content=\"index, follow, max-snippet:-1, max-image-preview:large, max-video-preview:-1\" \/>\n<link rel=\"canonical\" href=\"https:\/\/www.univ-mila.dz\/?page_id=12724&lang=fr\" \/>\n<meta property=\"og:locale\" content=\"ar_AR\" \/>\n<meta property=\"og:type\" content=\"article\" \/>\n<meta property=\"og:title\" content=\"Sp\u00e9cialit\u00e9: Sciences et technologies de l&#039;information et de la communication (STIC) - \u062c\u0627\u0645\u0639\u0629 \u0645\u064a\u0644\u0629\" \/>\n<meta property=\"og:description\" content=\"Informations g\u00e9n\u00e9rales :&#8230;&#8230;&#8230;&#8230;&#8230;&#8230;&#8230;&#8230;&#8230;.. :&#8230;&#8230;&#8230;&#8230;&#8230;&#8230;&#8230;&#8230;&#8230;.. :&#8230;&#8230;&#8230;&#8230;&#8230;&#8230;&#8230;&#8230;&#8230;.. Cycle : Master. Domaine : Math\u00e9matiques et Informatique. Fili\u00e8re : Informatique. Sp\u00e9cialit\u00e9 (Intitul\u00e9 de la formation) : Sciences et technologies de l&#8217;information et de la communication (STIC). Dur\u00e9e de la formation : 4 semestres. &nbsp; Pr\u00e9sentation de la formation Objectif de la formation Le Master Sciences et Technologie de l\u2019Information [&hellip;]\" \/>\n<meta property=\"og:url\" content=\"https:\/\/www.univ-mila.dz\/?page_id=12724&amp;lang=fr\" \/>\n<meta property=\"og:site_name\" content=\"\u062c\u0627\u0645\u0639\u0629 \u0645\u064a\u0644\u0629\" \/>\n<meta property=\"article:publisher\" content=\"https:\/\/www.facebook.com\/univmila\/\" \/>\n<meta property=\"article:modified_time\" content=\"2023-01-08T09:08:54+00:00\" \/>\n<meta property=\"og:image\" content=\"https:\/\/www.univ-mila.dz\/wp-content\/uploads\/2020\/06\/Informatique-1.png\" \/>\n\t<meta property=\"og:image:width\" content=\"200\" \/>\n\t<meta property=\"og:image:height\" content=\"200\" \/>\n\t<meta property=\"og:image:type\" content=\"image\/png\" \/>\n<meta name=\"twitter:card\" content=\"summary_large_image\" \/>\n<meta name=\"twitter:site\" content=\"@univmila\" \/>\n<meta name=\"twitter:label1\" content=\"\u0648\u0642\u062a \u0627\u0644\u0642\u0631\u0627\u0621\u0629 \u0627\u0644\u0645\u064f\u0642\u062f\u0651\u0631\" \/>\n\t<meta name=\"twitter:data1\" content=\"4 \u062f\u0642\u0627\u0626\u0642\" \/>\n<script type=\"application\/ld+json\" class=\"yoast-schema-graph\">{\"@context\":\"https:\/\/schema.org\",\"@graph\":[{\"@type\":\"WebPage\",\"@id\":\"https:\/\/www.univ-mila.dz\/?page_id=12724&lang=fr\",\"url\":\"https:\/\/www.univ-mila.dz\/?page_id=12724&lang=fr\",\"name\":\"Sp\u00e9cialit\u00e9: Sciences et technologies de l'information et de la communication (STIC) - \u062c\u0627\u0645\u0639\u0629 \u0645\u064a\u0644\u0629\",\"isPartOf\":{\"@id\":\"https:\/\/www.univ-mila.dz\/#website\"},\"primaryImageOfPage\":{\"@id\":\"https:\/\/www.univ-mila.dz\/?page_id=12724&lang=fr#primaryimage\"},\"image\":{\"@id\":\"https:\/\/www.univ-mila.dz\/?page_id=12724&lang=fr#primaryimage\"},\"thumbnailUrl\":\"https:\/\/www.univ-mila.dz\/wp-content\/uploads\/2020\/06\/Informatique-1.png\",\"datePublished\":\"2021-01-17T10:31:34+00:00\",\"dateModified\":\"2023-01-08T09:08:54+00:00\",\"breadcrumb\":{\"@id\":\"https:\/\/www.univ-mila.dz\/?page_id=12724&lang=fr#breadcrumb\"},\"inLanguage\":\"ar\",\"potentialAction\":[{\"@type\":\"ReadAction\",\"target\":[\"https:\/\/www.univ-mila.dz\/?page_id=12724&lang=fr\"]}]},{\"@type\":\"ImageObject\",\"inLanguage\":\"ar\",\"@id\":\"https:\/\/www.univ-mila.dz\/?page_id=12724&lang=fr#primaryimage\",\"url\":\"https:\/\/www.univ-mila.dz\/wp-content\/uploads\/2020\/06\/Informatique-1.png\",\"contentUrl\":\"https:\/\/www.univ-mila.dz\/wp-content\/uploads\/2020\/06\/Informatique-1.png\",\"width\":200,\"height\":200},{\"@type\":\"BreadcrumbList\",\"@id\":\"https:\/\/www.univ-mila.dz\/?page_id=12724&lang=fr#breadcrumb\",\"itemListElement\":[{\"@type\":\"ListItem\",\"position\":1,\"name\":\"Offres de formation\",\"item\":\"https:\/\/www.univ-mila.dz\/?page_id=7868&lang=fr\"},{\"@type\":\"ListItem\",\"position\":2,\"name\":\"Domaine Math\u00e9matiques et Informatique\",\"item\":\"https:\/\/www.univ-mila.dz\/?page_id=7889&lang=fr\"},{\"@type\":\"ListItem\",\"position\":3,\"name\":\"Sp\u00e9cialit\u00e9: Sciences et technologies de l&rsquo;information et de la communication (STIC)\"}]},{\"@type\":\"WebSite\",\"@id\":\"https:\/\/www.univ-mila.dz\/#website\",\"url\":\"https:\/\/www.univ-mila.dz\/\",\"name\":\"\u062c\u0627\u0645\u0639\u0629 \u0639\u0628\u062f \u0627\u0644\u062d\u0641\u064a\u0638 \u0628\u0648\u0627\u0644\u0635\u0648\u0641\",\"description\":\"\u0645\u064a\u0644\u0629\",\"publisher\":{\"@id\":\"https:\/\/www.univ-mila.dz\/#organization\"},\"potentialAction\":[{\"@type\":\"SearchAction\",\"target\":{\"@type\":\"EntryPoint\",\"urlTemplate\":\"https:\/\/www.univ-mila.dz\/?s={search_term_string}\"},\"query-input\":{\"@type\":\"PropertyValueSpecification\",\"valueRequired\":true,\"valueName\":\"search_term_string\"}}],\"inLanguage\":\"ar\"},{\"@type\":\"Organization\",\"@id\":\"https:\/\/www.univ-mila.dz\/#organization\",\"name\":\"\u062c\u0627\u0645\u0639\u0629 \u0639\u0628\u062f \u0627\u0644\u062d\u0641\u064a\u0638 \u0628\u0648\u0627\u0644\u0635\u0648\u0641 - \u0645\u064a\u0644\u0629\",\"url\":\"https:\/\/www.univ-mila.dz\/\",\"logo\":{\"@type\":\"ImageObject\",\"inLanguage\":\"ar\",\"@id\":\"https:\/\/www.univ-mila.dz\/#\/schema\/logo\/image\/\",\"url\":\"http:\/\/www.centre-univ-mila.dz\/wp-content\/uploads\/2019\/02\/1416395352cumtransparent.png\",\"contentUrl\":\"http:\/\/www.centre-univ-mila.dz\/wp-content\/uploads\/2019\/02\/1416395352cumtransparent.png\",\"width\":208,\"height\":268,\"caption\":\"\u062c\u0627\u0645\u0639\u0629 \u0639\u0628\u062f \u0627\u0644\u062d\u0641\u064a\u0638 \u0628\u0648\u0627\u0644\u0635\u0648\u0641 - \u0645\u064a\u0644\u0629\"},\"image\":{\"@id\":\"https:\/\/www.univ-mila.dz\/#\/schema\/logo\/image\/\"},\"sameAs\":[\"https:\/\/www.facebook.com\/univmila\/\",\"https:\/\/x.com\/univmila\",\"https:\/\/www.youtube.com\/channel\/UC9--lQO1WBvXm38B70e9u5w\"]}]}<\/script>\n<!-- \/ Yoast SEO plugin. -->","yoast_head_json":{"title":"Sp\u00e9cialit\u00e9: Sciences et technologies de l'information et de la communication (STIC) - \u062c\u0627\u0645\u0639\u0629 \u0645\u064a\u0644\u0629","robots":{"index":"index","follow":"follow","max-snippet":"max-snippet:-1","max-image-preview":"max-image-preview:large","max-video-preview":"max-video-preview:-1"},"canonical":"https:\/\/www.univ-mila.dz\/?page_id=12724&lang=fr","og_locale":"ar_AR","og_type":"article","og_title":"Sp\u00e9cialit\u00e9: Sciences et technologies de l'information et de la communication (STIC) - \u062c\u0627\u0645\u0639\u0629 \u0645\u064a\u0644\u0629","og_description":"Informations g\u00e9n\u00e9rales :&#8230;&#8230;&#8230;&#8230;&#8230;&#8230;&#8230;&#8230;&#8230;.. :&#8230;&#8230;&#8230;&#8230;&#8230;&#8230;&#8230;&#8230;&#8230;.. :&#8230;&#8230;&#8230;&#8230;&#8230;&#8230;&#8230;&#8230;&#8230;.. Cycle : Master. Domaine : Math\u00e9matiques et Informatique. Fili\u00e8re : Informatique. Sp\u00e9cialit\u00e9 (Intitul\u00e9 de la formation) : Sciences et technologies de l&#8217;information et de la communication (STIC). Dur\u00e9e de la formation : 4 semestres. &nbsp; Pr\u00e9sentation de la formation Objectif de la formation Le Master Sciences et Technologie de l\u2019Information [&hellip;]","og_url":"https:\/\/www.univ-mila.dz\/?page_id=12724&lang=fr","og_site_name":"\u062c\u0627\u0645\u0639\u0629 \u0645\u064a\u0644\u0629","article_publisher":"https:\/\/www.facebook.com\/univmila\/","article_modified_time":"2023-01-08T09:08:54+00:00","og_image":[{"width":200,"height":200,"url":"https:\/\/www.univ-mila.dz\/wp-content\/uploads\/2020\/06\/Informatique-1.png","type":"image\/png"}],"twitter_card":"summary_large_image","twitter_site":"@univmila","twitter_misc":{"\u0648\u0642\u062a \u0627\u0644\u0642\u0631\u0627\u0621\u0629 \u0627\u0644\u0645\u064f\u0642\u062f\u0651\u0631":"4 \u062f\u0642\u0627\u0626\u0642"},"schema":{"@context":"https:\/\/schema.org","@graph":[{"@type":"WebPage","@id":"https:\/\/www.univ-mila.dz\/?page_id=12724&lang=fr","url":"https:\/\/www.univ-mila.dz\/?page_id=12724&lang=fr","name":"Sp\u00e9cialit\u00e9: Sciences et technologies de l'information et de la communication (STIC) - \u062c\u0627\u0645\u0639\u0629 \u0645\u064a\u0644\u0629","isPartOf":{"@id":"https:\/\/www.univ-mila.dz\/#website"},"primaryImageOfPage":{"@id":"https:\/\/www.univ-mila.dz\/?page_id=12724&lang=fr#primaryimage"},"image":{"@id":"https:\/\/www.univ-mila.dz\/?page_id=12724&lang=fr#primaryimage"},"thumbnailUrl":"https:\/\/www.univ-mila.dz\/wp-content\/uploads\/2020\/06\/Informatique-1.png","datePublished":"2021-01-17T10:31:34+00:00","dateModified":"2023-01-08T09:08:54+00:00","breadcrumb":{"@id":"https:\/\/www.univ-mila.dz\/?page_id=12724&lang=fr#breadcrumb"},"inLanguage":"ar","potentialAction":[{"@type":"ReadAction","target":["https:\/\/www.univ-mila.dz\/?page_id=12724&lang=fr"]}]},{"@type":"ImageObject","inLanguage":"ar","@id":"https:\/\/www.univ-mila.dz\/?page_id=12724&lang=fr#primaryimage","url":"https:\/\/www.univ-mila.dz\/wp-content\/uploads\/2020\/06\/Informatique-1.png","contentUrl":"https:\/\/www.univ-mila.dz\/wp-content\/uploads\/2020\/06\/Informatique-1.png","width":200,"height":200},{"@type":"BreadcrumbList","@id":"https:\/\/www.univ-mila.dz\/?page_id=12724&lang=fr#breadcrumb","itemListElement":[{"@type":"ListItem","position":1,"name":"Offres de formation","item":"https:\/\/www.univ-mila.dz\/?page_id=7868&lang=fr"},{"@type":"ListItem","position":2,"name":"Domaine Math\u00e9matiques et Informatique","item":"https:\/\/www.univ-mila.dz\/?page_id=7889&lang=fr"},{"@type":"ListItem","position":3,"name":"Sp\u00e9cialit\u00e9: Sciences et technologies de l&rsquo;information et de la communication (STIC)"}]},{"@type":"WebSite","@id":"https:\/\/www.univ-mila.dz\/#website","url":"https:\/\/www.univ-mila.dz\/","name":"\u062c\u0627\u0645\u0639\u0629 \u0639\u0628\u062f \u0627\u0644\u062d\u0641\u064a\u0638 \u0628\u0648\u0627\u0644\u0635\u0648\u0641","description":"\u0645\u064a\u0644\u0629","publisher":{"@id":"https:\/\/www.univ-mila.dz\/#organization"},"potentialAction":[{"@type":"SearchAction","target":{"@type":"EntryPoint","urlTemplate":"https:\/\/www.univ-mila.dz\/?s={search_term_string}"},"query-input":{"@type":"PropertyValueSpecification","valueRequired":true,"valueName":"search_term_string"}}],"inLanguage":"ar"},{"@type":"Organization","@id":"https:\/\/www.univ-mila.dz\/#organization","name":"\u062c\u0627\u0645\u0639\u0629 \u0639\u0628\u062f \u0627\u0644\u062d\u0641\u064a\u0638 \u0628\u0648\u0627\u0644\u0635\u0648\u0641 - \u0645\u064a\u0644\u0629","url":"https:\/\/www.univ-mila.dz\/","logo":{"@type":"ImageObject","inLanguage":"ar","@id":"https:\/\/www.univ-mila.dz\/#\/schema\/logo\/image\/","url":"http:\/\/www.centre-univ-mila.dz\/wp-content\/uploads\/2019\/02\/1416395352cumtransparent.png","contentUrl":"http:\/\/www.centre-univ-mila.dz\/wp-content\/uploads\/2019\/02\/1416395352cumtransparent.png","width":208,"height":268,"caption":"\u062c\u0627\u0645\u0639\u0629 \u0639\u0628\u062f \u0627\u0644\u062d\u0641\u064a\u0638 \u0628\u0648\u0627\u0644\u0635\u0648\u0641 - \u0645\u064a\u0644\u0629"},"image":{"@id":"https:\/\/www.univ-mila.dz\/#\/schema\/logo\/image\/"},"sameAs":["https:\/\/www.facebook.com\/univmila\/","https:\/\/x.com\/univmila","https:\/\/www.youtube.com\/channel\/UC9--lQO1WBvXm38B70e9u5w"]}]}},"_links":{"self":[{"href":"https:\/\/www.univ-mila.dz\/index.php?rest_route=\/wp\/v2\/pages\/12724","targetHints":{"allow":["GET"]}}],"collection":[{"href":"https:\/\/www.univ-mila.dz\/index.php?rest_route=\/wp\/v2\/pages"}],"about":[{"href":"https:\/\/www.univ-mila.dz\/index.php?rest_route=\/wp\/v2\/types\/page"}],"author":[{"embeddable":true,"href":"https:\/\/www.univ-mila.dz\/index.php?rest_route=\/wp\/v2\/users\/1"}],"replies":[{"embeddable":true,"href":"https:\/\/www.univ-mila.dz\/index.php?rest_route=%2Fwp%2Fv2%2Fcomments&post=12724"}],"version-history":[{"count":6,"href":"https:\/\/www.univ-mila.dz\/index.php?rest_route=\/wp\/v2\/pages\/12724\/revisions"}],"predecessor-version":[{"id":20551,"href":"https:\/\/www.univ-mila.dz\/index.php?rest_route=\/wp\/v2\/pages\/12724\/revisions\/20551"}],"up":[{"embeddable":true,"href":"https:\/\/www.univ-mila.dz\/index.php?rest_route=\/wp\/v2\/pages\/7889"}],"wp:featuredmedia":[{"embeddable":true,"href":"https:\/\/www.univ-mila.dz\/index.php?rest_route=\/wp\/v2\/media\/7785"}],"wp:attachment":[{"href":"https:\/\/www.univ-mila.dz\/index.php?rest_route=%2Fwp%2Fv2%2Fmedia&parent=12724"}],"curies":[{"name":"wp","href":"https:\/\/api.w.org\/{rel}","templated":true}]}}