{"id":12200,"date":"2020-12-30T13:57:38","date_gmt":"2020-12-30T13:57:38","guid":{"rendered":"https:\/\/www.univ-mila.dz\/?page_id=12200"},"modified":"2020-12-30T14:00:50","modified_gmt":"2020-12-30T14:00:50","slug":"specialite-didactique-des-langues-etrangeres","status":"publish","type":"page","link":"https:\/\/www.univ-mila.dz\/?page_id=12200&lang=fr","title":{"rendered":"Sp\u00e9cialit\u00e9: Didactique des langues \u00e9trang\u00e8res"},"content":{"rendered":"<p class=\"textheader\">Informations g\u00e9n\u00e9rales<\/p>\n<div class=\"noteright\">\n<p style=\"text-align: left;\" title=\"T\u00e9l\u00e9phone\"><i class=\"fa fa-phone\"><\/i>:<span style=\"color: #800000;\"><b>&#8230;&#8230;&#8230;&#8230;&#8230;&#8230;&#8230;&#8230;&#8230;&#8230;<\/b><\/span><\/p>\n<p style=\"text-align: left;\" title=\"Fax\"><i class=\"fa fa-fax\"><\/i>:<span style=\"color: #800000;\"><strong>&#8230;&#8230;&#8230;&#8230;&#8230;&#8230;&#8230;&#8230;&#8230;..<\/strong><\/span><\/p>\n<p style=\"text-align: left;\" title=\"Courriel\"><span style=\"color: #800000;\"><span style=\"color: #333333;\"><i class=\"fa fa-envelope\"><\/i>:<span style=\"color: #800000;\"><strong>messaouda.boudjerida@centre-univ-mila.dz<\/strong><\/span><\/span><\/span><\/p>\n<\/div>\n<ul>\n<li><strong>Cycle<\/strong> : Master .<\/li>\n<li><strong>Domaine<\/strong> : Lettres et langues \u00e9trang\u00e8res.<\/li>\n<li><strong>Fili\u00e8re<\/strong> : Langue anglaise.<\/li>\n<li><strong>Sp\u00e9cialit\u00e9<\/strong> <strong>(Intitul\u00e9 de la formation)<\/strong> : Didactique des langues \u00e9trang\u00e8res.<\/li>\n<li><strong>Dur\u00e9e de la formation<\/strong> : 2 Ans.<\/li>\n<\/ul>\n<p>&nbsp;<\/p>\n<p class=\"textheader\">Pr\u00e9sentation de la formation<\/p>\n<p class=\"smallheader\">Objectif de la formation<\/p>\n<p>Ce Master acad\u00e9mique en langue anglaise, option Didactique de la Langue, a pour objectifs d&#8217;approfondir et de perfectionner la formation linguistique des \u00e9tudiants, aux plans m\u00e9thodologique, th\u00e9orique, et descriptif. Il propose une initiation progressive \u00e0 la recherche dans les domaines suivants : linguistique g\u00e9n\u00e9rale et appliqu\u00e9e, analyse du discours, et didactique de l\u2019anglais comme langue \u00e9trang\u00e8re. En plus, ce Master permettra aux \u00e9tudiants d\u2019associer des comp\u00e9tences linguistiques \u00e0 des comp\u00e9tences op\u00e9rationnelles dans les domaines d\u2019application et de la recherche. Aussi, cette formation de Master permettra le renforcement de la performance des \u00e9tudiants de profile anglophone qui seront orienter vers l\u2019enseignement de cette langue dans plusieurs domaines tels que l\u2019\u00e9ducation nationale et la formation professionnelle.<\/p>\n<p class=\"smallheader\">Connaissances vis\u00e9es<\/p>\n<p>La formation propos\u00e9e vise l\u2019approfondissement des connaissances en langue anglaise \u2014linguistique, pragmatique, et didactique de l\u2019anglais comme langue \u00e9trang\u00e8re ; initiation \u00e0 l\u2019\u00e9tude des textes et perfectionnement de la langue ; acquisition des techniques de recherche bibliographiques et documentaires ; apprentissage des techniques de r\u00e9daction scientifique dans le domaine des sciences du langage. Ainsi, les \u00e9tudiants seront capables d\u2019op\u00e9rer dans divers domaines, en particulier celui de l\u2019enseignement. Comme cette formation puise amplement de l\u2019approche interculturelle et de la comp\u00e9tence de communication, les \u00e9tudiants devront ma\u00eetriser l\u2019Anglais comme langue \u00e9trang\u00e8re dans toute sa dimension linguistique, s\u00e9mantique et culturelle et seront dot\u00e9s d\u2019une culture g\u00e9n\u00e9rale qui leur permettra de s\u2019int\u00e9grer davantage dans l\u2019espace professionnel.<\/p>\n<p class=\"smallheader\">Projets de fin d\u2019\u00e9tude<\/p>\n<p>R\u00e9daction d\u2019un m\u00e9moire recherche et soutenance publique.<\/p>\n<p class=\"textheader\">Programme<\/p>\n<p><span style=\"color: #0000ff;\"><strong><span style=\"color: #000000;\">Pour telecharger :<\/span><span style=\"color: #0000ff;\"><a style=\"color: #0000ff;\" href=\"\/wp-content\/uploads\/2020\/12\/Prg_MEN_FR.pdf\">Cliquez Ici<\/a><\/span><\/strong><\/span><\/p>\n<p class=\"textheader\">Etudes et d\u00e9bouch\u00e9s potentiels<\/p>\n<p>Il est certain que le Master acad\u00e9mique en langue anglaise ouvre aux \u00e9tudiants un bon nombre de choix, puisqu\u2019 il s\u2019inscrit dans le cadre du syst\u00e8me LMD qui se caract\u00e9rise par l\u2019interdisciplinarit\u00e9. De ce fait, ce Master se d\u00e9cline vers plusieurs passerelles en \u00e9tudes doctorales.<br \/>\nLe passage vers d\u2019autres sp\u00e9cialit\u00e9s dans d\u2019autres \u00e9tablissements de l\u2019enseignement sup\u00e9rieur qui proposent des offres de formation avoisinantes serait aussi possible.<\/p>\n<p class=\"textheaderR\">D\u00e9bouch\u00e9s professionnels<\/p>\n<p>A la fin de cette formation, les titulaires du dipl\u00f4me de Master, option sciences du langage &amp; didactique de la langue, auront la possibilit\u00e9 d\u2019exercer dans diff\u00e9rents secteurs, principalement :<\/p>\n<ul>\n<li>L\u2019enseignement sup\u00e9rieur et la recherche scientifique,<\/li>\n<li>L\u2019\u00e9ducation nationale (public et priv\u00e9e).<\/li>\n<li>Les centres de formation professionnelle.<\/li>\n<li>Les m\u00e9tiers du livre tel que l\u2019\u00e9laboration et l\u2019\u00e9ditions d\u2019ouvrages et manuels de sp\u00e9cialit\u00e9.<\/li>\n<li>Les centres de diffusion de langues \u00e9trang\u00e8res tels que les centres culturels, nationaux et \u00e9trangers.<\/li>\n<li>Les professions de communication (journalisme et m\u00e9dias).<\/li>\n<li>Compagnies \u00e9trang\u00e8res et import-export\u2026.<\/li>\n<\/ul>\n<p>&nbsp;<\/p>\n","protected":false},"excerpt":{"rendered":"<p>Informations g\u00e9n\u00e9rales :&#8230;&#8230;&#8230;&#8230;&#8230;&#8230;&#8230;&#8230;&#8230;&#8230; :&#8230;&#8230;&#8230;&#8230;&#8230;&#8230;&#8230;&#8230;&#8230;.. :messaouda.boudjerida@centre-univ-mila.dz Cycle : Master . Domaine : Lettres et langues \u00e9trang\u00e8res. Fili\u00e8re : Langue anglaise. Sp\u00e9cialit\u00e9 (Intitul\u00e9 de la formation) : Didactique des langues \u00e9trang\u00e8res. Dur\u00e9e de la formation : 2 Ans. &nbsp; Pr\u00e9sentation de la formation Objectif de la formation Ce Master acad\u00e9mique en langue anglaise, option Didactique de la [&hellip;]<\/p>\n","protected":false},"author":1,"featured_media":7762,"parent":7902,"menu_order":0,"comment_status":"closed","ping_status":"closed","template":"","meta":{"footnotes":""},"class_list":["post-12200","page","type-page","status-publish","has-post-thumbnail","hentry"],"yoast_head":"<!-- This site is optimized with the Yoast SEO plugin v26.3 - https:\/\/yoast.com\/wordpress\/plugins\/seo\/ -->\n<title>Sp\u00e9cialit\u00e9: Didactique des langues \u00e9trang\u00e8res - \u062c\u0627\u0645\u0639\u0629 \u0645\u064a\u0644\u0629<\/title>\n<meta name=\"robots\" content=\"index, follow, max-snippet:-1, max-image-preview:large, max-video-preview:-1\" \/>\n<link rel=\"canonical\" href=\"https:\/\/www.univ-mila.dz\/?page_id=12200&lang=fr\" \/>\n<meta property=\"og:locale\" content=\"ar_AR\" \/>\n<meta property=\"og:type\" content=\"article\" \/>\n<meta property=\"og:title\" content=\"Sp\u00e9cialit\u00e9: Didactique des langues \u00e9trang\u00e8res - \u062c\u0627\u0645\u0639\u0629 \u0645\u064a\u0644\u0629\" \/>\n<meta property=\"og:description\" content=\"Informations g\u00e9n\u00e9rales :&#8230;&#8230;&#8230;&#8230;&#8230;&#8230;&#8230;&#8230;&#8230;&#8230; :&#8230;&#8230;&#8230;&#8230;&#8230;&#8230;&#8230;&#8230;&#8230;.. :messaouda.boudjerida@centre-univ-mila.dz Cycle : Master . Domaine : Lettres et langues \u00e9trang\u00e8res. Fili\u00e8re : Langue anglaise. Sp\u00e9cialit\u00e9 (Intitul\u00e9 de la formation) : Didactique des langues \u00e9trang\u00e8res. Dur\u00e9e de la formation : 2 Ans. &nbsp; Pr\u00e9sentation de la formation Objectif de la formation Ce Master acad\u00e9mique en langue anglaise, option Didactique de la [&hellip;]\" \/>\n<meta property=\"og:url\" content=\"https:\/\/www.univ-mila.dz\/?page_id=12200&amp;lang=fr\" \/>\n<meta property=\"og:site_name\" content=\"\u062c\u0627\u0645\u0639\u0629 \u0645\u064a\u0644\u0629\" \/>\n<meta property=\"article:publisher\" content=\"https:\/\/www.facebook.com\/univmila\/\" \/>\n<meta property=\"article:modified_time\" content=\"2020-12-30T14:00:50+00:00\" \/>\n<meta property=\"og:image\" content=\"https:\/\/www.univ-mila.dz\/wp-content\/uploads\/2020\/06\/Langues-\u00e9trangeres-1.png\" \/>\n\t<meta property=\"og:image:width\" content=\"200\" \/>\n\t<meta property=\"og:image:height\" content=\"200\" \/>\n\t<meta property=\"og:image:type\" content=\"image\/png\" \/>\n<meta name=\"twitter:card\" content=\"summary_large_image\" \/>\n<meta name=\"twitter:site\" content=\"@univmila\" \/>\n<meta name=\"twitter:label1\" content=\"\u0648\u0642\u062a \u0627\u0644\u0642\u0631\u0627\u0621\u0629 \u0627\u0644\u0645\u064f\u0642\u062f\u0651\u0631\" \/>\n\t<meta name=\"twitter:data1\" content=\"3 \u062f\u0642\u0627\u0626\u0642\" \/>\n<script type=\"application\/ld+json\" class=\"yoast-schema-graph\">{\"@context\":\"https:\/\/schema.org\",\"@graph\":[{\"@type\":\"WebPage\",\"@id\":\"https:\/\/www.univ-mila.dz\/?page_id=12200&lang=fr\",\"url\":\"https:\/\/www.univ-mila.dz\/?page_id=12200&lang=fr\",\"name\":\"Sp\u00e9cialit\u00e9: Didactique des langues \u00e9trang\u00e8res - \u062c\u0627\u0645\u0639\u0629 \u0645\u064a\u0644\u0629\",\"isPartOf\":{\"@id\":\"https:\/\/www.univ-mila.dz\/#website\"},\"primaryImageOfPage\":{\"@id\":\"https:\/\/www.univ-mila.dz\/?page_id=12200&lang=fr#primaryimage\"},\"image\":{\"@id\":\"https:\/\/www.univ-mila.dz\/?page_id=12200&lang=fr#primaryimage\"},\"thumbnailUrl\":\"https:\/\/www.univ-mila.dz\/wp-content\/uploads\/2020\/06\/Langues-\u00e9trangeres-1.png\",\"datePublished\":\"2020-12-30T13:57:38+00:00\",\"dateModified\":\"2020-12-30T14:00:50+00:00\",\"breadcrumb\":{\"@id\":\"https:\/\/www.univ-mila.dz\/?page_id=12200&lang=fr#breadcrumb\"},\"inLanguage\":\"ar\",\"potentialAction\":[{\"@type\":\"ReadAction\",\"target\":[\"https:\/\/www.univ-mila.dz\/?page_id=12200&lang=fr\"]}]},{\"@type\":\"ImageObject\",\"inLanguage\":\"ar\",\"@id\":\"https:\/\/www.univ-mila.dz\/?page_id=12200&lang=fr#primaryimage\",\"url\":\"https:\/\/www.univ-mila.dz\/wp-content\/uploads\/2020\/06\/Langues-\u00e9trangeres-1.png\",\"contentUrl\":\"https:\/\/www.univ-mila.dz\/wp-content\/uploads\/2020\/06\/Langues-\u00e9trangeres-1.png\",\"width\":200,\"height\":200},{\"@type\":\"BreadcrumbList\",\"@id\":\"https:\/\/www.univ-mila.dz\/?page_id=12200&lang=fr#breadcrumb\",\"itemListElement\":[{\"@type\":\"ListItem\",\"position\":1,\"name\":\"Offres de formation\",\"item\":\"https:\/\/www.univ-mila.dz\/?page_id=7868&lang=fr\"},{\"@type\":\"ListItem\",\"position\":2,\"name\":\"Domaine Lettres et Langues \u00c9trang\u00e8res\",\"item\":\"https:\/\/www.univ-mila.dz\/?page_id=7902&lang=fr\"},{\"@type\":\"ListItem\",\"position\":3,\"name\":\"Sp\u00e9cialit\u00e9: Didactique des langues \u00e9trang\u00e8res\"}]},{\"@type\":\"WebSite\",\"@id\":\"https:\/\/www.univ-mila.dz\/#website\",\"url\":\"https:\/\/www.univ-mila.dz\/\",\"name\":\"\u062c\u0627\u0645\u0639\u0629 \u0639\u0628\u062f \u0627\u0644\u062d\u0641\u064a\u0638 \u0628\u0648\u0627\u0644\u0635\u0648\u0641\",\"description\":\"\u0645\u064a\u0644\u0629\",\"publisher\":{\"@id\":\"https:\/\/www.univ-mila.dz\/#organization\"},\"potentialAction\":[{\"@type\":\"SearchAction\",\"target\":{\"@type\":\"EntryPoint\",\"urlTemplate\":\"https:\/\/www.univ-mila.dz\/?s={search_term_string}\"},\"query-input\":{\"@type\":\"PropertyValueSpecification\",\"valueRequired\":true,\"valueName\":\"search_term_string\"}}],\"inLanguage\":\"ar\"},{\"@type\":\"Organization\",\"@id\":\"https:\/\/www.univ-mila.dz\/#organization\",\"name\":\"\u062c\u0627\u0645\u0639\u0629 \u0639\u0628\u062f \u0627\u0644\u062d\u0641\u064a\u0638 \u0628\u0648\u0627\u0644\u0635\u0648\u0641 - \u0645\u064a\u0644\u0629\",\"url\":\"https:\/\/www.univ-mila.dz\/\",\"logo\":{\"@type\":\"ImageObject\",\"inLanguage\":\"ar\",\"@id\":\"https:\/\/www.univ-mila.dz\/#\/schema\/logo\/image\/\",\"url\":\"http:\/\/www.centre-univ-mila.dz\/wp-content\/uploads\/2019\/02\/1416395352cumtransparent.png\",\"contentUrl\":\"http:\/\/www.centre-univ-mila.dz\/wp-content\/uploads\/2019\/02\/1416395352cumtransparent.png\",\"width\":208,\"height\":268,\"caption\":\"\u062c\u0627\u0645\u0639\u0629 \u0639\u0628\u062f \u0627\u0644\u062d\u0641\u064a\u0638 \u0628\u0648\u0627\u0644\u0635\u0648\u0641 - \u0645\u064a\u0644\u0629\"},\"image\":{\"@id\":\"https:\/\/www.univ-mila.dz\/#\/schema\/logo\/image\/\"},\"sameAs\":[\"https:\/\/www.facebook.com\/univmila\/\",\"https:\/\/x.com\/univmila\",\"https:\/\/www.youtube.com\/channel\/UC9--lQO1WBvXm38B70e9u5w\"]}]}<\/script>\n<!-- \/ Yoast SEO plugin. -->","yoast_head_json":{"title":"Sp\u00e9cialit\u00e9: Didactique des langues \u00e9trang\u00e8res - \u062c\u0627\u0645\u0639\u0629 \u0645\u064a\u0644\u0629","robots":{"index":"index","follow":"follow","max-snippet":"max-snippet:-1","max-image-preview":"max-image-preview:large","max-video-preview":"max-video-preview:-1"},"canonical":"https:\/\/www.univ-mila.dz\/?page_id=12200&lang=fr","og_locale":"ar_AR","og_type":"article","og_title":"Sp\u00e9cialit\u00e9: Didactique des langues \u00e9trang\u00e8res - \u062c\u0627\u0645\u0639\u0629 \u0645\u064a\u0644\u0629","og_description":"Informations g\u00e9n\u00e9rales :&#8230;&#8230;&#8230;&#8230;&#8230;&#8230;&#8230;&#8230;&#8230;&#8230; :&#8230;&#8230;&#8230;&#8230;&#8230;&#8230;&#8230;&#8230;&#8230;.. :messaouda.boudjerida@centre-univ-mila.dz Cycle : Master . Domaine : Lettres et langues \u00e9trang\u00e8res. Fili\u00e8re : Langue anglaise. Sp\u00e9cialit\u00e9 (Intitul\u00e9 de la formation) : Didactique des langues \u00e9trang\u00e8res. Dur\u00e9e de la formation : 2 Ans. &nbsp; Pr\u00e9sentation de la formation Objectif de la formation Ce Master acad\u00e9mique en langue anglaise, option Didactique de la [&hellip;]","og_url":"https:\/\/www.univ-mila.dz\/?page_id=12200&lang=fr","og_site_name":"\u062c\u0627\u0645\u0639\u0629 \u0645\u064a\u0644\u0629","article_publisher":"https:\/\/www.facebook.com\/univmila\/","article_modified_time":"2020-12-30T14:00:50+00:00","og_image":[{"width":200,"height":200,"url":"https:\/\/www.univ-mila.dz\/wp-content\/uploads\/2020\/06\/Langues-\u00e9trangeres-1.png","type":"image\/png"}],"twitter_card":"summary_large_image","twitter_site":"@univmila","twitter_misc":{"\u0648\u0642\u062a \u0627\u0644\u0642\u0631\u0627\u0621\u0629 \u0627\u0644\u0645\u064f\u0642\u062f\u0651\u0631":"3 \u062f\u0642\u0627\u0626\u0642"},"schema":{"@context":"https:\/\/schema.org","@graph":[{"@type":"WebPage","@id":"https:\/\/www.univ-mila.dz\/?page_id=12200&lang=fr","url":"https:\/\/www.univ-mila.dz\/?page_id=12200&lang=fr","name":"Sp\u00e9cialit\u00e9: Didactique des langues \u00e9trang\u00e8res - \u062c\u0627\u0645\u0639\u0629 \u0645\u064a\u0644\u0629","isPartOf":{"@id":"https:\/\/www.univ-mila.dz\/#website"},"primaryImageOfPage":{"@id":"https:\/\/www.univ-mila.dz\/?page_id=12200&lang=fr#primaryimage"},"image":{"@id":"https:\/\/www.univ-mila.dz\/?page_id=12200&lang=fr#primaryimage"},"thumbnailUrl":"https:\/\/www.univ-mila.dz\/wp-content\/uploads\/2020\/06\/Langues-\u00e9trangeres-1.png","datePublished":"2020-12-30T13:57:38+00:00","dateModified":"2020-12-30T14:00:50+00:00","breadcrumb":{"@id":"https:\/\/www.univ-mila.dz\/?page_id=12200&lang=fr#breadcrumb"},"inLanguage":"ar","potentialAction":[{"@type":"ReadAction","target":["https:\/\/www.univ-mila.dz\/?page_id=12200&lang=fr"]}]},{"@type":"ImageObject","inLanguage":"ar","@id":"https:\/\/www.univ-mila.dz\/?page_id=12200&lang=fr#primaryimage","url":"https:\/\/www.univ-mila.dz\/wp-content\/uploads\/2020\/06\/Langues-\u00e9trangeres-1.png","contentUrl":"https:\/\/www.univ-mila.dz\/wp-content\/uploads\/2020\/06\/Langues-\u00e9trangeres-1.png","width":200,"height":200},{"@type":"BreadcrumbList","@id":"https:\/\/www.univ-mila.dz\/?page_id=12200&lang=fr#breadcrumb","itemListElement":[{"@type":"ListItem","position":1,"name":"Offres de formation","item":"https:\/\/www.univ-mila.dz\/?page_id=7868&lang=fr"},{"@type":"ListItem","position":2,"name":"Domaine Lettres et Langues \u00c9trang\u00e8res","item":"https:\/\/www.univ-mila.dz\/?page_id=7902&lang=fr"},{"@type":"ListItem","position":3,"name":"Sp\u00e9cialit\u00e9: Didactique des langues \u00e9trang\u00e8res"}]},{"@type":"WebSite","@id":"https:\/\/www.univ-mila.dz\/#website","url":"https:\/\/www.univ-mila.dz\/","name":"\u062c\u0627\u0645\u0639\u0629 \u0639\u0628\u062f \u0627\u0644\u062d\u0641\u064a\u0638 \u0628\u0648\u0627\u0644\u0635\u0648\u0641","description":"\u0645\u064a\u0644\u0629","publisher":{"@id":"https:\/\/www.univ-mila.dz\/#organization"},"potentialAction":[{"@type":"SearchAction","target":{"@type":"EntryPoint","urlTemplate":"https:\/\/www.univ-mila.dz\/?s={search_term_string}"},"query-input":{"@type":"PropertyValueSpecification","valueRequired":true,"valueName":"search_term_string"}}],"inLanguage":"ar"},{"@type":"Organization","@id":"https:\/\/www.univ-mila.dz\/#organization","name":"\u062c\u0627\u0645\u0639\u0629 \u0639\u0628\u062f \u0627\u0644\u062d\u0641\u064a\u0638 \u0628\u0648\u0627\u0644\u0635\u0648\u0641 - \u0645\u064a\u0644\u0629","url":"https:\/\/www.univ-mila.dz\/","logo":{"@type":"ImageObject","inLanguage":"ar","@id":"https:\/\/www.univ-mila.dz\/#\/schema\/logo\/image\/","url":"http:\/\/www.centre-univ-mila.dz\/wp-content\/uploads\/2019\/02\/1416395352cumtransparent.png","contentUrl":"http:\/\/www.centre-univ-mila.dz\/wp-content\/uploads\/2019\/02\/1416395352cumtransparent.png","width":208,"height":268,"caption":"\u062c\u0627\u0645\u0639\u0629 \u0639\u0628\u062f \u0627\u0644\u062d\u0641\u064a\u0638 \u0628\u0648\u0627\u0644\u0635\u0648\u0641 - \u0645\u064a\u0644\u0629"},"image":{"@id":"https:\/\/www.univ-mila.dz\/#\/schema\/logo\/image\/"},"sameAs":["https:\/\/www.facebook.com\/univmila\/","https:\/\/x.com\/univmila","https:\/\/www.youtube.com\/channel\/UC9--lQO1WBvXm38B70e9u5w"]}]}},"_links":{"self":[{"href":"https:\/\/www.univ-mila.dz\/index.php?rest_route=\/wp\/v2\/pages\/12200","targetHints":{"allow":["GET"]}}],"collection":[{"href":"https:\/\/www.univ-mila.dz\/index.php?rest_route=\/wp\/v2\/pages"}],"about":[{"href":"https:\/\/www.univ-mila.dz\/index.php?rest_route=\/wp\/v2\/types\/page"}],"author":[{"embeddable":true,"href":"https:\/\/www.univ-mila.dz\/index.php?rest_route=\/wp\/v2\/users\/1"}],"replies":[{"embeddable":true,"href":"https:\/\/www.univ-mila.dz\/index.php?rest_route=%2Fwp%2Fv2%2Fcomments&post=12200"}],"version-history":[{"count":2,"href":"https:\/\/www.univ-mila.dz\/index.php?rest_route=\/wp\/v2\/pages\/12200\/revisions"}],"predecessor-version":[{"id":12206,"href":"https:\/\/www.univ-mila.dz\/index.php?rest_route=\/wp\/v2\/pages\/12200\/revisions\/12206"}],"up":[{"embeddable":true,"href":"https:\/\/www.univ-mila.dz\/index.php?rest_route=\/wp\/v2\/pages\/7902"}],"wp:featuredmedia":[{"embeddable":true,"href":"https:\/\/www.univ-mila.dz\/index.php?rest_route=\/wp\/v2\/media\/7762"}],"wp:attachment":[{"href":"https:\/\/www.univ-mila.dz\/index.php?rest_route=%2Fwp%2Fv2%2Fmedia&parent=12200"}],"curies":[{"name":"wp","href":"https:\/\/api.w.org\/{rel}","templated":true}]}}