{"id":12049,"date":"2020-12-28T10:41:48","date_gmt":"2020-12-28T10:41:48","guid":{"rendered":"https:\/\/www.univ-mila.dz\/?page_id=12049"},"modified":"2020-12-28T10:45:56","modified_gmt":"2020-12-28T10:45:56","slug":"specialite-electromecanique-3","status":"publish","type":"page","link":"https:\/\/www.univ-mila.dz\/?page_id=12049&lang=fr","title":{"rendered":"Sp\u00e9cialit\u00e9: Structures"},"content":{"rendered":"<p class=\"textheader\">Informations g\u00e9n\u00e9rales<\/p>\n<div class=\"noteright\">\n<p style=\"text-align: left;\" title=\"T\u00e9l\u00e9phone\"><i class=\"fa fa-phone\"><\/i>:<span style=\"color: #800000;\"><b>031450010<\/b><\/span><\/p>\n<p style=\"text-align: left;\" title=\"Fax\"><i class=\"fa fa-fax\"><\/i>:<span style=\"color: #800000;\"><strong>&#8230;&#8230;&#8230;&#8230;&#8230;&#8230;&#8230;&#8230;&#8230;..<\/strong><\/span><\/p>\n<p style=\"text-align: left;\" title=\"Courriel\"><span style=\"color: #800000;\"><span style=\"color: #333333;\"><a style=\"color: #333333;\" href=\"dept.st@centre-univ-mila.dz\"><i class=\"fa fa-envelope\"><\/i>:<span style=\"color: #800000;\"><strong>Dept.st@centre-univ-mila.dz<\/strong><\/span><\/a><\/span><\/span><\/p>\n<\/div>\n<ul>\n<li><strong>Cycle<\/strong> : Master .<\/li>\n<li><strong>Domaine<\/strong> : Sciences et Technologies.<\/li>\n<li><strong>Fili\u00e8re<\/strong> : G\u00e9nie civil.<\/li>\n<li><strong>Sp\u00e9cialit\u00e9<\/strong> <strong>(Intitul\u00e9 de la formation)<\/strong> :Structures.<\/li>\n<li><strong>Dur\u00e9e de la formation<\/strong> : 2 Ans.<\/li>\n<\/ul>\n<p>&nbsp;<\/p>\n<p class=\"textheader\">Pr\u00e9sentation de la formation<\/p>\n<p class=\"smallheader\">Objectif de la formation<\/p>\n<p>Le cursus de Master acad\u00e9mique en g\u00e9nie civil vise \u00e0 donner \u00e0 l\u2019\u00e9tudiant, une base scientifique et technologique sp\u00e9cialis\u00e9e. Cette derni\u00e8re garantit la ma\u00eetrise des connaissances acad\u00e9miques et pratiques dans divers domaines de la construction. Ainsi, \u00e0 part l\u2019aptitude professionnelle conduisant \u00e0 une bonne insertion dans des fonctions d&#8217;encadrement, de gestion au sein des entreprises de construction, de suivi et de contr\u00f4le de projets, ce Master assure \u00e0 l\u2019\u00e9tudiant une formation scientifique et sp\u00e9cifique de base, afin d\u2019acc\u00e9der aux dipl\u00f4mes sup\u00e9rieurs par la possibilit\u00e9 de pr\u00e9parer un Doctorat dans les diff\u00e9rentes sp\u00e9cialit\u00e9s du G\u00e9nie Civil.<\/p>\n<p class=\"smallheader\">Connaissances vis\u00e9es<\/p>\n<p>Cette formation vise \u00e0 pr\u00e9parer des cadres pour le secteur du g\u00e9nie civil, du b\u00e2timent et des travaux publics en g\u00e9n\u00e9ral, ainsi que des cadres pour les entreprises, les bureaux d&#8217;\u00e9tudes et les cabinets d\u2019expertises.<br \/>\nEn effet, ce domaine conna\u00eet une \u00e9closion prometteuse sur l&#8217;emploi et la recherche, puisqu\u2019il est en plein d\u00e9veloppement technologique, notamment en ce qui concerne la cr\u00e9ation de nouveaux mat\u00e9riaux. Ces derniers, n\u00e9cessitent \u00e9videmment, l&#8217;introduction de nouvelles technologies, et de nouvelles m\u00e9thodes commerciales et de nouveaux modes d\u2019ex\u00e9cution, g\u00e9r\u00e9es par des cadres sp\u00e9cialis\u00e9s.<\/p>\n<p class=\"smallheader\">Projets de fin d\u2019\u00e9tude<\/p>\n<p>Le projet de fin d\u2019\u00e9tude contribue \u00e0 l\u2019assimilation des connaissances pr\u00e9vues par le programme. Donc il est plus particuli\u00e8rement consacr\u00e9 \u00e0 la mise en pratique des concepts. Il encourage, aussi l\u2019ouverture intellectuelle des \u00e9tudiants et le d\u00e9veloppement, de mani\u00e8re positive, du sens de l\u2019initiative et l\u2019autonomie dans la poursuite d\u2019un travail, tout en laissant certains points tr\u00e8s ouverts.<br \/>\nLe projet peut \u00eatre individuel ou collectif.<\/p>\n<p class=\"textheader\">Programme<\/p>\n<p><span style=\"color: #0000ff;\"><strong><span style=\"color: #000000;\">Pour telecharger :<\/span>\u00a0 <span style=\"color: #0000ff;\"><a style=\"color: #0000ff;\" href=\"\/wp-content\/uploads\/2020\/12\/Prg_MGC_FR.pdf\">Cliquez ici<\/a><\/span><\/strong><\/span><\/p>\n<p class=\"textheader\">Etudes et d\u00e9bouch\u00e9s potentiels<\/p>\n<p>Ce Master assure \u00e0 l\u2019\u00e9tudiant une formation scientifique et sp\u00e9cifique de base qui lui conf\u00e8re une capacit\u00e9 d&#8217;assimilation lui permettant d\u2019acc\u00e9der aux dipl\u00f4mes sup\u00e9rieurs la possibilit\u00e9 de pr\u00e9parer un Doctorat dans les diff\u00e9rentes sp\u00e9cialit\u00e9s du G\u00e9nie Civil.<\/p>\n<p class=\"textheaderR\">D\u00e9bouch\u00e9s professionnels<\/p>\n<p>Les d\u00e9bouch\u00e9s professionnels au niveau des cadres sont importants dans toutes les phases d&#8217;une op\u00e9ration de construction :<\/p>\n<ul>\n<li>La programmation des travaux : secteur public (collectivit\u00e9s locales, soci\u00e9t\u00e9s de constructions.<\/li>\n<li>Le calcul des ouvrages : Bureaux d&#8217;\u00e9tudes, cabinets d&#8217;ing\u00e9nierie.<\/li>\n<li>La conduite et le suivi de travaux et le contr\u00f4le &#8211; qualit\u00e9 des ouvrages : Entreprises de b\u00e2timent de gros \u0153uvres et de travaux secondaires, bureaux de contr\u00f4le.<\/li>\n<li>Maintenance et gestion du patrimoine : Gestion technique, r\u00e9habilitation, am\u00e9nagements.<\/li>\n<li>Suivis des chantiers : B.T.P de moyenne et de grandes envergures.<\/li>\n<\/ul>\n<p>&nbsp;<\/p>\n","protected":false},"excerpt":{"rendered":"<p>Informations g\u00e9n\u00e9rales :031450010 :&#8230;&#8230;&#8230;&#8230;&#8230;&#8230;&#8230;&#8230;&#8230;.. :Dept.st@centre-univ-mila.dz Cycle : Master . Domaine : Sciences et Technologies. Fili\u00e8re : G\u00e9nie civil. Sp\u00e9cialit\u00e9 (Intitul\u00e9 de la formation) :Structures. Dur\u00e9e de la formation : 2 Ans. &nbsp; Pr\u00e9sentation de la formation Objectif de la formation Le cursus de Master acad\u00e9mique en g\u00e9nie civil vise \u00e0 donner \u00e0 l\u2019\u00e9tudiant, une base [&hellip;]<\/p>\n","protected":false},"author":1,"featured_media":7788,"parent":7896,"menu_order":0,"comment_status":"closed","ping_status":"closed","template":"","meta":{"footnotes":""},"class_list":["post-12049","page","type-page","status-publish","has-post-thumbnail","hentry"],"yoast_head":"<!-- This site is optimized with the Yoast SEO plugin v26.3 - https:\/\/yoast.com\/wordpress\/plugins\/seo\/ -->\n<title>Sp\u00e9cialit\u00e9: Structures - \u062c\u0627\u0645\u0639\u0629 \u0645\u064a\u0644\u0629<\/title>\n<meta name=\"robots\" content=\"index, follow, max-snippet:-1, max-image-preview:large, max-video-preview:-1\" \/>\n<link rel=\"canonical\" href=\"https:\/\/www.univ-mila.dz\/?page_id=12049&lang=fr\" \/>\n<meta property=\"og:locale\" content=\"ar_AR\" \/>\n<meta property=\"og:type\" content=\"article\" \/>\n<meta property=\"og:title\" content=\"Sp\u00e9cialit\u00e9: Structures - \u062c\u0627\u0645\u0639\u0629 \u0645\u064a\u0644\u0629\" \/>\n<meta property=\"og:description\" content=\"Informations g\u00e9n\u00e9rales :031450010 :&#8230;&#8230;&#8230;&#8230;&#8230;&#8230;&#8230;&#8230;&#8230;.. :Dept.st@centre-univ-mila.dz Cycle : Master . Domaine : Sciences et Technologies. Fili\u00e8re : G\u00e9nie civil. Sp\u00e9cialit\u00e9 (Intitul\u00e9 de la formation) :Structures. Dur\u00e9e de la formation : 2 Ans. &nbsp; Pr\u00e9sentation de la formation Objectif de la formation Le cursus de Master acad\u00e9mique en g\u00e9nie civil vise \u00e0 donner \u00e0 l\u2019\u00e9tudiant, une base [&hellip;]\" \/>\n<meta property=\"og:url\" content=\"https:\/\/www.univ-mila.dz\/?page_id=12049&amp;lang=fr\" \/>\n<meta property=\"og:site_name\" content=\"\u062c\u0627\u0645\u0639\u0629 \u0645\u064a\u0644\u0629\" \/>\n<meta property=\"article:publisher\" content=\"https:\/\/www.facebook.com\/univmila\/\" \/>\n<meta property=\"article:modified_time\" content=\"2020-12-28T10:45:56+00:00\" \/>\n<meta property=\"og:image\" content=\"https:\/\/www.univ-mila.dz\/wp-content\/uploads\/2020\/06\/sciences-techniques-1.png\" \/>\n\t<meta property=\"og:image:width\" content=\"200\" \/>\n\t<meta property=\"og:image:height\" content=\"200\" \/>\n\t<meta property=\"og:image:type\" content=\"image\/png\" \/>\n<meta name=\"twitter:card\" content=\"summary_large_image\" \/>\n<meta name=\"twitter:site\" content=\"@univmila\" \/>\n<meta name=\"twitter:label1\" content=\"\u0648\u0642\u062a \u0627\u0644\u0642\u0631\u0627\u0621\u0629 \u0627\u0644\u0645\u064f\u0642\u062f\u0651\u0631\" \/>\n\t<meta name=\"twitter:data1\" content=\"3 \u062f\u0642\u0627\u0626\u0642\" \/>\n<script type=\"application\/ld+json\" class=\"yoast-schema-graph\">{\"@context\":\"https:\/\/schema.org\",\"@graph\":[{\"@type\":\"WebPage\",\"@id\":\"https:\/\/www.univ-mila.dz\/?page_id=12049&lang=fr\",\"url\":\"https:\/\/www.univ-mila.dz\/?page_id=12049&lang=fr\",\"name\":\"Sp\u00e9cialit\u00e9: Structures - \u062c\u0627\u0645\u0639\u0629 \u0645\u064a\u0644\u0629\",\"isPartOf\":{\"@id\":\"https:\/\/www.univ-mila.dz\/#website\"},\"primaryImageOfPage\":{\"@id\":\"https:\/\/www.univ-mila.dz\/?page_id=12049&lang=fr#primaryimage\"},\"image\":{\"@id\":\"https:\/\/www.univ-mila.dz\/?page_id=12049&lang=fr#primaryimage\"},\"thumbnailUrl\":\"https:\/\/www.univ-mila.dz\/wp-content\/uploads\/2020\/06\/sciences-techniques-1.png\",\"datePublished\":\"2020-12-28T10:41:48+00:00\",\"dateModified\":\"2020-12-28T10:45:56+00:00\",\"breadcrumb\":{\"@id\":\"https:\/\/www.univ-mila.dz\/?page_id=12049&lang=fr#breadcrumb\"},\"inLanguage\":\"ar\",\"potentialAction\":[{\"@type\":\"ReadAction\",\"target\":[\"https:\/\/www.univ-mila.dz\/?page_id=12049&lang=fr\"]}]},{\"@type\":\"ImageObject\",\"inLanguage\":\"ar\",\"@id\":\"https:\/\/www.univ-mila.dz\/?page_id=12049&lang=fr#primaryimage\",\"url\":\"https:\/\/www.univ-mila.dz\/wp-content\/uploads\/2020\/06\/sciences-techniques-1.png\",\"contentUrl\":\"https:\/\/www.univ-mila.dz\/wp-content\/uploads\/2020\/06\/sciences-techniques-1.png\",\"width\":200,\"height\":200},{\"@type\":\"BreadcrumbList\",\"@id\":\"https:\/\/www.univ-mila.dz\/?page_id=12049&lang=fr#breadcrumb\",\"itemListElement\":[{\"@type\":\"ListItem\",\"position\":1,\"name\":\"Offres de formation\",\"item\":\"https:\/\/www.univ-mila.dz\/?page_id=7868&lang=fr\"},{\"@type\":\"ListItem\",\"position\":2,\"name\":\"Domaine Sciences et Technologie\",\"item\":\"https:\/\/www.univ-mila.dz\/?page_id=7896&lang=fr\"},{\"@type\":\"ListItem\",\"position\":3,\"name\":\"Sp\u00e9cialit\u00e9: Structures\"}]},{\"@type\":\"WebSite\",\"@id\":\"https:\/\/www.univ-mila.dz\/#website\",\"url\":\"https:\/\/www.univ-mila.dz\/\",\"name\":\"\u062c\u0627\u0645\u0639\u0629 \u0639\u0628\u062f \u0627\u0644\u062d\u0641\u064a\u0638 \u0628\u0648\u0627\u0644\u0635\u0648\u0641\",\"description\":\"\u0645\u064a\u0644\u0629\",\"publisher\":{\"@id\":\"https:\/\/www.univ-mila.dz\/#organization\"},\"potentialAction\":[{\"@type\":\"SearchAction\",\"target\":{\"@type\":\"EntryPoint\",\"urlTemplate\":\"https:\/\/www.univ-mila.dz\/?s={search_term_string}\"},\"query-input\":{\"@type\":\"PropertyValueSpecification\",\"valueRequired\":true,\"valueName\":\"search_term_string\"}}],\"inLanguage\":\"ar\"},{\"@type\":\"Organization\",\"@id\":\"https:\/\/www.univ-mila.dz\/#organization\",\"name\":\"\u062c\u0627\u0645\u0639\u0629 \u0639\u0628\u062f \u0627\u0644\u062d\u0641\u064a\u0638 \u0628\u0648\u0627\u0644\u0635\u0648\u0641 - \u0645\u064a\u0644\u0629\",\"url\":\"https:\/\/www.univ-mila.dz\/\",\"logo\":{\"@type\":\"ImageObject\",\"inLanguage\":\"ar\",\"@id\":\"https:\/\/www.univ-mila.dz\/#\/schema\/logo\/image\/\",\"url\":\"http:\/\/www.centre-univ-mila.dz\/wp-content\/uploads\/2019\/02\/1416395352cumtransparent.png\",\"contentUrl\":\"http:\/\/www.centre-univ-mila.dz\/wp-content\/uploads\/2019\/02\/1416395352cumtransparent.png\",\"width\":208,\"height\":268,\"caption\":\"\u062c\u0627\u0645\u0639\u0629 \u0639\u0628\u062f \u0627\u0644\u062d\u0641\u064a\u0638 \u0628\u0648\u0627\u0644\u0635\u0648\u0641 - \u0645\u064a\u0644\u0629\"},\"image\":{\"@id\":\"https:\/\/www.univ-mila.dz\/#\/schema\/logo\/image\/\"},\"sameAs\":[\"https:\/\/www.facebook.com\/univmila\/\",\"https:\/\/x.com\/univmila\",\"https:\/\/www.youtube.com\/channel\/UC9--lQO1WBvXm38B70e9u5w\"]}]}<\/script>\n<!-- \/ Yoast SEO plugin. -->","yoast_head_json":{"title":"Sp\u00e9cialit\u00e9: Structures - \u062c\u0627\u0645\u0639\u0629 \u0645\u064a\u0644\u0629","robots":{"index":"index","follow":"follow","max-snippet":"max-snippet:-1","max-image-preview":"max-image-preview:large","max-video-preview":"max-video-preview:-1"},"canonical":"https:\/\/www.univ-mila.dz\/?page_id=12049&lang=fr","og_locale":"ar_AR","og_type":"article","og_title":"Sp\u00e9cialit\u00e9: Structures - \u062c\u0627\u0645\u0639\u0629 \u0645\u064a\u0644\u0629","og_description":"Informations g\u00e9n\u00e9rales :031450010 :&#8230;&#8230;&#8230;&#8230;&#8230;&#8230;&#8230;&#8230;&#8230;.. :Dept.st@centre-univ-mila.dz Cycle : Master . Domaine : Sciences et Technologies. Fili\u00e8re : G\u00e9nie civil. Sp\u00e9cialit\u00e9 (Intitul\u00e9 de la formation) :Structures. Dur\u00e9e de la formation : 2 Ans. &nbsp; Pr\u00e9sentation de la formation Objectif de la formation Le cursus de Master acad\u00e9mique en g\u00e9nie civil vise \u00e0 donner \u00e0 l\u2019\u00e9tudiant, une base [&hellip;]","og_url":"https:\/\/www.univ-mila.dz\/?page_id=12049&lang=fr","og_site_name":"\u062c\u0627\u0645\u0639\u0629 \u0645\u064a\u0644\u0629","article_publisher":"https:\/\/www.facebook.com\/univmila\/","article_modified_time":"2020-12-28T10:45:56+00:00","og_image":[{"width":200,"height":200,"url":"https:\/\/www.univ-mila.dz\/wp-content\/uploads\/2020\/06\/sciences-techniques-1.png","type":"image\/png"}],"twitter_card":"summary_large_image","twitter_site":"@univmila","twitter_misc":{"\u0648\u0642\u062a \u0627\u0644\u0642\u0631\u0627\u0621\u0629 \u0627\u0644\u0645\u064f\u0642\u062f\u0651\u0631":"3 \u062f\u0642\u0627\u0626\u0642"},"schema":{"@context":"https:\/\/schema.org","@graph":[{"@type":"WebPage","@id":"https:\/\/www.univ-mila.dz\/?page_id=12049&lang=fr","url":"https:\/\/www.univ-mila.dz\/?page_id=12049&lang=fr","name":"Sp\u00e9cialit\u00e9: Structures - \u062c\u0627\u0645\u0639\u0629 \u0645\u064a\u0644\u0629","isPartOf":{"@id":"https:\/\/www.univ-mila.dz\/#website"},"primaryImageOfPage":{"@id":"https:\/\/www.univ-mila.dz\/?page_id=12049&lang=fr#primaryimage"},"image":{"@id":"https:\/\/www.univ-mila.dz\/?page_id=12049&lang=fr#primaryimage"},"thumbnailUrl":"https:\/\/www.univ-mila.dz\/wp-content\/uploads\/2020\/06\/sciences-techniques-1.png","datePublished":"2020-12-28T10:41:48+00:00","dateModified":"2020-12-28T10:45:56+00:00","breadcrumb":{"@id":"https:\/\/www.univ-mila.dz\/?page_id=12049&lang=fr#breadcrumb"},"inLanguage":"ar","potentialAction":[{"@type":"ReadAction","target":["https:\/\/www.univ-mila.dz\/?page_id=12049&lang=fr"]}]},{"@type":"ImageObject","inLanguage":"ar","@id":"https:\/\/www.univ-mila.dz\/?page_id=12049&lang=fr#primaryimage","url":"https:\/\/www.univ-mila.dz\/wp-content\/uploads\/2020\/06\/sciences-techniques-1.png","contentUrl":"https:\/\/www.univ-mila.dz\/wp-content\/uploads\/2020\/06\/sciences-techniques-1.png","width":200,"height":200},{"@type":"BreadcrumbList","@id":"https:\/\/www.univ-mila.dz\/?page_id=12049&lang=fr#breadcrumb","itemListElement":[{"@type":"ListItem","position":1,"name":"Offres de formation","item":"https:\/\/www.univ-mila.dz\/?page_id=7868&lang=fr"},{"@type":"ListItem","position":2,"name":"Domaine Sciences et Technologie","item":"https:\/\/www.univ-mila.dz\/?page_id=7896&lang=fr"},{"@type":"ListItem","position":3,"name":"Sp\u00e9cialit\u00e9: Structures"}]},{"@type":"WebSite","@id":"https:\/\/www.univ-mila.dz\/#website","url":"https:\/\/www.univ-mila.dz\/","name":"\u062c\u0627\u0645\u0639\u0629 \u0639\u0628\u062f \u0627\u0644\u062d\u0641\u064a\u0638 \u0628\u0648\u0627\u0644\u0635\u0648\u0641","description":"\u0645\u064a\u0644\u0629","publisher":{"@id":"https:\/\/www.univ-mila.dz\/#organization"},"potentialAction":[{"@type":"SearchAction","target":{"@type":"EntryPoint","urlTemplate":"https:\/\/www.univ-mila.dz\/?s={search_term_string}"},"query-input":{"@type":"PropertyValueSpecification","valueRequired":true,"valueName":"search_term_string"}}],"inLanguage":"ar"},{"@type":"Organization","@id":"https:\/\/www.univ-mila.dz\/#organization","name":"\u062c\u0627\u0645\u0639\u0629 \u0639\u0628\u062f \u0627\u0644\u062d\u0641\u064a\u0638 \u0628\u0648\u0627\u0644\u0635\u0648\u0641 - \u0645\u064a\u0644\u0629","url":"https:\/\/www.univ-mila.dz\/","logo":{"@type":"ImageObject","inLanguage":"ar","@id":"https:\/\/www.univ-mila.dz\/#\/schema\/logo\/image\/","url":"http:\/\/www.centre-univ-mila.dz\/wp-content\/uploads\/2019\/02\/1416395352cumtransparent.png","contentUrl":"http:\/\/www.centre-univ-mila.dz\/wp-content\/uploads\/2019\/02\/1416395352cumtransparent.png","width":208,"height":268,"caption":"\u062c\u0627\u0645\u0639\u0629 \u0639\u0628\u062f \u0627\u0644\u062d\u0641\u064a\u0638 \u0628\u0648\u0627\u0644\u0635\u0648\u0641 - \u0645\u064a\u0644\u0629"},"image":{"@id":"https:\/\/www.univ-mila.dz\/#\/schema\/logo\/image\/"},"sameAs":["https:\/\/www.facebook.com\/univmila\/","https:\/\/x.com\/univmila","https:\/\/www.youtube.com\/channel\/UC9--lQO1WBvXm38B70e9u5w"]}]}},"_links":{"self":[{"href":"https:\/\/www.univ-mila.dz\/index.php?rest_route=\/wp\/v2\/pages\/12049","targetHints":{"allow":["GET"]}}],"collection":[{"href":"https:\/\/www.univ-mila.dz\/index.php?rest_route=\/wp\/v2\/pages"}],"about":[{"href":"https:\/\/www.univ-mila.dz\/index.php?rest_route=\/wp\/v2\/types\/page"}],"author":[{"embeddable":true,"href":"https:\/\/www.univ-mila.dz\/index.php?rest_route=\/wp\/v2\/users\/1"}],"replies":[{"embeddable":true,"href":"https:\/\/www.univ-mila.dz\/index.php?rest_route=%2Fwp%2Fv2%2Fcomments&post=12049"}],"version-history":[{"count":4,"href":"https:\/\/www.univ-mila.dz\/index.php?rest_route=\/wp\/v2\/pages\/12049\/revisions"}],"predecessor-version":[{"id":12059,"href":"https:\/\/www.univ-mila.dz\/index.php?rest_route=\/wp\/v2\/pages\/12049\/revisions\/12059"}],"up":[{"embeddable":true,"href":"https:\/\/www.univ-mila.dz\/index.php?rest_route=\/wp\/v2\/pages\/7896"}],"wp:featuredmedia":[{"embeddable":true,"href":"https:\/\/www.univ-mila.dz\/index.php?rest_route=\/wp\/v2\/media\/7788"}],"wp:attachment":[{"href":"https:\/\/www.univ-mila.dz\/index.php?rest_route=%2Fwp%2Fv2%2Fmedia&parent=12049"}],"curies":[{"name":"wp","href":"https:\/\/api.w.org\/{rel}","templated":true}]}}