{"id":12043,"date":"2020-12-28T10:23:29","date_gmt":"2020-12-28T10:23:29","guid":{"rendered":"https:\/\/www.univ-mila.dz\/?page_id=12043"},"modified":"2020-12-28T10:23:29","modified_gmt":"2020-12-28T10:23:29","slug":"specialite-electromecanique-2","status":"publish","type":"page","link":"https:\/\/www.univ-mila.dz\/?page_id=12043&lang=fr","title":{"rendered":"Sp\u00e9cialit\u00e9: Electrom\u00e9canique"},"content":{"rendered":"<p class=\"textheader\">Informations g\u00e9n\u00e9rales<\/p>\n<div class=\"noteright\">\n<p style=\"text-align: left;\" title=\"T\u00e9l\u00e9phone\"><i class=\"fa fa-phone\"><\/i>:<span style=\"color: #800000;\"><b>031450010<\/b><\/span><\/p>\n<p style=\"text-align: left;\" title=\"Fax\"><i class=\"fa fa-fax\"><\/i>:<span style=\"color: #800000;\"><strong>&#8230;&#8230;&#8230;&#8230;&#8230;&#8230;&#8230;&#8230;&#8230;..<\/strong><\/span><\/p>\n<p style=\"text-align: left;\" title=\"Courriel\"><span style=\"color: #800000;\"><span style=\"color: #333333;\"><a style=\"color: #333333;\" href=\"dept.st@centre-univ-mila.dz\"><i class=\"fa fa-envelope\"><\/i>:<span style=\"color: #800000;\"><strong>Dept.st@centre-univ-mila.dz<\/strong><\/span><\/a><\/span><\/span><\/p>\n<\/div>\n<ul>\n<li><strong>Cycle<\/strong> : Master .<\/li>\n<li><strong>Domaine<\/strong> : Sciences et Technologies.<\/li>\n<li><strong>Fili\u00e8re<\/strong> : Electrom\u00e9canique.<\/li>\n<li><strong>Sp\u00e9cialit\u00e9<\/strong> <strong>(Intitul\u00e9 de la formation)<\/strong> :Electrom\u00e9canique.<\/li>\n<li><strong>Dur\u00e9e de la formation<\/strong> : 2 Ans.<\/li>\n<\/ul>\n<p>&nbsp;<\/p>\n<p class=\"textheader\">Pr\u00e9sentation de la formation<\/p>\n<p class=\"smallheader\">Objectif de la formation<\/p>\n<p>Le programme de formation en Electrom\u00e9canique se situe \u00e0 la fronti\u00e8re du G\u00e9nie Electrique et du G\u00e9nie M\u00e9canique. A l\u2019issue de cette formation, les \u00e9tudiants assimileront les concepts essentiels de la M\u00e9canique (R\u00e9sistance des mat\u00e9riaux, Construction m\u00e9canique, Dessin technique, Turbomachines, Moteur \u00e0 combustion interne, \u2026) ceci d\u2019une part. D\u2019autre part, ils acquerront des bases solides en Electronique, Automatique et Electrotechnique (Electronique analogique et num\u00e9rique, Les mesures \u00e9lectriques et \u00e9lectroniques, Electronique de puissance, Machines \u00e9lectriques, Mat\u00e9riaux \u00e9lectrotechniques, Production de l\u2019\u00e9nergie, Asservissements, R\u00e9gulation industrielle, Automatisme et informatique industrielle, \u2026). De plus, ils suivront plusieurs enseignements qui leur permettront de r\u00e9soudre des probl\u00e8mes li\u00e9s au domaine de la conversion d\u2019\u00e9nergie de sa forme \u00e9lectrique \u00e0 la forme m\u00e9canique et inversement (Conversion de l\u2019\u00e9nergie, Commande des entrainements \u00e9lectrom\u00e9caniques, Transfert thermique, Hydraulique et pneumatique).<br \/>\nCette formation vise donc, \u00e0 inculquer un savoir-faire pratique et diversifi\u00e9 aux \u00e9tudiants, en l\u2019occurrence :<\/p>\n<ul>\n<li>organiser la maintenance des syst\u00e8mes \u00e9lectrom\u00e9caniques, savoir lire les sch\u00e9mas, choisir les \u00e9quipements ad\u00e9quats et faire respecter les normes et directives.<\/li>\n<li>ma\u00eetriser les fonctions de commande des syst\u00e8mes d\u2019entrainement \u00e9lectrique, ma\u00eetriser les circuits \u00e9lectroniques de commande des installations \u00e9lectriques de puissance, conna\u00eetre les fonctions de l\u2019\u00e9lectronique, ma\u00eetriser le fonctionnement des machines \u00e9lectriques.<\/li>\n<li>choisir des lois de commande, les capteurs et actionneurs n\u00e9cessaires \u00e0 la r\u00e9gulation, mettre en \u0153uvre la solution retenue et ma\u00eetriser les outils de diagnostic de fonctionnement.<\/li>\n<\/ul>\n<p class=\"smallheader\">Connaissances vis\u00e9es<\/p>\n<p>A la fin de leur formation, les dipl\u00f4m\u00e9s auront la possibilit\u00e9 :<\/p>\n<ul>\n<li>\u00a0d\u2019int\u00e9grer le monde industriel pour exercer une des nombreuses activit\u00e9s dans lesquelles l\u2019\u00e9lectrom\u00e9canicien est tr\u00e8s demand\u00e9.<\/li>\n<\/ul>\n<p>En effet, l\u2019\u00e9lectrom\u00e9canique est omnipr\u00e9sente dans notre quotidien. Pour s\u2019en convaincre, on n\u2019a qu\u2019\u00e0 penser \u00e0 toutes les machines \u00e9lectriques et aux moyens de transport que l\u2019on utilise r\u00e9guli\u00e8rement.<br \/>\nLes dipl\u00f4m\u00e9s issus de cette formation et qui d\u00e9sirent rejoindre le monde professionnel seront capables de :<\/p>\n<ul>\n<li>Effectuer les essais et les contr\u00f4les sp\u00e9cialis\u00e9s, v\u00e9rifier la conformit\u00e9 des \u00e9quipements par rapport aux sp\u00e9cifications du cahier des charges en respectant la normalisation en vigueur.<\/li>\n<li>Consigner dans un rapport les r\u00e9sultats des essais, des tests et des contr\u00f4les, d\u00e9finir des proc\u00e9dures.<\/li>\n<li>Analyser les causes des pannes et d\u00e9faillances et proposer des am\u00e9liorations.<\/li>\n<li>Assurer la maintenance des machines et appareillage \u00e9lectrique.<\/li>\n<li>Participer \u00e0 l\u2019\u00e9tablissement de cahiers des charges et de dossiers techniques.<\/li>\n<li>Aider dans l\u2019\u00e9tude des avant-projets et projets.<\/li>\n<li>Actualiser en permanence leurs connaissances sur les \u00e9volutions technologiques.<\/li>\n<\/ul>\n<p class=\"smallheader\">Projets de fin d\u2019\u00e9tude<\/p>\n<p>Le 4\u00e8me semestre du master recherche est consacr\u00e9 \u00e0 la r\u00e9alisation d\u2019un travail de recherche portant sur un sujet th\u00e9orique, la pr\u00e9paration et la soutenance d\u2019un m\u00e9moire.<\/p>\n<p class=\"textheader\">Programme<\/p>\n<p><span style=\"color: #0000ff;\"><strong><span style=\"color: #000000;\">Pour telecharger :<\/span>\u00a0 <span style=\"color: #0000ff;\"><a style=\"color: #0000ff;\" href=\"\/wp-content\/uploads\/2020\/12\/Prg_MEM_FR.pdf\">Cliquez ici<\/a><\/span><\/strong><\/span><\/p>\n<p class=\"textheader\">Etudes et d\u00e9bouch\u00e9s potentiels<\/p>\n<p>Les connaissances acquises leur permettront de s&#8217;impliquer dans d&#8217;autres domaines tels que : \u00e9lectronique, \u00e9lectrotechnique, m\u00e9canique, automatismes\u2026etc. Les connaissances acquises, tant sur le plan th\u00e9orique que pratique, permettront \u00e9galement aux \u00e9tudiants de se diriger aussi bien vers un doctorat.<\/p>\n<p class=\"textheaderR\">D\u00e9bouch\u00e9s professionnels<\/p>\n<ul>\n<li>Possibilit\u00e9 de recrutement dans diff\u00e9rents secteurs en relation avec l\u2019intitul\u00e9 de la formation.<\/li>\n<\/ul>\n<p>Recrutement des dipl\u00f4m\u00e9s de cette sp\u00e9cialit\u00e9 dans d\u2019autres secteurs, \u00e0 savoir :<\/p>\n<ul>\n<li>Production et distribution de l\u2019\u00e9nergie \u00e9lectrique,<\/li>\n<li>Industrie navale,<\/li>\n<li>Industrie chimique,<\/li>\n<li>Industrie p\u00e9troli\u00e8re,<\/li>\n<li>Industrie pharmaceutique,<\/li>\n<li>Industries agro-alimentaires,<\/li>\n<li>Les installations hydrauliques,<\/li>\n<li>Domaine des \u00e9nergies nouvelles, \u00a0etc. \u2026<\/li>\n<li>Potentialit\u00e9s implicites \u00e0 cette formation \u00e0 la cr\u00e9ation d\u2019entreprises ainsi que la cr\u00e9ation des Start-up.<\/li>\n<\/ul>\n<p>&nbsp;<\/p>\n","protected":false},"excerpt":{"rendered":"<p>Informations g\u00e9n\u00e9rales :031450010 :&#8230;&#8230;&#8230;&#8230;&#8230;&#8230;&#8230;&#8230;&#8230;.. :Dept.st@centre-univ-mila.dz Cycle : Master . Domaine : Sciences et Technologies. Fili\u00e8re : Electrom\u00e9canique. Sp\u00e9cialit\u00e9 (Intitul\u00e9 de la formation) :Electrom\u00e9canique. Dur\u00e9e de la formation : 2 Ans. &nbsp; Pr\u00e9sentation de la formation Objectif de la formation Le programme de formation en Electrom\u00e9canique se situe \u00e0 la fronti\u00e8re du G\u00e9nie Electrique et du [&hellip;]<\/p>\n","protected":false},"author":1,"featured_media":7788,"parent":7896,"menu_order":0,"comment_status":"closed","ping_status":"closed","template":"","meta":{"footnotes":""},"class_list":["post-12043","page","type-page","status-publish","has-post-thumbnail","hentry"],"yoast_head":"<!-- This site is optimized with the Yoast SEO plugin v26.3 - https:\/\/yoast.com\/wordpress\/plugins\/seo\/ -->\n<title>Sp\u00e9cialit\u00e9: Electrom\u00e9canique - \u062c\u0627\u0645\u0639\u0629 \u0645\u064a\u0644\u0629<\/title>\n<meta name=\"robots\" content=\"index, follow, max-snippet:-1, max-image-preview:large, max-video-preview:-1\" \/>\n<link rel=\"canonical\" href=\"https:\/\/www.univ-mila.dz\/?page_id=12043&lang=fr\" \/>\n<meta property=\"og:locale\" content=\"ar_AR\" \/>\n<meta property=\"og:type\" content=\"article\" \/>\n<meta property=\"og:title\" content=\"Sp\u00e9cialit\u00e9: Electrom\u00e9canique - \u062c\u0627\u0645\u0639\u0629 \u0645\u064a\u0644\u0629\" \/>\n<meta property=\"og:description\" content=\"Informations g\u00e9n\u00e9rales :031450010 :&#8230;&#8230;&#8230;&#8230;&#8230;&#8230;&#8230;&#8230;&#8230;.. :Dept.st@centre-univ-mila.dz Cycle : Master . Domaine : Sciences et Technologies. Fili\u00e8re : Electrom\u00e9canique. Sp\u00e9cialit\u00e9 (Intitul\u00e9 de la formation) :Electrom\u00e9canique. Dur\u00e9e de la formation : 2 Ans. &nbsp; Pr\u00e9sentation de la formation Objectif de la formation Le programme de formation en Electrom\u00e9canique se situe \u00e0 la fronti\u00e8re du G\u00e9nie Electrique et du [&hellip;]\" \/>\n<meta property=\"og:url\" content=\"https:\/\/www.univ-mila.dz\/?page_id=12043&amp;lang=fr\" \/>\n<meta property=\"og:site_name\" content=\"\u062c\u0627\u0645\u0639\u0629 \u0645\u064a\u0644\u0629\" \/>\n<meta property=\"article:publisher\" content=\"https:\/\/www.facebook.com\/univmila\/\" \/>\n<meta property=\"og:image\" content=\"https:\/\/www.univ-mila.dz\/wp-content\/uploads\/2020\/06\/sciences-techniques-1.png\" \/>\n\t<meta property=\"og:image:width\" content=\"200\" \/>\n\t<meta property=\"og:image:height\" content=\"200\" \/>\n\t<meta property=\"og:image:type\" content=\"image\/png\" \/>\n<meta name=\"twitter:card\" content=\"summary_large_image\" \/>\n<meta name=\"twitter:site\" content=\"@univmila\" \/>\n<meta name=\"twitter:label1\" content=\"\u0648\u0642\u062a \u0627\u0644\u0642\u0631\u0627\u0621\u0629 \u0627\u0644\u0645\u064f\u0642\u062f\u0651\u0631\" \/>\n\t<meta name=\"twitter:data1\" content=\"3 \u062f\u0642\u0627\u0626\u0642\" \/>\n<script type=\"application\/ld+json\" class=\"yoast-schema-graph\">{\"@context\":\"https:\/\/schema.org\",\"@graph\":[{\"@type\":\"WebPage\",\"@id\":\"https:\/\/www.univ-mila.dz\/?page_id=12043&lang=fr\",\"url\":\"https:\/\/www.univ-mila.dz\/?page_id=12043&lang=fr\",\"name\":\"Sp\u00e9cialit\u00e9: Electrom\u00e9canique - \u062c\u0627\u0645\u0639\u0629 \u0645\u064a\u0644\u0629\",\"isPartOf\":{\"@id\":\"https:\/\/www.univ-mila.dz\/#website\"},\"primaryImageOfPage\":{\"@id\":\"https:\/\/www.univ-mila.dz\/?page_id=12043&lang=fr#primaryimage\"},\"image\":{\"@id\":\"https:\/\/www.univ-mila.dz\/?page_id=12043&lang=fr#primaryimage\"},\"thumbnailUrl\":\"https:\/\/www.univ-mila.dz\/wp-content\/uploads\/2020\/06\/sciences-techniques-1.png\",\"datePublished\":\"2020-12-28T10:23:29+00:00\",\"breadcrumb\":{\"@id\":\"https:\/\/www.univ-mila.dz\/?page_id=12043&lang=fr#breadcrumb\"},\"inLanguage\":\"ar\",\"potentialAction\":[{\"@type\":\"ReadAction\",\"target\":[\"https:\/\/www.univ-mila.dz\/?page_id=12043&lang=fr\"]}]},{\"@type\":\"ImageObject\",\"inLanguage\":\"ar\",\"@id\":\"https:\/\/www.univ-mila.dz\/?page_id=12043&lang=fr#primaryimage\",\"url\":\"https:\/\/www.univ-mila.dz\/wp-content\/uploads\/2020\/06\/sciences-techniques-1.png\",\"contentUrl\":\"https:\/\/www.univ-mila.dz\/wp-content\/uploads\/2020\/06\/sciences-techniques-1.png\",\"width\":200,\"height\":200},{\"@type\":\"BreadcrumbList\",\"@id\":\"https:\/\/www.univ-mila.dz\/?page_id=12043&lang=fr#breadcrumb\",\"itemListElement\":[{\"@type\":\"ListItem\",\"position\":1,\"name\":\"Offres de formation\",\"item\":\"https:\/\/www.univ-mila.dz\/?page_id=7868&lang=fr\"},{\"@type\":\"ListItem\",\"position\":2,\"name\":\"Domaine Sciences et Technologie\",\"item\":\"https:\/\/www.univ-mila.dz\/?page_id=7896&lang=fr\"},{\"@type\":\"ListItem\",\"position\":3,\"name\":\"Sp\u00e9cialit\u00e9: Electrom\u00e9canique\"}]},{\"@type\":\"WebSite\",\"@id\":\"https:\/\/www.univ-mila.dz\/#website\",\"url\":\"https:\/\/www.univ-mila.dz\/\",\"name\":\"\u062c\u0627\u0645\u0639\u0629 \u0639\u0628\u062f \u0627\u0644\u062d\u0641\u064a\u0638 \u0628\u0648\u0627\u0644\u0635\u0648\u0641\",\"description\":\"\u0645\u064a\u0644\u0629\",\"publisher\":{\"@id\":\"https:\/\/www.univ-mila.dz\/#organization\"},\"potentialAction\":[{\"@type\":\"SearchAction\",\"target\":{\"@type\":\"EntryPoint\",\"urlTemplate\":\"https:\/\/www.univ-mila.dz\/?s={search_term_string}\"},\"query-input\":{\"@type\":\"PropertyValueSpecification\",\"valueRequired\":true,\"valueName\":\"search_term_string\"}}],\"inLanguage\":\"ar\"},{\"@type\":\"Organization\",\"@id\":\"https:\/\/www.univ-mila.dz\/#organization\",\"name\":\"\u062c\u0627\u0645\u0639\u0629 \u0639\u0628\u062f \u0627\u0644\u062d\u0641\u064a\u0638 \u0628\u0648\u0627\u0644\u0635\u0648\u0641 - \u0645\u064a\u0644\u0629\",\"url\":\"https:\/\/www.univ-mila.dz\/\",\"logo\":{\"@type\":\"ImageObject\",\"inLanguage\":\"ar\",\"@id\":\"https:\/\/www.univ-mila.dz\/#\/schema\/logo\/image\/\",\"url\":\"http:\/\/www.centre-univ-mila.dz\/wp-content\/uploads\/2019\/02\/1416395352cumtransparent.png\",\"contentUrl\":\"http:\/\/www.centre-univ-mila.dz\/wp-content\/uploads\/2019\/02\/1416395352cumtransparent.png\",\"width\":208,\"height\":268,\"caption\":\"\u062c\u0627\u0645\u0639\u0629 \u0639\u0628\u062f \u0627\u0644\u062d\u0641\u064a\u0638 \u0628\u0648\u0627\u0644\u0635\u0648\u0641 - \u0645\u064a\u0644\u0629\"},\"image\":{\"@id\":\"https:\/\/www.univ-mila.dz\/#\/schema\/logo\/image\/\"},\"sameAs\":[\"https:\/\/www.facebook.com\/univmila\/\",\"https:\/\/x.com\/univmila\",\"https:\/\/www.youtube.com\/channel\/UC9--lQO1WBvXm38B70e9u5w\"]}]}<\/script>\n<!-- \/ Yoast SEO plugin. -->","yoast_head_json":{"title":"Sp\u00e9cialit\u00e9: Electrom\u00e9canique - \u062c\u0627\u0645\u0639\u0629 \u0645\u064a\u0644\u0629","robots":{"index":"index","follow":"follow","max-snippet":"max-snippet:-1","max-image-preview":"max-image-preview:large","max-video-preview":"max-video-preview:-1"},"canonical":"https:\/\/www.univ-mila.dz\/?page_id=12043&lang=fr","og_locale":"ar_AR","og_type":"article","og_title":"Sp\u00e9cialit\u00e9: Electrom\u00e9canique - \u062c\u0627\u0645\u0639\u0629 \u0645\u064a\u0644\u0629","og_description":"Informations g\u00e9n\u00e9rales :031450010 :&#8230;&#8230;&#8230;&#8230;&#8230;&#8230;&#8230;&#8230;&#8230;.. :Dept.st@centre-univ-mila.dz Cycle : Master . Domaine : Sciences et Technologies. Fili\u00e8re : Electrom\u00e9canique. Sp\u00e9cialit\u00e9 (Intitul\u00e9 de la formation) :Electrom\u00e9canique. Dur\u00e9e de la formation : 2 Ans. &nbsp; Pr\u00e9sentation de la formation Objectif de la formation Le programme de formation en Electrom\u00e9canique se situe \u00e0 la fronti\u00e8re du G\u00e9nie Electrique et du [&hellip;]","og_url":"https:\/\/www.univ-mila.dz\/?page_id=12043&lang=fr","og_site_name":"\u062c\u0627\u0645\u0639\u0629 \u0645\u064a\u0644\u0629","article_publisher":"https:\/\/www.facebook.com\/univmila\/","og_image":[{"width":200,"height":200,"url":"https:\/\/www.univ-mila.dz\/wp-content\/uploads\/2020\/06\/sciences-techniques-1.png","type":"image\/png"}],"twitter_card":"summary_large_image","twitter_site":"@univmila","twitter_misc":{"\u0648\u0642\u062a \u0627\u0644\u0642\u0631\u0627\u0621\u0629 \u0627\u0644\u0645\u064f\u0642\u062f\u0651\u0631":"3 \u062f\u0642\u0627\u0626\u0642"},"schema":{"@context":"https:\/\/schema.org","@graph":[{"@type":"WebPage","@id":"https:\/\/www.univ-mila.dz\/?page_id=12043&lang=fr","url":"https:\/\/www.univ-mila.dz\/?page_id=12043&lang=fr","name":"Sp\u00e9cialit\u00e9: Electrom\u00e9canique - \u062c\u0627\u0645\u0639\u0629 \u0645\u064a\u0644\u0629","isPartOf":{"@id":"https:\/\/www.univ-mila.dz\/#website"},"primaryImageOfPage":{"@id":"https:\/\/www.univ-mila.dz\/?page_id=12043&lang=fr#primaryimage"},"image":{"@id":"https:\/\/www.univ-mila.dz\/?page_id=12043&lang=fr#primaryimage"},"thumbnailUrl":"https:\/\/www.univ-mila.dz\/wp-content\/uploads\/2020\/06\/sciences-techniques-1.png","datePublished":"2020-12-28T10:23:29+00:00","breadcrumb":{"@id":"https:\/\/www.univ-mila.dz\/?page_id=12043&lang=fr#breadcrumb"},"inLanguage":"ar","potentialAction":[{"@type":"ReadAction","target":["https:\/\/www.univ-mila.dz\/?page_id=12043&lang=fr"]}]},{"@type":"ImageObject","inLanguage":"ar","@id":"https:\/\/www.univ-mila.dz\/?page_id=12043&lang=fr#primaryimage","url":"https:\/\/www.univ-mila.dz\/wp-content\/uploads\/2020\/06\/sciences-techniques-1.png","contentUrl":"https:\/\/www.univ-mila.dz\/wp-content\/uploads\/2020\/06\/sciences-techniques-1.png","width":200,"height":200},{"@type":"BreadcrumbList","@id":"https:\/\/www.univ-mila.dz\/?page_id=12043&lang=fr#breadcrumb","itemListElement":[{"@type":"ListItem","position":1,"name":"Offres de formation","item":"https:\/\/www.univ-mila.dz\/?page_id=7868&lang=fr"},{"@type":"ListItem","position":2,"name":"Domaine Sciences et Technologie","item":"https:\/\/www.univ-mila.dz\/?page_id=7896&lang=fr"},{"@type":"ListItem","position":3,"name":"Sp\u00e9cialit\u00e9: Electrom\u00e9canique"}]},{"@type":"WebSite","@id":"https:\/\/www.univ-mila.dz\/#website","url":"https:\/\/www.univ-mila.dz\/","name":"\u062c\u0627\u0645\u0639\u0629 \u0639\u0628\u062f \u0627\u0644\u062d\u0641\u064a\u0638 \u0628\u0648\u0627\u0644\u0635\u0648\u0641","description":"\u0645\u064a\u0644\u0629","publisher":{"@id":"https:\/\/www.univ-mila.dz\/#organization"},"potentialAction":[{"@type":"SearchAction","target":{"@type":"EntryPoint","urlTemplate":"https:\/\/www.univ-mila.dz\/?s={search_term_string}"},"query-input":{"@type":"PropertyValueSpecification","valueRequired":true,"valueName":"search_term_string"}}],"inLanguage":"ar"},{"@type":"Organization","@id":"https:\/\/www.univ-mila.dz\/#organization","name":"\u062c\u0627\u0645\u0639\u0629 \u0639\u0628\u062f \u0627\u0644\u062d\u0641\u064a\u0638 \u0628\u0648\u0627\u0644\u0635\u0648\u0641 - \u0645\u064a\u0644\u0629","url":"https:\/\/www.univ-mila.dz\/","logo":{"@type":"ImageObject","inLanguage":"ar","@id":"https:\/\/www.univ-mila.dz\/#\/schema\/logo\/image\/","url":"http:\/\/www.centre-univ-mila.dz\/wp-content\/uploads\/2019\/02\/1416395352cumtransparent.png","contentUrl":"http:\/\/www.centre-univ-mila.dz\/wp-content\/uploads\/2019\/02\/1416395352cumtransparent.png","width":208,"height":268,"caption":"\u062c\u0627\u0645\u0639\u0629 \u0639\u0628\u062f \u0627\u0644\u062d\u0641\u064a\u0638 \u0628\u0648\u0627\u0644\u0635\u0648\u0641 - \u0645\u064a\u0644\u0629"},"image":{"@id":"https:\/\/www.univ-mila.dz\/#\/schema\/logo\/image\/"},"sameAs":["https:\/\/www.facebook.com\/univmila\/","https:\/\/x.com\/univmila","https:\/\/www.youtube.com\/channel\/UC9--lQO1WBvXm38B70e9u5w"]}]}},"_links":{"self":[{"href":"https:\/\/www.univ-mila.dz\/index.php?rest_route=\/wp\/v2\/pages\/12043","targetHints":{"allow":["GET"]}}],"collection":[{"href":"https:\/\/www.univ-mila.dz\/index.php?rest_route=\/wp\/v2\/pages"}],"about":[{"href":"https:\/\/www.univ-mila.dz\/index.php?rest_route=\/wp\/v2\/types\/page"}],"author":[{"embeddable":true,"href":"https:\/\/www.univ-mila.dz\/index.php?rest_route=\/wp\/v2\/users\/1"}],"replies":[{"embeddable":true,"href":"https:\/\/www.univ-mila.dz\/index.php?rest_route=%2Fwp%2Fv2%2Fcomments&post=12043"}],"version-history":[{"count":1,"href":"https:\/\/www.univ-mila.dz\/index.php?rest_route=\/wp\/v2\/pages\/12043\/revisions"}],"predecessor-version":[{"id":12047,"href":"https:\/\/www.univ-mila.dz\/index.php?rest_route=\/wp\/v2\/pages\/12043\/revisions\/12047"}],"up":[{"embeddable":true,"href":"https:\/\/www.univ-mila.dz\/index.php?rest_route=\/wp\/v2\/pages\/7896"}],"wp:featuredmedia":[{"embeddable":true,"href":"https:\/\/www.univ-mila.dz\/index.php?rest_route=\/wp\/v2\/media\/7788"}],"wp:attachment":[{"href":"https:\/\/www.univ-mila.dz\/index.php?rest_route=%2Fwp%2Fv2%2Fmedia&parent=12043"}],"curies":[{"name":"wp","href":"https:\/\/api.w.org\/{rel}","templated":true}]}}