{"id":12031,"date":"2020-12-28T10:05:28","date_gmt":"2020-12-28T10:05:28","guid":{"rendered":"https:\/\/www.univ-mila.dz\/?page_id=12031"},"modified":"2020-12-28T10:12:49","modified_gmt":"2020-12-28T10:12:49","slug":"specialite-hydraulique-urbaine","status":"publish","type":"page","link":"https:\/\/www.univ-mila.dz\/?page_id=12031&lang=fr","title":{"rendered":"Sp\u00e9cialit\u00e9: Hydraulique Urbaine"},"content":{"rendered":"<p class=\"textheader\">Informations g\u00e9n\u00e9rales<\/p>\n<div class=\"noteright\">\n<p style=\"text-align: left;\" title=\"T\u00e9l\u00e9phone\"><i class=\"fa fa-phone\"><\/i>:<span style=\"color: #800000;\"><b>031450010<\/b><\/span><\/p>\n<p style=\"text-align: left;\" title=\"Fax\"><i class=\"fa fa-fax\"><\/i>:<span style=\"color: #800000;\"><strong>&#8230;&#8230;&#8230;&#8230;&#8230;&#8230;&#8230;&#8230;&#8230;..<\/strong><\/span><\/p>\n<p style=\"text-align: left;\" title=\"Courriel\"><span style=\"color: #800000;\"><span style=\"color: #333333;\"><a style=\"color: #333333;\" href=\"dept.st@centre-univ-mila.dz\"><i class=\"fa fa-envelope\"><\/i>:<span style=\"color: #800000;\"><strong>Dept.st@centre-univ-mila.dz<\/strong><\/span><\/a><\/span><\/span><\/p>\n<\/div>\n<ul>\n<li><strong>Cycle<\/strong> : Master .<\/li>\n<li><strong>Domaine<\/strong> : Sciences et Technologies.<\/li>\n<li><strong>Fili\u00e8re<\/strong> : Hydraulique.<\/li>\n<li><strong>Sp\u00e9cialit\u00e9<\/strong> <strong>(Intitul\u00e9 de la formation)<\/strong> :Hydraulique Urbaine.<\/li>\n<li><strong>Dur\u00e9e de la formation<\/strong> : 2 Ans.<\/li>\n<\/ul>\n<p>&nbsp;<\/p>\n<p class=\"textheader\">Pr\u00e9sentation de la formation<\/p>\n<p class=\"smallheader\">Objectif de la formation<\/p>\n<p>L&#8217;objectif principal, attendu de la formation envisag\u00e9e, est de transmettre aux \u00e9tudiants les connaissances th\u00e9oriques et pratiques dans le domaine de l\u2019hydraulique urbaine et des m\u00e9thodes analytiques qui lui sont rattach\u00e9es. Les programmes pluridisciplinaires propos\u00e9s ont pour finalit\u00e9 la formation de cadres comp\u00e9tents qui connaissent leur mission avec pr\u00e9cision. Dot\u00e9s d&#8217;une grande autonomie, ils seront ainsi capables d&#8217;identifier et les diff\u00e9rents am\u00e9nagements hydrauliques et les ouvrages qui leur seront associ\u00e9s, connaitre le traitement et l\u2019\u00e9puration des eaux. Et ils auront \u00e0 assurer \u00e9galement la prise en charge et la r\u00e9alisation des r\u00e9servoirs, ouvrages de protection, r\u00e9seaux d&#8217;AEP et d&#8217;assainissement ainsi que l&#8217;\u00e9tude de projets dans le domaine de la mod\u00e9lisation et les sch\u00e9mas directeurs.<\/p>\n<p class=\"smallheader\">Connaissances vis\u00e9es<\/p>\n<p>La formation envisag\u00e9e devra mener vers un dipl\u00f4me de MASTER, tout en assurant un enseignement qualitatif et quantitatif suffisant. L&#8217;impr\u00e9gnation de l&#8217;\u00e9tudiant au domaine d&#8217;int\u00e9r\u00eat de sa formation est d\u00e9j\u00e0 pr\u00e9conis\u00e9e au cours de la licence, \u00e0 travers surtout les unit\u00e9s d&#8217;enseignement de d\u00e9couverte. Cette d\u00e9marche a pour but de faire \u00e9merger, de mani\u00e8re pr\u00e9coce, les aptitudes de l&#8217;\u00e9tudiant \u00e0 poursuivre avec s\u00e9r\u00e9nit\u00e9 le cycle de formation qui lui est propos\u00e9. De ce fait, il est attendu des r\u00e9sultats probants \u00e0 la fin du cycle de formation, tout en minimisant voire tout en \u00e9liminant les risques de d\u00e9perdition ou d&#8217;\u00e9chec prolong\u00e9. Ceci pour former des cadres, qui sont capables de g\u00e9rer\u00a0:<\/p>\n<ul>\n<li>Conception des installations et des \u00e9quipements hydrauliques.<\/li>\n<li>Traitement de l&#8217;eau potable : am\u00e9liorer et conserver la qualit\u00e9 de l&#8217;eau.<\/li>\n<li>Traitement et purification des eaux us\u00e9es et leur r\u00e9utilisation.<\/li>\n<li>Conservation, protection et restauration des ressources en eau dans le cadre d&#8217;une gestion durable.<\/li>\n<li>D\u00e9velopper des axes de recherche pouvant contribuer, en coop\u00e9ration avec les secteurs sociaux et \u00e9conomiques (industrie,<\/li>\n<li>g\u00e9nie agricole, composants hydrauliques &#8230;) au d\u00e9veloppement durable.<\/li>\n<\/ul>\n<p class=\"smallheader\">Projets de fin d\u2019\u00e9tude<\/p>\n<p>Le 4\u00e8me semestre d\u2019un master de recherche est consacr\u00e9 \u00e0 la r\u00e9alisation d\u2019un travail de recherche portant sur un sujet th\u00e9orique, la pr\u00e9paration et la soutenance d\u2019un m\u00e9moire.<\/p>\n<p class=\"textheader\">Programme<\/p>\n<p><span style=\"color: #0000ff;\"><strong><span style=\"color: #000000;\">Pour telecharger :<\/span>\u00a0 <span style=\"color: #0000ff;\"><a style=\"color: #0000ff;\" href=\"\/wp-content\/uploads\/2020\/12\/Prg_MHYD_FR.pdf\">Cliquez ici<\/a><\/span><\/strong><\/span><\/p>\n<p class=\"textheader\">Etudes et d\u00e9bouch\u00e9s potentiels<\/p>\n<p>Les connaissances acquises par ce Master, permettront aux \u00e9tudiants, de s&#8217;impliquer dans d&#8217;autres domaines tels que\u00a0: Traitement et \u00e9puration des eaux, \u00e9laboration d\u2019un r\u00e9seau d\u2019alimentation en eau potable et assainissement des eaux us\u00e9es et industrielles, constructions d\u2019ouvrages hydrauliques. Les connaissances acquises, tant sur le plan th\u00e9orique que pratique, permettront \u00e9galement aux \u00e9tudiants de se diriger aussi bien vers un doctorat.<\/p>\n<p class=\"textheaderR\">D\u00e9bouch\u00e9s professionnels<\/p>\n<ul>\n<li>Entreprises de service (ADE, AGID, COSIDER, ABH, etc.\u2026).<\/li>\n<li>Bureaux d&#8217;\u00e9tudes.<\/li>\n<li>Administration\/\u00e9tablissements publics : (ANBT, DHW, SHW, etc.\u2026).<\/li>\n<li>Collectivit\u00e9s territoriales : (APC, Da\u00efras, Wilayas).<\/li>\n<\/ul>\n<p>&nbsp;<\/p>\n","protected":false},"excerpt":{"rendered":"<p>Informations g\u00e9n\u00e9rales :031450010 :&#8230;&#8230;&#8230;&#8230;&#8230;&#8230;&#8230;&#8230;&#8230;.. :Dept.st@centre-univ-mila.dz Cycle : Master . Domaine : Sciences et Technologies. Fili\u00e8re : Hydraulique. Sp\u00e9cialit\u00e9 (Intitul\u00e9 de la formation) :Hydraulique Urbaine. Dur\u00e9e de la formation : 2 Ans. &nbsp; Pr\u00e9sentation de la formation Objectif de la formation L&#8217;objectif principal, attendu de la formation envisag\u00e9e, est de transmettre aux \u00e9tudiants les connaissances th\u00e9oriques [&hellip;]<\/p>\n","protected":false},"author":1,"featured_media":7791,"parent":7896,"menu_order":0,"comment_status":"closed","ping_status":"closed","template":"","meta":{"footnotes":""},"class_list":["post-12031","page","type-page","status-publish","has-post-thumbnail","hentry"],"yoast_head":"<!-- This site is optimized with the Yoast SEO plugin v26.3 - https:\/\/yoast.com\/wordpress\/plugins\/seo\/ -->\n<title>Sp\u00e9cialit\u00e9: Hydraulique Urbaine - \u062c\u0627\u0645\u0639\u0629 \u0645\u064a\u0644\u0629<\/title>\n<meta name=\"robots\" content=\"index, follow, max-snippet:-1, max-image-preview:large, max-video-preview:-1\" \/>\n<link rel=\"canonical\" href=\"https:\/\/www.univ-mila.dz\/?page_id=12031&lang=fr\" \/>\n<meta property=\"og:locale\" content=\"ar_AR\" \/>\n<meta property=\"og:type\" content=\"article\" \/>\n<meta property=\"og:title\" content=\"Sp\u00e9cialit\u00e9: Hydraulique Urbaine - \u062c\u0627\u0645\u0639\u0629 \u0645\u064a\u0644\u0629\" \/>\n<meta property=\"og:description\" content=\"Informations g\u00e9n\u00e9rales :031450010 :&#8230;&#8230;&#8230;&#8230;&#8230;&#8230;&#8230;&#8230;&#8230;.. :Dept.st@centre-univ-mila.dz Cycle : Master . Domaine : Sciences et Technologies. Fili\u00e8re : Hydraulique. Sp\u00e9cialit\u00e9 (Intitul\u00e9 de la formation) :Hydraulique Urbaine. Dur\u00e9e de la formation : 2 Ans. &nbsp; Pr\u00e9sentation de la formation Objectif de la formation L&#8217;objectif principal, attendu de la formation envisag\u00e9e, est de transmettre aux \u00e9tudiants les connaissances th\u00e9oriques [&hellip;]\" \/>\n<meta property=\"og:url\" content=\"https:\/\/www.univ-mila.dz\/?page_id=12031&amp;lang=fr\" \/>\n<meta property=\"og:site_name\" content=\"\u062c\u0627\u0645\u0639\u0629 \u0645\u064a\u0644\u0629\" \/>\n<meta property=\"article:publisher\" content=\"https:\/\/www.facebook.com\/univmila\/\" \/>\n<meta property=\"article:modified_time\" content=\"2020-12-28T10:12:49+00:00\" \/>\n<meta property=\"og:image\" content=\"https:\/\/www.univ-mila.dz\/wp-content\/uploads\/2020\/06\/Sciences-de-la-nature-et-de-la-vie-1.png\" \/>\n\t<meta property=\"og:image:width\" content=\"200\" \/>\n\t<meta property=\"og:image:height\" content=\"200\" \/>\n\t<meta property=\"og:image:type\" content=\"image\/png\" \/>\n<meta name=\"twitter:card\" content=\"summary_large_image\" \/>\n<meta name=\"twitter:site\" content=\"@univmila\" \/>\n<meta name=\"twitter:label1\" content=\"\u0648\u0642\u062a \u0627\u0644\u0642\u0631\u0627\u0621\u0629 \u0627\u0644\u0645\u064f\u0642\u062f\u0651\u0631\" \/>\n\t<meta name=\"twitter:data1\" content=\"3 \u062f\u0642\u0627\u0626\u0642\" \/>\n<script type=\"application\/ld+json\" class=\"yoast-schema-graph\">{\"@context\":\"https:\/\/schema.org\",\"@graph\":[{\"@type\":\"WebPage\",\"@id\":\"https:\/\/www.univ-mila.dz\/?page_id=12031&lang=fr\",\"url\":\"https:\/\/www.univ-mila.dz\/?page_id=12031&lang=fr\",\"name\":\"Sp\u00e9cialit\u00e9: Hydraulique Urbaine - \u062c\u0627\u0645\u0639\u0629 \u0645\u064a\u0644\u0629\",\"isPartOf\":{\"@id\":\"https:\/\/www.univ-mila.dz\/#website\"},\"primaryImageOfPage\":{\"@id\":\"https:\/\/www.univ-mila.dz\/?page_id=12031&lang=fr#primaryimage\"},\"image\":{\"@id\":\"https:\/\/www.univ-mila.dz\/?page_id=12031&lang=fr#primaryimage\"},\"thumbnailUrl\":\"https:\/\/www.univ-mila.dz\/wp-content\/uploads\/2020\/06\/Sciences-de-la-nature-et-de-la-vie-1.png\",\"datePublished\":\"2020-12-28T10:05:28+00:00\",\"dateModified\":\"2020-12-28T10:12:49+00:00\",\"breadcrumb\":{\"@id\":\"https:\/\/www.univ-mila.dz\/?page_id=12031&lang=fr#breadcrumb\"},\"inLanguage\":\"ar\",\"potentialAction\":[{\"@type\":\"ReadAction\",\"target\":[\"https:\/\/www.univ-mila.dz\/?page_id=12031&lang=fr\"]}]},{\"@type\":\"ImageObject\",\"inLanguage\":\"ar\",\"@id\":\"https:\/\/www.univ-mila.dz\/?page_id=12031&lang=fr#primaryimage\",\"url\":\"https:\/\/www.univ-mila.dz\/wp-content\/uploads\/2020\/06\/Sciences-de-la-nature-et-de-la-vie-1.png\",\"contentUrl\":\"https:\/\/www.univ-mila.dz\/wp-content\/uploads\/2020\/06\/Sciences-de-la-nature-et-de-la-vie-1.png\",\"width\":200,\"height\":200},{\"@type\":\"BreadcrumbList\",\"@id\":\"https:\/\/www.univ-mila.dz\/?page_id=12031&lang=fr#breadcrumb\",\"itemListElement\":[{\"@type\":\"ListItem\",\"position\":1,\"name\":\"Offres de formation\",\"item\":\"https:\/\/www.univ-mila.dz\/?page_id=7868&lang=fr\"},{\"@type\":\"ListItem\",\"position\":2,\"name\":\"Domaine Sciences et Technologie\",\"item\":\"https:\/\/www.univ-mila.dz\/?page_id=7896&lang=fr\"},{\"@type\":\"ListItem\",\"position\":3,\"name\":\"Sp\u00e9cialit\u00e9: Hydraulique Urbaine\"}]},{\"@type\":\"WebSite\",\"@id\":\"https:\/\/www.univ-mila.dz\/#website\",\"url\":\"https:\/\/www.univ-mila.dz\/\",\"name\":\"\u062c\u0627\u0645\u0639\u0629 \u0639\u0628\u062f \u0627\u0644\u062d\u0641\u064a\u0638 \u0628\u0648\u0627\u0644\u0635\u0648\u0641\",\"description\":\"\u0645\u064a\u0644\u0629\",\"publisher\":{\"@id\":\"https:\/\/www.univ-mila.dz\/#organization\"},\"potentialAction\":[{\"@type\":\"SearchAction\",\"target\":{\"@type\":\"EntryPoint\",\"urlTemplate\":\"https:\/\/www.univ-mila.dz\/?s={search_term_string}\"},\"query-input\":{\"@type\":\"PropertyValueSpecification\",\"valueRequired\":true,\"valueName\":\"search_term_string\"}}],\"inLanguage\":\"ar\"},{\"@type\":\"Organization\",\"@id\":\"https:\/\/www.univ-mila.dz\/#organization\",\"name\":\"\u062c\u0627\u0645\u0639\u0629 \u0639\u0628\u062f \u0627\u0644\u062d\u0641\u064a\u0638 \u0628\u0648\u0627\u0644\u0635\u0648\u0641 - \u0645\u064a\u0644\u0629\",\"url\":\"https:\/\/www.univ-mila.dz\/\",\"logo\":{\"@type\":\"ImageObject\",\"inLanguage\":\"ar\",\"@id\":\"https:\/\/www.univ-mila.dz\/#\/schema\/logo\/image\/\",\"url\":\"http:\/\/www.centre-univ-mila.dz\/wp-content\/uploads\/2019\/02\/1416395352cumtransparent.png\",\"contentUrl\":\"http:\/\/www.centre-univ-mila.dz\/wp-content\/uploads\/2019\/02\/1416395352cumtransparent.png\",\"width\":208,\"height\":268,\"caption\":\"\u062c\u0627\u0645\u0639\u0629 \u0639\u0628\u062f \u0627\u0644\u062d\u0641\u064a\u0638 \u0628\u0648\u0627\u0644\u0635\u0648\u0641 - \u0645\u064a\u0644\u0629\"},\"image\":{\"@id\":\"https:\/\/www.univ-mila.dz\/#\/schema\/logo\/image\/\"},\"sameAs\":[\"https:\/\/www.facebook.com\/univmila\/\",\"https:\/\/x.com\/univmila\",\"https:\/\/www.youtube.com\/channel\/UC9--lQO1WBvXm38B70e9u5w\"]}]}<\/script>\n<!-- \/ Yoast SEO plugin. -->","yoast_head_json":{"title":"Sp\u00e9cialit\u00e9: Hydraulique Urbaine - \u062c\u0627\u0645\u0639\u0629 \u0645\u064a\u0644\u0629","robots":{"index":"index","follow":"follow","max-snippet":"max-snippet:-1","max-image-preview":"max-image-preview:large","max-video-preview":"max-video-preview:-1"},"canonical":"https:\/\/www.univ-mila.dz\/?page_id=12031&lang=fr","og_locale":"ar_AR","og_type":"article","og_title":"Sp\u00e9cialit\u00e9: Hydraulique Urbaine - \u062c\u0627\u0645\u0639\u0629 \u0645\u064a\u0644\u0629","og_description":"Informations g\u00e9n\u00e9rales :031450010 :&#8230;&#8230;&#8230;&#8230;&#8230;&#8230;&#8230;&#8230;&#8230;.. :Dept.st@centre-univ-mila.dz Cycle : Master . Domaine : Sciences et Technologies. Fili\u00e8re : Hydraulique. Sp\u00e9cialit\u00e9 (Intitul\u00e9 de la formation) :Hydraulique Urbaine. Dur\u00e9e de la formation : 2 Ans. &nbsp; Pr\u00e9sentation de la formation Objectif de la formation L&#8217;objectif principal, attendu de la formation envisag\u00e9e, est de transmettre aux \u00e9tudiants les connaissances th\u00e9oriques [&hellip;]","og_url":"https:\/\/www.univ-mila.dz\/?page_id=12031&lang=fr","og_site_name":"\u062c\u0627\u0645\u0639\u0629 \u0645\u064a\u0644\u0629","article_publisher":"https:\/\/www.facebook.com\/univmila\/","article_modified_time":"2020-12-28T10:12:49+00:00","og_image":[{"width":200,"height":200,"url":"https:\/\/www.univ-mila.dz\/wp-content\/uploads\/2020\/06\/Sciences-de-la-nature-et-de-la-vie-1.png","type":"image\/png"}],"twitter_card":"summary_large_image","twitter_site":"@univmila","twitter_misc":{"\u0648\u0642\u062a \u0627\u0644\u0642\u0631\u0627\u0621\u0629 \u0627\u0644\u0645\u064f\u0642\u062f\u0651\u0631":"3 \u062f\u0642\u0627\u0626\u0642"},"schema":{"@context":"https:\/\/schema.org","@graph":[{"@type":"WebPage","@id":"https:\/\/www.univ-mila.dz\/?page_id=12031&lang=fr","url":"https:\/\/www.univ-mila.dz\/?page_id=12031&lang=fr","name":"Sp\u00e9cialit\u00e9: Hydraulique Urbaine - \u062c\u0627\u0645\u0639\u0629 \u0645\u064a\u0644\u0629","isPartOf":{"@id":"https:\/\/www.univ-mila.dz\/#website"},"primaryImageOfPage":{"@id":"https:\/\/www.univ-mila.dz\/?page_id=12031&lang=fr#primaryimage"},"image":{"@id":"https:\/\/www.univ-mila.dz\/?page_id=12031&lang=fr#primaryimage"},"thumbnailUrl":"https:\/\/www.univ-mila.dz\/wp-content\/uploads\/2020\/06\/Sciences-de-la-nature-et-de-la-vie-1.png","datePublished":"2020-12-28T10:05:28+00:00","dateModified":"2020-12-28T10:12:49+00:00","breadcrumb":{"@id":"https:\/\/www.univ-mila.dz\/?page_id=12031&lang=fr#breadcrumb"},"inLanguage":"ar","potentialAction":[{"@type":"ReadAction","target":["https:\/\/www.univ-mila.dz\/?page_id=12031&lang=fr"]}]},{"@type":"ImageObject","inLanguage":"ar","@id":"https:\/\/www.univ-mila.dz\/?page_id=12031&lang=fr#primaryimage","url":"https:\/\/www.univ-mila.dz\/wp-content\/uploads\/2020\/06\/Sciences-de-la-nature-et-de-la-vie-1.png","contentUrl":"https:\/\/www.univ-mila.dz\/wp-content\/uploads\/2020\/06\/Sciences-de-la-nature-et-de-la-vie-1.png","width":200,"height":200},{"@type":"BreadcrumbList","@id":"https:\/\/www.univ-mila.dz\/?page_id=12031&lang=fr#breadcrumb","itemListElement":[{"@type":"ListItem","position":1,"name":"Offres de formation","item":"https:\/\/www.univ-mila.dz\/?page_id=7868&lang=fr"},{"@type":"ListItem","position":2,"name":"Domaine Sciences et Technologie","item":"https:\/\/www.univ-mila.dz\/?page_id=7896&lang=fr"},{"@type":"ListItem","position":3,"name":"Sp\u00e9cialit\u00e9: Hydraulique Urbaine"}]},{"@type":"WebSite","@id":"https:\/\/www.univ-mila.dz\/#website","url":"https:\/\/www.univ-mila.dz\/","name":"\u062c\u0627\u0645\u0639\u0629 \u0639\u0628\u062f \u0627\u0644\u062d\u0641\u064a\u0638 \u0628\u0648\u0627\u0644\u0635\u0648\u0641","description":"\u0645\u064a\u0644\u0629","publisher":{"@id":"https:\/\/www.univ-mila.dz\/#organization"},"potentialAction":[{"@type":"SearchAction","target":{"@type":"EntryPoint","urlTemplate":"https:\/\/www.univ-mila.dz\/?s={search_term_string}"},"query-input":{"@type":"PropertyValueSpecification","valueRequired":true,"valueName":"search_term_string"}}],"inLanguage":"ar"},{"@type":"Organization","@id":"https:\/\/www.univ-mila.dz\/#organization","name":"\u062c\u0627\u0645\u0639\u0629 \u0639\u0628\u062f \u0627\u0644\u062d\u0641\u064a\u0638 \u0628\u0648\u0627\u0644\u0635\u0648\u0641 - \u0645\u064a\u0644\u0629","url":"https:\/\/www.univ-mila.dz\/","logo":{"@type":"ImageObject","inLanguage":"ar","@id":"https:\/\/www.univ-mila.dz\/#\/schema\/logo\/image\/","url":"http:\/\/www.centre-univ-mila.dz\/wp-content\/uploads\/2019\/02\/1416395352cumtransparent.png","contentUrl":"http:\/\/www.centre-univ-mila.dz\/wp-content\/uploads\/2019\/02\/1416395352cumtransparent.png","width":208,"height":268,"caption":"\u062c\u0627\u0645\u0639\u0629 \u0639\u0628\u062f \u0627\u0644\u062d\u0641\u064a\u0638 \u0628\u0648\u0627\u0644\u0635\u0648\u0641 - \u0645\u064a\u0644\u0629"},"image":{"@id":"https:\/\/www.univ-mila.dz\/#\/schema\/logo\/image\/"},"sameAs":["https:\/\/www.facebook.com\/univmila\/","https:\/\/x.com\/univmila","https:\/\/www.youtube.com\/channel\/UC9--lQO1WBvXm38B70e9u5w"]}]}},"_links":{"self":[{"href":"https:\/\/www.univ-mila.dz\/index.php?rest_route=\/wp\/v2\/pages\/12031","targetHints":{"allow":["GET"]}}],"collection":[{"href":"https:\/\/www.univ-mila.dz\/index.php?rest_route=\/wp\/v2\/pages"}],"about":[{"href":"https:\/\/www.univ-mila.dz\/index.php?rest_route=\/wp\/v2\/types\/page"}],"author":[{"embeddable":true,"href":"https:\/\/www.univ-mila.dz\/index.php?rest_route=\/wp\/v2\/users\/1"}],"replies":[{"embeddable":true,"href":"https:\/\/www.univ-mila.dz\/index.php?rest_route=%2Fwp%2Fv2%2Fcomments&post=12031"}],"version-history":[{"count":3,"href":"https:\/\/www.univ-mila.dz\/index.php?rest_route=\/wp\/v2\/pages\/12031\/revisions"}],"predecessor-version":[{"id":12037,"href":"https:\/\/www.univ-mila.dz\/index.php?rest_route=\/wp\/v2\/pages\/12031\/revisions\/12037"}],"up":[{"embeddable":true,"href":"https:\/\/www.univ-mila.dz\/index.php?rest_route=\/wp\/v2\/pages\/7896"}],"wp:featuredmedia":[{"embeddable":true,"href":"https:\/\/www.univ-mila.dz\/index.php?rest_route=\/wp\/v2\/media\/7791"}],"wp:attachment":[{"href":"https:\/\/www.univ-mila.dz\/index.php?rest_route=%2Fwp%2Fv2%2Fmedia&parent=12031"}],"curies":[{"name":"wp","href":"https:\/\/api.w.org\/{rel}","templated":true}]}}