{"id":12007,"date":"2020-12-27T14:48:54","date_gmt":"2020-12-27T14:48:54","guid":{"rendered":"https:\/\/www.univ-mila.dz\/?page_id=12007"},"modified":"2020-12-27T14:56:06","modified_gmt":"2020-12-27T14:56:06","slug":"specialite-genie-mecanique-energetique","status":"publish","type":"page","link":"https:\/\/www.univ-mila.dz\/?page_id=12007&lang=fr","title":{"rendered":"Sp\u00e9cialit\u00e9:  G\u00e9nie M\u00e9canique \u00e9nerg\u00e9tique"},"content":{"rendered":"<p class=\"textheader\">Informations g\u00e9n\u00e9rales<\/p>\n<div class=\"noteright\">\n<p style=\"text-align: left;\" title=\"T\u00e9l\u00e9phone\"><i class=\"fa fa-phone\"><\/i>:<span style=\"color: #800000;\"><b>031450010<\/b><\/span><\/p>\n<p style=\"text-align: left;\" title=\"Fax\"><i class=\"fa fa-fax\"><\/i>:<span style=\"color: #800000;\"><strong>&#8230;&#8230;&#8230;&#8230;&#8230;&#8230;&#8230;&#8230;&#8230;..<\/strong><\/span><\/p>\n<p style=\"text-align: left;\" title=\"Courriel\"><span style=\"color: #800000;\"><span style=\"color: #333333;\"><a style=\"color: #333333;\" href=\"dept.snv@centre-univ-mila.dz\"><i class=\"fa fa-envelope\"><\/i>:<span style=\"color: #800000;\"><strong>dep.st.mila@gmail.com<\/strong><\/span><\/a><\/span><\/span><\/p>\n<\/div>\n<ul>\n<li><strong>Cycle<\/strong> : Licence .<\/li>\n<li><strong>Domaine<\/strong> : Sciences et technologie.<\/li>\n<li><strong>Fili\u00e8re<\/strong> : G\u00e9nie M\u00e9canique.<\/li>\n<li><strong>Sp\u00e9cialit\u00e9<\/strong> <strong>(Intitul\u00e9 de la formation)<\/strong> : G\u00e9nie M\u00e9canique \u00e9nerg\u00e9tique.<\/li>\n<li><strong>Dur\u00e9e de la formation<\/strong> : 3 Ans.<\/li>\n<\/ul>\n<p>&nbsp;<\/p>\n<p class=\"textheader\">Pr\u00e9sentation de la formation<\/p>\n<p class=\"smallheader\">Objectif de la formation<\/p>\n<p>\u00a0Acqu\u00e9rir les r\u00e9flexes d\u2019un \u00e9nerg\u00e9ticien, \u00eatre capable de faire le bilan \u00e9nerg\u00e9tique d\u2019un syst\u00e8me m\u00e9canique quelconque, consommateur ou g\u00e9n\u00e9rateur d\u2019\u00e9nergie sous quelque forme que ce soit, pour pouvoir ensuite d\u00e9cider de sa vitalit\u00e9 ou localiser ses d\u00e9faillances. Tel est l\u2019objectif ambitieux de cette formation.<br \/>\nLa Licence en M\u00e9canique \u00e9nerg\u00e9tique propos\u00e9e permet, aussi, au titulaire de son dipl\u00f4me de s\u2019adapter le plus rapidement possible dans les divers m\u00e9tiers li\u00e9s \u00e0 la production, la g\u00e9n\u00e9ration, le transport, la transformation et l\u2019utilisation de l\u2019\u00e9nergie, aussi les m\u00e9tiers du conditionnement de l\u2019air industriel, de la production du froid, du chauffage, de la climatisation domestique, les centrales thermiques, solaires, hydrauliques, g\u00e9othermiques, \u00e9oliennes, les moteurs \u2026 sont vis\u00e9s par cette formation.<br \/>\nGr\u00e2ce \u00e0 une formation solide en thermodynamique et thermodynamique appliqu\u00e9e, les transferts de chaleur, la m\u00e9caniques des fluides les turbomachines, les moteurs, les \u00e9nergies renouvelables le froid et le g\u00e9nie climatique, le dipl\u00f4m\u00e9 en \u00e9nerg\u00e9tique sera capable de s\u2019adapter ais\u00e9ment et de construire des comp\u00e9tences dans tous les m\u00e9tiers en relation avec l\u2019\u00e9nergie..<\/p>\n<p class=\"smallheader\">Connaissances vis\u00e9es<\/p>\n<p>\u00a0La licence acad\u00e9mique en \u00e9nerg\u00e9tique pr\u00e9pare \u00e0 la formation de Master dans une multitude de sp\u00e9cialit\u00e9s par son programme de base, riche en mati\u00e8re d\u2019enseignements. Par ailleurs, cette formation pr\u00e9pare le dipl\u00f4m\u00e9 \u00e0 int\u00e9grer des secteurs d&#8217;activit\u00e9s potentiels divers :<\/p>\n<ul>\n<li>Bureaux d\u2019\u00e9tudes, Analyse caract\u00e9risation, Expertise-conseil.<\/li>\n<li>PME en industries m\u00e9caniques.<\/li>\n<li>Maintenance du parc de machines, etc.<\/li>\n<\/ul>\n<p class=\"smallheader\">Projets de fin d\u2019\u00e9tude<\/p>\n<p>Le th\u00e8me du Projet de fin de cycle doit provenir d&#8217;un choix concert\u00e9 entre l&#8217;enseignant tuteur et un \u00e9tudiant (ou un groupe d\u2019\u00e9tudiants : bin\u00f4me voire trin\u00f4me). Le sujet doit obligatoirement cadrer avec les objectifs de la formation et les aptitudes r\u00e9elles de l\u2019\u00e9tudiant (niveau Licence). Il est par ailleurs pr\u00e9f\u00e9rable que ce th\u00e8me tienne en compte l\u2019environnement social et \u00e9conomique de l\u2019\u00e9tablissement. Lorsque la nature du projet le n\u00e9cessite, il peut \u00eatre subdivis\u00e9 en plusieurs parties.<\/p>\n<p class=\"textheader\">Programme<\/p>\n<p><span style=\"color: #0000ff;\"><strong><span style=\"color: #000000;\">Pour telecharger :<\/span><span style=\"color: #0000ff;\"><a style=\"color: #0000ff;\" href=\"\/wp-content\/uploads\/2020\/12\/Prg_LGM_FR.pdf\">Cliquez ici<\/a><\/span><\/strong><\/span><\/p>\n<p class=\"textheader\">Etudes et d\u00e9bouch\u00e9s potentiels<\/p>\n<p>La licence acad\u00e9mique en \u00e9nerg\u00e9tique pr\u00e9pare \u00e0 la formation de Master dans une multitude de sp\u00e9cialit\u00e9s par son programme riche en mati\u00e8re d\u2019enseignements de base.<\/p>\n<p class=\"textheaderR\">D\u00e9bouch\u00e9s professionnels<\/p>\n<p>Cette Licence offre de r\u00e9els d\u00e9bouch\u00e9s professionnels dans de nombreux secteurs, \u00e0 savoir :<\/p>\n<ul>\n<li>Transport de tous les types de fluides (eau, gaz, p\u00e9trole, eau pressuris\u00e9e).<\/li>\n<li>Centrales thermiques.<\/li>\n<li>Centrales solaires et hydrauliques, centrales \u00e0 gaz et groupes moteurs thermiques.<\/li>\n<li>Froid, production et distribution, liqu\u00e9faction du gaz naturel et ses d\u00e9riv\u00e9es.<\/li>\n<li>Liqu\u00e9faction de l\u2019air et de ses composants pour l\u2019industrie et la m\u00e9decine.<\/li>\n<\/ul>\n","protected":false},"excerpt":{"rendered":"<p>Informations g\u00e9n\u00e9rales :031450010 :&#8230;&#8230;&#8230;&#8230;&#8230;&#8230;&#8230;&#8230;&#8230;.. :dep.st.mila@gmail.com Cycle : Licence . Domaine : Sciences et technologie. Fili\u00e8re : G\u00e9nie M\u00e9canique. Sp\u00e9cialit\u00e9 (Intitul\u00e9 de la formation) : G\u00e9nie M\u00e9canique \u00e9nerg\u00e9tique. Dur\u00e9e de la formation : 3 Ans. &nbsp; Pr\u00e9sentation de la formation Objectif de la formation \u00a0Acqu\u00e9rir les r\u00e9flexes d\u2019un \u00e9nerg\u00e9ticien, \u00eatre capable de faire le bilan \u00e9nerg\u00e9tique [&hellip;]<\/p>\n","protected":false},"author":1,"featured_media":7788,"parent":7896,"menu_order":0,"comment_status":"closed","ping_status":"closed","template":"","meta":{"footnotes":""},"class_list":["post-12007","page","type-page","status-publish","has-post-thumbnail","hentry"],"yoast_head":"<!-- This site is optimized with the Yoast SEO plugin v26.3 - https:\/\/yoast.com\/wordpress\/plugins\/seo\/ -->\n<title>Sp\u00e9cialit\u00e9: G\u00e9nie M\u00e9canique \u00e9nerg\u00e9tique - \u062c\u0627\u0645\u0639\u0629 \u0645\u064a\u0644\u0629<\/title>\n<meta name=\"robots\" content=\"index, follow, max-snippet:-1, max-image-preview:large, max-video-preview:-1\" \/>\n<link rel=\"canonical\" href=\"https:\/\/www.univ-mila.dz\/?page_id=12007&lang=fr\" \/>\n<meta property=\"og:locale\" content=\"ar_AR\" \/>\n<meta property=\"og:type\" content=\"article\" \/>\n<meta property=\"og:title\" content=\"Sp\u00e9cialit\u00e9: G\u00e9nie M\u00e9canique \u00e9nerg\u00e9tique - \u062c\u0627\u0645\u0639\u0629 \u0645\u064a\u0644\u0629\" \/>\n<meta property=\"og:description\" content=\"Informations g\u00e9n\u00e9rales :031450010 :&#8230;&#8230;&#8230;&#8230;&#8230;&#8230;&#8230;&#8230;&#8230;.. :dep.st.mila@gmail.com Cycle : Licence . Domaine : Sciences et technologie. Fili\u00e8re : G\u00e9nie M\u00e9canique. Sp\u00e9cialit\u00e9 (Intitul\u00e9 de la formation) : G\u00e9nie M\u00e9canique \u00e9nerg\u00e9tique. Dur\u00e9e de la formation : 3 Ans. &nbsp; Pr\u00e9sentation de la formation Objectif de la formation \u00a0Acqu\u00e9rir les r\u00e9flexes d\u2019un \u00e9nerg\u00e9ticien, \u00eatre capable de faire le bilan \u00e9nerg\u00e9tique [&hellip;]\" \/>\n<meta property=\"og:url\" content=\"https:\/\/www.univ-mila.dz\/?page_id=12007&amp;lang=fr\" \/>\n<meta property=\"og:site_name\" content=\"\u062c\u0627\u0645\u0639\u0629 \u0645\u064a\u0644\u0629\" \/>\n<meta property=\"article:publisher\" content=\"https:\/\/www.facebook.com\/univmila\/\" \/>\n<meta property=\"article:modified_time\" content=\"2020-12-27T14:56:06+00:00\" \/>\n<meta property=\"og:image\" content=\"https:\/\/www.univ-mila.dz\/wp-content\/uploads\/2020\/06\/sciences-techniques-1.png\" \/>\n\t<meta property=\"og:image:width\" content=\"200\" \/>\n\t<meta property=\"og:image:height\" content=\"200\" \/>\n\t<meta property=\"og:image:type\" content=\"image\/png\" \/>\n<meta name=\"twitter:card\" content=\"summary_large_image\" \/>\n<meta name=\"twitter:site\" content=\"@univmila\" \/>\n<meta name=\"twitter:label1\" content=\"\u0648\u0642\u062a \u0627\u0644\u0642\u0631\u0627\u0621\u0629 \u0627\u0644\u0645\u064f\u0642\u062f\u0651\u0631\" \/>\n\t<meta name=\"twitter:data1\" content=\"3 \u062f\u0642\u0627\u0626\u0642\" \/>\n<script type=\"application\/ld+json\" class=\"yoast-schema-graph\">{\"@context\":\"https:\/\/schema.org\",\"@graph\":[{\"@type\":\"WebPage\",\"@id\":\"https:\/\/www.univ-mila.dz\/?page_id=12007&lang=fr\",\"url\":\"https:\/\/www.univ-mila.dz\/?page_id=12007&lang=fr\",\"name\":\"Sp\u00e9cialit\u00e9: G\u00e9nie M\u00e9canique \u00e9nerg\u00e9tique - \u062c\u0627\u0645\u0639\u0629 \u0645\u064a\u0644\u0629\",\"isPartOf\":{\"@id\":\"https:\/\/www.univ-mila.dz\/#website\"},\"primaryImageOfPage\":{\"@id\":\"https:\/\/www.univ-mila.dz\/?page_id=12007&lang=fr#primaryimage\"},\"image\":{\"@id\":\"https:\/\/www.univ-mila.dz\/?page_id=12007&lang=fr#primaryimage\"},\"thumbnailUrl\":\"https:\/\/www.univ-mila.dz\/wp-content\/uploads\/2020\/06\/sciences-techniques-1.png\",\"datePublished\":\"2020-12-27T14:48:54+00:00\",\"dateModified\":\"2020-12-27T14:56:06+00:00\",\"breadcrumb\":{\"@id\":\"https:\/\/www.univ-mila.dz\/?page_id=12007&lang=fr#breadcrumb\"},\"inLanguage\":\"ar\",\"potentialAction\":[{\"@type\":\"ReadAction\",\"target\":[\"https:\/\/www.univ-mila.dz\/?page_id=12007&lang=fr\"]}]},{\"@type\":\"ImageObject\",\"inLanguage\":\"ar\",\"@id\":\"https:\/\/www.univ-mila.dz\/?page_id=12007&lang=fr#primaryimage\",\"url\":\"https:\/\/www.univ-mila.dz\/wp-content\/uploads\/2020\/06\/sciences-techniques-1.png\",\"contentUrl\":\"https:\/\/www.univ-mila.dz\/wp-content\/uploads\/2020\/06\/sciences-techniques-1.png\",\"width\":200,\"height\":200},{\"@type\":\"BreadcrumbList\",\"@id\":\"https:\/\/www.univ-mila.dz\/?page_id=12007&lang=fr#breadcrumb\",\"itemListElement\":[{\"@type\":\"ListItem\",\"position\":1,\"name\":\"Offres de formation\",\"item\":\"https:\/\/www.univ-mila.dz\/?page_id=7868&lang=fr\"},{\"@type\":\"ListItem\",\"position\":2,\"name\":\"Domaine Sciences et Technologie\",\"item\":\"https:\/\/www.univ-mila.dz\/?page_id=7896&lang=fr\"},{\"@type\":\"ListItem\",\"position\":3,\"name\":\"Sp\u00e9cialit\u00e9: G\u00e9nie M\u00e9canique \u00e9nerg\u00e9tique\"}]},{\"@type\":\"WebSite\",\"@id\":\"https:\/\/www.univ-mila.dz\/#website\",\"url\":\"https:\/\/www.univ-mila.dz\/\",\"name\":\"\u062c\u0627\u0645\u0639\u0629 \u0639\u0628\u062f \u0627\u0644\u062d\u0641\u064a\u0638 \u0628\u0648\u0627\u0644\u0635\u0648\u0641\",\"description\":\"\u0645\u064a\u0644\u0629\",\"publisher\":{\"@id\":\"https:\/\/www.univ-mila.dz\/#organization\"},\"potentialAction\":[{\"@type\":\"SearchAction\",\"target\":{\"@type\":\"EntryPoint\",\"urlTemplate\":\"https:\/\/www.univ-mila.dz\/?s={search_term_string}\"},\"query-input\":{\"@type\":\"PropertyValueSpecification\",\"valueRequired\":true,\"valueName\":\"search_term_string\"}}],\"inLanguage\":\"ar\"},{\"@type\":\"Organization\",\"@id\":\"https:\/\/www.univ-mila.dz\/#organization\",\"name\":\"\u062c\u0627\u0645\u0639\u0629 \u0639\u0628\u062f \u0627\u0644\u062d\u0641\u064a\u0638 \u0628\u0648\u0627\u0644\u0635\u0648\u0641 - \u0645\u064a\u0644\u0629\",\"url\":\"https:\/\/www.univ-mila.dz\/\",\"logo\":{\"@type\":\"ImageObject\",\"inLanguage\":\"ar\",\"@id\":\"https:\/\/www.univ-mila.dz\/#\/schema\/logo\/image\/\",\"url\":\"http:\/\/www.centre-univ-mila.dz\/wp-content\/uploads\/2019\/02\/1416395352cumtransparent.png\",\"contentUrl\":\"http:\/\/www.centre-univ-mila.dz\/wp-content\/uploads\/2019\/02\/1416395352cumtransparent.png\",\"width\":208,\"height\":268,\"caption\":\"\u062c\u0627\u0645\u0639\u0629 \u0639\u0628\u062f \u0627\u0644\u062d\u0641\u064a\u0638 \u0628\u0648\u0627\u0644\u0635\u0648\u0641 - \u0645\u064a\u0644\u0629\"},\"image\":{\"@id\":\"https:\/\/www.univ-mila.dz\/#\/schema\/logo\/image\/\"},\"sameAs\":[\"https:\/\/www.facebook.com\/univmila\/\",\"https:\/\/x.com\/univmila\",\"https:\/\/www.youtube.com\/channel\/UC9--lQO1WBvXm38B70e9u5w\"]}]}<\/script>\n<!-- \/ Yoast SEO plugin. -->","yoast_head_json":{"title":"Sp\u00e9cialit\u00e9: G\u00e9nie M\u00e9canique \u00e9nerg\u00e9tique - \u062c\u0627\u0645\u0639\u0629 \u0645\u064a\u0644\u0629","robots":{"index":"index","follow":"follow","max-snippet":"max-snippet:-1","max-image-preview":"max-image-preview:large","max-video-preview":"max-video-preview:-1"},"canonical":"https:\/\/www.univ-mila.dz\/?page_id=12007&lang=fr","og_locale":"ar_AR","og_type":"article","og_title":"Sp\u00e9cialit\u00e9: G\u00e9nie M\u00e9canique \u00e9nerg\u00e9tique - \u062c\u0627\u0645\u0639\u0629 \u0645\u064a\u0644\u0629","og_description":"Informations g\u00e9n\u00e9rales :031450010 :&#8230;&#8230;&#8230;&#8230;&#8230;&#8230;&#8230;&#8230;&#8230;.. :dep.st.mila@gmail.com Cycle : Licence . Domaine : Sciences et technologie. Fili\u00e8re : G\u00e9nie M\u00e9canique. Sp\u00e9cialit\u00e9 (Intitul\u00e9 de la formation) : G\u00e9nie M\u00e9canique \u00e9nerg\u00e9tique. Dur\u00e9e de la formation : 3 Ans. &nbsp; Pr\u00e9sentation de la formation Objectif de la formation \u00a0Acqu\u00e9rir les r\u00e9flexes d\u2019un \u00e9nerg\u00e9ticien, \u00eatre capable de faire le bilan \u00e9nerg\u00e9tique [&hellip;]","og_url":"https:\/\/www.univ-mila.dz\/?page_id=12007&lang=fr","og_site_name":"\u062c\u0627\u0645\u0639\u0629 \u0645\u064a\u0644\u0629","article_publisher":"https:\/\/www.facebook.com\/univmila\/","article_modified_time":"2020-12-27T14:56:06+00:00","og_image":[{"width":200,"height":200,"url":"https:\/\/www.univ-mila.dz\/wp-content\/uploads\/2020\/06\/sciences-techniques-1.png","type":"image\/png"}],"twitter_card":"summary_large_image","twitter_site":"@univmila","twitter_misc":{"\u0648\u0642\u062a \u0627\u0644\u0642\u0631\u0627\u0621\u0629 \u0627\u0644\u0645\u064f\u0642\u062f\u0651\u0631":"3 \u062f\u0642\u0627\u0626\u0642"},"schema":{"@context":"https:\/\/schema.org","@graph":[{"@type":"WebPage","@id":"https:\/\/www.univ-mila.dz\/?page_id=12007&lang=fr","url":"https:\/\/www.univ-mila.dz\/?page_id=12007&lang=fr","name":"Sp\u00e9cialit\u00e9: G\u00e9nie M\u00e9canique \u00e9nerg\u00e9tique - \u062c\u0627\u0645\u0639\u0629 \u0645\u064a\u0644\u0629","isPartOf":{"@id":"https:\/\/www.univ-mila.dz\/#website"},"primaryImageOfPage":{"@id":"https:\/\/www.univ-mila.dz\/?page_id=12007&lang=fr#primaryimage"},"image":{"@id":"https:\/\/www.univ-mila.dz\/?page_id=12007&lang=fr#primaryimage"},"thumbnailUrl":"https:\/\/www.univ-mila.dz\/wp-content\/uploads\/2020\/06\/sciences-techniques-1.png","datePublished":"2020-12-27T14:48:54+00:00","dateModified":"2020-12-27T14:56:06+00:00","breadcrumb":{"@id":"https:\/\/www.univ-mila.dz\/?page_id=12007&lang=fr#breadcrumb"},"inLanguage":"ar","potentialAction":[{"@type":"ReadAction","target":["https:\/\/www.univ-mila.dz\/?page_id=12007&lang=fr"]}]},{"@type":"ImageObject","inLanguage":"ar","@id":"https:\/\/www.univ-mila.dz\/?page_id=12007&lang=fr#primaryimage","url":"https:\/\/www.univ-mila.dz\/wp-content\/uploads\/2020\/06\/sciences-techniques-1.png","contentUrl":"https:\/\/www.univ-mila.dz\/wp-content\/uploads\/2020\/06\/sciences-techniques-1.png","width":200,"height":200},{"@type":"BreadcrumbList","@id":"https:\/\/www.univ-mila.dz\/?page_id=12007&lang=fr#breadcrumb","itemListElement":[{"@type":"ListItem","position":1,"name":"Offres de formation","item":"https:\/\/www.univ-mila.dz\/?page_id=7868&lang=fr"},{"@type":"ListItem","position":2,"name":"Domaine Sciences et Technologie","item":"https:\/\/www.univ-mila.dz\/?page_id=7896&lang=fr"},{"@type":"ListItem","position":3,"name":"Sp\u00e9cialit\u00e9: G\u00e9nie M\u00e9canique \u00e9nerg\u00e9tique"}]},{"@type":"WebSite","@id":"https:\/\/www.univ-mila.dz\/#website","url":"https:\/\/www.univ-mila.dz\/","name":"\u062c\u0627\u0645\u0639\u0629 \u0639\u0628\u062f \u0627\u0644\u062d\u0641\u064a\u0638 \u0628\u0648\u0627\u0644\u0635\u0648\u0641","description":"\u0645\u064a\u0644\u0629","publisher":{"@id":"https:\/\/www.univ-mila.dz\/#organization"},"potentialAction":[{"@type":"SearchAction","target":{"@type":"EntryPoint","urlTemplate":"https:\/\/www.univ-mila.dz\/?s={search_term_string}"},"query-input":{"@type":"PropertyValueSpecification","valueRequired":true,"valueName":"search_term_string"}}],"inLanguage":"ar"},{"@type":"Organization","@id":"https:\/\/www.univ-mila.dz\/#organization","name":"\u062c\u0627\u0645\u0639\u0629 \u0639\u0628\u062f \u0627\u0644\u062d\u0641\u064a\u0638 \u0628\u0648\u0627\u0644\u0635\u0648\u0641 - \u0645\u064a\u0644\u0629","url":"https:\/\/www.univ-mila.dz\/","logo":{"@type":"ImageObject","inLanguage":"ar","@id":"https:\/\/www.univ-mila.dz\/#\/schema\/logo\/image\/","url":"http:\/\/www.centre-univ-mila.dz\/wp-content\/uploads\/2019\/02\/1416395352cumtransparent.png","contentUrl":"http:\/\/www.centre-univ-mila.dz\/wp-content\/uploads\/2019\/02\/1416395352cumtransparent.png","width":208,"height":268,"caption":"\u062c\u0627\u0645\u0639\u0629 \u0639\u0628\u062f \u0627\u0644\u062d\u0641\u064a\u0638 \u0628\u0648\u0627\u0644\u0635\u0648\u0641 - \u0645\u064a\u0644\u0629"},"image":{"@id":"https:\/\/www.univ-mila.dz\/#\/schema\/logo\/image\/"},"sameAs":["https:\/\/www.facebook.com\/univmila\/","https:\/\/x.com\/univmila","https:\/\/www.youtube.com\/channel\/UC9--lQO1WBvXm38B70e9u5w"]}]}},"_links":{"self":[{"href":"https:\/\/www.univ-mila.dz\/index.php?rest_route=\/wp\/v2\/pages\/12007","targetHints":{"allow":["GET"]}}],"collection":[{"href":"https:\/\/www.univ-mila.dz\/index.php?rest_route=\/wp\/v2\/pages"}],"about":[{"href":"https:\/\/www.univ-mila.dz\/index.php?rest_route=\/wp\/v2\/types\/page"}],"author":[{"embeddable":true,"href":"https:\/\/www.univ-mila.dz\/index.php?rest_route=\/wp\/v2\/users\/1"}],"replies":[{"embeddable":true,"href":"https:\/\/www.univ-mila.dz\/index.php?rest_route=%2Fwp%2Fv2%2Fcomments&post=12007"}],"version-history":[{"count":4,"href":"https:\/\/www.univ-mila.dz\/index.php?rest_route=\/wp\/v2\/pages\/12007\/revisions"}],"predecessor-version":[{"id":12014,"href":"https:\/\/www.univ-mila.dz\/index.php?rest_route=\/wp\/v2\/pages\/12007\/revisions\/12014"}],"up":[{"embeddable":true,"href":"https:\/\/www.univ-mila.dz\/index.php?rest_route=\/wp\/v2\/pages\/7896"}],"wp:featuredmedia":[{"embeddable":true,"href":"https:\/\/www.univ-mila.dz\/index.php?rest_route=\/wp\/v2\/media\/7788"}],"wp:attachment":[{"href":"https:\/\/www.univ-mila.dz\/index.php?rest_route=%2Fwp%2Fv2%2Fmedia&parent=12007"}],"curies":[{"name":"wp","href":"https:\/\/api.w.org\/{rel}","templated":true}]}}