{"id":11846,"date":"2020-12-24T11:15:36","date_gmt":"2020-12-24T11:15:36","guid":{"rendered":"https:\/\/www.univ-mila.dz\/?page_id=11846"},"modified":"2020-12-28T09:37:36","modified_gmt":"2020-12-28T09:37:36","slug":"specialite-biotechnologie-vegetale","status":"publish","type":"page","link":"https:\/\/www.univ-mila.dz\/?page_id=11846&lang=fr","title":{"rendered":"Sp\u00e9cialit\u00e9: Biotechnologie v\u00e9g\u00e9tale"},"content":{"rendered":"<p class=\"textheader\">Informations g\u00e9n\u00e9rales<\/p>\n<div class=\"noteright\">\n<p style=\"text-align: left;\" title=\"T\u00e9l\u00e9phone\"><i class=\"fa fa-phone\"><\/i>:<span style=\"color: #800000;\"><b>&#8230;&#8230;&#8230;&#8230;&#8230;&#8230;&#8230;&#8230;&#8230;&#8230;<\/b><\/span><\/p>\n<p style=\"text-align: left;\" title=\"Fax\"><i class=\"fa fa-fax\"><\/i>:<span style=\"color: #800000;\"><strong>&#8230;&#8230;&#8230;&#8230;&#8230;&#8230;&#8230;&#8230;&#8230;..<\/strong><\/span><\/p>\n<p style=\"text-align: left;\" title=\"Courriel\"><span style=\"color: #800000;\"><span style=\"color: #333333;\"><a style=\"color: #333333;\" href=\"dept.snv@centre-univ-mila.dz\"><i class=\"fa fa-envelope\"><\/i>:<span style=\"color: #800000;\"><strong>Dept.snv@centre-univ-mila.dz<\/strong><\/span><\/a><\/span><\/span><\/p>\n<\/div>\n<ul>\n<li><strong>Cycle<\/strong> : Master .<\/li>\n<li><strong>Domaine<\/strong> : SNV.<\/li>\n<li><strong>Fili\u00e8re<\/strong> : Biotechnologies.<\/li>\n<li><strong>Sp\u00e9cialit\u00e9<\/strong> <strong>(Intitul\u00e9 de la formation)<\/strong> :Biotechnologie v\u00e9g\u00e9tale.<\/li>\n<li><strong>Dur\u00e9e de la formation<\/strong> : 2 Ans.<\/li>\n<\/ul>\n<p>&nbsp;<\/p>\n<p class=\"textheader\">Pr\u00e9sentation de la formation<\/p>\n<p class=\"smallheader\">Objectif de la formation<\/p>\n<p>La formation \u00ab\u00a0Master Biotechnologie v\u00e9g\u00e9tale\u00bb vise \u00e0 acqu\u00e9rir les concepts fondamentaux, appliqu\u00e9s et techniques dans le domaine de la biologie v\u00e9g\u00e9tale, en vue de pr\u00e9server, d\u2019am\u00e9liorer les esp\u00e8ces et d\u2019augmenter la production des cultures d\u2019int\u00e9r\u00eat \u00e9conomique (alimentaire, industriel, pharmaceutique\u2026). Elle pr\u00e9pare les \u00e9tudiants au diverses sp\u00e9cialit\u00e9s de recherche dans le domaine des sciences du v\u00e9g\u00e9tal et s\u2019adresse aux \u00e9tudiants int\u00e9ress\u00e9s par l\u2019approche mol\u00e9culaire, physiologique et biotechnologie de la biologie v\u00e9g\u00e9tale. Outre l\u2019initiation \u00e0 la recherche et l\u2019approfondissement des connaissances qu\u2019elle offre \u00e0 l\u2019\u00e9tudiant, elle permet la pr\u00e9paration des futurs dipl\u00f4m\u00e9s au monde du travail (laboratoires, entreprises\u2026).<\/p>\n<p class=\"smallheader\">Connaissances vis\u00e9es<\/p>\n<p>Les enseignements th\u00e9oriques et pratiques en biotechnologie v\u00e9g\u00e9tales visent \u00e0 former des \u00e9tudiants de Master op\u00e9rationnels dans les domaines de la biotechnologie v\u00e9g\u00e9tale, afin de combler le d\u00e9ficit en mati\u00e8re de personnels techniques qualifi\u00e9s et de futurs enseignants-chercheurs pouvant avoir des comp\u00e9tences en mati\u00e8re de :<\/p>\n<ul>\n<li>Diagnostique des diff\u00e9rentes pathologies affectant les plantes.<\/li>\n<li>Connaitre les plantes m\u00e9dicinale et leur usage th\u00e9rapeutiques.<\/li>\n<li>Former des cadres comp\u00e9tents dans le domaine de l\u2019agriculture et de l\u2019industrie agro-alimentaire en int\u00e9grant l\u2019importance des biotechnologies et les enjeux strat\u00e9giques de l\u2019innovation. Ainsi que des comp\u00e9tences en am\u00e9lioration des plantes, g\u00e9nomique, g\u00e9n\u00e9tique et physiologie v\u00e9g\u00e9tales.<\/li>\n<li>D\u00e9velopper des axes de recherche en relation avec des secteurs socio-\u00e9conomiques (Elevage, Environnement, agronomie, &#8230;) pour le d\u00e9veloppement durable de leurs ressources..<\/li>\n<\/ul>\n<p class=\"smallheader\">Projets de fin d\u2019\u00e9tude<\/p>\n<p>Le projet de fin d\u2019\u00e9tude consiste surtout \u00e0 des travaux de laboratoire avec des enqu\u00eates de terrain et analyses des donn\u00e9es permettant aux futurs dipl\u00f4m\u00e9s une maitrise de techniques d\u2019analyses, une initiation \u00e0 la recherche et la r\u00e9daction de m\u00e9moires et rapports. Ces \u00e9tapes les guideront \u00e0 faciliter leur insertion au monde du travail ou \u00e0 poursuivre des \u00e9tudes de Doctorat.<\/p>\n<p class=\"textheader\">Programme<\/p>\n<p><span style=\"color: #0000ff;\"><strong><span style=\"color: #000000;\">Pour telecharger <span style=\"color: #800000;\">PDF<\/span>:<\/span>\u00a0 &#8230;&#8230;&#8230;..<\/strong><\/span><\/p>\n<p class=\"textheader\">Etudes et d\u00e9bouch\u00e9s potentiels<\/p>\n<p>Le programme du parcours \u00ab Master Protection des Ecosyst\u00e8mes \u00bb est con\u00e7u pour permettre, aux \u00e9tudiants d\u00e9sireux, de poursuivre leurs \u00e9tudes en Doctorat 3\u00e8me cycle LMD dans les sp\u00e9cialit\u00e9s des \u00ab\u00a0Science biotechnologie\u00a0\u00bb Ces sp\u00e9cialit\u00e9s, sont en relation avec leur parcours en licence, voire : Biotechnologie v\u00e9g\u00e9tale, Biotechnologie et G\u00e9nomique V\u00e9g\u00e9tale, Physiologie V\u00e9g\u00e9tale, Am\u00e9lioration des plantes etc\u2026<\/p>\n<p class=\"textheaderR\">D\u00e9bouch\u00e9s professionnels<\/p>\n<p>Le choix de cette formation repr\u00e9sentera un compromis entre les diff\u00e9rents domaines de biotechnologies v\u00e9g\u00e9tales et les potentialit\u00e9s du march\u00e9 de l&#8217;emploi. Les futurs dipl\u00f4m\u00e9s auront la vocation d\u2019assurer la coordination d&#8217;une \u00e9quipe au sein d\u2019une institution de recherche, d&#8217;une plateforme exp\u00e9rimentale ou d&#8217;un centre de production industrielle au niveau r\u00e9gional et national, surtout, dans les domaines du :<\/p>\n<ul>\n<li>G\u00e9nie g\u00e9n\u00e9tique des plantes (propagation, cultures in vitro, maintenance germano-plastique) .<\/li>\n<li>G\u00e9nie des proc\u00e9d\u00e9s alimentaires (microbiologie appliqu\u00e9e, contr\u00f4le de qualit\u00e9).<\/li>\n<li>Niveau r\u00e9gional : Universit\u00e9s, entreprises pharmaceutiques, Agriculture, secteur agro-alimentaire , sant\u00e9 et environnement<\/li>\n<li>Niveau national : Universit\u00e9s et centres de recherche, ITGC, Centre National des Biotechnologies.<\/li>\n<\/ul>\n<p>&nbsp;<\/p>\n","protected":false},"excerpt":{"rendered":"<p>Informations g\u00e9n\u00e9rales :&#8230;&#8230;&#8230;&#8230;&#8230;&#8230;&#8230;&#8230;&#8230;&#8230; :&#8230;&#8230;&#8230;&#8230;&#8230;&#8230;&#8230;&#8230;&#8230;.. :Dept.snv@centre-univ-mila.dz Cycle : Master . Domaine : SNV. Fili\u00e8re : Biotechnologies. Sp\u00e9cialit\u00e9 (Intitul\u00e9 de la formation) :Biotechnologie v\u00e9g\u00e9tale. Dur\u00e9e de la formation : 2 Ans. &nbsp; Pr\u00e9sentation de la formation Objectif de la formation La formation \u00ab\u00a0Master Biotechnologie v\u00e9g\u00e9tale\u00bb vise \u00e0 acqu\u00e9rir les concepts fondamentaux, appliqu\u00e9s et techniques dans le domaine [&hellip;]<\/p>\n","protected":false},"author":1,"featured_media":7791,"parent":7892,"menu_order":0,"comment_status":"closed","ping_status":"closed","template":"","meta":{"footnotes":""},"class_list":["post-11846","page","type-page","status-publish","has-post-thumbnail","hentry"],"yoast_head":"<!-- This site is optimized with the Yoast SEO plugin v26.3 - https:\/\/yoast.com\/wordpress\/plugins\/seo\/ -->\n<title>Sp\u00e9cialit\u00e9: Biotechnologie v\u00e9g\u00e9tale - \u062c\u0627\u0645\u0639\u0629 \u0645\u064a\u0644\u0629<\/title>\n<meta name=\"robots\" content=\"index, follow, max-snippet:-1, max-image-preview:large, max-video-preview:-1\" \/>\n<link rel=\"canonical\" href=\"https:\/\/www.univ-mila.dz\/?page_id=11846&lang=fr\" \/>\n<meta property=\"og:locale\" content=\"ar_AR\" \/>\n<meta property=\"og:type\" content=\"article\" \/>\n<meta property=\"og:title\" content=\"Sp\u00e9cialit\u00e9: Biotechnologie v\u00e9g\u00e9tale - \u062c\u0627\u0645\u0639\u0629 \u0645\u064a\u0644\u0629\" \/>\n<meta property=\"og:description\" content=\"Informations g\u00e9n\u00e9rales :&#8230;&#8230;&#8230;&#8230;&#8230;&#8230;&#8230;&#8230;&#8230;&#8230; :&#8230;&#8230;&#8230;&#8230;&#8230;&#8230;&#8230;&#8230;&#8230;.. :Dept.snv@centre-univ-mila.dz Cycle : Master . Domaine : SNV. Fili\u00e8re : Biotechnologies. Sp\u00e9cialit\u00e9 (Intitul\u00e9 de la formation) :Biotechnologie v\u00e9g\u00e9tale. Dur\u00e9e de la formation : 2 Ans. &nbsp; Pr\u00e9sentation de la formation Objectif de la formation La formation \u00ab\u00a0Master Biotechnologie v\u00e9g\u00e9tale\u00bb vise \u00e0 acqu\u00e9rir les concepts fondamentaux, appliqu\u00e9s et techniques dans le domaine [&hellip;]\" \/>\n<meta property=\"og:url\" content=\"https:\/\/www.univ-mila.dz\/?page_id=11846&amp;lang=fr\" \/>\n<meta property=\"og:site_name\" content=\"\u062c\u0627\u0645\u0639\u0629 \u0645\u064a\u0644\u0629\" \/>\n<meta property=\"article:publisher\" content=\"https:\/\/www.facebook.com\/univmila\/\" \/>\n<meta property=\"article:modified_time\" content=\"2020-12-28T09:37:36+00:00\" \/>\n<meta property=\"og:image\" content=\"https:\/\/www.univ-mila.dz\/wp-content\/uploads\/2020\/06\/Sciences-de-la-nature-et-de-la-vie-1.png\" \/>\n\t<meta property=\"og:image:width\" content=\"200\" \/>\n\t<meta property=\"og:image:height\" content=\"200\" \/>\n\t<meta property=\"og:image:type\" content=\"image\/png\" \/>\n<meta name=\"twitter:card\" content=\"summary_large_image\" \/>\n<meta name=\"twitter:site\" content=\"@univmila\" \/>\n<meta name=\"twitter:label1\" content=\"\u0648\u0642\u062a \u0627\u0644\u0642\u0631\u0627\u0621\u0629 \u0627\u0644\u0645\u064f\u0642\u062f\u0651\u0631\" \/>\n\t<meta name=\"twitter:data1\" content=\"3 \u062f\u0642\u0627\u0626\u0642\" \/>\n<script type=\"application\/ld+json\" class=\"yoast-schema-graph\">{\"@context\":\"https:\/\/schema.org\",\"@graph\":[{\"@type\":\"WebPage\",\"@id\":\"https:\/\/www.univ-mila.dz\/?page_id=11846&lang=fr\",\"url\":\"https:\/\/www.univ-mila.dz\/?page_id=11846&lang=fr\",\"name\":\"Sp\u00e9cialit\u00e9: Biotechnologie v\u00e9g\u00e9tale - \u062c\u0627\u0645\u0639\u0629 \u0645\u064a\u0644\u0629\",\"isPartOf\":{\"@id\":\"https:\/\/www.univ-mila.dz\/#website\"},\"primaryImageOfPage\":{\"@id\":\"https:\/\/www.univ-mila.dz\/?page_id=11846&lang=fr#primaryimage\"},\"image\":{\"@id\":\"https:\/\/www.univ-mila.dz\/?page_id=11846&lang=fr#primaryimage\"},\"thumbnailUrl\":\"https:\/\/www.univ-mila.dz\/wp-content\/uploads\/2020\/06\/Sciences-de-la-nature-et-de-la-vie-1.png\",\"datePublished\":\"2020-12-24T11:15:36+00:00\",\"dateModified\":\"2020-12-28T09:37:36+00:00\",\"breadcrumb\":{\"@id\":\"https:\/\/www.univ-mila.dz\/?page_id=11846&lang=fr#breadcrumb\"},\"inLanguage\":\"ar\",\"potentialAction\":[{\"@type\":\"ReadAction\",\"target\":[\"https:\/\/www.univ-mila.dz\/?page_id=11846&lang=fr\"]}]},{\"@type\":\"ImageObject\",\"inLanguage\":\"ar\",\"@id\":\"https:\/\/www.univ-mila.dz\/?page_id=11846&lang=fr#primaryimage\",\"url\":\"https:\/\/www.univ-mila.dz\/wp-content\/uploads\/2020\/06\/Sciences-de-la-nature-et-de-la-vie-1.png\",\"contentUrl\":\"https:\/\/www.univ-mila.dz\/wp-content\/uploads\/2020\/06\/Sciences-de-la-nature-et-de-la-vie-1.png\",\"width\":200,\"height\":200},{\"@type\":\"BreadcrumbList\",\"@id\":\"https:\/\/www.univ-mila.dz\/?page_id=11846&lang=fr#breadcrumb\",\"itemListElement\":[{\"@type\":\"ListItem\",\"position\":1,\"name\":\"Offres de formation\",\"item\":\"https:\/\/www.univ-mila.dz\/?page_id=7868&lang=fr\"},{\"@type\":\"ListItem\",\"position\":2,\"name\":\"Domaine Sciences de la Nature et de la Vie\",\"item\":\"https:\/\/www.univ-mila.dz\/?page_id=7892&lang=fr\"},{\"@type\":\"ListItem\",\"position\":3,\"name\":\"Sp\u00e9cialit\u00e9: Biotechnologie v\u00e9g\u00e9tale\"}]},{\"@type\":\"WebSite\",\"@id\":\"https:\/\/www.univ-mila.dz\/#website\",\"url\":\"https:\/\/www.univ-mila.dz\/\",\"name\":\"\u062c\u0627\u0645\u0639\u0629 \u0639\u0628\u062f \u0627\u0644\u062d\u0641\u064a\u0638 \u0628\u0648\u0627\u0644\u0635\u0648\u0641\",\"description\":\"\u0645\u064a\u0644\u0629\",\"publisher\":{\"@id\":\"https:\/\/www.univ-mila.dz\/#organization\"},\"potentialAction\":[{\"@type\":\"SearchAction\",\"target\":{\"@type\":\"EntryPoint\",\"urlTemplate\":\"https:\/\/www.univ-mila.dz\/?s={search_term_string}\"},\"query-input\":{\"@type\":\"PropertyValueSpecification\",\"valueRequired\":true,\"valueName\":\"search_term_string\"}}],\"inLanguage\":\"ar\"},{\"@type\":\"Organization\",\"@id\":\"https:\/\/www.univ-mila.dz\/#organization\",\"name\":\"\u062c\u0627\u0645\u0639\u0629 \u0639\u0628\u062f \u0627\u0644\u062d\u0641\u064a\u0638 \u0628\u0648\u0627\u0644\u0635\u0648\u0641 - \u0645\u064a\u0644\u0629\",\"url\":\"https:\/\/www.univ-mila.dz\/\",\"logo\":{\"@type\":\"ImageObject\",\"inLanguage\":\"ar\",\"@id\":\"https:\/\/www.univ-mila.dz\/#\/schema\/logo\/image\/\",\"url\":\"http:\/\/www.centre-univ-mila.dz\/wp-content\/uploads\/2019\/02\/1416395352cumtransparent.png\",\"contentUrl\":\"http:\/\/www.centre-univ-mila.dz\/wp-content\/uploads\/2019\/02\/1416395352cumtransparent.png\",\"width\":208,\"height\":268,\"caption\":\"\u062c\u0627\u0645\u0639\u0629 \u0639\u0628\u062f \u0627\u0644\u062d\u0641\u064a\u0638 \u0628\u0648\u0627\u0644\u0635\u0648\u0641 - \u0645\u064a\u0644\u0629\"},\"image\":{\"@id\":\"https:\/\/www.univ-mila.dz\/#\/schema\/logo\/image\/\"},\"sameAs\":[\"https:\/\/www.facebook.com\/univmila\/\",\"https:\/\/x.com\/univmila\",\"https:\/\/www.youtube.com\/channel\/UC9--lQO1WBvXm38B70e9u5w\"]}]}<\/script>\n<!-- \/ Yoast SEO plugin. -->","yoast_head_json":{"title":"Sp\u00e9cialit\u00e9: Biotechnologie v\u00e9g\u00e9tale - \u062c\u0627\u0645\u0639\u0629 \u0645\u064a\u0644\u0629","robots":{"index":"index","follow":"follow","max-snippet":"max-snippet:-1","max-image-preview":"max-image-preview:large","max-video-preview":"max-video-preview:-1"},"canonical":"https:\/\/www.univ-mila.dz\/?page_id=11846&lang=fr","og_locale":"ar_AR","og_type":"article","og_title":"Sp\u00e9cialit\u00e9: Biotechnologie v\u00e9g\u00e9tale - \u062c\u0627\u0645\u0639\u0629 \u0645\u064a\u0644\u0629","og_description":"Informations g\u00e9n\u00e9rales :&#8230;&#8230;&#8230;&#8230;&#8230;&#8230;&#8230;&#8230;&#8230;&#8230; :&#8230;&#8230;&#8230;&#8230;&#8230;&#8230;&#8230;&#8230;&#8230;.. :Dept.snv@centre-univ-mila.dz Cycle : Master . Domaine : SNV. Fili\u00e8re : Biotechnologies. Sp\u00e9cialit\u00e9 (Intitul\u00e9 de la formation) :Biotechnologie v\u00e9g\u00e9tale. Dur\u00e9e de la formation : 2 Ans. &nbsp; Pr\u00e9sentation de la formation Objectif de la formation La formation \u00ab\u00a0Master Biotechnologie v\u00e9g\u00e9tale\u00bb vise \u00e0 acqu\u00e9rir les concepts fondamentaux, appliqu\u00e9s et techniques dans le domaine [&hellip;]","og_url":"https:\/\/www.univ-mila.dz\/?page_id=11846&lang=fr","og_site_name":"\u062c\u0627\u0645\u0639\u0629 \u0645\u064a\u0644\u0629","article_publisher":"https:\/\/www.facebook.com\/univmila\/","article_modified_time":"2020-12-28T09:37:36+00:00","og_image":[{"width":200,"height":200,"url":"https:\/\/www.univ-mila.dz\/wp-content\/uploads\/2020\/06\/Sciences-de-la-nature-et-de-la-vie-1.png","type":"image\/png"}],"twitter_card":"summary_large_image","twitter_site":"@univmila","twitter_misc":{"\u0648\u0642\u062a \u0627\u0644\u0642\u0631\u0627\u0621\u0629 \u0627\u0644\u0645\u064f\u0642\u062f\u0651\u0631":"3 \u062f\u0642\u0627\u0626\u0642"},"schema":{"@context":"https:\/\/schema.org","@graph":[{"@type":"WebPage","@id":"https:\/\/www.univ-mila.dz\/?page_id=11846&lang=fr","url":"https:\/\/www.univ-mila.dz\/?page_id=11846&lang=fr","name":"Sp\u00e9cialit\u00e9: Biotechnologie v\u00e9g\u00e9tale - \u062c\u0627\u0645\u0639\u0629 \u0645\u064a\u0644\u0629","isPartOf":{"@id":"https:\/\/www.univ-mila.dz\/#website"},"primaryImageOfPage":{"@id":"https:\/\/www.univ-mila.dz\/?page_id=11846&lang=fr#primaryimage"},"image":{"@id":"https:\/\/www.univ-mila.dz\/?page_id=11846&lang=fr#primaryimage"},"thumbnailUrl":"https:\/\/www.univ-mila.dz\/wp-content\/uploads\/2020\/06\/Sciences-de-la-nature-et-de-la-vie-1.png","datePublished":"2020-12-24T11:15:36+00:00","dateModified":"2020-12-28T09:37:36+00:00","breadcrumb":{"@id":"https:\/\/www.univ-mila.dz\/?page_id=11846&lang=fr#breadcrumb"},"inLanguage":"ar","potentialAction":[{"@type":"ReadAction","target":["https:\/\/www.univ-mila.dz\/?page_id=11846&lang=fr"]}]},{"@type":"ImageObject","inLanguage":"ar","@id":"https:\/\/www.univ-mila.dz\/?page_id=11846&lang=fr#primaryimage","url":"https:\/\/www.univ-mila.dz\/wp-content\/uploads\/2020\/06\/Sciences-de-la-nature-et-de-la-vie-1.png","contentUrl":"https:\/\/www.univ-mila.dz\/wp-content\/uploads\/2020\/06\/Sciences-de-la-nature-et-de-la-vie-1.png","width":200,"height":200},{"@type":"BreadcrumbList","@id":"https:\/\/www.univ-mila.dz\/?page_id=11846&lang=fr#breadcrumb","itemListElement":[{"@type":"ListItem","position":1,"name":"Offres de formation","item":"https:\/\/www.univ-mila.dz\/?page_id=7868&lang=fr"},{"@type":"ListItem","position":2,"name":"Domaine Sciences de la Nature et de la Vie","item":"https:\/\/www.univ-mila.dz\/?page_id=7892&lang=fr"},{"@type":"ListItem","position":3,"name":"Sp\u00e9cialit\u00e9: Biotechnologie v\u00e9g\u00e9tale"}]},{"@type":"WebSite","@id":"https:\/\/www.univ-mila.dz\/#website","url":"https:\/\/www.univ-mila.dz\/","name":"\u062c\u0627\u0645\u0639\u0629 \u0639\u0628\u062f \u0627\u0644\u062d\u0641\u064a\u0638 \u0628\u0648\u0627\u0644\u0635\u0648\u0641","description":"\u0645\u064a\u0644\u0629","publisher":{"@id":"https:\/\/www.univ-mila.dz\/#organization"},"potentialAction":[{"@type":"SearchAction","target":{"@type":"EntryPoint","urlTemplate":"https:\/\/www.univ-mila.dz\/?s={search_term_string}"},"query-input":{"@type":"PropertyValueSpecification","valueRequired":true,"valueName":"search_term_string"}}],"inLanguage":"ar"},{"@type":"Organization","@id":"https:\/\/www.univ-mila.dz\/#organization","name":"\u062c\u0627\u0645\u0639\u0629 \u0639\u0628\u062f \u0627\u0644\u062d\u0641\u064a\u0638 \u0628\u0648\u0627\u0644\u0635\u0648\u0641 - \u0645\u064a\u0644\u0629","url":"https:\/\/www.univ-mila.dz\/","logo":{"@type":"ImageObject","inLanguage":"ar","@id":"https:\/\/www.univ-mila.dz\/#\/schema\/logo\/image\/","url":"http:\/\/www.centre-univ-mila.dz\/wp-content\/uploads\/2019\/02\/1416395352cumtransparent.png","contentUrl":"http:\/\/www.centre-univ-mila.dz\/wp-content\/uploads\/2019\/02\/1416395352cumtransparent.png","width":208,"height":268,"caption":"\u062c\u0627\u0645\u0639\u0629 \u0639\u0628\u062f \u0627\u0644\u062d\u0641\u064a\u0638 \u0628\u0648\u0627\u0644\u0635\u0648\u0641 - \u0645\u064a\u0644\u0629"},"image":{"@id":"https:\/\/www.univ-mila.dz\/#\/schema\/logo\/image\/"},"sameAs":["https:\/\/www.facebook.com\/univmila\/","https:\/\/x.com\/univmila","https:\/\/www.youtube.com\/channel\/UC9--lQO1WBvXm38B70e9u5w"]}]}},"_links":{"self":[{"href":"https:\/\/www.univ-mila.dz\/index.php?rest_route=\/wp\/v2\/pages\/11846","targetHints":{"allow":["GET"]}}],"collection":[{"href":"https:\/\/www.univ-mila.dz\/index.php?rest_route=\/wp\/v2\/pages"}],"about":[{"href":"https:\/\/www.univ-mila.dz\/index.php?rest_route=\/wp\/v2\/types\/page"}],"author":[{"embeddable":true,"href":"https:\/\/www.univ-mila.dz\/index.php?rest_route=\/wp\/v2\/users\/1"}],"replies":[{"embeddable":true,"href":"https:\/\/www.univ-mila.dz\/index.php?rest_route=%2Fwp%2Fv2%2Fcomments&post=11846"}],"version-history":[{"count":2,"href":"https:\/\/www.univ-mila.dz\/index.php?rest_route=\/wp\/v2\/pages\/11846\/revisions"}],"predecessor-version":[{"id":12025,"href":"https:\/\/www.univ-mila.dz\/index.php?rest_route=\/wp\/v2\/pages\/11846\/revisions\/12025"}],"up":[{"embeddable":true,"href":"https:\/\/www.univ-mila.dz\/index.php?rest_route=\/wp\/v2\/pages\/7892"}],"wp:featuredmedia":[{"embeddable":true,"href":"https:\/\/www.univ-mila.dz\/index.php?rest_route=\/wp\/v2\/media\/7791"}],"wp:attachment":[{"href":"https:\/\/www.univ-mila.dz\/index.php?rest_route=%2Fwp%2Fv2%2Fmedia&parent=11846"}],"curies":[{"name":"wp","href":"https:\/\/api.w.org\/{rel}","templated":true}]}}