{"id":11588,"date":"2020-12-20T13:48:21","date_gmt":"2020-12-20T13:48:21","guid":{"rendered":"https:\/\/www.univ-mila.dz\/?page_id=11588"},"modified":"2020-12-20T14:42:40","modified_gmt":"2020-12-20T14:42:40","slug":"specialite-systemes-informatiques-si","status":"publish","type":"page","link":"https:\/\/www.univ-mila.dz\/?page_id=11588&lang=fr","title":{"rendered":"Sp\u00e9cialit\u00e9: Math\u00e9matiques Appliqu\u00e9es"},"content":{"rendered":"<p class=\"textheader\">Informations g\u00e9n\u00e9rales<\/p>\n<div class=\"noteright\">\n<p style=\"text-align: left;\" title=\"T\u00e9l\u00e9phone\"><i class=\"fa fa-phone\"><\/i>:<span style=\"color: #800000;\"><b>07 92 05 72 00<\/b><\/span><\/p>\n<p style=\"text-align: left;\" title=\"Fax\"><i class=\"fa fa-fax\"><\/i>:<span style=\"color: #800000;\"><strong>&#8230;&#8230;&#8230;&#8230;&#8230;&#8230;&#8230;&#8230;&#8230;..<\/strong><\/span><\/p>\n<p style=\"text-align: left;\" title=\"Courriel\"><span style=\"color: #800000;\"><span style=\"color: #333333;\"><a style=\"color: #333333;\" href=\"smailkaouache@gmail.com\"><i class=\"fa fa-envelope\"><\/i>:<span style=\"color: #800000;\"><strong>smailkaouache@gmail.com<\/strong><\/span><\/a><\/span><\/span><\/p>\n<\/div>\n<ul>\n<li><strong>Cycle<\/strong> : Master.<\/li>\n<li><strong>Domaine<\/strong> : Math\u00e9matiques et Informatique.<\/li>\n<li><strong>Fili\u00e8re<\/strong> : Math\u00e9matiques.<\/li>\n<li><strong>Sp\u00e9cialit\u00e9 (Intitul\u00e9 de la formation)<\/strong> : Math\u00e9matiques Appliqu\u00e9es.<\/li>\n<li><strong>Dur\u00e9e de la formation<\/strong> : 4 semestres.<\/li>\n<\/ul>\n<p>&nbsp;<\/p>\n<p class=\"textheader\">Pr\u00e9sentation de la formation<\/p>\n<p class=\"smallheader\">Objectif de la formation<\/p>\n<p>Le\u00a0master Math\u00e9matiques Appliqu\u00e9es\u00a0du\u00a0d\u00e9partement de Math\u00e9matiques et Informatiques\u00a0propose une formation approfondie en math\u00e9matiques en premi\u00e8re ann\u00e9e. Mais d\u00e8s la deuxi\u00e8me ann\u00e9e, il propose une sp\u00e9cialit\u00e9, qui valorise le bagage th\u00e9orique re\u00e7u en premi\u00e8re ann\u00e9e, tout en s\u2019ouvrant sur des parcours de math\u00e9matiques appliqu\u00e9es ou th\u00e9oriques en vue de la poursuite en doctorat, et vers des parcours professionnels \u00e0 destination des m\u00e9tiers de l\u2019actuariat, la finance et la science des donn\u00e9es.<br \/>\nSon objectif est de former les doctorants\u00a0aussi bien pour la recherche que pour d&#8217;autres professions\u00a0et de les aider \u00e0 r\u00e9aliser une th\u00e8se en assurant\u00a0le suivi continu de leurs travaux.<\/p>\n<p>&nbsp;<\/p>\n<p class=\"smallheader\">Connaissances vis\u00e9es<\/p>\n<ul>\n<li>Manipuler des th\u00e9ories \u00e9labor\u00e9es en math\u00e9matiques appliqu\u00e9es, dans le but d&#8217;un approfondissement ult\u00e9rieur ou de leur transmission dans le cadre d&#8217;une situation professionnelle.<\/li>\n<li>Faire preuve d&#8217;intuition, d&#8217;imagination et d&#8217;opini\u00e2tret\u00e9\u00a0 dans la r\u00e9solution des probl\u00e8mes.<\/li>\n<li>Construire et r\u00e9diger une d\u00e9monstration math\u00e9matique synth\u00e9tique et rigoureuse. \u00c9laborer et programmer des algorithmes fondamentaux de calcul scientifique.<\/li>\n<li>Manipuler les principaux mod\u00e8les math\u00e9matiques intervenant dans diff\u00e9rentes disciplines ou applications en sciences du vivant, en physique, en m\u00e9canique, \u00e9conomie&#8230;<\/li>\n<li>R\u00e9fl\u00e9chir, raisonner, calculer, faire des hypoth\u00e8ses et les analyser rigoureusement.<\/li>\n<li>Comprendre les mod\u00e8les existants et en \u00e9laborer de nouveaux, en v\u00e9rifier la coh\u00e9rence interne et la pertinence, les appliquer.<\/li>\n<li>Ce master offre ainsi une formation en math\u00e9matique de haut niveau centr\u00e9e sur la mod\u00e9lisation et la simulation des ph\u00e9nom\u00e8nes complexes.<\/li>\n<\/ul>\n<p class=\"smallheader\">Projets de fin d\u2019\u00e9tude<\/p>\n<p>Au semestre 4, l\u2019\u00e9tudiant doit r\u00e9aliser son projet de fin d\u2019\u00e9tude sous la direction d&#8217;un encadreur et r\u00e9diger un rapport pour exposer son travail devant un jury.<\/p>\n<p class=\"textheader\">Programme<\/p>\n<p><span style=\"color: #0000ff;\"><strong><span style=\"color: #000000;\">Pour telecharger <span style=\"color: #800000;\">PDF<\/span>:<\/span>\u00a0 <a style=\"color: #0000ff;\" href=\"https:\/\/www.univ-mila.dz\/wp-content\/uploads\/2020\/12\/Prg_MMA_FR.pdf\">cliquez ici<\/a><\/strong><\/span><\/p>\n<p class=\"textheader\">Etudes et d\u00e9bouch\u00e9s potentiels<\/p>\n<ul>\n<li>Le titulaire du master Math\u00e9matiques Appliqu\u00e9es peut poursuivre ses \u00e9tudes en doctorat LMD sur un sujet th\u00e9orique ou appliqu\u00e9, dans le but de faire carri\u00e8re dans l&#8217;enseignement sup\u00e9rieur et\/ou dans un organisme de recherche scientifique (centre de recherche\u2026), avec deux possibilit\u00e9s.<\/li>\n<li>Concours national (poursuite des \u00e9tudes dans des universit\u00e9s alg\u00e9riennes).<\/li>\n<li>Concours des bourses \u00e0 l\u2019\u00e9tranger (poursuite des \u00e9tudes dans des universit\u00e9s \u00e9trang\u00e8res).<\/li>\n<\/ul>\n<p class=\"textheaderR\">D\u00e9bouch\u00e9s professionnels<\/p>\n<p>Les \u00e9tudiants ayant obtenu le Master en Math\u00e9matiquesAppliqu\u00e9es peuvent \u00eatre int\u00e9gr\u00e9s dans les domaines suivants.<\/p>\n<ul>\n<li>Etablissements d\u2019enseignement publiques et priv\u00e9s (universit\u00e9, lyc\u00e9e, CEM, primaire).<\/li>\n<li>Secteur tertiaire (Assurance, Banques, Bureaux d\u2019\u00e9tudes \u00e9conomiques ou scientifiques, etc.\u2026).<\/li>\n<\/ul>\n<p>&nbsp;<\/p>\n","protected":false},"excerpt":{"rendered":"<p>Informations g\u00e9n\u00e9rales :07 92 05 72 00 :&#8230;&#8230;&#8230;&#8230;&#8230;&#8230;&#8230;&#8230;&#8230;.. :smailkaouache@gmail.com Cycle : Master. Domaine : Math\u00e9matiques et Informatique. Fili\u00e8re : Math\u00e9matiques. Sp\u00e9cialit\u00e9 (Intitul\u00e9 de la formation) : Math\u00e9matiques Appliqu\u00e9es. Dur\u00e9e de la formation : 4 semestres. &nbsp; Pr\u00e9sentation de la formation Objectif de la formation Le\u00a0master Math\u00e9matiques Appliqu\u00e9es\u00a0du\u00a0d\u00e9partement de Math\u00e9matiques et Informatiques\u00a0propose une formation approfondie en [&hellip;]<\/p>\n","protected":false},"author":1,"featured_media":7785,"parent":0,"menu_order":0,"comment_status":"closed","ping_status":"closed","template":"","meta":{"footnotes":""},"class_list":["post-11588","page","type-page","status-publish","has-post-thumbnail","hentry"],"yoast_head":"<!-- This site is optimized with the Yoast SEO plugin v26.3 - https:\/\/yoast.com\/wordpress\/plugins\/seo\/ -->\n<title>Sp\u00e9cialit\u00e9: Math\u00e9matiques Appliqu\u00e9es - \u062c\u0627\u0645\u0639\u0629 \u0645\u064a\u0644\u0629<\/title>\n<meta name=\"robots\" content=\"index, follow, max-snippet:-1, max-image-preview:large, max-video-preview:-1\" \/>\n<link rel=\"canonical\" href=\"https:\/\/www.univ-mila.dz\/?page_id=11588&lang=fr\" \/>\n<meta property=\"og:locale\" content=\"ar_AR\" \/>\n<meta property=\"og:type\" content=\"article\" \/>\n<meta property=\"og:title\" content=\"Sp\u00e9cialit\u00e9: Math\u00e9matiques Appliqu\u00e9es - \u062c\u0627\u0645\u0639\u0629 \u0645\u064a\u0644\u0629\" \/>\n<meta property=\"og:description\" content=\"Informations g\u00e9n\u00e9rales :07 92 05 72 00 :&#8230;&#8230;&#8230;&#8230;&#8230;&#8230;&#8230;&#8230;&#8230;.. :smailkaouache@gmail.com Cycle : Master. Domaine : Math\u00e9matiques et Informatique. Fili\u00e8re : Math\u00e9matiques. Sp\u00e9cialit\u00e9 (Intitul\u00e9 de la formation) : Math\u00e9matiques Appliqu\u00e9es. Dur\u00e9e de la formation : 4 semestres. &nbsp; Pr\u00e9sentation de la formation Objectif de la formation Le\u00a0master Math\u00e9matiques Appliqu\u00e9es\u00a0du\u00a0d\u00e9partement de Math\u00e9matiques et Informatiques\u00a0propose une formation approfondie en [&hellip;]\" \/>\n<meta property=\"og:url\" content=\"https:\/\/www.univ-mila.dz\/?page_id=11588&amp;lang=fr\" \/>\n<meta property=\"og:site_name\" content=\"\u062c\u0627\u0645\u0639\u0629 \u0645\u064a\u0644\u0629\" \/>\n<meta property=\"article:publisher\" content=\"https:\/\/www.facebook.com\/univmila\/\" \/>\n<meta property=\"article:modified_time\" content=\"2020-12-20T14:42:40+00:00\" \/>\n<meta property=\"og:image\" content=\"https:\/\/www.univ-mila.dz\/wp-content\/uploads\/2020\/06\/Informatique-1.png\" \/>\n\t<meta property=\"og:image:width\" content=\"200\" \/>\n\t<meta property=\"og:image:height\" content=\"200\" \/>\n\t<meta property=\"og:image:type\" content=\"image\/png\" \/>\n<meta name=\"twitter:card\" content=\"summary_large_image\" \/>\n<meta name=\"twitter:site\" content=\"@univmila\" \/>\n<meta name=\"twitter:label1\" content=\"\u0648\u0642\u062a \u0627\u0644\u0642\u0631\u0627\u0621\u0629 \u0627\u0644\u0645\u064f\u0642\u062f\u0651\u0631\" \/>\n\t<meta name=\"twitter:data1\" content=\"\u062f\u0642\u064a\u0642\u062a\u0627\u0646\" \/>\n<script type=\"application\/ld+json\" class=\"yoast-schema-graph\">{\"@context\":\"https:\/\/schema.org\",\"@graph\":[{\"@type\":\"WebPage\",\"@id\":\"https:\/\/www.univ-mila.dz\/?page_id=11588&lang=fr\",\"url\":\"https:\/\/www.univ-mila.dz\/?page_id=11588&lang=fr\",\"name\":\"Sp\u00e9cialit\u00e9: Math\u00e9matiques Appliqu\u00e9es - \u062c\u0627\u0645\u0639\u0629 \u0645\u064a\u0644\u0629\",\"isPartOf\":{\"@id\":\"https:\/\/www.univ-mila.dz\/#website\"},\"primaryImageOfPage\":{\"@id\":\"https:\/\/www.univ-mila.dz\/?page_id=11588&lang=fr#primaryimage\"},\"image\":{\"@id\":\"https:\/\/www.univ-mila.dz\/?page_id=11588&lang=fr#primaryimage\"},\"thumbnailUrl\":\"https:\/\/www.univ-mila.dz\/wp-content\/uploads\/2020\/06\/Informatique-1.png\",\"datePublished\":\"2020-12-20T13:48:21+00:00\",\"dateModified\":\"2020-12-20T14:42:40+00:00\",\"inLanguage\":\"ar\",\"potentialAction\":[{\"@type\":\"ReadAction\",\"target\":[\"https:\/\/www.univ-mila.dz\/?page_id=11588&lang=fr\"]}]},{\"@type\":\"ImageObject\",\"inLanguage\":\"ar\",\"@id\":\"https:\/\/www.univ-mila.dz\/?page_id=11588&lang=fr#primaryimage\",\"url\":\"https:\/\/www.univ-mila.dz\/wp-content\/uploads\/2020\/06\/Informatique-1.png\",\"contentUrl\":\"https:\/\/www.univ-mila.dz\/wp-content\/uploads\/2020\/06\/Informatique-1.png\",\"width\":200,\"height\":200},{\"@type\":\"WebSite\",\"@id\":\"https:\/\/www.univ-mila.dz\/#website\",\"url\":\"https:\/\/www.univ-mila.dz\/\",\"name\":\"\u062c\u0627\u0645\u0639\u0629 \u0639\u0628\u062f \u0627\u0644\u062d\u0641\u064a\u0638 \u0628\u0648\u0627\u0644\u0635\u0648\u0641\",\"description\":\"\u0645\u064a\u0644\u0629\",\"publisher\":{\"@id\":\"https:\/\/www.univ-mila.dz\/#organization\"},\"potentialAction\":[{\"@type\":\"SearchAction\",\"target\":{\"@type\":\"EntryPoint\",\"urlTemplate\":\"https:\/\/www.univ-mila.dz\/?s={search_term_string}\"},\"query-input\":{\"@type\":\"PropertyValueSpecification\",\"valueRequired\":true,\"valueName\":\"search_term_string\"}}],\"inLanguage\":\"ar\"},{\"@type\":\"Organization\",\"@id\":\"https:\/\/www.univ-mila.dz\/#organization\",\"name\":\"\u062c\u0627\u0645\u0639\u0629 \u0639\u0628\u062f \u0627\u0644\u062d\u0641\u064a\u0638 \u0628\u0648\u0627\u0644\u0635\u0648\u0641 - \u0645\u064a\u0644\u0629\",\"url\":\"https:\/\/www.univ-mila.dz\/\",\"logo\":{\"@type\":\"ImageObject\",\"inLanguage\":\"ar\",\"@id\":\"https:\/\/www.univ-mila.dz\/#\/schema\/logo\/image\/\",\"url\":\"http:\/\/www.centre-univ-mila.dz\/wp-content\/uploads\/2019\/02\/1416395352cumtransparent.png\",\"contentUrl\":\"http:\/\/www.centre-univ-mila.dz\/wp-content\/uploads\/2019\/02\/1416395352cumtransparent.png\",\"width\":208,\"height\":268,\"caption\":\"\u062c\u0627\u0645\u0639\u0629 \u0639\u0628\u062f \u0627\u0644\u062d\u0641\u064a\u0638 \u0628\u0648\u0627\u0644\u0635\u0648\u0641 - \u0645\u064a\u0644\u0629\"},\"image\":{\"@id\":\"https:\/\/www.univ-mila.dz\/#\/schema\/logo\/image\/\"},\"sameAs\":[\"https:\/\/www.facebook.com\/univmila\/\",\"https:\/\/x.com\/univmila\",\"https:\/\/www.youtube.com\/channel\/UC9--lQO1WBvXm38B70e9u5w\"]}]}<\/script>\n<!-- \/ Yoast SEO plugin. -->","yoast_head_json":{"title":"Sp\u00e9cialit\u00e9: Math\u00e9matiques Appliqu\u00e9es - \u062c\u0627\u0645\u0639\u0629 \u0645\u064a\u0644\u0629","robots":{"index":"index","follow":"follow","max-snippet":"max-snippet:-1","max-image-preview":"max-image-preview:large","max-video-preview":"max-video-preview:-1"},"canonical":"https:\/\/www.univ-mila.dz\/?page_id=11588&lang=fr","og_locale":"ar_AR","og_type":"article","og_title":"Sp\u00e9cialit\u00e9: Math\u00e9matiques Appliqu\u00e9es - \u062c\u0627\u0645\u0639\u0629 \u0645\u064a\u0644\u0629","og_description":"Informations g\u00e9n\u00e9rales :07 92 05 72 00 :&#8230;&#8230;&#8230;&#8230;&#8230;&#8230;&#8230;&#8230;&#8230;.. :smailkaouache@gmail.com Cycle : Master. Domaine : Math\u00e9matiques et Informatique. Fili\u00e8re : Math\u00e9matiques. Sp\u00e9cialit\u00e9 (Intitul\u00e9 de la formation) : Math\u00e9matiques Appliqu\u00e9es. Dur\u00e9e de la formation : 4 semestres. &nbsp; Pr\u00e9sentation de la formation Objectif de la formation Le\u00a0master Math\u00e9matiques Appliqu\u00e9es\u00a0du\u00a0d\u00e9partement de Math\u00e9matiques et Informatiques\u00a0propose une formation approfondie en [&hellip;]","og_url":"https:\/\/www.univ-mila.dz\/?page_id=11588&lang=fr","og_site_name":"\u062c\u0627\u0645\u0639\u0629 \u0645\u064a\u0644\u0629","article_publisher":"https:\/\/www.facebook.com\/univmila\/","article_modified_time":"2020-12-20T14:42:40+00:00","og_image":[{"width":200,"height":200,"url":"https:\/\/www.univ-mila.dz\/wp-content\/uploads\/2020\/06\/Informatique-1.png","type":"image\/png"}],"twitter_card":"summary_large_image","twitter_site":"@univmila","twitter_misc":{"\u0648\u0642\u062a \u0627\u0644\u0642\u0631\u0627\u0621\u0629 \u0627\u0644\u0645\u064f\u0642\u062f\u0651\u0631":"\u062f\u0642\u064a\u0642\u062a\u0627\u0646"},"schema":{"@context":"https:\/\/schema.org","@graph":[{"@type":"WebPage","@id":"https:\/\/www.univ-mila.dz\/?page_id=11588&lang=fr","url":"https:\/\/www.univ-mila.dz\/?page_id=11588&lang=fr","name":"Sp\u00e9cialit\u00e9: Math\u00e9matiques Appliqu\u00e9es - \u062c\u0627\u0645\u0639\u0629 \u0645\u064a\u0644\u0629","isPartOf":{"@id":"https:\/\/www.univ-mila.dz\/#website"},"primaryImageOfPage":{"@id":"https:\/\/www.univ-mila.dz\/?page_id=11588&lang=fr#primaryimage"},"image":{"@id":"https:\/\/www.univ-mila.dz\/?page_id=11588&lang=fr#primaryimage"},"thumbnailUrl":"https:\/\/www.univ-mila.dz\/wp-content\/uploads\/2020\/06\/Informatique-1.png","datePublished":"2020-12-20T13:48:21+00:00","dateModified":"2020-12-20T14:42:40+00:00","inLanguage":"ar","potentialAction":[{"@type":"ReadAction","target":["https:\/\/www.univ-mila.dz\/?page_id=11588&lang=fr"]}]},{"@type":"ImageObject","inLanguage":"ar","@id":"https:\/\/www.univ-mila.dz\/?page_id=11588&lang=fr#primaryimage","url":"https:\/\/www.univ-mila.dz\/wp-content\/uploads\/2020\/06\/Informatique-1.png","contentUrl":"https:\/\/www.univ-mila.dz\/wp-content\/uploads\/2020\/06\/Informatique-1.png","width":200,"height":200},{"@type":"WebSite","@id":"https:\/\/www.univ-mila.dz\/#website","url":"https:\/\/www.univ-mila.dz\/","name":"\u062c\u0627\u0645\u0639\u0629 \u0639\u0628\u062f \u0627\u0644\u062d\u0641\u064a\u0638 \u0628\u0648\u0627\u0644\u0635\u0648\u0641","description":"\u0645\u064a\u0644\u0629","publisher":{"@id":"https:\/\/www.univ-mila.dz\/#organization"},"potentialAction":[{"@type":"SearchAction","target":{"@type":"EntryPoint","urlTemplate":"https:\/\/www.univ-mila.dz\/?s={search_term_string}"},"query-input":{"@type":"PropertyValueSpecification","valueRequired":true,"valueName":"search_term_string"}}],"inLanguage":"ar"},{"@type":"Organization","@id":"https:\/\/www.univ-mila.dz\/#organization","name":"\u062c\u0627\u0645\u0639\u0629 \u0639\u0628\u062f \u0627\u0644\u062d\u0641\u064a\u0638 \u0628\u0648\u0627\u0644\u0635\u0648\u0641 - \u0645\u064a\u0644\u0629","url":"https:\/\/www.univ-mila.dz\/","logo":{"@type":"ImageObject","inLanguage":"ar","@id":"https:\/\/www.univ-mila.dz\/#\/schema\/logo\/image\/","url":"http:\/\/www.centre-univ-mila.dz\/wp-content\/uploads\/2019\/02\/1416395352cumtransparent.png","contentUrl":"http:\/\/www.centre-univ-mila.dz\/wp-content\/uploads\/2019\/02\/1416395352cumtransparent.png","width":208,"height":268,"caption":"\u062c\u0627\u0645\u0639\u0629 \u0639\u0628\u062f \u0627\u0644\u062d\u0641\u064a\u0638 \u0628\u0648\u0627\u0644\u0635\u0648\u0641 - \u0645\u064a\u0644\u0629"},"image":{"@id":"https:\/\/www.univ-mila.dz\/#\/schema\/logo\/image\/"},"sameAs":["https:\/\/www.facebook.com\/univmila\/","https:\/\/x.com\/univmila","https:\/\/www.youtube.com\/channel\/UC9--lQO1WBvXm38B70e9u5w"]}]}},"_links":{"self":[{"href":"https:\/\/www.univ-mila.dz\/index.php?rest_route=\/wp\/v2\/pages\/11588","targetHints":{"allow":["GET"]}}],"collection":[{"href":"https:\/\/www.univ-mila.dz\/index.php?rest_route=\/wp\/v2\/pages"}],"about":[{"href":"https:\/\/www.univ-mila.dz\/index.php?rest_route=\/wp\/v2\/types\/page"}],"author":[{"embeddable":true,"href":"https:\/\/www.univ-mila.dz\/index.php?rest_route=\/wp\/v2\/users\/1"}],"replies":[{"embeddable":true,"href":"https:\/\/www.univ-mila.dz\/index.php?rest_route=%2Fwp%2Fv2%2Fcomments&post=11588"}],"version-history":[{"count":4,"href":"https:\/\/www.univ-mila.dz\/index.php?rest_route=\/wp\/v2\/pages\/11588\/revisions"}],"predecessor-version":[{"id":11601,"href":"https:\/\/www.univ-mila.dz\/index.php?rest_route=\/wp\/v2\/pages\/11588\/revisions\/11601"}],"wp:featuredmedia":[{"embeddable":true,"href":"https:\/\/www.univ-mila.dz\/index.php?rest_route=\/wp\/v2\/media\/7785"}],"wp:attachment":[{"href":"https:\/\/www.univ-mila.dz\/index.php?rest_route=%2Fwp%2Fv2%2Fmedia&parent=11588"}],"curies":[{"name":"wp","href":"https:\/\/api.w.org\/{rel}","templated":true}]}}